{"id":12543,"date":"2023-12-01T09:52:08","date_gmt":"2021-10-27T01:52:08","guid":{"rendered":"https:\/\/www.zhgdled.com\/product\/20w-200w-q-plus-series-floodlight"},"modified":"2023-12-25T14:25:59","modified_gmt":"2023-12-25T06:25:59","slug":"20w-200w-q-plus-series-floodlight","status":"publish","type":"product","link":"https:\/\/www.zhgdled.com\/fr\/20w-200w-q-plus-series-floodlight.html","title":{"rendered":"PROJECTEUR S\u00c9RIE Q-PLUS 20W &#8211; 200W"},"content":{"rendered":"<p>Le projecteur de la s\u00e9rie Q-PLUS est un ensemble d&#8217;appareils d&#8217;\u00e9clairage qui peuvent fonctionner \u00e0 l&#8217;ext\u00e9rieur et fournir une large gamme de sources de lumi\u00e8re LED lumineuses.<\/p>\n<table width=\"649\">\n<tbody>\n<tr>\n<td width=\"186\"><strong>Quick Details<\/strong><\/td>\n<td width=\"463\"><\/td>\n<\/tr>\n<tr>\n<td><strong>Power<\/strong><\/td>\n<td><strong>20W 30W 50W 100W 150W 200W\u00a0<\/strong><\/td>\n<\/tr>\n<tr>\n<td><strong>LED<\/strong><\/td>\n<td><strong>SMD 2835<\/strong><\/td>\n<\/tr>\n<tr>\n<td><strong>Color Temperature(CCT)<\/strong><\/td>\n<td><strong>2700-6500K<\/strong><\/td>\n<\/tr>\n<tr>\n<td><strong>Luminous Efficiency(lm\/w)<\/strong><\/td>\n<td><strong>90lm\/w\u00a0\u00a0<\/strong><\/td>\n<\/tr>\n<tr>\n<td><strong>Input Voltage(V)<\/strong><\/td>\n<td width=\"463\"><strong>AC220-240V\/AC100-240V<\/strong><\/td>\n<\/tr>\n<tr>\n<td><strong>PF<\/strong><\/td>\n<td><strong>&gt;0.9<\/strong><\/td>\n<\/tr>\n<tr>\n<td><strong>CRI (Ra&gt;)<\/strong><\/td>\n<td><strong>90<\/strong><\/td>\n<\/tr>\n<tr>\n<td><strong>Beam Angle(\u00b0)<\/strong><\/td>\n<td><strong>120<\/strong><\/td>\n<\/tr>\n<tr>\n<td><strong>IP Grade<\/strong><\/td>\n<td><strong>IP65<\/strong><\/td>\n<\/tr>\n<tr>\n<td><strong>Material<\/strong><\/td>\n<td><strong>Aluminum Body + Tempered Glass Cover<\/strong><\/td>\n<\/tr>\n<tr>\n<td><strong>Working Temperature(\u2103)<\/strong><\/td>\n<td><strong>-20-50<\/strong><\/td>\n<\/tr>\n<tr>\n<td><strong>Warranty(Year)<\/strong><\/td>\n<td><strong>2 Years<\/strong><\/td>\n<\/tr>\n<tr>\n<td><strong>Certification<\/strong><\/td>\n<td><strong>CE,ERP, RoHS<\/strong><\/td>\n<\/tr>\n<tr>\n<td><strong>Driver<\/strong><\/td>\n<td><strong>DOB \/ ZHL Driver<\/strong><\/td>\n<\/tr>\n<\/tbody>\n<\/table>\n","protected":false},"excerpt":{"rendered":"<p>Le projecteur de la s\u00e9rie Q-PLUS est un ensemble d&#8217;appareils d&#8217;\u00e9clairage qui peuvent fonctionner \u00e0 l&#8217;ext\u00e9rieur et fournir une large gamme de sources de lumi\u00e8re LED lumineuses.<\/p>\n","protected":false},"featured_media":13499,"template":"","meta":[],"product_brand":[],"product_cat":[631],"product_tag":[],"class_list":{"0":"post-12543","1":"product","2":"type-product","3":"status-publish","4":"has-post-thumbnail","6":"product_cat-projecteurs","8":"first","9":"instock","10":"shipping-taxable","11":"product-type-simple"},"yoast_head":"<!-- This site is optimized with the Yoast SEO plugin v27.5 - https:\/\/yoast.com\/product\/yoast-seo-wordpress\/ -->\n<title>PROJECTEUR S\u00c9RIE Q-PLUS 20W - 200W &#8211; Soci\u00e9t\u00e9 ZHL \u00c9clairage<\/title>\n<meta name=\"description\" content=\"Le projecteur de la s\u00e9rie Q-PLUS est un ensemble d&#039;appareils d&#039;\u00e9clairage qui peuvent fonctionner \u00e0 l&#039;ext\u00e9rieur et fournir une large gamme de sources de lumi\u00e8re LED lumineuses.\" \/>\n<meta name=\"robots\" content=\"index, follow, max-snippet:-1, max-image-preview:large, max-video-preview:-1\" \/>\n<link rel=\"canonical\" href=\"https:\/\/www.zhgdled.com\/fr\/20w-200w-q-plus-series-floodlight.html\" \/>\n<meta property=\"og:locale\" content=\"fr_FR\" \/>\n<meta property=\"og:type\" content=\"article\" \/>\n<meta property=\"og:title\" content=\"PROJECTEUR S\u00c9RIE Q-PLUS 20W - 200W &#8211; Soci\u00e9t\u00e9 ZHL \u00c9clairage\" \/>\n<meta property=\"og:description\" content=\"Le projecteur de la s\u00e9rie Q-PLUS est un ensemble d&#039;appareils d&#039;\u00e9clairage qui peuvent fonctionner \u00e0 l&#039;ext\u00e9rieur et fournir une large gamme de sources de lumi\u00e8re LED lumineuses.\" \/>\n<meta property=\"og:url\" content=\"https:\/\/www.zhgdled.com\/fr\/20w-200w-q-plus-series-floodlight.html\" \/>\n<meta property=\"og:site_name\" content=\"Soci\u00e9t\u00e9 ZHL \u00c9clairage\" \/>\n<meta property=\"article:publisher\" content=\"https:\/\/www.facebook.com\/zhllightinggroup\" \/>\n<meta property=\"article:modified_time\" content=\"2023-12-25T06:25:59+00:00\" \/>\n<meta property=\"og:image\" content=\"https:\/\/www.zhgdled.com\/wp-content\/uploads\/2021\/10\/23.png\" \/>\n\t<meta property=\"og:image:width\" content=\"1600\" \/>\n\t<meta property=\"og:image:height\" content=\"1600\" \/>\n\t<meta property=\"og:image:type\" content=\"image\/png\" \/>\n<meta name=\"twitter:card\" content=\"summary_large_image\" \/>\n<meta name=\"twitter:site\" content=\"@zhl_lighting\" \/>\n<meta name=\"twitter:label1\" content=\"Dur\u00e9e de lecture estim\u00e9e\" \/>\n\t<meta name=\"twitter:data1\" content=\"1 minute\" \/>\n<script type=\"application\/ld+json\" class=\"yoast-schema-graph\">{\"@context\":\"https:\\\/\\\/schema.org\",\"@graph\":[{\"@type\":\"WebPage\",\"@id\":\"https:\\\/\\\/www.zhgdled.com\\\/fr\\\/20w-200w-q-plus-series-floodlight.html\",\"url\":\"https:\\\/\\\/www.zhgdled.com\\\/fr\\\/20w-200w-q-plus-series-floodlight.html\",\"name\":\"PROJECTEUR S\u00c9RIE Q-PLUS 20W - 200W &#8211; Soci\u00e9t\u00e9 ZHL \u00c9clairage\",\"isPartOf\":{\"@id\":\"https:\\\/\\\/www.zhgdled.com\\\/fr\\\/#website\"},\"primaryImageOfPage\":{\"@id\":\"https:\\\/\\\/www.zhgdled.com\\\/fr\\\/20w-200w-q-plus-series-floodlight.html#primaryimage\"},\"image\":{\"@id\":\"https:\\\/\\\/www.zhgdled.com\\\/fr\\\/20w-200w-q-plus-series-floodlight.html#primaryimage\"},\"thumbnailUrl\":\"https:\\\/\\\/www.zhgdled.com\\\/wp-content\\\/uploads\\\/2021\\\/10\\\/23.png\",\"datePublished\":\"2021-10-27T01:52:08+00:00\",\"dateModified\":\"2023-12-25T06:25:59+00:00\",\"description\":\"Le projecteur de la s\u00e9rie Q-PLUS est un ensemble d'appareils d'\u00e9clairage qui peuvent fonctionner \u00e0 l'ext\u00e9rieur et fournir une large gamme de sources de lumi\u00e8re LED lumineuses.\",\"breadcrumb\":{\"@id\":\"https:\\\/\\\/www.zhgdled.com\\\/fr\\\/20w-200w-q-plus-series-floodlight.html#breadcrumb\"},\"inLanguage\":\"fr-FR\",\"potentialAction\":[{\"@type\":\"ReadAction\",\"target\":[\"https:\\\/\\\/www.zhgdled.com\\\/fr\\\/20w-200w-q-plus-series-floodlight.html\"]}]},{\"@type\":\"ImageObject\",\"inLanguage\":\"fr-FR\",\"@id\":\"https:\\\/\\\/www.zhgdled.com\\\/fr\\\/20w-200w-q-plus-series-floodlight.html#primaryimage\",\"url\":\"https:\\\/\\\/www.zhgdled.com\\\/wp-content\\\/uploads\\\/2021\\\/10\\\/23.png\",\"contentUrl\":\"https:\\\/\\\/www.zhgdled.com\\\/wp-content\\\/uploads\\\/2021\\\/10\\\/23.png\",\"width\":1600,\"height\":1600,\"caption\":\"Holofotes Z-PLUS\"},{\"@type\":\"BreadcrumbList\",\"@id\":\"https:\\\/\\\/www.zhgdled.com\\\/fr\\\/20w-200w-q-plus-series-floodlight.html#breadcrumb\",\"itemListElement\":[{\"@type\":\"ListItem\",\"position\":1,\"name\":\"Home\",\"item\":\"https:\\\/\\\/www.zhgdled.com\\\/fr\"},{\"@type\":\"ListItem\",\"position\":2,\"name\":\"PRODUCTS\",\"item\":\"https:\\\/\\\/www.zhgdled.com\\\/zhl-products.html\"},{\"@type\":\"ListItem\",\"position\":3,\"name\":\"PROJECTEUR S\u00c9RIE Q-PLUS 20W &#8211; 200W\"}]},{\"@type\":\"WebSite\",\"@id\":\"https:\\\/\\\/www.zhgdled.com\\\/fr\\\/#website\",\"url\":\"https:\\\/\\\/www.zhgdled.com\\\/fr\\\/\",\"name\":\"Soci\u00e9t\u00e9 ZHL \u00c9clairage\",\"description\":\"Top ranking industrial lighting manufacturer and exporter\",\"publisher\":{\"@id\":\"https:\\\/\\\/www.zhgdled.com\\\/fr\\\/#organization\"},\"potentialAction\":[{\"@type\":\"SearchAction\",\"target\":{\"@type\":\"EntryPoint\",\"urlTemplate\":\"https:\\\/\\\/www.zhgdled.com\\\/fr\\\/?s={search_term_string}\"},\"query-input\":{\"@type\":\"PropertyValueSpecification\",\"valueRequired\":true,\"valueName\":\"search_term_string\"}}],\"inLanguage\":\"fr-FR\"},{\"@type\":\"Organization\",\"@id\":\"https:\\\/\\\/www.zhgdled.com\\\/fr\\\/#organization\",\"name\":\"ZHL Lighting Group\",\"url\":\"https:\\\/\\\/www.zhgdled.com\\\/fr\\\/\",\"logo\":{\"@type\":\"ImageObject\",\"inLanguage\":\"fr-FR\",\"@id\":\"https:\\\/\\\/www.zhgdled.com\\\/fr\\\/#\\\/schema\\\/logo\\\/image\\\/\",\"url\":\"\",\"contentUrl\":\"\",\"caption\":\"ZHL Lighting Group\"},\"image\":{\"@id\":\"https:\\\/\\\/www.zhgdled.com\\\/fr\\\/#\\\/schema\\\/logo\\\/image\\\/\"},\"sameAs\":[\"https:\\\/\\\/www.facebook.com\\\/zhllightinggroup\",\"https:\\\/\\\/x.com\\\/zhl_lighting\"]}]}<\/script>\n<!-- \/ Yoast SEO plugin. -->","yoast_head_json":{"title":"PROJECTEUR S\u00c9RIE Q-PLUS 20W - 200W &#8211; Soci\u00e9t\u00e9 ZHL \u00c9clairage","description":"Le projecteur de la s\u00e9rie Q-PLUS est un ensemble d'appareils d'\u00e9clairage qui peuvent fonctionner \u00e0 l'ext\u00e9rieur et fournir une large gamme de sources de lumi\u00e8re LED lumineuses.","robots":{"index":"index","follow":"follow","max-snippet":"max-snippet:-1","max-image-preview":"max-image-preview:large","max-video-preview":"max-video-preview:-1"},"canonical":"https:\/\/www.zhgdled.com\/fr\/20w-200w-q-plus-series-floodlight.html","og_locale":"fr_FR","og_type":"article","og_title":"PROJECTEUR S\u00c9RIE Q-PLUS 20W - 200W &#8211; Soci\u00e9t\u00e9 ZHL \u00c9clairage","og_description":"Le projecteur de la s\u00e9rie Q-PLUS est un ensemble d'appareils d'\u00e9clairage qui peuvent fonctionner \u00e0 l'ext\u00e9rieur et fournir une large gamme de sources de lumi\u00e8re LED lumineuses.","og_url":"https:\/\/www.zhgdled.com\/fr\/20w-200w-q-plus-series-floodlight.html","og_site_name":"Soci\u00e9t\u00e9 ZHL \u00c9clairage","article_publisher":"https:\/\/www.facebook.com\/zhllightinggroup","article_modified_time":"2023-12-25T06:25:59+00:00","og_image":[{"width":1600,"height":1600,"url":"https:\/\/www.zhgdled.com\/wp-content\/uploads\/2021\/10\/23.png","type":"image\/png"}],"twitter_card":"summary_large_image","twitter_site":"@zhl_lighting","twitter_misc":{"Dur\u00e9e de lecture estim\u00e9e":"1 minute"},"schema":{"@context":"https:\/\/schema.org","@graph":[{"@type":"WebPage","@id":"https:\/\/www.zhgdled.com\/fr\/20w-200w-q-plus-series-floodlight.html","url":"https:\/\/www.zhgdled.com\/fr\/20w-200w-q-plus-series-floodlight.html","name":"PROJECTEUR S\u00c9RIE Q-PLUS 20W - 200W &#8211; Soci\u00e9t\u00e9 ZHL \u00c9clairage","isPartOf":{"@id":"https:\/\/www.zhgdled.com\/fr\/#website"},"primaryImageOfPage":{"@id":"https:\/\/www.zhgdled.com\/fr\/20w-200w-q-plus-series-floodlight.html#primaryimage"},"image":{"@id":"https:\/\/www.zhgdled.com\/fr\/20w-200w-q-plus-series-floodlight.html#primaryimage"},"thumbnailUrl":"https:\/\/www.zhgdled.com\/wp-content\/uploads\/2021\/10\/23.png","datePublished":"2021-10-27T01:52:08+00:00","dateModified":"2023-12-25T06:25:59+00:00","description":"Le projecteur de la s\u00e9rie Q-PLUS est un ensemble d'appareils d'\u00e9clairage qui peuvent fonctionner \u00e0 l'ext\u00e9rieur et fournir une large gamme de sources de lumi\u00e8re LED lumineuses.","breadcrumb":{"@id":"https:\/\/www.zhgdled.com\/fr\/20w-200w-q-plus-series-floodlight.html#breadcrumb"},"inLanguage":"fr-FR","potentialAction":[{"@type":"ReadAction","target":["https:\/\/www.zhgdled.com\/fr\/20w-200w-q-plus-series-floodlight.html"]}]},{"@type":"ImageObject","inLanguage":"fr-FR","@id":"https:\/\/www.zhgdled.com\/fr\/20w-200w-q-plus-series-floodlight.html#primaryimage","url":"https:\/\/www.zhgdled.com\/wp-content\/uploads\/2021\/10\/23.png","contentUrl":"https:\/\/www.zhgdled.com\/wp-content\/uploads\/2021\/10\/23.png","width":1600,"height":1600,"caption":"Holofotes Z-PLUS"},{"@type":"BreadcrumbList","@id":"https:\/\/www.zhgdled.com\/fr\/20w-200w-q-plus-series-floodlight.html#breadcrumb","itemListElement":[{"@type":"ListItem","position":1,"name":"Home","item":"https:\/\/www.zhgdled.com\/fr"},{"@type":"ListItem","position":2,"name":"PRODUCTS","item":"https:\/\/www.zhgdled.com\/zhl-products.html"},{"@type":"ListItem","position":3,"name":"PROJECTEUR S\u00c9RIE Q-PLUS 20W &#8211; 200W"}]},{"@type":"WebSite","@id":"https:\/\/www.zhgdled.com\/fr\/#website","url":"https:\/\/www.zhgdled.com\/fr\/","name":"Soci\u00e9t\u00e9 ZHL \u00c9clairage","description":"Top ranking industrial lighting manufacturer and exporter","publisher":{"@id":"https:\/\/www.zhgdled.com\/fr\/#organization"},"potentialAction":[{"@type":"SearchAction","target":{"@type":"EntryPoint","urlTemplate":"https:\/\/www.zhgdled.com\/fr\/?s={search_term_string}"},"query-input":{"@type":"PropertyValueSpecification","valueRequired":true,"valueName":"search_term_string"}}],"inLanguage":"fr-FR"},{"@type":"Organization","@id":"https:\/\/www.zhgdled.com\/fr\/#organization","name":"ZHL Lighting Group","url":"https:\/\/www.zhgdled.com\/fr\/","logo":{"@type":"ImageObject","inLanguage":"fr-FR","@id":"https:\/\/www.zhgdled.com\/fr\/#\/schema\/logo\/image\/","url":"","contentUrl":"","caption":"ZHL Lighting Group"},"image":{"@id":"https:\/\/www.zhgdled.com\/fr\/#\/schema\/logo\/image\/"},"sameAs":["https:\/\/www.facebook.com\/zhllightinggroup","https:\/\/x.com\/zhl_lighting"]}]}},"_links":{"self":[{"href":"https:\/\/www.zhgdled.com\/fr\/wp-json\/wp\/v2\/product\/12543","targetHints":{"allow":["GET"]}}],"collection":[{"href":"https:\/\/www.zhgdled.com\/fr\/wp-json\/wp\/v2\/product"}],"about":[{"href":"https:\/\/www.zhgdled.com\/fr\/wp-json\/wp\/v2\/types\/product"}],"wp:featuredmedia":[{"embeddable":true,"href":"https:\/\/www.zhgdled.com\/fr\/wp-json\/wp\/v2\/media\/13499"}],"wp:attachment":[{"href":"https:\/\/www.zhgdled.com\/fr\/wp-json\/wp\/v2\/media?parent=12543"}],"wp:term":[{"taxonomy":"product_brand","embeddable":true,"href":"https:\/\/www.zhgdled.com\/fr\/wp-json\/wp\/v2\/product_brand?post=12543"},{"taxonomy":"product_cat","embeddable":true,"href":"https:\/\/www.zhgdled.com\/fr\/wp-json\/wp\/v2\/product_cat?post=12543"},{"taxonomy":"product_tag","embeddable":true,"href":"https:\/\/www.zhgdled.com\/fr\/wp-json\/wp\/v2\/product_tag?post=12543"}],"curies":[{"name":"wp","href":"https:\/\/api.w.org\/{rel}","templated":true}]}}