{"id":12565,"date":"2023-05-25T10:02:05","date_gmt":"2021-10-27T02:02:05","guid":{"rendered":"https:\/\/www.zhgdled.com\/product\/300w-1000w-galaxy-series-flooglight"},"modified":"2023-12-25T14:27:07","modified_gmt":"2023-12-25T06:27:07","slug":"300w-1000w-galaxy-series-flooglight","status":"publish","type":"product","link":"https:\/\/www.zhgdled.com\/fr\/300w-1000w-galaxy-series-flooglight.html","title":{"rendered":"Projecteur modulaire s\u00e9rie Galaxy 300W-1000W"},"content":{"rendered":"<p>ANGLE DE DIFFUSION DU FAISCEAU BROARD HAUTE PUISSANCE<\/p>\n<p>Le projecteur modulaire de la s\u00e9rie GALAXY est une lumi\u00e8re \u00e0 haute intensit\u00e9 qui a un faisceau large et une puissance \u00e9lev\u00e9e. Il pr\u00e9sente une plage de propagation du faisceau comprise entre 60 degr\u00e9s et 120 degr\u00e9s et convient aux applications ext\u00e9rieures. Si votre application a besoin d&#8217;un luminaire \u00e0 flux lumineux \u00e9lev\u00e9 et \u00e0 large zone d&#8217;\u00e9clairage, la s\u00e9rie Galaxy est celle qu&#8217;il vous faut. De plus, le projecteur de la s\u00e9rie Galaxy est de conception modulaire qui vous permet d&#8217;ajouter ou de supprimer des panneaux lumineux en fonction des besoins instantan\u00e9s.<\/p>\n<blockquote><p><a href=\"https:\/\/www.zhgdled.com\/download\/catalogue-of-galaxy-series-modular-flood-light\">Besoin d&#8217;un catalogue ?Click here<\/a><\/p><\/blockquote>\n<h2>SP\u00c9CIFICATION<\/h2>\n<table width=\"649\">\n<tbody>\n<tr>\n<td width=\"186\"><\/td>\n<td width=\"463\"><\/td>\n<\/tr>\n<tr>\n<td><strong>Power<\/strong><\/td>\n<td><strong>300W 400W 500W 600W 800W 1000W\u00a0<\/strong><\/td>\n<\/tr>\n<tr>\n<td><strong>LED<\/strong><\/td>\n<td><strong>Philips \/Tiandian\/Samsung 3030<\/strong><\/td>\n<\/tr>\n<tr>\n<td><strong>Color Temperature(CCT)<\/strong><\/td>\n<td><strong>2700-6500K<\/strong><\/td>\n<\/tr>\n<tr>\n<td><strong>Luminous Efficiency(lm\/w)<\/strong><\/td>\n<td><strong>120lm\/w &#8211; 130lm\/w<\/strong><\/td>\n<\/tr>\n<tr>\n<td><strong>Input Voltage(V)<\/strong><\/td>\n<td width=\"463\"><strong>AC100V-277V\/50-60Hz<\/strong><\/td>\n<\/tr>\n<tr>\n<td><strong>PF<\/strong><\/td>\n<td><strong>&gt;0.9<\/strong><\/td>\n<\/tr>\n<tr>\n<td><strong>CRI (Ra&gt;)<\/strong><\/td>\n<td><strong>80 \/ 70<\/strong><\/td>\n<\/tr>\n<tr>\n<td><strong>Beam Angle(\u00b0)<\/strong><\/td>\n<td><strong>30\u00b0\/60\u00b0\/90\u00b0\/45*80<\/strong><\/td>\n<\/tr>\n<tr>\n<td><strong>IP Grade<\/strong><\/td>\n<td><strong>IP65<\/strong><\/td>\n<\/tr>\n<tr>\n<td><strong>Material<\/strong><\/td>\n<td><strong>Aluminum Body +\u00a0 PC Lens<\/strong><\/td>\n<\/tr>\n<tr>\n<td><strong>Working Temperature(\u2103)<\/strong><\/td>\n<td><strong>-20-50<\/strong><\/td>\n<\/tr>\n<tr>\n<td><strong>Warranty(Year)<\/strong><\/td>\n<td><strong>5 Years<\/strong><\/td>\n<\/tr>\n<tr>\n<td><strong>Certification<\/strong><\/td>\n<td><strong>CE,ERP,RoHS, Vibration, Wind Force<\/strong><\/td>\n<\/tr>\n<tr>\n<td><strong>Driver<\/strong><\/td>\n<td><strong>ZHL Brand \/ Sosen \/ Meanwell<\/strong><\/td>\n<\/tr>\n<tr>\n<td><strong>Surge Protection<\/strong><\/td>\n<td><strong>10KV<\/strong><\/td>\n<\/tr>\n<\/tbody>\n<\/table>\n<p>&nbsp;<\/p>\n<h2>VOIR LES NORMES DE L&#8217;INDUSTRIE CONCERNANT LES PROJECTEURS<\/h2>\n<table style=\"height: 62px;\" width=\"580\">\n<tbody>\n<tr>\n<td width=\"284\">UL<\/td>\n<td width=\"284\"><a href=\"https:\/\/www.ul.com\/industries\/products-and-components\/lighting\"><span style=\"color: #333333;\">UL Solutions\u2019 lighting services<\/span><\/a><\/td>\n<\/tr>\n<tr>\n<td width=\"284\">CE<\/td>\n<td width=\"284\"><a href=\"https:\/\/eur-lex.europa.eu\/legal-content\/EN\/TXT\/PDF\/?uri=CELEX:32014L0035&amp;from=HU\"><span style=\"color: #333333;\">LVD Directive 2014\/35\/EU<\/span><\/a><\/td>\n<\/tr>\n<\/tbody>\n<\/table>\n","protected":false},"excerpt":{"rendered":"<p>Pr\u00e9sent\u00e9 par ZHL Lighting &#8211; fabricant professionnel d&#8217;\u00e9clairage ext\u00e9rieur, le projecteur de conception modulaire de la s\u00e9rie Galaxy est adapt\u00e9 aux conditions ext\u00e9rieures difficiles telles que les terrains de football, les parcs, les places, les ateliers. Les LED Samsung int\u00e9gr\u00e9es, pilot\u00e9es par des pilotes d&#8217;alimentation Sosen (ou Meanwell), la s\u00e9rie Galaxy s&#8217;allume\/s&#8217;\u00e9teint instantan\u00e9ment sans scintillement. L&#8217;efficacit\u00e9 de 130 lm\/w garantit une \u00e9conomie d&#8217;\u00e9nergie de 60 % par rapport aux lampes \u00e0 sodium traditionnelles ou aux lampes \u00e0 mercure.<\/p>\n<ul>\n<li>Disponible en 300W 400W 500W 600W 800W 1000W<\/li>\n<li>Navires Philips \/ Tiandian \/ Samsung 3030 LED<\/li>\n<li>Disponible en 2700K &#8211; 6500K<\/li>\n<li>120lm\/w \/ 130lm\/w<\/li>\n<li>AC100V-277V \/ 50-60Hz<\/li>\n<li>IRC ra&gt;80<\/li>\n<li>CE, ERP, RoHS, vibrations, force du vent<\/li>\n<\/ul>\n","protected":false},"featured_media":13546,"template":"","meta":[],"product_brand":[],"product_cat":[631],"product_tag":[],"class_list":{"0":"post-12565","1":"product","2":"type-product","3":"status-publish","4":"has-post-thumbnail","6":"product_cat-projecteurs","8":"first","9":"instock","10":"shipping-taxable","11":"product-type-simple"},"yoast_head":"<!-- This site is optimized with the Yoast SEO plugin v27.4 - https:\/\/yoast.com\/product\/yoast-seo-wordpress\/ -->\n<title>Projecteur modulaire s\u00e9rie Galaxy 300W-1000W &#8211; Soci\u00e9t\u00e9 ZHL \u00c9clairage<\/title>\n<meta name=\"description\" content=\"Pr\u00e9sent\u00e9 par ZHL Lighting - fabricant professionnel d&#039;\u00e9clairage ext\u00e9rieur, le projecteur de conception modulaire de la s\u00e9rie Galaxy est adapt\u00e9 aux conditions ext\u00e9rieures difficiles telles que les terrains de football, les parcs, les places, les ateliers. Les LED Samsung int\u00e9gr\u00e9es, pilot\u00e9es par des pilotes d&#039;alimentation Sosen (ou Meanwell), la s\u00e9rie Galaxy s&#039;allume\/s&#039;\u00e9teint instantan\u00e9ment sans scintillement. L&#039;efficacit\u00e9 de 130 lm\/w garantit une \u00e9conomie d&#039;\u00e9nergie de 60 % par rapport aux lampes \u00e0 sodium traditionnelles ou aux lampes \u00e0 mercure.\" \/>\n<meta name=\"robots\" content=\"index, follow, max-snippet:-1, max-image-preview:large, max-video-preview:-1\" \/>\n<link rel=\"canonical\" href=\"https:\/\/www.zhgdled.com\/fr\/300w-1000w-galaxy-series-flooglight.html\" \/>\n<meta property=\"og:locale\" content=\"fr_FR\" \/>\n<meta property=\"og:type\" content=\"article\" \/>\n<meta property=\"og:title\" content=\"Projecteur modulaire s\u00e9rie Galaxy 300W-1000W &#8211; Soci\u00e9t\u00e9 ZHL \u00c9clairage\" \/>\n<meta property=\"og:description\" content=\"Pr\u00e9sent\u00e9 par ZHL Lighting - fabricant professionnel d&#039;\u00e9clairage ext\u00e9rieur, le projecteur de conception modulaire de la s\u00e9rie Galaxy est adapt\u00e9 aux conditions ext\u00e9rieures difficiles telles que les terrains de football, les parcs, les places, les ateliers. Les LED Samsung int\u00e9gr\u00e9es, pilot\u00e9es par des pilotes d&#039;alimentation Sosen (ou Meanwell), la s\u00e9rie Galaxy s&#039;allume\/s&#039;\u00e9teint instantan\u00e9ment sans scintillement. L&#039;efficacit\u00e9 de 130 lm\/w garantit une \u00e9conomie d&#039;\u00e9nergie de 60 % par rapport aux lampes \u00e0 sodium traditionnelles ou aux lampes \u00e0 mercure.\" \/>\n<meta property=\"og:url\" content=\"https:\/\/www.zhgdled.com\/fr\/300w-1000w-galaxy-series-flooglight.html\" \/>\n<meta property=\"og:site_name\" content=\"Soci\u00e9t\u00e9 ZHL \u00c9clairage\" \/>\n<meta property=\"article:publisher\" content=\"https:\/\/www.facebook.com\/zhllightinggroup\" \/>\n<meta property=\"article:modified_time\" content=\"2023-12-25T06:27:07+00:00\" \/>\n<meta property=\"og:image\" content=\"https:\/\/www.zhgdled.com\/wp-content\/uploads\/2021\/10\/28-1024x1024.png\" \/>\n\t<meta property=\"og:image:width\" content=\"1024\" \/>\n\t<meta property=\"og:image:height\" content=\"1024\" \/>\n\t<meta property=\"og:image:type\" content=\"image\/png\" \/>\n<meta name=\"twitter:card\" content=\"summary_large_image\" \/>\n<meta name=\"twitter:site\" content=\"@zhl_lighting\" \/>\n<meta name=\"twitter:label1\" content=\"Dur\u00e9e de lecture estim\u00e9e\" \/>\n\t<meta name=\"twitter:data1\" content=\"2 minutes\" \/>\n<script type=\"application\/ld+json\" class=\"yoast-schema-graph\">{\"@context\":\"https:\\\/\\\/schema.org\",\"@graph\":[{\"@type\":\"WebPage\",\"@id\":\"https:\\\/\\\/www.zhgdled.com\\\/fr\\\/300w-1000w-galaxy-series-flooglight.html\",\"url\":\"https:\\\/\\\/www.zhgdled.com\\\/fr\\\/300w-1000w-galaxy-series-flooglight.html\",\"name\":\"Projecteur modulaire s\u00e9rie Galaxy 300W-1000W &#8211; Soci\u00e9t\u00e9 ZHL \u00c9clairage\",\"isPartOf\":{\"@id\":\"https:\\\/\\\/www.zhgdled.com\\\/fr\\\/#website\"},\"primaryImageOfPage\":{\"@id\":\"https:\\\/\\\/www.zhgdled.com\\\/fr\\\/300w-1000w-galaxy-series-flooglight.html#primaryimage\"},\"image\":{\"@id\":\"https:\\\/\\\/www.zhgdled.com\\\/fr\\\/300w-1000w-galaxy-series-flooglight.html#primaryimage\"},\"thumbnailUrl\":\"https:\\\/\\\/www.zhgdled.com\\\/wp-content\\\/uploads\\\/2021\\\/10\\\/28.png\",\"datePublished\":\"2021-10-27T02:02:05+00:00\",\"dateModified\":\"2023-12-25T06:27:07+00:00\",\"description\":\"Pr\u00e9sent\u00e9 par ZHL Lighting - fabricant professionnel d'\u00e9clairage ext\u00e9rieur, le projecteur de conception modulaire de la s\u00e9rie Galaxy est adapt\u00e9 aux conditions ext\u00e9rieures difficiles telles que les terrains de football, les parcs, les places, les ateliers. Les LED Samsung int\u00e9gr\u00e9es, pilot\u00e9es par des pilotes d'alimentation Sosen (ou Meanwell), la s\u00e9rie Galaxy s'allume\\\/s'\u00e9teint instantan\u00e9ment sans scintillement. L'efficacit\u00e9 de 130 lm\\\/w garantit une \u00e9conomie d'\u00e9nergie de 60 % par rapport aux lampes \u00e0 sodium traditionnelles ou aux lampes \u00e0 mercure.\",\"breadcrumb\":{\"@id\":\"https:\\\/\\\/www.zhgdled.com\\\/fr\\\/300w-1000w-galaxy-series-flooglight.html#breadcrumb\"},\"inLanguage\":\"fr-FR\",\"potentialAction\":[{\"@type\":\"ReadAction\",\"target\":[\"https:\\\/\\\/www.zhgdled.com\\\/fr\\\/300w-1000w-galaxy-series-flooglight.html\"]}]},{\"@type\":\"ImageObject\",\"inLanguage\":\"fr-FR\",\"@id\":\"https:\\\/\\\/www.zhgdled.com\\\/fr\\\/300w-1000w-galaxy-series-flooglight.html#primaryimage\",\"url\":\"https:\\\/\\\/www.zhgdled.com\\\/wp-content\\\/uploads\\\/2021\\\/10\\\/28.png\",\"contentUrl\":\"https:\\\/\\\/www.zhgdled.com\\\/wp-content\\\/uploads\\\/2021\\\/10\\\/28.png\",\"width\":1600,\"height\":1600,\"caption\":\"galaxu series modular flood light\"},{\"@type\":\"BreadcrumbList\",\"@id\":\"https:\\\/\\\/www.zhgdled.com\\\/fr\\\/300w-1000w-galaxy-series-flooglight.html#breadcrumb\",\"itemListElement\":[{\"@type\":\"ListItem\",\"position\":1,\"name\":\"Home\",\"item\":\"https:\\\/\\\/www.zhgdled.com\\\/fr\"},{\"@type\":\"ListItem\",\"position\":2,\"name\":\"PRODUCTS\",\"item\":\"https:\\\/\\\/www.zhgdled.com\\\/zhl-products.html\"},{\"@type\":\"ListItem\",\"position\":3,\"name\":\"Projecteur modulaire s\u00e9rie Galaxy 300W-1000W\"}]},{\"@type\":\"WebSite\",\"@id\":\"https:\\\/\\\/www.zhgdled.com\\\/fr\\\/#website\",\"url\":\"https:\\\/\\\/www.zhgdled.com\\\/fr\\\/\",\"name\":\"Soci\u00e9t\u00e9 ZHL \u00c9clairage\",\"description\":\"Top ranking industrial lighting manufacturer and exporter\",\"publisher\":{\"@id\":\"https:\\\/\\\/www.zhgdled.com\\\/fr\\\/#organization\"},\"potentialAction\":[{\"@type\":\"SearchAction\",\"target\":{\"@type\":\"EntryPoint\",\"urlTemplate\":\"https:\\\/\\\/www.zhgdled.com\\\/fr\\\/?s={search_term_string}\"},\"query-input\":{\"@type\":\"PropertyValueSpecification\",\"valueRequired\":true,\"valueName\":\"search_term_string\"}}],\"inLanguage\":\"fr-FR\"},{\"@type\":\"Organization\",\"@id\":\"https:\\\/\\\/www.zhgdled.com\\\/fr\\\/#organization\",\"name\":\"ZHL Lighting Group\",\"url\":\"https:\\\/\\\/www.zhgdled.com\\\/fr\\\/\",\"logo\":{\"@type\":\"ImageObject\",\"inLanguage\":\"fr-FR\",\"@id\":\"https:\\\/\\\/www.zhgdled.com\\\/fr\\\/#\\\/schema\\\/logo\\\/image\\\/\",\"url\":\"\",\"contentUrl\":\"\",\"caption\":\"ZHL Lighting Group\"},\"image\":{\"@id\":\"https:\\\/\\\/www.zhgdled.com\\\/fr\\\/#\\\/schema\\\/logo\\\/image\\\/\"},\"sameAs\":[\"https:\\\/\\\/www.facebook.com\\\/zhllightinggroup\",\"https:\\\/\\\/x.com\\\/zhl_lighting\"]}]}<\/script>\n<!-- \/ Yoast SEO plugin. -->","yoast_head_json":{"title":"Projecteur modulaire s\u00e9rie Galaxy 300W-1000W &#8211; Soci\u00e9t\u00e9 ZHL \u00c9clairage","description":"Pr\u00e9sent\u00e9 par ZHL Lighting - fabricant professionnel d'\u00e9clairage ext\u00e9rieur, le projecteur de conception modulaire de la s\u00e9rie Galaxy est adapt\u00e9 aux conditions ext\u00e9rieures difficiles telles que les terrains de football, les parcs, les places, les ateliers. Les LED Samsung int\u00e9gr\u00e9es, pilot\u00e9es par des pilotes d'alimentation Sosen (ou Meanwell), la s\u00e9rie Galaxy s'allume\/s'\u00e9teint instantan\u00e9ment sans scintillement. L'efficacit\u00e9 de 130 lm\/w garantit une \u00e9conomie d'\u00e9nergie de 60 % par rapport aux lampes \u00e0 sodium traditionnelles ou aux lampes \u00e0 mercure.","robots":{"index":"index","follow":"follow","max-snippet":"max-snippet:-1","max-image-preview":"max-image-preview:large","max-video-preview":"max-video-preview:-1"},"canonical":"https:\/\/www.zhgdled.com\/fr\/300w-1000w-galaxy-series-flooglight.html","og_locale":"fr_FR","og_type":"article","og_title":"Projecteur modulaire s\u00e9rie Galaxy 300W-1000W &#8211; Soci\u00e9t\u00e9 ZHL \u00c9clairage","og_description":"Pr\u00e9sent\u00e9 par ZHL Lighting - fabricant professionnel d'\u00e9clairage ext\u00e9rieur, le projecteur de conception modulaire de la s\u00e9rie Galaxy est adapt\u00e9 aux conditions ext\u00e9rieures difficiles telles que les terrains de football, les parcs, les places, les ateliers. Les LED Samsung int\u00e9gr\u00e9es, pilot\u00e9es par des pilotes d'alimentation Sosen (ou Meanwell), la s\u00e9rie Galaxy s'allume\/s'\u00e9teint instantan\u00e9ment sans scintillement. L'efficacit\u00e9 de 130 lm\/w garantit une \u00e9conomie d'\u00e9nergie de 60 % par rapport aux lampes \u00e0 sodium traditionnelles ou aux lampes \u00e0 mercure.","og_url":"https:\/\/www.zhgdled.com\/fr\/300w-1000w-galaxy-series-flooglight.html","og_site_name":"Soci\u00e9t\u00e9 ZHL \u00c9clairage","article_publisher":"https:\/\/www.facebook.com\/zhllightinggroup","article_modified_time":"2023-12-25T06:27:07+00:00","og_image":[{"width":1024,"height":1024,"url":"https:\/\/www.zhgdled.com\/wp-content\/uploads\/2021\/10\/28-1024x1024.png","type":"image\/png"}],"twitter_card":"summary_large_image","twitter_site":"@zhl_lighting","twitter_misc":{"Dur\u00e9e de lecture estim\u00e9e":"2 minutes"},"schema":{"@context":"https:\/\/schema.org","@graph":[{"@type":"WebPage","@id":"https:\/\/www.zhgdled.com\/fr\/300w-1000w-galaxy-series-flooglight.html","url":"https:\/\/www.zhgdled.com\/fr\/300w-1000w-galaxy-series-flooglight.html","name":"Projecteur modulaire s\u00e9rie Galaxy 300W-1000W &#8211; Soci\u00e9t\u00e9 ZHL \u00c9clairage","isPartOf":{"@id":"https:\/\/www.zhgdled.com\/fr\/#website"},"primaryImageOfPage":{"@id":"https:\/\/www.zhgdled.com\/fr\/300w-1000w-galaxy-series-flooglight.html#primaryimage"},"image":{"@id":"https:\/\/www.zhgdled.com\/fr\/300w-1000w-galaxy-series-flooglight.html#primaryimage"},"thumbnailUrl":"https:\/\/www.zhgdled.com\/wp-content\/uploads\/2021\/10\/28.png","datePublished":"2021-10-27T02:02:05+00:00","dateModified":"2023-12-25T06:27:07+00:00","description":"Pr\u00e9sent\u00e9 par ZHL Lighting - fabricant professionnel d'\u00e9clairage ext\u00e9rieur, le projecteur de conception modulaire de la s\u00e9rie Galaxy est adapt\u00e9 aux conditions ext\u00e9rieures difficiles telles que les terrains de football, les parcs, les places, les ateliers. Les LED Samsung int\u00e9gr\u00e9es, pilot\u00e9es par des pilotes d'alimentation Sosen (ou Meanwell), la s\u00e9rie Galaxy s'allume\/s'\u00e9teint instantan\u00e9ment sans scintillement. L'efficacit\u00e9 de 130 lm\/w garantit une \u00e9conomie d'\u00e9nergie de 60 % par rapport aux lampes \u00e0 sodium traditionnelles ou aux lampes \u00e0 mercure.","breadcrumb":{"@id":"https:\/\/www.zhgdled.com\/fr\/300w-1000w-galaxy-series-flooglight.html#breadcrumb"},"inLanguage":"fr-FR","potentialAction":[{"@type":"ReadAction","target":["https:\/\/www.zhgdled.com\/fr\/300w-1000w-galaxy-series-flooglight.html"]}]},{"@type":"ImageObject","inLanguage":"fr-FR","@id":"https:\/\/www.zhgdled.com\/fr\/300w-1000w-galaxy-series-flooglight.html#primaryimage","url":"https:\/\/www.zhgdled.com\/wp-content\/uploads\/2021\/10\/28.png","contentUrl":"https:\/\/www.zhgdled.com\/wp-content\/uploads\/2021\/10\/28.png","width":1600,"height":1600,"caption":"galaxu series modular flood light"},{"@type":"BreadcrumbList","@id":"https:\/\/www.zhgdled.com\/fr\/300w-1000w-galaxy-series-flooglight.html#breadcrumb","itemListElement":[{"@type":"ListItem","position":1,"name":"Home","item":"https:\/\/www.zhgdled.com\/fr"},{"@type":"ListItem","position":2,"name":"PRODUCTS","item":"https:\/\/www.zhgdled.com\/zhl-products.html"},{"@type":"ListItem","position":3,"name":"Projecteur modulaire s\u00e9rie Galaxy 300W-1000W"}]},{"@type":"WebSite","@id":"https:\/\/www.zhgdled.com\/fr\/#website","url":"https:\/\/www.zhgdled.com\/fr\/","name":"Soci\u00e9t\u00e9 ZHL \u00c9clairage","description":"Top ranking industrial lighting manufacturer and exporter","publisher":{"@id":"https:\/\/www.zhgdled.com\/fr\/#organization"},"potentialAction":[{"@type":"SearchAction","target":{"@type":"EntryPoint","urlTemplate":"https:\/\/www.zhgdled.com\/fr\/?s={search_term_string}"},"query-input":{"@type":"PropertyValueSpecification","valueRequired":true,"valueName":"search_term_string"}}],"inLanguage":"fr-FR"},{"@type":"Organization","@id":"https:\/\/www.zhgdled.com\/fr\/#organization","name":"ZHL Lighting Group","url":"https:\/\/www.zhgdled.com\/fr\/","logo":{"@type":"ImageObject","inLanguage":"fr-FR","@id":"https:\/\/www.zhgdled.com\/fr\/#\/schema\/logo\/image\/","url":"","contentUrl":"","caption":"ZHL Lighting Group"},"image":{"@id":"https:\/\/www.zhgdled.com\/fr\/#\/schema\/logo\/image\/"},"sameAs":["https:\/\/www.facebook.com\/zhllightinggroup","https:\/\/x.com\/zhl_lighting"]}]}},"_links":{"self":[{"href":"https:\/\/www.zhgdled.com\/fr\/wp-json\/wp\/v2\/product\/12565","targetHints":{"allow":["GET"]}}],"collection":[{"href":"https:\/\/www.zhgdled.com\/fr\/wp-json\/wp\/v2\/product"}],"about":[{"href":"https:\/\/www.zhgdled.com\/fr\/wp-json\/wp\/v2\/types\/product"}],"wp:featuredmedia":[{"embeddable":true,"href":"https:\/\/www.zhgdled.com\/fr\/wp-json\/wp\/v2\/media\/13546"}],"wp:attachment":[{"href":"https:\/\/www.zhgdled.com\/fr\/wp-json\/wp\/v2\/media?parent=12565"}],"wp:term":[{"taxonomy":"product_brand","embeddable":true,"href":"https:\/\/www.zhgdled.com\/fr\/wp-json\/wp\/v2\/product_brand?post=12565"},{"taxonomy":"product_cat","embeddable":true,"href":"https:\/\/www.zhgdled.com\/fr\/wp-json\/wp\/v2\/product_cat?post=12565"},{"taxonomy":"product_tag","embeddable":true,"href":"https:\/\/www.zhgdled.com\/fr\/wp-json\/wp\/v2\/product_tag?post=12565"}],"curies":[{"name":"wp","href":"https:\/\/api.w.org\/{rel}","templated":true}]}}