{"id":12702,"date":"2022-07-20T10:53:24","date_gmt":"2022-07-20T02:53:24","guid":{"rendered":"https:\/\/www.zhgdled.com\/product\/hi-ufo-high-bay-light-with-dip-switch"},"modified":"2023-12-25T15:05:00","modified_gmt":"2023-12-25T07:05:00","slug":"eclairage-grande-hauteur-avec-interrupteur-dip","status":"publish","type":"product","link":"https:\/\/www.zhgdled.com\/fr\/hi-ufo-high-bay-lumiere-avec-commutateur-dip.html","title":{"rendered":"Lampe LED High Bay s\u00e9rie Hi-UFO avec interrupteur DIP (contr\u00f4le de la puissance)"},"content":{"rendered":"<p>Fonctionnalit\u00e9s<\/p>\n<ul>\n<li>Puissance r\u00e9glable par commutateurs DIP. Il aide \u00e0 \u00e9conomiser de l&#8217;\u00e9nergie.<\/li>\n<li>100W peut \u00eatre ajust\u00e9 \u00e0 100W, 80W, 50W.<\/li>\n<li>150W peut \u00eatre ajust\u00e9 \u00e0 150W, 120W, 80W.<\/li>\n<li>200W peut \u00eatre ajust\u00e9 \u00e0 200W, 150W, 100W.<\/li>\n<li>Syst\u00e8me plug &amp; play intelligent sans c\u00e2blage, capteur int\u00e9gr\u00e9.<\/li>\n<li>Faible \u00e9blouissement, UGR&lt;27.<\/li>\n<li>Conception de bo\u00eetier \u00e0 profil bas durable et compact.<\/li>\n<li>Haute efficacit\u00e9 jusqu&#8217;\u00e0 160 lm\/W.<\/li>\n<li>IP65 pour les applications int\u00e9rieures et ext\u00e9rieures.<\/li>\n<li>5 ans de garantie.<\/li>\n<\/ul>\n<p><img decoding=\"async\" class=\"alignnone size-full wp-image-12667\" src=\"https:\/\/www.zhgdled.com\/wp-content\/uploads\/2022\/07\/20220720104227.png\" alt=\"\" width=\"1384\" height=\"873\" srcset=\"https:\/\/www.zhgdled.com\/wp-content\/uploads\/2022\/07\/20220720104227.png 1384w, https:\/\/www.zhgdled.com\/wp-content\/uploads\/2022\/07\/20220720104227-300x189.png 300w, https:\/\/www.zhgdled.com\/wp-content\/uploads\/2022\/07\/20220720104227-1024x646.png 1024w, https:\/\/www.zhgdled.com\/wp-content\/uploads\/2022\/07\/20220720104227-768x484.png 768w, https:\/\/www.zhgdled.com\/wp-content\/uploads\/2022\/07\/20220720104227-600x378.png 600w, https:\/\/www.zhgdled.com\/wp-content\/uploads\/2022\/07\/20220720104227-150x95.png 150w\" sizes=\"(max-width: 1384px) 100vw, 1384px\" \/><img decoding=\"async\" class=\"alignnone size-full wp-image-12676\" src=\"https:\/\/www.zhgdled.com\/wp-content\/uploads\/2022\/07\/20220720104256.png\" alt=\"\" width=\"1369\" height=\"720\" srcset=\"https:\/\/www.zhgdled.com\/wp-content\/uploads\/2022\/07\/20220720104256.png 1369w, https:\/\/www.zhgdled.com\/wp-content\/uploads\/2022\/07\/20220720104256-300x158.png 300w, https:\/\/www.zhgdled.com\/wp-content\/uploads\/2022\/07\/20220720104256-1024x539.png 1024w, https:\/\/www.zhgdled.com\/wp-content\/uploads\/2022\/07\/20220720104256-768x404.png 768w, https:\/\/www.zhgdled.com\/wp-content\/uploads\/2022\/07\/20220720104256-600x316.png 600w, https:\/\/www.zhgdled.com\/wp-content\/uploads\/2022\/07\/20220720104256-150x79.png 150w\" sizes=\"(max-width: 1369px) 100vw, 1369px\" \/><img decoding=\"async\" class=\"alignnone size-full wp-image-12685\" src=\"https:\/\/www.zhgdled.com\/wp-content\/uploads\/2022\/07\/20220720104333.png\" alt=\"\" width=\"1378\" height=\"1153\" srcset=\"https:\/\/www.zhgdled.com\/wp-content\/uploads\/2022\/07\/20220720104333.png 1378w, https:\/\/www.zhgdled.com\/wp-content\/uploads\/2022\/07\/20220720104333-300x251.png 300w, https:\/\/www.zhgdled.com\/wp-content\/uploads\/2022\/07\/20220720104333-1024x857.png 1024w, https:\/\/www.zhgdled.com\/wp-content\/uploads\/2022\/07\/20220720104333-768x643.png 768w, https:\/\/www.zhgdled.com\/wp-content\/uploads\/2022\/07\/20220720104333-600x502.png 600w, https:\/\/www.zhgdled.com\/wp-content\/uploads\/2022\/07\/20220720104333-150x126.png 150w\" sizes=\"(max-width: 1378px) 100vw, 1378px\" \/><\/p>\n","protected":false},"excerpt":{"rendered":"<ul>\n<li>Puissance r\u00e9glable par commutateurs DIP. Il aide \u00e0 \u00e9conomiser de l&#8217;\u00e9nergie.<\/li>\n<li>100W peut \u00eatre ajust\u00e9 \u00e0 100W, 80W, 50W.<\/li>\n<li>150W peut \u00eatre ajust\u00e9 \u00e0 150W, 120W, 80W.<\/li>\n<li>200W peut \u00eatre ajust\u00e9 \u00e0 200W, 150W, 100W.<\/li>\n<li>Syst\u00e8me plug &amp; play intelligent sans c\u00e2blage, capteur int\u00e9gr\u00e9.<\/li>\n<li>Faible \u00e9blouissement, UGR&lt;27.<\/li>\n<li>Conception de bo\u00eetier \u00e0 profil bas durable et compact.<\/li>\n<li>Haute efficacit\u00e9 jusqu&#8217;\u00e0 160 lm\/W.<\/li>\n<li>IP65 pour les applications int\u00e9rieures et ext\u00e9rieures.<\/li>\n<li>5 ans de garantie.<\/li>\n<\/ul>\n","protected":false},"featured_media":13169,"template":"","meta":[],"product_brand":[],"product_cat":[632],"product_tag":[],"class_list":{"0":"post-12702","1":"product","2":"type-product","3":"status-publish","4":"has-post-thumbnail","6":"product_cat-lumieres-de-grande-hauteur","8":"first","9":"instock","10":"shipping-taxable","11":"product-type-simple"},"yoast_head":"<!-- This site is optimized with the Yoast SEO plugin v27.4 - https:\/\/yoast.com\/product\/yoast-seo-wordpress\/ -->\n<title>\u00e9clairage grande hauteur avec commutateur DIP Hi-UFO<\/title>\n<meta name=\"description\" content=\"Conception de bo\u00eetier \u00e0 profil bas durable et compact.Haute efficacit\u00e9 jusqu&#039;\u00e0 160 lm\/W.IP65 pour les applications int\u00e9rieures et ext\u00e9rieures.\" \/>\n<meta name=\"robots\" content=\"index, follow, max-snippet:-1, max-image-preview:large, max-video-preview:-1\" \/>\n<link rel=\"canonical\" href=\"https:\/\/www.zhgdled.com\/fr\/hi-ufo-high-bay-lumiere-avec-commutateur-dip.html\" \/>\n<meta property=\"og:locale\" content=\"fr_FR\" \/>\n<meta property=\"og:type\" content=\"article\" \/>\n<meta property=\"og:title\" content=\"\u00e9clairage grande hauteur avec commutateur DIP Hi-UFO\" \/>\n<meta property=\"og:description\" content=\"Conception de bo\u00eetier \u00e0 profil bas durable et compact.Haute efficacit\u00e9 jusqu&#039;\u00e0 160 lm\/W.IP65 pour les applications int\u00e9rieures et ext\u00e9rieures.\" \/>\n<meta property=\"og:url\" content=\"https:\/\/www.zhgdled.com\/fr\/hi-ufo-high-bay-lumiere-avec-commutateur-dip.html\" \/>\n<meta property=\"og:site_name\" content=\"Soci\u00e9t\u00e9 ZHL \u00c9clairage\" \/>\n<meta property=\"article:publisher\" content=\"https:\/\/www.facebook.com\/zhllightinggroup\" \/>\n<meta property=\"article:modified_time\" content=\"2023-12-25T07:05:00+00:00\" \/>\n<meta property=\"og:image\" content=\"https:\/\/www.zhgdled.com\/wp-content\/uploads\/2022\/07\/1-1.png\" \/>\n\t<meta property=\"og:image:width\" content=\"1600\" \/>\n\t<meta property=\"og:image:height\" content=\"1600\" \/>\n\t<meta property=\"og:image:type\" content=\"image\/png\" \/>\n<meta name=\"twitter:card\" content=\"summary_large_image\" \/>\n<meta name=\"twitter:site\" content=\"@zhl_lighting\" \/>\n<meta name=\"twitter:label1\" content=\"Dur\u00e9e de lecture estim\u00e9e\" \/>\n\t<meta name=\"twitter:data1\" content=\"2 minutes\" \/>\n<script type=\"application\/ld+json\" class=\"yoast-schema-graph\">{\"@context\":\"https:\\\/\\\/schema.org\",\"@graph\":[{\"@type\":\"WebPage\",\"@id\":\"https:\\\/\\\/www.zhgdled.com\\\/fr\\\/hi-ufo-high-bay-lumiere-avec-commutateur-dip.html\",\"url\":\"https:\\\/\\\/www.zhgdled.com\\\/fr\\\/hi-ufo-high-bay-lumiere-avec-commutateur-dip.html\",\"name\":\"\u00e9clairage grande hauteur avec commutateur DIP Hi-UFO\",\"isPartOf\":{\"@id\":\"https:\\\/\\\/www.zhgdled.com\\\/fr\\\/#website\"},\"primaryImageOfPage\":{\"@id\":\"https:\\\/\\\/www.zhgdled.com\\\/fr\\\/hi-ufo-high-bay-lumiere-avec-commutateur-dip.html#primaryimage\"},\"image\":{\"@id\":\"https:\\\/\\\/www.zhgdled.com\\\/fr\\\/hi-ufo-high-bay-lumiere-avec-commutateur-dip.html#primaryimage\"},\"thumbnailUrl\":\"https:\\\/\\\/www.zhgdled.com\\\/wp-content\\\/uploads\\\/2022\\\/07\\\/1-1.png\",\"datePublished\":\"2022-07-20T02:53:24+00:00\",\"dateModified\":\"2023-12-25T07:05:00+00:00\",\"description\":\"Conception de bo\u00eetier \u00e0 profil bas durable et compact.Haute efficacit\u00e9 jusqu'\u00e0 160 lm\\\/W.IP65 pour les applications int\u00e9rieures et ext\u00e9rieures.\",\"breadcrumb\":{\"@id\":\"https:\\\/\\\/www.zhgdled.com\\\/fr\\\/hi-ufo-high-bay-lumiere-avec-commutateur-dip.html#breadcrumb\"},\"inLanguage\":\"fr-FR\",\"potentialAction\":[{\"@type\":\"ReadAction\",\"target\":[\"https:\\\/\\\/www.zhgdled.com\\\/fr\\\/hi-ufo-high-bay-lumiere-avec-commutateur-dip.html\"]}]},{\"@type\":\"ImageObject\",\"inLanguage\":\"fr-FR\",\"@id\":\"https:\\\/\\\/www.zhgdled.com\\\/fr\\\/hi-ufo-high-bay-lumiere-avec-commutateur-dip.html#primaryimage\",\"url\":\"https:\\\/\\\/www.zhgdled.com\\\/wp-content\\\/uploads\\\/2022\\\/07\\\/1-1.png\",\"contentUrl\":\"https:\\\/\\\/www.zhgdled.com\\\/wp-content\\\/uploads\\\/2022\\\/07\\\/1-1.png\",\"width\":1600,\"height\":1600,\"caption\":\"\u00e9clairage grande hauteur avec interrupteur DIP\"},{\"@type\":\"BreadcrumbList\",\"@id\":\"https:\\\/\\\/www.zhgdled.com\\\/fr\\\/hi-ufo-high-bay-lumiere-avec-commutateur-dip.html#breadcrumb\",\"itemListElement\":[{\"@type\":\"ListItem\",\"position\":1,\"name\":\"Home\",\"item\":\"https:\\\/\\\/www.zhgdled.com\\\/fr\"},{\"@type\":\"ListItem\",\"position\":2,\"name\":\"PRODUCTS\",\"item\":\"https:\\\/\\\/www.zhgdled.com\\\/zhl-products.html\"},{\"@type\":\"ListItem\",\"position\":3,\"name\":\"Lampe LED High Bay s\u00e9rie Hi-UFO avec interrupteur DIP (contr\u00f4le de la puissance)\"}]},{\"@type\":\"WebSite\",\"@id\":\"https:\\\/\\\/www.zhgdled.com\\\/fr\\\/#website\",\"url\":\"https:\\\/\\\/www.zhgdled.com\\\/fr\\\/\",\"name\":\"Soci\u00e9t\u00e9 ZHL \u00c9clairage\",\"description\":\"Top ranking industrial lighting manufacturer and exporter\",\"publisher\":{\"@id\":\"https:\\\/\\\/www.zhgdled.com\\\/fr\\\/#organization\"},\"potentialAction\":[{\"@type\":\"SearchAction\",\"target\":{\"@type\":\"EntryPoint\",\"urlTemplate\":\"https:\\\/\\\/www.zhgdled.com\\\/fr\\\/?s={search_term_string}\"},\"query-input\":{\"@type\":\"PropertyValueSpecification\",\"valueRequired\":true,\"valueName\":\"search_term_string\"}}],\"inLanguage\":\"fr-FR\"},{\"@type\":\"Organization\",\"@id\":\"https:\\\/\\\/www.zhgdled.com\\\/fr\\\/#organization\",\"name\":\"ZHL Lighting Group\",\"url\":\"https:\\\/\\\/www.zhgdled.com\\\/fr\\\/\",\"logo\":{\"@type\":\"ImageObject\",\"inLanguage\":\"fr-FR\",\"@id\":\"https:\\\/\\\/www.zhgdled.com\\\/fr\\\/#\\\/schema\\\/logo\\\/image\\\/\",\"url\":\"\",\"contentUrl\":\"\",\"caption\":\"ZHL Lighting Group\"},\"image\":{\"@id\":\"https:\\\/\\\/www.zhgdled.com\\\/fr\\\/#\\\/schema\\\/logo\\\/image\\\/\"},\"sameAs\":[\"https:\\\/\\\/www.facebook.com\\\/zhllightinggroup\",\"https:\\\/\\\/x.com\\\/zhl_lighting\"]}]}<\/script>\n<!-- \/ Yoast SEO plugin. -->","yoast_head_json":{"title":"\u00e9clairage grande hauteur avec commutateur DIP Hi-UFO","description":"Conception de bo\u00eetier \u00e0 profil bas durable et compact.Haute efficacit\u00e9 jusqu'\u00e0 160 lm\/W.IP65 pour les applications int\u00e9rieures et ext\u00e9rieures.","robots":{"index":"index","follow":"follow","max-snippet":"max-snippet:-1","max-image-preview":"max-image-preview:large","max-video-preview":"max-video-preview:-1"},"canonical":"https:\/\/www.zhgdled.com\/fr\/hi-ufo-high-bay-lumiere-avec-commutateur-dip.html","og_locale":"fr_FR","og_type":"article","og_title":"\u00e9clairage grande hauteur avec commutateur DIP Hi-UFO","og_description":"Conception de bo\u00eetier \u00e0 profil bas durable et compact.Haute efficacit\u00e9 jusqu'\u00e0 160 lm\/W.IP65 pour les applications int\u00e9rieures et ext\u00e9rieures.","og_url":"https:\/\/www.zhgdled.com\/fr\/hi-ufo-high-bay-lumiere-avec-commutateur-dip.html","og_site_name":"Soci\u00e9t\u00e9 ZHL \u00c9clairage","article_publisher":"https:\/\/www.facebook.com\/zhllightinggroup","article_modified_time":"2023-12-25T07:05:00+00:00","og_image":[{"width":1600,"height":1600,"url":"https:\/\/www.zhgdled.com\/wp-content\/uploads\/2022\/07\/1-1.png","type":"image\/png"}],"twitter_card":"summary_large_image","twitter_site":"@zhl_lighting","twitter_misc":{"Dur\u00e9e de lecture estim\u00e9e":"2 minutes"},"schema":{"@context":"https:\/\/schema.org","@graph":[{"@type":"WebPage","@id":"https:\/\/www.zhgdled.com\/fr\/hi-ufo-high-bay-lumiere-avec-commutateur-dip.html","url":"https:\/\/www.zhgdled.com\/fr\/hi-ufo-high-bay-lumiere-avec-commutateur-dip.html","name":"\u00e9clairage grande hauteur avec commutateur DIP Hi-UFO","isPartOf":{"@id":"https:\/\/www.zhgdled.com\/fr\/#website"},"primaryImageOfPage":{"@id":"https:\/\/www.zhgdled.com\/fr\/hi-ufo-high-bay-lumiere-avec-commutateur-dip.html#primaryimage"},"image":{"@id":"https:\/\/www.zhgdled.com\/fr\/hi-ufo-high-bay-lumiere-avec-commutateur-dip.html#primaryimage"},"thumbnailUrl":"https:\/\/www.zhgdled.com\/wp-content\/uploads\/2022\/07\/1-1.png","datePublished":"2022-07-20T02:53:24+00:00","dateModified":"2023-12-25T07:05:00+00:00","description":"Conception de bo\u00eetier \u00e0 profil bas durable et compact.Haute efficacit\u00e9 jusqu'\u00e0 160 lm\/W.IP65 pour les applications int\u00e9rieures et ext\u00e9rieures.","breadcrumb":{"@id":"https:\/\/www.zhgdled.com\/fr\/hi-ufo-high-bay-lumiere-avec-commutateur-dip.html#breadcrumb"},"inLanguage":"fr-FR","potentialAction":[{"@type":"ReadAction","target":["https:\/\/www.zhgdled.com\/fr\/hi-ufo-high-bay-lumiere-avec-commutateur-dip.html"]}]},{"@type":"ImageObject","inLanguage":"fr-FR","@id":"https:\/\/www.zhgdled.com\/fr\/hi-ufo-high-bay-lumiere-avec-commutateur-dip.html#primaryimage","url":"https:\/\/www.zhgdled.com\/wp-content\/uploads\/2022\/07\/1-1.png","contentUrl":"https:\/\/www.zhgdled.com\/wp-content\/uploads\/2022\/07\/1-1.png","width":1600,"height":1600,"caption":"\u00e9clairage grande hauteur avec interrupteur DIP"},{"@type":"BreadcrumbList","@id":"https:\/\/www.zhgdled.com\/fr\/hi-ufo-high-bay-lumiere-avec-commutateur-dip.html#breadcrumb","itemListElement":[{"@type":"ListItem","position":1,"name":"Home","item":"https:\/\/www.zhgdled.com\/fr"},{"@type":"ListItem","position":2,"name":"PRODUCTS","item":"https:\/\/www.zhgdled.com\/zhl-products.html"},{"@type":"ListItem","position":3,"name":"Lampe LED High Bay s\u00e9rie Hi-UFO avec interrupteur DIP (contr\u00f4le de la puissance)"}]},{"@type":"WebSite","@id":"https:\/\/www.zhgdled.com\/fr\/#website","url":"https:\/\/www.zhgdled.com\/fr\/","name":"Soci\u00e9t\u00e9 ZHL \u00c9clairage","description":"Top ranking industrial lighting manufacturer and exporter","publisher":{"@id":"https:\/\/www.zhgdled.com\/fr\/#organization"},"potentialAction":[{"@type":"SearchAction","target":{"@type":"EntryPoint","urlTemplate":"https:\/\/www.zhgdled.com\/fr\/?s={search_term_string}"},"query-input":{"@type":"PropertyValueSpecification","valueRequired":true,"valueName":"search_term_string"}}],"inLanguage":"fr-FR"},{"@type":"Organization","@id":"https:\/\/www.zhgdled.com\/fr\/#organization","name":"ZHL Lighting Group","url":"https:\/\/www.zhgdled.com\/fr\/","logo":{"@type":"ImageObject","inLanguage":"fr-FR","@id":"https:\/\/www.zhgdled.com\/fr\/#\/schema\/logo\/image\/","url":"","contentUrl":"","caption":"ZHL Lighting Group"},"image":{"@id":"https:\/\/www.zhgdled.com\/fr\/#\/schema\/logo\/image\/"},"sameAs":["https:\/\/www.facebook.com\/zhllightinggroup","https:\/\/x.com\/zhl_lighting"]}]}},"_links":{"self":[{"href":"https:\/\/www.zhgdled.com\/fr\/wp-json\/wp\/v2\/product\/12702","targetHints":{"allow":["GET"]}}],"collection":[{"href":"https:\/\/www.zhgdled.com\/fr\/wp-json\/wp\/v2\/product"}],"about":[{"href":"https:\/\/www.zhgdled.com\/fr\/wp-json\/wp\/v2\/types\/product"}],"wp:featuredmedia":[{"embeddable":true,"href":"https:\/\/www.zhgdled.com\/fr\/wp-json\/wp\/v2\/media\/13169"}],"wp:attachment":[{"href":"https:\/\/www.zhgdled.com\/fr\/wp-json\/wp\/v2\/media?parent=12702"}],"wp:term":[{"taxonomy":"product_brand","embeddable":true,"href":"https:\/\/www.zhgdled.com\/fr\/wp-json\/wp\/v2\/product_brand?post=12702"},{"taxonomy":"product_cat","embeddable":true,"href":"https:\/\/www.zhgdled.com\/fr\/wp-json\/wp\/v2\/product_cat?post=12702"},{"taxonomy":"product_tag","embeddable":true,"href":"https:\/\/www.zhgdled.com\/fr\/wp-json\/wp\/v2\/product_tag?post=12702"}],"curies":[{"name":"wp","href":"https:\/\/api.w.org\/{rel}","templated":true}]}}