{"id":13335,"date":"2022-08-22T14:21:41","date_gmt":"2022-07-27T06:21:41","guid":{"rendered":"https:\/\/www.zhgdled.com\/product\/artisan-series-led-solar-flood-light"},"modified":"2023-12-25T13:53:02","modified_gmt":"2023-12-25T05:53:02","slug":"artisan-series-led-solar-flood-light","status":"publish","type":"product","link":"https:\/\/www.zhgdled.com\/fr\/projecteur-solaire-led-serie-artisan.html","title":{"rendered":"Projecteur solaire LED S\u00c9RIE ARTISAN 80W\/100W"},"content":{"rendered":"<h2>Couverture lumineuse et plus large<\/h2>\n<p>Une fois install\u00e9s, les projecteurs solaires ne co\u00fbtent pas un centime pour fonctionner &#8211; leurs panneaux solaires int\u00e9gr\u00e9s recueillent l&#8217;\u00e9nergie du soleil et la stockent dans leurs batteries internes jusqu&#8217;\u00e0 la nuit. Vous pouvez installer ces projecteurs solaires de la s\u00e9rie Artisan \u00e0 peu pr\u00e8s n&#8217;importe o\u00f9, bien qu&#8217;ils fournissent la lumi\u00e8re la plus brillante s&#8217;ils sont situ\u00e9s en plein soleil pendant la journ\u00e9e.<\/p>\n<p>Le projecteur solaire de la s\u00e9rie Artisan est livr\u00e9 avec\u00a0:<\/p>\n<ul>\n<li>Projecteur 80W\/100W avec batterie Li int\u00e9gr\u00e9e<\/li>\n<li>Panneau solaire 6W\/5V<\/li>\n<li>T\u00e9l\u00e9commande<\/li>\n<\/ul>\n<h2>CARACT\u00c9RISTIQUES<\/h2>\n<table style=\"height: 434px;\" width=\"768\">\n<tbody>\n<tr>\n<td width=\"164\">Puissance<\/td>\n<td width=\"214\">80W<\/td>\n<td width=\"145\">100W<\/td>\n<\/tr>\n<tr>\n<td width=\"164\">Flux lumineux<\/td>\n<td width=\"214\">960LM\u00b110%<\/td>\n<td width=\"145\">1200LM\u00b110%<\/td>\n<\/tr>\n<tr>\n<td width=\"164\">Puce LED<\/td>\n<td colspan=\"2\" width=\"360\">Osram 2835<\/td>\n<\/tr>\n<tr>\n<td width=\"164\">Temp\u00e9rature de couleur (CCT)<\/td>\n<td colspan=\"2\" width=\"360\">2700-3200K 4000-4500K 6000-7000K<\/td>\n<\/tr>\n<tr>\n<td width=\"164\"><strong>CRI<\/strong><\/td>\n<td colspan=\"2\" width=\"360\">\u226580<\/td>\n<\/tr>\n<tr>\n<td width=\"164\">Mode d&#8217;\u00e9clairage<\/td>\n<td colspan=\"2\" width=\"360\">M1: Human detected&#8211;&gt;on. M2: Human detected -&gt; 100%, otherwise 50-100LM. M3: always 50-100LM<\/td>\n<\/tr>\n<tr>\n<td width=\"164\">Panneau solaire<\/td>\n<td colspan=\"2\" width=\"360\">Polysilicium 6Wp\/5V<\/td>\n<\/tr>\n<tr>\n<td width=\"164\">La batterie<\/td>\n<td colspan=\"2\" width=\"360\">32700 Batterie lithium fer phosphate 5.5AH\/3.2V<\/td>\n<\/tr>\n<\/tbody>\n<\/table>\n<p>&nbsp;<\/p>\n<p><img decoding=\"async\" class=\"size-full wp-image-13327\" src=\"https:\/\/www.zhgdled.com\/wp-content\/uploads\/2022\/07\/20220727142458.jpg\" alt=\"Artisan series solar flood light specs\" width=\"1555\" height=\"1826\" srcset=\"https:\/\/www.zhgdled.com\/wp-content\/uploads\/2022\/07\/20220727142458.jpg 1555w, https:\/\/www.zhgdled.com\/wp-content\/uploads\/2022\/07\/20220727142458-255x300.jpg 255w, https:\/\/www.zhgdled.com\/wp-content\/uploads\/2022\/07\/20220727142458-872x1024.jpg 872w, https:\/\/www.zhgdled.com\/wp-content\/uploads\/2022\/07\/20220727142458-768x902.jpg 768w, https:\/\/www.zhgdled.com\/wp-content\/uploads\/2022\/07\/20220727142458-1308x1536.jpg 1308w, https:\/\/www.zhgdled.com\/wp-content\/uploads\/2022\/07\/20220727142458-600x705.jpg 600w, https:\/\/www.zhgdled.com\/wp-content\/uploads\/2022\/07\/20220727142458-150x176.jpg 150w\" sizes=\"(max-width: 1555px) 100vw, 1555px\" \/><\/p>\n","protected":false},"excerpt":{"rendered":"<table style=\"height: 434px;\" width=\"768\">\n<tbody>\n<tr>\n<td width=\"164\">Puissance<\/td>\n<td width=\"214\">80W<\/td>\n<td width=\"145\">100W<\/td>\n<\/tr>\n<tr>\n<td width=\"164\">Flux lumineux<\/td>\n<td width=\"214\">960LM\u00b110%<\/td>\n<td width=\"145\">1200LM\u00b110%<\/td>\n<\/tr>\n<tr>\n<td width=\"164\">Puce LED<\/td>\n<td colspan=\"2\" width=\"360\">Osram 2835<\/td>\n<\/tr>\n<tr>\n<td width=\"164\">Temp\u00e9rature de couleur (CCT)<\/td>\n<td colspan=\"2\" width=\"360\">2700-3200K 4000-4500K 6000-7000K<\/td>\n<\/tr>\n<tr>\n<td width=\"164\"><strong>CRI<\/strong><\/td>\n<td colspan=\"2\" width=\"360\">\u226580<\/td>\n<\/tr>\n<tr>\n<td width=\"164\">Mode d&#8217;\u00e9clairage<\/td>\n<td colspan=\"2\" width=\"360\">M1: Human detected&#8211;&gt;on. M2: Human detected -&gt; 100%, otherwise 50-100LM. M3: always 50-100LM<\/td>\n<\/tr>\n<tr>\n<td width=\"164\">Panneau solaire<\/td>\n<td colspan=\"2\" width=\"360\">Polysilicium 6Wp\/5V<\/td>\n<\/tr>\n<tr>\n<td width=\"164\">La batterie<\/td>\n<td colspan=\"2\" width=\"360\">32700 Batterie lithium fer phosphate 5.5AH\/3.2V<\/td>\n<\/tr>\n<\/tbody>\n<\/table>\n<p>&nbsp;<\/p>\n","protected":false},"featured_media":13414,"template":"","meta":[],"product_brand":[],"product_cat":[630],"product_tag":[434],"class_list":{"0":"post-13335","1":"product","2":"type-product","3":"status-publish","4":"has-post-thumbnail","6":"product_cat-projecteurs-solaires","7":"product_tag-solar-flood-light-fr","9":"first","10":"instock","11":"shipping-taxable","12":"product-type-simple"},"yoast_head":"<!-- This site is optimized with the Yoast SEO plugin v27.4 - https:\/\/yoast.com\/product\/yoast-seo-wordpress\/ -->\n<title>Projecteur solaire LED S\u00c9RIE ARTISAN 80W\/100W &#8211; Soci\u00e9t\u00e9 ZHL \u00c9clairage<\/title>\n<meta name=\"description\" content=\"Une fois install\u00e9s, les Projecteur solaire \u00e0 LED ne co\u00fbtent pas un centime pour fonctionner - leurs panneaux solaires int\u00e9gr\u00e9s recueillent l&#039;\u00e9nergie du soleil et la stockent dans leurs batteries internes jusqu&#039;\u00e0 la nuit. Vous pouvez installer ces projecteurs solaires de la s\u00e9rie Artisan \u00e0 peu pr\u00e8s n&#039;importe o\u00f9, bien qu&#039;ils fournissent la lumi\u00e8re la plus brillante s&#039;ils sont situ\u00e9s en plein soleil pendant la journ\u00e9e.\" \/>\n<meta name=\"robots\" content=\"index, follow, max-snippet:-1, max-image-preview:large, max-video-preview:-1\" \/>\n<link rel=\"canonical\" href=\"https:\/\/www.zhgdled.com\/fr\/projecteur-solaire-led-serie-artisan.html\" \/>\n<meta property=\"og:locale\" content=\"fr_FR\" \/>\n<meta property=\"og:type\" content=\"article\" \/>\n<meta property=\"og:title\" content=\"Projecteur solaire LED S\u00c9RIE ARTISAN 80W\/100W &#8211; Soci\u00e9t\u00e9 ZHL \u00c9clairage\" \/>\n<meta property=\"og:description\" content=\"Une fois install\u00e9s, les Projecteur solaire \u00e0 LED ne co\u00fbtent pas un centime pour fonctionner - leurs panneaux solaires int\u00e9gr\u00e9s recueillent l&#039;\u00e9nergie du soleil et la stockent dans leurs batteries internes jusqu&#039;\u00e0 la nuit. Vous pouvez installer ces projecteurs solaires de la s\u00e9rie Artisan \u00e0 peu pr\u00e8s n&#039;importe o\u00f9, bien qu&#039;ils fournissent la lumi\u00e8re la plus brillante s&#039;ils sont situ\u00e9s en plein soleil pendant la journ\u00e9e.\" \/>\n<meta property=\"og:url\" content=\"https:\/\/www.zhgdled.com\/fr\/projecteur-solaire-led-serie-artisan.html\" \/>\n<meta property=\"og:site_name\" content=\"Soci\u00e9t\u00e9 ZHL \u00c9clairage\" \/>\n<meta property=\"article:publisher\" content=\"https:\/\/www.facebook.com\/zhllightinggroup\" \/>\n<meta property=\"article:modified_time\" content=\"2023-12-25T05:53:02+00:00\" \/>\n<meta property=\"og:image\" content=\"https:\/\/www.zhgdled.com\/wp-content\/uploads\/2022\/07\/13.png\" \/>\n\t<meta property=\"og:image:width\" content=\"1600\" \/>\n\t<meta property=\"og:image:height\" content=\"1600\" \/>\n\t<meta property=\"og:image:type\" content=\"image\/png\" \/>\n<meta name=\"twitter:card\" content=\"summary_large_image\" \/>\n<meta name=\"twitter:site\" content=\"@zhl_lighting\" \/>\n<meta name=\"twitter:label1\" content=\"Dur\u00e9e de lecture estim\u00e9e\" \/>\n\t<meta name=\"twitter:data1\" content=\"2 minutes\" \/>\n<script type=\"application\/ld+json\" class=\"yoast-schema-graph\">{\"@context\":\"https:\\\/\\\/schema.org\",\"@graph\":[{\"@type\":\"WebPage\",\"@id\":\"https:\\\/\\\/www.zhgdled.com\\\/fr\\\/projecteur-solaire-led-serie-artisan.html\",\"url\":\"https:\\\/\\\/www.zhgdled.com\\\/fr\\\/projecteur-solaire-led-serie-artisan.html\",\"name\":\"Projecteur solaire LED S\u00c9RIE ARTISAN 80W\\\/100W &#8211; Soci\u00e9t\u00e9 ZHL \u00c9clairage\",\"isPartOf\":{\"@id\":\"https:\\\/\\\/www.zhgdled.com\\\/fr\\\/#website\"},\"primaryImageOfPage\":{\"@id\":\"https:\\\/\\\/www.zhgdled.com\\\/fr\\\/projecteur-solaire-led-serie-artisan.html#primaryimage\"},\"image\":{\"@id\":\"https:\\\/\\\/www.zhgdled.com\\\/fr\\\/projecteur-solaire-led-serie-artisan.html#primaryimage\"},\"thumbnailUrl\":\"https:\\\/\\\/www.zhgdled.com\\\/wp-content\\\/uploads\\\/2022\\\/07\\\/13.png\",\"datePublished\":\"2022-07-27T06:21:41+00:00\",\"dateModified\":\"2023-12-25T05:53:02+00:00\",\"description\":\"Une fois install\u00e9s, les Projecteur solaire \u00e0 LED ne co\u00fbtent pas un centime pour fonctionner - leurs panneaux solaires int\u00e9gr\u00e9s recueillent l'\u00e9nergie du soleil et la stockent dans leurs batteries internes jusqu'\u00e0 la nuit. Vous pouvez installer ces projecteurs solaires de la s\u00e9rie Artisan \u00e0 peu pr\u00e8s n'importe o\u00f9, bien qu'ils fournissent la lumi\u00e8re la plus brillante s'ils sont situ\u00e9s en plein soleil pendant la journ\u00e9e.\",\"breadcrumb\":{\"@id\":\"https:\\\/\\\/www.zhgdled.com\\\/fr\\\/projecteur-solaire-led-serie-artisan.html#breadcrumb\"},\"inLanguage\":\"fr-FR\",\"potentialAction\":[{\"@type\":\"ReadAction\",\"target\":[\"https:\\\/\\\/www.zhgdled.com\\\/fr\\\/projecteur-solaire-led-serie-artisan.html\"]}]},{\"@type\":\"ImageObject\",\"inLanguage\":\"fr-FR\",\"@id\":\"https:\\\/\\\/www.zhgdled.com\\\/fr\\\/projecteur-solaire-led-serie-artisan.html#primaryimage\",\"url\":\"https:\\\/\\\/www.zhgdled.com\\\/wp-content\\\/uploads\\\/2022\\\/07\\\/13.png\",\"contentUrl\":\"https:\\\/\\\/www.zhgdled.com\\\/wp-content\\\/uploads\\\/2022\\\/07\\\/13.png\",\"width\":1600,\"height\":1600},{\"@type\":\"BreadcrumbList\",\"@id\":\"https:\\\/\\\/www.zhgdled.com\\\/fr\\\/projecteur-solaire-led-serie-artisan.html#breadcrumb\",\"itemListElement\":[{\"@type\":\"ListItem\",\"position\":1,\"name\":\"Home\",\"item\":\"https:\\\/\\\/www.zhgdled.com\\\/fr\"},{\"@type\":\"ListItem\",\"position\":2,\"name\":\"PRODUCTS\",\"item\":\"https:\\\/\\\/www.zhgdled.com\\\/zhl-products.html\"},{\"@type\":\"ListItem\",\"position\":3,\"name\":\"Projecteur solaire LED S\u00c9RIE ARTISAN 80W\\\/100W\"}]},{\"@type\":\"WebSite\",\"@id\":\"https:\\\/\\\/www.zhgdled.com\\\/fr\\\/#website\",\"url\":\"https:\\\/\\\/www.zhgdled.com\\\/fr\\\/\",\"name\":\"Soci\u00e9t\u00e9 ZHL \u00c9clairage\",\"description\":\"Top ranking industrial lighting manufacturer and exporter\",\"publisher\":{\"@id\":\"https:\\\/\\\/www.zhgdled.com\\\/fr\\\/#organization\"},\"potentialAction\":[{\"@type\":\"SearchAction\",\"target\":{\"@type\":\"EntryPoint\",\"urlTemplate\":\"https:\\\/\\\/www.zhgdled.com\\\/fr\\\/?s={search_term_string}\"},\"query-input\":{\"@type\":\"PropertyValueSpecification\",\"valueRequired\":true,\"valueName\":\"search_term_string\"}}],\"inLanguage\":\"fr-FR\"},{\"@type\":\"Organization\",\"@id\":\"https:\\\/\\\/www.zhgdled.com\\\/fr\\\/#organization\",\"name\":\"ZHL Lighting Group\",\"url\":\"https:\\\/\\\/www.zhgdled.com\\\/fr\\\/\",\"logo\":{\"@type\":\"ImageObject\",\"inLanguage\":\"fr-FR\",\"@id\":\"https:\\\/\\\/www.zhgdled.com\\\/fr\\\/#\\\/schema\\\/logo\\\/image\\\/\",\"url\":\"\",\"contentUrl\":\"\",\"caption\":\"ZHL Lighting Group\"},\"image\":{\"@id\":\"https:\\\/\\\/www.zhgdled.com\\\/fr\\\/#\\\/schema\\\/logo\\\/image\\\/\"},\"sameAs\":[\"https:\\\/\\\/www.facebook.com\\\/zhllightinggroup\",\"https:\\\/\\\/x.com\\\/zhl_lighting\"]}]}<\/script>\n<!-- \/ Yoast SEO plugin. -->","yoast_head_json":{"title":"Projecteur solaire LED S\u00c9RIE ARTISAN 80W\/100W &#8211; Soci\u00e9t\u00e9 ZHL \u00c9clairage","description":"Une fois install\u00e9s, les Projecteur solaire \u00e0 LED ne co\u00fbtent pas un centime pour fonctionner - leurs panneaux solaires int\u00e9gr\u00e9s recueillent l'\u00e9nergie du soleil et la stockent dans leurs batteries internes jusqu'\u00e0 la nuit. Vous pouvez installer ces projecteurs solaires de la s\u00e9rie Artisan \u00e0 peu pr\u00e8s n'importe o\u00f9, bien qu'ils fournissent la lumi\u00e8re la plus brillante s'ils sont situ\u00e9s en plein soleil pendant la journ\u00e9e.","robots":{"index":"index","follow":"follow","max-snippet":"max-snippet:-1","max-image-preview":"max-image-preview:large","max-video-preview":"max-video-preview:-1"},"canonical":"https:\/\/www.zhgdled.com\/fr\/projecteur-solaire-led-serie-artisan.html","og_locale":"fr_FR","og_type":"article","og_title":"Projecteur solaire LED S\u00c9RIE ARTISAN 80W\/100W &#8211; Soci\u00e9t\u00e9 ZHL \u00c9clairage","og_description":"Une fois install\u00e9s, les Projecteur solaire \u00e0 LED ne co\u00fbtent pas un centime pour fonctionner - leurs panneaux solaires int\u00e9gr\u00e9s recueillent l'\u00e9nergie du soleil et la stockent dans leurs batteries internes jusqu'\u00e0 la nuit. Vous pouvez installer ces projecteurs solaires de la s\u00e9rie Artisan \u00e0 peu pr\u00e8s n'importe o\u00f9, bien qu'ils fournissent la lumi\u00e8re la plus brillante s'ils sont situ\u00e9s en plein soleil pendant la journ\u00e9e.","og_url":"https:\/\/www.zhgdled.com\/fr\/projecteur-solaire-led-serie-artisan.html","og_site_name":"Soci\u00e9t\u00e9 ZHL \u00c9clairage","article_publisher":"https:\/\/www.facebook.com\/zhllightinggroup","article_modified_time":"2023-12-25T05:53:02+00:00","og_image":[{"width":1600,"height":1600,"url":"https:\/\/www.zhgdled.com\/wp-content\/uploads\/2022\/07\/13.png","type":"image\/png"}],"twitter_card":"summary_large_image","twitter_site":"@zhl_lighting","twitter_misc":{"Dur\u00e9e de lecture estim\u00e9e":"2 minutes"},"schema":{"@context":"https:\/\/schema.org","@graph":[{"@type":"WebPage","@id":"https:\/\/www.zhgdled.com\/fr\/projecteur-solaire-led-serie-artisan.html","url":"https:\/\/www.zhgdled.com\/fr\/projecteur-solaire-led-serie-artisan.html","name":"Projecteur solaire LED S\u00c9RIE ARTISAN 80W\/100W &#8211; Soci\u00e9t\u00e9 ZHL \u00c9clairage","isPartOf":{"@id":"https:\/\/www.zhgdled.com\/fr\/#website"},"primaryImageOfPage":{"@id":"https:\/\/www.zhgdled.com\/fr\/projecteur-solaire-led-serie-artisan.html#primaryimage"},"image":{"@id":"https:\/\/www.zhgdled.com\/fr\/projecteur-solaire-led-serie-artisan.html#primaryimage"},"thumbnailUrl":"https:\/\/www.zhgdled.com\/wp-content\/uploads\/2022\/07\/13.png","datePublished":"2022-07-27T06:21:41+00:00","dateModified":"2023-12-25T05:53:02+00:00","description":"Une fois install\u00e9s, les Projecteur solaire \u00e0 LED ne co\u00fbtent pas un centime pour fonctionner - leurs panneaux solaires int\u00e9gr\u00e9s recueillent l'\u00e9nergie du soleil et la stockent dans leurs batteries internes jusqu'\u00e0 la nuit. Vous pouvez installer ces projecteurs solaires de la s\u00e9rie Artisan \u00e0 peu pr\u00e8s n'importe o\u00f9, bien qu'ils fournissent la lumi\u00e8re la plus brillante s'ils sont situ\u00e9s en plein soleil pendant la journ\u00e9e.","breadcrumb":{"@id":"https:\/\/www.zhgdled.com\/fr\/projecteur-solaire-led-serie-artisan.html#breadcrumb"},"inLanguage":"fr-FR","potentialAction":[{"@type":"ReadAction","target":["https:\/\/www.zhgdled.com\/fr\/projecteur-solaire-led-serie-artisan.html"]}]},{"@type":"ImageObject","inLanguage":"fr-FR","@id":"https:\/\/www.zhgdled.com\/fr\/projecteur-solaire-led-serie-artisan.html#primaryimage","url":"https:\/\/www.zhgdled.com\/wp-content\/uploads\/2022\/07\/13.png","contentUrl":"https:\/\/www.zhgdled.com\/wp-content\/uploads\/2022\/07\/13.png","width":1600,"height":1600},{"@type":"BreadcrumbList","@id":"https:\/\/www.zhgdled.com\/fr\/projecteur-solaire-led-serie-artisan.html#breadcrumb","itemListElement":[{"@type":"ListItem","position":1,"name":"Home","item":"https:\/\/www.zhgdled.com\/fr"},{"@type":"ListItem","position":2,"name":"PRODUCTS","item":"https:\/\/www.zhgdled.com\/zhl-products.html"},{"@type":"ListItem","position":3,"name":"Projecteur solaire LED S\u00c9RIE ARTISAN 80W\/100W"}]},{"@type":"WebSite","@id":"https:\/\/www.zhgdled.com\/fr\/#website","url":"https:\/\/www.zhgdled.com\/fr\/","name":"Soci\u00e9t\u00e9 ZHL \u00c9clairage","description":"Top ranking industrial lighting manufacturer and exporter","publisher":{"@id":"https:\/\/www.zhgdled.com\/fr\/#organization"},"potentialAction":[{"@type":"SearchAction","target":{"@type":"EntryPoint","urlTemplate":"https:\/\/www.zhgdled.com\/fr\/?s={search_term_string}"},"query-input":{"@type":"PropertyValueSpecification","valueRequired":true,"valueName":"search_term_string"}}],"inLanguage":"fr-FR"},{"@type":"Organization","@id":"https:\/\/www.zhgdled.com\/fr\/#organization","name":"ZHL Lighting Group","url":"https:\/\/www.zhgdled.com\/fr\/","logo":{"@type":"ImageObject","inLanguage":"fr-FR","@id":"https:\/\/www.zhgdled.com\/fr\/#\/schema\/logo\/image\/","url":"","contentUrl":"","caption":"ZHL Lighting Group"},"image":{"@id":"https:\/\/www.zhgdled.com\/fr\/#\/schema\/logo\/image\/"},"sameAs":["https:\/\/www.facebook.com\/zhllightinggroup","https:\/\/x.com\/zhl_lighting"]}]}},"_links":{"self":[{"href":"https:\/\/www.zhgdled.com\/fr\/wp-json\/wp\/v2\/product\/13335","targetHints":{"allow":["GET"]}}],"collection":[{"href":"https:\/\/www.zhgdled.com\/fr\/wp-json\/wp\/v2\/product"}],"about":[{"href":"https:\/\/www.zhgdled.com\/fr\/wp-json\/wp\/v2\/types\/product"}],"wp:featuredmedia":[{"embeddable":true,"href":"https:\/\/www.zhgdled.com\/fr\/wp-json\/wp\/v2\/media\/13414"}],"wp:attachment":[{"href":"https:\/\/www.zhgdled.com\/fr\/wp-json\/wp\/v2\/media?parent=13335"}],"wp:term":[{"taxonomy":"product_brand","embeddable":true,"href":"https:\/\/www.zhgdled.com\/fr\/wp-json\/wp\/v2\/product_brand?post=13335"},{"taxonomy":"product_cat","embeddable":true,"href":"https:\/\/www.zhgdled.com\/fr\/wp-json\/wp\/v2\/product_cat?post=13335"},{"taxonomy":"product_tag","embeddable":true,"href":"https:\/\/www.zhgdled.com\/fr\/wp-json\/wp\/v2\/product_tag?post=13335"}],"curies":[{"name":"wp","href":"https:\/\/api.w.org\/{rel}","templated":true}]}}