{"id":13983,"date":"2022-08-10T14:01:36","date_gmt":"2022-08-10T06:01:36","guid":{"rendered":"https:\/\/www.zhgdled.com\/product\/max-series-solar-flood-light"},"modified":"2023-12-25T13:56:03","modified_gmt":"2023-12-25T05:56:03","slug":"max-series-solar-flood-light","status":"publish","type":"product","link":"https:\/\/www.zhgdled.com\/fr\/max-series-solar-flood-light.html","title":{"rendered":"S\u00e9rie Max Projecteur solaire"},"content":{"rendered":"<h2>CONCEPTION DE CORPS SPLIT, FAIBLE CONSOMMATION D&#8217;\u00c9NERGIE, ANGLE DE FAISCEAU MAXIMAL POUR DIFF\u00c9RENTES OCCASIONS<\/h2>\n<ul>\n<li>R\u00e9glage multi-angle, adapt\u00e9 \u00e0 une installation dans de nombreuses occasions<\/li>\n<li>Batterie au lithium 18650, 3,7 V\/2 Ah<\/li>\n<li>Disponible pour les exigences d&#8217;installation de diff\u00e9rentes latitudes<\/li>\n<li>Conception \u00e9tanche professionnelle<\/li>\n<li>Configurer un capteur PIR sensible et stable<\/li>\n<\/ul>\n<p>SP\u00c9CIFICATION<\/p>\n<table>\n<tbody>\n<tr>\n<td width=\"207\">Puissance<\/td>\n<td width=\"381\">3W<\/td>\n<\/tr>\n<tr>\n<td width=\"207\">Temp\u00e9rature de couleur (CCT)<\/td>\n<td width=\"381\">3000K\/4000K\/6500K<\/td>\n<\/tr>\n<tr>\n<td width=\"207\">Efficacit\u00e9 lumineuse (lm\/w)<\/td>\n<td width=\"381\">125Lm\/W<\/td>\n<\/tr>\n<tr>\n<td width=\"207\">Tension d&#8217;entr\u00e9e (V)<\/td>\n<td width=\"381\">DC3.7V<\/td>\n<\/tr>\n<tr>\n<td width=\"207\">PF<\/td>\n<td width=\"381\">&gt;0.9<\/td>\n<\/tr>\n<tr>\n<td width=\"207\">CRI (Ra)<\/td>\n<td width=\"381\">&gt;80<\/td>\n<\/tr>\n<tr>\n<td width=\"207\">Angle de faisceau(\u00b0)<\/td>\n<td width=\"381\">120<\/td>\n<\/tr>\n<tr>\n<td width=\"207\">Classe IP<\/td>\n<td width=\"381\">IP44<\/td>\n<\/tr>\n<tr>\n<td width=\"207\">Mat\u00e9riel<\/td>\n<td width=\"381\">Corps en aluminium + couvercle en PC<\/td>\n<\/tr>\n<tr>\n<td width=\"207\">Temp\u00e9rature de fonctionnement (\u2103)<\/td>\n<td width=\"381\">-20-+50<\/td>\n<\/tr>\n<tr>\n<td width=\"207\">Distance d&#8217;\u00e9clairage maximale<\/td>\n<td width=\"381\">8M<\/td>\n<\/tr>\n<tr>\n<td width=\"207\">Certificat<\/td>\n<td width=\"381\">ETL, DLC, FCC, CB<\/td>\n<\/tr>\n<\/tbody>\n<\/table>\n","protected":false},"excerpt":{"rendered":"<p>Le projecteur solaire \u00e0 LED de la s\u00e9rie Max est un luminaire d&#8217;ext\u00e9rieur \u00e0 faible consommation d&#8217;\u00e9nergie et \u00e0 corps divis\u00e9. Il pr\u00e9sente un angle de faisceau maximal pour diff\u00e9rentes occasions.<\/p>\n<table>\n<tbody>\n<tr>\n<td width=\"207\">Puissance<\/td>\n<td width=\"381\">3W<\/td>\n<\/tr>\n<tr>\n<td width=\"207\">Temp\u00e9rature de couleur (CCT)<\/td>\n<td width=\"381\">3000K\/4000K\/6500K<\/td>\n<\/tr>\n<tr>\n<td width=\"207\">Efficacit\u00e9 lumineuse (lm\/w)<\/td>\n<td width=\"381\">125Lm\/W<\/td>\n<\/tr>\n<tr>\n<td width=\"207\">Tension d&#8217;entr\u00e9e (V)<\/td>\n<td width=\"381\">DC3.7V<\/td>\n<\/tr>\n<tr>\n<td width=\"207\">PF<\/td>\n<td width=\"381\">&gt;0.9<\/td>\n<\/tr>\n<tr>\n<td width=\"207\">CRI (Ra)<\/td>\n<td width=\"381\">&gt;80<\/td>\n<\/tr>\n<tr>\n<td width=\"207\">Angle de faisceau(\u00b0)<\/td>\n<td width=\"381\">120<\/td>\n<\/tr>\n<tr>\n<td width=\"207\">Classe IP<\/td>\n<td width=\"381\">IP44<\/td>\n<\/tr>\n<tr>\n<td width=\"207\">Mat\u00e9riel<\/td>\n<td width=\"381\">Corps en aluminium + couvercle en PC<\/td>\n<\/tr>\n<tr>\n<td width=\"207\">Temp\u00e9rature de fonctionnement (\u2103)<\/td>\n<td width=\"381\">-20-+50<\/td>\n<\/tr>\n<tr>\n<td width=\"207\">Distance d&#8217;\u00e9clairage maximale<\/td>\n<td width=\"381\">8M<\/td>\n<\/tr>\n<tr>\n<td width=\"207\">Certificat<\/td>\n<td width=\"381\">ETL, DLC, FCC, CB<\/td>\n<\/tr>\n<\/tbody>\n<\/table>\n","protected":false},"featured_media":13939,"template":"","meta":[],"product_brand":[],"product_cat":[630],"product_tag":[434],"class_list":{"0":"post-13983","1":"product","2":"type-product","3":"status-publish","4":"has-post-thumbnail","6":"product_cat-projecteurs-solaires","7":"product_tag-solar-flood-light-fr","9":"first","10":"instock","11":"shipping-taxable","12":"product-type-simple"},"yoast_head":"<!-- This site is optimized with the Yoast SEO plugin v27.4 - https:\/\/yoast.com\/product\/yoast-seo-wordpress\/ -->\n<title>S\u00e9rie Max Projecteur solaire<\/title>\n<meta name=\"description\" content=\"Le projecteur solaire \u00e0 LED de la s\u00e9rie Max est un luminaire d&#039;ext\u00e9rieur \u00e0 faible consommation d&#039;\u00e9nergie et \u00e0 corps divis\u00e9.\" \/>\n<meta name=\"robots\" content=\"index, follow, max-snippet:-1, max-image-preview:large, max-video-preview:-1\" \/>\n<link rel=\"canonical\" href=\"https:\/\/www.zhgdled.com\/fr\/max-series-solar-flood-light.html\" \/>\n<meta property=\"og:locale\" content=\"fr_FR\" \/>\n<meta property=\"og:type\" content=\"article\" \/>\n<meta property=\"og:title\" content=\"S\u00e9rie Max Projecteur solaire\" \/>\n<meta property=\"og:description\" content=\"Le projecteur solaire \u00e0 LED de la s\u00e9rie Max est un luminaire d&#039;ext\u00e9rieur \u00e0 faible consommation d&#039;\u00e9nergie et \u00e0 corps divis\u00e9.\" \/>\n<meta property=\"og:url\" content=\"https:\/\/www.zhgdled.com\/fr\/max-series-solar-flood-light.html\" \/>\n<meta property=\"og:site_name\" content=\"Soci\u00e9t\u00e9 ZHL \u00c9clairage\" \/>\n<meta property=\"article:publisher\" content=\"https:\/\/www.facebook.com\/zhllightinggroup\" \/>\n<meta property=\"article:modified_time\" content=\"2023-12-25T05:56:03+00:00\" \/>\n<meta property=\"og:image\" content=\"https:\/\/www.zhgdled.com\/wp-content\/uploads\/2022\/08\/0.png\" \/>\n\t<meta property=\"og:image:width\" content=\"1600\" \/>\n\t<meta property=\"og:image:height\" content=\"1600\" \/>\n\t<meta property=\"og:image:type\" content=\"image\/png\" \/>\n<meta name=\"twitter:card\" content=\"summary_large_image\" \/>\n<meta name=\"twitter:site\" content=\"@zhl_lighting\" \/>\n<meta name=\"twitter:label1\" content=\"Dur\u00e9e de lecture estim\u00e9e\" \/>\n\t<meta name=\"twitter:data1\" content=\"1 minute\" \/>\n<script type=\"application\/ld+json\" class=\"yoast-schema-graph\">{\"@context\":\"https:\\\/\\\/schema.org\",\"@graph\":[{\"@type\":\"WebPage\",\"@id\":\"https:\\\/\\\/www.zhgdled.com\\\/fr\\\/max-series-solar-flood-light.html\",\"url\":\"https:\\\/\\\/www.zhgdled.com\\\/fr\\\/max-series-solar-flood-light.html\",\"name\":\"S\u00e9rie Max Projecteur solaire\",\"isPartOf\":{\"@id\":\"https:\\\/\\\/www.zhgdled.com\\\/fr\\\/#website\"},\"primaryImageOfPage\":{\"@id\":\"https:\\\/\\\/www.zhgdled.com\\\/fr\\\/max-series-solar-flood-light.html#primaryimage\"},\"image\":{\"@id\":\"https:\\\/\\\/www.zhgdled.com\\\/fr\\\/max-series-solar-flood-light.html#primaryimage\"},\"thumbnailUrl\":\"https:\\\/\\\/www.zhgdled.com\\\/wp-content\\\/uploads\\\/2022\\\/08\\\/0.png\",\"datePublished\":\"2022-08-10T06:01:36+00:00\",\"dateModified\":\"2023-12-25T05:56:03+00:00\",\"description\":\"Le projecteur solaire \u00e0 LED de la s\u00e9rie Max est un luminaire d'ext\u00e9rieur \u00e0 faible consommation d'\u00e9nergie et \u00e0 corps divis\u00e9.\",\"breadcrumb\":{\"@id\":\"https:\\\/\\\/www.zhgdled.com\\\/fr\\\/max-series-solar-flood-light.html#breadcrumb\"},\"inLanguage\":\"fr-FR\",\"potentialAction\":[{\"@type\":\"ReadAction\",\"target\":[\"https:\\\/\\\/www.zhgdled.com\\\/fr\\\/max-series-solar-flood-light.html\"]}]},{\"@type\":\"ImageObject\",\"inLanguage\":\"fr-FR\",\"@id\":\"https:\\\/\\\/www.zhgdled.com\\\/fr\\\/max-series-solar-flood-light.html#primaryimage\",\"url\":\"https:\\\/\\\/www.zhgdled.com\\\/wp-content\\\/uploads\\\/2022\\\/08\\\/0.png\",\"contentUrl\":\"https:\\\/\\\/www.zhgdled.com\\\/wp-content\\\/uploads\\\/2022\\\/08\\\/0.png\",\"width\":1600,\"height\":1600,\"caption\":\"luz de inunda\u00e7\u00e3o solar da s\u00e9rie max\"},{\"@type\":\"BreadcrumbList\",\"@id\":\"https:\\\/\\\/www.zhgdled.com\\\/fr\\\/max-series-solar-flood-light.html#breadcrumb\",\"itemListElement\":[{\"@type\":\"ListItem\",\"position\":1,\"name\":\"Home\",\"item\":\"https:\\\/\\\/www.zhgdled.com\\\/fr\"},{\"@type\":\"ListItem\",\"position\":2,\"name\":\"PRODUCTS\",\"item\":\"https:\\\/\\\/www.zhgdled.com\\\/zhl-products.html\"},{\"@type\":\"ListItem\",\"position\":3,\"name\":\"S\u00e9rie Max Projecteur solaire\"}]},{\"@type\":\"WebSite\",\"@id\":\"https:\\\/\\\/www.zhgdled.com\\\/fr\\\/#website\",\"url\":\"https:\\\/\\\/www.zhgdled.com\\\/fr\\\/\",\"name\":\"Soci\u00e9t\u00e9 ZHL \u00c9clairage\",\"description\":\"Top ranking industrial lighting manufacturer and exporter\",\"publisher\":{\"@id\":\"https:\\\/\\\/www.zhgdled.com\\\/fr\\\/#organization\"},\"potentialAction\":[{\"@type\":\"SearchAction\",\"target\":{\"@type\":\"EntryPoint\",\"urlTemplate\":\"https:\\\/\\\/www.zhgdled.com\\\/fr\\\/?s={search_term_string}\"},\"query-input\":{\"@type\":\"PropertyValueSpecification\",\"valueRequired\":true,\"valueName\":\"search_term_string\"}}],\"inLanguage\":\"fr-FR\"},{\"@type\":\"Organization\",\"@id\":\"https:\\\/\\\/www.zhgdled.com\\\/fr\\\/#organization\",\"name\":\"ZHL Lighting Group\",\"url\":\"https:\\\/\\\/www.zhgdled.com\\\/fr\\\/\",\"logo\":{\"@type\":\"ImageObject\",\"inLanguage\":\"fr-FR\",\"@id\":\"https:\\\/\\\/www.zhgdled.com\\\/fr\\\/#\\\/schema\\\/logo\\\/image\\\/\",\"url\":\"\",\"contentUrl\":\"\",\"caption\":\"ZHL Lighting Group\"},\"image\":{\"@id\":\"https:\\\/\\\/www.zhgdled.com\\\/fr\\\/#\\\/schema\\\/logo\\\/image\\\/\"},\"sameAs\":[\"https:\\\/\\\/www.facebook.com\\\/zhllightinggroup\",\"https:\\\/\\\/x.com\\\/zhl_lighting\"]}]}<\/script>\n<!-- \/ Yoast SEO plugin. -->","yoast_head_json":{"title":"S\u00e9rie Max Projecteur solaire","description":"Le projecteur solaire \u00e0 LED de la s\u00e9rie Max est un luminaire d'ext\u00e9rieur \u00e0 faible consommation d'\u00e9nergie et \u00e0 corps divis\u00e9.","robots":{"index":"index","follow":"follow","max-snippet":"max-snippet:-1","max-image-preview":"max-image-preview:large","max-video-preview":"max-video-preview:-1"},"canonical":"https:\/\/www.zhgdled.com\/fr\/max-series-solar-flood-light.html","og_locale":"fr_FR","og_type":"article","og_title":"S\u00e9rie Max Projecteur solaire","og_description":"Le projecteur solaire \u00e0 LED de la s\u00e9rie Max est un luminaire d'ext\u00e9rieur \u00e0 faible consommation d'\u00e9nergie et \u00e0 corps divis\u00e9.","og_url":"https:\/\/www.zhgdled.com\/fr\/max-series-solar-flood-light.html","og_site_name":"Soci\u00e9t\u00e9 ZHL \u00c9clairage","article_publisher":"https:\/\/www.facebook.com\/zhllightinggroup","article_modified_time":"2023-12-25T05:56:03+00:00","og_image":[{"width":1600,"height":1600,"url":"https:\/\/www.zhgdled.com\/wp-content\/uploads\/2022\/08\/0.png","type":"image\/png"}],"twitter_card":"summary_large_image","twitter_site":"@zhl_lighting","twitter_misc":{"Dur\u00e9e de lecture estim\u00e9e":"1 minute"},"schema":{"@context":"https:\/\/schema.org","@graph":[{"@type":"WebPage","@id":"https:\/\/www.zhgdled.com\/fr\/max-series-solar-flood-light.html","url":"https:\/\/www.zhgdled.com\/fr\/max-series-solar-flood-light.html","name":"S\u00e9rie Max Projecteur solaire","isPartOf":{"@id":"https:\/\/www.zhgdled.com\/fr\/#website"},"primaryImageOfPage":{"@id":"https:\/\/www.zhgdled.com\/fr\/max-series-solar-flood-light.html#primaryimage"},"image":{"@id":"https:\/\/www.zhgdled.com\/fr\/max-series-solar-flood-light.html#primaryimage"},"thumbnailUrl":"https:\/\/www.zhgdled.com\/wp-content\/uploads\/2022\/08\/0.png","datePublished":"2022-08-10T06:01:36+00:00","dateModified":"2023-12-25T05:56:03+00:00","description":"Le projecteur solaire \u00e0 LED de la s\u00e9rie Max est un luminaire d'ext\u00e9rieur \u00e0 faible consommation d'\u00e9nergie et \u00e0 corps divis\u00e9.","breadcrumb":{"@id":"https:\/\/www.zhgdled.com\/fr\/max-series-solar-flood-light.html#breadcrumb"},"inLanguage":"fr-FR","potentialAction":[{"@type":"ReadAction","target":["https:\/\/www.zhgdled.com\/fr\/max-series-solar-flood-light.html"]}]},{"@type":"ImageObject","inLanguage":"fr-FR","@id":"https:\/\/www.zhgdled.com\/fr\/max-series-solar-flood-light.html#primaryimage","url":"https:\/\/www.zhgdled.com\/wp-content\/uploads\/2022\/08\/0.png","contentUrl":"https:\/\/www.zhgdled.com\/wp-content\/uploads\/2022\/08\/0.png","width":1600,"height":1600,"caption":"luz de inunda\u00e7\u00e3o solar da s\u00e9rie max"},{"@type":"BreadcrumbList","@id":"https:\/\/www.zhgdled.com\/fr\/max-series-solar-flood-light.html#breadcrumb","itemListElement":[{"@type":"ListItem","position":1,"name":"Home","item":"https:\/\/www.zhgdled.com\/fr"},{"@type":"ListItem","position":2,"name":"PRODUCTS","item":"https:\/\/www.zhgdled.com\/zhl-products.html"},{"@type":"ListItem","position":3,"name":"S\u00e9rie Max Projecteur solaire"}]},{"@type":"WebSite","@id":"https:\/\/www.zhgdled.com\/fr\/#website","url":"https:\/\/www.zhgdled.com\/fr\/","name":"Soci\u00e9t\u00e9 ZHL \u00c9clairage","description":"Top ranking industrial lighting manufacturer and exporter","publisher":{"@id":"https:\/\/www.zhgdled.com\/fr\/#organization"},"potentialAction":[{"@type":"SearchAction","target":{"@type":"EntryPoint","urlTemplate":"https:\/\/www.zhgdled.com\/fr\/?s={search_term_string}"},"query-input":{"@type":"PropertyValueSpecification","valueRequired":true,"valueName":"search_term_string"}}],"inLanguage":"fr-FR"},{"@type":"Organization","@id":"https:\/\/www.zhgdled.com\/fr\/#organization","name":"ZHL Lighting Group","url":"https:\/\/www.zhgdled.com\/fr\/","logo":{"@type":"ImageObject","inLanguage":"fr-FR","@id":"https:\/\/www.zhgdled.com\/fr\/#\/schema\/logo\/image\/","url":"","contentUrl":"","caption":"ZHL Lighting Group"},"image":{"@id":"https:\/\/www.zhgdled.com\/fr\/#\/schema\/logo\/image\/"},"sameAs":["https:\/\/www.facebook.com\/zhllightinggroup","https:\/\/x.com\/zhl_lighting"]}]}},"_links":{"self":[{"href":"https:\/\/www.zhgdled.com\/fr\/wp-json\/wp\/v2\/product\/13983","targetHints":{"allow":["GET"]}}],"collection":[{"href":"https:\/\/www.zhgdled.com\/fr\/wp-json\/wp\/v2\/product"}],"about":[{"href":"https:\/\/www.zhgdled.com\/fr\/wp-json\/wp\/v2\/types\/product"}],"wp:featuredmedia":[{"embeddable":true,"href":"https:\/\/www.zhgdled.com\/fr\/wp-json\/wp\/v2\/media\/13939"}],"wp:attachment":[{"href":"https:\/\/www.zhgdled.com\/fr\/wp-json\/wp\/v2\/media?parent=13983"}],"wp:term":[{"taxonomy":"product_brand","embeddable":true,"href":"https:\/\/www.zhgdled.com\/fr\/wp-json\/wp\/v2\/product_brand?post=13983"},{"taxonomy":"product_cat","embeddable":true,"href":"https:\/\/www.zhgdled.com\/fr\/wp-json\/wp\/v2\/product_cat?post=13983"},{"taxonomy":"product_tag","embeddable":true,"href":"https:\/\/www.zhgdled.com\/fr\/wp-json\/wp\/v2\/product_tag?post=13983"}],"curies":[{"name":"wp","href":"https:\/\/api.w.org\/{rel}","templated":true}]}}