{"id":18285,"date":"2023-06-12T11:23:45","date_gmt":"2022-12-21T03:23:45","guid":{"rendered":"https:\/\/www.zhgdled.com\/product\/3-head-series-led-rechargeable-work-light"},"modified":"2023-12-25T13:44:51","modified_gmt":"2023-12-25T05:44:51","slug":"lampe-de-travail-rechargeable-a-3-tetes","status":"publish","type":"product","link":"https:\/\/www.zhgdled.com\/fr\/lampe-de-travail-rechargeable-a-del-serie-a-3-tetes.html","title":{"rendered":"LAMPE DE TRAVAIL RECHARGEABLE \u00c0 DEL S\u00c9RIE \u00c0 3 T\u00caTES"},"content":{"rendered":"<h2>Lampe de travail \u00e0 led rechargeable professionnelle et durable pour les conditions difficiles<\/h2>\n<p>La lampe de travail \u00e0 led rechargeable de la s\u00e9rie 3-Head est une lampe de travail professionnelle plug-and-play par tous les temps. Il est livr\u00e9 avec un tr\u00e9pied de couleur orange alarmant qui peut \u00eatre ajust\u00e9 en hauteur et en angle. La lampe gauche et la lampe droite sont rechargeables et la lampe du milieu est aliment\u00e9e par le secteur 220V. Lorsqu&#8217;elles sont branch\u00e9es, les lampes gauche et droite se rechargent automatiquement, avec le voyant allum\u00e9.<\/p>\n<p>Les lampes de travail rechargeables \u00e0 DEL sont d\u00e9tachables et peuvent \u00eatre ajust\u00e9es \u00e0 diff\u00e9rents angles. Degr\u00e9 de protection IP54 &#8211; degr\u00e9 5 anti-poussi\u00e8re (l&#8217;intrusion de poussi\u00e8re n&#8217;affectera pas le fonctionnement normal de la lampe), degr\u00e9 4 \u00e9tanche (emp\u00eachant les \u00e9claboussures d&#8217;envahir).<\/p>\n<p>La lampe de travail rechargeable a un angle de faisceau de 110 \u00b0, une source lumineuse SMD de haute qualit\u00e9, nous avons pass\u00e9 la certification CE, ERP et demanderons plus de certifications pour r\u00e9pondre aux besoins des clients.<\/p>\n<p>&nbsp;<\/p>\n<h2>SP\u00c9CIFICATION<\/h2>\n<table style=\"border-collapse: collapse; width: 587px; height: 288px;\" border=\"0\" width=\"257\" cellspacing=\"0\" cellpadding=\"0\">\n<tbody>\n<tr style=\"height: 14.25pt;\">\n<td class=\"et2\" style=\"height: 14.25pt; width: 192.90pt;\" width=\"257\" height=\"19\">Puissance : 30W + 2*5W, TOTAL 40W<\/td>\n<\/tr>\n<tr style=\"height: 14.25pt;\">\n<td class=\"et2\" style=\"height: 14.25pt;\" height=\"19\">Efficacit\u00e9 lumineuse\u00a0: 90\u00a0lm\/w<\/td>\n<\/tr>\n<tr style=\"height: 14.25pt;\">\n<td class=\"et2\" style=\"height: 14.25pt;\" height=\"19\">Source de lumi\u00e8re\u00a0: CMS<\/td>\n<\/tr>\n<tr style=\"height: 14.25pt;\">\n<td class=\"et2\" style=\"height: 14.25pt;\" height=\"19\">Ra&gt;80<\/td>\n<\/tr>\n<tr style=\"height: 14.25pt;\">\n<td class=\"et2\" style=\"height: 14.25pt;\" height=\"19\">Angle de faisceau : 110\u00b0<\/td>\n<\/tr>\n<tr style=\"height: 14.25pt;\">\n<td class=\"et2\" style=\"height: 14.25pt;\" height=\"19\">Classe IP\u00a0: IP54<\/td>\n<\/tr>\n<tr style=\"height: 14.25pt;\">\n<td class=\"et2\" style=\"height: 14.25pt;\" height=\"19\">Certification : CE ErP<\/td>\n<\/tr>\n<tr style=\"height: 14.25pt;\">\n<td class=\"et2\" style=\"height: 14.25pt;\" height=\"19\">Dur\u00e9e de vie : 30 000 heures<\/td>\n<\/tr>\n<tr style=\"height: 14.25pt;\">\n<td class=\"et2\" style=\"height: 14.25pt;\" height=\"19\">Batterie au lithium rechargeable 18650<\/td>\n<\/tr>\n<tr style=\"height: 14.25pt;\">\n<td class=\"et2\" style=\"height: 14.25pt;\" height=\"19\">Charge 4 heures \/ d\u00e9charge 2 heures<\/td>\n<\/tr>\n<tr style=\"height: 14.25pt;\">\n<td class=\"et2\" style=\"height: 14.25pt;\" height=\"19\">Garantie : 2 ans<\/td>\n<\/tr>\n<\/tbody>\n<\/table>\n<p><img decoding=\"async\" class=\"alignnone size-full wp-image-18047\" src=\"https:\/\/www.zhgdled.com\/wp-content\/uploads\/2022\/12\/20221221111704.jpg\" alt=\"\" width=\"1281\" height=\"807\" srcset=\"https:\/\/www.zhgdled.com\/wp-content\/uploads\/2022\/12\/20221221111704.jpg 1281w, https:\/\/www.zhgdled.com\/wp-content\/uploads\/2022\/12\/20221221111704-300x189.jpg 300w, https:\/\/www.zhgdled.com\/wp-content\/uploads\/2022\/12\/20221221111704-1024x645.jpg 1024w, https:\/\/www.zhgdled.com\/wp-content\/uploads\/2022\/12\/20221221111704-768x484.jpg 768w, https:\/\/www.zhgdled.com\/wp-content\/uploads\/2022\/12\/20221221111704-600x378.jpg 600w, https:\/\/www.zhgdled.com\/wp-content\/uploads\/2022\/12\/20221221111704-150x94.jpg 150w\" sizes=\"(max-width: 1281px) 100vw, 1281px\" \/><\/p>\n","protected":false},"excerpt":{"rendered":"<p>La lampe de travail \u00e0 DEL rechargeable de la s\u00e9rie 3-Head est une lampe de travail professionnelle plug-and-play par tous les temps. Il est livr\u00e9 avec un tr\u00e9pied de couleur orange alarmant qui peut \u00eatre ajust\u00e9 en hauteur et en angle. La lampe gauche et la lampe droite sont rechargeables et la lampe du milieu est aliment\u00e9e par le secteur 220V. Lorsqu&#8217;elles sont branch\u00e9es, les lampes gauche et droite se rechargent automatiquement, avec le voyant allum\u00e9.<\/p>\n<p>Les 3 t\u00eates de lampe sont d\u00e9tachables et peuvent \u00eatre ajust\u00e9es sous diff\u00e9rents angles.<\/p>\n","protected":false},"featured_media":18027,"template":"","meta":[],"product_brand":[],"product_cat":[629],"product_tag":[],"class_list":{"0":"post-18285","1":"product","2":"type-product","3":"status-publish","4":"has-post-thumbnail","6":"product_cat-lampes-de-travail","8":"first","9":"instock","10":"shipping-taxable","11":"product-type-simple"},"yoast_head":"<!-- This site is optimized with the Yoast SEO plugin v27.4 - https:\/\/yoast.com\/product\/yoast-seo-wordpress\/ -->\n<title>LAMPE DE TRAVAIL \u00c0 LED RECHARGEABLE-ZHL Lighting Group<\/title>\n<meta name=\"description\" content=\"Les lampe de travail \u00e0 led rechargeable de la 3-Head est une lampe de travail professionnelle plug-and-play par tous les temps.\" \/>\n<meta name=\"robots\" content=\"index, follow, max-snippet:-1, max-image-preview:large, max-video-preview:-1\" \/>\n<link rel=\"canonical\" href=\"https:\/\/www.zhgdled.com\/fr\/lampe-de-travail-rechargeable-a-del-serie-a-3-tetes.html\" \/>\n<meta property=\"og:locale\" content=\"fr_FR\" \/>\n<meta property=\"og:type\" content=\"article\" \/>\n<meta property=\"og:title\" content=\"LAMPE DE TRAVAIL \u00c0 LED RECHARGEABLE-ZHL Lighting Group\" \/>\n<meta property=\"og:description\" content=\"Les lampe de travail \u00e0 led rechargeable de la 3-Head est une lampe de travail professionnelle plug-and-play par tous les temps.\" \/>\n<meta property=\"og:url\" content=\"https:\/\/www.zhgdled.com\/fr\/lampe-de-travail-rechargeable-a-del-serie-a-3-tetes.html\" \/>\n<meta property=\"og:site_name\" content=\"Soci\u00e9t\u00e9 ZHL \u00c9clairage\" \/>\n<meta property=\"article:publisher\" content=\"https:\/\/www.facebook.com\/zhllightinggroup\" \/>\n<meta property=\"article:modified_time\" content=\"2023-12-25T05:44:51+00:00\" \/>\n<meta property=\"og:image\" content=\"https:\/\/www.zhgdled.com\/wp-content\/uploads\/2022\/12\/3-HEAD-SERIES-WORK-LIGHT.jpg\" \/>\n\t<meta property=\"og:image:width\" content=\"736\" \/>\n\t<meta property=\"og:image:height\" content=\"736\" \/>\n\t<meta property=\"og:image:type\" content=\"image\/jpeg\" \/>\n<meta name=\"twitter:card\" content=\"summary_large_image\" \/>\n<meta name=\"twitter:site\" content=\"@zhl_lighting\" \/>\n<meta name=\"twitter:label1\" content=\"Dur\u00e9e de lecture estim\u00e9e\" \/>\n\t<meta name=\"twitter:data1\" content=\"2 minutes\" \/>\n<script type=\"application\/ld+json\" class=\"yoast-schema-graph\">{\"@context\":\"https:\\\/\\\/schema.org\",\"@graph\":[{\"@type\":\"WebPage\",\"@id\":\"https:\\\/\\\/www.zhgdled.com\\\/fr\\\/lampe-de-travail-rechargeable-a-del-serie-a-3-tetes.html\",\"url\":\"https:\\\/\\\/www.zhgdled.com\\\/fr\\\/lampe-de-travail-rechargeable-a-del-serie-a-3-tetes.html\",\"name\":\"LAMPE DE TRAVAIL \u00c0 LED RECHARGEABLE-ZHL Lighting Group\",\"isPartOf\":{\"@id\":\"https:\\\/\\\/www.zhgdled.com\\\/fr\\\/#website\"},\"primaryImageOfPage\":{\"@id\":\"https:\\\/\\\/www.zhgdled.com\\\/fr\\\/lampe-de-travail-rechargeable-a-del-serie-a-3-tetes.html#primaryimage\"},\"image\":{\"@id\":\"https:\\\/\\\/www.zhgdled.com\\\/fr\\\/lampe-de-travail-rechargeable-a-del-serie-a-3-tetes.html#primaryimage\"},\"thumbnailUrl\":\"https:\\\/\\\/www.zhgdled.com\\\/wp-content\\\/uploads\\\/2022\\\/12\\\/3-HEAD-SERIES-WORK-LIGHT.jpg\",\"datePublished\":\"2022-12-21T03:23:45+00:00\",\"dateModified\":\"2023-12-25T05:44:51+00:00\",\"description\":\"Les lampe de travail \u00e0 led rechargeable de la 3-Head est une lampe de travail professionnelle plug-and-play par tous les temps.\",\"breadcrumb\":{\"@id\":\"https:\\\/\\\/www.zhgdled.com\\\/fr\\\/lampe-de-travail-rechargeable-a-del-serie-a-3-tetes.html#breadcrumb\"},\"inLanguage\":\"fr-FR\",\"potentialAction\":[{\"@type\":\"ReadAction\",\"target\":[\"https:\\\/\\\/www.zhgdled.com\\\/fr\\\/lampe-de-travail-rechargeable-a-del-serie-a-3-tetes.html\"]}]},{\"@type\":\"ImageObject\",\"inLanguage\":\"fr-FR\",\"@id\":\"https:\\\/\\\/www.zhgdled.com\\\/fr\\\/lampe-de-travail-rechargeable-a-del-serie-a-3-tetes.html#primaryimage\",\"url\":\"https:\\\/\\\/www.zhgdled.com\\\/wp-content\\\/uploads\\\/2022\\\/12\\\/3-HEAD-SERIES-WORK-LIGHT.jpg\",\"contentUrl\":\"https:\\\/\\\/www.zhgdled.com\\\/wp-content\\\/uploads\\\/2022\\\/12\\\/3-HEAD-SERIES-WORK-LIGHT.jpg\",\"width\":736,\"height\":736,\"caption\":\"3-HEAD SERIES WORK LIGHT\"},{\"@type\":\"BreadcrumbList\",\"@id\":\"https:\\\/\\\/www.zhgdled.com\\\/fr\\\/lampe-de-travail-rechargeable-a-del-serie-a-3-tetes.html#breadcrumb\",\"itemListElement\":[{\"@type\":\"ListItem\",\"position\":1,\"name\":\"Home\",\"item\":\"https:\\\/\\\/www.zhgdled.com\\\/fr\"},{\"@type\":\"ListItem\",\"position\":2,\"name\":\"PRODUCTS\",\"item\":\"https:\\\/\\\/www.zhgdled.com\\\/zhl-products.html\"},{\"@type\":\"ListItem\",\"position\":3,\"name\":\"LAMPE DE TRAVAIL RECHARGEABLE \u00c0 DEL S\u00c9RIE \u00c0 3 T\u00caTES\"}]},{\"@type\":\"WebSite\",\"@id\":\"https:\\\/\\\/www.zhgdled.com\\\/fr\\\/#website\",\"url\":\"https:\\\/\\\/www.zhgdled.com\\\/fr\\\/\",\"name\":\"Soci\u00e9t\u00e9 ZHL \u00c9clairage\",\"description\":\"Top ranking industrial lighting manufacturer and exporter\",\"publisher\":{\"@id\":\"https:\\\/\\\/www.zhgdled.com\\\/fr\\\/#organization\"},\"potentialAction\":[{\"@type\":\"SearchAction\",\"target\":{\"@type\":\"EntryPoint\",\"urlTemplate\":\"https:\\\/\\\/www.zhgdled.com\\\/fr\\\/?s={search_term_string}\"},\"query-input\":{\"@type\":\"PropertyValueSpecification\",\"valueRequired\":true,\"valueName\":\"search_term_string\"}}],\"inLanguage\":\"fr-FR\"},{\"@type\":\"Organization\",\"@id\":\"https:\\\/\\\/www.zhgdled.com\\\/fr\\\/#organization\",\"name\":\"ZHL Lighting Group\",\"url\":\"https:\\\/\\\/www.zhgdled.com\\\/fr\\\/\",\"logo\":{\"@type\":\"ImageObject\",\"inLanguage\":\"fr-FR\",\"@id\":\"https:\\\/\\\/www.zhgdled.com\\\/fr\\\/#\\\/schema\\\/logo\\\/image\\\/\",\"url\":\"\",\"contentUrl\":\"\",\"caption\":\"ZHL Lighting Group\"},\"image\":{\"@id\":\"https:\\\/\\\/www.zhgdled.com\\\/fr\\\/#\\\/schema\\\/logo\\\/image\\\/\"},\"sameAs\":[\"https:\\\/\\\/www.facebook.com\\\/zhllightinggroup\",\"https:\\\/\\\/x.com\\\/zhl_lighting\"]}]}<\/script>\n<!-- \/ Yoast SEO plugin. -->","yoast_head_json":{"title":"LAMPE DE TRAVAIL \u00c0 LED RECHARGEABLE-ZHL Lighting Group","description":"Les lampe de travail \u00e0 led rechargeable de la 3-Head est une lampe de travail professionnelle plug-and-play par tous les temps.","robots":{"index":"index","follow":"follow","max-snippet":"max-snippet:-1","max-image-preview":"max-image-preview:large","max-video-preview":"max-video-preview:-1"},"canonical":"https:\/\/www.zhgdled.com\/fr\/lampe-de-travail-rechargeable-a-del-serie-a-3-tetes.html","og_locale":"fr_FR","og_type":"article","og_title":"LAMPE DE TRAVAIL \u00c0 LED RECHARGEABLE-ZHL Lighting Group","og_description":"Les lampe de travail \u00e0 led rechargeable de la 3-Head est une lampe de travail professionnelle plug-and-play par tous les temps.","og_url":"https:\/\/www.zhgdled.com\/fr\/lampe-de-travail-rechargeable-a-del-serie-a-3-tetes.html","og_site_name":"Soci\u00e9t\u00e9 ZHL \u00c9clairage","article_publisher":"https:\/\/www.facebook.com\/zhllightinggroup","article_modified_time":"2023-12-25T05:44:51+00:00","og_image":[{"width":736,"height":736,"url":"https:\/\/www.zhgdled.com\/wp-content\/uploads\/2022\/12\/3-HEAD-SERIES-WORK-LIGHT.jpg","type":"image\/jpeg"}],"twitter_card":"summary_large_image","twitter_site":"@zhl_lighting","twitter_misc":{"Dur\u00e9e de lecture estim\u00e9e":"2 minutes"},"schema":{"@context":"https:\/\/schema.org","@graph":[{"@type":"WebPage","@id":"https:\/\/www.zhgdled.com\/fr\/lampe-de-travail-rechargeable-a-del-serie-a-3-tetes.html","url":"https:\/\/www.zhgdled.com\/fr\/lampe-de-travail-rechargeable-a-del-serie-a-3-tetes.html","name":"LAMPE DE TRAVAIL \u00c0 LED RECHARGEABLE-ZHL Lighting Group","isPartOf":{"@id":"https:\/\/www.zhgdled.com\/fr\/#website"},"primaryImageOfPage":{"@id":"https:\/\/www.zhgdled.com\/fr\/lampe-de-travail-rechargeable-a-del-serie-a-3-tetes.html#primaryimage"},"image":{"@id":"https:\/\/www.zhgdled.com\/fr\/lampe-de-travail-rechargeable-a-del-serie-a-3-tetes.html#primaryimage"},"thumbnailUrl":"https:\/\/www.zhgdled.com\/wp-content\/uploads\/2022\/12\/3-HEAD-SERIES-WORK-LIGHT.jpg","datePublished":"2022-12-21T03:23:45+00:00","dateModified":"2023-12-25T05:44:51+00:00","description":"Les lampe de travail \u00e0 led rechargeable de la 3-Head est une lampe de travail professionnelle plug-and-play par tous les temps.","breadcrumb":{"@id":"https:\/\/www.zhgdled.com\/fr\/lampe-de-travail-rechargeable-a-del-serie-a-3-tetes.html#breadcrumb"},"inLanguage":"fr-FR","potentialAction":[{"@type":"ReadAction","target":["https:\/\/www.zhgdled.com\/fr\/lampe-de-travail-rechargeable-a-del-serie-a-3-tetes.html"]}]},{"@type":"ImageObject","inLanguage":"fr-FR","@id":"https:\/\/www.zhgdled.com\/fr\/lampe-de-travail-rechargeable-a-del-serie-a-3-tetes.html#primaryimage","url":"https:\/\/www.zhgdled.com\/wp-content\/uploads\/2022\/12\/3-HEAD-SERIES-WORK-LIGHT.jpg","contentUrl":"https:\/\/www.zhgdled.com\/wp-content\/uploads\/2022\/12\/3-HEAD-SERIES-WORK-LIGHT.jpg","width":736,"height":736,"caption":"3-HEAD SERIES WORK LIGHT"},{"@type":"BreadcrumbList","@id":"https:\/\/www.zhgdled.com\/fr\/lampe-de-travail-rechargeable-a-del-serie-a-3-tetes.html#breadcrumb","itemListElement":[{"@type":"ListItem","position":1,"name":"Home","item":"https:\/\/www.zhgdled.com\/fr"},{"@type":"ListItem","position":2,"name":"PRODUCTS","item":"https:\/\/www.zhgdled.com\/zhl-products.html"},{"@type":"ListItem","position":3,"name":"LAMPE DE TRAVAIL RECHARGEABLE \u00c0 DEL S\u00c9RIE \u00c0 3 T\u00caTES"}]},{"@type":"WebSite","@id":"https:\/\/www.zhgdled.com\/fr\/#website","url":"https:\/\/www.zhgdled.com\/fr\/","name":"Soci\u00e9t\u00e9 ZHL \u00c9clairage","description":"Top ranking industrial lighting manufacturer and exporter","publisher":{"@id":"https:\/\/www.zhgdled.com\/fr\/#organization"},"potentialAction":[{"@type":"SearchAction","target":{"@type":"EntryPoint","urlTemplate":"https:\/\/www.zhgdled.com\/fr\/?s={search_term_string}"},"query-input":{"@type":"PropertyValueSpecification","valueRequired":true,"valueName":"search_term_string"}}],"inLanguage":"fr-FR"},{"@type":"Organization","@id":"https:\/\/www.zhgdled.com\/fr\/#organization","name":"ZHL Lighting Group","url":"https:\/\/www.zhgdled.com\/fr\/","logo":{"@type":"ImageObject","inLanguage":"fr-FR","@id":"https:\/\/www.zhgdled.com\/fr\/#\/schema\/logo\/image\/","url":"","contentUrl":"","caption":"ZHL Lighting Group"},"image":{"@id":"https:\/\/www.zhgdled.com\/fr\/#\/schema\/logo\/image\/"},"sameAs":["https:\/\/www.facebook.com\/zhllightinggroup","https:\/\/x.com\/zhl_lighting"]}]}},"_links":{"self":[{"href":"https:\/\/www.zhgdled.com\/fr\/wp-json\/wp\/v2\/product\/18285","targetHints":{"allow":["GET"]}}],"collection":[{"href":"https:\/\/www.zhgdled.com\/fr\/wp-json\/wp\/v2\/product"}],"about":[{"href":"https:\/\/www.zhgdled.com\/fr\/wp-json\/wp\/v2\/types\/product"}],"wp:featuredmedia":[{"embeddable":true,"href":"https:\/\/www.zhgdled.com\/fr\/wp-json\/wp\/v2\/media\/18027"}],"wp:attachment":[{"href":"https:\/\/www.zhgdled.com\/fr\/wp-json\/wp\/v2\/media?parent=18285"}],"wp:term":[{"taxonomy":"product_brand","embeddable":true,"href":"https:\/\/www.zhgdled.com\/fr\/wp-json\/wp\/v2\/product_brand?post=18285"},{"taxonomy":"product_cat","embeddable":true,"href":"https:\/\/www.zhgdled.com\/fr\/wp-json\/wp\/v2\/product_cat?post=18285"},{"taxonomy":"product_tag","embeddable":true,"href":"https:\/\/www.zhgdled.com\/fr\/wp-json\/wp\/v2\/product_tag?post=18285"}],"curies":[{"name":"wp","href":"https:\/\/api.w.org\/{rel}","templated":true}]}}