{"id":18700,"date":"2023-06-12T14:16:18","date_gmt":"2022-10-13T06:16:18","guid":{"rendered":"https:\/\/www.zhgdled.com\/product\/cob-rechargeable-work-light-10w"},"modified":"2023-12-25T13:42:14","modified_gmt":"2023-12-25T05:42:14","slug":"cob-lampe-de-travail-led-rechargeable-10w","status":"publish","type":"product","link":"https:\/\/www.zhgdled.com\/fr\/cob-lampe-de-travail-led-rechargeable-10w.html","title":{"rendered":"LAMPE DE TRAVAIL RECHARGEABLE COB 10W"},"content":{"rendered":"<h2>Lampe de travail rechargeable \u00e0 LED pour l&#8217;int\u00e9rieur et l&#8217;ext\u00e9rieur<\/h2>\n<p>Pour toutes les applications, des conditions d&#8217;\u00e9clairage professionnelles et confortables sont essentielles pour pouvoir travailler plus rapidement, plus pr\u00e9cis\u00e9ment et de mani\u00e8re productive au cr\u00e9puscule et dans l&#8217;obscurit\u00e9. Les projecteurs de travail de la gamme compl\u00e8te de ZHL s&#8217;en occupent gr\u00e2ce \u00e0 leur proc\u00e9dure de fabrication fiable. ZHL offre la s\u00e9curit\u00e9 d&#8217;un produit de marque fiable. ZHL est \u00e9tabli en tant qu&#8217;OEM mondial pour tous les principaux fabricants d&#8217;\u00e9clairage internationaux, car nous mettons l&#8217;accent sur la plus haute qualit\u00e9 dans tous les domaines. Par exemple, tous les projecteurs de travail sont soumis \u00e0 des tests de r\u00e9sistance extr\u00eames lors du d\u00e9veloppement et de la production. Vous trouverez de plus amples informations sur nos tests de qualit\u00e9 sur les pages &#8220;Cas&#8221; et &#8220;Recherche&#8221;.<\/p>\n<p>La technologie LED est beaucoup plus exigeante que les lampes halog\u00e8nes et x\u00e9non conventionnelles. C&#8217;est pourquoi les diff\u00e9rences de qualit\u00e9 sont particuli\u00e8rement \u00e9videntes dans ces appareils. ZHL se consacre depuis des ann\u00e9es au march\u00e9 des lampes \u00e0 LED.<\/p>\n<blockquote><p>Besoin d&#8217;un catalogue ? <a href=\"https:\/\/www.zhgdled.com\/download\/cob-rechargeable-work-light\">T\u00e9l\u00e9charger le catalogue de la lampe de travail rechargeable \u00e0 led &#8211; T\u00e9l\u00e9charger le catalogue de tous les produits ZHL<\/a><\/p><\/blockquote>\n<h2>SPECIFICATION<\/h2>\n<table style=\"border-collapse: collapse; width: 370.52pt;\" border=\"0\" width=\"494\" cellspacing=\"0\" cellpadding=\"0\">\n<tbody>\n<tr style=\"height: 16.50pt;\">\n<td class=\"et2\" style=\"height: 16.50pt; width: 120.75pt;\" width=\"161\" height=\"22\">Pouvoir:<\/td>\n<td class=\"et2\" style=\"width: 249.75pt;\" width=\"333\">10W<\/td>\n<\/tr>\n<tr style=\"height: 16.50pt;\">\n<td class=\"et2\" style=\"height: 16.50pt;\" height=\"22\">Source de lumi\u00e8re:<\/td>\n<td class=\"et2\">COB<\/td>\n<\/tr>\n<tr style=\"height: 16.50pt;\">\n<td class=\"et2\" style=\"height: 16.50pt;\" height=\"22\">Flux lumineux:<\/td>\n<td class=\"et2\">1000lm<\/td>\n<\/tr>\n<tr style=\"height: 16.50pt;\">\n<td class=\"et2\" style=\"height: 16.50pt;\" height=\"22\">CRI<\/td>\n<td class=\"et2\">&gt;80<\/td>\n<\/tr>\n<tr style=\"height: 16.50pt;\">\n<td class=\"et2\" style=\"height: 16.50pt;\" height=\"22\">Facteur de puissance<\/td>\n<td class=\"et2\">&gt;0.9<\/td>\n<\/tr>\n<tr style=\"height: 16.50pt;\">\n<td class=\"et2\" style=\"height: 16.50pt;\" height=\"22\">Angle de faisceau\u00a0:<\/td>\n<td class=\"et2\">110\u00b0<\/td>\n<\/tr>\n<tr style=\"height: 16.50pt;\">\n<td class=\"et2\" style=\"height: 16.50pt;\" height=\"22\">tension:<\/td>\n<td class=\"et2\">4.5V DC<\/td>\n<\/tr>\n<tr style=\"height: 16.50pt;\">\n<td class=\"et2\" style=\"height: 16.50pt;\" height=\"22\">CCT:<\/td>\n<td class=\"et2\">2700K-3200K \/ 4000K-4500K \/ 6000K-6500K<\/td>\n<\/tr>\n<tr style=\"height: 16.50pt;\">\n<td class=\"et2\" style=\"height: 16.50pt;\" height=\"22\">Indice d&#8217;\u00e9tanch\u00e9it\u00e9 :<\/td>\n<td class=\"et2\">IP54<\/td>\n<\/tr>\n<tr style=\"height: 16.50pt;\">\n<td class=\"et2\" style=\"height: 16.50pt;\" height=\"22\">Dur\u00e9e de vie:<\/td>\n<td class=\"et2\">30 000 heures<\/td>\n<\/tr>\n<tr style=\"height: 16.50pt;\">\n<td class=\"et2\" style=\"height: 16.50pt;\" height=\"22\">Mat\u00e9riel:<\/td>\n<td class=\"et2\">Aluminium, Nylonpower<\/td>\n<\/tr>\n<tr style=\"height: 16.50pt;\">\n<td class=\"et2\" style=\"height: 16.50pt;\" height=\"22\">Mode lumi\u00e8re\u00a0:<\/td>\n<td class=\"et2\">100\u00a0% de luminosit\u00e9 \/ 50\u00a0% de luminosit\u00e9 \/ D\u00e9sactiv\u00e9<\/td>\n<\/tr>\n<tr style=\"height: 16.50pt;\">\n<td class=\"et2\" style=\"height: 16.50pt;\" height=\"22\">Temps de charge:<\/td>\n<td class=\"et2\">3 heures<\/td>\n<\/tr>\n<tr style=\"height: 16.50pt;\">\n<td class=\"et2\" style=\"height: 16.50pt;\" height=\"22\">Temps de d\u00e9charge\u00a0:<\/td>\n<td class=\"et2\">4 heures<\/td>\n<\/tr>\n<tr style=\"height: 16.50pt;\">\n<td class=\"et2\" style=\"height: 16.50pt;\" height=\"22\">Capacit\u00e9 de la batterie:<\/td>\n<td class=\"et2\">4.4AH \/ 3.7V<\/td>\n<\/tr>\n<tr style=\"height: 16.50pt;\">\n<td class=\"et2\" style=\"height: 16.50pt;\" height=\"22\">Garantie:<\/td>\n<td class=\"et2\">2 ann\u00e9es<\/td>\n<\/tr>\n<\/tbody>\n<\/table>\n<p><img decoding=\"async\" class=\"size-full wp-image-17413\" src=\"https:\/\/www.zhgdled.com\/wp-content\/uploads\/2022\/10\/20221026093308.jpg\" alt=\"COB rechargeable work light\" width=\"1279\" height=\"850\" srcset=\"https:\/\/www.zhgdled.com\/wp-content\/uploads\/2022\/10\/20221026093308.jpg 1279w, https:\/\/www.zhgdled.com\/wp-content\/uploads\/2022\/10\/20221026093308-300x199.jpg 300w, https:\/\/www.zhgdled.com\/wp-content\/uploads\/2022\/10\/20221026093308-1024x681.jpg 1024w, https:\/\/www.zhgdled.com\/wp-content\/uploads\/2022\/10\/20221026093308-768x510.jpg 768w, https:\/\/www.zhgdled.com\/wp-content\/uploads\/2022\/10\/20221026093308-600x399.jpg 600w, https:\/\/www.zhgdled.com\/wp-content\/uploads\/2022\/10\/20221026093308-150x100.jpg 150w\" sizes=\"(max-width: 1279px) 100vw, 1279px\" \/><\/p>\n","protected":false},"excerpt":{"rendered":"<p>Les projecteurs de travail \u00e0 gamme compl\u00e8te de ZHL permettent de travailler plus rapidement, plus pr\u00e9cis\u00e9ment et de mani\u00e8re productive au cr\u00e9puscule et dans l&#8217;obscurit\u00e9 gr\u00e2ce \u00e0 leur proc\u00e9dure de fabrication fiable.<\/p>\n<ul>\n<li>Puissance : 10W<\/li>\n<li>Source de lumi\u00e8re\u00a0: COB<\/li>\n<li>Flux lumineux : 1000lm<\/li>\n<li>Ra&gt;80, PF&gt;0.9<\/li>\n<li>Angle de faisceau : 110\u00b0<\/li>\n<li>Tension : 4,5 V CC<\/li>\n<li>CCT : 2700K-3200K \/ 4000K-4500K \/ 6000K-6500K<\/li>\n<\/ul>\n","protected":false},"featured_media":14921,"template":"","meta":[],"product_brand":[],"product_cat":[629],"product_tag":[],"class_list":{"0":"post-18700","1":"product","2":"type-product","3":"status-publish","4":"has-post-thumbnail","6":"product_cat-lampes-de-travail","8":"first","9":"instock","10":"shipping-taxable","11":"product-type-simple"},"yoast_head":"<!-- This site is optimized with the Yoast SEO plugin v27.4 - https:\/\/yoast.com\/product\/yoast-seo-wordpress\/ -->\n<title>Lampe de Travail Led Rechargeable Cob 10W<\/title>\n<meta name=\"description\" content=\"Les lampes de travail \u00e0 LED rechargeables permettent de travailler plus rapidement, plus pr\u00e9cis\u00e9ment et de mani\u00e8re productive au cr\u00e9puscule et dans l&#039;obscurit\u00e9 gr\u00e2ce \u00e0 leur proc\u00e9d\u00e9 de fabrication fiable.\" \/>\n<meta name=\"robots\" content=\"index, follow, max-snippet:-1, max-image-preview:large, max-video-preview:-1\" \/>\n<link rel=\"canonical\" href=\"https:\/\/www.zhgdled.com\/fr\/cob-lampe-de-travail-led-rechargeable-10w.html\" \/>\n<meta property=\"og:locale\" content=\"fr_FR\" \/>\n<meta property=\"og:type\" content=\"article\" \/>\n<meta property=\"og:title\" content=\"Lampe de Travail Led Rechargeable Cob 10W\" \/>\n<meta property=\"og:description\" content=\"Les lampes de travail \u00e0 LED rechargeables permettent de travailler plus rapidement, plus pr\u00e9cis\u00e9ment et de mani\u00e8re productive au cr\u00e9puscule et dans l&#039;obscurit\u00e9 gr\u00e2ce \u00e0 leur proc\u00e9d\u00e9 de fabrication fiable.\" \/>\n<meta property=\"og:url\" content=\"https:\/\/www.zhgdled.com\/fr\/cob-lampe-de-travail-led-rechargeable-10w.html\" \/>\n<meta property=\"og:site_name\" content=\"Soci\u00e9t\u00e9 ZHL \u00c9clairage\" \/>\n<meta property=\"article:publisher\" content=\"https:\/\/www.facebook.com\/zhllightinggroup\" \/>\n<meta property=\"article:modified_time\" content=\"2023-12-25T05:42:14+00:00\" \/>\n<meta property=\"og:image\" content=\"https:\/\/www.zhgdled.com\/wp-content\/uploads\/2022\/10\/COB_RECHARGEABLE_WORK_LIGHT.png\" \/>\n\t<meta property=\"og:image:width\" content=\"1600\" \/>\n\t<meta property=\"og:image:height\" content=\"1600\" \/>\n\t<meta property=\"og:image:type\" content=\"image\/png\" \/>\n<meta name=\"twitter:card\" content=\"summary_large_image\" \/>\n<meta name=\"twitter:site\" content=\"@zhl_lighting\" \/>\n<meta name=\"twitter:label1\" content=\"Dur\u00e9e de lecture estim\u00e9e\" \/>\n\t<meta name=\"twitter:data1\" content=\"2 minutes\" \/>\n<script type=\"application\/ld+json\" class=\"yoast-schema-graph\">{\"@context\":\"https:\\\/\\\/schema.org\",\"@graph\":[{\"@type\":\"WebPage\",\"@id\":\"https:\\\/\\\/www.zhgdled.com\\\/fr\\\/cob-lampe-de-travail-led-rechargeable-10w.html\",\"url\":\"https:\\\/\\\/www.zhgdled.com\\\/fr\\\/cob-lampe-de-travail-led-rechargeable-10w.html\",\"name\":\"Lampe de Travail Led Rechargeable Cob 10W\",\"isPartOf\":{\"@id\":\"https:\\\/\\\/www.zhgdled.com\\\/fr\\\/#website\"},\"primaryImageOfPage\":{\"@id\":\"https:\\\/\\\/www.zhgdled.com\\\/fr\\\/cob-lampe-de-travail-led-rechargeable-10w.html#primaryimage\"},\"image\":{\"@id\":\"https:\\\/\\\/www.zhgdled.com\\\/fr\\\/cob-lampe-de-travail-led-rechargeable-10w.html#primaryimage\"},\"thumbnailUrl\":\"https:\\\/\\\/www.zhgdled.com\\\/wp-content\\\/uploads\\\/2022\\\/10\\\/COB_RECHARGEABLE_WORK_LIGHT.png\",\"datePublished\":\"2022-10-13T06:16:18+00:00\",\"dateModified\":\"2023-12-25T05:42:14+00:00\",\"description\":\"Les lampes de travail \u00e0 LED rechargeables permettent de travailler plus rapidement, plus pr\u00e9cis\u00e9ment et de mani\u00e8re productive au cr\u00e9puscule et dans l'obscurit\u00e9 gr\u00e2ce \u00e0 leur proc\u00e9d\u00e9 de fabrication fiable.\",\"breadcrumb\":{\"@id\":\"https:\\\/\\\/www.zhgdled.com\\\/fr\\\/cob-lampe-de-travail-led-rechargeable-10w.html#breadcrumb\"},\"inLanguage\":\"fr-FR\",\"potentialAction\":[{\"@type\":\"ReadAction\",\"target\":[\"https:\\\/\\\/www.zhgdled.com\\\/fr\\\/cob-lampe-de-travail-led-rechargeable-10w.html\"]}]},{\"@type\":\"ImageObject\",\"inLanguage\":\"fr-FR\",\"@id\":\"https:\\\/\\\/www.zhgdled.com\\\/fr\\\/cob-lampe-de-travail-led-rechargeable-10w.html#primaryimage\",\"url\":\"https:\\\/\\\/www.zhgdled.com\\\/wp-content\\\/uploads\\\/2022\\\/10\\\/COB_RECHARGEABLE_WORK_LIGHT.png\",\"contentUrl\":\"https:\\\/\\\/www.zhgdled.com\\\/wp-content\\\/uploads\\\/2022\\\/10\\\/COB_RECHARGEABLE_WORK_LIGHT.png\",\"width\":1600,\"height\":1600,\"caption\":\"LUZ DE TRABALHO RECARREG\u00c1VEL COB\"},{\"@type\":\"BreadcrumbList\",\"@id\":\"https:\\\/\\\/www.zhgdled.com\\\/fr\\\/cob-lampe-de-travail-led-rechargeable-10w.html#breadcrumb\",\"itemListElement\":[{\"@type\":\"ListItem\",\"position\":1,\"name\":\"Home\",\"item\":\"https:\\\/\\\/www.zhgdled.com\\\/fr\"},{\"@type\":\"ListItem\",\"position\":2,\"name\":\"PRODUCTS\",\"item\":\"https:\\\/\\\/www.zhgdled.com\\\/zhl-products.html\"},{\"@type\":\"ListItem\",\"position\":3,\"name\":\"LAMPE DE TRAVAIL RECHARGEABLE COB 10W\"}]},{\"@type\":\"WebSite\",\"@id\":\"https:\\\/\\\/www.zhgdled.com\\\/fr\\\/#website\",\"url\":\"https:\\\/\\\/www.zhgdled.com\\\/fr\\\/\",\"name\":\"Soci\u00e9t\u00e9 ZHL \u00c9clairage\",\"description\":\"Top ranking industrial lighting manufacturer and exporter\",\"publisher\":{\"@id\":\"https:\\\/\\\/www.zhgdled.com\\\/fr\\\/#organization\"},\"potentialAction\":[{\"@type\":\"SearchAction\",\"target\":{\"@type\":\"EntryPoint\",\"urlTemplate\":\"https:\\\/\\\/www.zhgdled.com\\\/fr\\\/?s={search_term_string}\"},\"query-input\":{\"@type\":\"PropertyValueSpecification\",\"valueRequired\":true,\"valueName\":\"search_term_string\"}}],\"inLanguage\":\"fr-FR\"},{\"@type\":\"Organization\",\"@id\":\"https:\\\/\\\/www.zhgdled.com\\\/fr\\\/#organization\",\"name\":\"ZHL Lighting Group\",\"url\":\"https:\\\/\\\/www.zhgdled.com\\\/fr\\\/\",\"logo\":{\"@type\":\"ImageObject\",\"inLanguage\":\"fr-FR\",\"@id\":\"https:\\\/\\\/www.zhgdled.com\\\/fr\\\/#\\\/schema\\\/logo\\\/image\\\/\",\"url\":\"\",\"contentUrl\":\"\",\"caption\":\"ZHL Lighting Group\"},\"image\":{\"@id\":\"https:\\\/\\\/www.zhgdled.com\\\/fr\\\/#\\\/schema\\\/logo\\\/image\\\/\"},\"sameAs\":[\"https:\\\/\\\/www.facebook.com\\\/zhllightinggroup\",\"https:\\\/\\\/x.com\\\/zhl_lighting\"]}]}<\/script>\n<!-- \/ Yoast SEO plugin. -->","yoast_head_json":{"title":"Lampe de Travail Led Rechargeable Cob 10W","description":"Les lampes de travail \u00e0 LED rechargeables permettent de travailler plus rapidement, plus pr\u00e9cis\u00e9ment et de mani\u00e8re productive au cr\u00e9puscule et dans l'obscurit\u00e9 gr\u00e2ce \u00e0 leur proc\u00e9d\u00e9 de fabrication fiable.","robots":{"index":"index","follow":"follow","max-snippet":"max-snippet:-1","max-image-preview":"max-image-preview:large","max-video-preview":"max-video-preview:-1"},"canonical":"https:\/\/www.zhgdled.com\/fr\/cob-lampe-de-travail-led-rechargeable-10w.html","og_locale":"fr_FR","og_type":"article","og_title":"Lampe de Travail Led Rechargeable Cob 10W","og_description":"Les lampes de travail \u00e0 LED rechargeables permettent de travailler plus rapidement, plus pr\u00e9cis\u00e9ment et de mani\u00e8re productive au cr\u00e9puscule et dans l'obscurit\u00e9 gr\u00e2ce \u00e0 leur proc\u00e9d\u00e9 de fabrication fiable.","og_url":"https:\/\/www.zhgdled.com\/fr\/cob-lampe-de-travail-led-rechargeable-10w.html","og_site_name":"Soci\u00e9t\u00e9 ZHL \u00c9clairage","article_publisher":"https:\/\/www.facebook.com\/zhllightinggroup","article_modified_time":"2023-12-25T05:42:14+00:00","og_image":[{"width":1600,"height":1600,"url":"https:\/\/www.zhgdled.com\/wp-content\/uploads\/2022\/10\/COB_RECHARGEABLE_WORK_LIGHT.png","type":"image\/png"}],"twitter_card":"summary_large_image","twitter_site":"@zhl_lighting","twitter_misc":{"Dur\u00e9e de lecture estim\u00e9e":"2 minutes"},"schema":{"@context":"https:\/\/schema.org","@graph":[{"@type":"WebPage","@id":"https:\/\/www.zhgdled.com\/fr\/cob-lampe-de-travail-led-rechargeable-10w.html","url":"https:\/\/www.zhgdled.com\/fr\/cob-lampe-de-travail-led-rechargeable-10w.html","name":"Lampe de Travail Led Rechargeable Cob 10W","isPartOf":{"@id":"https:\/\/www.zhgdled.com\/fr\/#website"},"primaryImageOfPage":{"@id":"https:\/\/www.zhgdled.com\/fr\/cob-lampe-de-travail-led-rechargeable-10w.html#primaryimage"},"image":{"@id":"https:\/\/www.zhgdled.com\/fr\/cob-lampe-de-travail-led-rechargeable-10w.html#primaryimage"},"thumbnailUrl":"https:\/\/www.zhgdled.com\/wp-content\/uploads\/2022\/10\/COB_RECHARGEABLE_WORK_LIGHT.png","datePublished":"2022-10-13T06:16:18+00:00","dateModified":"2023-12-25T05:42:14+00:00","description":"Les lampes de travail \u00e0 LED rechargeables permettent de travailler plus rapidement, plus pr\u00e9cis\u00e9ment et de mani\u00e8re productive au cr\u00e9puscule et dans l'obscurit\u00e9 gr\u00e2ce \u00e0 leur proc\u00e9d\u00e9 de fabrication fiable.","breadcrumb":{"@id":"https:\/\/www.zhgdled.com\/fr\/cob-lampe-de-travail-led-rechargeable-10w.html#breadcrumb"},"inLanguage":"fr-FR","potentialAction":[{"@type":"ReadAction","target":["https:\/\/www.zhgdled.com\/fr\/cob-lampe-de-travail-led-rechargeable-10w.html"]}]},{"@type":"ImageObject","inLanguage":"fr-FR","@id":"https:\/\/www.zhgdled.com\/fr\/cob-lampe-de-travail-led-rechargeable-10w.html#primaryimage","url":"https:\/\/www.zhgdled.com\/wp-content\/uploads\/2022\/10\/COB_RECHARGEABLE_WORK_LIGHT.png","contentUrl":"https:\/\/www.zhgdled.com\/wp-content\/uploads\/2022\/10\/COB_RECHARGEABLE_WORK_LIGHT.png","width":1600,"height":1600,"caption":"LUZ DE TRABALHO RECARREG\u00c1VEL COB"},{"@type":"BreadcrumbList","@id":"https:\/\/www.zhgdled.com\/fr\/cob-lampe-de-travail-led-rechargeable-10w.html#breadcrumb","itemListElement":[{"@type":"ListItem","position":1,"name":"Home","item":"https:\/\/www.zhgdled.com\/fr"},{"@type":"ListItem","position":2,"name":"PRODUCTS","item":"https:\/\/www.zhgdled.com\/zhl-products.html"},{"@type":"ListItem","position":3,"name":"LAMPE DE TRAVAIL RECHARGEABLE COB 10W"}]},{"@type":"WebSite","@id":"https:\/\/www.zhgdled.com\/fr\/#website","url":"https:\/\/www.zhgdled.com\/fr\/","name":"Soci\u00e9t\u00e9 ZHL \u00c9clairage","description":"Top ranking industrial lighting manufacturer and exporter","publisher":{"@id":"https:\/\/www.zhgdled.com\/fr\/#organization"},"potentialAction":[{"@type":"SearchAction","target":{"@type":"EntryPoint","urlTemplate":"https:\/\/www.zhgdled.com\/fr\/?s={search_term_string}"},"query-input":{"@type":"PropertyValueSpecification","valueRequired":true,"valueName":"search_term_string"}}],"inLanguage":"fr-FR"},{"@type":"Organization","@id":"https:\/\/www.zhgdled.com\/fr\/#organization","name":"ZHL Lighting Group","url":"https:\/\/www.zhgdled.com\/fr\/","logo":{"@type":"ImageObject","inLanguage":"fr-FR","@id":"https:\/\/www.zhgdled.com\/fr\/#\/schema\/logo\/image\/","url":"","contentUrl":"","caption":"ZHL Lighting Group"},"image":{"@id":"https:\/\/www.zhgdled.com\/fr\/#\/schema\/logo\/image\/"},"sameAs":["https:\/\/www.facebook.com\/zhllightinggroup","https:\/\/x.com\/zhl_lighting"]}]}},"_links":{"self":[{"href":"https:\/\/www.zhgdled.com\/fr\/wp-json\/wp\/v2\/product\/18700","targetHints":{"allow":["GET"]}}],"collection":[{"href":"https:\/\/www.zhgdled.com\/fr\/wp-json\/wp\/v2\/product"}],"about":[{"href":"https:\/\/www.zhgdled.com\/fr\/wp-json\/wp\/v2\/types\/product"}],"wp:featuredmedia":[{"embeddable":true,"href":"https:\/\/www.zhgdled.com\/fr\/wp-json\/wp\/v2\/media\/14921"}],"wp:attachment":[{"href":"https:\/\/www.zhgdled.com\/fr\/wp-json\/wp\/v2\/media?parent=18700"}],"wp:term":[{"taxonomy":"product_brand","embeddable":true,"href":"https:\/\/www.zhgdled.com\/fr\/wp-json\/wp\/v2\/product_brand?post=18700"},{"taxonomy":"product_cat","embeddable":true,"href":"https:\/\/www.zhgdled.com\/fr\/wp-json\/wp\/v2\/product_cat?post=18700"},{"taxonomy":"product_tag","embeddable":true,"href":"https:\/\/www.zhgdled.com\/fr\/wp-json\/wp\/v2\/product_tag?post=18700"}],"curies":[{"name":"wp","href":"https:\/\/api.w.org\/{rel}","templated":true}]}}