{"id":18713,"date":"2023-10-24T16:24:17","date_gmt":"2022-09-26T08:24:17","guid":{"rendered":"https:\/\/www.zhgdled.com\/product\/explorer-series-solar-street-light"},"modified":"2023-01-18T11:18:03","modified_gmt":"2023-01-18T03:18:03","slug":"lampadaire-solaire-serie-explorateur","status":"publish","type":"product","link":"https:\/\/www.zhgdled.com\/fr\/lampadaire-solaire-serie-explorateur.html","title":{"rendered":"LAMPADAIRE SOLAIRE S\u00c9RIE EXPLORER"},"content":{"rendered":"<h2>R\u00e9verb\u00e8re solaire, apportez de la lumi\u00e8re \u00e0 vos zones hors r\u00e9seau, installez et partez, aucun c\u00e2blage requis<\/h2>\n<ul>\n<li>Lampadaire solaire \u00e0 haute efficacit\u00e9 lumineuse &gt; 180lm\/w pour maximiser les performances de la batterie.<\/li>\n<li>Contr\u00f4leur de charge PWM pour une efficacit\u00e9 de charge maximale. Contr\u00f4le intelligent des cercles de charge et de d\u00e9charge (plus de 2000 fois).<\/li>\n<li>Fonctionne de mani\u00e8re transparente pendant 2-3 jours de pluie en mode intelligent.<\/li>\n<li>Bo\u00eetier en aluminium moul\u00e9 sous pression ZHL pour une stabilit\u00e9 et une dissipation thermique exceptionnelles.<\/li>\n<\/ul>\n<h2>APPLICATION<\/h2>\n<ul>\n<li>Route &amp; Rue<\/li>\n<li>Centres commerciaux<\/li>\n<li>Industries, bureaux et campus scolaires<\/li>\n<li>Parcs, sentiers p\u00e9destres, pistes cyclables<\/li>\n<li>Zones suburbaines<\/li>\n<\/ul>\n<h2>CARACT\u00c9RISTIQUES<\/h2>\n<table>\n<tbody>\n<tr>\n<td width=\"284\">Puissance (W)<\/td>\n<td width=\"284\">20w\/30w<\/td>\n<\/tr>\n<tr>\n<td width=\"284\">CCT<\/td>\n<td width=\"284\">5700K<\/td>\n<\/tr>\n<tr>\n<td width=\"284\">CRI<\/td>\n<td width=\"284\">Ra70<\/td>\n<\/tr>\n<tr>\n<td width=\"284\">Efficacit\u00e9 (lm\/w)<\/td>\n<td width=\"284\">180<\/td>\n<\/tr>\n<tr>\n<td width=\"284\">Flux lumineux (lm)<\/td>\n<td width=\"284\">3600\/5400<\/td>\n<\/tr>\n<tr>\n<td width=\"284\">Gradable<\/td>\n<td width=\"284\">Oui<\/td>\n<\/tr>\n<tr>\n<td width=\"284\">Emplacement de la batterie<\/td>\n<td width=\"284\">Int\u00e9gr\u00e9<\/td>\n<\/tr>\n<tr>\n<td width=\"284\">Cercles de batterie<\/td>\n<td width=\"284\">2000 fois<\/td>\n<\/tr>\n<tr>\n<td width=\"284\">Type de batterie<\/td>\n<td width=\"284\">LiFePO4<\/td>\n<\/tr>\n<tr>\n<td width=\"284\">Contr\u00f4leur de charge<\/td>\n<td width=\"284\">PWM<\/td>\n<\/tr>\n<tr>\n<td width=\"284\">Panneau solaire<\/td>\n<td width=\"284\">Monocristallin<\/td>\n<\/tr>\n<tr>\n<td width=\"284\">En mode travail<\/td>\n<td width=\"284\">Micro-ondes, contr\u00f4le du temps, t\u00e9l\u00e9commande<\/td>\n<\/tr>\n<tr>\n<td width=\"284\">Plage de temp\u00e9rature ambiante<\/td>\n<td width=\"284\">-10\u2103-+45\u2103<\/td>\n<\/tr>\n<\/tbody>\n<\/table>\n","protected":false},"excerpt":{"rendered":"<p>Efficacit\u00e9 lumineuse \u00e9lev\u00e9e &gt; 180lm\/w pour maximiser les performances de la batterie. Contr\u00f4leur de charge PWM pour une efficacit\u00e9 de charge maximale. Contr\u00f4le intelligent des cercles de charge et de d\u00e9charge (plus de 2000 fois). Fonctionne de mani\u00e8re transparente pendant 2-3 jours de pluie en mode intelligent. Bo\u00eetier en aluminium moul\u00e9 sous pression ZHL pour une stabilit\u00e9 et une dissipation thermique exceptionnelles.<\/p>\n<p><a href=\"https:\/\/www.zhgdled.com\/download\/explorer-series-solar-street-lights\">Cliquez ici<\/a>\u00a0pour t\u00e9l\u00e9charger le catalogue<\/p>\n<ul>\n<li>Puissance : 20w\/30w<\/li>\n<li>5700K<\/li>\n<li>180lm\/w<\/li>\n<li>Batterie LiFePO4, &gt; 2000 cercles de charge<\/li>\n<li>Micro-ondes, contr\u00f4le du temps, t\u00e9l\u00e9commande<\/li>\n<li>Microwave, time control, Remote control<\/li>\n<\/ul>\n","protected":false},"featured_media":14566,"template":"","meta":[],"product_brand":[],"product_cat":[],"product_tag":[],"class_list":{"0":"post-18713","1":"product","2":"type-product","3":"status-publish","4":"has-post-thumbnail","7":"first","8":"instock","9":"shipping-taxable","10":"product-type-simple"},"yoast_head":"<!-- This site is optimized with the Yoast SEO plugin v27.4 - https:\/\/yoast.com\/product\/yoast-seo-wordpress\/ -->\n<title>R\u00e9verb\u00e8re solaire s\u00e9rie Explorer-ZHL Lighting Group<\/title>\n<meta name=\"description\" content=\"Les lampadaires solaires de la s\u00e9rie Explorer ont une efficacit\u00e9 lumineuse &gt;180lm\/w, maximisant les performances de la batterie.\" \/>\n<meta name=\"robots\" content=\"index, follow, max-snippet:-1, max-image-preview:large, max-video-preview:-1\" \/>\n<link rel=\"canonical\" href=\"https:\/\/www.zhgdled.com\/fr\/lampadaire-solaire-serie-explorateur.html\" \/>\n<meta property=\"og:locale\" content=\"fr_FR\" \/>\n<meta property=\"og:type\" content=\"article\" \/>\n<meta property=\"og:title\" content=\"R\u00e9verb\u00e8re solaire s\u00e9rie Explorer-ZHL Lighting Group\" \/>\n<meta property=\"og:description\" content=\"Les lampadaires solaires de la s\u00e9rie Explorer ont une efficacit\u00e9 lumineuse &gt;180lm\/w, maximisant les performances de la batterie.\" \/>\n<meta property=\"og:url\" content=\"https:\/\/www.zhgdled.com\/fr\/lampadaire-solaire-serie-explorateur.html\" \/>\n<meta property=\"og:site_name\" content=\"Soci\u00e9t\u00e9 ZHL \u00c9clairage\" \/>\n<meta property=\"article:publisher\" content=\"https:\/\/www.facebook.com\/zhllightinggroup\" \/>\n<meta property=\"article:modified_time\" content=\"2023-01-18T03:18:03+00:00\" \/>\n<meta property=\"og:image\" content=\"https:\/\/www.zhgdled.com\/wp-content\/uploads\/2022\/09\/1664173366336.jpg\" \/>\n\t<meta property=\"og:image:width\" content=\"1721\" \/>\n\t<meta property=\"og:image:height\" content=\"1721\" \/>\n\t<meta property=\"og:image:type\" content=\"image\/jpeg\" \/>\n<meta name=\"twitter:card\" content=\"summary_large_image\" \/>\n<meta name=\"twitter:site\" content=\"@zhl_lighting\" \/>\n<meta name=\"twitter:label1\" content=\"Dur\u00e9e de lecture estim\u00e9e\" \/>\n\t<meta name=\"twitter:data1\" content=\"1 minute\" \/>\n<script type=\"application\/ld+json\" class=\"yoast-schema-graph\">{\"@context\":\"https:\\\/\\\/schema.org\",\"@graph\":[{\"@type\":\"WebPage\",\"@id\":\"https:\\\/\\\/www.zhgdled.com\\\/fr\\\/lampadaire-solaire-serie-explorateur.html\",\"url\":\"https:\\\/\\\/www.zhgdled.com\\\/fr\\\/lampadaire-solaire-serie-explorateur.html\",\"name\":\"R\u00e9verb\u00e8re solaire s\u00e9rie Explorer-ZHL Lighting Group\",\"isPartOf\":{\"@id\":\"https:\\\/\\\/www.zhgdled.com\\\/fr\\\/#website\"},\"primaryImageOfPage\":{\"@id\":\"https:\\\/\\\/www.zhgdled.com\\\/fr\\\/lampadaire-solaire-serie-explorateur.html#primaryimage\"},\"image\":{\"@id\":\"https:\\\/\\\/www.zhgdled.com\\\/fr\\\/lampadaire-solaire-serie-explorateur.html#primaryimage\"},\"thumbnailUrl\":\"https:\\\/\\\/www.zhgdled.com\\\/wp-content\\\/uploads\\\/2022\\\/09\\\/1664173366336.jpg\",\"datePublished\":\"2022-09-26T08:24:17+00:00\",\"dateModified\":\"2023-01-18T03:18:03+00:00\",\"description\":\"Les lampadaires solaires de la s\u00e9rie Explorer ont une efficacit\u00e9 lumineuse >180lm\\\/w, maximisant les performances de la batterie.\",\"breadcrumb\":{\"@id\":\"https:\\\/\\\/www.zhgdled.com\\\/fr\\\/lampadaire-solaire-serie-explorateur.html#breadcrumb\"},\"inLanguage\":\"fr-FR\",\"potentialAction\":[{\"@type\":\"ReadAction\",\"target\":[\"https:\\\/\\\/www.zhgdled.com\\\/fr\\\/lampadaire-solaire-serie-explorateur.html\"]}]},{\"@type\":\"ImageObject\",\"inLanguage\":\"fr-FR\",\"@id\":\"https:\\\/\\\/www.zhgdled.com\\\/fr\\\/lampadaire-solaire-serie-explorateur.html#primaryimage\",\"url\":\"https:\\\/\\\/www.zhgdled.com\\\/wp-content\\\/uploads\\\/2022\\\/09\\\/1664173366336.jpg\",\"contentUrl\":\"https:\\\/\\\/www.zhgdled.com\\\/wp-content\\\/uploads\\\/2022\\\/09\\\/1664173366336.jpg\",\"width\":1721,\"height\":1721,\"caption\":\"R\u00e9verb\u00e8re solaire s\u00e9rie Explorer\"},{\"@type\":\"BreadcrumbList\",\"@id\":\"https:\\\/\\\/www.zhgdled.com\\\/fr\\\/lampadaire-solaire-serie-explorateur.html#breadcrumb\",\"itemListElement\":[{\"@type\":\"ListItem\",\"position\":1,\"name\":\"Home\",\"item\":\"https:\\\/\\\/www.zhgdled.com\\\/fr\"},{\"@type\":\"ListItem\",\"position\":2,\"name\":\"PRODUCTS\",\"item\":\"https:\\\/\\\/www.zhgdled.com\\\/zhl-products.html\"},{\"@type\":\"ListItem\",\"position\":3,\"name\":\"LAMPADAIRE SOLAIRE S\u00c9RIE EXPLORER\"}]},{\"@type\":\"WebSite\",\"@id\":\"https:\\\/\\\/www.zhgdled.com\\\/fr\\\/#website\",\"url\":\"https:\\\/\\\/www.zhgdled.com\\\/fr\\\/\",\"name\":\"Soci\u00e9t\u00e9 ZHL \u00c9clairage\",\"description\":\"Top ranking industrial lighting manufacturer and exporter\",\"publisher\":{\"@id\":\"https:\\\/\\\/www.zhgdled.com\\\/fr\\\/#organization\"},\"potentialAction\":[{\"@type\":\"SearchAction\",\"target\":{\"@type\":\"EntryPoint\",\"urlTemplate\":\"https:\\\/\\\/www.zhgdled.com\\\/fr\\\/?s={search_term_string}\"},\"query-input\":{\"@type\":\"PropertyValueSpecification\",\"valueRequired\":true,\"valueName\":\"search_term_string\"}}],\"inLanguage\":\"fr-FR\"},{\"@type\":\"Organization\",\"@id\":\"https:\\\/\\\/www.zhgdled.com\\\/fr\\\/#organization\",\"name\":\"ZHL Lighting Group\",\"url\":\"https:\\\/\\\/www.zhgdled.com\\\/fr\\\/\",\"logo\":{\"@type\":\"ImageObject\",\"inLanguage\":\"fr-FR\",\"@id\":\"https:\\\/\\\/www.zhgdled.com\\\/fr\\\/#\\\/schema\\\/logo\\\/image\\\/\",\"url\":\"\",\"contentUrl\":\"\",\"caption\":\"ZHL Lighting Group\"},\"image\":{\"@id\":\"https:\\\/\\\/www.zhgdled.com\\\/fr\\\/#\\\/schema\\\/logo\\\/image\\\/\"},\"sameAs\":[\"https:\\\/\\\/www.facebook.com\\\/zhllightinggroup\",\"https:\\\/\\\/x.com\\\/zhl_lighting\"]}]}<\/script>\n<!-- \/ Yoast SEO plugin. -->","yoast_head_json":{"title":"R\u00e9verb\u00e8re solaire s\u00e9rie Explorer-ZHL Lighting Group","description":"Les lampadaires solaires de la s\u00e9rie Explorer ont une efficacit\u00e9 lumineuse >180lm\/w, maximisant les performances de la batterie.","robots":{"index":"index","follow":"follow","max-snippet":"max-snippet:-1","max-image-preview":"max-image-preview:large","max-video-preview":"max-video-preview:-1"},"canonical":"https:\/\/www.zhgdled.com\/fr\/lampadaire-solaire-serie-explorateur.html","og_locale":"fr_FR","og_type":"article","og_title":"R\u00e9verb\u00e8re solaire s\u00e9rie Explorer-ZHL Lighting Group","og_description":"Les lampadaires solaires de la s\u00e9rie Explorer ont une efficacit\u00e9 lumineuse >180lm\/w, maximisant les performances de la batterie.","og_url":"https:\/\/www.zhgdled.com\/fr\/lampadaire-solaire-serie-explorateur.html","og_site_name":"Soci\u00e9t\u00e9 ZHL \u00c9clairage","article_publisher":"https:\/\/www.facebook.com\/zhllightinggroup","article_modified_time":"2023-01-18T03:18:03+00:00","og_image":[{"width":1721,"height":1721,"url":"https:\/\/www.zhgdled.com\/wp-content\/uploads\/2022\/09\/1664173366336.jpg","type":"image\/jpeg"}],"twitter_card":"summary_large_image","twitter_site":"@zhl_lighting","twitter_misc":{"Dur\u00e9e de lecture estim\u00e9e":"1 minute"},"schema":{"@context":"https:\/\/schema.org","@graph":[{"@type":"WebPage","@id":"https:\/\/www.zhgdled.com\/fr\/lampadaire-solaire-serie-explorateur.html","url":"https:\/\/www.zhgdled.com\/fr\/lampadaire-solaire-serie-explorateur.html","name":"R\u00e9verb\u00e8re solaire s\u00e9rie Explorer-ZHL Lighting Group","isPartOf":{"@id":"https:\/\/www.zhgdled.com\/fr\/#website"},"primaryImageOfPage":{"@id":"https:\/\/www.zhgdled.com\/fr\/lampadaire-solaire-serie-explorateur.html#primaryimage"},"image":{"@id":"https:\/\/www.zhgdled.com\/fr\/lampadaire-solaire-serie-explorateur.html#primaryimage"},"thumbnailUrl":"https:\/\/www.zhgdled.com\/wp-content\/uploads\/2022\/09\/1664173366336.jpg","datePublished":"2022-09-26T08:24:17+00:00","dateModified":"2023-01-18T03:18:03+00:00","description":"Les lampadaires solaires de la s\u00e9rie Explorer ont une efficacit\u00e9 lumineuse >180lm\/w, maximisant les performances de la batterie.","breadcrumb":{"@id":"https:\/\/www.zhgdled.com\/fr\/lampadaire-solaire-serie-explorateur.html#breadcrumb"},"inLanguage":"fr-FR","potentialAction":[{"@type":"ReadAction","target":["https:\/\/www.zhgdled.com\/fr\/lampadaire-solaire-serie-explorateur.html"]}]},{"@type":"ImageObject","inLanguage":"fr-FR","@id":"https:\/\/www.zhgdled.com\/fr\/lampadaire-solaire-serie-explorateur.html#primaryimage","url":"https:\/\/www.zhgdled.com\/wp-content\/uploads\/2022\/09\/1664173366336.jpg","contentUrl":"https:\/\/www.zhgdled.com\/wp-content\/uploads\/2022\/09\/1664173366336.jpg","width":1721,"height":1721,"caption":"R\u00e9verb\u00e8re solaire s\u00e9rie Explorer"},{"@type":"BreadcrumbList","@id":"https:\/\/www.zhgdled.com\/fr\/lampadaire-solaire-serie-explorateur.html#breadcrumb","itemListElement":[{"@type":"ListItem","position":1,"name":"Home","item":"https:\/\/www.zhgdled.com\/fr"},{"@type":"ListItem","position":2,"name":"PRODUCTS","item":"https:\/\/www.zhgdled.com\/zhl-products.html"},{"@type":"ListItem","position":3,"name":"LAMPADAIRE SOLAIRE S\u00c9RIE EXPLORER"}]},{"@type":"WebSite","@id":"https:\/\/www.zhgdled.com\/fr\/#website","url":"https:\/\/www.zhgdled.com\/fr\/","name":"Soci\u00e9t\u00e9 ZHL \u00c9clairage","description":"Top ranking industrial lighting manufacturer and exporter","publisher":{"@id":"https:\/\/www.zhgdled.com\/fr\/#organization"},"potentialAction":[{"@type":"SearchAction","target":{"@type":"EntryPoint","urlTemplate":"https:\/\/www.zhgdled.com\/fr\/?s={search_term_string}"},"query-input":{"@type":"PropertyValueSpecification","valueRequired":true,"valueName":"search_term_string"}}],"inLanguage":"fr-FR"},{"@type":"Organization","@id":"https:\/\/www.zhgdled.com\/fr\/#organization","name":"ZHL Lighting Group","url":"https:\/\/www.zhgdled.com\/fr\/","logo":{"@type":"ImageObject","inLanguage":"fr-FR","@id":"https:\/\/www.zhgdled.com\/fr\/#\/schema\/logo\/image\/","url":"","contentUrl":"","caption":"ZHL Lighting Group"},"image":{"@id":"https:\/\/www.zhgdled.com\/fr\/#\/schema\/logo\/image\/"},"sameAs":["https:\/\/www.facebook.com\/zhllightinggroup","https:\/\/x.com\/zhl_lighting"]}]}},"_links":{"self":[{"href":"https:\/\/www.zhgdled.com\/fr\/wp-json\/wp\/v2\/product\/18713","targetHints":{"allow":["GET"]}}],"collection":[{"href":"https:\/\/www.zhgdled.com\/fr\/wp-json\/wp\/v2\/product"}],"about":[{"href":"https:\/\/www.zhgdled.com\/fr\/wp-json\/wp\/v2\/types\/product"}],"wp:featuredmedia":[{"embeddable":true,"href":"https:\/\/www.zhgdled.com\/fr\/wp-json\/wp\/v2\/media\/14566"}],"wp:attachment":[{"href":"https:\/\/www.zhgdled.com\/fr\/wp-json\/wp\/v2\/media?parent=18713"}],"wp:term":[{"taxonomy":"product_brand","embeddable":true,"href":"https:\/\/www.zhgdled.com\/fr\/wp-json\/wp\/v2\/product_brand?post=18713"},{"taxonomy":"product_cat","embeddable":true,"href":"https:\/\/www.zhgdled.com\/fr\/wp-json\/wp\/v2\/product_cat?post=18713"},{"taxonomy":"product_tag","embeddable":true,"href":"https:\/\/www.zhgdled.com\/fr\/wp-json\/wp\/v2\/product_tag?post=18713"}],"curies":[{"name":"wp","href":"https:\/\/api.w.org\/{rel}","templated":true}]}}