{"id":18818,"date":"2023-10-25T08:09:09","date_gmt":"2022-09-08T09:09:09","guid":{"rendered":"https:\/\/www.zhgdled.com\/product\/14251"},"modified":"2024-04-07T17:01:13","modified_gmt":"2024-04-07T09:01:13","slug":"lampadaire-led-solaire-avec-capteur","status":"publish","type":"product","link":"https:\/\/www.zhgdled.com\/fr\/lampadaire-solaire-serie-pro.html","title":{"rendered":"LAMPADAIRE SOLAIRE S\u00c9RIE PRO"},"content":{"rendered":"<h2><span style=\"color: #ff6600;\">180LM\/W &amp; LE CONTR\u00d4LE INTELLIGENT EST LA CONCEPTION CL\u00c9 DE CETTE NOUVELLE S\u00c9RIE PRO<\/span><\/h2>\n<p>Les lampadaires solaires de la s\u00e9rie PRO utilisent le dernier lampadaire LED ZHL \u00e0 haute efficacit\u00e9, offrant un excellent flux lumineux, une stabilit\u00e9 durable et une vue splendide. R\u00e9verb\u00e8re solaire s\u00e9rie PRO combin\u00e9 avec une batterie au lithium et des panneaux solaires mono pour assurer la longue dur\u00e9e de vie et la haute efficacit\u00e9 du syst\u00e8me de r\u00e9verb\u00e8re solaire. Fournir une garantie de 3 ans sur l&#8217;ensemble du syst\u00e8me <strong>d&#8217;\u00e9clairage public solaire<\/strong>.<\/p>\n<p>&nbsp;<\/p>\n<h2><span style=\"color: #ff6600;\">CARACT\u00c9RISTIQUES<\/span><\/h2>\n<table border=\"0\" width=\"211\" cellspacing=\"0\" cellpadding=\"0\">\n<tbody>\n<tr>\n<td class=\"et2\" width=\"211\" height=\"22\"><img decoding=\"async\" class=\"alignnone wp-image-17483\" src=\"https:\/\/www.zhgdled.com\/wp-content\/uploads\/2022\/07\/zhl_download-logo.png\" sizes=\"(max-width: 26px) 100vw, 26px\" srcset=\"https:\/\/www.zhgdled.com\/wp-content\/uploads\/2022\/07\/zhl_download-logo.png 368w, https:\/\/www.zhgdled.com\/wp-content\/uploads\/2022\/07\/zhl_download-logo-300x300.png 300w, https:\/\/www.zhgdled.com\/wp-content\/uploads\/2022\/07\/zhl_download-logo-150x150.png 150w\" alt=\"\" width=\"26\" height=\"26\" \/><a href=\"https:\/\/www.zhgdled.com\/download\/pro-series-solar-street-light\">T\u00e9l\u00e9charger le catalogue<\/a><\/td>\n<\/tr>\n<\/tbody>\n<\/table>\n<p>&nbsp;<\/p>\n<p><img decoding=\"async\" class=\"alignnone size-full wp-image-23454\" src=\"https:\/\/www.zhgdled.com\/wp-content\/uploads\/2023\/12\/pro.jpg\" alt=\"\" width=\"1600\" height=\"1600\" srcset=\"https:\/\/www.zhgdled.com\/wp-content\/uploads\/2023\/12\/pro.jpg 1600w, https:\/\/www.zhgdled.com\/wp-content\/uploads\/2023\/12\/pro-300x300.jpg 300w, https:\/\/www.zhgdled.com\/wp-content\/uploads\/2023\/12\/pro-1024x1024.jpg 1024w, https:\/\/www.zhgdled.com\/wp-content\/uploads\/2023\/12\/pro-150x150.jpg 150w, https:\/\/www.zhgdled.com\/wp-content\/uploads\/2023\/12\/pro-768x768.jpg 768w, https:\/\/www.zhgdled.com\/wp-content\/uploads\/2023\/12\/pro-1536x1536.jpg 1536w, https:\/\/www.zhgdled.com\/wp-content\/uploads\/2023\/12\/pro-600x600.jpg 600w\" sizes=\"(max-width: 1600px) 100vw, 1600px\" \/><\/p>\n<p><img decoding=\"async\" class=\"alignnone size-full wp-image-23152\" src=\"https:\/\/www.zhgdled.com\/wp-content\/uploads\/2023\/11\/20231113151033.png\" alt=\"\" width=\"655\" height=\"465\" srcset=\"https:\/\/www.zhgdled.com\/wp-content\/uploads\/2023\/11\/20231113151033.png 655w, https:\/\/www.zhgdled.com\/wp-content\/uploads\/2023\/11\/20231113151033-300x213.png 300w, https:\/\/www.zhgdled.com\/wp-content\/uploads\/2023\/11\/20231113151033-600x426.png 600w, https:\/\/www.zhgdled.com\/wp-content\/uploads\/2023\/11\/20231113151033-150x106.png 150w\" sizes=\"(max-width: 655px) 100vw, 655px\" \/><\/p>\n<p><img decoding=\"async\" class=\"alignnone size-full wp-image-23130\" src=\"https:\/\/www.zhgdled.com\/wp-content\/uploads\/2023\/11\/20231113150017.png\" alt=\"\" width=\"466\" height=\"387\" srcset=\"https:\/\/www.zhgdled.com\/wp-content\/uploads\/2023\/11\/20231113150017.png 466w, https:\/\/www.zhgdled.com\/wp-content\/uploads\/2023\/11\/20231113150017-300x249.png 300w, https:\/\/www.zhgdled.com\/wp-content\/uploads\/2023\/11\/20231113150017-150x125.png 150w\" sizes=\"(max-width: 466px) 100vw, 466px\" \/><\/p>\n","protected":false},"excerpt":{"rendered":"<p>Les lampadaires solaires de la s\u00e9rie PRO utilisent le dernier lampadaire LED ZHL \u00e0 haute efficacit\u00e9, offrant un excellent flux lumineux, une stabilit\u00e9 durable et une vue splendide. R\u00e9verb\u00e8re solaire s\u00e9rie PRO combin\u00e9 avec une batterie au lithium et des panneaux solaires mono pour assurer la longue dur\u00e9e de vie et la haute efficacit\u00e9 du syst\u00e8me de r\u00e9verb\u00e8re solaire. Fournir une garantie de 3 ans sur l&#8217;ensemble du syst\u00e8me d&#8217;\u00e9clairage public solaire.<\/p>\n","protected":false},"featured_media":20781,"template":"","meta":[],"product_brand":[],"product_cat":[633],"product_tag":[],"class_list":{"0":"post-18818","1":"product","2":"type-product","3":"status-publish","4":"has-post-thumbnail","6":"product_cat-lampadaires","8":"first","9":"instock","10":"featured","11":"shipping-taxable","12":"product-type-simple"},"yoast_head":"<!-- This site is optimized with the Yoast SEO plugin v27.4 - https:\/\/yoast.com\/product\/yoast-seo-wordpress\/ -->\n<title>R\u00e9verb\u00e8re solaire \u00e0 DEL s\u00e9rie PRO avec capteur<\/title>\n<meta name=\"description\" content=\"Le lampadaire solaire de la s\u00e9rie PRO utilise le dernier lampadaire LED ZHL \u00e0 haute efficacit\u00e9, offrant un excellent flux lumineux.\" \/>\n<meta name=\"robots\" content=\"index, follow, max-snippet:-1, max-image-preview:large, max-video-preview:-1\" \/>\n<link rel=\"canonical\" href=\"https:\/\/www.zhgdled.com\/fr\/lampadaire-solaire-serie-pro.html\" \/>\n<meta property=\"og:locale\" content=\"fr_FR\" \/>\n<meta property=\"og:type\" content=\"article\" \/>\n<meta property=\"og:title\" content=\"R\u00e9verb\u00e8re solaire \u00e0 DEL s\u00e9rie PRO avec capteur\" \/>\n<meta property=\"og:description\" content=\"Le lampadaire solaire de la s\u00e9rie PRO utilise le dernier lampadaire LED ZHL \u00e0 haute efficacit\u00e9, offrant un excellent flux lumineux.\" \/>\n<meta property=\"og:url\" content=\"https:\/\/www.zhgdled.com\/fr\/lampadaire-solaire-serie-pro.html\" \/>\n<meta property=\"og:site_name\" content=\"Soci\u00e9t\u00e9 ZHL \u00c9clairage\" \/>\n<meta property=\"article:publisher\" content=\"https:\/\/www.facebook.com\/zhllightinggroup\" \/>\n<meta property=\"article:modified_time\" content=\"2024-04-07T09:01:13+00:00\" \/>\n<meta property=\"og:image\" content=\"https:\/\/www.zhgdled.com\/wp-content\/uploads\/2022\/09\/pro-series-street-lights.jpg\" \/>\n\t<meta property=\"og:image:width\" content=\"1600\" \/>\n\t<meta property=\"og:image:height\" content=\"1600\" \/>\n\t<meta property=\"og:image:type\" content=\"image\/jpeg\" \/>\n<meta name=\"twitter:card\" content=\"summary_large_image\" \/>\n<meta name=\"twitter:site\" content=\"@zhl_lighting\" \/>\n<meta name=\"twitter:label1\" content=\"Dur\u00e9e de lecture estim\u00e9e\" \/>\n\t<meta name=\"twitter:data1\" content=\"2 minutes\" \/>\n<script type=\"application\/ld+json\" class=\"yoast-schema-graph\">{\"@context\":\"https:\\\/\\\/schema.org\",\"@graph\":[{\"@type\":\"WebPage\",\"@id\":\"https:\\\/\\\/www.zhgdled.com\\\/fr\\\/lampadaire-solaire-serie-pro.html\",\"url\":\"https:\\\/\\\/www.zhgdled.com\\\/fr\\\/lampadaire-solaire-serie-pro.html\",\"name\":\"R\u00e9verb\u00e8re solaire \u00e0 DEL s\u00e9rie PRO avec capteur\",\"isPartOf\":{\"@id\":\"https:\\\/\\\/www.zhgdled.com\\\/fr\\\/#website\"},\"primaryImageOfPage\":{\"@id\":\"https:\\\/\\\/www.zhgdled.com\\\/fr\\\/lampadaire-solaire-serie-pro.html#primaryimage\"},\"image\":{\"@id\":\"https:\\\/\\\/www.zhgdled.com\\\/fr\\\/lampadaire-solaire-serie-pro.html#primaryimage\"},\"thumbnailUrl\":\"https:\\\/\\\/www.zhgdled.com\\\/wp-content\\\/uploads\\\/2022\\\/09\\\/pro-series-street-lights.jpg\",\"datePublished\":\"2022-09-08T09:09:09+00:00\",\"dateModified\":\"2024-04-07T09:01:13+00:00\",\"description\":\"Le lampadaire solaire de la s\u00e9rie PRO utilise le dernier lampadaire LED ZHL \u00e0 haute efficacit\u00e9, offrant un excellent flux lumineux.\",\"breadcrumb\":{\"@id\":\"https:\\\/\\\/www.zhgdled.com\\\/fr\\\/lampadaire-solaire-serie-pro.html#breadcrumb\"},\"inLanguage\":\"fr-FR\",\"potentialAction\":[{\"@type\":\"ReadAction\",\"target\":[\"https:\\\/\\\/www.zhgdled.com\\\/fr\\\/lampadaire-solaire-serie-pro.html\"]}]},{\"@type\":\"ImageObject\",\"inLanguage\":\"fr-FR\",\"@id\":\"https:\\\/\\\/www.zhgdled.com\\\/fr\\\/lampadaire-solaire-serie-pro.html#primaryimage\",\"url\":\"https:\\\/\\\/www.zhgdled.com\\\/wp-content\\\/uploads\\\/2022\\\/09\\\/pro-series-street-lights.jpg\",\"contentUrl\":\"https:\\\/\\\/www.zhgdled.com\\\/wp-content\\\/uploads\\\/2022\\\/09\\\/pro-series-street-lights.jpg\",\"width\":1600,\"height\":1600,\"caption\":\"Pro series street lights\"},{\"@type\":\"BreadcrumbList\",\"@id\":\"https:\\\/\\\/www.zhgdled.com\\\/fr\\\/lampadaire-solaire-serie-pro.html#breadcrumb\",\"itemListElement\":[{\"@type\":\"ListItem\",\"position\":1,\"name\":\"Home\",\"item\":\"https:\\\/\\\/www.zhgdled.com\\\/fr\"},{\"@type\":\"ListItem\",\"position\":2,\"name\":\"PRODUCTS\",\"item\":\"https:\\\/\\\/www.zhgdled.com\\\/zhl-products.html\"},{\"@type\":\"ListItem\",\"position\":3,\"name\":\"LAMPADAIRE SOLAIRE S\u00c9RIE PRO\"}]},{\"@type\":\"WebSite\",\"@id\":\"https:\\\/\\\/www.zhgdled.com\\\/fr\\\/#website\",\"url\":\"https:\\\/\\\/www.zhgdled.com\\\/fr\\\/\",\"name\":\"Soci\u00e9t\u00e9 ZHL \u00c9clairage\",\"description\":\"Top ranking industrial lighting manufacturer and exporter\",\"publisher\":{\"@id\":\"https:\\\/\\\/www.zhgdled.com\\\/fr\\\/#organization\"},\"potentialAction\":[{\"@type\":\"SearchAction\",\"target\":{\"@type\":\"EntryPoint\",\"urlTemplate\":\"https:\\\/\\\/www.zhgdled.com\\\/fr\\\/?s={search_term_string}\"},\"query-input\":{\"@type\":\"PropertyValueSpecification\",\"valueRequired\":true,\"valueName\":\"search_term_string\"}}],\"inLanguage\":\"fr-FR\"},{\"@type\":\"Organization\",\"@id\":\"https:\\\/\\\/www.zhgdled.com\\\/fr\\\/#organization\",\"name\":\"ZHL Lighting Group\",\"url\":\"https:\\\/\\\/www.zhgdled.com\\\/fr\\\/\",\"logo\":{\"@type\":\"ImageObject\",\"inLanguage\":\"fr-FR\",\"@id\":\"https:\\\/\\\/www.zhgdled.com\\\/fr\\\/#\\\/schema\\\/logo\\\/image\\\/\",\"url\":\"\",\"contentUrl\":\"\",\"caption\":\"ZHL Lighting Group\"},\"image\":{\"@id\":\"https:\\\/\\\/www.zhgdled.com\\\/fr\\\/#\\\/schema\\\/logo\\\/image\\\/\"},\"sameAs\":[\"https:\\\/\\\/www.facebook.com\\\/zhllightinggroup\",\"https:\\\/\\\/x.com\\\/zhl_lighting\"]}]}<\/script>\n<!-- \/ Yoast SEO plugin. -->","yoast_head_json":{"title":"R\u00e9verb\u00e8re solaire \u00e0 DEL s\u00e9rie PRO avec capteur","description":"Le lampadaire solaire de la s\u00e9rie PRO utilise le dernier lampadaire LED ZHL \u00e0 haute efficacit\u00e9, offrant un excellent flux lumineux.","robots":{"index":"index","follow":"follow","max-snippet":"max-snippet:-1","max-image-preview":"max-image-preview:large","max-video-preview":"max-video-preview:-1"},"canonical":"https:\/\/www.zhgdled.com\/fr\/lampadaire-solaire-serie-pro.html","og_locale":"fr_FR","og_type":"article","og_title":"R\u00e9verb\u00e8re solaire \u00e0 DEL s\u00e9rie PRO avec capteur","og_description":"Le lampadaire solaire de la s\u00e9rie PRO utilise le dernier lampadaire LED ZHL \u00e0 haute efficacit\u00e9, offrant un excellent flux lumineux.","og_url":"https:\/\/www.zhgdled.com\/fr\/lampadaire-solaire-serie-pro.html","og_site_name":"Soci\u00e9t\u00e9 ZHL \u00c9clairage","article_publisher":"https:\/\/www.facebook.com\/zhllightinggroup","article_modified_time":"2024-04-07T09:01:13+00:00","og_image":[{"width":1600,"height":1600,"url":"https:\/\/www.zhgdled.com\/wp-content\/uploads\/2022\/09\/pro-series-street-lights.jpg","type":"image\/jpeg"}],"twitter_card":"summary_large_image","twitter_site":"@zhl_lighting","twitter_misc":{"Dur\u00e9e de lecture estim\u00e9e":"2 minutes"},"schema":{"@context":"https:\/\/schema.org","@graph":[{"@type":"WebPage","@id":"https:\/\/www.zhgdled.com\/fr\/lampadaire-solaire-serie-pro.html","url":"https:\/\/www.zhgdled.com\/fr\/lampadaire-solaire-serie-pro.html","name":"R\u00e9verb\u00e8re solaire \u00e0 DEL s\u00e9rie PRO avec capteur","isPartOf":{"@id":"https:\/\/www.zhgdled.com\/fr\/#website"},"primaryImageOfPage":{"@id":"https:\/\/www.zhgdled.com\/fr\/lampadaire-solaire-serie-pro.html#primaryimage"},"image":{"@id":"https:\/\/www.zhgdled.com\/fr\/lampadaire-solaire-serie-pro.html#primaryimage"},"thumbnailUrl":"https:\/\/www.zhgdled.com\/wp-content\/uploads\/2022\/09\/pro-series-street-lights.jpg","datePublished":"2022-09-08T09:09:09+00:00","dateModified":"2024-04-07T09:01:13+00:00","description":"Le lampadaire solaire de la s\u00e9rie PRO utilise le dernier lampadaire LED ZHL \u00e0 haute efficacit\u00e9, offrant un excellent flux lumineux.","breadcrumb":{"@id":"https:\/\/www.zhgdled.com\/fr\/lampadaire-solaire-serie-pro.html#breadcrumb"},"inLanguage":"fr-FR","potentialAction":[{"@type":"ReadAction","target":["https:\/\/www.zhgdled.com\/fr\/lampadaire-solaire-serie-pro.html"]}]},{"@type":"ImageObject","inLanguage":"fr-FR","@id":"https:\/\/www.zhgdled.com\/fr\/lampadaire-solaire-serie-pro.html#primaryimage","url":"https:\/\/www.zhgdled.com\/wp-content\/uploads\/2022\/09\/pro-series-street-lights.jpg","contentUrl":"https:\/\/www.zhgdled.com\/wp-content\/uploads\/2022\/09\/pro-series-street-lights.jpg","width":1600,"height":1600,"caption":"Pro series street lights"},{"@type":"BreadcrumbList","@id":"https:\/\/www.zhgdled.com\/fr\/lampadaire-solaire-serie-pro.html#breadcrumb","itemListElement":[{"@type":"ListItem","position":1,"name":"Home","item":"https:\/\/www.zhgdled.com\/fr"},{"@type":"ListItem","position":2,"name":"PRODUCTS","item":"https:\/\/www.zhgdled.com\/zhl-products.html"},{"@type":"ListItem","position":3,"name":"LAMPADAIRE SOLAIRE S\u00c9RIE PRO"}]},{"@type":"WebSite","@id":"https:\/\/www.zhgdled.com\/fr\/#website","url":"https:\/\/www.zhgdled.com\/fr\/","name":"Soci\u00e9t\u00e9 ZHL \u00c9clairage","description":"Top ranking industrial lighting manufacturer and exporter","publisher":{"@id":"https:\/\/www.zhgdled.com\/fr\/#organization"},"potentialAction":[{"@type":"SearchAction","target":{"@type":"EntryPoint","urlTemplate":"https:\/\/www.zhgdled.com\/fr\/?s={search_term_string}"},"query-input":{"@type":"PropertyValueSpecification","valueRequired":true,"valueName":"search_term_string"}}],"inLanguage":"fr-FR"},{"@type":"Organization","@id":"https:\/\/www.zhgdled.com\/fr\/#organization","name":"ZHL Lighting Group","url":"https:\/\/www.zhgdled.com\/fr\/","logo":{"@type":"ImageObject","inLanguage":"fr-FR","@id":"https:\/\/www.zhgdled.com\/fr\/#\/schema\/logo\/image\/","url":"","contentUrl":"","caption":"ZHL Lighting Group"},"image":{"@id":"https:\/\/www.zhgdled.com\/fr\/#\/schema\/logo\/image\/"},"sameAs":["https:\/\/www.facebook.com\/zhllightinggroup","https:\/\/x.com\/zhl_lighting"]}]}},"_links":{"self":[{"href":"https:\/\/www.zhgdled.com\/fr\/wp-json\/wp\/v2\/product\/18818","targetHints":{"allow":["GET"]}}],"collection":[{"href":"https:\/\/www.zhgdled.com\/fr\/wp-json\/wp\/v2\/product"}],"about":[{"href":"https:\/\/www.zhgdled.com\/fr\/wp-json\/wp\/v2\/types\/product"}],"wp:featuredmedia":[{"embeddable":true,"href":"https:\/\/www.zhgdled.com\/fr\/wp-json\/wp\/v2\/media\/20781"}],"wp:attachment":[{"href":"https:\/\/www.zhgdled.com\/fr\/wp-json\/wp\/v2\/media?parent=18818"}],"wp:term":[{"taxonomy":"product_brand","embeddable":true,"href":"https:\/\/www.zhgdled.com\/fr\/wp-json\/wp\/v2\/product_brand?post=18818"},{"taxonomy":"product_cat","embeddable":true,"href":"https:\/\/www.zhgdled.com\/fr\/wp-json\/wp\/v2\/product_cat?post=18818"},{"taxonomy":"product_tag","embeddable":true,"href":"https:\/\/www.zhgdled.com\/fr\/wp-json\/wp\/v2\/product_tag?post=18818"}],"curies":[{"name":"wp","href":"https:\/\/api.w.org\/{rel}","templated":true}]}}