{"id":18822,"date":"2023-11-01T11:35:29","date_gmt":"2022-08-29T03:35:29","guid":{"rendered":"https:\/\/www.zhgdled.com\/product\/led-linear-high-bay-light"},"modified":"2023-12-25T14:59:23","modified_gmt":"2023-12-25T06:59:23","slug":"lumiere-led-haute-baie-lineaire","status":"publish","type":"product","link":"https:\/\/www.zhgdled.com\/fr\/lumiere-led-haute-baie-lineaire.html","title":{"rendered":"\u00c9CLAIRAGE LIN\u00c9AIRE \u00c0 DEL POUR GRANDE HAUTEUR"},"content":{"rendered":"<h2>CON\u00c7U POUR LA PLUPART DES APPLICATIONS COMMERCIALES ET INDUSTRIELLES<\/h2>\n<ul>\n<li>Cette lampe lin\u00e9aire haute baie poss\u00e8de la plupart des caract\u00e9ristiques de l&#8217;\u00e9clairage LED : marche\/arr\u00eat instantan\u00e9, grand angle de faisceau et longue dur\u00e9e de vie.<\/li>\n<li>Compatible avec les capteurs PIR ou micro-ondes (en option). Distance maximale du capteur\u00a0: 15\u00a0m.<\/li>\n<li>\u00c9tanche IP65, normes IK08, s&#8217;adapte parfaitement aux lieux complexes et s\u00e9v\u00e8res.<\/li>\n<li>Le capteur \u00e0 micro-ondes (en option) rend ce luminaire plus intelligent et respectueux de l&#8217;environnement.<\/li>\n<\/ul>\n<h2>SPECIFICATIONS<\/h2>\n<table style=\"border-collapse: collapse; width: 260.27pt;\" border=\"0\" width=\"347\" cellspacing=\"0\" cellpadding=\"0\">\n<tbody>\n<tr style=\"height: 16.50pt;\">\n<td class=\"et2\" style=\"height: 16.50pt; width: 158.25pt;\" width=\"211\" height=\"22\"><a href=\"https:\/\/www.zhgdled.com\/download\/catalogue-of-linear-high-bay-light\"><img decoding=\"async\" class=\"alignnone alignleft\" src=\"https:\/\/www.zhgdled.com\/wp-content\/uploads\/2022\/07\/zhl_download-logo.png\" alt=\"\" width=\"29\" height=\"29\" \/><\/a><\/td>\n<td class=\"et2\" style=\"width: 102.35pt;\" width=\"136\"><a href=\"https:\/\/www.zhgdled.com\/download\/catalogue-of-linear-high-bay-light\">T\u00e9l\u00e9charger le catalogue<\/a><\/td>\n<\/tr>\n<\/tbody>\n<\/table>\n<table width=\"649\">\n<tbody>\n<tr>\n<td><strong>Pouvoir<\/strong><\/td>\n<td><strong>70W 100W 150W 200W\u00a0<\/strong><\/td>\n<\/tr>\n<tr>\n<td><strong>DIRIG\u00c9<\/strong><\/td>\n<td><strong>SMD 140PCS(70W\/100W)\/280PCS (150W\/200W)<\/strong><\/td>\n<\/tr>\n<tr>\n<td><strong>Temp\u00e9rature de couleur (CCT)<\/strong><\/td>\n<td><strong>2700-6500K<\/strong><\/td>\n<\/tr>\n<tr>\n<td><strong>Efficacit\u00e9 lumineuse(lm\/w)<\/strong><\/td>\n<td><strong>150lm\/w +-10%<\/strong><\/td>\n<\/tr>\n<tr>\n<td><strong>Tension d&#8217;entr\u00e9e (V)<\/strong><\/td>\n<td width=\"463\"><strong>100-240VAC\/50-60Hz<\/strong><\/td>\n<\/tr>\n<tr>\n<td><strong>PF<\/strong><\/td>\n<td><strong>&gt;0.9<\/strong><\/td>\n<\/tr>\n<tr>\n<td><strong>CRI (Ra&gt;)<\/strong><\/td>\n<td><strong>80<\/strong><\/td>\n<\/tr>\n<tr>\n<td><strong>Angle de faisceau(\u00b0)<\/strong><\/td>\n<td><strong>60\u00b0\/90\u00b0*120\u00b0<\/strong><\/td>\n<\/tr>\n<tr>\n<td><strong>Classe IP<\/strong><\/td>\n<td><strong>IP65<\/strong><\/td>\n<\/tr>\n<tr>\n<td><strong>Mat\u00e9riel<\/strong><\/td>\n<td><strong>Aluminum Body + Tempered Glass Cover<\/strong><\/td>\n<\/tr>\n<tr>\n<td><strong>Temp\u00e9rature de fonctionnement(\u2103)<\/strong><\/td>\n<td><strong>-20-50<\/strong><\/td>\n<\/tr>\n<tr>\n<td><strong>Garantie (Ann\u00e9e)<\/strong><\/td>\n<td><strong>5 Years<\/strong><\/td>\n<\/tr>\n<tr>\n<td><strong>Certificat<\/strong><\/td>\n<td><strong>CE,ERP<\/strong><\/td>\n<\/tr>\n<tr>\n<td><strong>Chauffeur<\/strong><\/td>\n<td><strong>Pilote MOSO dimmable<\/strong><\/td>\n<\/tr>\n<\/tbody>\n<\/table>\n<p><img decoding=\"async\" class=\"alignnone size-full wp-image-14186\" src=\"https:\/\/www.zhgdled.com\/wp-content\/uploads\/2022\/08\/1-1.png\" alt=\"\" width=\"750\" height=\"1302\" srcset=\"https:\/\/www.zhgdled.com\/wp-content\/uploads\/2022\/08\/1-1.png 750w, https:\/\/www.zhgdled.com\/wp-content\/uploads\/2022\/08\/1-1-173x300.png 173w, https:\/\/www.zhgdled.com\/wp-content\/uploads\/2022\/08\/1-1-590x1024.png 590w, https:\/\/www.zhgdled.com\/wp-content\/uploads\/2022\/08\/1-1-600x1042.png 600w, https:\/\/www.zhgdled.com\/wp-content\/uploads\/2022\/08\/1-1-150x260.png 150w\" sizes=\"(max-width: 750px) 100vw, 750px\" \/><img decoding=\"async\" class=\"alignnone size-full wp-image-14195\" src=\"https:\/\/www.zhgdled.com\/wp-content\/uploads\/2022\/08\/2-1.png\" alt=\"\" width=\"750\" height=\"570\" srcset=\"https:\/\/www.zhgdled.com\/wp-content\/uploads\/2022\/08\/2-1.png 750w, https:\/\/www.zhgdled.com\/wp-content\/uploads\/2022\/08\/2-1-300x228.png 300w, https:\/\/www.zhgdled.com\/wp-content\/uploads\/2022\/08\/2-1-600x456.png 600w, https:\/\/www.zhgdled.com\/wp-content\/uploads\/2022\/08\/2-1-150x114.png 150w\" sizes=\"(max-width: 750px) 100vw, 750px\" \/><\/p>\n","protected":false},"excerpt":{"rendered":"<p>La s\u00e9rie ZHL Linear High Bay Light est un appareil d&#8217;\u00e9clairage professionnel moul\u00e9 en alliage d&#8217;aluminium, con\u00e7u pour un refroidissement uniforme. L&#8217;efficacit\u00e9 de 150 lm\/w est une solution industrielle de premier plan pour les utilisateurs commerciaux, tandis que sa puissance est rest\u00e9e autour de 70 et 200 watts. Si vous \u00eates \u00e0 la recherche d&#8217;un luminaire lumineux mais \u00e9conome en \u00e9nergie dans vos applications commerciales, ce luminaire Linear High Bay est celui qu&#8217;il vous faut !<\/p>\n<ul>\n<li><strong>Power: <\/strong><strong>70W 100W 150W 200W<\/strong><\/li>\n<li><strong>LED chips: <\/strong><strong>SMD 140PCS(70W\/100W)\/280PCS (150W\/200W)<\/strong><\/li>\n<li><strong>Color Temperature(CCT)<\/strong><strong>2700-6500K<\/strong><\/li>\n<li><strong>Luminous Efficiency(lm\/w)<\/strong><strong>150lm\/w +-10%<\/strong><\/li>\n<li><strong>Input Voltage(V)<\/strong><strong>100-240VAC\/50-60Hz<\/strong><\/li>\n<li><strong>PF<\/strong><strong>&gt;0.9<\/strong><\/li>\n<li><strong>CRI (Ra&gt;)<\/strong><strong>80<\/strong><\/li>\n<li><strong>Beam Angle(\u00b0)<\/strong><strong>60\u00b0\/90\u00b0*120\u00b0<\/strong><\/li>\n<li><strong>Warranty(Year): manufacturer warranty <\/strong><strong>5 Years<\/strong><\/li>\n<li><strong>Driver<\/strong><strong>MOSO Dimmable driver<\/strong><\/li>\n<\/ul>\n","protected":false},"featured_media":14150,"template":"","meta":[],"product_brand":[],"product_cat":[632],"product_tag":[521],"class_list":{"0":"post-18822","1":"product","2":"type-product","3":"status-publish","4":"has-post-thumbnail","6":"product_cat-lumieres-de-grande-hauteur","7":"product_tag-linear-high-bay-light-fr","9":"first","10":"instock","11":"shipping-taxable","12":"product-type-simple"},"yoast_head":"<!-- This site is optimized with the Yoast SEO plugin v27.4 - https:\/\/yoast.com\/product\/yoast-seo-wordpress\/ -->\n<title>lumi\u00e8re led haute baie lin\u00e9aire<\/title>\n<meta name=\"description\" content=\"La s\u00e9rie ZHL Linear High Bay Light est un appareil d&#039;\u00e9clairage professionnel moul\u00e9 en alliage d&#039;aluminium, con\u00e7u pour un refroidissement uniforme.\" \/>\n<meta name=\"robots\" content=\"index, follow, max-snippet:-1, max-image-preview:large, max-video-preview:-1\" \/>\n<link rel=\"canonical\" href=\"https:\/\/www.zhgdled.com\/fr\/lumiere-led-haute-baie-lineaire.html\" \/>\n<meta property=\"og:locale\" content=\"fr_FR\" \/>\n<meta property=\"og:type\" content=\"article\" \/>\n<meta property=\"og:title\" content=\"lumi\u00e8re led haute baie lin\u00e9aire\" \/>\n<meta property=\"og:description\" content=\"La s\u00e9rie ZHL Linear High Bay Light est un appareil d&#039;\u00e9clairage professionnel moul\u00e9 en alliage d&#039;aluminium, con\u00e7u pour un refroidissement uniforme.\" \/>\n<meta property=\"og:url\" content=\"https:\/\/www.zhgdled.com\/fr\/lumiere-led-haute-baie-lineaire.html\" \/>\n<meta property=\"og:site_name\" content=\"Soci\u00e9t\u00e9 ZHL \u00c9clairage\" \/>\n<meta property=\"article:publisher\" content=\"https:\/\/www.facebook.com\/zhllightinggroup\" \/>\n<meta property=\"article:modified_time\" content=\"2023-12-25T06:59:23+00:00\" \/>\n<meta property=\"og:image\" content=\"https:\/\/www.zhgdled.com\/wp-content\/uploads\/2022\/08\/0-100W.png\" \/>\n\t<meta property=\"og:image:width\" content=\"1600\" \/>\n\t<meta property=\"og:image:height\" content=\"1600\" \/>\n\t<meta property=\"og:image:type\" content=\"image\/png\" \/>\n<meta name=\"twitter:card\" content=\"summary_large_image\" \/>\n<meta name=\"twitter:site\" content=\"@zhl_lighting\" \/>\n<meta name=\"twitter:label1\" content=\"Dur\u00e9e de lecture estim\u00e9e\" \/>\n\t<meta name=\"twitter:data1\" content=\"2 minutes\" \/>\n<script type=\"application\/ld+json\" class=\"yoast-schema-graph\">{\"@context\":\"https:\\\/\\\/schema.org\",\"@graph\":[{\"@type\":\"WebPage\",\"@id\":\"https:\\\/\\\/www.zhgdled.com\\\/fr\\\/lumiere-led-haute-baie-lineaire.html\",\"url\":\"https:\\\/\\\/www.zhgdled.com\\\/fr\\\/lumiere-led-haute-baie-lineaire.html\",\"name\":\"lumi\u00e8re led haute baie lin\u00e9aire\",\"isPartOf\":{\"@id\":\"https:\\\/\\\/www.zhgdled.com\\\/fr\\\/#website\"},\"primaryImageOfPage\":{\"@id\":\"https:\\\/\\\/www.zhgdled.com\\\/fr\\\/lumiere-led-haute-baie-lineaire.html#primaryimage\"},\"image\":{\"@id\":\"https:\\\/\\\/www.zhgdled.com\\\/fr\\\/lumiere-led-haute-baie-lineaire.html#primaryimage\"},\"thumbnailUrl\":\"https:\\\/\\\/www.zhgdled.com\\\/wp-content\\\/uploads\\\/2022\\\/08\\\/0-100W.png\",\"datePublished\":\"2022-08-29T03:35:29+00:00\",\"dateModified\":\"2023-12-25T06:59:23+00:00\",\"description\":\"La s\u00e9rie ZHL Linear High Bay Light est un appareil d'\u00e9clairage professionnel moul\u00e9 en alliage d'aluminium, con\u00e7u pour un refroidissement uniforme.\",\"breadcrumb\":{\"@id\":\"https:\\\/\\\/www.zhgdled.com\\\/fr\\\/lumiere-led-haute-baie-lineaire.html#breadcrumb\"},\"inLanguage\":\"fr-FR\",\"potentialAction\":[{\"@type\":\"ReadAction\",\"target\":[\"https:\\\/\\\/www.zhgdled.com\\\/fr\\\/lumiere-led-haute-baie-lineaire.html\"]}]},{\"@type\":\"ImageObject\",\"inLanguage\":\"fr-FR\",\"@id\":\"https:\\\/\\\/www.zhgdled.com\\\/fr\\\/lumiere-led-haute-baie-lineaire.html#primaryimage\",\"url\":\"https:\\\/\\\/www.zhgdled.com\\\/wp-content\\\/uploads\\\/2022\\\/08\\\/0-100W.png\",\"contentUrl\":\"https:\\\/\\\/www.zhgdled.com\\\/wp-content\\\/uploads\\\/2022\\\/08\\\/0-100W.png\",\"width\":1600,\"height\":1600,\"caption\":\"lumi\u00e8re led haute baie lin\u00e9aire\"},{\"@type\":\"BreadcrumbList\",\"@id\":\"https:\\\/\\\/www.zhgdled.com\\\/fr\\\/lumiere-led-haute-baie-lineaire.html#breadcrumb\",\"itemListElement\":[{\"@type\":\"ListItem\",\"position\":1,\"name\":\"Home\",\"item\":\"https:\\\/\\\/www.zhgdled.com\\\/fr\"},{\"@type\":\"ListItem\",\"position\":2,\"name\":\"PRODUCTS\",\"item\":\"https:\\\/\\\/www.zhgdled.com\\\/zhl-products.html\"},{\"@type\":\"ListItem\",\"position\":3,\"name\":\"\u00c9CLAIRAGE LIN\u00c9AIRE \u00c0 DEL POUR GRANDE HAUTEUR\"}]},{\"@type\":\"WebSite\",\"@id\":\"https:\\\/\\\/www.zhgdled.com\\\/fr\\\/#website\",\"url\":\"https:\\\/\\\/www.zhgdled.com\\\/fr\\\/\",\"name\":\"Soci\u00e9t\u00e9 ZHL \u00c9clairage\",\"description\":\"Top ranking industrial lighting manufacturer and exporter\",\"publisher\":{\"@id\":\"https:\\\/\\\/www.zhgdled.com\\\/fr\\\/#organization\"},\"potentialAction\":[{\"@type\":\"SearchAction\",\"target\":{\"@type\":\"EntryPoint\",\"urlTemplate\":\"https:\\\/\\\/www.zhgdled.com\\\/fr\\\/?s={search_term_string}\"},\"query-input\":{\"@type\":\"PropertyValueSpecification\",\"valueRequired\":true,\"valueName\":\"search_term_string\"}}],\"inLanguage\":\"fr-FR\"},{\"@type\":\"Organization\",\"@id\":\"https:\\\/\\\/www.zhgdled.com\\\/fr\\\/#organization\",\"name\":\"ZHL Lighting Group\",\"url\":\"https:\\\/\\\/www.zhgdled.com\\\/fr\\\/\",\"logo\":{\"@type\":\"ImageObject\",\"inLanguage\":\"fr-FR\",\"@id\":\"https:\\\/\\\/www.zhgdled.com\\\/fr\\\/#\\\/schema\\\/logo\\\/image\\\/\",\"url\":\"\",\"contentUrl\":\"\",\"caption\":\"ZHL Lighting Group\"},\"image\":{\"@id\":\"https:\\\/\\\/www.zhgdled.com\\\/fr\\\/#\\\/schema\\\/logo\\\/image\\\/\"},\"sameAs\":[\"https:\\\/\\\/www.facebook.com\\\/zhllightinggroup\",\"https:\\\/\\\/x.com\\\/zhl_lighting\"]}]}<\/script>\n<!-- \/ Yoast SEO plugin. -->","yoast_head_json":{"title":"lumi\u00e8re led haute baie lin\u00e9aire","description":"La s\u00e9rie ZHL Linear High Bay Light est un appareil d'\u00e9clairage professionnel moul\u00e9 en alliage d'aluminium, con\u00e7u pour un refroidissement uniforme.","robots":{"index":"index","follow":"follow","max-snippet":"max-snippet:-1","max-image-preview":"max-image-preview:large","max-video-preview":"max-video-preview:-1"},"canonical":"https:\/\/www.zhgdled.com\/fr\/lumiere-led-haute-baie-lineaire.html","og_locale":"fr_FR","og_type":"article","og_title":"lumi\u00e8re led haute baie lin\u00e9aire","og_description":"La s\u00e9rie ZHL Linear High Bay Light est un appareil d'\u00e9clairage professionnel moul\u00e9 en alliage d'aluminium, con\u00e7u pour un refroidissement uniforme.","og_url":"https:\/\/www.zhgdled.com\/fr\/lumiere-led-haute-baie-lineaire.html","og_site_name":"Soci\u00e9t\u00e9 ZHL \u00c9clairage","article_publisher":"https:\/\/www.facebook.com\/zhllightinggroup","article_modified_time":"2023-12-25T06:59:23+00:00","og_image":[{"width":1600,"height":1600,"url":"https:\/\/www.zhgdled.com\/wp-content\/uploads\/2022\/08\/0-100W.png","type":"image\/png"}],"twitter_card":"summary_large_image","twitter_site":"@zhl_lighting","twitter_misc":{"Dur\u00e9e de lecture estim\u00e9e":"2 minutes"},"schema":{"@context":"https:\/\/schema.org","@graph":[{"@type":"WebPage","@id":"https:\/\/www.zhgdled.com\/fr\/lumiere-led-haute-baie-lineaire.html","url":"https:\/\/www.zhgdled.com\/fr\/lumiere-led-haute-baie-lineaire.html","name":"lumi\u00e8re led haute baie lin\u00e9aire","isPartOf":{"@id":"https:\/\/www.zhgdled.com\/fr\/#website"},"primaryImageOfPage":{"@id":"https:\/\/www.zhgdled.com\/fr\/lumiere-led-haute-baie-lineaire.html#primaryimage"},"image":{"@id":"https:\/\/www.zhgdled.com\/fr\/lumiere-led-haute-baie-lineaire.html#primaryimage"},"thumbnailUrl":"https:\/\/www.zhgdled.com\/wp-content\/uploads\/2022\/08\/0-100W.png","datePublished":"2022-08-29T03:35:29+00:00","dateModified":"2023-12-25T06:59:23+00:00","description":"La s\u00e9rie ZHL Linear High Bay Light est un appareil d'\u00e9clairage professionnel moul\u00e9 en alliage d'aluminium, con\u00e7u pour un refroidissement uniforme.","breadcrumb":{"@id":"https:\/\/www.zhgdled.com\/fr\/lumiere-led-haute-baie-lineaire.html#breadcrumb"},"inLanguage":"fr-FR","potentialAction":[{"@type":"ReadAction","target":["https:\/\/www.zhgdled.com\/fr\/lumiere-led-haute-baie-lineaire.html"]}]},{"@type":"ImageObject","inLanguage":"fr-FR","@id":"https:\/\/www.zhgdled.com\/fr\/lumiere-led-haute-baie-lineaire.html#primaryimage","url":"https:\/\/www.zhgdled.com\/wp-content\/uploads\/2022\/08\/0-100W.png","contentUrl":"https:\/\/www.zhgdled.com\/wp-content\/uploads\/2022\/08\/0-100W.png","width":1600,"height":1600,"caption":"lumi\u00e8re led haute baie lin\u00e9aire"},{"@type":"BreadcrumbList","@id":"https:\/\/www.zhgdled.com\/fr\/lumiere-led-haute-baie-lineaire.html#breadcrumb","itemListElement":[{"@type":"ListItem","position":1,"name":"Home","item":"https:\/\/www.zhgdled.com\/fr"},{"@type":"ListItem","position":2,"name":"PRODUCTS","item":"https:\/\/www.zhgdled.com\/zhl-products.html"},{"@type":"ListItem","position":3,"name":"\u00c9CLAIRAGE LIN\u00c9AIRE \u00c0 DEL POUR GRANDE HAUTEUR"}]},{"@type":"WebSite","@id":"https:\/\/www.zhgdled.com\/fr\/#website","url":"https:\/\/www.zhgdled.com\/fr\/","name":"Soci\u00e9t\u00e9 ZHL \u00c9clairage","description":"Top ranking industrial lighting manufacturer and exporter","publisher":{"@id":"https:\/\/www.zhgdled.com\/fr\/#organization"},"potentialAction":[{"@type":"SearchAction","target":{"@type":"EntryPoint","urlTemplate":"https:\/\/www.zhgdled.com\/fr\/?s={search_term_string}"},"query-input":{"@type":"PropertyValueSpecification","valueRequired":true,"valueName":"search_term_string"}}],"inLanguage":"fr-FR"},{"@type":"Organization","@id":"https:\/\/www.zhgdled.com\/fr\/#organization","name":"ZHL Lighting Group","url":"https:\/\/www.zhgdled.com\/fr\/","logo":{"@type":"ImageObject","inLanguage":"fr-FR","@id":"https:\/\/www.zhgdled.com\/fr\/#\/schema\/logo\/image\/","url":"","contentUrl":"","caption":"ZHL Lighting Group"},"image":{"@id":"https:\/\/www.zhgdled.com\/fr\/#\/schema\/logo\/image\/"},"sameAs":["https:\/\/www.facebook.com\/zhllightinggroup","https:\/\/x.com\/zhl_lighting"]}]}},"_links":{"self":[{"href":"https:\/\/www.zhgdled.com\/fr\/wp-json\/wp\/v2\/product\/18822","targetHints":{"allow":["GET"]}}],"collection":[{"href":"https:\/\/www.zhgdled.com\/fr\/wp-json\/wp\/v2\/product"}],"about":[{"href":"https:\/\/www.zhgdled.com\/fr\/wp-json\/wp\/v2\/types\/product"}],"wp:featuredmedia":[{"embeddable":true,"href":"https:\/\/www.zhgdled.com\/fr\/wp-json\/wp\/v2\/media\/14150"}],"wp:attachment":[{"href":"https:\/\/www.zhgdled.com\/fr\/wp-json\/wp\/v2\/media?parent=18822"}],"wp:term":[{"taxonomy":"product_brand","embeddable":true,"href":"https:\/\/www.zhgdled.com\/fr\/wp-json\/wp\/v2\/product_brand?post=18822"},{"taxonomy":"product_cat","embeddable":true,"href":"https:\/\/www.zhgdled.com\/fr\/wp-json\/wp\/v2\/product_cat?post=18822"},{"taxonomy":"product_tag","embeddable":true,"href":"https:\/\/www.zhgdled.com\/fr\/wp-json\/wp\/v2\/product_tag?post=18822"}],"curies":[{"name":"wp","href":"https:\/\/api.w.org\/{rel}","templated":true}]}}