{"id":18921,"date":"2022-07-29T09:01:06","date_gmt":"2022-07-29T01:01:06","guid":{"rendered":"https:\/\/www.zhgdled.com\/product\/integrated-solar-street-light"},"modified":"2023-02-03T10:02:18","modified_gmt":"2023-02-03T02:02:18","slug":"lampadaire-solaire-integre-tout-en-un","status":"publish","type":"product","link":"https:\/\/www.zhgdled.com\/fr\/lampadaire-solaire-integre.html","title":{"rendered":"R\u00e9verb\u00e8re solaire int\u00e9gr\u00e9 ZHL"},"content":{"rendered":"<h2>LAMPADAIRE SOLAIRE INT\u00c9GR\u00c9 TOUT-EN-UN\u00a0! PLUSIEURS OPTIONS DE R\u00c9PARTITION DE LA LUMI\u00c8RE, DIFF\u00c9RENTS MODES DE TRAVAIL<\/h2>\n<ul>\n<li>Conception int\u00e9gr\u00e9e, aucun c\u00e2blage requis, installation flexible<\/li>\n<li>Bras d&#8217;installation r\u00e9glable, r\u00e9glage multi-angle<\/li>\n<li>R\u00e9partition lumineuse multi-angle<\/li>\n<li>Efficacit\u00e9 jusqu&#8217;\u00e0 130~190lm\/W<\/li>\n<li>Conception r\u00e9sistante au vent<\/li>\n<li>Contr\u00f4leur intelligent, d\u00e9lai d&#8217;int\u00e9gration des jours de pluie<\/li>\n<li>Induction corporelle intelligente<\/li>\n<li>Silicium monocristallin \u00e0 haut rendement<\/li>\n<li>Batterie au lithium fer phosphate de classe A1<\/li>\n<li>Convient aux exigences d&#8217;installation de diff\u00e9rents types de p\u00f4les magn\u00e9tiques sous diff\u00e9rentes latitudes<\/li>\n<\/ul>\n<p>&nbsp;<\/p>\n<h2>CARACT\u00c9RISTIQUES<\/h2>\n<table style=\"border-collapse: collapse; width: 271px; height: 47px;\" border=\"0\" width=\"141\" cellspacing=\"0\" cellpadding=\"0\">\n<tbody>\n<tr style=\"height: 16.50pt;\">\n<td class=\"et2\" style=\"height: 16.50pt; width: 11.20pt;\" width=\"14\" height=\"22\"><img decoding=\"async\" class=\"alignnone size-full wp-image-17482\" src=\"https:\/\/www.zhgdled.com\/wp-content\/uploads\/2022\/07\/zhl_download-logo.png\" alt=\"\" width=\"368\" height=\"368\" srcset=\"https:\/\/www.zhgdled.com\/wp-content\/uploads\/2022\/07\/zhl_download-logo.png 368w, https:\/\/www.zhgdled.com\/wp-content\/uploads\/2022\/07\/zhl_download-logo-300x300.png 300w, https:\/\/www.zhgdled.com\/wp-content\/uploads\/2022\/07\/zhl_download-logo-150x150.png 150w\" sizes=\"(max-width: 368px) 100vw, 368px\" \/><\/td>\n<td class=\"et3\" style=\"width: 94.65pt;\" width=\"126\"><a href=\"https:\/\/www.zhgdled.com\/download\/integrated-solar-street-light\">T\u00e9l\u00e9charger le catalogue<\/a><\/td>\n<\/tr>\n<\/tbody>\n<\/table>\n<table style=\"height: 475px;\" width=\"679\">\n<tbody>\n<tr>\n<td width=\"144\">Pouvoir<\/td>\n<td width=\"89\">20W<\/td>\n<td width=\"77\">30W<\/td>\n<td width=\"78\">40W<\/td>\n<td width=\"92\">50W<\/td>\n<td width=\"85\">60W<\/td>\n<\/tr>\n<tr>\n<td width=\"144\">Flux lumineux<\/td>\n<td width=\"89\">3200LM<\/td>\n<td width=\"77\">4800LM<\/td>\n<td width=\"78\">6400LM<\/td>\n<td width=\"92\">8000LM<\/td>\n<td width=\"85\">9600LM<\/td>\n<\/tr>\n<tr>\n<td width=\"144\">Efficacit\u00e9 lumineuse<\/td>\n<td width=\"89\">130LM\/W<\/td>\n<td width=\"77\">160LM\/W<\/td>\n<td width=\"78\">175LM\/W<\/td>\n<td width=\"92\">190LM\/W<\/td>\n<td width=\"85\">190LM\/W<\/td>\n<\/tr>\n<tr>\n<td width=\"144\">Temp\u00e9rature de couleur. (CCT)<\/td>\n<td colspan=\"5\" width=\"423\">3000K \/ 4000K \/ 6500K<\/td>\n<\/tr>\n<tr>\n<td width=\"144\">Classe IP<\/td>\n<td colspan=\"5\" width=\"423\">IP65 \/ IK08<\/td>\n<\/tr>\n<tr>\n<td width=\"144\">Photom\u00e9trique<\/td>\n<td colspan=\"5\" width=\"423\">TYPE I \/ TYPE II \/ TYPE III \/ TYPE IV<\/td>\n<\/tr>\n<tr>\n<td width=\"144\">Qualit\u00e9 \u00e9lectrique<\/td>\n<td colspan=\"5\" width=\"423\">Class III<\/td>\n<\/tr>\n<tr>\n<td width=\"144\">Mat\u00e9riel<\/td>\n<td colspan=\"5\" width=\"423\">Bo\u00eetier : Aluminium<\/td>\n<\/tr>\n<tr>\n<td width=\"144\"><\/td>\n<td colspan=\"5\" width=\"423\">\u00c9tanch\u00e9it\u00e9 : anneau en caoutchouc de silicone<\/td>\n<\/tr>\n<tr>\n<td width=\"144\"><\/td>\n<td colspan=\"5\" width=\"423\">Lentille PC<\/td>\n<\/tr>\n<tr>\n<td width=\"144\">Dur\u00e9e de vie<\/td>\n<td colspan=\"5\" width=\"423\">&gt;35000 heures<\/td>\n<\/tr>\n<tr>\n<td width=\"144\">Temps de charge<\/td>\n<td colspan=\"5\" width=\"423\">6 heures<\/td>\n<\/tr>\n<tr>\n<td width=\"144\">Temps de travail<\/td>\n<td colspan=\"5\" width=\"423\">2-3 jours (mode automatique)<\/td>\n<\/tr>\n<tr>\n<td width=\"144\">Temp\u00e9rature de fonctionnement<\/td>\n<td colspan=\"5\" width=\"423\">-20-60\u2103<\/td>\n<\/tr>\n<\/tbody>\n<\/table>\n","protected":false},"excerpt":{"rendered":"<table style=\"height: 475px;\" width=\"679\">\n<tbody>\n<tr>\n<td width=\"144\">Pouvoir<\/td>\n<td width=\"89\">20W<\/td>\n<td width=\"77\">30W<\/td>\n<td width=\"78\">40W<\/td>\n<td width=\"92\">50W<\/td>\n<td width=\"85\">60W<\/td>\n<\/tr>\n<tr>\n<td width=\"144\">Flux lumineux<\/td>\n<td width=\"89\">3200LM<\/td>\n<td width=\"77\">4800LM<\/td>\n<td width=\"78\">6400LM<\/td>\n<td width=\"92\">8000LM<\/td>\n<td width=\"85\">9600LM<\/td>\n<\/tr>\n<tr>\n<td width=\"144\">Efficacit\u00e9 lumineuse<\/td>\n<td width=\"89\">130LM\/W<\/td>\n<td width=\"77\">160LM\/W<\/td>\n<td width=\"78\">175LM\/W<\/td>\n<td width=\"92\">190LM\/W<\/td>\n<td width=\"85\">190LM\/W<\/td>\n<\/tr>\n<tr>\n<td width=\"144\">Temp\u00e9rature de couleur. (CCT)<\/td>\n<td colspan=\"5\" width=\"423\">3000K \/ 4000K \/ 6500K<\/td>\n<\/tr>\n<tr>\n<td width=\"144\">Classe IP<\/td>\n<td colspan=\"5\" width=\"423\">IP65 \/ IK08<\/td>\n<\/tr>\n<tr>\n<td width=\"144\">Photom\u00e9trique<\/td>\n<td colspan=\"5\" width=\"423\">TYPE I \/ TYPE II \/ TYPE III \/ TYPE IV<\/td>\n<\/tr>\n<tr>\n<td width=\"144\">Qualit\u00e9 \u00e9lectrique<\/td>\n<td colspan=\"5\" width=\"423\">Class III<\/td>\n<\/tr>\n<tr>\n<td width=\"144\">Mat\u00e9riel<\/td>\n<td colspan=\"5\" width=\"423\">Bo\u00eetier : Aluminium<\/td>\n<\/tr>\n<tr>\n<td width=\"144\"><\/td>\n<td colspan=\"5\" width=\"423\">\u00c9tanch\u00e9it\u00e9 : anneau en caoutchouc de silicone<\/td>\n<\/tr>\n<tr>\n<td width=\"144\"><\/td>\n<td colspan=\"5\" width=\"423\">Lentille PC<\/td>\n<\/tr>\n<tr>\n<td width=\"144\">Dur\u00e9e de vie<\/td>\n<td colspan=\"5\" width=\"423\">&gt;35000 heures<\/td>\n<\/tr>\n<tr>\n<td width=\"144\">Temps de charge<\/td>\n<td colspan=\"5\" width=\"423\">6 heures<\/td>\n<\/tr>\n<tr>\n<td width=\"144\">Temps de travail<\/td>\n<td colspan=\"5\" width=\"423\">2-3 jours (mode automatique)<\/td>\n<\/tr>\n<tr>\n<td width=\"144\">Temp\u00e9rature de fonctionnement<\/td>\n<td colspan=\"5\" width=\"423\">-20-60\u2103<\/td>\n<\/tr>\n<\/tbody>\n<\/table>\n<p>&nbsp;<\/p>\n","protected":false},"featured_media":13672,"template":"","meta":[],"product_brand":[],"product_cat":[390],"product_tag":[514],"class_list":{"0":"post-18921","1":"product","2":"type-product","3":"status-publish","4":"has-post-thumbnail","6":"product_cat-lampadaires-solaires-a-led","7":"product_tag-solar-street-light-fr","9":"first","10":"instock","11":"shipping-taxable","12":"product-type-simple"},"yoast_head":"<!-- This site is optimized with the Yoast SEO plugin v27.4 - https:\/\/yoast.com\/product\/yoast-seo-wordpress\/ -->\n<title>R\u00e9verb\u00e8re solaire int\u00e9gr\u00e9 tout-en-un<\/title>\n<meta name=\"description\" content=\"Le lampadaire solaire int\u00e9gr\u00e9 tout-en-un est dot\u00e9 d&#039;un bo\u00eetier en aluminium moul\u00e9 sous pression (PDC), \u00e9tanche IP65, adapt\u00e9 \u00e0 une utilisation en ext\u00e9rieur.\" \/>\n<meta name=\"robots\" content=\"index, follow, max-snippet:-1, max-image-preview:large, max-video-preview:-1\" \/>\n<link rel=\"canonical\" href=\"https:\/\/www.zhgdled.com\/fr\/lampadaire-solaire-integre.html\" \/>\n<meta property=\"og:locale\" content=\"fr_FR\" \/>\n<meta property=\"og:type\" content=\"article\" \/>\n<meta property=\"og:title\" content=\"R\u00e9verb\u00e8re solaire int\u00e9gr\u00e9 tout-en-un\" \/>\n<meta property=\"og:description\" content=\"Le lampadaire solaire int\u00e9gr\u00e9 tout-en-un est dot\u00e9 d&#039;un bo\u00eetier en aluminium moul\u00e9 sous pression (PDC), \u00e9tanche IP65, adapt\u00e9 \u00e0 une utilisation en ext\u00e9rieur.\" \/>\n<meta property=\"og:url\" content=\"https:\/\/www.zhgdled.com\/fr\/lampadaire-solaire-integre.html\" \/>\n<meta property=\"og:site_name\" content=\"Soci\u00e9t\u00e9 ZHL \u00c9clairage\" \/>\n<meta property=\"article:publisher\" content=\"https:\/\/www.facebook.com\/zhllightinggroup\" \/>\n<meta property=\"article:modified_time\" content=\"2023-02-03T02:02:18+00:00\" \/>\n<meta property=\"og:image\" content=\"https:\/\/www.zhgdled.com\/wp-content\/uploads\/2022\/07\/36.png\" \/>\n\t<meta property=\"og:image:width\" content=\"1600\" \/>\n\t<meta property=\"og:image:height\" content=\"1600\" \/>\n\t<meta property=\"og:image:type\" content=\"image\/png\" \/>\n<meta name=\"twitter:card\" content=\"summary_large_image\" \/>\n<meta name=\"twitter:site\" content=\"@zhl_lighting\" \/>\n<meta name=\"twitter:label1\" content=\"Dur\u00e9e de lecture estim\u00e9e\" \/>\n\t<meta name=\"twitter:data1\" content=\"1 minute\" \/>\n<script type=\"application\/ld+json\" class=\"yoast-schema-graph\">{\"@context\":\"https:\\\/\\\/schema.org\",\"@graph\":[{\"@type\":\"WebPage\",\"@id\":\"https:\\\/\\\/www.zhgdled.com\\\/fr\\\/lampadaire-solaire-integre.html\",\"url\":\"https:\\\/\\\/www.zhgdled.com\\\/fr\\\/lampadaire-solaire-integre.html\",\"name\":\"R\u00e9verb\u00e8re solaire int\u00e9gr\u00e9 tout-en-un\",\"isPartOf\":{\"@id\":\"https:\\\/\\\/www.zhgdled.com\\\/fr\\\/#website\"},\"primaryImageOfPage\":{\"@id\":\"https:\\\/\\\/www.zhgdled.com\\\/fr\\\/lampadaire-solaire-integre.html#primaryimage\"},\"image\":{\"@id\":\"https:\\\/\\\/www.zhgdled.com\\\/fr\\\/lampadaire-solaire-integre.html#primaryimage\"},\"thumbnailUrl\":\"https:\\\/\\\/www.zhgdled.com\\\/wp-content\\\/uploads\\\/2022\\\/07\\\/36.png\",\"datePublished\":\"2022-07-29T01:01:06+00:00\",\"dateModified\":\"2023-02-03T02:02:18+00:00\",\"description\":\"Le lampadaire solaire int\u00e9gr\u00e9 tout-en-un est dot\u00e9 d'un bo\u00eetier en aluminium moul\u00e9 sous pression (PDC), \u00e9tanche IP65, adapt\u00e9 \u00e0 une utilisation en ext\u00e9rieur.\",\"breadcrumb\":{\"@id\":\"https:\\\/\\\/www.zhgdled.com\\\/fr\\\/lampadaire-solaire-integre.html#breadcrumb\"},\"inLanguage\":\"fr-FR\",\"potentialAction\":[{\"@type\":\"ReadAction\",\"target\":[\"https:\\\/\\\/www.zhgdled.com\\\/fr\\\/lampadaire-solaire-integre.html\"]}]},{\"@type\":\"ImageObject\",\"inLanguage\":\"fr-FR\",\"@id\":\"https:\\\/\\\/www.zhgdled.com\\\/fr\\\/lampadaire-solaire-integre.html#primaryimage\",\"url\":\"https:\\\/\\\/www.zhgdled.com\\\/wp-content\\\/uploads\\\/2022\\\/07\\\/36.png\",\"contentUrl\":\"https:\\\/\\\/www.zhgdled.com\\\/wp-content\\\/uploads\\\/2022\\\/07\\\/36.png\",\"width\":1600,\"height\":1600,\"caption\":\"lampadaire solaire int\u00e9gr\u00e9\"},{\"@type\":\"BreadcrumbList\",\"@id\":\"https:\\\/\\\/www.zhgdled.com\\\/fr\\\/lampadaire-solaire-integre.html#breadcrumb\",\"itemListElement\":[{\"@type\":\"ListItem\",\"position\":1,\"name\":\"Home\",\"item\":\"https:\\\/\\\/www.zhgdled.com\\\/fr\"},{\"@type\":\"ListItem\",\"position\":2,\"name\":\"PRODUCTS\",\"item\":\"https:\\\/\\\/www.zhgdled.com\\\/zhl-products.html\"},{\"@type\":\"ListItem\",\"position\":3,\"name\":\"R\u00e9verb\u00e8re solaire int\u00e9gr\u00e9 ZHL\"}]},{\"@type\":\"WebSite\",\"@id\":\"https:\\\/\\\/www.zhgdled.com\\\/fr\\\/#website\",\"url\":\"https:\\\/\\\/www.zhgdled.com\\\/fr\\\/\",\"name\":\"Soci\u00e9t\u00e9 ZHL \u00c9clairage\",\"description\":\"Top ranking industrial lighting manufacturer and exporter\",\"publisher\":{\"@id\":\"https:\\\/\\\/www.zhgdled.com\\\/fr\\\/#organization\"},\"potentialAction\":[{\"@type\":\"SearchAction\",\"target\":{\"@type\":\"EntryPoint\",\"urlTemplate\":\"https:\\\/\\\/www.zhgdled.com\\\/fr\\\/?s={search_term_string}\"},\"query-input\":{\"@type\":\"PropertyValueSpecification\",\"valueRequired\":true,\"valueName\":\"search_term_string\"}}],\"inLanguage\":\"fr-FR\"},{\"@type\":\"Organization\",\"@id\":\"https:\\\/\\\/www.zhgdled.com\\\/fr\\\/#organization\",\"name\":\"ZHL Lighting Group\",\"url\":\"https:\\\/\\\/www.zhgdled.com\\\/fr\\\/\",\"logo\":{\"@type\":\"ImageObject\",\"inLanguage\":\"fr-FR\",\"@id\":\"https:\\\/\\\/www.zhgdled.com\\\/fr\\\/#\\\/schema\\\/logo\\\/image\\\/\",\"url\":\"\",\"contentUrl\":\"\",\"caption\":\"ZHL Lighting Group\"},\"image\":{\"@id\":\"https:\\\/\\\/www.zhgdled.com\\\/fr\\\/#\\\/schema\\\/logo\\\/image\\\/\"},\"sameAs\":[\"https:\\\/\\\/www.facebook.com\\\/zhllightinggroup\",\"https:\\\/\\\/x.com\\\/zhl_lighting\"]}]}<\/script>\n<!-- \/ Yoast SEO plugin. -->","yoast_head_json":{"title":"R\u00e9verb\u00e8re solaire int\u00e9gr\u00e9 tout-en-un","description":"Le lampadaire solaire int\u00e9gr\u00e9 tout-en-un est dot\u00e9 d'un bo\u00eetier en aluminium moul\u00e9 sous pression (PDC), \u00e9tanche IP65, adapt\u00e9 \u00e0 une utilisation en ext\u00e9rieur.","robots":{"index":"index","follow":"follow","max-snippet":"max-snippet:-1","max-image-preview":"max-image-preview:large","max-video-preview":"max-video-preview:-1"},"canonical":"https:\/\/www.zhgdled.com\/fr\/lampadaire-solaire-integre.html","og_locale":"fr_FR","og_type":"article","og_title":"R\u00e9verb\u00e8re solaire int\u00e9gr\u00e9 tout-en-un","og_description":"Le lampadaire solaire int\u00e9gr\u00e9 tout-en-un est dot\u00e9 d'un bo\u00eetier en aluminium moul\u00e9 sous pression (PDC), \u00e9tanche IP65, adapt\u00e9 \u00e0 une utilisation en ext\u00e9rieur.","og_url":"https:\/\/www.zhgdled.com\/fr\/lampadaire-solaire-integre.html","og_site_name":"Soci\u00e9t\u00e9 ZHL \u00c9clairage","article_publisher":"https:\/\/www.facebook.com\/zhllightinggroup","article_modified_time":"2023-02-03T02:02:18+00:00","og_image":[{"width":1600,"height":1600,"url":"https:\/\/www.zhgdled.com\/wp-content\/uploads\/2022\/07\/36.png","type":"image\/png"}],"twitter_card":"summary_large_image","twitter_site":"@zhl_lighting","twitter_misc":{"Dur\u00e9e de lecture estim\u00e9e":"1 minute"},"schema":{"@context":"https:\/\/schema.org","@graph":[{"@type":"WebPage","@id":"https:\/\/www.zhgdled.com\/fr\/lampadaire-solaire-integre.html","url":"https:\/\/www.zhgdled.com\/fr\/lampadaire-solaire-integre.html","name":"R\u00e9verb\u00e8re solaire int\u00e9gr\u00e9 tout-en-un","isPartOf":{"@id":"https:\/\/www.zhgdled.com\/fr\/#website"},"primaryImageOfPage":{"@id":"https:\/\/www.zhgdled.com\/fr\/lampadaire-solaire-integre.html#primaryimage"},"image":{"@id":"https:\/\/www.zhgdled.com\/fr\/lampadaire-solaire-integre.html#primaryimage"},"thumbnailUrl":"https:\/\/www.zhgdled.com\/wp-content\/uploads\/2022\/07\/36.png","datePublished":"2022-07-29T01:01:06+00:00","dateModified":"2023-02-03T02:02:18+00:00","description":"Le lampadaire solaire int\u00e9gr\u00e9 tout-en-un est dot\u00e9 d'un bo\u00eetier en aluminium moul\u00e9 sous pression (PDC), \u00e9tanche IP65, adapt\u00e9 \u00e0 une utilisation en ext\u00e9rieur.","breadcrumb":{"@id":"https:\/\/www.zhgdled.com\/fr\/lampadaire-solaire-integre.html#breadcrumb"},"inLanguage":"fr-FR","potentialAction":[{"@type":"ReadAction","target":["https:\/\/www.zhgdled.com\/fr\/lampadaire-solaire-integre.html"]}]},{"@type":"ImageObject","inLanguage":"fr-FR","@id":"https:\/\/www.zhgdled.com\/fr\/lampadaire-solaire-integre.html#primaryimage","url":"https:\/\/www.zhgdled.com\/wp-content\/uploads\/2022\/07\/36.png","contentUrl":"https:\/\/www.zhgdled.com\/wp-content\/uploads\/2022\/07\/36.png","width":1600,"height":1600,"caption":"lampadaire solaire int\u00e9gr\u00e9"},{"@type":"BreadcrumbList","@id":"https:\/\/www.zhgdled.com\/fr\/lampadaire-solaire-integre.html#breadcrumb","itemListElement":[{"@type":"ListItem","position":1,"name":"Home","item":"https:\/\/www.zhgdled.com\/fr"},{"@type":"ListItem","position":2,"name":"PRODUCTS","item":"https:\/\/www.zhgdled.com\/zhl-products.html"},{"@type":"ListItem","position":3,"name":"R\u00e9verb\u00e8re solaire int\u00e9gr\u00e9 ZHL"}]},{"@type":"WebSite","@id":"https:\/\/www.zhgdled.com\/fr\/#website","url":"https:\/\/www.zhgdled.com\/fr\/","name":"Soci\u00e9t\u00e9 ZHL \u00c9clairage","description":"Top ranking industrial lighting manufacturer and exporter","publisher":{"@id":"https:\/\/www.zhgdled.com\/fr\/#organization"},"potentialAction":[{"@type":"SearchAction","target":{"@type":"EntryPoint","urlTemplate":"https:\/\/www.zhgdled.com\/fr\/?s={search_term_string}"},"query-input":{"@type":"PropertyValueSpecification","valueRequired":true,"valueName":"search_term_string"}}],"inLanguage":"fr-FR"},{"@type":"Organization","@id":"https:\/\/www.zhgdled.com\/fr\/#organization","name":"ZHL Lighting Group","url":"https:\/\/www.zhgdled.com\/fr\/","logo":{"@type":"ImageObject","inLanguage":"fr-FR","@id":"https:\/\/www.zhgdled.com\/fr\/#\/schema\/logo\/image\/","url":"","contentUrl":"","caption":"ZHL Lighting Group"},"image":{"@id":"https:\/\/www.zhgdled.com\/fr\/#\/schema\/logo\/image\/"},"sameAs":["https:\/\/www.facebook.com\/zhllightinggroup","https:\/\/x.com\/zhl_lighting"]}]}},"_links":{"self":[{"href":"https:\/\/www.zhgdled.com\/fr\/wp-json\/wp\/v2\/product\/18921","targetHints":{"allow":["GET"]}}],"collection":[{"href":"https:\/\/www.zhgdled.com\/fr\/wp-json\/wp\/v2\/product"}],"about":[{"href":"https:\/\/www.zhgdled.com\/fr\/wp-json\/wp\/v2\/types\/product"}],"wp:featuredmedia":[{"embeddable":true,"href":"https:\/\/www.zhgdled.com\/fr\/wp-json\/wp\/v2\/media\/13672"}],"wp:attachment":[{"href":"https:\/\/www.zhgdled.com\/fr\/wp-json\/wp\/v2\/media?parent=18921"}],"wp:term":[{"taxonomy":"product_brand","embeddable":true,"href":"https:\/\/www.zhgdled.com\/fr\/wp-json\/wp\/v2\/product_brand?post=18921"},{"taxonomy":"product_cat","embeddable":true,"href":"https:\/\/www.zhgdled.com\/fr\/wp-json\/wp\/v2\/product_cat?post=18921"},{"taxonomy":"product_tag","embeddable":true,"href":"https:\/\/www.zhgdled.com\/fr\/wp-json\/wp\/v2\/product_tag?post=18921"}],"curies":[{"name":"wp","href":"https:\/\/api.w.org\/{rel}","templated":true}]}}