{"id":18943,"date":"2022-04-18T14:20:15","date_gmt":"2022-04-18T06:20:15","guid":{"rendered":"https:\/\/www.zhgdled.com\/product\/greenhouse-foldable-led-grow-light-480-1000w"},"modified":"2023-02-03T15:51:12","modified_gmt":"2023-02-03T07:51:12","slug":"la-plante-a-led-eleve-la-lumiere","status":"publish","type":"product","link":"https:\/\/www.zhgdled.com\/fr\/serre-pliable-lampe-de-croissance-led-480-1000w.html","title":{"rendered":"OCTOPUS SERIES Serre Pliable LED Grow Light 480W &#8211; 1000W"},"content":{"rendered":"<h2 id=\"title\" class=\"a-size-large a-spacing-none\">Fold-6 480W &#8211; 1000W LED \u00e0 spectre complet pour plantes d&#8217;int\u00e9rieur<\/h2>\n<ul>\n<li>\u00b5mol par watt maximis\u00e9 &#8211; Une efficacit\u00e9 \u00e9lev\u00e9e de 2,7 umol\/j et une consommation \u00e9lectrique r\u00e9elle de 720 W contribuent \u00e0 des op\u00e9rations de croissance efficaces qui vous aident \u00e0 optimiser efficacement la croissance des plantes, \u00e0 am\u00e9liorer la qualit\u00e9 des rendements et \u00e0 r\u00e9duire les co\u00fbts d&#8217;exploitation. PPFD sup\u00e9rieur qui 1385 \u00b5mol\/s \u00e0 12&#8243; de distance et 1056 \u00b5mol\/s \u00e0 24&#8243;.<\/li>\n<li>Spectre optimis\u00e9 : cette s\u00e9rie de lampes de croissance \u00e0 LED Fold-6 Octopus favorise la photosynth\u00e8se \u00e0 tous les stades de la croissance, en particulier la floraison, de la coupe\/ensemencement, v\u00e9g\u00e9tative et floraison. Lampes de croissance pour plantes d&#8217;int\u00e9rieur Fold-6 reproduit le spectre de la lumi\u00e8re naturelle du soleil et produit une longueur d&#8217;onde large, coh\u00e9rente et significative dans la plage de 400 \u00e0 700 nm qui peut se d\u00e9velopper tout au long du cycle de vie de la plante. Il aide vos plantes \u00e0 pousser plus sainement et \u00e0 produire de meilleures r\u00e9coltes.<\/li>\n<li>Moins de chaleur &#8211; Les LED g\u00e9n\u00e8rent beaucoup moins de chaleur que les lampes HPS et autres lampes HID, ce qui les rend parfaites pour l&#8217;horticulture. Le dissipateur thermique en aluminium avec 8 larges barres refroidies passives, qui pourraient mieux faire dispara\u00eetre la chaleur pour rester au frais et r\u00e9duire la chaleur ambiante dans votre espace de croissance pour prolonger la dur\u00e9e de vie de la lumi\u00e8re.<\/li>\n<\/ul>\n<h2>SP\u00c9CIFICATION<\/h2>\n<p><img decoding=\"async\" class=\"alignnone wp-image-17482\" src=\"https:\/\/www.zhgdled.com\/wp-content\/uploads\/2022\/07\/zhl_download-logo.png\" alt=\"\" width=\"26\" height=\"26\" srcset=\"https:\/\/www.zhgdled.com\/wp-content\/uploads\/2022\/07\/zhl_download-logo.png 368w, https:\/\/www.zhgdled.com\/wp-content\/uploads\/2022\/07\/zhl_download-logo-300x300.png 300w, https:\/\/www.zhgdled.com\/wp-content\/uploads\/2022\/07\/zhl_download-logo-150x150.png 150w\" sizes=\"(max-width: 26px) 100vw, 26px\" \/>\u00a0 <a href=\"https:\/\/www.zhgdled.com\/download\/octopus-series-led-grow-light\">T\u00e9l\u00e9charger les sp\u00e9cifications<\/a><\/p>\n<table>\n<tbody>\n<tr>\n<td width=\"98\">Mod\u00e8le<\/td>\n<td width=\"96\">ZHL-GROW-480W<\/td>\n<td width=\"93\">ZHL-GROW-600W<\/td>\n<td width=\"93\">ZHL-GROW-640W<\/td>\n<td width=\"94\">ZHL-GROW-800W<\/td>\n<td width=\"91\">ZHL-GROW-1000W<\/td>\n<\/tr>\n<tr>\n<td width=\"98\">Pouvoir<\/td>\n<td width=\"96\">480W<\/td>\n<td width=\"93\">600W<\/td>\n<td width=\"93\">640W<\/td>\n<td width=\"94\">800W<\/td>\n<td width=\"91\">1000W<\/td>\n<\/tr>\n<tr>\n<td width=\"98\">Source lumineuse 3030<\/td>\n<td width=\"96\">Blanc\/Osram 660nm<\/td>\n<td width=\"93\">Blanc\/Osram 660nm<\/td>\n<td width=\"93\">Blanc\/Osram 660nm<\/td>\n<td width=\"94\">Blanc\/Osram 660nm<\/td>\n<td width=\"91\">Blanc\/Osram 660nm<\/td>\n<\/tr>\n<tr>\n<td width=\"98\">Tension d&#8217;entr\u00e9e<\/td>\n<td width=\"96\">100-277V 50\/60Hz<\/td>\n<td width=\"93\">100-277V 50\/60Hz<\/td>\n<td width=\"93\">100-277V 50\/60Hz<\/td>\n<td width=\"94\">100-277V 50\/60Hz<\/td>\n<td width=\"91\">100-277V 50\/60Hz<\/td>\n<\/tr>\n<tr>\n<td width=\"98\">Efficacit\u00e9<\/td>\n<td width=\"96\">2.7umol\/s\/w<\/td>\n<td width=\"93\">2.7umol\/s\/w<\/td>\n<td width=\"93\">2.7umol\/s\/w<\/td>\n<td width=\"94\">2.7umol\/s\/w<\/td>\n<td width=\"91\">2.7umol\/s\/w<\/td>\n<\/tr>\n<tr>\n<td width=\"98\">Efficacit\u00e9<\/td>\n<td width=\"96\">&gt;0.95<\/td>\n<td width=\"93\">&gt;0.95<\/td>\n<td width=\"93\">&gt;0.95<\/td>\n<td width=\"94\">&gt;0.95<\/td>\n<td width=\"91\">&gt;0.95<\/td>\n<\/tr>\n<tr>\n<td width=\"98\">PPF<\/td>\n<td width=\"96\">1296umol\/s<\/td>\n<td width=\"93\">1620umol\/s<\/td>\n<td width=\"93\">1725umol\/s<\/td>\n<td width=\"94\">2160umol\/s<\/td>\n<td width=\"91\">2700umol\/s<\/td>\n<\/tr>\n<tr>\n<td width=\"98\">R\u00e9partition de la lumi\u00e8re<\/td>\n<td width=\"96\">120\u00b0<\/td>\n<td width=\"93\">120\u00b0<\/td>\n<td width=\"93\">120\u00b0<\/td>\n<td width=\"94\">120\u00b0<\/td>\n<td width=\"91\">120\u00b0<\/td>\n<\/tr>\n<tr>\n<td width=\"98\">Temp\u00e9rature de travail.<\/td>\n<td width=\"96\">-20\u2103~40\u2103<\/td>\n<td width=\"93\">-20\u2103~40\u2103<\/td>\n<td width=\"93\">-20\u2103~40\u2103<\/td>\n<td width=\"94\">-20\u2103~40\u2103<\/td>\n<td width=\"91\">-20\u2103~40\u2103<\/td>\n<\/tr>\n<tr>\n<td width=\"98\">Classe IP<\/td>\n<td width=\"96\">IP65<\/td>\n<td width=\"93\">IP65<\/td>\n<td width=\"93\">IP65<\/td>\n<td width=\"94\">IP65<\/td>\n<td width=\"91\">IP65<\/td>\n<\/tr>\n<tr>\n<td width=\"98\">Flux lumineux<\/td>\n<td width=\"96\">85440Lm<\/td>\n<td width=\"93\">108000Lm<\/td>\n<td width=\"93\">115200Lm<\/td>\n<td width=\"94\">144000Lm<\/td>\n<td width=\"91\">180000Lm<\/td>\n<\/tr>\n<tr>\n<td width=\"98\">Quantit\u00e9 de DEL<\/td>\n<td width=\"96\">1680<\/td>\n<td width=\"93\">2520<\/td>\n<td width=\"93\">2520<\/td>\n<td width=\"94\">3360<\/td>\n<td width=\"91\">4480<\/td>\n<\/tr>\n<tr>\n<td width=\"98\">Quantit\u00e9 de modules DEL<\/td>\n<td width=\"96\">4PCS<\/td>\n<td width=\"93\">6PCS<\/td>\n<td width=\"93\">6PCS<\/td>\n<td width=\"94\">8PCS<\/td>\n<td width=\"91\">8PCS<\/td>\n<\/tr>\n<tr>\n<td width=\"98\">Taille du produit<\/td>\n<td width=\"96\">1040*515*107.5mm<\/td>\n<td width=\"93\">1040*719*107.5mm<\/td>\n<td width=\"93\">1040*719*107.5mm<\/td>\n<td width=\"94\">1040*918*107.5mm<\/td>\n<td width=\"91\">1040*918*107.5mm<\/td>\n<\/tr>\n<tr>\n<td width=\"98\">Poids du produit<\/td>\n<td width=\"96\">11.5kg<\/td>\n<td width=\"93\">14.5kg<\/td>\n<td width=\"93\">14.5kg<\/td>\n<td width=\"94\">16kg<\/td>\n<td width=\"91\">17.2kg<\/td>\n<\/tr>\n<tr>\n<td width=\"98\">Dur\u00e9e de vie<\/td>\n<td width=\"96\">&gt;50000h<\/td>\n<td width=\"93\">&gt;50000h<\/td>\n<td width=\"93\">&gt;50000h<\/td>\n<td width=\"94\">&gt;50000h<\/td>\n<td width=\"91\">&gt;50000h<\/td>\n<\/tr>\n<tr>\n<td width=\"98\">garantie<\/td>\n<td width=\"96\">5 ann\u00e9es<\/td>\n<td width=\"93\">5 ann\u00e9es<\/td>\n<td width=\"93\">5 ann\u00e9es<\/td>\n<td width=\"94\">5 ann\u00e9es<\/td>\n<td width=\"91\">5 ann\u00e9es<\/td>\n<\/tr>\n<tr>\n<td width=\"98\">Certificat<\/td>\n<td width=\"96\">CE\/ETL\/DLC<\/td>\n<td width=\"93\">CE\/ETL\/DLC<\/td>\n<td width=\"93\">CE\/ETL\/DLC<\/td>\n<td width=\"94\">CE\/ETL\/DLC<\/td>\n<td width=\"91\">CE\/ETL\/DLC<\/td>\n<\/tr>\n<\/tbody>\n<\/table>\n<p>&nbsp;<\/p>\n<p><img decoding=\"async\" class=\"alignnone size-full wp-image-11958\" src=\"https:\/\/www.zhgdled.com\/wp-content\/uploads\/2022\/04\/grow-light-3.png\" alt=\"\" width=\"892\" height=\"754\" srcset=\"https:\/\/www.zhgdled.com\/wp-content\/uploads\/2022\/04\/grow-light-3.png 892w, https:\/\/www.zhgdled.com\/wp-content\/uploads\/2022\/04\/grow-light-3-300x254.png 300w, https:\/\/www.zhgdled.com\/wp-content\/uploads\/2022\/04\/grow-light-3-768x649.png 768w, https:\/\/www.zhgdled.com\/wp-content\/uploads\/2022\/04\/grow-light-3-600x507.png 600w, https:\/\/www.zhgdled.com\/wp-content\/uploads\/2022\/04\/grow-light-3-150x127.png 150w\" sizes=\"(max-width: 892px) 100vw, 892px\" \/><\/p>\n<p><img decoding=\"async\" class=\"alignnone size-full wp-image-13719\" src=\"https:\/\/www.zhgdled.com\/wp-content\/uploads\/2022\/04\/ZHL-GROW-LIGHT-2.jpg\" alt=\"led grow light\" width=\"987\" height=\"718\" srcset=\"https:\/\/www.zhgdled.com\/wp-content\/uploads\/2022\/04\/ZHL-GROW-LIGHT-2.jpg 987w, https:\/\/www.zhgdled.com\/wp-content\/uploads\/2022\/04\/ZHL-GROW-LIGHT-2-300x218.jpg 300w, https:\/\/www.zhgdled.com\/wp-content\/uploads\/2022\/04\/ZHL-GROW-LIGHT-2-768x559.jpg 768w, https:\/\/www.zhgdled.com\/wp-content\/uploads\/2022\/04\/ZHL-GROW-LIGHT-2-600x436.jpg 600w, https:\/\/www.zhgdled.com\/wp-content\/uploads\/2022\/04\/ZHL-GROW-LIGHT-2-150x109.jpg 150w\" sizes=\"(max-width: 987px) 100vw, 987px\" \/><\/p>\n","protected":false},"excerpt":{"rendered":"<p>Cette plante \u00e0 LED de la s\u00e9rie Fold-6 Octopus \u00e9l\u00e8ve le spectre complet de la plante favorise la photosynth\u00e8se \u00e0 tous les stades de la croissance, en particulier la floraison, de la coupe\/ensemencement, v\u00e9g\u00e9tative et floraison. Le dissipateur thermique en aluminium avec 8 larges barres refroidies passives, qui pourraient mieux faire dispara\u00eetre la chaleur pour rester au frais et r\u00e9duire la chaleur ambiante dans votre espace de croissance pour prolonger la dur\u00e9e de vie de la lumi\u00e8re.<\/p>\n<ul>\n<li>480W \/ 600W \/ 640W \/ 800W \/ 1000W<\/li>\n<li>LED Osram 660nm<\/li>\n<li>200V-277V CA, 50\/60Hz<\/li>\n<li>2.7umol\/s\/w<\/li>\n<li>FP&gt;0,95<\/li>\n<li>R\u00e9partition lumineuse 120\u00b0<\/li>\n<li>IP65<\/li>\n<\/ul>\n","protected":false},"featured_media":13728,"template":"","meta":[],"product_brand":[],"product_cat":[536],"product_tag":[537],"class_list":{"0":"post-18943","1":"product","2":"type-product","3":"status-publish","4":"has-post-thumbnail","6":"product_cat-grow-light-fr","7":"product_tag-grow-light-fr","9":"first","10":"instock","11":"shipping-taxable","12":"product-type-simple"},"yoast_head":"<!-- This site is optimized with the Yoast SEO plugin v27.4 - https:\/\/yoast.com\/product\/yoast-seo-wordpress\/ -->\n<title>La Plante \u00e0 Led \u00c9l\u00e8ve La Lumi\u00e8re S\u00e9rie Pieuvre<\/title>\n<meta name=\"description\" content=\"Fold-6 led plant grow light full spectrum promotes photosynthesis at all stages of growth especially bloom, from cutting\/ seeding, vegetative and flowering\" \/>\n<meta name=\"robots\" content=\"index, follow, max-snippet:-1, max-image-preview:large, max-video-preview:-1\" \/>\n<link rel=\"canonical\" href=\"https:\/\/www.zhgdled.com\/fr\/serre-pliable-lampe-de-croissance-led-480-1000w.html\" \/>\n<meta property=\"og:locale\" content=\"fr_FR\" \/>\n<meta property=\"og:type\" content=\"article\" \/>\n<meta property=\"og:title\" content=\"La Plante \u00e0 Led \u00c9l\u00e8ve La Lumi\u00e8re S\u00e9rie Pieuvre\" \/>\n<meta property=\"og:description\" content=\"Fold-6 led plant grow light full spectrum promotes photosynthesis at all stages of growth especially bloom, from cutting\/ seeding, vegetative and flowering\" \/>\n<meta property=\"og:url\" content=\"https:\/\/www.zhgdled.com\/fr\/serre-pliable-lampe-de-croissance-led-480-1000w.html\" \/>\n<meta property=\"og:site_name\" content=\"Soci\u00e9t\u00e9 ZHL \u00c9clairage\" \/>\n<meta property=\"article:publisher\" content=\"https:\/\/www.facebook.com\/zhllightinggroup\" \/>\n<meta property=\"article:modified_time\" content=\"2023-02-03T07:51:12+00:00\" \/>\n<meta property=\"og:image\" content=\"https:\/\/www.zhgdled.com\/wp-content\/uploads\/2022\/04\/ZHL-GROW-LIGHT-13.jpg\" \/>\n\t<meta property=\"og:image:width\" content=\"1600\" \/>\n\t<meta property=\"og:image:height\" content=\"1600\" \/>\n\t<meta property=\"og:image:type\" content=\"image\/jpeg\" \/>\n<meta name=\"twitter:card\" content=\"summary_large_image\" \/>\n<meta name=\"twitter:site\" content=\"@zhl_lighting\" \/>\n<meta name=\"twitter:label1\" content=\"Dur\u00e9e de lecture estim\u00e9e\" \/>\n\t<meta name=\"twitter:data1\" content=\"3 minutes\" \/>\n<script type=\"application\/ld+json\" class=\"yoast-schema-graph\">{\"@context\":\"https:\\\/\\\/schema.org\",\"@graph\":[{\"@type\":\"WebPage\",\"@id\":\"https:\\\/\\\/www.zhgdled.com\\\/fr\\\/serre-pliable-lampe-de-croissance-led-480-1000w.html\",\"url\":\"https:\\\/\\\/www.zhgdled.com\\\/fr\\\/serre-pliable-lampe-de-croissance-led-480-1000w.html\",\"name\":\"La Plante \u00e0 Led \u00c9l\u00e8ve La Lumi\u00e8re S\u00e9rie Pieuvre\",\"isPartOf\":{\"@id\":\"https:\\\/\\\/www.zhgdled.com\\\/fr\\\/#website\"},\"primaryImageOfPage\":{\"@id\":\"https:\\\/\\\/www.zhgdled.com\\\/fr\\\/serre-pliable-lampe-de-croissance-led-480-1000w.html#primaryimage\"},\"image\":{\"@id\":\"https:\\\/\\\/www.zhgdled.com\\\/fr\\\/serre-pliable-lampe-de-croissance-led-480-1000w.html#primaryimage\"},\"thumbnailUrl\":\"https:\\\/\\\/www.zhgdled.com\\\/wp-content\\\/uploads\\\/2022\\\/04\\\/ZHL-GROW-LIGHT-13.jpg\",\"datePublished\":\"2022-04-18T06:20:15+00:00\",\"dateModified\":\"2023-02-03T07:51:12+00:00\",\"description\":\"Fold-6 led plant grow light full spectrum promotes photosynthesis at all stages of growth especially bloom, from cutting\\\/ seeding, vegetative and flowering\",\"breadcrumb\":{\"@id\":\"https:\\\/\\\/www.zhgdled.com\\\/fr\\\/serre-pliable-lampe-de-croissance-led-480-1000w.html#breadcrumb\"},\"inLanguage\":\"fr-FR\",\"potentialAction\":[{\"@type\":\"ReadAction\",\"target\":[\"https:\\\/\\\/www.zhgdled.com\\\/fr\\\/serre-pliable-lampe-de-croissance-led-480-1000w.html\"]}]},{\"@type\":\"ImageObject\",\"inLanguage\":\"fr-FR\",\"@id\":\"https:\\\/\\\/www.zhgdled.com\\\/fr\\\/serre-pliable-lampe-de-croissance-led-480-1000w.html#primaryimage\",\"url\":\"https:\\\/\\\/www.zhgdled.com\\\/wp-content\\\/uploads\\\/2022\\\/04\\\/ZHL-GROW-LIGHT-13.jpg\",\"contentUrl\":\"https:\\\/\\\/www.zhgdled.com\\\/wp-content\\\/uploads\\\/2022\\\/04\\\/ZHL-GROW-LIGHT-13.jpg\",\"width\":1600,\"height\":1600,\"caption\":\"La plante \u00e0 LED \u00e9l\u00e8ve la lumi\u00e8re\"},{\"@type\":\"BreadcrumbList\",\"@id\":\"https:\\\/\\\/www.zhgdled.com\\\/fr\\\/serre-pliable-lampe-de-croissance-led-480-1000w.html#breadcrumb\",\"itemListElement\":[{\"@type\":\"ListItem\",\"position\":1,\"name\":\"Home\",\"item\":\"https:\\\/\\\/www.zhgdled.com\\\/fr\"},{\"@type\":\"ListItem\",\"position\":2,\"name\":\"PRODUCTS\",\"item\":\"https:\\\/\\\/www.zhgdled.com\\\/zhl-products.html\"},{\"@type\":\"ListItem\",\"position\":3,\"name\":\"OCTOPUS SERIES Serre Pliable LED Grow Light 480W &#8211; 1000W\"}]},{\"@type\":\"WebSite\",\"@id\":\"https:\\\/\\\/www.zhgdled.com\\\/fr\\\/#website\",\"url\":\"https:\\\/\\\/www.zhgdled.com\\\/fr\\\/\",\"name\":\"Soci\u00e9t\u00e9 ZHL \u00c9clairage\",\"description\":\"Top ranking industrial lighting manufacturer and exporter\",\"publisher\":{\"@id\":\"https:\\\/\\\/www.zhgdled.com\\\/fr\\\/#organization\"},\"potentialAction\":[{\"@type\":\"SearchAction\",\"target\":{\"@type\":\"EntryPoint\",\"urlTemplate\":\"https:\\\/\\\/www.zhgdled.com\\\/fr\\\/?s={search_term_string}\"},\"query-input\":{\"@type\":\"PropertyValueSpecification\",\"valueRequired\":true,\"valueName\":\"search_term_string\"}}],\"inLanguage\":\"fr-FR\"},{\"@type\":\"Organization\",\"@id\":\"https:\\\/\\\/www.zhgdled.com\\\/fr\\\/#organization\",\"name\":\"ZHL Lighting Group\",\"url\":\"https:\\\/\\\/www.zhgdled.com\\\/fr\\\/\",\"logo\":{\"@type\":\"ImageObject\",\"inLanguage\":\"fr-FR\",\"@id\":\"https:\\\/\\\/www.zhgdled.com\\\/fr\\\/#\\\/schema\\\/logo\\\/image\\\/\",\"url\":\"\",\"contentUrl\":\"\",\"caption\":\"ZHL Lighting Group\"},\"image\":{\"@id\":\"https:\\\/\\\/www.zhgdled.com\\\/fr\\\/#\\\/schema\\\/logo\\\/image\\\/\"},\"sameAs\":[\"https:\\\/\\\/www.facebook.com\\\/zhllightinggroup\",\"https:\\\/\\\/x.com\\\/zhl_lighting\"]}]}<\/script>\n<!-- \/ Yoast SEO plugin. -->","yoast_head_json":{"title":"La Plante \u00e0 Led \u00c9l\u00e8ve La Lumi\u00e8re S\u00e9rie Pieuvre","description":"Fold-6 led plant grow light full spectrum promotes photosynthesis at all stages of growth especially bloom, from cutting\/ seeding, vegetative and flowering","robots":{"index":"index","follow":"follow","max-snippet":"max-snippet:-1","max-image-preview":"max-image-preview:large","max-video-preview":"max-video-preview:-1"},"canonical":"https:\/\/www.zhgdled.com\/fr\/serre-pliable-lampe-de-croissance-led-480-1000w.html","og_locale":"fr_FR","og_type":"article","og_title":"La Plante \u00e0 Led \u00c9l\u00e8ve La Lumi\u00e8re S\u00e9rie Pieuvre","og_description":"Fold-6 led plant grow light full spectrum promotes photosynthesis at all stages of growth especially bloom, from cutting\/ seeding, vegetative and flowering","og_url":"https:\/\/www.zhgdled.com\/fr\/serre-pliable-lampe-de-croissance-led-480-1000w.html","og_site_name":"Soci\u00e9t\u00e9 ZHL \u00c9clairage","article_publisher":"https:\/\/www.facebook.com\/zhllightinggroup","article_modified_time":"2023-02-03T07:51:12+00:00","og_image":[{"width":1600,"height":1600,"url":"https:\/\/www.zhgdled.com\/wp-content\/uploads\/2022\/04\/ZHL-GROW-LIGHT-13.jpg","type":"image\/jpeg"}],"twitter_card":"summary_large_image","twitter_site":"@zhl_lighting","twitter_misc":{"Dur\u00e9e de lecture estim\u00e9e":"3 minutes"},"schema":{"@context":"https:\/\/schema.org","@graph":[{"@type":"WebPage","@id":"https:\/\/www.zhgdled.com\/fr\/serre-pliable-lampe-de-croissance-led-480-1000w.html","url":"https:\/\/www.zhgdled.com\/fr\/serre-pliable-lampe-de-croissance-led-480-1000w.html","name":"La Plante \u00e0 Led \u00c9l\u00e8ve La Lumi\u00e8re S\u00e9rie Pieuvre","isPartOf":{"@id":"https:\/\/www.zhgdled.com\/fr\/#website"},"primaryImageOfPage":{"@id":"https:\/\/www.zhgdled.com\/fr\/serre-pliable-lampe-de-croissance-led-480-1000w.html#primaryimage"},"image":{"@id":"https:\/\/www.zhgdled.com\/fr\/serre-pliable-lampe-de-croissance-led-480-1000w.html#primaryimage"},"thumbnailUrl":"https:\/\/www.zhgdled.com\/wp-content\/uploads\/2022\/04\/ZHL-GROW-LIGHT-13.jpg","datePublished":"2022-04-18T06:20:15+00:00","dateModified":"2023-02-03T07:51:12+00:00","description":"Fold-6 led plant grow light full spectrum promotes photosynthesis at all stages of growth especially bloom, from cutting\/ seeding, vegetative and flowering","breadcrumb":{"@id":"https:\/\/www.zhgdled.com\/fr\/serre-pliable-lampe-de-croissance-led-480-1000w.html#breadcrumb"},"inLanguage":"fr-FR","potentialAction":[{"@type":"ReadAction","target":["https:\/\/www.zhgdled.com\/fr\/serre-pliable-lampe-de-croissance-led-480-1000w.html"]}]},{"@type":"ImageObject","inLanguage":"fr-FR","@id":"https:\/\/www.zhgdled.com\/fr\/serre-pliable-lampe-de-croissance-led-480-1000w.html#primaryimage","url":"https:\/\/www.zhgdled.com\/wp-content\/uploads\/2022\/04\/ZHL-GROW-LIGHT-13.jpg","contentUrl":"https:\/\/www.zhgdled.com\/wp-content\/uploads\/2022\/04\/ZHL-GROW-LIGHT-13.jpg","width":1600,"height":1600,"caption":"La plante \u00e0 LED \u00e9l\u00e8ve la lumi\u00e8re"},{"@type":"BreadcrumbList","@id":"https:\/\/www.zhgdled.com\/fr\/serre-pliable-lampe-de-croissance-led-480-1000w.html#breadcrumb","itemListElement":[{"@type":"ListItem","position":1,"name":"Home","item":"https:\/\/www.zhgdled.com\/fr"},{"@type":"ListItem","position":2,"name":"PRODUCTS","item":"https:\/\/www.zhgdled.com\/zhl-products.html"},{"@type":"ListItem","position":3,"name":"OCTOPUS SERIES Serre Pliable LED Grow Light 480W &#8211; 1000W"}]},{"@type":"WebSite","@id":"https:\/\/www.zhgdled.com\/fr\/#website","url":"https:\/\/www.zhgdled.com\/fr\/","name":"Soci\u00e9t\u00e9 ZHL \u00c9clairage","description":"Top ranking industrial lighting manufacturer and exporter","publisher":{"@id":"https:\/\/www.zhgdled.com\/fr\/#organization"},"potentialAction":[{"@type":"SearchAction","target":{"@type":"EntryPoint","urlTemplate":"https:\/\/www.zhgdled.com\/fr\/?s={search_term_string}"},"query-input":{"@type":"PropertyValueSpecification","valueRequired":true,"valueName":"search_term_string"}}],"inLanguage":"fr-FR"},{"@type":"Organization","@id":"https:\/\/www.zhgdled.com\/fr\/#organization","name":"ZHL Lighting Group","url":"https:\/\/www.zhgdled.com\/fr\/","logo":{"@type":"ImageObject","inLanguage":"fr-FR","@id":"https:\/\/www.zhgdled.com\/fr\/#\/schema\/logo\/image\/","url":"","contentUrl":"","caption":"ZHL Lighting Group"},"image":{"@id":"https:\/\/www.zhgdled.com\/fr\/#\/schema\/logo\/image\/"},"sameAs":["https:\/\/www.facebook.com\/zhllightinggroup","https:\/\/x.com\/zhl_lighting"]}]}},"_links":{"self":[{"href":"https:\/\/www.zhgdled.com\/fr\/wp-json\/wp\/v2\/product\/18943","targetHints":{"allow":["GET"]}}],"collection":[{"href":"https:\/\/www.zhgdled.com\/fr\/wp-json\/wp\/v2\/product"}],"about":[{"href":"https:\/\/www.zhgdled.com\/fr\/wp-json\/wp\/v2\/types\/product"}],"wp:featuredmedia":[{"embeddable":true,"href":"https:\/\/www.zhgdled.com\/fr\/wp-json\/wp\/v2\/media\/13728"}],"wp:attachment":[{"href":"https:\/\/www.zhgdled.com\/fr\/wp-json\/wp\/v2\/media?parent=18943"}],"wp:term":[{"taxonomy":"product_brand","embeddable":true,"href":"https:\/\/www.zhgdled.com\/fr\/wp-json\/wp\/v2\/product_brand?post=18943"},{"taxonomy":"product_cat","embeddable":true,"href":"https:\/\/www.zhgdled.com\/fr\/wp-json\/wp\/v2\/product_cat?post=18943"},{"taxonomy":"product_tag","embeddable":true,"href":"https:\/\/www.zhgdled.com\/fr\/wp-json\/wp\/v2\/product_tag?post=18943"}],"curies":[{"name":"wp","href":"https:\/\/api.w.org\/{rel}","templated":true}]}}