{"id":19143,"date":"2023-09-11T09:48:15","date_gmt":"2021-10-27T01:48:15","guid":{"rendered":"https:\/\/www.zhgdled.com\/product\/10w-50w-z-plus-serie-with-sensor-pir"},"modified":"2023-12-25T14:25:03","modified_gmt":"2023-12-25T06:25:03","slug":"serie-z-plus-avec-capteur-pir","status":"publish","type":"product","link":"https:\/\/www.zhgdled.com\/fr\/10w-50w-serie-z-plus-avec-capteur-pir.html","title":{"rendered":"R\u00c9FLUENT DE LA S\u00c9RIE Z-PLUS avec capteur PIR"},"content":{"rendered":"<h2>R\u00c9FLECTEURS DE S\u00c9CURIT\u00c9 POUR LA D\u00c9TECTION D&#8217;OBJETS<\/h2>\n<p>Le capteur PIR int\u00e9gr\u00e9 au projecteur de la s\u00e9rie Z-PLUS est con\u00e7u pour d\u00e9tecter les humains, les animaux domestiques, les voitures et autres objets en mouvement. C&#8217;est une solution d&#8217;\u00e9clairage id\u00e9ale pour les garages, portails, cours et autres sc\u00e8nes.<\/p>\n<p>&nbsp;<\/p>\n<h2>SP\u00c9CIFICATION<\/h2>\n<blockquote><p><img decoding=\"async\" class=\"alignnone wp-image-17482\" src=\"https:\/\/www.zhgdled.com\/wp-content\/uploads\/2022\/07\/zhl_download-logo.png\" alt=\"\" width=\"23\" height=\"23\" srcset=\"https:\/\/www.zhgdled.com\/wp-content\/uploads\/2022\/07\/zhl_download-logo.png 368w, https:\/\/www.zhgdled.com\/wp-content\/uploads\/2022\/07\/zhl_download-logo-300x300.png 300w, https:\/\/www.zhgdled.com\/wp-content\/uploads\/2022\/07\/zhl_download-logo-150x150.png 150w\" sizes=\"(max-width: 23px) 100vw, 23px\" \/><a href=\"https:\/\/www.zhgdled.com\/download-category\/e-catalogue\">T\u00e9l\u00e9charger le catalogue<\/a><\/p><\/blockquote>\n<table style=\"border-collapse: collapse; width: 448.52pt;\" border=\"0\" width=\"598\" cellspacing=\"0\" cellpadding=\"0\">\n<tbody>\n<tr style=\"height: 20.00pt;\">\n<td class=\"et2\" style=\"height: 20.00pt; width: 132.00pt;\" width=\"176\" height=\"26\"><\/td>\n<td style=\"width: 316.50pt;\" width=\"422\"><\/td>\n<\/tr>\n<tr style=\"height: 20.00pt;\">\n<td class=\"et3\" style=\"height: 20.00pt;\" height=\"26\">Pouvoir<\/td>\n<td class=\"et3\">10W 20W 30W 50W<\/td>\n<\/tr>\n<tr style=\"height: 20.00pt;\">\n<td class=\"et3\" style=\"height: 20.00pt;\" height=\"26\">LED<\/td>\n<td class=\"et3\">SMD 2835<\/td>\n<\/tr>\n<tr style=\"height: 20.00pt;\">\n<td class=\"et3\" style=\"height: 20.00pt;\" height=\"26\">Temp\u00e9rature de couleur (CCT)<\/td>\n<td class=\"et3\">2700-6500K<\/td>\n<\/tr>\n<tr style=\"height: 20.00pt;\">\n<td class=\"et3\" style=\"height: 20.00pt;\" height=\"26\">Temp\u00e9rature de couleur (CCT)<\/td>\n<td class=\"et3\">90lm\/w<\/td>\n<\/tr>\n<tr style=\"height: 20.00pt;\">\n<td class=\"et3\" style=\"height: 20.00pt;\" height=\"26\">Tension d&#8217;entr\u00e9e (V)<\/td>\n<td class=\"et3\"><span class=\"font3\">AC110-130V&amp;AC220-265V<\/span><span class=\"font0\">\uff0c<\/span><span class=\"font3\">AC220-265V<\/span><\/td>\n<\/tr>\n<tr style=\"height: 20.00pt;\">\n<td class=\"et3\" style=\"height: 20.00pt;\" height=\"26\">PF<\/td>\n<td class=\"et3\">&gt;0.9<\/td>\n<\/tr>\n<tr style=\"height: 20.00pt;\">\n<td class=\"et3\" style=\"height: 20.00pt;\" height=\"26\">CRI (Ra&gt;)<\/td>\n<td class=\"et4\">80\/70<\/td>\n<\/tr>\n<tr style=\"height: 20.00pt;\">\n<td class=\"et3\" style=\"height: 20.00pt;\" height=\"26\">Angle de faisceau (\u00b0)<\/td>\n<td class=\"et4\">120<\/td>\n<\/tr>\n<tr style=\"height: 20.00pt;\">\n<td class=\"et3\" style=\"height: 20.00pt;\" height=\"26\">Classe IP<\/td>\n<td class=\"et4\">IP65<\/td>\n<\/tr>\n<tr style=\"height: 20.00pt;\">\n<td class=\"et3\" style=\"height: 20.00pt;\" height=\"26\">Mat\u00e9riel<\/td>\n<td class=\"et4\">Corps en aluminium + couvercle en verre tremp\u00e9<\/td>\n<\/tr>\n<tr style=\"height: 20.00pt;\">\n<td class=\"et3\" style=\"height: 20.00pt;\" height=\"26\">Temp\u00e9rature de travail (\u2103)<\/td>\n<td class=\"et4\">-20-50<\/td>\n<\/tr>\n<tr style=\"height: 20.00pt;\">\n<td class=\"et3\" style=\"height: 20.00pt;\" height=\"26\">Garantie (Ann\u00e9e)<\/td>\n<td class=\"et4\">2 ann\u00e9es<\/td>\n<\/tr>\n<tr style=\"height: 20.00pt;\">\n<td class=\"et3\" style=\"height: 20.00pt;\" height=\"26\">Certificat<\/td>\n<td class=\"et3\">CE<\/td>\n<\/tr>\n<tr style=\"height: 20.00pt;\">\n<td class=\"et3\" style=\"height: 20.00pt;\" height=\"26\">Conducteur<\/td>\n<td class=\"et3\">DOB<\/td>\n<\/tr>\n<\/tbody>\n<\/table>\n","protected":false},"excerpt":{"rendered":"<p>Le capteur PIR int\u00e9gr\u00e9 au projecteur de la s\u00e9rie Z-PLUS est con\u00e7u pour d\u00e9tecter les humains, les animaux domestiques, les voitures et autres objets en mouvement. C&#8217;est une solution d&#8217;\u00e9clairage id\u00e9ale pour les garages, portails, cours et autres sc\u00e8nes.<\/p>\n","protected":false},"featured_media":13517,"template":"","meta":[],"product_brand":[],"product_cat":[631],"product_tag":[],"class_list":{"0":"post-19143","1":"product","2":"type-product","3":"status-publish","4":"has-post-thumbnail","6":"product_cat-projecteurs","8":"first","9":"instock","10":"shipping-taxable","11":"product-type-simple"},"yoast_head":"<!-- This site is optimized with the Yoast SEO plugin v27.5 - https:\/\/yoast.com\/product\/yoast-seo-wordpress\/ -->\n<title>s\u00e9rie z-plus avec capteur pir<\/title>\n<meta name=\"description\" content=\"Le capteur PIR int\u00e9gr\u00e9 au projecteur est con\u00e7u pour d\u00e9tecter les humains, les animaux domestiques, les voitures et autres objets en mouvement.\" \/>\n<meta name=\"robots\" content=\"index, follow, max-snippet:-1, max-image-preview:large, max-video-preview:-1\" \/>\n<link rel=\"canonical\" href=\"https:\/\/www.zhgdled.com\/fr\/10w-50w-serie-z-plus-avec-capteur-pir.html\" \/>\n<meta property=\"og:locale\" content=\"fr_FR\" \/>\n<meta property=\"og:type\" content=\"article\" \/>\n<meta property=\"og:title\" content=\"s\u00e9rie z-plus avec capteur pir\" \/>\n<meta property=\"og:description\" content=\"Le capteur PIR int\u00e9gr\u00e9 au projecteur est con\u00e7u pour d\u00e9tecter les humains, les animaux domestiques, les voitures et autres objets en mouvement.\" \/>\n<meta property=\"og:url\" content=\"https:\/\/www.zhgdled.com\/fr\/10w-50w-serie-z-plus-avec-capteur-pir.html\" \/>\n<meta property=\"og:site_name\" content=\"Soci\u00e9t\u00e9 ZHL \u00c9clairage\" \/>\n<meta property=\"article:publisher\" content=\"https:\/\/www.facebook.com\/zhllightinggroup\" \/>\n<meta property=\"article:modified_time\" content=\"2023-12-25T06:25:03+00:00\" \/>\n<meta property=\"og:image\" content=\"https:\/\/www.zhgdled.com\/wp-content\/uploads\/2021\/10\/25.png\" \/>\n\t<meta property=\"og:image:width\" content=\"1600\" \/>\n\t<meta property=\"og:image:height\" content=\"1600\" \/>\n\t<meta property=\"og:image:type\" content=\"image\/png\" \/>\n<meta name=\"twitter:card\" content=\"summary_large_image\" \/>\n<meta name=\"twitter:site\" content=\"@zhl_lighting\" \/>\n<meta name=\"twitter:label1\" content=\"Dur\u00e9e de lecture estim\u00e9e\" \/>\n\t<meta name=\"twitter:data1\" content=\"1 minute\" \/>\n<script type=\"application\/ld+json\" class=\"yoast-schema-graph\">{\"@context\":\"https:\\\/\\\/schema.org\",\"@graph\":[{\"@type\":\"WebPage\",\"@id\":\"https:\\\/\\\/www.zhgdled.com\\\/fr\\\/10w-50w-serie-z-plus-avec-capteur-pir.html\",\"url\":\"https:\\\/\\\/www.zhgdled.com\\\/fr\\\/10w-50w-serie-z-plus-avec-capteur-pir.html\",\"name\":\"s\u00e9rie z-plus avec capteur pir\",\"isPartOf\":{\"@id\":\"https:\\\/\\\/www.zhgdled.com\\\/fr\\\/#website\"},\"primaryImageOfPage\":{\"@id\":\"https:\\\/\\\/www.zhgdled.com\\\/fr\\\/10w-50w-serie-z-plus-avec-capteur-pir.html#primaryimage\"},\"image\":{\"@id\":\"https:\\\/\\\/www.zhgdled.com\\\/fr\\\/10w-50w-serie-z-plus-avec-capteur-pir.html#primaryimage\"},\"thumbnailUrl\":\"https:\\\/\\\/www.zhgdled.com\\\/wp-content\\\/uploads\\\/2021\\\/10\\\/25.png\",\"datePublished\":\"2021-10-27T01:48:15+00:00\",\"dateModified\":\"2023-12-25T06:25:03+00:00\",\"description\":\"Le capteur PIR int\u00e9gr\u00e9 au projecteur est con\u00e7u pour d\u00e9tecter les humains, les animaux domestiques, les voitures et autres objets en mouvement.\",\"breadcrumb\":{\"@id\":\"https:\\\/\\\/www.zhgdled.com\\\/fr\\\/10w-50w-serie-z-plus-avec-capteur-pir.html#breadcrumb\"},\"inLanguage\":\"fr-FR\",\"potentialAction\":[{\"@type\":\"ReadAction\",\"target\":[\"https:\\\/\\\/www.zhgdled.com\\\/fr\\\/10w-50w-serie-z-plus-avec-capteur-pir.html\"]}]},{\"@type\":\"ImageObject\",\"inLanguage\":\"fr-FR\",\"@id\":\"https:\\\/\\\/www.zhgdled.com\\\/fr\\\/10w-50w-serie-z-plus-avec-capteur-pir.html#primaryimage\",\"url\":\"https:\\\/\\\/www.zhgdled.com\\\/wp-content\\\/uploads\\\/2021\\\/10\\\/25.png\",\"contentUrl\":\"https:\\\/\\\/www.zhgdled.com\\\/wp-content\\\/uploads\\\/2021\\\/10\\\/25.png\",\"width\":1600,\"height\":1600,\"caption\":\"s\u00e9rie z-plus avec capteur pir\"},{\"@type\":\"BreadcrumbList\",\"@id\":\"https:\\\/\\\/www.zhgdled.com\\\/fr\\\/10w-50w-serie-z-plus-avec-capteur-pir.html#breadcrumb\",\"itemListElement\":[{\"@type\":\"ListItem\",\"position\":1,\"name\":\"Home\",\"item\":\"https:\\\/\\\/www.zhgdled.com\\\/fr\"},{\"@type\":\"ListItem\",\"position\":2,\"name\":\"PRODUCTS\",\"item\":\"https:\\\/\\\/www.zhgdled.com\\\/zhl-products.html\"},{\"@type\":\"ListItem\",\"position\":3,\"name\":\"R\u00c9FLUENT DE LA S\u00c9RIE Z-PLUS avec capteur PIR\"}]},{\"@type\":\"WebSite\",\"@id\":\"https:\\\/\\\/www.zhgdled.com\\\/fr\\\/#website\",\"url\":\"https:\\\/\\\/www.zhgdled.com\\\/fr\\\/\",\"name\":\"Soci\u00e9t\u00e9 ZHL \u00c9clairage\",\"description\":\"Top ranking industrial lighting manufacturer and exporter\",\"publisher\":{\"@id\":\"https:\\\/\\\/www.zhgdled.com\\\/fr\\\/#organization\"},\"potentialAction\":[{\"@type\":\"SearchAction\",\"target\":{\"@type\":\"EntryPoint\",\"urlTemplate\":\"https:\\\/\\\/www.zhgdled.com\\\/fr\\\/?s={search_term_string}\"},\"query-input\":{\"@type\":\"PropertyValueSpecification\",\"valueRequired\":true,\"valueName\":\"search_term_string\"}}],\"inLanguage\":\"fr-FR\"},{\"@type\":\"Organization\",\"@id\":\"https:\\\/\\\/www.zhgdled.com\\\/fr\\\/#organization\",\"name\":\"ZHL Lighting Group\",\"url\":\"https:\\\/\\\/www.zhgdled.com\\\/fr\\\/\",\"logo\":{\"@type\":\"ImageObject\",\"inLanguage\":\"fr-FR\",\"@id\":\"https:\\\/\\\/www.zhgdled.com\\\/fr\\\/#\\\/schema\\\/logo\\\/image\\\/\",\"url\":\"\",\"contentUrl\":\"\",\"caption\":\"ZHL Lighting Group\"},\"image\":{\"@id\":\"https:\\\/\\\/www.zhgdled.com\\\/fr\\\/#\\\/schema\\\/logo\\\/image\\\/\"},\"sameAs\":[\"https:\\\/\\\/www.facebook.com\\\/zhllightinggroup\",\"https:\\\/\\\/x.com\\\/zhl_lighting\"]}]}<\/script>\n<!-- \/ Yoast SEO plugin. -->","yoast_head_json":{"title":"s\u00e9rie z-plus avec capteur pir","description":"Le capteur PIR int\u00e9gr\u00e9 au projecteur est con\u00e7u pour d\u00e9tecter les humains, les animaux domestiques, les voitures et autres objets en mouvement.","robots":{"index":"index","follow":"follow","max-snippet":"max-snippet:-1","max-image-preview":"max-image-preview:large","max-video-preview":"max-video-preview:-1"},"canonical":"https:\/\/www.zhgdled.com\/fr\/10w-50w-serie-z-plus-avec-capteur-pir.html","og_locale":"fr_FR","og_type":"article","og_title":"s\u00e9rie z-plus avec capteur pir","og_description":"Le capteur PIR int\u00e9gr\u00e9 au projecteur est con\u00e7u pour d\u00e9tecter les humains, les animaux domestiques, les voitures et autres objets en mouvement.","og_url":"https:\/\/www.zhgdled.com\/fr\/10w-50w-serie-z-plus-avec-capteur-pir.html","og_site_name":"Soci\u00e9t\u00e9 ZHL \u00c9clairage","article_publisher":"https:\/\/www.facebook.com\/zhllightinggroup","article_modified_time":"2023-12-25T06:25:03+00:00","og_image":[{"width":1600,"height":1600,"url":"https:\/\/www.zhgdled.com\/wp-content\/uploads\/2021\/10\/25.png","type":"image\/png"}],"twitter_card":"summary_large_image","twitter_site":"@zhl_lighting","twitter_misc":{"Dur\u00e9e de lecture estim\u00e9e":"1 minute"},"schema":{"@context":"https:\/\/schema.org","@graph":[{"@type":"WebPage","@id":"https:\/\/www.zhgdled.com\/fr\/10w-50w-serie-z-plus-avec-capteur-pir.html","url":"https:\/\/www.zhgdled.com\/fr\/10w-50w-serie-z-plus-avec-capteur-pir.html","name":"s\u00e9rie z-plus avec capteur pir","isPartOf":{"@id":"https:\/\/www.zhgdled.com\/fr\/#website"},"primaryImageOfPage":{"@id":"https:\/\/www.zhgdled.com\/fr\/10w-50w-serie-z-plus-avec-capteur-pir.html#primaryimage"},"image":{"@id":"https:\/\/www.zhgdled.com\/fr\/10w-50w-serie-z-plus-avec-capteur-pir.html#primaryimage"},"thumbnailUrl":"https:\/\/www.zhgdled.com\/wp-content\/uploads\/2021\/10\/25.png","datePublished":"2021-10-27T01:48:15+00:00","dateModified":"2023-12-25T06:25:03+00:00","description":"Le capteur PIR int\u00e9gr\u00e9 au projecteur est con\u00e7u pour d\u00e9tecter les humains, les animaux domestiques, les voitures et autres objets en mouvement.","breadcrumb":{"@id":"https:\/\/www.zhgdled.com\/fr\/10w-50w-serie-z-plus-avec-capteur-pir.html#breadcrumb"},"inLanguage":"fr-FR","potentialAction":[{"@type":"ReadAction","target":["https:\/\/www.zhgdled.com\/fr\/10w-50w-serie-z-plus-avec-capteur-pir.html"]}]},{"@type":"ImageObject","inLanguage":"fr-FR","@id":"https:\/\/www.zhgdled.com\/fr\/10w-50w-serie-z-plus-avec-capteur-pir.html#primaryimage","url":"https:\/\/www.zhgdled.com\/wp-content\/uploads\/2021\/10\/25.png","contentUrl":"https:\/\/www.zhgdled.com\/wp-content\/uploads\/2021\/10\/25.png","width":1600,"height":1600,"caption":"s\u00e9rie z-plus avec capteur pir"},{"@type":"BreadcrumbList","@id":"https:\/\/www.zhgdled.com\/fr\/10w-50w-serie-z-plus-avec-capteur-pir.html#breadcrumb","itemListElement":[{"@type":"ListItem","position":1,"name":"Home","item":"https:\/\/www.zhgdled.com\/fr"},{"@type":"ListItem","position":2,"name":"PRODUCTS","item":"https:\/\/www.zhgdled.com\/zhl-products.html"},{"@type":"ListItem","position":3,"name":"R\u00c9FLUENT DE LA S\u00c9RIE Z-PLUS avec capteur PIR"}]},{"@type":"WebSite","@id":"https:\/\/www.zhgdled.com\/fr\/#website","url":"https:\/\/www.zhgdled.com\/fr\/","name":"Soci\u00e9t\u00e9 ZHL \u00c9clairage","description":"Top ranking industrial lighting manufacturer and exporter","publisher":{"@id":"https:\/\/www.zhgdled.com\/fr\/#organization"},"potentialAction":[{"@type":"SearchAction","target":{"@type":"EntryPoint","urlTemplate":"https:\/\/www.zhgdled.com\/fr\/?s={search_term_string}"},"query-input":{"@type":"PropertyValueSpecification","valueRequired":true,"valueName":"search_term_string"}}],"inLanguage":"fr-FR"},{"@type":"Organization","@id":"https:\/\/www.zhgdled.com\/fr\/#organization","name":"ZHL Lighting Group","url":"https:\/\/www.zhgdled.com\/fr\/","logo":{"@type":"ImageObject","inLanguage":"fr-FR","@id":"https:\/\/www.zhgdled.com\/fr\/#\/schema\/logo\/image\/","url":"","contentUrl":"","caption":"ZHL Lighting Group"},"image":{"@id":"https:\/\/www.zhgdled.com\/fr\/#\/schema\/logo\/image\/"},"sameAs":["https:\/\/www.facebook.com\/zhllightinggroup","https:\/\/x.com\/zhl_lighting"]}]}},"_links":{"self":[{"href":"https:\/\/www.zhgdled.com\/fr\/wp-json\/wp\/v2\/product\/19143","targetHints":{"allow":["GET"]}}],"collection":[{"href":"https:\/\/www.zhgdled.com\/fr\/wp-json\/wp\/v2\/product"}],"about":[{"href":"https:\/\/www.zhgdled.com\/fr\/wp-json\/wp\/v2\/types\/product"}],"wp:featuredmedia":[{"embeddable":true,"href":"https:\/\/www.zhgdled.com\/fr\/wp-json\/wp\/v2\/media\/13517"}],"wp:attachment":[{"href":"https:\/\/www.zhgdled.com\/fr\/wp-json\/wp\/v2\/media?parent=19143"}],"wp:term":[{"taxonomy":"product_brand","embeddable":true,"href":"https:\/\/www.zhgdled.com\/fr\/wp-json\/wp\/v2\/product_brand?post=19143"},{"taxonomy":"product_cat","embeddable":true,"href":"https:\/\/www.zhgdled.com\/fr\/wp-json\/wp\/v2\/product_cat?post=19143"},{"taxonomy":"product_tag","embeddable":true,"href":"https:\/\/www.zhgdled.com\/fr\/wp-json\/wp\/v2\/product_tag?post=19143"}],"curies":[{"name":"wp","href":"https:\/\/api.w.org\/{rel}","templated":true}]}}