{"id":21068,"date":"2023-08-09T08:57:44","date_gmt":"2023-08-09T00:57:44","guid":{"rendered":"https:\/\/www.zhgdled.com\/product\/moon-series-industrial-led-high-bay-light"},"modified":"2023-12-25T15:02:21","modified_gmt":"2023-12-25T07:02:21","slug":"moon-series-industrial-led-high-bay-light","status":"publish","type":"product","link":"https:\/\/www.zhgdled.com\/fr\/moon-series-industrial-led-high-bay-light.html","title":{"rendered":"Luminaires grande hauteur \u00e0 LED s\u00e9rie MOON"},"content":{"rendered":"<h2>UFO HIGH BAY LUMI\u00c8RES \u2013 CONCEPTION SUR MESURE POUR UNE UTILISATION INDUSTRIELLE<\/h2>\n<ul>\n<li>La grande baie lumineuse Moon Series UFO atteint exceptionnellement un IRC \u00e9lev\u00e9 (&gt; 80) pour restaurer la couleur r\u00e9elle des magasins, des halls d&#8217;exposition, des ar\u00e8nes, des salles de conf\u00e9rence, etc.<\/li>\n<li>Conforme \u00e0 la norme IEC62471 &#8211; La s\u00e9rie Moon ne g\u00e9n\u00e8re jamais d&#8217;UV, ce qui est courant sur les sources lumineuses HID et fluorescentes traditionnelles. Les UV sur leminare traditionnel d\u00e9colorent les objets.<\/li>\n<li>Le dissipateur thermique et les autres accessoires sont rev\u00eatus de poudre, ce qui augmente l&#8217;adh\u00e9rence et r\u00e9siste \u00e0 la corrosion dans les environnements difficiles.<\/li>\n<li>Rentable, sans entretien, dur\u00e9e de vie de plus de 50 000 heures.<\/li>\n<\/ul>\n<h4>T\u00e9l\u00e9charger les sp\u00e9cifications\u00a0:<\/h4>\n<p><a title=\"https:\/\/www.zhgdled.com\/download\/moon-series-high-bay-light\" href=\"https:\/\/www.zhgdled.com\/download\/moon-series-high-bay-light\">Moon Series UFO High Bay light<\/a><\/p>\n<p>&nbsp;<\/p>\n<h2>SP\u00c9CIFICATION<\/h2>\n<h2><\/h2>\n<table style=\"height: 597px;\" width=\"995\">\n<tbody>\n<tr>\n<td width=\"182\"><strong>Puissance<\/strong><\/td>\n<td width=\"178\"><strong>100W<\/strong><\/td>\n<td width=\"163\"><strong>150W<\/strong><\/td>\n<td width=\"243\"><strong>200W<\/strong><\/td>\n<\/tr>\n<tr>\n<td width=\"182\"><strong>Dimension<\/strong><\/td>\n<td width=\"178\"><strong>\u03a6206mm * H119mm<\/strong><\/td>\n<td width=\"163\"><strong>\u03a6250mm * H125mm<\/strong><\/td>\n<td width=\"243\"><strong>\u03a6294mm * H141mm<\/strong><\/td>\n<\/tr>\n<tr>\n<td width=\"182\"><strong>Lumen<\/strong><\/td>\n<td width=\"178\"><strong>13500LM<\/strong><\/td>\n<td width=\"163\"><strong>20250LM<\/strong><\/td>\n<td width=\"243\"><strong>27000LM<\/strong><\/td>\n<\/tr>\n<tr>\n<td width=\"182\"><strong>LED<\/strong><\/td>\n<td colspan=\"3\" width=\"584\"><strong>SMD 2835<\/strong><\/td>\n<\/tr>\n<tr>\n<td width=\"182\"><strong>Temp\u00e9rature de couleur (CCT)<\/strong><\/td>\n<td colspan=\"3\" width=\"584\"><strong>2700-6500K<\/strong><\/td>\n<\/tr>\n<tr>\n<td width=\"182\"><strong>Efficacit\u00e9 lumineuse(lm\/w)<\/strong><\/td>\n<td colspan=\"3\" width=\"584\"><strong>135Lm\/w<\/strong><\/td>\n<\/tr>\n<tr>\n<td width=\"182\"><strong>Tension d&#8217;entr\u00e9e (V)<\/strong><\/td>\n<td colspan=\"3\" width=\"584\"><strong>AC100-277V\/AC220-240V<\/strong><\/td>\n<\/tr>\n<tr>\n<td width=\"182\"><strong>PF<\/strong><\/td>\n<td colspan=\"3\" width=\"584\"><strong>&gt;0.95<\/strong><\/td>\n<\/tr>\n<tr>\n<td width=\"182\"><strong>CRI (Ra)<\/strong><\/td>\n<td colspan=\"3\" width=\"584\"><strong>&gt;80<\/strong><\/td>\n<\/tr>\n<tr>\n<td width=\"182\"><strong>Angle de faisceau(\u00b0)<\/strong><\/td>\n<td colspan=\"3\" width=\"584\"><strong>60\/90\/120<\/strong><\/td>\n<\/tr>\n<tr>\n<td width=\"182\"><strong>Classe IP<\/strong><\/td>\n<td colspan=\"3\" width=\"584\"><strong>IP65<\/strong><\/td>\n<\/tr>\n<tr>\n<td width=\"182\"><strong>Mat\u00e9riel<\/strong><\/td>\n<td colspan=\"3\" width=\"584\"><strong>Aluminum Body + PC\u00a0Cover<\/strong><\/td>\n<\/tr>\n<tr>\n<td width=\"182\"><strong>Temp\u00e9rature de travail(\u2103)<\/strong><\/td>\n<td colspan=\"3\" width=\"584\"><strong>-20-+50<\/strong><\/td>\n<\/tr>\n<tr>\n<td width=\"182\"><strong>Garantie (Ann\u00e9e)<\/strong><\/td>\n<td colspan=\"3\" width=\"584\"><strong>2\/3\/5 Years<\/strong><\/td>\n<\/tr>\n<tr>\n<td width=\"182\"><strong>Certificat<\/strong><\/td>\n<td colspan=\"3\" width=\"584\"><strong>CE,\u00a0ERP,\u00a0RoHS, UL, CB<\/strong><\/td>\n<\/tr>\n<tr>\n<td width=\"182\"><strong>HID \u00c9quivalent<\/strong><\/td>\n<td width=\"178\"><strong>250W<\/strong><\/td>\n<td width=\"163\"><strong>400W<\/strong><\/td>\n<td width=\"243\"><strong>450W<\/strong><\/td>\n<\/tr>\n<\/tbody>\n<\/table>\n<div class=\"J_module\">\n<div id=\"ali-anchor-AliMagic-s5qei7\" class=\"magic-0\" data-section=\"AliMagic-s5qei7\" data-section-title=\"Product Description\" data-spm-anchor-id=\"a2700.details.0.i20.2d8a1a34X1y9Gb\"><\/div>\n<\/div>\n<div class=\"J_module\">\n<div class=\"icbu-pc-detailManyImage magic-1\" data-module-name=\"icbu-pc-detailManyImage\">\n<div class=\"magic-4\"><\/div>\n<div class=\"magic-6\"><\/div>\n<\/div>\n<\/div>\n<p><img decoding=\"async\" class=\"size-full wp-image-21043\" src=\"https:\/\/www.zhgdled.com\/wp-content\/uploads\/2023\/08\/20230809084140.jpg\" alt=\"High bay specification\" width=\"747\" height=\"1032\" srcset=\"https:\/\/www.zhgdled.com\/wp-content\/uploads\/2023\/08\/20230809084140.jpg 747w, https:\/\/www.zhgdled.com\/wp-content\/uploads\/2023\/08\/20230809084140-217x300.jpg 217w, https:\/\/www.zhgdled.com\/wp-content\/uploads\/2023\/08\/20230809084140-741x1024.jpg 741w, https:\/\/www.zhgdled.com\/wp-content\/uploads\/2023\/08\/20230809084140-600x829.jpg 600w, https:\/\/www.zhgdled.com\/wp-content\/uploads\/2023\/08\/20230809084140-150x207.jpg 150w\" sizes=\"(max-width: 747px) 100vw, 747px\" \/><\/p>\n<div id=\"attachment_21053\" style=\"width: 784px\" class=\"wp-caption alignnone\"><img decoding=\"async\" aria-describedby=\"caption-attachment-21053\" class=\"size-full wp-image-21053\" src=\"https:\/\/www.zhgdled.com\/wp-content\/uploads\/2023\/08\/20230809084327.jpg\" alt=\"High bay specification 1\" width=\"774\" height=\"1053\" srcset=\"https:\/\/www.zhgdled.com\/wp-content\/uploads\/2023\/08\/20230809084327.jpg 774w, https:\/\/www.zhgdled.com\/wp-content\/uploads\/2023\/08\/20230809084327-221x300.jpg 221w, https:\/\/www.zhgdled.com\/wp-content\/uploads\/2023\/08\/20230809084327-753x1024.jpg 753w, https:\/\/www.zhgdled.com\/wp-content\/uploads\/2023\/08\/20230809084327-768x1045.jpg 768w, https:\/\/www.zhgdled.com\/wp-content\/uploads\/2023\/08\/20230809084327-600x816.jpg 600w, https:\/\/www.zhgdled.com\/wp-content\/uploads\/2023\/08\/20230809084327-150x204.jpg 150w\" sizes=\"(max-width: 774px) 100vw, 774px\" \/><p id=\"caption-attachment-21053\" class=\"wp-caption-text\">High bay specification 1<\/p><\/div>\n","protected":false},"excerpt":{"rendered":"<p>La lumi\u00e8re haute baie UFO de la s\u00e9rie Moon atteint exceptionnellement un IRC \u00e9lev\u00e9 (&gt; 80) pour restaurer la couleur r\u00e9elle des magasins, des halls d&#8217;exposition, des ar\u00e8nes, des salles de conf\u00e9rence, etc. sources lumineuses fluorescentes. Les UV sur leminare traditionnel d\u00e9colorent les objets.<\/p>\n<p>Le dissipateur thermique et les autres accessoires sont rev\u00eatus de poudre, ce qui augmente l&#8217;adh\u00e9rence et r\u00e9siste \u00e0 la corrosion dans les environnements difficiles.<\/p>\n<p>100W \/ 150W \/ 200W<br \/>\n13 500 lm &#8211; 27 000 lm<br \/>\n2700K &#8211; 6500K<br \/>\nEfficacit\u00e9\u00a0: 135\u00a0lm\/w<br \/>\nEntr\u00e9e : AC100-277V\/AC220-240V<br \/>\nCE, ERP, RoHS, UL, CB<\/p>\n","protected":false},"featured_media":13633,"template":"","meta":[],"product_brand":[],"product_cat":[632],"product_tag":[],"class_list":{"0":"post-21068","1":"product","2":"type-product","3":"status-publish","4":"has-post-thumbnail","6":"product_cat-lumieres-de-grande-hauteur","8":"first","9":"instock","10":"featured","11":"shipping-taxable","12":"product-type-simple"},"yoast_head":"<!-- This site is optimized with the Yoast SEO plugin v27.4 - https:\/\/yoast.com\/product\/yoast-seo-wordpress\/ -->\n<title>Luminaires grande hauteur \u00e0 LED s\u00e9rie MOON &#8211; Soci\u00e9t\u00e9 ZHL \u00c9clairage<\/title>\n<meta name=\"description\" content=\"La lumi\u00e8re haute baie UFO de la s\u00e9rie Moon atteint exceptionnellement un IRC \u00e9lev\u00e9 (&gt; 80) pour restaurer la couleur r\u00e9elle des magasins, des halls d&#039;exposition, des ar\u00e8nes, des salles de conf\u00e9rence, etc. sources lumineuses fluorescentes. Les UV sur leminare traditionnel d\u00e9colorent les objets.\" \/>\n<meta name=\"robots\" content=\"index, follow, max-snippet:-1, max-image-preview:large, max-video-preview:-1\" \/>\n<link rel=\"canonical\" href=\"https:\/\/www.zhgdled.com\/fr\/moon-series-industrial-led-high-bay-light.html\" \/>\n<meta property=\"og:locale\" content=\"fr_FR\" \/>\n<meta property=\"og:type\" content=\"article\" \/>\n<meta property=\"og:title\" content=\"Luminaires grande hauteur \u00e0 LED s\u00e9rie MOON &#8211; Soci\u00e9t\u00e9 ZHL \u00c9clairage\" \/>\n<meta property=\"og:description\" content=\"La lumi\u00e8re haute baie UFO de la s\u00e9rie Moon atteint exceptionnellement un IRC \u00e9lev\u00e9 (&gt; 80) pour restaurer la couleur r\u00e9elle des magasins, des halls d&#039;exposition, des ar\u00e8nes, des salles de conf\u00e9rence, etc. sources lumineuses fluorescentes. Les UV sur leminare traditionnel d\u00e9colorent les objets.\" \/>\n<meta property=\"og:url\" content=\"https:\/\/www.zhgdled.com\/fr\/moon-series-industrial-led-high-bay-light.html\" \/>\n<meta property=\"og:site_name\" content=\"Soci\u00e9t\u00e9 ZHL \u00c9clairage\" \/>\n<meta property=\"article:publisher\" content=\"https:\/\/www.facebook.com\/zhllightinggroup\" \/>\n<meta property=\"article:modified_time\" content=\"2023-12-25T07:02:21+00:00\" \/>\n<meta property=\"og:image\" content=\"https:\/\/www.zhgdled.com\/wp-content\/uploads\/2021\/10\/33.png\" \/>\n\t<meta property=\"og:image:width\" content=\"1600\" \/>\n\t<meta property=\"og:image:height\" content=\"1600\" \/>\n\t<meta property=\"og:image:type\" content=\"image\/png\" \/>\n<meta name=\"twitter:card\" content=\"summary_large_image\" \/>\n<meta name=\"twitter:site\" content=\"@zhl_lighting\" \/>\n<meta name=\"twitter:label1\" content=\"Dur\u00e9e de lecture estim\u00e9e\" \/>\n\t<meta name=\"twitter:data1\" content=\"2 minutes\" \/>\n<script type=\"application\/ld+json\" class=\"yoast-schema-graph\">{\"@context\":\"https:\\\/\\\/schema.org\",\"@graph\":[{\"@type\":\"WebPage\",\"@id\":\"https:\\\/\\\/www.zhgdled.com\\\/fr\\\/moon-series-industrial-led-high-bay-light.html\",\"url\":\"https:\\\/\\\/www.zhgdled.com\\\/fr\\\/moon-series-industrial-led-high-bay-light.html\",\"name\":\"Luminaires grande hauteur \u00e0 LED s\u00e9rie MOON &#8211; Soci\u00e9t\u00e9 ZHL \u00c9clairage\",\"isPartOf\":{\"@id\":\"https:\\\/\\\/www.zhgdled.com\\\/fr\\\/#website\"},\"primaryImageOfPage\":{\"@id\":\"https:\\\/\\\/www.zhgdled.com\\\/fr\\\/moon-series-industrial-led-high-bay-light.html#primaryimage\"},\"image\":{\"@id\":\"https:\\\/\\\/www.zhgdled.com\\\/fr\\\/moon-series-industrial-led-high-bay-light.html#primaryimage\"},\"thumbnailUrl\":\"https:\\\/\\\/www.zhgdled.com\\\/wp-content\\\/uploads\\\/2021\\\/10\\\/33.png\",\"datePublished\":\"2023-08-09T00:57:44+00:00\",\"dateModified\":\"2023-12-25T07:02:21+00:00\",\"description\":\"La lumi\u00e8re haute baie UFO de la s\u00e9rie Moon atteint exceptionnellement un IRC \u00e9lev\u00e9 (> 80) pour restaurer la couleur r\u00e9elle des magasins, des halls d'exposition, des ar\u00e8nes, des salles de conf\u00e9rence, etc. sources lumineuses fluorescentes. Les UV sur leminare traditionnel d\u00e9colorent les objets.\",\"breadcrumb\":{\"@id\":\"https:\\\/\\\/www.zhgdled.com\\\/fr\\\/moon-series-industrial-led-high-bay-light.html#breadcrumb\"},\"inLanguage\":\"fr-FR\",\"potentialAction\":[{\"@type\":\"ReadAction\",\"target\":[\"https:\\\/\\\/www.zhgdled.com\\\/fr\\\/moon-series-industrial-led-high-bay-light.html\"]}]},{\"@type\":\"ImageObject\",\"inLanguage\":\"fr-FR\",\"@id\":\"https:\\\/\\\/www.zhgdled.com\\\/fr\\\/moon-series-industrial-led-high-bay-light.html#primaryimage\",\"url\":\"https:\\\/\\\/www.zhgdled.com\\\/wp-content\\\/uploads\\\/2021\\\/10\\\/33.png\",\"contentUrl\":\"https:\\\/\\\/www.zhgdled.com\\\/wp-content\\\/uploads\\\/2021\\\/10\\\/33.png\",\"width\":1600,\"height\":1600,\"caption\":\"Moon Series High Bay light\"},{\"@type\":\"BreadcrumbList\",\"@id\":\"https:\\\/\\\/www.zhgdled.com\\\/fr\\\/moon-series-industrial-led-high-bay-light.html#breadcrumb\",\"itemListElement\":[{\"@type\":\"ListItem\",\"position\":1,\"name\":\"Home\",\"item\":\"https:\\\/\\\/www.zhgdled.com\\\/fr\"},{\"@type\":\"ListItem\",\"position\":2,\"name\":\"PRODUCTS\",\"item\":\"https:\\\/\\\/www.zhgdled.com\\\/zhl-products.html\"},{\"@type\":\"ListItem\",\"position\":3,\"name\":\"Luminaires grande hauteur \u00e0 LED s\u00e9rie MOON\"}]},{\"@type\":\"WebSite\",\"@id\":\"https:\\\/\\\/www.zhgdled.com\\\/fr\\\/#website\",\"url\":\"https:\\\/\\\/www.zhgdled.com\\\/fr\\\/\",\"name\":\"Soci\u00e9t\u00e9 ZHL \u00c9clairage\",\"description\":\"Top ranking industrial lighting manufacturer and exporter\",\"publisher\":{\"@id\":\"https:\\\/\\\/www.zhgdled.com\\\/fr\\\/#organization\"},\"potentialAction\":[{\"@type\":\"SearchAction\",\"target\":{\"@type\":\"EntryPoint\",\"urlTemplate\":\"https:\\\/\\\/www.zhgdled.com\\\/fr\\\/?s={search_term_string}\"},\"query-input\":{\"@type\":\"PropertyValueSpecification\",\"valueRequired\":true,\"valueName\":\"search_term_string\"}}],\"inLanguage\":\"fr-FR\"},{\"@type\":\"Organization\",\"@id\":\"https:\\\/\\\/www.zhgdled.com\\\/fr\\\/#organization\",\"name\":\"ZHL Lighting Group\",\"url\":\"https:\\\/\\\/www.zhgdled.com\\\/fr\\\/\",\"logo\":{\"@type\":\"ImageObject\",\"inLanguage\":\"fr-FR\",\"@id\":\"https:\\\/\\\/www.zhgdled.com\\\/fr\\\/#\\\/schema\\\/logo\\\/image\\\/\",\"url\":\"\",\"contentUrl\":\"\",\"caption\":\"ZHL Lighting Group\"},\"image\":{\"@id\":\"https:\\\/\\\/www.zhgdled.com\\\/fr\\\/#\\\/schema\\\/logo\\\/image\\\/\"},\"sameAs\":[\"https:\\\/\\\/www.facebook.com\\\/zhllightinggroup\",\"https:\\\/\\\/x.com\\\/zhl_lighting\"]}]}<\/script>\n<!-- \/ Yoast SEO plugin. -->","yoast_head_json":{"title":"Luminaires grande hauteur \u00e0 LED s\u00e9rie MOON &#8211; Soci\u00e9t\u00e9 ZHL \u00c9clairage","description":"La lumi\u00e8re haute baie UFO de la s\u00e9rie Moon atteint exceptionnellement un IRC \u00e9lev\u00e9 (> 80) pour restaurer la couleur r\u00e9elle des magasins, des halls d'exposition, des ar\u00e8nes, des salles de conf\u00e9rence, etc. sources lumineuses fluorescentes. Les UV sur leminare traditionnel d\u00e9colorent les objets.","robots":{"index":"index","follow":"follow","max-snippet":"max-snippet:-1","max-image-preview":"max-image-preview:large","max-video-preview":"max-video-preview:-1"},"canonical":"https:\/\/www.zhgdled.com\/fr\/moon-series-industrial-led-high-bay-light.html","og_locale":"fr_FR","og_type":"article","og_title":"Luminaires grande hauteur \u00e0 LED s\u00e9rie MOON &#8211; Soci\u00e9t\u00e9 ZHL \u00c9clairage","og_description":"La lumi\u00e8re haute baie UFO de la s\u00e9rie Moon atteint exceptionnellement un IRC \u00e9lev\u00e9 (> 80) pour restaurer la couleur r\u00e9elle des magasins, des halls d'exposition, des ar\u00e8nes, des salles de conf\u00e9rence, etc. sources lumineuses fluorescentes. Les UV sur leminare traditionnel d\u00e9colorent les objets.","og_url":"https:\/\/www.zhgdled.com\/fr\/moon-series-industrial-led-high-bay-light.html","og_site_name":"Soci\u00e9t\u00e9 ZHL \u00c9clairage","article_publisher":"https:\/\/www.facebook.com\/zhllightinggroup","article_modified_time":"2023-12-25T07:02:21+00:00","og_image":[{"width":1600,"height":1600,"url":"https:\/\/www.zhgdled.com\/wp-content\/uploads\/2021\/10\/33.png","type":"image\/png"}],"twitter_card":"summary_large_image","twitter_site":"@zhl_lighting","twitter_misc":{"Dur\u00e9e de lecture estim\u00e9e":"2 minutes"},"schema":{"@context":"https:\/\/schema.org","@graph":[{"@type":"WebPage","@id":"https:\/\/www.zhgdled.com\/fr\/moon-series-industrial-led-high-bay-light.html","url":"https:\/\/www.zhgdled.com\/fr\/moon-series-industrial-led-high-bay-light.html","name":"Luminaires grande hauteur \u00e0 LED s\u00e9rie MOON &#8211; Soci\u00e9t\u00e9 ZHL \u00c9clairage","isPartOf":{"@id":"https:\/\/www.zhgdled.com\/fr\/#website"},"primaryImageOfPage":{"@id":"https:\/\/www.zhgdled.com\/fr\/moon-series-industrial-led-high-bay-light.html#primaryimage"},"image":{"@id":"https:\/\/www.zhgdled.com\/fr\/moon-series-industrial-led-high-bay-light.html#primaryimage"},"thumbnailUrl":"https:\/\/www.zhgdled.com\/wp-content\/uploads\/2021\/10\/33.png","datePublished":"2023-08-09T00:57:44+00:00","dateModified":"2023-12-25T07:02:21+00:00","description":"La lumi\u00e8re haute baie UFO de la s\u00e9rie Moon atteint exceptionnellement un IRC \u00e9lev\u00e9 (> 80) pour restaurer la couleur r\u00e9elle des magasins, des halls d'exposition, des ar\u00e8nes, des salles de conf\u00e9rence, etc. sources lumineuses fluorescentes. Les UV sur leminare traditionnel d\u00e9colorent les objets.","breadcrumb":{"@id":"https:\/\/www.zhgdled.com\/fr\/moon-series-industrial-led-high-bay-light.html#breadcrumb"},"inLanguage":"fr-FR","potentialAction":[{"@type":"ReadAction","target":["https:\/\/www.zhgdled.com\/fr\/moon-series-industrial-led-high-bay-light.html"]}]},{"@type":"ImageObject","inLanguage":"fr-FR","@id":"https:\/\/www.zhgdled.com\/fr\/moon-series-industrial-led-high-bay-light.html#primaryimage","url":"https:\/\/www.zhgdled.com\/wp-content\/uploads\/2021\/10\/33.png","contentUrl":"https:\/\/www.zhgdled.com\/wp-content\/uploads\/2021\/10\/33.png","width":1600,"height":1600,"caption":"Moon Series High Bay light"},{"@type":"BreadcrumbList","@id":"https:\/\/www.zhgdled.com\/fr\/moon-series-industrial-led-high-bay-light.html#breadcrumb","itemListElement":[{"@type":"ListItem","position":1,"name":"Home","item":"https:\/\/www.zhgdled.com\/fr"},{"@type":"ListItem","position":2,"name":"PRODUCTS","item":"https:\/\/www.zhgdled.com\/zhl-products.html"},{"@type":"ListItem","position":3,"name":"Luminaires grande hauteur \u00e0 LED s\u00e9rie MOON"}]},{"@type":"WebSite","@id":"https:\/\/www.zhgdled.com\/fr\/#website","url":"https:\/\/www.zhgdled.com\/fr\/","name":"Soci\u00e9t\u00e9 ZHL \u00c9clairage","description":"Top ranking industrial lighting manufacturer and exporter","publisher":{"@id":"https:\/\/www.zhgdled.com\/fr\/#organization"},"potentialAction":[{"@type":"SearchAction","target":{"@type":"EntryPoint","urlTemplate":"https:\/\/www.zhgdled.com\/fr\/?s={search_term_string}"},"query-input":{"@type":"PropertyValueSpecification","valueRequired":true,"valueName":"search_term_string"}}],"inLanguage":"fr-FR"},{"@type":"Organization","@id":"https:\/\/www.zhgdled.com\/fr\/#organization","name":"ZHL Lighting Group","url":"https:\/\/www.zhgdled.com\/fr\/","logo":{"@type":"ImageObject","inLanguage":"fr-FR","@id":"https:\/\/www.zhgdled.com\/fr\/#\/schema\/logo\/image\/","url":"","contentUrl":"","caption":"ZHL Lighting Group"},"image":{"@id":"https:\/\/www.zhgdled.com\/fr\/#\/schema\/logo\/image\/"},"sameAs":["https:\/\/www.facebook.com\/zhllightinggroup","https:\/\/x.com\/zhl_lighting"]}]}},"_links":{"self":[{"href":"https:\/\/www.zhgdled.com\/fr\/wp-json\/wp\/v2\/product\/21068","targetHints":{"allow":["GET"]}}],"collection":[{"href":"https:\/\/www.zhgdled.com\/fr\/wp-json\/wp\/v2\/product"}],"about":[{"href":"https:\/\/www.zhgdled.com\/fr\/wp-json\/wp\/v2\/types\/product"}],"wp:featuredmedia":[{"embeddable":true,"href":"https:\/\/www.zhgdled.com\/fr\/wp-json\/wp\/v2\/media\/13633"}],"wp:attachment":[{"href":"https:\/\/www.zhgdled.com\/fr\/wp-json\/wp\/v2\/media?parent=21068"}],"wp:term":[{"taxonomy":"product_brand","embeddable":true,"href":"https:\/\/www.zhgdled.com\/fr\/wp-json\/wp\/v2\/product_brand?post=21068"},{"taxonomy":"product_cat","embeddable":true,"href":"https:\/\/www.zhgdled.com\/fr\/wp-json\/wp\/v2\/product_cat?post=21068"},{"taxonomy":"product_tag","embeddable":true,"href":"https:\/\/www.zhgdled.com\/fr\/wp-json\/wp\/v2\/product_tag?post=21068"}],"curies":[{"name":"wp","href":"https:\/\/api.w.org\/{rel}","templated":true}]}}