{"id":21483,"date":"2023-08-21T08:44:20","date_gmt":"2023-07-01T08:44:20","guid":{"rendered":"https:\/\/www.zhgdled.com\/product\/aurora-series-300w-1000w-stadium-sports-light-2"},"modified":"2023-12-25T14:08:28","modified_gmt":"2023-12-25T06:08:28","slug":"aurora-series-300w-1000w-stadium-sports-light","status":"publish","type":"product","link":"https:\/\/www.zhgdled.com\/fr\/aurora-series-300w-1000w-stadium-sports-light.html","title":{"rendered":"Projecteur de sport de stade AURORA Series 300W-1000W"},"content":{"rendered":"<h3 class=\"fusion-responsive-typography-calculated\" data-fontsize=\"16\" data-lineheight=\"24px\">Caract\u00e9ristiques des projecteurs de stade \u00e0 LED<\/h3>\n<ul>\n<li>Sans mercure, d\u00e9marrage instantan\u00e9, pas de scintillement<\/li>\n<li>Super lumineux, haute efficacit\u00e9 lumineuse 140lm\/w, \u00e9conomie de 60% \u00e0 80%<\/li>\n<li>Angle de faisceau lumineux \u00e9troit, solution d&#8217;\u00e9clairage \u00e0 haut m\u00e2t \u00e9conomique<\/li>\n<li>Capot d&#8217;\u00e9clairage anti-\u00e9blouissant, certifi\u00e9 ciel sombre sans causer de pollution lumineuse \u00e0 d&#8217;autres zones<\/li>\n<li>Feu de position de vis\u00e9e disponible pour un \u00e9clairage pr\u00e9cis de la zone sportive<\/li>\n<li>Divers supports de montage d&#8217;installation tels que le raccord coulissant, le support rotatif et le support de joug sont disponibles.<\/li>\n<\/ul>\n<h3 class=\"fusion-responsive-typography-calculated\" data-fontsize=\"16\" data-lineheight=\"24px\"><strong>\u00c9quivalent des lumi\u00e8res de stade \u00e0 LED <\/strong><\/h3>\n<ul>\n<li>300W LED = 900W-1200W MH HPS<\/li>\n<li>400W LED = 1200W-1500W MH HPS<\/li>\n<li>500W LED = 1500W-2000W MH HPS<\/li>\n<li>600W LED = 2000W-2500W MH HPS<\/li>\n<li>700W LED = 2500W -2800W MH HPS<\/li>\n<li>1000W LED = 3500W- 4000W MH HPS<\/li>\n<\/ul>\n<h3 class=\"fusion-responsive-typography-calculated\" data-fontsize=\"16\" data-lineheight=\"24px\">sp\u00e9cification<\/h3>\n<p><img decoding=\"async\" class=\"alignnone wp-image-17482\" src=\"https:\/\/www.zhgdled.com\/wp-content\/uploads\/2022\/07\/zhl_download-logo.png\" alt=\"\" width=\"26\" height=\"26\" srcset=\"https:\/\/www.zhgdled.com\/wp-content\/uploads\/2022\/07\/zhl_download-logo.png 368w, https:\/\/www.zhgdled.com\/wp-content\/uploads\/2022\/07\/zhl_download-logo-300x300.png 300w, https:\/\/www.zhgdled.com\/wp-content\/uploads\/2022\/07\/zhl_download-logo-150x150.png 150w\" sizes=\"(max-width: 26px) 100vw, 26px\" \/><a href=\"https:\/\/www.zhgdled.com\/download\/download-catalogue-of-aurora-series-stadium-sports-light\">Download Specs<\/a><\/p>\n<table width=\"649\">\n<tbody>\n<tr>\n<td width=\"186\"><\/td>\n<td width=\"463\"><\/td>\n<\/tr>\n<tr>\n<td>Puissance<\/td>\n<td>300W 600W 800W 1000W<\/td>\n<\/tr>\n<tr>\n<td>LED<\/td>\n<td>OSRAM5050<\/td>\n<\/tr>\n<tr>\n<td>Temp\u00e9rature de couleur (CCT)<\/td>\n<td>2700-6500K<\/td>\n<\/tr>\n<tr>\n<td>Efficacit\u00e9 lumineuse(lm\/w)<\/td>\n<td>140lm\/w<\/td>\n<\/tr>\n<tr>\n<td>Tension d&#8217;entr\u00e9e(V)<\/td>\n<td width=\"463\">90-305VAC\/50-60Hz<\/td>\n<\/tr>\n<tr>\n<td>PF<\/td>\n<td>&gt;0.9<\/td>\n<\/tr>\n<tr>\n<td>CRI (Ra&gt;)<\/td>\n<td>70<\/td>\n<\/tr>\n<tr>\n<td>Angle de faisceau(\u00b0)<\/td>\n<td>25\u00b0\/40\u00b0*60\u00b0<\/td>\n<\/tr>\n<tr>\n<td>Classe IP<\/td>\n<td>IP65<\/td>\n<\/tr>\n<tr>\n<td>Mat\u00e9riel<\/td>\n<td>Corps en aluminium + couvercle en verre tremp\u00e9<\/td>\n<\/tr>\n<tr>\n<td>Temp\u00e9rature de fonctionnement (\u2103)<\/td>\n<td>-20-50<\/td>\n<\/tr>\n<tr>\n<td>Garantie (Ann\u00e9e)<\/td>\n<td>5 ann\u00e9es<\/td>\n<\/tr>\n<tr>\n<td>Certificat<\/td>\n<td>CE,ERP<\/td>\n<\/tr>\n<tr>\n<td>Driver<\/td>\n<td>SOSEN \/Mean well 0-10W Dimmable\u00a0\u00a0 driver<\/td>\n<\/tr>\n<\/tbody>\n<\/table>\n<p>&nbsp;<\/p>\n<div id=\"attachment_12808\" style=\"width: 934px\" class=\"wp-caption alignnone\"><img decoding=\"async\" aria-describedby=\"caption-attachment-12808\" class=\" wp-image-12808\" src=\"https:\/\/www.zhgdled.com\/wp-content\/uploads\/2021\/10\/1-1.png\" alt=\"\" width=\"924\" height=\"716\" srcset=\"https:\/\/www.zhgdled.com\/wp-content\/uploads\/2021\/10\/1-1.png 1127w, https:\/\/www.zhgdled.com\/wp-content\/uploads\/2021\/10\/1-1-300x232.png 300w, https:\/\/www.zhgdled.com\/wp-content\/uploads\/2021\/10\/1-1-1024x793.png 1024w, https:\/\/www.zhgdled.com\/wp-content\/uploads\/2021\/10\/1-1-768x595.png 768w, https:\/\/www.zhgdled.com\/wp-content\/uploads\/2021\/10\/1-1-600x465.png 600w, https:\/\/www.zhgdled.com\/wp-content\/uploads\/2021\/10\/1-1-150x116.png 150w\" sizes=\"(max-width: 924px) 100vw, 924px\" \/><p id=\"caption-attachment-12808\" class=\"wp-caption-text\">ZHL sports light range from 300W to 1000W.<\/p><\/div>\n","protected":false},"excerpt":{"rendered":"<p>Con\u00e7u pour des installations plus hautes au-dessus de 25 pieds (7,5 m) et maximum 165 pieds (50 m). Gr\u00e2ce au coussin lumineux certifi\u00e9 de 140 lm\/w, les \u00e9clairages de stade de la s\u00e9rie Aurora poussent plus de lumi\u00e8re vers le sol. Angle de faisceau de 25 \u00e0 60 degr\u00e9s pour diff\u00e9rentes hauteurs d&#8217;installation. Disponible en 300 watts \u00e0 1 000 watts, con\u00e7u pour remplacer les halog\u00e9nures m\u00e9talliques de 2 000 watts et \u00e9conomiser jusqu&#8217;\u00e0 60 % d&#8217;\u00e9nergie. Dur\u00e9e de vie de 150 000 heures, garantie de 5 ans.<\/p>\n<table width=\"649\">\n<tbody>\n<tr>\n<td width=\"250\">Puissance<\/td>\n<td>300W 600W 800W 1000W<\/td>\n<\/tr>\n<tr>\n<td width=\"250\">LED<\/td>\n<td>OSRAM5050<\/td>\n<\/tr>\n<tr>\n<td width=\"250\">Temp\u00e9rature de couleur (CCT)<\/td>\n<td>2700-6500K<\/td>\n<\/tr>\n<tr>\n<td width=\"250\">Efficacit\u00e9 lumineuse(lm\/w)<\/td>\n<td>140lm\/w<\/td>\n<\/tr>\n<tr>\n<td width=\"250\">Tension d\u2019entr\u00e9e(V)<\/td>\n<td width=\"463\">90-305VAC\/50-60Hz<\/td>\n<\/tr>\n<tr>\n<td width=\"250\">PF<\/td>\n<td>&gt;0.9<\/td>\n<\/tr>\n<tr>\n<td width=\"250\">CRI (Ra&gt;)<\/td>\n<td>70<\/td>\n<\/tr>\n<\/tbody>\n<\/table>\n","protected":false},"featured_media":21638,"template":"","meta":[],"product_brand":[],"product_cat":[631],"product_tag":[],"class_list":{"0":"post-21483","1":"product","2":"type-product","3":"status-publish","4":"has-post-thumbnail","6":"product_cat-projecteurs","8":"first","9":"instock","10":"featured","11":"shipping-taxable","12":"product-type-simple"},"yoast_head":"<!-- This site is optimized with the Yoast SEO plugin v27.4 - https:\/\/yoast.com\/product\/yoast-seo-wordpress\/ -->\n<title>Projecteur de sport de stade AURORA Series 300W-1000W &#8211; Soci\u00e9t\u00e9 ZHL \u00c9clairage<\/title>\n<meta name=\"description\" content=\"Le projecteur de sport de la s\u00e9rie Aurora est sans mercure, d\u00e9marrage instantan\u00e9, pas de scintillement super lumineux, efficacit\u00e9 lumineuse \u00e9lev\u00e9e 140 lm\/w, \u00e9conomie de 60 % \u00e0 80 %.\" \/>\n<meta name=\"robots\" content=\"index, follow, max-snippet:-1, max-image-preview:large, max-video-preview:-1\" \/>\n<link rel=\"canonical\" href=\"https:\/\/www.zhgdled.com\/fr\/aurora-series-300w-1000w-stadium-sports-light.html\" \/>\n<meta property=\"og:locale\" content=\"fr_FR\" \/>\n<meta property=\"og:type\" content=\"article\" \/>\n<meta property=\"og:title\" content=\"Projecteur de sport de stade AURORA Series 300W-1000W &#8211; Soci\u00e9t\u00e9 ZHL \u00c9clairage\" \/>\n<meta property=\"og:description\" content=\"Le projecteur de sport de la s\u00e9rie Aurora est sans mercure, d\u00e9marrage instantan\u00e9, pas de scintillement super lumineux, efficacit\u00e9 lumineuse \u00e9lev\u00e9e 140 lm\/w, \u00e9conomie de 60 % \u00e0 80 %.\" \/>\n<meta property=\"og:url\" content=\"https:\/\/www.zhgdled.com\/fr\/aurora-series-300w-1000w-stadium-sports-light.html\" \/>\n<meta property=\"og:site_name\" content=\"Soci\u00e9t\u00e9 ZHL \u00c9clairage\" \/>\n<meta property=\"article:publisher\" content=\"https:\/\/www.facebook.com\/zhllightinggroup\" \/>\n<meta property=\"article:modified_time\" content=\"2023-12-25T06:08:28+00:00\" \/>\n<meta property=\"og:image\" content=\"https:\/\/www.zhgdled.com\/wp-content\/uploads\/2023\/08\/29.png\" \/>\n\t<meta property=\"og:image:width\" content=\"1600\" \/>\n\t<meta property=\"og:image:height\" content=\"1600\" \/>\n\t<meta property=\"og:image:type\" content=\"image\/png\" \/>\n<meta name=\"twitter:card\" content=\"summary_large_image\" \/>\n<meta name=\"twitter:site\" content=\"@zhl_lighting\" \/>\n<meta name=\"twitter:label1\" content=\"Dur\u00e9e de lecture estim\u00e9e\" \/>\n\t<meta name=\"twitter:data1\" content=\"2 minutes\" \/>\n<script type=\"application\/ld+json\" class=\"yoast-schema-graph\">{\"@context\":\"https:\\\/\\\/schema.org\",\"@graph\":[{\"@type\":\"WebPage\",\"@id\":\"https:\\\/\\\/www.zhgdled.com\\\/fr\\\/aurora-series-300w-1000w-stadium-sports-light.html\",\"url\":\"https:\\\/\\\/www.zhgdled.com\\\/fr\\\/aurora-series-300w-1000w-stadium-sports-light.html\",\"name\":\"Projecteur de sport de stade AURORA Series 300W-1000W &#8211; Soci\u00e9t\u00e9 ZHL \u00c9clairage\",\"isPartOf\":{\"@id\":\"https:\\\/\\\/www.zhgdled.com\\\/fr\\\/#website\"},\"primaryImageOfPage\":{\"@id\":\"https:\\\/\\\/www.zhgdled.com\\\/fr\\\/aurora-series-300w-1000w-stadium-sports-light.html#primaryimage\"},\"image\":{\"@id\":\"https:\\\/\\\/www.zhgdled.com\\\/fr\\\/aurora-series-300w-1000w-stadium-sports-light.html#primaryimage\"},\"thumbnailUrl\":\"https:\\\/\\\/www.zhgdled.com\\\/wp-content\\\/uploads\\\/2023\\\/08\\\/29.png\",\"datePublished\":\"2023-07-01T08:44:20+00:00\",\"dateModified\":\"2023-12-25T06:08:28+00:00\",\"description\":\"Le projecteur de sport de la s\u00e9rie Aurora est sans mercure, d\u00e9marrage instantan\u00e9, pas de scintillement super lumineux, efficacit\u00e9 lumineuse \u00e9lev\u00e9e 140 lm\\\/w, \u00e9conomie de 60 % \u00e0 80 %.\",\"breadcrumb\":{\"@id\":\"https:\\\/\\\/www.zhgdled.com\\\/fr\\\/aurora-series-300w-1000w-stadium-sports-light.html#breadcrumb\"},\"inLanguage\":\"fr-FR\",\"potentialAction\":[{\"@type\":\"ReadAction\",\"target\":[\"https:\\\/\\\/www.zhgdled.com\\\/fr\\\/aurora-series-300w-1000w-stadium-sports-light.html\"]}]},{\"@type\":\"ImageObject\",\"inLanguage\":\"fr-FR\",\"@id\":\"https:\\\/\\\/www.zhgdled.com\\\/fr\\\/aurora-series-300w-1000w-stadium-sports-light.html#primaryimage\",\"url\":\"https:\\\/\\\/www.zhgdled.com\\\/wp-content\\\/uploads\\\/2023\\\/08\\\/29.png\",\"contentUrl\":\"https:\\\/\\\/www.zhgdled.com\\\/wp-content\\\/uploads\\\/2023\\\/08\\\/29.png\",\"width\":1600,\"height\":1600,\"caption\":\"Aurora series sports stadium lights\"},{\"@type\":\"BreadcrumbList\",\"@id\":\"https:\\\/\\\/www.zhgdled.com\\\/fr\\\/aurora-series-300w-1000w-stadium-sports-light.html#breadcrumb\",\"itemListElement\":[{\"@type\":\"ListItem\",\"position\":1,\"name\":\"Home\",\"item\":\"https:\\\/\\\/www.zhgdled.com\\\/fr\"},{\"@type\":\"ListItem\",\"position\":2,\"name\":\"PRODUCTS\",\"item\":\"https:\\\/\\\/www.zhgdled.com\\\/zhl-products.html\"},{\"@type\":\"ListItem\",\"position\":3,\"name\":\"Projecteur de sport de stade AURORA Series 300W-1000W\"}]},{\"@type\":\"WebSite\",\"@id\":\"https:\\\/\\\/www.zhgdled.com\\\/fr\\\/#website\",\"url\":\"https:\\\/\\\/www.zhgdled.com\\\/fr\\\/\",\"name\":\"Soci\u00e9t\u00e9 ZHL \u00c9clairage\",\"description\":\"Top ranking industrial lighting manufacturer and exporter\",\"publisher\":{\"@id\":\"https:\\\/\\\/www.zhgdled.com\\\/fr\\\/#organization\"},\"potentialAction\":[{\"@type\":\"SearchAction\",\"target\":{\"@type\":\"EntryPoint\",\"urlTemplate\":\"https:\\\/\\\/www.zhgdled.com\\\/fr\\\/?s={search_term_string}\"},\"query-input\":{\"@type\":\"PropertyValueSpecification\",\"valueRequired\":true,\"valueName\":\"search_term_string\"}}],\"inLanguage\":\"fr-FR\"},{\"@type\":\"Organization\",\"@id\":\"https:\\\/\\\/www.zhgdled.com\\\/fr\\\/#organization\",\"name\":\"ZHL Lighting Group\",\"url\":\"https:\\\/\\\/www.zhgdled.com\\\/fr\\\/\",\"logo\":{\"@type\":\"ImageObject\",\"inLanguage\":\"fr-FR\",\"@id\":\"https:\\\/\\\/www.zhgdled.com\\\/fr\\\/#\\\/schema\\\/logo\\\/image\\\/\",\"url\":\"\",\"contentUrl\":\"\",\"caption\":\"ZHL Lighting Group\"},\"image\":{\"@id\":\"https:\\\/\\\/www.zhgdled.com\\\/fr\\\/#\\\/schema\\\/logo\\\/image\\\/\"},\"sameAs\":[\"https:\\\/\\\/www.facebook.com\\\/zhllightinggroup\",\"https:\\\/\\\/x.com\\\/zhl_lighting\"]}]}<\/script>\n<!-- \/ Yoast SEO plugin. -->","yoast_head_json":{"title":"Projecteur de sport de stade AURORA Series 300W-1000W &#8211; Soci\u00e9t\u00e9 ZHL \u00c9clairage","description":"Le projecteur de sport de la s\u00e9rie Aurora est sans mercure, d\u00e9marrage instantan\u00e9, pas de scintillement super lumineux, efficacit\u00e9 lumineuse \u00e9lev\u00e9e 140 lm\/w, \u00e9conomie de 60 % \u00e0 80 %.","robots":{"index":"index","follow":"follow","max-snippet":"max-snippet:-1","max-image-preview":"max-image-preview:large","max-video-preview":"max-video-preview:-1"},"canonical":"https:\/\/www.zhgdled.com\/fr\/aurora-series-300w-1000w-stadium-sports-light.html","og_locale":"fr_FR","og_type":"article","og_title":"Projecteur de sport de stade AURORA Series 300W-1000W &#8211; Soci\u00e9t\u00e9 ZHL \u00c9clairage","og_description":"Le projecteur de sport de la s\u00e9rie Aurora est sans mercure, d\u00e9marrage instantan\u00e9, pas de scintillement super lumineux, efficacit\u00e9 lumineuse \u00e9lev\u00e9e 140 lm\/w, \u00e9conomie de 60 % \u00e0 80 %.","og_url":"https:\/\/www.zhgdled.com\/fr\/aurora-series-300w-1000w-stadium-sports-light.html","og_site_name":"Soci\u00e9t\u00e9 ZHL \u00c9clairage","article_publisher":"https:\/\/www.facebook.com\/zhllightinggroup","article_modified_time":"2023-12-25T06:08:28+00:00","og_image":[{"width":1600,"height":1600,"url":"https:\/\/www.zhgdled.com\/wp-content\/uploads\/2023\/08\/29.png","type":"image\/png"}],"twitter_card":"summary_large_image","twitter_site":"@zhl_lighting","twitter_misc":{"Dur\u00e9e de lecture estim\u00e9e":"2 minutes"},"schema":{"@context":"https:\/\/schema.org","@graph":[{"@type":"WebPage","@id":"https:\/\/www.zhgdled.com\/fr\/aurora-series-300w-1000w-stadium-sports-light.html","url":"https:\/\/www.zhgdled.com\/fr\/aurora-series-300w-1000w-stadium-sports-light.html","name":"Projecteur de sport de stade AURORA Series 300W-1000W &#8211; Soci\u00e9t\u00e9 ZHL \u00c9clairage","isPartOf":{"@id":"https:\/\/www.zhgdled.com\/fr\/#website"},"primaryImageOfPage":{"@id":"https:\/\/www.zhgdled.com\/fr\/aurora-series-300w-1000w-stadium-sports-light.html#primaryimage"},"image":{"@id":"https:\/\/www.zhgdled.com\/fr\/aurora-series-300w-1000w-stadium-sports-light.html#primaryimage"},"thumbnailUrl":"https:\/\/www.zhgdled.com\/wp-content\/uploads\/2023\/08\/29.png","datePublished":"2023-07-01T08:44:20+00:00","dateModified":"2023-12-25T06:08:28+00:00","description":"Le projecteur de sport de la s\u00e9rie Aurora est sans mercure, d\u00e9marrage instantan\u00e9, pas de scintillement super lumineux, efficacit\u00e9 lumineuse \u00e9lev\u00e9e 140 lm\/w, \u00e9conomie de 60 % \u00e0 80 %.","breadcrumb":{"@id":"https:\/\/www.zhgdled.com\/fr\/aurora-series-300w-1000w-stadium-sports-light.html#breadcrumb"},"inLanguage":"fr-FR","potentialAction":[{"@type":"ReadAction","target":["https:\/\/www.zhgdled.com\/fr\/aurora-series-300w-1000w-stadium-sports-light.html"]}]},{"@type":"ImageObject","inLanguage":"fr-FR","@id":"https:\/\/www.zhgdled.com\/fr\/aurora-series-300w-1000w-stadium-sports-light.html#primaryimage","url":"https:\/\/www.zhgdled.com\/wp-content\/uploads\/2023\/08\/29.png","contentUrl":"https:\/\/www.zhgdled.com\/wp-content\/uploads\/2023\/08\/29.png","width":1600,"height":1600,"caption":"Aurora series sports stadium lights"},{"@type":"BreadcrumbList","@id":"https:\/\/www.zhgdled.com\/fr\/aurora-series-300w-1000w-stadium-sports-light.html#breadcrumb","itemListElement":[{"@type":"ListItem","position":1,"name":"Home","item":"https:\/\/www.zhgdled.com\/fr"},{"@type":"ListItem","position":2,"name":"PRODUCTS","item":"https:\/\/www.zhgdled.com\/zhl-products.html"},{"@type":"ListItem","position":3,"name":"Projecteur de sport de stade AURORA Series 300W-1000W"}]},{"@type":"WebSite","@id":"https:\/\/www.zhgdled.com\/fr\/#website","url":"https:\/\/www.zhgdled.com\/fr\/","name":"Soci\u00e9t\u00e9 ZHL \u00c9clairage","description":"Top ranking industrial lighting manufacturer and exporter","publisher":{"@id":"https:\/\/www.zhgdled.com\/fr\/#organization"},"potentialAction":[{"@type":"SearchAction","target":{"@type":"EntryPoint","urlTemplate":"https:\/\/www.zhgdled.com\/fr\/?s={search_term_string}"},"query-input":{"@type":"PropertyValueSpecification","valueRequired":true,"valueName":"search_term_string"}}],"inLanguage":"fr-FR"},{"@type":"Organization","@id":"https:\/\/www.zhgdled.com\/fr\/#organization","name":"ZHL Lighting Group","url":"https:\/\/www.zhgdled.com\/fr\/","logo":{"@type":"ImageObject","inLanguage":"fr-FR","@id":"https:\/\/www.zhgdled.com\/fr\/#\/schema\/logo\/image\/","url":"","contentUrl":"","caption":"ZHL Lighting Group"},"image":{"@id":"https:\/\/www.zhgdled.com\/fr\/#\/schema\/logo\/image\/"},"sameAs":["https:\/\/www.facebook.com\/zhllightinggroup","https:\/\/x.com\/zhl_lighting"]}]}},"_links":{"self":[{"href":"https:\/\/www.zhgdled.com\/fr\/wp-json\/wp\/v2\/product\/21483","targetHints":{"allow":["GET"]}}],"collection":[{"href":"https:\/\/www.zhgdled.com\/fr\/wp-json\/wp\/v2\/product"}],"about":[{"href":"https:\/\/www.zhgdled.com\/fr\/wp-json\/wp\/v2\/types\/product"}],"wp:featuredmedia":[{"embeddable":true,"href":"https:\/\/www.zhgdled.com\/fr\/wp-json\/wp\/v2\/media\/21638"}],"wp:attachment":[{"href":"https:\/\/www.zhgdled.com\/fr\/wp-json\/wp\/v2\/media?parent=21483"}],"wp:term":[{"taxonomy":"product_brand","embeddable":true,"href":"https:\/\/www.zhgdled.com\/fr\/wp-json\/wp\/v2\/product_brand?post=21483"},{"taxonomy":"product_cat","embeddable":true,"href":"https:\/\/www.zhgdled.com\/fr\/wp-json\/wp\/v2\/product_cat?post=21483"},{"taxonomy":"product_tag","embeddable":true,"href":"https:\/\/www.zhgdled.com\/fr\/wp-json\/wp\/v2\/product_tag?post=21483"}],"curies":[{"name":"wp","href":"https:\/\/api.w.org\/{rel}","templated":true}]}}