{"id":21701,"date":"2024-03-26T09:52:15","date_gmt":"2023-08-21T01:52:15","guid":{"rendered":"https:\/\/www.zhgdled.com\/product\/spring-series-led-industrial-flood-light"},"modified":"2024-03-26T13:45:17","modified_gmt":"2024-03-26T05:45:17","slug":"spring-series-led-industrial-flood-light","status":"publish","type":"product","link":"https:\/\/www.zhgdled.com\/fr\/spring-series-led-industrial-flood-light.html","title":{"rendered":"Projecteur industriel \u00e0 DEL s\u00e9rie SPRING"},"content":{"rendered":"<h2><span style=\"color: #ff6600;\"><strong>Illuminez Votre Espace avec les Projecteurs Polyvalents de la S\u00e9rie Spring<\/strong><\/span><\/h2>\n<p>Lorsqu&#8217;il s&#8217;agit d&#8217;\u00e9clairer les espaces ext\u00e9rieurs avec efficacit\u00e9, durabilit\u00e9 et polyvalence, les projecteurs de la s\u00e9rie Spring se distinguent comme un exemple d&#8217;innovation. Con\u00e7us pour r\u00e9pondre aux divers besoins des applications d&#8217;\u00e9clairage ext\u00e9rieur, ces projecteurs offrent une gamme d&#8217;options de puissance allant de 10 \u00e0 400 W, garantissant que chaque coin soit baign\u00e9 dans une illumination parfaite.<\/p>\n<h3>Puissance et Efficacit\u00e9<\/h3>\n<p>Les projecteurs de la s\u00e9rie Spring sont disponibles dans diff\u00e9rentes puissances, allant de modestes 10 W \u00e0 puissants 400 W. Ind\u00e9pendamment de la variante de puissance, chaque unit\u00e9 se vante d&#8217;une impressionnante efficacit\u00e9 lumineuse de 120 lm\/W, garantissant que chaque watt de puissance se traduise par une illumination brillante et \u00e9conome en \u00e9nergie. Que ce soit un petit jardin ou un vaste espace ext\u00e9rieur, ces projecteurs sont \u00e9quip\u00e9s pour tout g\u00e9rer.<\/p>\n<h3>Technologie LED de Pointe<\/h3>\n<p>Aliment\u00e9s par des LED SMD 2835, les projecteurs de la s\u00e9rie Spring offrent un flux lumineux constant et de haute qualit\u00e9. Ces LED sont r\u00e9put\u00e9es pour leur fiabilit\u00e9, leur long\u00e9vit\u00e9 et leurs performances sup\u00e9rieures, assurant que vos espaces ext\u00e9rieurs soient bien \u00e9clair\u00e9s pendant des ann\u00e9es.<\/p>\n<h3>Temp\u00e9rature de Couleur et Angle de Faisceau R\u00e9glables<\/h3>\n<p>Avec une temp\u00e9rature de couleur allant de 2700 K \u00e0 6500 K, ces projecteurs permettent de personnaliser l&#8217;ambiance de vos espaces ext\u00e9rieurs selon vos pr\u00e9f\u00e9rences. De plus, les options polyvalentes d&#8217;angle de faisceau, allant de 60 \u00e0 160 degr\u00e9s, vous permettent de contr\u00f4ler pr\u00e9cis\u00e9ment la diffusion et la focalisation de la lumi\u00e8re, r\u00e9pondant ainsi facilement \u00e0 diff\u00e9rents besoins d&#8217;\u00e9clairage.<\/p>\n<h3>Construction Robuste<\/h3>\n<p>Fabriqu\u00e9s dans un souci de durabilit\u00e9, les projecteurs de la s\u00e9rie Spring pr\u00e9sentent un corps en aluminium, une lentille en PC et un couvercle en verre tremp\u00e9. Cette construction robuste assure une protection contre les conditions m\u00e9t\u00e9orologiques difficiles, la corrosion et les chocs, en faisant un choix id\u00e9al pour les environnements ext\u00e9rieurs o\u00f9 la fiabilit\u00e9 est primordiale.<\/p>\n<h3>Normes \u00c9lev\u00e9es de Performance et de S\u00e9curit\u00e9<\/h3>\n<p>Avec un facteur de puissance sup\u00e9rieur \u00e0 0,9 et un indice de rendu des couleurs (IRC) \u00e9lev\u00e9 de 80\/70, ces projecteurs offrent non seulement des performances exceptionnelles, mais aussi une repr\u00e9sentation fid\u00e8le des couleurs. De plus, avec une classification IP65, ils sont \u00e9tanches \u00e0 la poussi\u00e8re et r\u00e9sistants \u00e0 l&#8217;eau, assurant un fonctionnement fiable m\u00eame dans des conditions ext\u00e9rieures difficiles.<\/p>\n<h3>Installation et Entretien Faciles<\/h3>\n<p>Les projecteurs de la s\u00e9rie Spring sont \u00e9quip\u00e9s de pilotes ZHL ou Meanwell, r\u00e9put\u00e9s pour leur fiabilit\u00e9 et leur efficacit\u00e9. Associ\u00e9 \u00e0 leur conception l\u00e9g\u00e8re et \u00e0 leur processus d&#8217;installation simple, cela en fait une solution d&#8217;\u00e9clairage sans tracas. De plus, avec une garantie pouvant aller jusqu&#8217;\u00e0 5 ans, vous pouvez \u00eatre tranquille en sachant que votre investissement est prot\u00e9g\u00e9.<\/p>\n<h3>Respectueux de l&#8217;Environnement et Certifi\u00e9<\/h3>\n<p>Engag\u00e9s envers la durabilit\u00e9, les projecteurs de la s\u00e9rie Spring sont certifi\u00e9s CE, ERP et RoHS, respectant des normes environnementales et de s\u00e9curit\u00e9 strictes. En optant pour ces projecteurs, vous r\u00e9duisez non seulement votre empreinte carbone, mais vous contribuez \u00e9galement \u00e0 un avenir plus vert.<\/p>\n<p><img decoding=\"async\" class=\"alignnone size-full wp-image-14635\" style=\"color: #1b1919; font-size: 24px;\" src=\"https:\/\/www.zhgdled.com\/wp-content\/uploads\/2021\/10\/1665197698153.jpg\" alt=\"ZHL Spring Series flood light\" width=\"750\" height=\"806\" srcset=\"https:\/\/www.zhgdled.com\/wp-content\/uploads\/2021\/10\/1665197698153.jpg 750w, https:\/\/www.zhgdled.com\/wp-content\/uploads\/2021\/10\/1665197698153-279x300.jpg 279w, https:\/\/www.zhgdled.com\/wp-content\/uploads\/2021\/10\/1665197698153-600x645.jpg 600w, https:\/\/www.zhgdled.com\/wp-content\/uploads\/2021\/10\/1665197698153-150x161.jpg 150w\" sizes=\"(max-width: 750px) 100vw, 750px\" \/><\/p>\n<h2>SP\u00c9CIFICATION<\/h2>\n<blockquote><p><img decoding=\"async\" class=\"alignnone wp-image-17482\" src=\"https:\/\/www.zhgdled.com\/wp-content\/uploads\/2022\/07\/zhl_download-logo.png\" alt=\"\" width=\"28\" height=\"28\" srcset=\"https:\/\/www.zhgdled.com\/wp-content\/uploads\/2022\/07\/zhl_download-logo.png 368w, https:\/\/www.zhgdled.com\/wp-content\/uploads\/2022\/07\/zhl_download-logo-300x300.png 300w, https:\/\/www.zhgdled.com\/wp-content\/uploads\/2022\/07\/zhl_download-logo-150x150.png 150w\" sizes=\"(max-width: 28px) 100vw, 28px\" \/><a href=\"https:\/\/www.zhgdled.com\/download\/spring-series-flood-light\">Download catalog<\/a> for Spring Series industrial floodlights<\/p><\/blockquote>\n<blockquote><p>&nbsp;<\/p><\/blockquote>\n<table>\n<tbody>\n<tr>\n<td>Pouvoir<\/td>\n<td>10W 20W 30W 50W 100W 150W 200W 240W 300W 400W<\/td>\n<\/tr>\n<tr>\n<td>LED<\/td>\n<td>SMD 2835<\/td>\n<\/tr>\n<tr>\n<td>Temp\u00e9rature de couleur (CCT)<\/td>\n<td>2700-6500K<\/td>\n<\/tr>\n<tr>\n<td>Efficacit\u00e9 lumineuse(lm\/w)<\/td>\n<td>120lm\/w<\/td>\n<\/tr>\n<tr>\n<td>Tension d&#8217;entr\u00e9e (V)<\/td>\n<td width=\"470\">AC220-240V\/ AC100-240V<\/td>\n<\/tr>\n<tr>\n<td>PF<\/td>\n<td>&gt;0.9<\/td>\n<\/tr>\n<tr>\n<td>CRI (Ra&gt;)<\/td>\n<td>80\/70<\/td>\n<\/tr>\n<tr>\n<td>Angle de faisceau(\u00b0)<\/td>\n<td width=\"470\">60\/90\/120\/60*145\uff08T2-M\uff09\/80*145\uff08T2-L\uff09<br \/>\n90*155\uff08TYPE-1\uff0945*157\uff08T3-M\uff09100*160\uff08T3-M\uff09<br \/>\n160\uff08T5-M\uff09<\/td>\n<\/tr>\n<tr>\n<td>Classe IP<\/td>\n<td>IP65<\/td>\n<\/tr>\n<tr>\n<td>Mat\u00e9riel<\/td>\n<td>Corps en aluminium + lentille PC + couvercle en verre tremp\u00e9<\/td>\n<\/tr>\n<tr>\n<td>Temp\u00e9rature de fonctionnement(\u2103)<\/td>\n<td>-20-50<\/td>\n<\/tr>\n<tr>\n<td>Garantie (Ann\u00e9e)<\/td>\n<td>3 ans \/ 5 ans<\/td>\n<\/tr>\n<tr>\n<td>Certificat<\/td>\n<td>CE,\u00a0ERP, RoHS<\/td>\n<\/tr>\n<tr>\n<td>Conducteur<\/td>\n<td>Marque ZHL \/ Meanwell<\/td>\n<\/tr>\n<\/tbody>\n<\/table>\n<p><img decoding=\"async\" class=\"alignnone size-full wp-image-21529\" src=\"https:\/\/www.zhgdled.com\/wp-content\/uploads\/2023\/08\/IEC-report12.jpg\" alt=\"\" width=\"705\" height=\"684\" srcset=\"https:\/\/www.zhgdled.com\/wp-content\/uploads\/2023\/08\/IEC-report12.jpg 705w, https:\/\/www.zhgdled.com\/wp-content\/uploads\/2023\/08\/IEC-report12-300x291.jpg 300w, https:\/\/www.zhgdled.com\/wp-content\/uploads\/2023\/08\/IEC-report12-600x582.jpg 600w, https:\/\/www.zhgdled.com\/wp-content\/uploads\/2023\/08\/IEC-report12-150x146.jpg 150w\" sizes=\"(max-width: 705px) 100vw, 705px\" \/><\/p>\n","protected":false},"excerpt":{"rendered":"<p>Les projecteurs de la s\u00e9rie Spring combinent technologie de pointe, construction robuste et fonctionnalit\u00e9s polyvalentes pour illuminer les espaces ext\u00e9rieurs avec une efficacit\u00e9 et une fiabilit\u00e9 in\u00e9gal\u00e9es. Que ce soit pour am\u00e9liorer la s\u00e9curit\u00e9 de vos locaux, mettre en valeur des \u00e9l\u00e9ments architecturaux ou cr\u00e9er des environnements ext\u00e9rieurs accueillants, ces projecteurs sont la solution d&#8217;\u00e9clairage parfaite pour toutes les applications ext\u00e9rieures.<\/p>\n<ul>\n<li>Puissance\u00a0: 10\u00a0W\/20\u00a0W\/30\u00a0W\/50\u00a0W\/100\u00a0W\/150\u00a0W\/200\u00a0W\/240\u00a0W\/300\u00a0W\/400\u00a0W<\/li>\n<li>CMS2835<\/li>\n<li>120lm\/w<\/li>\n<li>AC220-240V\/ AC100-240V<\/li>\n<li>PF&gt;0.9<\/li>\n<li>IRC &gt;80<\/li>\n<li>Angle de faisceau\u00a0: 60\/90\/120\/60*145 (T2-M)\/80*145 (T2-L) 90*155 (TYPE-1) 45*157 (T3-M) 100*160 (T3-M) 160 (T5-M)<\/li>\n<\/ul>\n","protected":false},"featured_media":13526,"template":"","meta":[],"product_brand":[],"product_cat":[631],"product_tag":[],"class_list":{"0":"post-21701","1":"product","2":"type-product","3":"status-publish","4":"has-post-thumbnail","6":"product_cat-projecteurs","8":"first","9":"instock","10":"featured","11":"shipping-taxable","12":"product-type-simple"},"yoast_head":"<!-- This site is optimized with the Yoast SEO plugin v27.4 - https:\/\/yoast.com\/product\/yoast-seo-wordpress\/ -->\n<title>Projecteur industriel \u00e0 DEL s\u00e9rie SPRING &#8211; Soci\u00e9t\u00e9 ZHL \u00c9clairage<\/title>\n<meta name=\"description\" content=\"Les projecteurs de la s\u00e9rie Spring combinent technologie de pointe, construction robuste et fonctionnalit\u00e9s polyvalentes pour illuminer les espaces ext\u00e9rieurs avec une efficacit\u00e9 et une fiabilit\u00e9 in\u00e9gal\u00e9es.\" \/>\n<meta name=\"robots\" content=\"index, follow, max-snippet:-1, max-image-preview:large, max-video-preview:-1\" \/>\n<link rel=\"canonical\" href=\"https:\/\/www.zhgdled.com\/fr\/spring-series-led-industrial-flood-light.html\" \/>\n<meta property=\"og:locale\" content=\"fr_FR\" \/>\n<meta property=\"og:type\" content=\"article\" \/>\n<meta property=\"og:title\" content=\"Projecteur industriel \u00e0 DEL s\u00e9rie SPRING &#8211; Soci\u00e9t\u00e9 ZHL \u00c9clairage\" \/>\n<meta property=\"og:description\" content=\"Les projecteurs de la s\u00e9rie Spring combinent technologie de pointe, construction robuste et fonctionnalit\u00e9s polyvalentes pour illuminer les espaces ext\u00e9rieurs avec une efficacit\u00e9 et une fiabilit\u00e9 in\u00e9gal\u00e9es.\" \/>\n<meta property=\"og:url\" content=\"https:\/\/www.zhgdled.com\/fr\/spring-series-led-industrial-flood-light.html\" \/>\n<meta property=\"og:site_name\" content=\"Soci\u00e9t\u00e9 ZHL \u00c9clairage\" \/>\n<meta property=\"article:publisher\" content=\"https:\/\/www.facebook.com\/zhllightinggroup\" \/>\n<meta property=\"article:modified_time\" content=\"2024-03-26T05:45:17+00:00\" \/>\n<meta property=\"og:image\" content=\"https:\/\/www.zhgdled.com\/wp-content\/uploads\/2021\/10\/26.png\" \/>\n\t<meta property=\"og:image:width\" content=\"1600\" \/>\n\t<meta property=\"og:image:height\" content=\"1600\" \/>\n\t<meta property=\"og:image:type\" content=\"image\/png\" \/>\n<meta name=\"twitter:card\" content=\"summary_large_image\" \/>\n<meta name=\"twitter:site\" content=\"@zhl_lighting\" \/>\n<meta name=\"twitter:label1\" content=\"Dur\u00e9e de lecture estim\u00e9e\" \/>\n\t<meta name=\"twitter:data1\" content=\"4 minutes\" \/>\n<script type=\"application\/ld+json\" class=\"yoast-schema-graph\">{\"@context\":\"https:\\\/\\\/schema.org\",\"@graph\":[{\"@type\":\"WebPage\",\"@id\":\"https:\\\/\\\/www.zhgdled.com\\\/fr\\\/spring-series-led-industrial-flood-light.html\",\"url\":\"https:\\\/\\\/www.zhgdled.com\\\/fr\\\/spring-series-led-industrial-flood-light.html\",\"name\":\"Projecteur industriel \u00e0 DEL s\u00e9rie SPRING &#8211; Soci\u00e9t\u00e9 ZHL \u00c9clairage\",\"isPartOf\":{\"@id\":\"https:\\\/\\\/www.zhgdled.com\\\/fr\\\/#website\"},\"primaryImageOfPage\":{\"@id\":\"https:\\\/\\\/www.zhgdled.com\\\/fr\\\/spring-series-led-industrial-flood-light.html#primaryimage\"},\"image\":{\"@id\":\"https:\\\/\\\/www.zhgdled.com\\\/fr\\\/spring-series-led-industrial-flood-light.html#primaryimage\"},\"thumbnailUrl\":\"https:\\\/\\\/www.zhgdled.com\\\/wp-content\\\/uploads\\\/2021\\\/10\\\/26.png\",\"datePublished\":\"2023-08-21T01:52:15+00:00\",\"dateModified\":\"2024-03-26T05:45:17+00:00\",\"description\":\"Les projecteurs de la s\u00e9rie Spring combinent technologie de pointe, construction robuste et fonctionnalit\u00e9s polyvalentes pour illuminer les espaces ext\u00e9rieurs avec une efficacit\u00e9 et une fiabilit\u00e9 in\u00e9gal\u00e9es.\",\"breadcrumb\":{\"@id\":\"https:\\\/\\\/www.zhgdled.com\\\/fr\\\/spring-series-led-industrial-flood-light.html#breadcrumb\"},\"inLanguage\":\"fr-FR\",\"potentialAction\":[{\"@type\":\"ReadAction\",\"target\":[\"https:\\\/\\\/www.zhgdled.com\\\/fr\\\/spring-series-led-industrial-flood-light.html\"]}]},{\"@type\":\"ImageObject\",\"inLanguage\":\"fr-FR\",\"@id\":\"https:\\\/\\\/www.zhgdled.com\\\/fr\\\/spring-series-led-industrial-flood-light.html#primaryimage\",\"url\":\"https:\\\/\\\/www.zhgdled.com\\\/wp-content\\\/uploads\\\/2021\\\/10\\\/26.png\",\"contentUrl\":\"https:\\\/\\\/www.zhgdled.com\\\/wp-content\\\/uploads\\\/2021\\\/10\\\/26.png\",\"width\":1600,\"height\":1600,\"caption\":\"Projecteurs industriels\"},{\"@type\":\"BreadcrumbList\",\"@id\":\"https:\\\/\\\/www.zhgdled.com\\\/fr\\\/spring-series-led-industrial-flood-light.html#breadcrumb\",\"itemListElement\":[{\"@type\":\"ListItem\",\"position\":1,\"name\":\"Home\",\"item\":\"https:\\\/\\\/www.zhgdled.com\\\/fr\"},{\"@type\":\"ListItem\",\"position\":2,\"name\":\"PRODUCTS\",\"item\":\"https:\\\/\\\/www.zhgdled.com\\\/zhl-products.html\"},{\"@type\":\"ListItem\",\"position\":3,\"name\":\"Projecteur industriel \u00e0 DEL s\u00e9rie SPRING\"}]},{\"@type\":\"WebSite\",\"@id\":\"https:\\\/\\\/www.zhgdled.com\\\/fr\\\/#website\",\"url\":\"https:\\\/\\\/www.zhgdled.com\\\/fr\\\/\",\"name\":\"Soci\u00e9t\u00e9 ZHL \u00c9clairage\",\"description\":\"Top ranking industrial lighting manufacturer and exporter\",\"publisher\":{\"@id\":\"https:\\\/\\\/www.zhgdled.com\\\/fr\\\/#organization\"},\"potentialAction\":[{\"@type\":\"SearchAction\",\"target\":{\"@type\":\"EntryPoint\",\"urlTemplate\":\"https:\\\/\\\/www.zhgdled.com\\\/fr\\\/?s={search_term_string}\"},\"query-input\":{\"@type\":\"PropertyValueSpecification\",\"valueRequired\":true,\"valueName\":\"search_term_string\"}}],\"inLanguage\":\"fr-FR\"},{\"@type\":\"Organization\",\"@id\":\"https:\\\/\\\/www.zhgdled.com\\\/fr\\\/#organization\",\"name\":\"ZHL Lighting Group\",\"url\":\"https:\\\/\\\/www.zhgdled.com\\\/fr\\\/\",\"logo\":{\"@type\":\"ImageObject\",\"inLanguage\":\"fr-FR\",\"@id\":\"https:\\\/\\\/www.zhgdled.com\\\/fr\\\/#\\\/schema\\\/logo\\\/image\\\/\",\"url\":\"\",\"contentUrl\":\"\",\"caption\":\"ZHL Lighting Group\"},\"image\":{\"@id\":\"https:\\\/\\\/www.zhgdled.com\\\/fr\\\/#\\\/schema\\\/logo\\\/image\\\/\"},\"sameAs\":[\"https:\\\/\\\/www.facebook.com\\\/zhllightinggroup\",\"https:\\\/\\\/x.com\\\/zhl_lighting\"]}]}<\/script>\n<!-- \/ Yoast SEO plugin. -->","yoast_head_json":{"title":"Projecteur industriel \u00e0 DEL s\u00e9rie SPRING &#8211; Soci\u00e9t\u00e9 ZHL \u00c9clairage","description":"Les projecteurs de la s\u00e9rie Spring combinent technologie de pointe, construction robuste et fonctionnalit\u00e9s polyvalentes pour illuminer les espaces ext\u00e9rieurs avec une efficacit\u00e9 et une fiabilit\u00e9 in\u00e9gal\u00e9es.","robots":{"index":"index","follow":"follow","max-snippet":"max-snippet:-1","max-image-preview":"max-image-preview:large","max-video-preview":"max-video-preview:-1"},"canonical":"https:\/\/www.zhgdled.com\/fr\/spring-series-led-industrial-flood-light.html","og_locale":"fr_FR","og_type":"article","og_title":"Projecteur industriel \u00e0 DEL s\u00e9rie SPRING &#8211; Soci\u00e9t\u00e9 ZHL \u00c9clairage","og_description":"Les projecteurs de la s\u00e9rie Spring combinent technologie de pointe, construction robuste et fonctionnalit\u00e9s polyvalentes pour illuminer les espaces ext\u00e9rieurs avec une efficacit\u00e9 et une fiabilit\u00e9 in\u00e9gal\u00e9es.","og_url":"https:\/\/www.zhgdled.com\/fr\/spring-series-led-industrial-flood-light.html","og_site_name":"Soci\u00e9t\u00e9 ZHL \u00c9clairage","article_publisher":"https:\/\/www.facebook.com\/zhllightinggroup","article_modified_time":"2024-03-26T05:45:17+00:00","og_image":[{"width":1600,"height":1600,"url":"https:\/\/www.zhgdled.com\/wp-content\/uploads\/2021\/10\/26.png","type":"image\/png"}],"twitter_card":"summary_large_image","twitter_site":"@zhl_lighting","twitter_misc":{"Dur\u00e9e de lecture estim\u00e9e":"4 minutes"},"schema":{"@context":"https:\/\/schema.org","@graph":[{"@type":"WebPage","@id":"https:\/\/www.zhgdled.com\/fr\/spring-series-led-industrial-flood-light.html","url":"https:\/\/www.zhgdled.com\/fr\/spring-series-led-industrial-flood-light.html","name":"Projecteur industriel \u00e0 DEL s\u00e9rie SPRING &#8211; Soci\u00e9t\u00e9 ZHL \u00c9clairage","isPartOf":{"@id":"https:\/\/www.zhgdled.com\/fr\/#website"},"primaryImageOfPage":{"@id":"https:\/\/www.zhgdled.com\/fr\/spring-series-led-industrial-flood-light.html#primaryimage"},"image":{"@id":"https:\/\/www.zhgdled.com\/fr\/spring-series-led-industrial-flood-light.html#primaryimage"},"thumbnailUrl":"https:\/\/www.zhgdled.com\/wp-content\/uploads\/2021\/10\/26.png","datePublished":"2023-08-21T01:52:15+00:00","dateModified":"2024-03-26T05:45:17+00:00","description":"Les projecteurs de la s\u00e9rie Spring combinent technologie de pointe, construction robuste et fonctionnalit\u00e9s polyvalentes pour illuminer les espaces ext\u00e9rieurs avec une efficacit\u00e9 et une fiabilit\u00e9 in\u00e9gal\u00e9es.","breadcrumb":{"@id":"https:\/\/www.zhgdled.com\/fr\/spring-series-led-industrial-flood-light.html#breadcrumb"},"inLanguage":"fr-FR","potentialAction":[{"@type":"ReadAction","target":["https:\/\/www.zhgdled.com\/fr\/spring-series-led-industrial-flood-light.html"]}]},{"@type":"ImageObject","inLanguage":"fr-FR","@id":"https:\/\/www.zhgdled.com\/fr\/spring-series-led-industrial-flood-light.html#primaryimage","url":"https:\/\/www.zhgdled.com\/wp-content\/uploads\/2021\/10\/26.png","contentUrl":"https:\/\/www.zhgdled.com\/wp-content\/uploads\/2021\/10\/26.png","width":1600,"height":1600,"caption":"Projecteurs industriels"},{"@type":"BreadcrumbList","@id":"https:\/\/www.zhgdled.com\/fr\/spring-series-led-industrial-flood-light.html#breadcrumb","itemListElement":[{"@type":"ListItem","position":1,"name":"Home","item":"https:\/\/www.zhgdled.com\/fr"},{"@type":"ListItem","position":2,"name":"PRODUCTS","item":"https:\/\/www.zhgdled.com\/zhl-products.html"},{"@type":"ListItem","position":3,"name":"Projecteur industriel \u00e0 DEL s\u00e9rie SPRING"}]},{"@type":"WebSite","@id":"https:\/\/www.zhgdled.com\/fr\/#website","url":"https:\/\/www.zhgdled.com\/fr\/","name":"Soci\u00e9t\u00e9 ZHL \u00c9clairage","description":"Top ranking industrial lighting manufacturer and exporter","publisher":{"@id":"https:\/\/www.zhgdled.com\/fr\/#organization"},"potentialAction":[{"@type":"SearchAction","target":{"@type":"EntryPoint","urlTemplate":"https:\/\/www.zhgdled.com\/fr\/?s={search_term_string}"},"query-input":{"@type":"PropertyValueSpecification","valueRequired":true,"valueName":"search_term_string"}}],"inLanguage":"fr-FR"},{"@type":"Organization","@id":"https:\/\/www.zhgdled.com\/fr\/#organization","name":"ZHL Lighting Group","url":"https:\/\/www.zhgdled.com\/fr\/","logo":{"@type":"ImageObject","inLanguage":"fr-FR","@id":"https:\/\/www.zhgdled.com\/fr\/#\/schema\/logo\/image\/","url":"","contentUrl":"","caption":"ZHL Lighting Group"},"image":{"@id":"https:\/\/www.zhgdled.com\/fr\/#\/schema\/logo\/image\/"},"sameAs":["https:\/\/www.facebook.com\/zhllightinggroup","https:\/\/x.com\/zhl_lighting"]}]}},"_links":{"self":[{"href":"https:\/\/www.zhgdled.com\/fr\/wp-json\/wp\/v2\/product\/21701","targetHints":{"allow":["GET"]}}],"collection":[{"href":"https:\/\/www.zhgdled.com\/fr\/wp-json\/wp\/v2\/product"}],"about":[{"href":"https:\/\/www.zhgdled.com\/fr\/wp-json\/wp\/v2\/types\/product"}],"wp:featuredmedia":[{"embeddable":true,"href":"https:\/\/www.zhgdled.com\/fr\/wp-json\/wp\/v2\/media\/13526"}],"wp:attachment":[{"href":"https:\/\/www.zhgdled.com\/fr\/wp-json\/wp\/v2\/media?parent=21701"}],"wp:term":[{"taxonomy":"product_brand","embeddable":true,"href":"https:\/\/www.zhgdled.com\/fr\/wp-json\/wp\/v2\/product_brand?post=21701"},{"taxonomy":"product_cat","embeddable":true,"href":"https:\/\/www.zhgdled.com\/fr\/wp-json\/wp\/v2\/product_cat?post=21701"},{"taxonomy":"product_tag","embeddable":true,"href":"https:\/\/www.zhgdled.com\/fr\/wp-json\/wp\/v2\/product_tag?post=21701"}],"curies":[{"name":"wp","href":"https:\/\/api.w.org\/{rel}","templated":true}]}}