{"id":22171,"date":"2023-08-24T11:02:44","date_gmt":"2023-08-24T03:02:44","guid":{"rendered":"https:\/\/www.zhgdled.com\/product\/spring-solar-series-solar-flood-lights"},"modified":"2023-12-25T13:50:59","modified_gmt":"2023-12-25T05:50:59","slug":"spring-solar-series-solar-flood-lights","status":"publish","type":"product","link":"https:\/\/www.zhgdled.com\/fr\/spring-solar-series-solar-flood-lights.html","title":{"rendered":"Projecteurs solaires s\u00e9rie SPRING-SOLAR"},"content":{"rendered":"<h2>Lampes solaires plus intelligentes pour un usage domestique, commercial et industriel<\/h2>\n<p>Le projecteur LED Spring-Solar Series \u2122 de ZHL est un nouveau design dans la famille des lampes solaires qui permet d&#8217;\u00e9conomiser 20 % d&#8217;\u00e9nergie par rapport aux lampes solaires conventionnelles. Des panneaux solaires en polysilicium jusqu&#8217;\u00e0 40 Wc\/12 V alimentent parfaitement la lampe de mani\u00e8re intelligente. La s\u00e9rie Spring-Solar \u2122 est compos\u00e9e d&#8217;un corps en aluminium moul\u00e9 sous pression et de verre tremp\u00e9 pour une application durable dans tout environnement difficile. Gamme compl\u00e8te de puissance nominale de 20 W \u00e0 300 W. L&#8217;ensemble complet comprend une lampe, un c\u00e2ble de 2 m\u00e8tres avec connecteurs, des panneaux solaires et des supports.<\/p>\n<p>L&#8217;indicateur de pourcentage permet \u00e0 l&#8217;utilisateur de surveiller l&#8217;\u00e9tat de charge et de d\u00e9charge \u00e0 tout moment. Le voyant du panneau solaire peut aider les utilisateurs \u00e0 surveiller l&#8217;\u00e9tat de fonctionnement de l&#8217;\u00e9nergie solaire et \u00e0 ajuster sa position d&#8217;\u00e9clairage \u00e0 tout moment pour obtenir une efficacit\u00e9 de charge plus \u00e9lev\u00e9e.<\/p>\n<h2>T\u00e9l\u00e9charger:<\/h2>\n<ul>\n<li><a href=\"https:\/\/www.zhgdled.com\/download\/spring-series-solar-led-flood-light\">Specs (en, cn)<\/a><\/li>\n<li><a href=\"https:\/\/www.zhgdled.com\/download\/sping-solar-flood-light\">Brochure (en)<\/a><\/li>\n<li><a href=\"https:\/\/www.zhgdled.com\/download-category\/certifications\">Certification (en)<\/a><\/li>\n<\/ul>\n<h2>sp\u00e9cification<\/h2>\n<table style=\"height: 281px;\" width=\"679\">\n<tbody>\n<tr>\n<td width=\"134\">Puissance\u00a0:<\/td>\n<td width=\"312\">20W 30W 50W 100W 200W 300W<\/td>\n<\/tr>\n<tr>\n<td>Zone d&#8217;\u00e9clairage\u00a0:<\/td>\n<td>30\u33a1\u00a040\u33a1\u00a060\u33a1\u00a0100\u33a1\u00a0200\u33a1\u00a0250\u33a1<\/td>\n<\/tr>\n<tr>\n<td>Panneau solaire:<\/td>\n<td>6V\/6W 6V\/9W 6V20W 6V\/40W 6V\/60W 6V\/80W<\/td>\n<\/tr>\n<tr>\n<td>Capacit\u00e9 de la batterie:<\/td>\n<td>5AH\/3.7V 5AH\/3.7V 10AH\/3.7V 20AH\/3.7V 40AH\/3.7V 55AH\/3.7V<\/td>\n<\/tr>\n<tr>\n<td>Dimensions (mm):<\/td>\n<td>200*237*39 200*237*39 200*237*39 281*320*41 420*333*51 470*385*51<\/td>\n<\/tr>\n<tr>\n<td>CRI<\/td>\n<td>\u226580<\/td>\n<\/tr>\n<\/tbody>\n<\/table>\n<p><img decoding=\"async\" class=\"alignnone size-full wp-image-21889\" src=\"https:\/\/www.zhgdled.com\/wp-content\/uploads\/2023\/08\/SPRING-SOLAR-FLOOD-LIGHT-SPECS.jpg\" alt=\"\" width=\"1068\" height=\"1743\" srcset=\"https:\/\/www.zhgdled.com\/wp-content\/uploads\/2023\/08\/SPRING-SOLAR-FLOOD-LIGHT-SPECS.jpg 1068w, https:\/\/www.zhgdled.com\/wp-content\/uploads\/2023\/08\/SPRING-SOLAR-FLOOD-LIGHT-SPECS-184x300.jpg 184w, https:\/\/www.zhgdled.com\/wp-content\/uploads\/2023\/08\/SPRING-SOLAR-FLOOD-LIGHT-SPECS-627x1024.jpg 627w, https:\/\/www.zhgdled.com\/wp-content\/uploads\/2023\/08\/SPRING-SOLAR-FLOOD-LIGHT-SPECS-768x1253.jpg 768w, https:\/\/www.zhgdled.com\/wp-content\/uploads\/2023\/08\/SPRING-SOLAR-FLOOD-LIGHT-SPECS-941x1536.jpg 941w, https:\/\/www.zhgdled.com\/wp-content\/uploads\/2023\/08\/SPRING-SOLAR-FLOOD-LIGHT-SPECS-600x979.jpg 600w, https:\/\/www.zhgdled.com\/wp-content\/uploads\/2023\/08\/SPRING-SOLAR-FLOOD-LIGHT-SPECS-150x245.jpg 150w\" sizes=\"(max-width: 1068px) 100vw, 1068px\" \/><\/p>\n<p><img decoding=\"async\" class=\"alignnone size-full wp-image-21900\" src=\"https:\/\/www.zhgdled.com\/wp-content\/uploads\/2023\/08\/SPRING-SOLAR-FLOOD-LIGHT-SPECS-1.jpg\" alt=\"\" width=\"1091\" height=\"1586\" srcset=\"https:\/\/www.zhgdled.com\/wp-content\/uploads\/2023\/08\/SPRING-SOLAR-FLOOD-LIGHT-SPECS-1.jpg 1091w, https:\/\/www.zhgdled.com\/wp-content\/uploads\/2023\/08\/SPRING-SOLAR-FLOOD-LIGHT-SPECS-1-206x300.jpg 206w, https:\/\/www.zhgdled.com\/wp-content\/uploads\/2023\/08\/SPRING-SOLAR-FLOOD-LIGHT-SPECS-1-704x1024.jpg 704w, https:\/\/www.zhgdled.com\/wp-content\/uploads\/2023\/08\/SPRING-SOLAR-FLOOD-LIGHT-SPECS-1-768x1116.jpg 768w, https:\/\/www.zhgdled.com\/wp-content\/uploads\/2023\/08\/SPRING-SOLAR-FLOOD-LIGHT-SPECS-1-1057x1536.jpg 1057w, https:\/\/www.zhgdled.com\/wp-content\/uploads\/2023\/08\/SPRING-SOLAR-FLOOD-LIGHT-SPECS-1-600x872.jpg 600w, https:\/\/www.zhgdled.com\/wp-content\/uploads\/2023\/08\/SPRING-SOLAR-FLOOD-LIGHT-SPECS-1-150x218.jpg 150w\" sizes=\"(max-width: 1091px) 100vw, 1091px\" \/><img decoding=\"async\" class=\"alignnone size-full wp-image-21911\" src=\"https:\/\/www.zhgdled.com\/wp-content\/uploads\/2023\/08\/SPRING-SOLAR-FLOOD-LIGHT-SPECS-2.jpg\" alt=\"\" width=\"1136\" height=\"1662\" srcset=\"https:\/\/www.zhgdled.com\/wp-content\/uploads\/2023\/08\/SPRING-SOLAR-FLOOD-LIGHT-SPECS-2.jpg 1136w, https:\/\/www.zhgdled.com\/wp-content\/uploads\/2023\/08\/SPRING-SOLAR-FLOOD-LIGHT-SPECS-2-205x300.jpg 205w, https:\/\/www.zhgdled.com\/wp-content\/uploads\/2023\/08\/SPRING-SOLAR-FLOOD-LIGHT-SPECS-2-700x1024.jpg 700w, https:\/\/www.zhgdled.com\/wp-content\/uploads\/2023\/08\/SPRING-SOLAR-FLOOD-LIGHT-SPECS-2-768x1124.jpg 768w, https:\/\/www.zhgdled.com\/wp-content\/uploads\/2023\/08\/SPRING-SOLAR-FLOOD-LIGHT-SPECS-2-1050x1536.jpg 1050w, https:\/\/www.zhgdled.com\/wp-content\/uploads\/2023\/08\/SPRING-SOLAR-FLOOD-LIGHT-SPECS-2-600x878.jpg 600w, https:\/\/www.zhgdled.com\/wp-content\/uploads\/2023\/08\/SPRING-SOLAR-FLOOD-LIGHT-SPECS-2-150x219.jpg 150w\" sizes=\"(max-width: 1136px) 100vw, 1136px\" \/><img decoding=\"async\" class=\"alignnone size-full wp-image-21922\" src=\"https:\/\/www.zhgdled.com\/wp-content\/uploads\/2023\/08\/SPRING-SOLAR-FLOOD-LIGHT-SPECS-3.jpg\" alt=\"\" width=\"1145\" height=\"1641\" srcset=\"https:\/\/www.zhgdled.com\/wp-content\/uploads\/2023\/08\/SPRING-SOLAR-FLOOD-LIGHT-SPECS-3.jpg 1145w, https:\/\/www.zhgdled.com\/wp-content\/uploads\/2023\/08\/SPRING-SOLAR-FLOOD-LIGHT-SPECS-3-209x300.jpg 209w, https:\/\/www.zhgdled.com\/wp-content\/uploads\/2023\/08\/SPRING-SOLAR-FLOOD-LIGHT-SPECS-3-714x1024.jpg 714w, https:\/\/www.zhgdled.com\/wp-content\/uploads\/2023\/08\/SPRING-SOLAR-FLOOD-LIGHT-SPECS-3-768x1101.jpg 768w, https:\/\/www.zhgdled.com\/wp-content\/uploads\/2023\/08\/SPRING-SOLAR-FLOOD-LIGHT-SPECS-3-1072x1536.jpg 1072w, https:\/\/www.zhgdled.com\/wp-content\/uploads\/2023\/08\/SPRING-SOLAR-FLOOD-LIGHT-SPECS-3-600x860.jpg 600w, https:\/\/www.zhgdled.com\/wp-content\/uploads\/2023\/08\/SPRING-SOLAR-FLOOD-LIGHT-SPECS-3-150x215.jpg 150w\" sizes=\"(max-width: 1145px) 100vw, 1145px\" \/><\/p>\n","protected":false},"excerpt":{"rendered":"<p>Le projecteur LED Spring-Solar Series \u2122 de ZHL est un nouveau design dans la famille des lampes solaires qui permet d&#8217;\u00e9conomiser 20 % d&#8217;\u00e9nergie par rapport aux lampes solaires conventionnelles. Des panneaux solaires en polysilicium jusqu&#8217;\u00e0 40 Wc\/12 V alimentent parfaitement la lampe de mani\u00e8re intelligente. La s\u00e9rie Spring-Solar \u2122 est compos\u00e9e d&#8217;un corps en aluminium moul\u00e9 sous pression et de verre tremp\u00e9 pour une application durable dans tout environnement difficile. Gamme compl\u00e8te de puissance nominale de 20 W \u00e0 300 W. L&#8217;ensemble complet comprend une lampe, un c\u00e2ble de 2 m\u00e8tres avec connecteurs, des panneaux solaires et des supports.<\/p>\n<table width=\"768\">\n<tbody>\n<tr>\n<td width=\"250\">Puissance\u00a0:<\/td>\n<td width=\"214\">20W 30W 50W 100W 200W 300W<\/td>\n<td width=\"145\"><\/td>\n<\/tr>\n<tr>\n<td width=\"250\">Flux lumineux<\/td>\n<td width=\"214\">460LM-5700LM<\/td>\n<td width=\"145\"><\/td>\n<\/tr>\n<tr>\n<td width=\"250\">Puce<\/td>\n<td colspan=\"2\" width=\"360\">Osram 2835<\/td>\n<\/tr>\n<tr>\n<td width=\"250\">Temp\u00e9rature de couleur (CCT)<\/td>\n<td colspan=\"2\" width=\"360\">2700-3200K 4000-4500K 6000-7000K<\/td>\n<\/tr>\n<tr>\n<td width=\"250\">IRC<\/td>\n<td colspan=\"2\" width=\"360\">\u226580<\/td>\n<\/tr>\n<tr>\n<td width=\"250\">Zone d&#8217;\u00e9clairage<\/td>\n<td colspan=\"2\" width=\"360\">30\u33a1-250\u33a1<\/td>\n<\/tr>\n<\/tbody>\n<\/table>\n","protected":false},"featured_media":21834,"template":"","meta":[],"product_brand":[],"product_cat":[630],"product_tag":[],"class_list":{"0":"post-22171","1":"product","2":"type-product","3":"status-publish","4":"has-post-thumbnail","6":"product_cat-projecteurs-solaires","8":"first","9":"instock","10":"shipping-taxable","11":"product-type-simple"},"yoast_head":"<!-- This site is optimized with the Yoast SEO plugin v27.4 - https:\/\/yoast.com\/product\/yoast-seo-wordpress\/ -->\n<title>Projecteurs solaires s\u00e9rie SPRING-SOLAR &#8211; Soci\u00e9t\u00e9 ZHL \u00c9clairage<\/title>\n<meta name=\"description\" content=\"Le projecteur LED Spring-Solar Series \u2122 de ZHL est un nouveau design dans la famille des lampes solaires qui permet d&#039;\u00e9conomiser 20 % d&#039;\u00e9nergie par rapport aux lampes solaires conventionnelles.\" \/>\n<meta name=\"robots\" content=\"index, follow, max-snippet:-1, max-image-preview:large, max-video-preview:-1\" \/>\n<link rel=\"canonical\" href=\"https:\/\/www.zhgdled.com\/fr\/spring-solar-series-solar-flood-lights.html\" \/>\n<meta property=\"og:locale\" content=\"fr_FR\" \/>\n<meta property=\"og:type\" content=\"article\" \/>\n<meta property=\"og:title\" content=\"Projecteurs solaires s\u00e9rie SPRING-SOLAR &#8211; Soci\u00e9t\u00e9 ZHL \u00c9clairage\" \/>\n<meta property=\"og:description\" content=\"Le projecteur LED Spring-Solar Series \u2122 de ZHL est un nouveau design dans la famille des lampes solaires qui permet d&#039;\u00e9conomiser 20 % d&#039;\u00e9nergie par rapport aux lampes solaires conventionnelles.\" \/>\n<meta property=\"og:url\" content=\"https:\/\/www.zhgdled.com\/fr\/spring-solar-series-solar-flood-lights.html\" \/>\n<meta property=\"og:site_name\" content=\"Soci\u00e9t\u00e9 ZHL \u00c9clairage\" \/>\n<meta property=\"article:publisher\" content=\"https:\/\/www.facebook.com\/zhllightinggroup\" \/>\n<meta property=\"article:modified_time\" content=\"2023-12-25T05:50:59+00:00\" \/>\n<meta property=\"og:image\" content=\"https:\/\/www.zhgdled.com\/wp-content\/uploads\/2023\/08\/1-1.png\" \/>\n\t<meta property=\"og:image:width\" content=\"1000\" \/>\n\t<meta property=\"og:image:height\" content=\"1000\" \/>\n\t<meta property=\"og:image:type\" content=\"image\/png\" \/>\n<meta name=\"twitter:card\" content=\"summary_large_image\" \/>\n<meta name=\"twitter:site\" content=\"@zhl_lighting\" \/>\n<meta name=\"twitter:label1\" content=\"Dur\u00e9e de lecture estim\u00e9e\" \/>\n\t<meta name=\"twitter:data1\" content=\"3 minutes\" \/>\n<script type=\"application\/ld+json\" class=\"yoast-schema-graph\">{\"@context\":\"https:\\\/\\\/schema.org\",\"@graph\":[{\"@type\":\"WebPage\",\"@id\":\"https:\\\/\\\/www.zhgdled.com\\\/fr\\\/spring-solar-series-solar-flood-lights.html\",\"url\":\"https:\\\/\\\/www.zhgdled.com\\\/fr\\\/spring-solar-series-solar-flood-lights.html\",\"name\":\"Projecteurs solaires s\u00e9rie SPRING-SOLAR &#8211; Soci\u00e9t\u00e9 ZHL \u00c9clairage\",\"isPartOf\":{\"@id\":\"https:\\\/\\\/www.zhgdled.com\\\/fr\\\/#website\"},\"primaryImageOfPage\":{\"@id\":\"https:\\\/\\\/www.zhgdled.com\\\/fr\\\/spring-solar-series-solar-flood-lights.html#primaryimage\"},\"image\":{\"@id\":\"https:\\\/\\\/www.zhgdled.com\\\/fr\\\/spring-solar-series-solar-flood-lights.html#primaryimage\"},\"thumbnailUrl\":\"https:\\\/\\\/www.zhgdled.com\\\/wp-content\\\/uploads\\\/2023\\\/08\\\/1-1.png\",\"datePublished\":\"2023-08-24T03:02:44+00:00\",\"dateModified\":\"2023-12-25T05:50:59+00:00\",\"description\":\"Le projecteur LED Spring-Solar Series \u2122 de ZHL est un nouveau design dans la famille des lampes solaires qui permet d'\u00e9conomiser 20 % d'\u00e9nergie par rapport aux lampes solaires conventionnelles.\",\"breadcrumb\":{\"@id\":\"https:\\\/\\\/www.zhgdled.com\\\/fr\\\/spring-solar-series-solar-flood-lights.html#breadcrumb\"},\"inLanguage\":\"fr-FR\",\"potentialAction\":[{\"@type\":\"ReadAction\",\"target\":[\"https:\\\/\\\/www.zhgdled.com\\\/fr\\\/spring-solar-series-solar-flood-lights.html\"]}]},{\"@type\":\"ImageObject\",\"inLanguage\":\"fr-FR\",\"@id\":\"https:\\\/\\\/www.zhgdled.com\\\/fr\\\/spring-solar-series-solar-flood-lights.html#primaryimage\",\"url\":\"https:\\\/\\\/www.zhgdled.com\\\/wp-content\\\/uploads\\\/2023\\\/08\\\/1-1.png\",\"contentUrl\":\"https:\\\/\\\/www.zhgdled.com\\\/wp-content\\\/uploads\\\/2023\\\/08\\\/1-1.png\",\"width\":1000,\"height\":1000,\"caption\":\"Spring-Solar Series \u2122 LED flood light\"},{\"@type\":\"BreadcrumbList\",\"@id\":\"https:\\\/\\\/www.zhgdled.com\\\/fr\\\/spring-solar-series-solar-flood-lights.html#breadcrumb\",\"itemListElement\":[{\"@type\":\"ListItem\",\"position\":1,\"name\":\"Home\",\"item\":\"https:\\\/\\\/www.zhgdled.com\\\/fr\"},{\"@type\":\"ListItem\",\"position\":2,\"name\":\"PRODUCTS\",\"item\":\"https:\\\/\\\/www.zhgdled.com\\\/zhl-products.html\"},{\"@type\":\"ListItem\",\"position\":3,\"name\":\"Projecteurs solaires s\u00e9rie SPRING-SOLAR\"}]},{\"@type\":\"WebSite\",\"@id\":\"https:\\\/\\\/www.zhgdled.com\\\/fr\\\/#website\",\"url\":\"https:\\\/\\\/www.zhgdled.com\\\/fr\\\/\",\"name\":\"Soci\u00e9t\u00e9 ZHL \u00c9clairage\",\"description\":\"Top ranking industrial lighting manufacturer and exporter\",\"publisher\":{\"@id\":\"https:\\\/\\\/www.zhgdled.com\\\/fr\\\/#organization\"},\"potentialAction\":[{\"@type\":\"SearchAction\",\"target\":{\"@type\":\"EntryPoint\",\"urlTemplate\":\"https:\\\/\\\/www.zhgdled.com\\\/fr\\\/?s={search_term_string}\"},\"query-input\":{\"@type\":\"PropertyValueSpecification\",\"valueRequired\":true,\"valueName\":\"search_term_string\"}}],\"inLanguage\":\"fr-FR\"},{\"@type\":\"Organization\",\"@id\":\"https:\\\/\\\/www.zhgdled.com\\\/fr\\\/#organization\",\"name\":\"ZHL Lighting Group\",\"url\":\"https:\\\/\\\/www.zhgdled.com\\\/fr\\\/\",\"logo\":{\"@type\":\"ImageObject\",\"inLanguage\":\"fr-FR\",\"@id\":\"https:\\\/\\\/www.zhgdled.com\\\/fr\\\/#\\\/schema\\\/logo\\\/image\\\/\",\"url\":\"\",\"contentUrl\":\"\",\"caption\":\"ZHL Lighting Group\"},\"image\":{\"@id\":\"https:\\\/\\\/www.zhgdled.com\\\/fr\\\/#\\\/schema\\\/logo\\\/image\\\/\"},\"sameAs\":[\"https:\\\/\\\/www.facebook.com\\\/zhllightinggroup\",\"https:\\\/\\\/x.com\\\/zhl_lighting\"]}]}<\/script>\n<!-- \/ Yoast SEO plugin. -->","yoast_head_json":{"title":"Projecteurs solaires s\u00e9rie SPRING-SOLAR &#8211; Soci\u00e9t\u00e9 ZHL \u00c9clairage","description":"Le projecteur LED Spring-Solar Series \u2122 de ZHL est un nouveau design dans la famille des lampes solaires qui permet d'\u00e9conomiser 20 % d'\u00e9nergie par rapport aux lampes solaires conventionnelles.","robots":{"index":"index","follow":"follow","max-snippet":"max-snippet:-1","max-image-preview":"max-image-preview:large","max-video-preview":"max-video-preview:-1"},"canonical":"https:\/\/www.zhgdled.com\/fr\/spring-solar-series-solar-flood-lights.html","og_locale":"fr_FR","og_type":"article","og_title":"Projecteurs solaires s\u00e9rie SPRING-SOLAR &#8211; Soci\u00e9t\u00e9 ZHL \u00c9clairage","og_description":"Le projecteur LED Spring-Solar Series \u2122 de ZHL est un nouveau design dans la famille des lampes solaires qui permet d'\u00e9conomiser 20 % d'\u00e9nergie par rapport aux lampes solaires conventionnelles.","og_url":"https:\/\/www.zhgdled.com\/fr\/spring-solar-series-solar-flood-lights.html","og_site_name":"Soci\u00e9t\u00e9 ZHL \u00c9clairage","article_publisher":"https:\/\/www.facebook.com\/zhllightinggroup","article_modified_time":"2023-12-25T05:50:59+00:00","og_image":[{"width":1000,"height":1000,"url":"https:\/\/www.zhgdled.com\/wp-content\/uploads\/2023\/08\/1-1.png","type":"image\/png"}],"twitter_card":"summary_large_image","twitter_site":"@zhl_lighting","twitter_misc":{"Dur\u00e9e de lecture estim\u00e9e":"3 minutes"},"schema":{"@context":"https:\/\/schema.org","@graph":[{"@type":"WebPage","@id":"https:\/\/www.zhgdled.com\/fr\/spring-solar-series-solar-flood-lights.html","url":"https:\/\/www.zhgdled.com\/fr\/spring-solar-series-solar-flood-lights.html","name":"Projecteurs solaires s\u00e9rie SPRING-SOLAR &#8211; Soci\u00e9t\u00e9 ZHL \u00c9clairage","isPartOf":{"@id":"https:\/\/www.zhgdled.com\/fr\/#website"},"primaryImageOfPage":{"@id":"https:\/\/www.zhgdled.com\/fr\/spring-solar-series-solar-flood-lights.html#primaryimage"},"image":{"@id":"https:\/\/www.zhgdled.com\/fr\/spring-solar-series-solar-flood-lights.html#primaryimage"},"thumbnailUrl":"https:\/\/www.zhgdled.com\/wp-content\/uploads\/2023\/08\/1-1.png","datePublished":"2023-08-24T03:02:44+00:00","dateModified":"2023-12-25T05:50:59+00:00","description":"Le projecteur LED Spring-Solar Series \u2122 de ZHL est un nouveau design dans la famille des lampes solaires qui permet d'\u00e9conomiser 20 % d'\u00e9nergie par rapport aux lampes solaires conventionnelles.","breadcrumb":{"@id":"https:\/\/www.zhgdled.com\/fr\/spring-solar-series-solar-flood-lights.html#breadcrumb"},"inLanguage":"fr-FR","potentialAction":[{"@type":"ReadAction","target":["https:\/\/www.zhgdled.com\/fr\/spring-solar-series-solar-flood-lights.html"]}]},{"@type":"ImageObject","inLanguage":"fr-FR","@id":"https:\/\/www.zhgdled.com\/fr\/spring-solar-series-solar-flood-lights.html#primaryimage","url":"https:\/\/www.zhgdled.com\/wp-content\/uploads\/2023\/08\/1-1.png","contentUrl":"https:\/\/www.zhgdled.com\/wp-content\/uploads\/2023\/08\/1-1.png","width":1000,"height":1000,"caption":"Spring-Solar Series \u2122 LED flood light"},{"@type":"BreadcrumbList","@id":"https:\/\/www.zhgdled.com\/fr\/spring-solar-series-solar-flood-lights.html#breadcrumb","itemListElement":[{"@type":"ListItem","position":1,"name":"Home","item":"https:\/\/www.zhgdled.com\/fr"},{"@type":"ListItem","position":2,"name":"PRODUCTS","item":"https:\/\/www.zhgdled.com\/zhl-products.html"},{"@type":"ListItem","position":3,"name":"Projecteurs solaires s\u00e9rie SPRING-SOLAR"}]},{"@type":"WebSite","@id":"https:\/\/www.zhgdled.com\/fr\/#website","url":"https:\/\/www.zhgdled.com\/fr\/","name":"Soci\u00e9t\u00e9 ZHL \u00c9clairage","description":"Top ranking industrial lighting manufacturer and exporter","publisher":{"@id":"https:\/\/www.zhgdled.com\/fr\/#organization"},"potentialAction":[{"@type":"SearchAction","target":{"@type":"EntryPoint","urlTemplate":"https:\/\/www.zhgdled.com\/fr\/?s={search_term_string}"},"query-input":{"@type":"PropertyValueSpecification","valueRequired":true,"valueName":"search_term_string"}}],"inLanguage":"fr-FR"},{"@type":"Organization","@id":"https:\/\/www.zhgdled.com\/fr\/#organization","name":"ZHL Lighting Group","url":"https:\/\/www.zhgdled.com\/fr\/","logo":{"@type":"ImageObject","inLanguage":"fr-FR","@id":"https:\/\/www.zhgdled.com\/fr\/#\/schema\/logo\/image\/","url":"","contentUrl":"","caption":"ZHL Lighting Group"},"image":{"@id":"https:\/\/www.zhgdled.com\/fr\/#\/schema\/logo\/image\/"},"sameAs":["https:\/\/www.facebook.com\/zhllightinggroup","https:\/\/x.com\/zhl_lighting"]}]}},"_links":{"self":[{"href":"https:\/\/www.zhgdled.com\/fr\/wp-json\/wp\/v2\/product\/22171","targetHints":{"allow":["GET"]}}],"collection":[{"href":"https:\/\/www.zhgdled.com\/fr\/wp-json\/wp\/v2\/product"}],"about":[{"href":"https:\/\/www.zhgdled.com\/fr\/wp-json\/wp\/v2\/types\/product"}],"wp:featuredmedia":[{"embeddable":true,"href":"https:\/\/www.zhgdled.com\/fr\/wp-json\/wp\/v2\/media\/21834"}],"wp:attachment":[{"href":"https:\/\/www.zhgdled.com\/fr\/wp-json\/wp\/v2\/media?parent=22171"}],"wp:term":[{"taxonomy":"product_brand","embeddable":true,"href":"https:\/\/www.zhgdled.com\/fr\/wp-json\/wp\/v2\/product_brand?post=22171"},{"taxonomy":"product_cat","embeddable":true,"href":"https:\/\/www.zhgdled.com\/fr\/wp-json\/wp\/v2\/product_cat?post=22171"},{"taxonomy":"product_tag","embeddable":true,"href":"https:\/\/www.zhgdled.com\/fr\/wp-json\/wp\/v2\/product_tag?post=22171"}],"curies":[{"name":"wp","href":"https:\/\/api.w.org\/{rel}","templated":true}]}}