{"id":22378,"date":"2024-07-25T07:21:44","date_gmt":"2024-07-24T23:21:44","guid":{"rendered":"https:\/\/www.zhgdled.com\/product\/superb-series-solar-flood-light"},"modified":"2024-07-25T08:35:58","modified_gmt":"2024-07-25T00:35:58","slug":"superb-series-solar-flood-light","status":"publish","type":"product","link":"https:\/\/www.zhgdled.com\/fr\/apollo-series-solar-flood-light.html","title":{"rendered":"Projecteur solaire \u00e0 LED S\u00c9RIE APOLLO"},"content":{"rendered":"<h2><img decoding=\"async\" class=\"alignnone size-full wp-image-22363\" src=\"https:\/\/www.zhgdled.com\/wp-content\/uploads\/2023\/08\/20230829110548-1.jpg\" alt=\"\" width=\"1105\" height=\"511\" srcset=\"https:\/\/www.zhgdled.com\/wp-content\/uploads\/2023\/08\/20230829110548-1.jpg 1105w, https:\/\/www.zhgdled.com\/wp-content\/uploads\/2023\/08\/20230829110548-1-300x139.jpg 300w, https:\/\/www.zhgdled.com\/wp-content\/uploads\/2023\/08\/20230829110548-1-1024x474.jpg 1024w, https:\/\/www.zhgdled.com\/wp-content\/uploads\/2023\/08\/20230829110548-1-768x355.jpg 768w, https:\/\/www.zhgdled.com\/wp-content\/uploads\/2023\/08\/20230829110548-1-600x277.jpg 600w, https:\/\/www.zhgdled.com\/wp-content\/uploads\/2023\/08\/20230829110548-1-150x69.jpg 150w\" sizes=\"(max-width: 1105px) 100vw, 1105px\" \/><\/h2>\n<h2>PROJECTEUR SOLAIRE DE LA S\u00c9RIE APOLLO POUR L&#8217;EXT\u00c9RIEUR CARACT\u00c9RISTIQUES UNE EFFICACIT\u00c9 LUMINEUSE \u00c9LEV\u00c9E ET UN AFFICHAGE DE L&#8217;\u00c9TAT DE CHARGE<\/h2>\n<ul>\n<li class=\"a-spacing-mini\">\u00c9clairage super lumineux : la s\u00e9rie APOLLO est dot\u00e9e d&#8217;une LED de haute qualit\u00e9 jusqu&#8217;\u00e0 300 W qui d\u00e9livre une superbe lumi\u00e8re blanche du jour de 2 000 lumens de 6 500 K, illuminant une zone de plus de 250 m\u00e8tres carr\u00e9s, ce qui la rend id\u00e9ale pour les grands espaces ext\u00e9rieurs.<\/li>\n<li class=\"a-spacing-mini\">Rentable et respectueux de l&#8217;environnement : sans frais d&#8217;\u00e9lectricit\u00e9, ces projecteurs solaires sont enti\u00e8rement aliment\u00e9s par le soleil et permettent une installation sans fil, vous aidant \u00e0 \u00e9conomiser sur les co\u00fbts \u00e9nerg\u00e9tiques tout en r\u00e9duisant votre empreinte carbone.<\/li>\n<li class=\"a-spacing-mini\">Fabriqu\u00e9 en alliage d&#8217;aluminium et en verre tremp\u00e9, le projecteur solaire d&#8217;ext\u00e9rieur de la s\u00e9rie APOLLO est durable \u00e0 utiliser. Les projecteurs solaires ext\u00e9rieurs sont \u00e9quip\u00e9s de panneaux solaires photovolta\u00efques de 5 V 12 watts, 256 perles LED avec lentille optique et des lumi\u00e8res blanches de 6 500 K peuvent \u00e9clairer la grande zone ouverte. Une t\u00e9l\u00e9commande est incluse pour contr\u00f4ler la luminosit\u00e9 et la marche\/arr\u00eat.<\/li>\n<\/ul>\n<h2>Le projecteur solaire universel haute puissance de qualit\u00e9 commerciale offre un \u00e9clairage fiable et durable et est id\u00e9al pour maintenir un \u00e9clairage occasionnel ou de secours autour des locaux r\u00e9sidentiels et commerciaux.<\/h2>\n<ul>\n<li>L&#8217;application r\u00e9sidentielle comprend la maison, le garage, le jardin, les porches, les patios, les balcons et les v\u00e9randas, les all\u00e9es lat\u00e9rales et arri\u00e8re, l&#8217;all\u00e9e, les escaliers, l&#8217;entr\u00e9e, le chemin, la cl\u00f4ture, etc.<\/li>\n<li>L&#8217;application commerciale ne se limite pas aux locaux industriels et commerciaux, y compris les entrep\u00f4ts, les parkings, les caf\u00e9s, les h\u00f4tels, les mines de charbon et de minerai de fer, les champs agricoles, les chantiers de construction, les travaux routiers, etc.<\/li>\n<li>Applicable pour \u00e9clairer les espaces publics, notamment les parcs, les parkings, les routes, les rues, les sentiers, les terrains de jeux, etc.<\/li>\n<\/ul>\n<h2>Principales caract\u00e9ristiques<\/h2>\n<p>1. Diff\u00e9rents angles de faisceau disponibles\u00a0: 30\u00b0\/60\u00b0\/90\u00b0\/120\u00b0\/ 60\u00b0*145\u00b0 (T2-M)<br \/>\n2. Principaux composants rapidement rempla\u00e7ables\u00a0: batterie, PCBA, objectif<br \/>\n3. Contr\u00f4le de la lumi\u00e8re + contr\u00f4le du temps + fonction d&#8217;\u00e9conomie d&#8217;\u00e9nergie automatique<br \/>\n4. L&#8217;\u00e9cran peut afficher le taux de charge en temps r\u00e9el<br \/>\n5. 13 heures d&#8217;\u00e9clairage continu, 1 \u00e0 2 jours de pluie<br \/>\n6. Dissipateur thermique robuste moul\u00e9 sous pression, lentille + verre tremp\u00e9 double couche anti-UV et \u00e9tanche.<\/p>\n<blockquote><p>&nbsp;<\/p><\/blockquote>\n<h2>SP\u00c9CIFICATION<\/h2>\n<table width=\"768\">\n<tbody>\n<tr>\n<td width=\"164\">Puissance<\/td>\n<td width=\"214\">50W 100W 200W 300W<\/td>\n<td width=\"145\"><\/td>\n<\/tr>\n<tr>\n<td width=\"164\">Flux lumineux<\/td>\n<td width=\"214\">600lm, 960lm, 1560lm, 2040lm<\/td>\n<td width=\"145\"><\/td>\n<\/tr>\n<tr>\n<td width=\"164\">Chip<\/td>\n<td colspan=\"2\" width=\"360\">Osram 2835<\/td>\n<\/tr>\n<tr>\n<td width=\"164\">Temp\u00e9rature de couleur (CCT)<\/td>\n<td colspan=\"2\" width=\"360\">2700-3200K 4000-4500K 6000-7000K<\/td>\n<\/tr>\n<tr>\n<td width=\"164\">CRI<\/td>\n<td colspan=\"2\" width=\"360\">\u226580<\/td>\n<\/tr>\n<tr>\n<td width=\"164\">Zone d&#8217;\u00e9clairage<\/td>\n<td colspan=\"2\" width=\"360\">30\u33a1-250\u33a1<\/td>\n<\/tr>\n<tr>\n<td width=\"164\">Panneau solaire<\/td>\n<td colspan=\"2\" width=\"360\">Polysilicon 6V\/6W-80W<\/td>\n<\/tr>\n<tr>\n<td width=\"164\">Batterie<\/td>\n<td colspan=\"2\" width=\"360\">32700 Lithium iron phosphate battery 5AH-25AH\/3.7V<\/td>\n<\/tr>\n<\/tbody>\n<\/table>\n<p>&nbsp;<\/p>\n<p><img decoding=\"async\" class=\"alignnone size-full wp-image-24309\" src=\"https:\/\/www.zhgdled.com\/wp-content\/uploads\/2023\/10\/solar-floodlight-parameters1.jpg\" alt=\"\" width=\"1188\" height=\"703\" srcset=\"https:\/\/www.zhgdled.com\/wp-content\/uploads\/2023\/10\/solar-floodlight-parameters1.jpg 1188w, https:\/\/www.zhgdled.com\/wp-content\/uploads\/2023\/10\/solar-floodlight-parameters1-300x178.jpg 300w, https:\/\/www.zhgdled.com\/wp-content\/uploads\/2023\/10\/solar-floodlight-parameters1-1024x606.jpg 1024w, https:\/\/www.zhgdled.com\/wp-content\/uploads\/2023\/10\/solar-floodlight-parameters1-768x454.jpg 768w, https:\/\/www.zhgdled.com\/wp-content\/uploads\/2023\/10\/solar-floodlight-parameters1-600x355.jpg 600w, https:\/\/www.zhgdled.com\/wp-content\/uploads\/2023\/10\/solar-floodlight-parameters1-150x89.jpg 150w\" sizes=\"(max-width: 1188px) 100vw, 1188px\" \/><\/p>\n<p><a href=\"https:\/\/solartown.com\/learning\/solar-lights-and-garden\/usage-tips-for-outdoor-solar-lights\/\" target=\"_blank\" rel=\"nofollow noopener\">Usage tips for outdoor solar lights &gt;&gt;<\/a><\/p>\n<p>&nbsp;<\/p>\n<p><img decoding=\"async\" class=\"alignnone size-full wp-image-22318\" src=\"https:\/\/www.zhgdled.com\/wp-content\/uploads\/2023\/08\/20230829110352.png\" alt=\"\" width=\"1305\" height=\"247\" srcset=\"https:\/\/www.zhgdled.com\/wp-content\/uploads\/2023\/08\/20230829110352.png 1305w, https:\/\/www.zhgdled.com\/wp-content\/uploads\/2023\/08\/20230829110352-300x57.png 300w, https:\/\/www.zhgdled.com\/wp-content\/uploads\/2023\/08\/20230829110352-1024x194.png 1024w, https:\/\/www.zhgdled.com\/wp-content\/uploads\/2023\/08\/20230829110352-768x145.png 768w, https:\/\/www.zhgdled.com\/wp-content\/uploads\/2023\/08\/20230829110352-600x114.png 600w, https:\/\/www.zhgdled.com\/wp-content\/uploads\/2023\/08\/20230829110352-150x28.png 150w\" sizes=\"(max-width: 1305px) 100vw, 1305px\" \/><\/p>\n","protected":false},"excerpt":{"rendered":"<p>La s\u00e9rie APOLLO est dot\u00e9e d&#8217;une LED de haute qualit\u00e9 jusqu&#8217;\u00e0 300 W qui d\u00e9livre une superbe lumi\u00e8re blanche du jour de 2 000 lumens de 6 500 K, illuminant une superficie de plus de 250 m\u00e8tres carr\u00e9s, ce qui la rend id\u00e9ale pour les grands espaces ext\u00e9rieurs. Rentable et respectueux de l&#8217;environnement : sans frais d&#8217;\u00e9lectricit\u00e9, ces projecteurs solaires sont enti\u00e8rement aliment\u00e9s par le soleil et permettent une installation sans fil, vous aidant \u00e0 \u00e9conomiser sur les co\u00fbts \u00e9nerg\u00e9tiques tout en r\u00e9duisant votre empreinte carbone. Fabriqu\u00e9 en alliage d&#8217;aluminium et en verre tremp\u00e9, le projecteur solaire d&#8217;ext\u00e9rieur de la s\u00e9rie APOLLO est durable \u00e0 utiliser. Les projecteurs solaires ext\u00e9rieurs sont \u00e9quip\u00e9s de panneaux solaires photovolta\u00efques de 5 V 12 watts, 256 perles LED avec lentille optique et des lumi\u00e8res blanches de 6 500 K peuvent \u00e9clairer la zone jusqu&#8217;\u00e0 3 600 lumens.<\/p>\n<p>&nbsp;<\/p>\n<p>50W\/100W\/200W\/300W<br \/>\n600lm &#8211; 2040lm<br \/>\nOsram 2835<br \/>\nTemp\u00e9rature ambiante : 2\u00a0700-3\u00a0200 K, 4\u00a0000-4\u00a0500 K, 6\u00a0000-7\u00a0000 K.<br \/>\nZone d&#8217;\u00e9clairage\u00a0: 30\u33a1-250\u33a1<\/p>\n","protected":false},"featured_media":24253,"template":"","meta":[],"product_brand":[],"product_cat":[630],"product_tag":[448],"class_list":{"0":"post-22378","1":"product","2":"type-product","3":"status-publish","4":"has-post-thumbnail","6":"product_cat-projecteurs-solaires","7":"product_tag-led-solar-flood-light-fr","9":"first","10":"instock","11":"featured","12":"shipping-taxable","13":"product-type-simple"},"yoast_head":"<!-- This site is optimized with the Yoast SEO plugin v27.4 - https:\/\/yoast.com\/product\/yoast-seo-wordpress\/ -->\n<title>SOLAR FLOOD LIGHT OUTDOOR &#8211; Soci\u00e9t\u00e9 ZHL \u00c9clairage<\/title>\n<meta name=\"description\" content=\"La s\u00e9rie APOLLO est dot\u00e9e d&#039;une LED de haute qualit\u00e9 jusqu&#039;\u00e0 300 W qui d\u00e9livre une superbe lumi\u00e8re blanche du jour de 3 600 lumens de 6 500 K, illuminant une superficie de plus de 250 m\u00e8tres carr\u00e9s, ce qui la rend id\u00e9ale pour les grands espaces ext\u00e9rieurs.\" \/>\n<meta name=\"robots\" content=\"index, follow, max-snippet:-1, max-image-preview:large, max-video-preview:-1\" \/>\n<link rel=\"canonical\" href=\"https:\/\/www.zhgdled.com\/fr\/apollo-series-solar-flood-light.html\" \/>\n<meta property=\"og:locale\" content=\"fr_FR\" \/>\n<meta property=\"og:type\" content=\"article\" \/>\n<meta property=\"og:title\" content=\"SOLAR FLOOD LIGHT OUTDOOR &#8211; Soci\u00e9t\u00e9 ZHL \u00c9clairage\" \/>\n<meta property=\"og:description\" content=\"La s\u00e9rie APOLLO est dot\u00e9e d&#039;une LED de haute qualit\u00e9 jusqu&#039;\u00e0 300 W qui d\u00e9livre une superbe lumi\u00e8re blanche du jour de 3 600 lumens de 6 500 K, illuminant une superficie de plus de 250 m\u00e8tres carr\u00e9s, ce qui la rend id\u00e9ale pour les grands espaces ext\u00e9rieurs.\" \/>\n<meta property=\"og:url\" content=\"https:\/\/www.zhgdled.com\/fr\/apollo-series-solar-flood-light.html\" \/>\n<meta property=\"og:site_name\" content=\"Soci\u00e9t\u00e9 ZHL \u00c9clairage\" \/>\n<meta property=\"article:publisher\" content=\"https:\/\/www.facebook.com\/zhllightinggroup\" \/>\n<meta property=\"article:modified_time\" content=\"2024-07-25T00:35:58+00:00\" \/>\n<meta property=\"og:image\" content=\"https:\/\/www.zhgdled.com\/wp-content\/uploads\/2023\/10\/01.jpg\" \/>\n\t<meta property=\"og:image:width\" content=\"1600\" \/>\n\t<meta property=\"og:image:height\" content=\"1600\" \/>\n\t<meta property=\"og:image:type\" content=\"image\/jpeg\" \/>\n<meta name=\"twitter:card\" content=\"summary_large_image\" \/>\n<meta name=\"twitter:site\" content=\"@zhl_lighting\" \/>\n<meta name=\"twitter:label1\" content=\"Dur\u00e9e de lecture estim\u00e9e\" \/>\n\t<meta name=\"twitter:data1\" content=\"4 minutes\" \/>\n<script type=\"application\/ld+json\" class=\"yoast-schema-graph\">{\"@context\":\"https:\\\/\\\/schema.org\",\"@graph\":[{\"@type\":\"WebPage\",\"@id\":\"https:\\\/\\\/www.zhgdled.com\\\/fr\\\/apollo-series-solar-flood-light.html\",\"url\":\"https:\\\/\\\/www.zhgdled.com\\\/fr\\\/apollo-series-solar-flood-light.html\",\"name\":\"SOLAR FLOOD LIGHT OUTDOOR &#8211; Soci\u00e9t\u00e9 ZHL \u00c9clairage\",\"isPartOf\":{\"@id\":\"https:\\\/\\\/www.zhgdled.com\\\/fr\\\/#website\"},\"primaryImageOfPage\":{\"@id\":\"https:\\\/\\\/www.zhgdled.com\\\/fr\\\/apollo-series-solar-flood-light.html#primaryimage\"},\"image\":{\"@id\":\"https:\\\/\\\/www.zhgdled.com\\\/fr\\\/apollo-series-solar-flood-light.html#primaryimage\"},\"thumbnailUrl\":\"https:\\\/\\\/www.zhgdled.com\\\/wp-content\\\/uploads\\\/2023\\\/10\\\/01.jpg\",\"datePublished\":\"2024-07-24T23:21:44+00:00\",\"dateModified\":\"2024-07-25T00:35:58+00:00\",\"description\":\"La s\u00e9rie APOLLO est dot\u00e9e d'une LED de haute qualit\u00e9 jusqu'\u00e0 300 W qui d\u00e9livre une superbe lumi\u00e8re blanche du jour de 3 600 lumens de 6 500 K, illuminant une superficie de plus de 250 m\u00e8tres carr\u00e9s, ce qui la rend id\u00e9ale pour les grands espaces ext\u00e9rieurs.\",\"breadcrumb\":{\"@id\":\"https:\\\/\\\/www.zhgdled.com\\\/fr\\\/apollo-series-solar-flood-light.html#breadcrumb\"},\"inLanguage\":\"fr-FR\",\"potentialAction\":[{\"@type\":\"ReadAction\",\"target\":[\"https:\\\/\\\/www.zhgdled.com\\\/fr\\\/apollo-series-solar-flood-light.html\"]}]},{\"@type\":\"ImageObject\",\"inLanguage\":\"fr-FR\",\"@id\":\"https:\\\/\\\/www.zhgdled.com\\\/fr\\\/apollo-series-solar-flood-light.html#primaryimage\",\"url\":\"https:\\\/\\\/www.zhgdled.com\\\/wp-content\\\/uploads\\\/2023\\\/10\\\/01.jpg\",\"contentUrl\":\"https:\\\/\\\/www.zhgdled.com\\\/wp-content\\\/uploads\\\/2023\\\/10\\\/01.jpg\",\"width\":1600,\"height\":1600,\"caption\":\"solar floodlight\"},{\"@type\":\"BreadcrumbList\",\"@id\":\"https:\\\/\\\/www.zhgdled.com\\\/fr\\\/apollo-series-solar-flood-light.html#breadcrumb\",\"itemListElement\":[{\"@type\":\"ListItem\",\"position\":1,\"name\":\"Home\",\"item\":\"https:\\\/\\\/www.zhgdled.com\\\/fr\"},{\"@type\":\"ListItem\",\"position\":2,\"name\":\"PRODUCTS\",\"item\":\"https:\\\/\\\/www.zhgdled.com\\\/zhl-products.html\"},{\"@type\":\"ListItem\",\"position\":3,\"name\":\"Projecteur solaire \u00e0 LED S\u00c9RIE APOLLO\"}]},{\"@type\":\"WebSite\",\"@id\":\"https:\\\/\\\/www.zhgdled.com\\\/fr\\\/#website\",\"url\":\"https:\\\/\\\/www.zhgdled.com\\\/fr\\\/\",\"name\":\"Soci\u00e9t\u00e9 ZHL \u00c9clairage\",\"description\":\"Top ranking industrial lighting manufacturer and exporter\",\"publisher\":{\"@id\":\"https:\\\/\\\/www.zhgdled.com\\\/fr\\\/#organization\"},\"potentialAction\":[{\"@type\":\"SearchAction\",\"target\":{\"@type\":\"EntryPoint\",\"urlTemplate\":\"https:\\\/\\\/www.zhgdled.com\\\/fr\\\/?s={search_term_string}\"},\"query-input\":{\"@type\":\"PropertyValueSpecification\",\"valueRequired\":true,\"valueName\":\"search_term_string\"}}],\"inLanguage\":\"fr-FR\"},{\"@type\":\"Organization\",\"@id\":\"https:\\\/\\\/www.zhgdled.com\\\/fr\\\/#organization\",\"name\":\"ZHL Lighting Group\",\"url\":\"https:\\\/\\\/www.zhgdled.com\\\/fr\\\/\",\"logo\":{\"@type\":\"ImageObject\",\"inLanguage\":\"fr-FR\",\"@id\":\"https:\\\/\\\/www.zhgdled.com\\\/fr\\\/#\\\/schema\\\/logo\\\/image\\\/\",\"url\":\"\",\"contentUrl\":\"\",\"caption\":\"ZHL Lighting Group\"},\"image\":{\"@id\":\"https:\\\/\\\/www.zhgdled.com\\\/fr\\\/#\\\/schema\\\/logo\\\/image\\\/\"},\"sameAs\":[\"https:\\\/\\\/www.facebook.com\\\/zhllightinggroup\",\"https:\\\/\\\/x.com\\\/zhl_lighting\"]}]}<\/script>\n<!-- \/ Yoast SEO plugin. -->","yoast_head_json":{"title":"SOLAR FLOOD LIGHT OUTDOOR &#8211; Soci\u00e9t\u00e9 ZHL \u00c9clairage","description":"La s\u00e9rie APOLLO est dot\u00e9e d'une LED de haute qualit\u00e9 jusqu'\u00e0 300 W qui d\u00e9livre une superbe lumi\u00e8re blanche du jour de 3 600 lumens de 6 500 K, illuminant une superficie de plus de 250 m\u00e8tres carr\u00e9s, ce qui la rend id\u00e9ale pour les grands espaces ext\u00e9rieurs.","robots":{"index":"index","follow":"follow","max-snippet":"max-snippet:-1","max-image-preview":"max-image-preview:large","max-video-preview":"max-video-preview:-1"},"canonical":"https:\/\/www.zhgdled.com\/fr\/apollo-series-solar-flood-light.html","og_locale":"fr_FR","og_type":"article","og_title":"SOLAR FLOOD LIGHT OUTDOOR &#8211; Soci\u00e9t\u00e9 ZHL \u00c9clairage","og_description":"La s\u00e9rie APOLLO est dot\u00e9e d'une LED de haute qualit\u00e9 jusqu'\u00e0 300 W qui d\u00e9livre une superbe lumi\u00e8re blanche du jour de 3 600 lumens de 6 500 K, illuminant une superficie de plus de 250 m\u00e8tres carr\u00e9s, ce qui la rend id\u00e9ale pour les grands espaces ext\u00e9rieurs.","og_url":"https:\/\/www.zhgdled.com\/fr\/apollo-series-solar-flood-light.html","og_site_name":"Soci\u00e9t\u00e9 ZHL \u00c9clairage","article_publisher":"https:\/\/www.facebook.com\/zhllightinggroup","article_modified_time":"2024-07-25T00:35:58+00:00","og_image":[{"width":1600,"height":1600,"url":"https:\/\/www.zhgdled.com\/wp-content\/uploads\/2023\/10\/01.jpg","type":"image\/jpeg"}],"twitter_card":"summary_large_image","twitter_site":"@zhl_lighting","twitter_misc":{"Dur\u00e9e de lecture estim\u00e9e":"4 minutes"},"schema":{"@context":"https:\/\/schema.org","@graph":[{"@type":"WebPage","@id":"https:\/\/www.zhgdled.com\/fr\/apollo-series-solar-flood-light.html","url":"https:\/\/www.zhgdled.com\/fr\/apollo-series-solar-flood-light.html","name":"SOLAR FLOOD LIGHT OUTDOOR &#8211; Soci\u00e9t\u00e9 ZHL \u00c9clairage","isPartOf":{"@id":"https:\/\/www.zhgdled.com\/fr\/#website"},"primaryImageOfPage":{"@id":"https:\/\/www.zhgdled.com\/fr\/apollo-series-solar-flood-light.html#primaryimage"},"image":{"@id":"https:\/\/www.zhgdled.com\/fr\/apollo-series-solar-flood-light.html#primaryimage"},"thumbnailUrl":"https:\/\/www.zhgdled.com\/wp-content\/uploads\/2023\/10\/01.jpg","datePublished":"2024-07-24T23:21:44+00:00","dateModified":"2024-07-25T00:35:58+00:00","description":"La s\u00e9rie APOLLO est dot\u00e9e d'une LED de haute qualit\u00e9 jusqu'\u00e0 300 W qui d\u00e9livre une superbe lumi\u00e8re blanche du jour de 3 600 lumens de 6 500 K, illuminant une superficie de plus de 250 m\u00e8tres carr\u00e9s, ce qui la rend id\u00e9ale pour les grands espaces ext\u00e9rieurs.","breadcrumb":{"@id":"https:\/\/www.zhgdled.com\/fr\/apollo-series-solar-flood-light.html#breadcrumb"},"inLanguage":"fr-FR","potentialAction":[{"@type":"ReadAction","target":["https:\/\/www.zhgdled.com\/fr\/apollo-series-solar-flood-light.html"]}]},{"@type":"ImageObject","inLanguage":"fr-FR","@id":"https:\/\/www.zhgdled.com\/fr\/apollo-series-solar-flood-light.html#primaryimage","url":"https:\/\/www.zhgdled.com\/wp-content\/uploads\/2023\/10\/01.jpg","contentUrl":"https:\/\/www.zhgdled.com\/wp-content\/uploads\/2023\/10\/01.jpg","width":1600,"height":1600,"caption":"solar floodlight"},{"@type":"BreadcrumbList","@id":"https:\/\/www.zhgdled.com\/fr\/apollo-series-solar-flood-light.html#breadcrumb","itemListElement":[{"@type":"ListItem","position":1,"name":"Home","item":"https:\/\/www.zhgdled.com\/fr"},{"@type":"ListItem","position":2,"name":"PRODUCTS","item":"https:\/\/www.zhgdled.com\/zhl-products.html"},{"@type":"ListItem","position":3,"name":"Projecteur solaire \u00e0 LED S\u00c9RIE APOLLO"}]},{"@type":"WebSite","@id":"https:\/\/www.zhgdled.com\/fr\/#website","url":"https:\/\/www.zhgdled.com\/fr\/","name":"Soci\u00e9t\u00e9 ZHL \u00c9clairage","description":"Top ranking industrial lighting manufacturer and exporter","publisher":{"@id":"https:\/\/www.zhgdled.com\/fr\/#organization"},"potentialAction":[{"@type":"SearchAction","target":{"@type":"EntryPoint","urlTemplate":"https:\/\/www.zhgdled.com\/fr\/?s={search_term_string}"},"query-input":{"@type":"PropertyValueSpecification","valueRequired":true,"valueName":"search_term_string"}}],"inLanguage":"fr-FR"},{"@type":"Organization","@id":"https:\/\/www.zhgdled.com\/fr\/#organization","name":"ZHL Lighting Group","url":"https:\/\/www.zhgdled.com\/fr\/","logo":{"@type":"ImageObject","inLanguage":"fr-FR","@id":"https:\/\/www.zhgdled.com\/fr\/#\/schema\/logo\/image\/","url":"","contentUrl":"","caption":"ZHL Lighting Group"},"image":{"@id":"https:\/\/www.zhgdled.com\/fr\/#\/schema\/logo\/image\/"},"sameAs":["https:\/\/www.facebook.com\/zhllightinggroup","https:\/\/x.com\/zhl_lighting"]}]}},"_links":{"self":[{"href":"https:\/\/www.zhgdled.com\/fr\/wp-json\/wp\/v2\/product\/22378","targetHints":{"allow":["GET"]}}],"collection":[{"href":"https:\/\/www.zhgdled.com\/fr\/wp-json\/wp\/v2\/product"}],"about":[{"href":"https:\/\/www.zhgdled.com\/fr\/wp-json\/wp\/v2\/types\/product"}],"wp:featuredmedia":[{"embeddable":true,"href":"https:\/\/www.zhgdled.com\/fr\/wp-json\/wp\/v2\/media\/24253"}],"wp:attachment":[{"href":"https:\/\/www.zhgdled.com\/fr\/wp-json\/wp\/v2\/media?parent=22378"}],"wp:term":[{"taxonomy":"product_brand","embeddable":true,"href":"https:\/\/www.zhgdled.com\/fr\/wp-json\/wp\/v2\/product_brand?post=22378"},{"taxonomy":"product_cat","embeddable":true,"href":"https:\/\/www.zhgdled.com\/fr\/wp-json\/wp\/v2\/product_cat?post=22378"},{"taxonomy":"product_tag","embeddable":true,"href":"https:\/\/www.zhgdled.com\/fr\/wp-json\/wp\/v2\/product_tag?post=22378"}],"curies":[{"name":"wp","href":"https:\/\/api.w.org\/{rel}","templated":true}]}}