{"id":22626,"date":"2024-03-23T14:03:04","date_gmt":"2023-09-05T06:03:04","guid":{"rendered":"https:\/\/www.zhgdled.com\/product\/led-solar-garden-post-top-lights"},"modified":"2023-09-09T13:55:07","modified_gmt":"2023-09-09T05:55:07","slug":"led-solar-garden-post-top-lights","status":"publish","type":"product","link":"https:\/\/www.zhgdled.com\/fr\/led-solar-garden-post-top-lights.html","title":{"rendered":"Lampes solaires \u00e0 LED pour poteaux de jardin"},"content":{"rendered":"<blockquote>\n<h2>Allez plus loin avec les lampes solaires ext\u00e9rieures avec contr\u00f4le intelligent\u00a0!<\/h2>\n<\/blockquote>\n<table style=\"border-collapse: collapse; width: 955px; height: 351px;\" border=\"0\" width=\"177\" cellspacing=\"0\" cellpadding=\"0\">\n<tbody>\n<tr style=\"height: 23.10pt;\">\n<td class=\"et4\" style=\"height: 23.10pt; width: 79.40pt;\" align=\"right\" width=\"105\" height=\"30\">\n<h2 style=\"text-align: left;\">Points forts<\/h2>\n<ul style=\"text-align: left;\">\n<li>Bo\u00eetier en aluminium moul\u00e9 sous pression r\u00e9sistant \u00e0 la corrosion<\/li>\n<li>Un nouveau panneau solaire en silicium polycristallin est int\u00e9gr\u00e9 dans un corps de lampe \u00e9tanche.<\/li>\n<li>IRC de 80+<\/li>\n<li>Temp\u00e9rature de couleur 2700K &#8211; 65000K<\/li>\n<li>R\u00e9pertori\u00e9 UL et CUL pour les endroits humides<\/li>\n<li>50 \u00e0 80\u00a0% d&#8217;\u00e9conomies d&#8217;\u00e9nergie<\/li>\n<li>Garantie 5 ans<\/li>\n<li>Capteurs et t\u00e9l\u00e9commande disponibles.<\/li>\n<\/ul>\n<\/td>\n<td style=\"width: 54pt; text-align: left;\" align=\"right\" width=\"72\">\n<h2>Logement<\/h2>\n<ul>\n<li>Bo\u00eetier moul\u00e9 sous pression robuste avec dissipateur thermique int\u00e9gr\u00e9<\/li>\n<li>R\u00e9sistant aux UV, multicouche, couleur architecturale, finition en poudre bronze<\/li>\n<li>Photocellule adaptable<\/li>\n<li>Dessus de montage sur poteau amovible pour un acc\u00e8s facile aux c\u00e2bles<\/li>\n<li>Lentille en polycarbonate UV moul\u00e9e par injection<\/li>\n<li>S&#8217;adapte aux dessus de poteaux ou aux tenons de 2-3\/8&#8243;<\/li>\n<\/ul>\n<\/td>\n<\/tr>\n<\/tbody>\n<\/table>\n<div class=\"J_module\">\n<div class=\"grid__item one-third tab-one-half palm-one-whole\"><\/div>\n<\/div>\n<table style=\"height: 894px;\" width=\"949\">\n<tbody>\n<tr>\n<td width=\"284\">\n<h3>SP\u00c9CIFICATIONS TECHNIQUES<\/h3>\n<ul>\n<li id=\"ali-anchor-AliMagic-s5qei7\" class=\"magic-0\" data-section=\"AliMagic-s5qei7\" data-section-title=\"Product Description\" data-spm-anchor-id=\"a2700.details.0.i20.2d8a1a34X1y9Gb\">IP 66, certifi\u00e9 CE ERC ETL CB.<\/li>\n<li class=\"magic-0\" data-section=\"AliMagic-s5qei7\" data-section-title=\"Product Description\" data-spm-anchor-id=\"a2700.details.0.i20.2d8a1a34X1y9Gb\">Puissance : 20W<\/li>\n<li class=\"magic-0\" data-section=\"AliMagic-s5qei7\" data-section-title=\"Product Description\" data-spm-anchor-id=\"a2700.details.0.i20.2d8a1a34X1y9Gb\">Source lumineuse : SMD2835\/SMD3030<\/li>\n<li class=\"magic-0\" data-section=\"AliMagic-s5qei7\" data-section-title=\"Product Description\" data-spm-anchor-id=\"a2700.details.0.i20.2d8a1a34X1y9Gb\">Efficacit\u00e9 lumineuse : 170Lm\/w<\/li>\n<li class=\"magic-0\" data-section=\"AliMagic-s5qei7\" data-section-title=\"Product Description\" data-spm-anchor-id=\"a2700.details.0.i20.2d8a1a34X1y9Gb\">Angle de faisceau : 60\u00b0, 90\u00b0, 120\u00b0<\/li>\n<li class=\"magic-0\" data-section=\"AliMagic-s5qei7\" data-section-title=\"Product Description\" data-spm-anchor-id=\"a2700.details.0.i20.2d8a1a34X1y9Gb\">Dur\u00e9e de vie\u00a0: &gt;50000h<\/li>\n<li class=\"magic-0\" data-section=\"AliMagic-s5qei7\" data-section-title=\"Product Description\" data-spm-anchor-id=\"a2700.details.0.i20.2d8a1a34X1y9Gb\">Hauteur d&#8217;installation : 3-6 m<\/li>\n<li class=\"magic-0\" data-section=\"AliMagic-s5qei7\" data-section-title=\"Product Description\" data-spm-anchor-id=\"a2700.details.0.i20.2d8a1a34X1y9Gb\">CCT\u00a0: 3\u00a0000-5\u00a0000\u00a0K<\/li>\n<li class=\"magic-0\" data-section=\"AliMagic-s5qei7\" data-section-title=\"Product Description\" data-spm-anchor-id=\"a2700.details.0.i20.2d8a1a34X1y9Gb\">Mat\u00e9riau : corps en aluminium, lentille PC<\/li>\n<\/ul>\n<\/td>\n<td width=\"284\"><img decoding=\"async\" class=\" wp-image-20645\" src=\"https:\/\/www.zhgdled.com\/wp-content\/uploads\/2023\/06\/20230613134637.jpg\" alt=\"solar post top light 1\" width=\"529\" height=\"491\" srcset=\"https:\/\/www.zhgdled.com\/wp-content\/uploads\/2023\/06\/20230613134637.jpg 688w, https:\/\/www.zhgdled.com\/wp-content\/uploads\/2023\/06\/20230613134637-300x279.jpg 300w, https:\/\/www.zhgdled.com\/wp-content\/uploads\/2023\/06\/20230613134637-600x557.jpg 600w, https:\/\/www.zhgdled.com\/wp-content\/uploads\/2023\/06\/20230613134637-150x139.jpg 150w\" sizes=\"(max-width: 529px) 100vw, 529px\" \/><\/td>\n<\/tr>\n<tr>\n<td width=\"284\">\n<h3>CARACT\u00c9RISTIQUES<\/h3>\n<ul>\n<li>Diverses formes, installation et entretien classiques et \u00e9l\u00e9gants, pratiques\u00a0;<\/li>\n<li>Structure raisonnable, faible co\u00fbt d\u2019exploitation et de maintenance.<\/li>\n<li>Jusqu&#8217;\u00e0 170 Lm\/w, conforme au syst\u00e8me de contr\u00f4le intelligent, adapt\u00e9 aux zones r\u00e9sidentielles, aux sites pittoresques, aux parcs, aux places urbaines, aux jardins priv\u00e9s, aux cours, aux couloirs et autres lieux publics.<\/li>\n<\/ul>\n<\/td>\n<td width=\"284\"><img decoding=\"async\" class=\"alignnone size-full wp-image-20655\" src=\"https:\/\/www.zhgdled.com\/wp-content\/uploads\/2023\/06\/20230613135110.jpg\" alt=\"solar post top light 2\" width=\"715\" height=\"681\" srcset=\"https:\/\/www.zhgdled.com\/wp-content\/uploads\/2023\/06\/20230613135110.jpg 715w, https:\/\/www.zhgdled.com\/wp-content\/uploads\/2023\/06\/20230613135110-300x286.jpg 300w, https:\/\/www.zhgdled.com\/wp-content\/uploads\/2023\/06\/20230613135110-600x571.jpg 600w, https:\/\/www.zhgdled.com\/wp-content\/uploads\/2023\/06\/20230613135110-150x143.jpg 150w\" sizes=\"(max-width: 715px) 100vw, 715px\" \/><\/td>\n<\/tr>\n<\/tbody>\n<\/table>\n<h3>Download specs<\/h3>\n<p><a href=\"https:\/\/www.zhgdled.com\/download\/garden-post-top-light\">POST TOP LIGHT 2022\/10\/11<\/a><\/p>\n","protected":false},"excerpt":{"rendered":"<p>Nous avons autrefois con\u00e7u une apparence moderniste \u00e9pur\u00e9e sur la lampe de jardin de premi\u00e8re g\u00e9n\u00e9ration, ce qui en fait un produit d&#8217;\u00e9clairage industriel tr\u00e8s appr\u00e9ci\u00e9 sur le march\u00e9. Aujourd&#8217;hui, sur la base de TOP LIGHT, nous ajoutons des dispositifs \u00e9nerg\u00e9tiques r\u00e9utilisables et des modules d&#8217;IA intelligents pour r\u00e9pondre \u00e0 des normes d&#8217;efficacit\u00e9 \u00e9nerg\u00e9tique plus \u00e9lev\u00e9es et \u00e0 des exigences intelligentes.<\/p>\n<ul>\n<li>IP 66, certifi\u00e9 CE ERC ETL CB.<\/li>\n<li>Puissance : 20W<\/li>\n<li>Source lumineuse : SMD2835\/SMD3030<\/li>\n<li>Efficacit\u00e9 lumineuse : 170Lm\/w<\/li>\n<li>Angle de faisceau : 60\u00b0, 90\u00b0, 120\u00b0<\/li>\n<li>Dur\u00e9e de vie\u00a0: &gt;50000h<\/li>\n<li>Hauteur d&#8217;installation : 3-6 m<\/li>\n<li>CCT\u00a0: 3\u00a0000-5\u00a0000\u00a0K<\/li>\n<li>Mat\u00e9riau : corps en aluminium, lentille PC<\/li>\n<\/ul>\n","protected":false},"featured_media":23922,"template":"","meta":[],"product_brand":[],"product_cat":[569],"product_tag":[],"class_list":{"0":"post-22626","1":"product","2":"type-product","3":"status-publish","4":"has-post-thumbnail","6":"product_cat-garden-lights-fr","8":"first","9":"instock","10":"featured","11":"shipping-taxable","12":"product-type-simple"},"yoast_head":"<!-- This site is optimized with the Yoast SEO plugin v27.4 - https:\/\/yoast.com\/product\/yoast-seo-wordpress\/ -->\n<title>Lampes solaires \u00e0 LED pour poteaux de jardin &#8211; Soci\u00e9t\u00e9 ZHL \u00c9clairage<\/title>\n<meta name=\"description\" content=\"La lampe solaire de jardin utilise des dispositifs \u00e9nerg\u00e9tiques r\u00e9utilisables et des modules d&#039;IA intelligents pour r\u00e9pondre \u00e0 des normes d&#039;efficacit\u00e9 \u00e9nerg\u00e9tique plus \u00e9lev\u00e9es et \u00e0 des exigences intelligentes. La solution aliment\u00e9e par l&#039;\u00e9nergie solaire rend cette lampe v\u00e9ritablement sans fil et intelligente.\" \/>\n<meta name=\"robots\" content=\"index, follow, max-snippet:-1, max-image-preview:large, max-video-preview:-1\" \/>\n<link rel=\"canonical\" href=\"https:\/\/www.zhgdled.com\/fr\/led-solar-garden-post-top-lights.html\" \/>\n<meta property=\"og:locale\" content=\"fr_FR\" \/>\n<meta property=\"og:type\" content=\"article\" \/>\n<meta property=\"og:title\" content=\"Lampes solaires \u00e0 LED pour poteaux de jardin &#8211; Soci\u00e9t\u00e9 ZHL \u00c9clairage\" \/>\n<meta property=\"og:description\" content=\"La lampe solaire de jardin utilise des dispositifs \u00e9nerg\u00e9tiques r\u00e9utilisables et des modules d&#039;IA intelligents pour r\u00e9pondre \u00e0 des normes d&#039;efficacit\u00e9 \u00e9nerg\u00e9tique plus \u00e9lev\u00e9es et \u00e0 des exigences intelligentes. La solution aliment\u00e9e par l&#039;\u00e9nergie solaire rend cette lampe v\u00e9ritablement sans fil et intelligente.\" \/>\n<meta property=\"og:url\" content=\"https:\/\/www.zhgdled.com\/fr\/led-solar-garden-post-top-lights.html\" \/>\n<meta property=\"og:site_name\" content=\"Soci\u00e9t\u00e9 ZHL \u00c9clairage\" \/>\n<meta property=\"article:publisher\" content=\"https:\/\/www.facebook.com\/zhllightinggroup\" \/>\n<meta property=\"article:modified_time\" content=\"2023-09-09T05:55:07+00:00\" \/>\n<meta property=\"og:image\" content=\"https:\/\/www.zhgdled.com\/wp-content\/uploads\/2023\/09\/04.png\" \/>\n\t<meta property=\"og:image:width\" content=\"1600\" \/>\n\t<meta property=\"og:image:height\" content=\"1600\" \/>\n\t<meta property=\"og:image:type\" content=\"image\/png\" \/>\n<meta name=\"twitter:card\" content=\"summary_large_image\" \/>\n<meta name=\"twitter:site\" content=\"@zhl_lighting\" \/>\n<meta name=\"twitter:label1\" content=\"Dur\u00e9e de lecture estim\u00e9e\" \/>\n\t<meta name=\"twitter:data1\" content=\"2 minutes\" \/>\n<script type=\"application\/ld+json\" class=\"yoast-schema-graph\">{\"@context\":\"https:\\\/\\\/schema.org\",\"@graph\":[{\"@type\":\"WebPage\",\"@id\":\"https:\\\/\\\/www.zhgdled.com\\\/fr\\\/led-solar-garden-post-top-lights.html\",\"url\":\"https:\\\/\\\/www.zhgdled.com\\\/fr\\\/led-solar-garden-post-top-lights.html\",\"name\":\"Lampes solaires \u00e0 LED pour poteaux de jardin &#8211; Soci\u00e9t\u00e9 ZHL \u00c9clairage\",\"isPartOf\":{\"@id\":\"https:\\\/\\\/www.zhgdled.com\\\/fr\\\/#website\"},\"primaryImageOfPage\":{\"@id\":\"https:\\\/\\\/www.zhgdled.com\\\/fr\\\/led-solar-garden-post-top-lights.html#primaryimage\"},\"image\":{\"@id\":\"https:\\\/\\\/www.zhgdled.com\\\/fr\\\/led-solar-garden-post-top-lights.html#primaryimage\"},\"thumbnailUrl\":\"https:\\\/\\\/www.zhgdled.com\\\/wp-content\\\/uploads\\\/2023\\\/09\\\/Luna-series-solar-garden-light-1.png\",\"datePublished\":\"2023-09-05T06:03:04+00:00\",\"dateModified\":\"2023-09-09T05:55:07+00:00\",\"description\":\"La lampe solaire de jardin utilise des dispositifs \u00e9nerg\u00e9tiques r\u00e9utilisables et des modules d'IA intelligents pour r\u00e9pondre \u00e0 des normes d'efficacit\u00e9 \u00e9nerg\u00e9tique plus \u00e9lev\u00e9es et \u00e0 des exigences intelligentes. La solution aliment\u00e9e par l'\u00e9nergie solaire rend cette lampe v\u00e9ritablement sans fil et intelligente.\",\"breadcrumb\":{\"@id\":\"https:\\\/\\\/www.zhgdled.com\\\/fr\\\/led-solar-garden-post-top-lights.html#breadcrumb\"},\"inLanguage\":\"fr-FR\",\"potentialAction\":[{\"@type\":\"ReadAction\",\"target\":[\"https:\\\/\\\/www.zhgdled.com\\\/fr\\\/led-solar-garden-post-top-lights.html\"]}]},{\"@type\":\"ImageObject\",\"inLanguage\":\"fr-FR\",\"@id\":\"https:\\\/\\\/www.zhgdled.com\\\/fr\\\/led-solar-garden-post-top-lights.html#primaryimage\",\"url\":\"https:\\\/\\\/www.zhgdled.com\\\/wp-content\\\/uploads\\\/2023\\\/09\\\/Luna-series-solar-garden-light-1.png\",\"contentUrl\":\"https:\\\/\\\/www.zhgdled.com\\\/wp-content\\\/uploads\\\/2023\\\/09\\\/Luna-series-solar-garden-light-1.png\",\"width\":1500,\"height\":1500,\"caption\":\"Luna series solar garden light\"},{\"@type\":\"BreadcrumbList\",\"@id\":\"https:\\\/\\\/www.zhgdled.com\\\/fr\\\/led-solar-garden-post-top-lights.html#breadcrumb\",\"itemListElement\":[{\"@type\":\"ListItem\",\"position\":1,\"name\":\"Home\",\"item\":\"https:\\\/\\\/www.zhgdled.com\\\/fr\"},{\"@type\":\"ListItem\",\"position\":2,\"name\":\"PRODUCTS\",\"item\":\"https:\\\/\\\/www.zhgdled.com\\\/zhl-products.html\"},{\"@type\":\"ListItem\",\"position\":3,\"name\":\"Lampes solaires \u00e0 LED pour poteaux de jardin\"}]},{\"@type\":\"WebSite\",\"@id\":\"https:\\\/\\\/www.zhgdled.com\\\/fr\\\/#website\",\"url\":\"https:\\\/\\\/www.zhgdled.com\\\/fr\\\/\",\"name\":\"Soci\u00e9t\u00e9 ZHL \u00c9clairage\",\"description\":\"Top ranking industrial lighting manufacturer and exporter\",\"publisher\":{\"@id\":\"https:\\\/\\\/www.zhgdled.com\\\/fr\\\/#organization\"},\"potentialAction\":[{\"@type\":\"SearchAction\",\"target\":{\"@type\":\"EntryPoint\",\"urlTemplate\":\"https:\\\/\\\/www.zhgdled.com\\\/fr\\\/?s={search_term_string}\"},\"query-input\":{\"@type\":\"PropertyValueSpecification\",\"valueRequired\":true,\"valueName\":\"search_term_string\"}}],\"inLanguage\":\"fr-FR\"},{\"@type\":\"Organization\",\"@id\":\"https:\\\/\\\/www.zhgdled.com\\\/fr\\\/#organization\",\"name\":\"ZHL Lighting Group\",\"url\":\"https:\\\/\\\/www.zhgdled.com\\\/fr\\\/\",\"logo\":{\"@type\":\"ImageObject\",\"inLanguage\":\"fr-FR\",\"@id\":\"https:\\\/\\\/www.zhgdled.com\\\/fr\\\/#\\\/schema\\\/logo\\\/image\\\/\",\"url\":\"\",\"contentUrl\":\"\",\"caption\":\"ZHL Lighting Group\"},\"image\":{\"@id\":\"https:\\\/\\\/www.zhgdled.com\\\/fr\\\/#\\\/schema\\\/logo\\\/image\\\/\"},\"sameAs\":[\"https:\\\/\\\/www.facebook.com\\\/zhllightinggroup\",\"https:\\\/\\\/x.com\\\/zhl_lighting\"]}]}<\/script>\n<!-- \/ Yoast SEO plugin. -->","yoast_head_json":{"title":"Lampes solaires \u00e0 LED pour poteaux de jardin &#8211; Soci\u00e9t\u00e9 ZHL \u00c9clairage","description":"La lampe solaire de jardin utilise des dispositifs \u00e9nerg\u00e9tiques r\u00e9utilisables et des modules d'IA intelligents pour r\u00e9pondre \u00e0 des normes d'efficacit\u00e9 \u00e9nerg\u00e9tique plus \u00e9lev\u00e9es et \u00e0 des exigences intelligentes. La solution aliment\u00e9e par l'\u00e9nergie solaire rend cette lampe v\u00e9ritablement sans fil et intelligente.","robots":{"index":"index","follow":"follow","max-snippet":"max-snippet:-1","max-image-preview":"max-image-preview:large","max-video-preview":"max-video-preview:-1"},"canonical":"https:\/\/www.zhgdled.com\/fr\/led-solar-garden-post-top-lights.html","og_locale":"fr_FR","og_type":"article","og_title":"Lampes solaires \u00e0 LED pour poteaux de jardin &#8211; Soci\u00e9t\u00e9 ZHL \u00c9clairage","og_description":"La lampe solaire de jardin utilise des dispositifs \u00e9nerg\u00e9tiques r\u00e9utilisables et des modules d'IA intelligents pour r\u00e9pondre \u00e0 des normes d'efficacit\u00e9 \u00e9nerg\u00e9tique plus \u00e9lev\u00e9es et \u00e0 des exigences intelligentes. La solution aliment\u00e9e par l'\u00e9nergie solaire rend cette lampe v\u00e9ritablement sans fil et intelligente.","og_url":"https:\/\/www.zhgdled.com\/fr\/led-solar-garden-post-top-lights.html","og_site_name":"Soci\u00e9t\u00e9 ZHL \u00c9clairage","article_publisher":"https:\/\/www.facebook.com\/zhllightinggroup","article_modified_time":"2023-09-09T05:55:07+00:00","og_image":[{"width":1600,"height":1600,"url":"https:\/\/www.zhgdled.com\/wp-content\/uploads\/2023\/09\/04.png","type":"image\/png"}],"twitter_card":"summary_large_image","twitter_site":"@zhl_lighting","twitter_misc":{"Dur\u00e9e de lecture estim\u00e9e":"2 minutes"},"schema":{"@context":"https:\/\/schema.org","@graph":[{"@type":"WebPage","@id":"https:\/\/www.zhgdled.com\/fr\/led-solar-garden-post-top-lights.html","url":"https:\/\/www.zhgdled.com\/fr\/led-solar-garden-post-top-lights.html","name":"Lampes solaires \u00e0 LED pour poteaux de jardin &#8211; Soci\u00e9t\u00e9 ZHL \u00c9clairage","isPartOf":{"@id":"https:\/\/www.zhgdled.com\/fr\/#website"},"primaryImageOfPage":{"@id":"https:\/\/www.zhgdled.com\/fr\/led-solar-garden-post-top-lights.html#primaryimage"},"image":{"@id":"https:\/\/www.zhgdled.com\/fr\/led-solar-garden-post-top-lights.html#primaryimage"},"thumbnailUrl":"https:\/\/www.zhgdled.com\/wp-content\/uploads\/2023\/09\/Luna-series-solar-garden-light-1.png","datePublished":"2023-09-05T06:03:04+00:00","dateModified":"2023-09-09T05:55:07+00:00","description":"La lampe solaire de jardin utilise des dispositifs \u00e9nerg\u00e9tiques r\u00e9utilisables et des modules d'IA intelligents pour r\u00e9pondre \u00e0 des normes d'efficacit\u00e9 \u00e9nerg\u00e9tique plus \u00e9lev\u00e9es et \u00e0 des exigences intelligentes. La solution aliment\u00e9e par l'\u00e9nergie solaire rend cette lampe v\u00e9ritablement sans fil et intelligente.","breadcrumb":{"@id":"https:\/\/www.zhgdled.com\/fr\/led-solar-garden-post-top-lights.html#breadcrumb"},"inLanguage":"fr-FR","potentialAction":[{"@type":"ReadAction","target":["https:\/\/www.zhgdled.com\/fr\/led-solar-garden-post-top-lights.html"]}]},{"@type":"ImageObject","inLanguage":"fr-FR","@id":"https:\/\/www.zhgdled.com\/fr\/led-solar-garden-post-top-lights.html#primaryimage","url":"https:\/\/www.zhgdled.com\/wp-content\/uploads\/2023\/09\/Luna-series-solar-garden-light-1.png","contentUrl":"https:\/\/www.zhgdled.com\/wp-content\/uploads\/2023\/09\/Luna-series-solar-garden-light-1.png","width":1500,"height":1500,"caption":"Luna series solar garden light"},{"@type":"BreadcrumbList","@id":"https:\/\/www.zhgdled.com\/fr\/led-solar-garden-post-top-lights.html#breadcrumb","itemListElement":[{"@type":"ListItem","position":1,"name":"Home","item":"https:\/\/www.zhgdled.com\/fr"},{"@type":"ListItem","position":2,"name":"PRODUCTS","item":"https:\/\/www.zhgdled.com\/zhl-products.html"},{"@type":"ListItem","position":3,"name":"Lampes solaires \u00e0 LED pour poteaux de jardin"}]},{"@type":"WebSite","@id":"https:\/\/www.zhgdled.com\/fr\/#website","url":"https:\/\/www.zhgdled.com\/fr\/","name":"Soci\u00e9t\u00e9 ZHL \u00c9clairage","description":"Top ranking industrial lighting manufacturer and exporter","publisher":{"@id":"https:\/\/www.zhgdled.com\/fr\/#organization"},"potentialAction":[{"@type":"SearchAction","target":{"@type":"EntryPoint","urlTemplate":"https:\/\/www.zhgdled.com\/fr\/?s={search_term_string}"},"query-input":{"@type":"PropertyValueSpecification","valueRequired":true,"valueName":"search_term_string"}}],"inLanguage":"fr-FR"},{"@type":"Organization","@id":"https:\/\/www.zhgdled.com\/fr\/#organization","name":"ZHL Lighting Group","url":"https:\/\/www.zhgdled.com\/fr\/","logo":{"@type":"ImageObject","inLanguage":"fr-FR","@id":"https:\/\/www.zhgdled.com\/fr\/#\/schema\/logo\/image\/","url":"","contentUrl":"","caption":"ZHL Lighting Group"},"image":{"@id":"https:\/\/www.zhgdled.com\/fr\/#\/schema\/logo\/image\/"},"sameAs":["https:\/\/www.facebook.com\/zhllightinggroup","https:\/\/x.com\/zhl_lighting"]}]}},"_links":{"self":[{"href":"https:\/\/www.zhgdled.com\/fr\/wp-json\/wp\/v2\/product\/22626","targetHints":{"allow":["GET"]}}],"collection":[{"href":"https:\/\/www.zhgdled.com\/fr\/wp-json\/wp\/v2\/product"}],"about":[{"href":"https:\/\/www.zhgdled.com\/fr\/wp-json\/wp\/v2\/types\/product"}],"wp:featuredmedia":[{"embeddable":true,"href":"https:\/\/www.zhgdled.com\/fr\/wp-json\/wp\/v2\/media\/23922"}],"wp:attachment":[{"href":"https:\/\/www.zhgdled.com\/fr\/wp-json\/wp\/v2\/media?parent=22626"}],"wp:term":[{"taxonomy":"product_brand","embeddable":true,"href":"https:\/\/www.zhgdled.com\/fr\/wp-json\/wp\/v2\/product_brand?post=22626"},{"taxonomy":"product_cat","embeddable":true,"href":"https:\/\/www.zhgdled.com\/fr\/wp-json\/wp\/v2\/product_cat?post=22626"},{"taxonomy":"product_tag","embeddable":true,"href":"https:\/\/www.zhgdled.com\/fr\/wp-json\/wp\/v2\/product_tag?post=22626"}],"curies":[{"name":"wp","href":"https:\/\/api.w.org\/{rel}","templated":true}]}}