{"id":24178,"date":"2024-05-22T13:58:38","date_gmt":"2024-05-22T05:58:38","guid":{"rendered":"https:\/\/www.zhgdled.com\/product\/ufo-8-series-high-bay-light-avail-emergency-power-supply"},"modified":"2024-05-29T08:43:46","modified_gmt":"2024-05-29T00:43:46","slug":"ufo-8-series-high-bay-light-avail-emergency-power-supply","status":"publish","type":"product","link":"https:\/\/www.zhgdled.com\/fr\/ufo-8-series-high-bay-light-avail-emergency-power-supply.html","title":{"rendered":"\u00c9clairage pour grande hauteur s\u00e9rie UFO-8 (avec alimentation de secours)"},"content":{"rendered":"<h2><span style=\"color: #ff6600;\">Structure l\u00e9g\u00e8re, rendement lumineux durable<\/span><\/h2>\n<p>La s\u00e9rie UFO-8 de nouvelle g\u00e9n\u00e9ration adopte une conception de structure l\u00e9g\u00e8re et efficace et une conception de dissipateur thermique professionnelle. Cela garantit des performances plus stables, une longue dur\u00e9e de vie, des produits l\u00e9gers et des co\u00fbts de transport et d&#8217;installation r\u00e9duits.<\/p>\n<p>CCT et puissance r\u00e9glable \u2013 R\u00e9pond aux besoins de divers sc\u00e9narios pour \u00e9conomiser de l&#8217;\u00e9lectricit\u00e9.<\/p>\n<p>Angle de faisceau en option\u00a0: 60\u00a0\u00b0, 90\u00a0\u00b0, 120\u00a0\u00b0 en option, trois angles de faisceau diff\u00e9rents, adapt\u00e9s \u00e0 diff\u00e9rents sites d&#8217;application<\/p>\n<p>Capteur micro-ondes \u2013 Module de d\u00e9tection intelligent Plug and Play, distance de d\u00e9tection &gt; 10 m, peut r\u00e9aliser une d\u00e9tection micro-ondes, infrarouge ou un port ZHAGA, et peut \u00e9galement r\u00e9aliser la fonction de contr\u00f4le \u00e0 distance de l&#8217;application de t\u00e9l\u00e9phone mobile.<\/p>\n<p>Module d&#8217;alimentation de secours \u2013 Puissance de sortie constante : 8 W\/10 W\/15 W.<\/p>\n<p><img decoding=\"async\" class=\"alignnone size-full wp-image-24081\" src=\"https:\/\/www.zhgdled.com\/wp-content\/uploads\/2024\/05\/UFO-8-high-bay-with-emergency-power.png\" alt=\"\" width=\"4961\" height=\"3366\" srcset=\"https:\/\/www.zhgdled.com\/wp-content\/uploads\/2024\/05\/UFO-8-high-bay-with-emergency-power.png 4961w, https:\/\/www.zhgdled.com\/wp-content\/uploads\/2024\/05\/UFO-8-high-bay-with-emergency-power-300x204.png 300w, https:\/\/www.zhgdled.com\/wp-content\/uploads\/2024\/05\/UFO-8-high-bay-with-emergency-power-1024x695.png 1024w, https:\/\/www.zhgdled.com\/wp-content\/uploads\/2024\/05\/UFO-8-high-bay-with-emergency-power-768x521.png 768w, https:\/\/www.zhgdled.com\/wp-content\/uploads\/2024\/05\/UFO-8-high-bay-with-emergency-power-1536x1042.png 1536w, https:\/\/www.zhgdled.com\/wp-content\/uploads\/2024\/05\/UFO-8-high-bay-with-emergency-power-2048x1390.png 2048w, https:\/\/www.zhgdled.com\/wp-content\/uploads\/2024\/05\/UFO-8-high-bay-with-emergency-power-600x407.png 600w, https:\/\/www.zhgdled.com\/wp-content\/uploads\/2024\/05\/UFO-8-high-bay-with-emergency-power-150x102.png 150w\" sizes=\"(max-width: 4961px) 100vw, 4961px\" \/><\/p>\n<p><img decoding=\"async\" class=\"alignnone size-full wp-image-24092\" src=\"https:\/\/www.zhgdled.com\/wp-content\/uploads\/2024\/05\/ufo-8-high-bay-specs.jpg\" alt=\"\" width=\"982\" height=\"976\" srcset=\"https:\/\/www.zhgdled.com\/wp-content\/uploads\/2024\/05\/ufo-8-high-bay-specs.jpg 982w, https:\/\/www.zhgdled.com\/wp-content\/uploads\/2024\/05\/ufo-8-high-bay-specs-300x298.jpg 300w, https:\/\/www.zhgdled.com\/wp-content\/uploads\/2024\/05\/ufo-8-high-bay-specs-150x149.jpg 150w, https:\/\/www.zhgdled.com\/wp-content\/uploads\/2024\/05\/ufo-8-high-bay-specs-768x763.jpg 768w, https:\/\/www.zhgdled.com\/wp-content\/uploads\/2024\/05\/ufo-8-high-bay-specs-600x596.jpg 600w\" sizes=\"(max-width: 982px) 100vw, 982px\" \/><\/p>\n","protected":false},"excerpt":{"rendered":"<p>La s\u00e9rie UFO-8 de nouvelle g\u00e9n\u00e9ration adopte une conception de structure l\u00e9g\u00e8re et efficace et une conception de dissipateur thermique professionnelle. Cela garantit des performances plus stables, une longue dur\u00e9e de vie, des produits l\u00e9gers et des co\u00fbts de transport et d&#8217;installation r\u00e9duits.<\/p>\n<ul>\n<li>Puissance : 100 W, 150 W, 200 W.<\/li>\n<li>Efficacit\u00e9\u00a0: 160lm\/W<\/li>\n<li>Entr\u00e9e : 100-277 V CA<\/li>\n<li>IP\/IK\u00a0: IP65 IK08<\/li>\n<li>IRC\u00a0: &gt;80<\/li>\n<\/ul>\n","protected":false},"featured_media":24106,"template":"","meta":[],"product_brand":[],"product_cat":[632],"product_tag":[],"class_list":{"0":"post-24178","1":"product","2":"type-product","3":"status-publish","4":"has-post-thumbnail","6":"product_cat-lumieres-de-grande-hauteur","8":"first","9":"instock","10":"featured","11":"shipping-taxable","12":"product-type-simple"},"yoast_head":"<!-- This site is optimized with the Yoast SEO plugin v27.4 - https:\/\/yoast.com\/product\/yoast-seo-wordpress\/ -->\n<title>\u00c9clairage pour grande hauteur s\u00e9rie UFO-8 (avec alimentation de secours) &#8211; Soci\u00e9t\u00e9 ZHL \u00c9clairage<\/title>\n<meta name=\"description\" content=\"La s\u00e9rie UFO-8 de nouvelle g\u00e9n\u00e9ration adopte une conception de structure l\u00e9g\u00e8re et efficace et une conception de dissipateur thermique professionnelle. Module d&#039;alimentation de secours \u2013 Puissance de sortie constante : 8W\/10W\/15W.\" \/>\n<meta name=\"robots\" content=\"index, follow, max-snippet:-1, max-image-preview:large, max-video-preview:-1\" \/>\n<link rel=\"canonical\" href=\"https:\/\/www.zhgdled.com\/fr\/ufo-8-series-high-bay-light-avail-emergency-power-supply.html\" \/>\n<meta property=\"og:locale\" content=\"fr_FR\" \/>\n<meta property=\"og:type\" content=\"article\" \/>\n<meta property=\"og:title\" content=\"\u00c9clairage pour grande hauteur s\u00e9rie UFO-8 (avec alimentation de secours) &#8211; Soci\u00e9t\u00e9 ZHL \u00c9clairage\" \/>\n<meta property=\"og:description\" content=\"La s\u00e9rie UFO-8 de nouvelle g\u00e9n\u00e9ration adopte une conception de structure l\u00e9g\u00e8re et efficace et une conception de dissipateur thermique professionnelle. Module d&#039;alimentation de secours \u2013 Puissance de sortie constante : 8W\/10W\/15W.\" \/>\n<meta property=\"og:url\" content=\"https:\/\/www.zhgdled.com\/fr\/ufo-8-series-high-bay-light-avail-emergency-power-supply.html\" \/>\n<meta property=\"og:site_name\" content=\"Soci\u00e9t\u00e9 ZHL \u00c9clairage\" \/>\n<meta property=\"article:publisher\" content=\"https:\/\/www.facebook.com\/zhllightinggroup\" \/>\n<meta property=\"article:modified_time\" content=\"2024-05-29T00:43:46+00:00\" \/>\n<meta property=\"og:image\" content=\"https:\/\/www.zhgdled.com\/wp-content\/uploads\/2024\/05\/20240522133144.png\" \/>\n\t<meta property=\"og:image:width\" content=\"1600\" \/>\n\t<meta property=\"og:image:height\" content=\"1600\" \/>\n\t<meta property=\"og:image:type\" content=\"image\/png\" \/>\n<meta name=\"twitter:card\" content=\"summary_large_image\" \/>\n<meta name=\"twitter:site\" content=\"@zhl_lighting\" \/>\n<meta name=\"twitter:label1\" content=\"Dur\u00e9e de lecture estim\u00e9e\" \/>\n\t<meta name=\"twitter:data1\" content=\"2 minutes\" \/>\n<script type=\"application\/ld+json\" class=\"yoast-schema-graph\">{\"@context\":\"https:\\\/\\\/schema.org\",\"@graph\":[{\"@type\":\"WebPage\",\"@id\":\"https:\\\/\\\/www.zhgdled.com\\\/fr\\\/ufo-8-series-high-bay-light-avail-emergency-power-supply.html\",\"url\":\"https:\\\/\\\/www.zhgdled.com\\\/fr\\\/ufo-8-series-high-bay-light-avail-emergency-power-supply.html\",\"name\":\"\u00c9clairage pour grande hauteur s\u00e9rie UFO-8 (avec alimentation de secours) &#8211; Soci\u00e9t\u00e9 ZHL \u00c9clairage\",\"isPartOf\":{\"@id\":\"https:\\\/\\\/www.zhgdled.com\\\/fr\\\/#website\"},\"primaryImageOfPage\":{\"@id\":\"https:\\\/\\\/www.zhgdled.com\\\/fr\\\/ufo-8-series-high-bay-light-avail-emergency-power-supply.html#primaryimage\"},\"image\":{\"@id\":\"https:\\\/\\\/www.zhgdled.com\\\/fr\\\/ufo-8-series-high-bay-light-avail-emergency-power-supply.html#primaryimage\"},\"thumbnailUrl\":\"https:\\\/\\\/www.zhgdled.com\\\/wp-content\\\/uploads\\\/2024\\\/05\\\/20240522133144.png\",\"datePublished\":\"2024-05-22T05:58:38+00:00\",\"dateModified\":\"2024-05-29T00:43:46+00:00\",\"description\":\"La s\u00e9rie UFO-8 de nouvelle g\u00e9n\u00e9ration adopte une conception de structure l\u00e9g\u00e8re et efficace et une conception de dissipateur thermique professionnelle. Module d'alimentation de secours \u2013 Puissance de sortie constante : 8W\\\/10W\\\/15W.\",\"breadcrumb\":{\"@id\":\"https:\\\/\\\/www.zhgdled.com\\\/fr\\\/ufo-8-series-high-bay-light-avail-emergency-power-supply.html#breadcrumb\"},\"inLanguage\":\"fr-FR\",\"potentialAction\":[{\"@type\":\"ReadAction\",\"target\":[\"https:\\\/\\\/www.zhgdled.com\\\/fr\\\/ufo-8-series-high-bay-light-avail-emergency-power-supply.html\"]}]},{\"@type\":\"ImageObject\",\"inLanguage\":\"fr-FR\",\"@id\":\"https:\\\/\\\/www.zhgdled.com\\\/fr\\\/ufo-8-series-high-bay-light-avail-emergency-power-supply.html#primaryimage\",\"url\":\"https:\\\/\\\/www.zhgdled.com\\\/wp-content\\\/uploads\\\/2024\\\/05\\\/20240522133144.png\",\"contentUrl\":\"https:\\\/\\\/www.zhgdled.com\\\/wp-content\\\/uploads\\\/2024\\\/05\\\/20240522133144.png\",\"width\":1600,\"height\":1600,\"caption\":\"High bay light with emergency power supply\"},{\"@type\":\"BreadcrumbList\",\"@id\":\"https:\\\/\\\/www.zhgdled.com\\\/fr\\\/ufo-8-series-high-bay-light-avail-emergency-power-supply.html#breadcrumb\",\"itemListElement\":[{\"@type\":\"ListItem\",\"position\":1,\"name\":\"Home\",\"item\":\"https:\\\/\\\/www.zhgdled.com\\\/fr\"},{\"@type\":\"ListItem\",\"position\":2,\"name\":\"PRODUCTS\",\"item\":\"https:\\\/\\\/www.zhgdled.com\\\/zhl-products.html\"},{\"@type\":\"ListItem\",\"position\":3,\"name\":\"\u00c9clairage pour grande hauteur s\u00e9rie UFO-8 (avec alimentation de secours)\"}]},{\"@type\":\"WebSite\",\"@id\":\"https:\\\/\\\/www.zhgdled.com\\\/fr\\\/#website\",\"url\":\"https:\\\/\\\/www.zhgdled.com\\\/fr\\\/\",\"name\":\"Soci\u00e9t\u00e9 ZHL \u00c9clairage\",\"description\":\"Top ranking industrial lighting manufacturer and exporter\",\"publisher\":{\"@id\":\"https:\\\/\\\/www.zhgdled.com\\\/fr\\\/#organization\"},\"potentialAction\":[{\"@type\":\"SearchAction\",\"target\":{\"@type\":\"EntryPoint\",\"urlTemplate\":\"https:\\\/\\\/www.zhgdled.com\\\/fr\\\/?s={search_term_string}\"},\"query-input\":{\"@type\":\"PropertyValueSpecification\",\"valueRequired\":true,\"valueName\":\"search_term_string\"}}],\"inLanguage\":\"fr-FR\"},{\"@type\":\"Organization\",\"@id\":\"https:\\\/\\\/www.zhgdled.com\\\/fr\\\/#organization\",\"name\":\"ZHL Lighting Group\",\"url\":\"https:\\\/\\\/www.zhgdled.com\\\/fr\\\/\",\"logo\":{\"@type\":\"ImageObject\",\"inLanguage\":\"fr-FR\",\"@id\":\"https:\\\/\\\/www.zhgdled.com\\\/fr\\\/#\\\/schema\\\/logo\\\/image\\\/\",\"url\":\"\",\"contentUrl\":\"\",\"caption\":\"ZHL Lighting Group\"},\"image\":{\"@id\":\"https:\\\/\\\/www.zhgdled.com\\\/fr\\\/#\\\/schema\\\/logo\\\/image\\\/\"},\"sameAs\":[\"https:\\\/\\\/www.facebook.com\\\/zhllightinggroup\",\"https:\\\/\\\/x.com\\\/zhl_lighting\"]}]}<\/script>\n<!-- \/ Yoast SEO plugin. -->","yoast_head_json":{"title":"\u00c9clairage pour grande hauteur s\u00e9rie UFO-8 (avec alimentation de secours) &#8211; Soci\u00e9t\u00e9 ZHL \u00c9clairage","description":"La s\u00e9rie UFO-8 de nouvelle g\u00e9n\u00e9ration adopte une conception de structure l\u00e9g\u00e8re et efficace et une conception de dissipateur thermique professionnelle. Module d'alimentation de secours \u2013 Puissance de sortie constante : 8W\/10W\/15W.","robots":{"index":"index","follow":"follow","max-snippet":"max-snippet:-1","max-image-preview":"max-image-preview:large","max-video-preview":"max-video-preview:-1"},"canonical":"https:\/\/www.zhgdled.com\/fr\/ufo-8-series-high-bay-light-avail-emergency-power-supply.html","og_locale":"fr_FR","og_type":"article","og_title":"\u00c9clairage pour grande hauteur s\u00e9rie UFO-8 (avec alimentation de secours) &#8211; Soci\u00e9t\u00e9 ZHL \u00c9clairage","og_description":"La s\u00e9rie UFO-8 de nouvelle g\u00e9n\u00e9ration adopte une conception de structure l\u00e9g\u00e8re et efficace et une conception de dissipateur thermique professionnelle. Module d'alimentation de secours \u2013 Puissance de sortie constante : 8W\/10W\/15W.","og_url":"https:\/\/www.zhgdled.com\/fr\/ufo-8-series-high-bay-light-avail-emergency-power-supply.html","og_site_name":"Soci\u00e9t\u00e9 ZHL \u00c9clairage","article_publisher":"https:\/\/www.facebook.com\/zhllightinggroup","article_modified_time":"2024-05-29T00:43:46+00:00","og_image":[{"width":1600,"height":1600,"url":"https:\/\/www.zhgdled.com\/wp-content\/uploads\/2024\/05\/20240522133144.png","type":"image\/png"}],"twitter_card":"summary_large_image","twitter_site":"@zhl_lighting","twitter_misc":{"Dur\u00e9e de lecture estim\u00e9e":"2 minutes"},"schema":{"@context":"https:\/\/schema.org","@graph":[{"@type":"WebPage","@id":"https:\/\/www.zhgdled.com\/fr\/ufo-8-series-high-bay-light-avail-emergency-power-supply.html","url":"https:\/\/www.zhgdled.com\/fr\/ufo-8-series-high-bay-light-avail-emergency-power-supply.html","name":"\u00c9clairage pour grande hauteur s\u00e9rie UFO-8 (avec alimentation de secours) &#8211; Soci\u00e9t\u00e9 ZHL \u00c9clairage","isPartOf":{"@id":"https:\/\/www.zhgdled.com\/fr\/#website"},"primaryImageOfPage":{"@id":"https:\/\/www.zhgdled.com\/fr\/ufo-8-series-high-bay-light-avail-emergency-power-supply.html#primaryimage"},"image":{"@id":"https:\/\/www.zhgdled.com\/fr\/ufo-8-series-high-bay-light-avail-emergency-power-supply.html#primaryimage"},"thumbnailUrl":"https:\/\/www.zhgdled.com\/wp-content\/uploads\/2024\/05\/20240522133144.png","datePublished":"2024-05-22T05:58:38+00:00","dateModified":"2024-05-29T00:43:46+00:00","description":"La s\u00e9rie UFO-8 de nouvelle g\u00e9n\u00e9ration adopte une conception de structure l\u00e9g\u00e8re et efficace et une conception de dissipateur thermique professionnelle. Module d'alimentation de secours \u2013 Puissance de sortie constante : 8W\/10W\/15W.","breadcrumb":{"@id":"https:\/\/www.zhgdled.com\/fr\/ufo-8-series-high-bay-light-avail-emergency-power-supply.html#breadcrumb"},"inLanguage":"fr-FR","potentialAction":[{"@type":"ReadAction","target":["https:\/\/www.zhgdled.com\/fr\/ufo-8-series-high-bay-light-avail-emergency-power-supply.html"]}]},{"@type":"ImageObject","inLanguage":"fr-FR","@id":"https:\/\/www.zhgdled.com\/fr\/ufo-8-series-high-bay-light-avail-emergency-power-supply.html#primaryimage","url":"https:\/\/www.zhgdled.com\/wp-content\/uploads\/2024\/05\/20240522133144.png","contentUrl":"https:\/\/www.zhgdled.com\/wp-content\/uploads\/2024\/05\/20240522133144.png","width":1600,"height":1600,"caption":"High bay light with emergency power supply"},{"@type":"BreadcrumbList","@id":"https:\/\/www.zhgdled.com\/fr\/ufo-8-series-high-bay-light-avail-emergency-power-supply.html#breadcrumb","itemListElement":[{"@type":"ListItem","position":1,"name":"Home","item":"https:\/\/www.zhgdled.com\/fr"},{"@type":"ListItem","position":2,"name":"PRODUCTS","item":"https:\/\/www.zhgdled.com\/zhl-products.html"},{"@type":"ListItem","position":3,"name":"\u00c9clairage pour grande hauteur s\u00e9rie UFO-8 (avec alimentation de secours)"}]},{"@type":"WebSite","@id":"https:\/\/www.zhgdled.com\/fr\/#website","url":"https:\/\/www.zhgdled.com\/fr\/","name":"Soci\u00e9t\u00e9 ZHL \u00c9clairage","description":"Top ranking industrial lighting manufacturer and exporter","publisher":{"@id":"https:\/\/www.zhgdled.com\/fr\/#organization"},"potentialAction":[{"@type":"SearchAction","target":{"@type":"EntryPoint","urlTemplate":"https:\/\/www.zhgdled.com\/fr\/?s={search_term_string}"},"query-input":{"@type":"PropertyValueSpecification","valueRequired":true,"valueName":"search_term_string"}}],"inLanguage":"fr-FR"},{"@type":"Organization","@id":"https:\/\/www.zhgdled.com\/fr\/#organization","name":"ZHL Lighting Group","url":"https:\/\/www.zhgdled.com\/fr\/","logo":{"@type":"ImageObject","inLanguage":"fr-FR","@id":"https:\/\/www.zhgdled.com\/fr\/#\/schema\/logo\/image\/","url":"","contentUrl":"","caption":"ZHL Lighting Group"},"image":{"@id":"https:\/\/www.zhgdled.com\/fr\/#\/schema\/logo\/image\/"},"sameAs":["https:\/\/www.facebook.com\/zhllightinggroup","https:\/\/x.com\/zhl_lighting"]}]}},"_links":{"self":[{"href":"https:\/\/www.zhgdled.com\/fr\/wp-json\/wp\/v2\/product\/24178","targetHints":{"allow":["GET"]}}],"collection":[{"href":"https:\/\/www.zhgdled.com\/fr\/wp-json\/wp\/v2\/product"}],"about":[{"href":"https:\/\/www.zhgdled.com\/fr\/wp-json\/wp\/v2\/types\/product"}],"wp:featuredmedia":[{"embeddable":true,"href":"https:\/\/www.zhgdled.com\/fr\/wp-json\/wp\/v2\/media\/24106"}],"wp:attachment":[{"href":"https:\/\/www.zhgdled.com\/fr\/wp-json\/wp\/v2\/media?parent=24178"}],"wp:term":[{"taxonomy":"product_brand","embeddable":true,"href":"https:\/\/www.zhgdled.com\/fr\/wp-json\/wp\/v2\/product_brand?post=24178"},{"taxonomy":"product_cat","embeddable":true,"href":"https:\/\/www.zhgdled.com\/fr\/wp-json\/wp\/v2\/product_cat?post=24178"},{"taxonomy":"product_tag","embeddable":true,"href":"https:\/\/www.zhgdled.com\/fr\/wp-json\/wp\/v2\/product_tag?post=24178"}],"curies":[{"name":"wp","href":"https:\/\/api.w.org\/{rel}","templated":true}]}}