{"id":7919,"date":"2022-07-14T09:10:20","date_gmt":"2022-07-14T01:10:20","guid":{"rendered":"https:\/\/www.zhgdled.com\/product\/led-work-lights-with-plug-floodlight"},"modified":"2023-12-25T13:44:44","modified_gmt":"2023-12-25T05:44:44","slug":"lampe-de-travail-conduite","status":"publish","type":"product","link":"https:\/\/www.zhgdled.com\/fr\/phares-de-travail-a-led-avec-prise-projecteur.html","title":{"rendered":"Projecteurs de travail \u00e0 LED avec prise"},"content":{"rendered":"<ul>\n<li>Puces de haute qualit\u00e9, pouvant produire jusqu&#8217;\u00e0 5500LM de luminosit\u00e9, les LED longue dur\u00e9e n&#8217;auront jamais besoin d&#8217;\u00eatre remplac\u00e9es. Le film r\u00e9fl\u00e9chissant de haute qualit\u00e9 et l&#8217;angle de faisceau jusqu&#8217;\u00e0 120 degr\u00e9s fournissent une lumi\u00e8re plus brillante. \u00c9quivalent \u00e0 une ampoule halog\u00e8ne de 500 W et permet d&#8217;\u00e9conomiser plus de 85 % sur la facture d&#8217;\u00e9lectricit\u00e9.<\/li>\n<li>La conception en forme de rainure multiple \u00e0 l&#8217;arri\u00e8re du projecteur augmente la zone de contact avec l&#8217;air et acc\u00e9l\u00e8re la dissipation de la chaleur, ce qui offre une excellente dissipation de la chaleur pour prolonger la dur\u00e9e de vie de cette lampe de travail \u00e0 LED jusqu&#8217;\u00e0 50 000 heures.<\/li>\n<li>Avec le support, vous pouvez poser le projecteur LED sur le sol ou le suspendre avec la poign\u00e9e. Branchez directement sur l&#8217;alimentation et allumez, la lumi\u00e8re restera toujours allum\u00e9e. Pour toute question, veuillez nous contacter, nous les r\u00e9soudrons en 24H.<\/li>\n<\/ul>\n","protected":false},"excerpt":{"rendered":"<p>Mat\u00e9riel: Aluminium<br \/>\n\u00c9tanche : IP66<br \/>\nPuissance : 50 W (\u00e9quivalent 500 W)<br \/>\nTension : AC110-240V<br \/>\nTemp\u00e9rature de couleur : Blanc (6500K)<br \/>\nLumen : 5500LM<br \/>\nAngle d&#8217;\u00e9clairage : 120\u00b0<br \/>\nC\u00e2ble\u00a0: c\u00e2ble de 5\u00a0m\/16,4\u00a0pieds<\/p>\n","protected":false},"featured_media":13357,"template":"","meta":[],"product_brand":[],"product_cat":[629],"product_tag":[363],"class_list":{"0":"post-7919","1":"product","2":"type-product","3":"status-publish","4":"has-post-thumbnail","6":"product_cat-lampes-de-travail","7":"product_tag-work-light-fr","9":"first","10":"instock","11":"shipping-taxable","12":"product-type-simple"},"yoast_head":"<!-- This site is optimized with the Yoast SEO plugin v27.4 - https:\/\/yoast.com\/product\/yoast-seo-wordpress\/ -->\n<title>Lampe de Travail Conduite<\/title>\n<meta name=\"description\" content=\"Puces de haute qualit\u00e9, pouvant produire jusqu&#039;\u00e0 5500LM de luminosit\u00e9, les LED longue dur\u00e9e n&#039;auront jamais besoin d&#039;\u00eatre remplac\u00e9es.\" \/>\n<meta name=\"robots\" content=\"index, follow, max-snippet:-1, max-image-preview:large, max-video-preview:-1\" \/>\n<link rel=\"canonical\" href=\"https:\/\/www.zhgdled.com\/fr\/phares-de-travail-a-led-avec-prise-projecteur.html\" \/>\n<meta property=\"og:locale\" content=\"fr_FR\" \/>\n<meta property=\"og:type\" content=\"article\" \/>\n<meta property=\"og:title\" content=\"Lampe de Travail Conduite\" \/>\n<meta property=\"og:description\" content=\"Puces de haute qualit\u00e9, pouvant produire jusqu&#039;\u00e0 5500LM de luminosit\u00e9, les LED longue dur\u00e9e n&#039;auront jamais besoin d&#039;\u00eatre remplac\u00e9es.\" \/>\n<meta property=\"og:url\" content=\"https:\/\/www.zhgdled.com\/fr\/phares-de-travail-a-led-avec-prise-projecteur.html\" \/>\n<meta property=\"og:site_name\" content=\"Soci\u00e9t\u00e9 ZHL \u00c9clairage\" \/>\n<meta property=\"article:publisher\" content=\"https:\/\/www.facebook.com\/zhllightinggroup\" \/>\n<meta property=\"article:modified_time\" content=\"2023-12-25T05:44:44+00:00\" \/>\n<meta property=\"og:image\" content=\"https:\/\/www.zhgdled.com\/wp-content\/uploads\/2022\/07\/9.png\" \/>\n\t<meta property=\"og:image:width\" content=\"1600\" \/>\n\t<meta property=\"og:image:height\" content=\"1600\" \/>\n\t<meta property=\"og:image:type\" content=\"image\/png\" \/>\n<meta name=\"twitter:card\" content=\"summary_large_image\" \/>\n<meta name=\"twitter:site\" content=\"@zhl_lighting\" \/>\n<meta name=\"twitter:label1\" content=\"Dur\u00e9e de lecture estim\u00e9e\" \/>\n\t<meta name=\"twitter:data1\" content=\"2 minutes\" \/>\n<script type=\"application\/ld+json\" class=\"yoast-schema-graph\">{\"@context\":\"https:\\\/\\\/schema.org\",\"@graph\":[{\"@type\":\"WebPage\",\"@id\":\"https:\\\/\\\/www.zhgdled.com\\\/fr\\\/phares-de-travail-a-led-avec-prise-projecteur.html\",\"url\":\"https:\\\/\\\/www.zhgdled.com\\\/fr\\\/phares-de-travail-a-led-avec-prise-projecteur.html\",\"name\":\"Lampe de Travail Conduite\",\"isPartOf\":{\"@id\":\"https:\\\/\\\/www.zhgdled.com\\\/fr\\\/#website\"},\"primaryImageOfPage\":{\"@id\":\"https:\\\/\\\/www.zhgdled.com\\\/fr\\\/phares-de-travail-a-led-avec-prise-projecteur.html#primaryimage\"},\"image\":{\"@id\":\"https:\\\/\\\/www.zhgdled.com\\\/fr\\\/phares-de-travail-a-led-avec-prise-projecteur.html#primaryimage\"},\"thumbnailUrl\":\"https:\\\/\\\/www.zhgdled.com\\\/wp-content\\\/uploads\\\/2022\\\/07\\\/9.png\",\"datePublished\":\"2022-07-14T01:10:20+00:00\",\"dateModified\":\"2023-12-25T05:44:44+00:00\",\"description\":\"Puces de haute qualit\u00e9, pouvant produire jusqu'\u00e0 5500LM de luminosit\u00e9, les LED longue dur\u00e9e n'auront jamais besoin d'\u00eatre remplac\u00e9es.\",\"breadcrumb\":{\"@id\":\"https:\\\/\\\/www.zhgdled.com\\\/fr\\\/phares-de-travail-a-led-avec-prise-projecteur.html#breadcrumb\"},\"inLanguage\":\"fr-FR\",\"potentialAction\":[{\"@type\":\"ReadAction\",\"target\":[\"https:\\\/\\\/www.zhgdled.com\\\/fr\\\/phares-de-travail-a-led-avec-prise-projecteur.html\"]}]},{\"@type\":\"ImageObject\",\"inLanguage\":\"fr-FR\",\"@id\":\"https:\\\/\\\/www.zhgdled.com\\\/fr\\\/phares-de-travail-a-led-avec-prise-projecteur.html#primaryimage\",\"url\":\"https:\\\/\\\/www.zhgdled.com\\\/wp-content\\\/uploads\\\/2022\\\/07\\\/9.png\",\"contentUrl\":\"https:\\\/\\\/www.zhgdled.com\\\/wp-content\\\/uploads\\\/2022\\\/07\\\/9.png\",\"width\":1600,\"height\":1600,\"caption\":\"Lampe de Travail Conduite\"},{\"@type\":\"BreadcrumbList\",\"@id\":\"https:\\\/\\\/www.zhgdled.com\\\/fr\\\/phares-de-travail-a-led-avec-prise-projecteur.html#breadcrumb\",\"itemListElement\":[{\"@type\":\"ListItem\",\"position\":1,\"name\":\"Home\",\"item\":\"https:\\\/\\\/www.zhgdled.com\\\/fr\"},{\"@type\":\"ListItem\",\"position\":2,\"name\":\"PRODUCTS\",\"item\":\"https:\\\/\\\/www.zhgdled.com\\\/zhl-products.html\"},{\"@type\":\"ListItem\",\"position\":3,\"name\":\"Projecteurs de travail \u00e0 LED avec prise\"}]},{\"@type\":\"WebSite\",\"@id\":\"https:\\\/\\\/www.zhgdled.com\\\/fr\\\/#website\",\"url\":\"https:\\\/\\\/www.zhgdled.com\\\/fr\\\/\",\"name\":\"Soci\u00e9t\u00e9 ZHL \u00c9clairage\",\"description\":\"Top ranking industrial lighting manufacturer and exporter\",\"publisher\":{\"@id\":\"https:\\\/\\\/www.zhgdled.com\\\/fr\\\/#organization\"},\"potentialAction\":[{\"@type\":\"SearchAction\",\"target\":{\"@type\":\"EntryPoint\",\"urlTemplate\":\"https:\\\/\\\/www.zhgdled.com\\\/fr\\\/?s={search_term_string}\"},\"query-input\":{\"@type\":\"PropertyValueSpecification\",\"valueRequired\":true,\"valueName\":\"search_term_string\"}}],\"inLanguage\":\"fr-FR\"},{\"@type\":\"Organization\",\"@id\":\"https:\\\/\\\/www.zhgdled.com\\\/fr\\\/#organization\",\"name\":\"ZHL Lighting Group\",\"url\":\"https:\\\/\\\/www.zhgdled.com\\\/fr\\\/\",\"logo\":{\"@type\":\"ImageObject\",\"inLanguage\":\"fr-FR\",\"@id\":\"https:\\\/\\\/www.zhgdled.com\\\/fr\\\/#\\\/schema\\\/logo\\\/image\\\/\",\"url\":\"\",\"contentUrl\":\"\",\"caption\":\"ZHL Lighting Group\"},\"image\":{\"@id\":\"https:\\\/\\\/www.zhgdled.com\\\/fr\\\/#\\\/schema\\\/logo\\\/image\\\/\"},\"sameAs\":[\"https:\\\/\\\/www.facebook.com\\\/zhllightinggroup\",\"https:\\\/\\\/x.com\\\/zhl_lighting\"]}]}<\/script>\n<!-- \/ Yoast SEO plugin. -->","yoast_head_json":{"title":"Lampe de Travail Conduite","description":"Puces de haute qualit\u00e9, pouvant produire jusqu'\u00e0 5500LM de luminosit\u00e9, les LED longue dur\u00e9e n'auront jamais besoin d'\u00eatre remplac\u00e9es.","robots":{"index":"index","follow":"follow","max-snippet":"max-snippet:-1","max-image-preview":"max-image-preview:large","max-video-preview":"max-video-preview:-1"},"canonical":"https:\/\/www.zhgdled.com\/fr\/phares-de-travail-a-led-avec-prise-projecteur.html","og_locale":"fr_FR","og_type":"article","og_title":"Lampe de Travail Conduite","og_description":"Puces de haute qualit\u00e9, pouvant produire jusqu'\u00e0 5500LM de luminosit\u00e9, les LED longue dur\u00e9e n'auront jamais besoin d'\u00eatre remplac\u00e9es.","og_url":"https:\/\/www.zhgdled.com\/fr\/phares-de-travail-a-led-avec-prise-projecteur.html","og_site_name":"Soci\u00e9t\u00e9 ZHL \u00c9clairage","article_publisher":"https:\/\/www.facebook.com\/zhllightinggroup","article_modified_time":"2023-12-25T05:44:44+00:00","og_image":[{"width":1600,"height":1600,"url":"https:\/\/www.zhgdled.com\/wp-content\/uploads\/2022\/07\/9.png","type":"image\/png"}],"twitter_card":"summary_large_image","twitter_site":"@zhl_lighting","twitter_misc":{"Dur\u00e9e de lecture estim\u00e9e":"2 minutes"},"schema":{"@context":"https:\/\/schema.org","@graph":[{"@type":"WebPage","@id":"https:\/\/www.zhgdled.com\/fr\/phares-de-travail-a-led-avec-prise-projecteur.html","url":"https:\/\/www.zhgdled.com\/fr\/phares-de-travail-a-led-avec-prise-projecteur.html","name":"Lampe de Travail Conduite","isPartOf":{"@id":"https:\/\/www.zhgdled.com\/fr\/#website"},"primaryImageOfPage":{"@id":"https:\/\/www.zhgdled.com\/fr\/phares-de-travail-a-led-avec-prise-projecteur.html#primaryimage"},"image":{"@id":"https:\/\/www.zhgdled.com\/fr\/phares-de-travail-a-led-avec-prise-projecteur.html#primaryimage"},"thumbnailUrl":"https:\/\/www.zhgdled.com\/wp-content\/uploads\/2022\/07\/9.png","datePublished":"2022-07-14T01:10:20+00:00","dateModified":"2023-12-25T05:44:44+00:00","description":"Puces de haute qualit\u00e9, pouvant produire jusqu'\u00e0 5500LM de luminosit\u00e9, les LED longue dur\u00e9e n'auront jamais besoin d'\u00eatre remplac\u00e9es.","breadcrumb":{"@id":"https:\/\/www.zhgdled.com\/fr\/phares-de-travail-a-led-avec-prise-projecteur.html#breadcrumb"},"inLanguage":"fr-FR","potentialAction":[{"@type":"ReadAction","target":["https:\/\/www.zhgdled.com\/fr\/phares-de-travail-a-led-avec-prise-projecteur.html"]}]},{"@type":"ImageObject","inLanguage":"fr-FR","@id":"https:\/\/www.zhgdled.com\/fr\/phares-de-travail-a-led-avec-prise-projecteur.html#primaryimage","url":"https:\/\/www.zhgdled.com\/wp-content\/uploads\/2022\/07\/9.png","contentUrl":"https:\/\/www.zhgdled.com\/wp-content\/uploads\/2022\/07\/9.png","width":1600,"height":1600,"caption":"Lampe de Travail Conduite"},{"@type":"BreadcrumbList","@id":"https:\/\/www.zhgdled.com\/fr\/phares-de-travail-a-led-avec-prise-projecteur.html#breadcrumb","itemListElement":[{"@type":"ListItem","position":1,"name":"Home","item":"https:\/\/www.zhgdled.com\/fr"},{"@type":"ListItem","position":2,"name":"PRODUCTS","item":"https:\/\/www.zhgdled.com\/zhl-products.html"},{"@type":"ListItem","position":3,"name":"Projecteurs de travail \u00e0 LED avec prise"}]},{"@type":"WebSite","@id":"https:\/\/www.zhgdled.com\/fr\/#website","url":"https:\/\/www.zhgdled.com\/fr\/","name":"Soci\u00e9t\u00e9 ZHL \u00c9clairage","description":"Top ranking industrial lighting manufacturer and exporter","publisher":{"@id":"https:\/\/www.zhgdled.com\/fr\/#organization"},"potentialAction":[{"@type":"SearchAction","target":{"@type":"EntryPoint","urlTemplate":"https:\/\/www.zhgdled.com\/fr\/?s={search_term_string}"},"query-input":{"@type":"PropertyValueSpecification","valueRequired":true,"valueName":"search_term_string"}}],"inLanguage":"fr-FR"},{"@type":"Organization","@id":"https:\/\/www.zhgdled.com\/fr\/#organization","name":"ZHL Lighting Group","url":"https:\/\/www.zhgdled.com\/fr\/","logo":{"@type":"ImageObject","inLanguage":"fr-FR","@id":"https:\/\/www.zhgdled.com\/fr\/#\/schema\/logo\/image\/","url":"","contentUrl":"","caption":"ZHL Lighting Group"},"image":{"@id":"https:\/\/www.zhgdled.com\/fr\/#\/schema\/logo\/image\/"},"sameAs":["https:\/\/www.facebook.com\/zhllightinggroup","https:\/\/x.com\/zhl_lighting"]}]}},"_links":{"self":[{"href":"https:\/\/www.zhgdled.com\/fr\/wp-json\/wp\/v2\/product\/7919","targetHints":{"allow":["GET"]}}],"collection":[{"href":"https:\/\/www.zhgdled.com\/fr\/wp-json\/wp\/v2\/product"}],"about":[{"href":"https:\/\/www.zhgdled.com\/fr\/wp-json\/wp\/v2\/types\/product"}],"wp:featuredmedia":[{"embeddable":true,"href":"https:\/\/www.zhgdled.com\/fr\/wp-json\/wp\/v2\/media\/13357"}],"wp:attachment":[{"href":"https:\/\/www.zhgdled.com\/fr\/wp-json\/wp\/v2\/media?parent=7919"}],"wp:term":[{"taxonomy":"product_brand","embeddable":true,"href":"https:\/\/www.zhgdled.com\/fr\/wp-json\/wp\/v2\/product_brand?post=7919"},{"taxonomy":"product_cat","embeddable":true,"href":"https:\/\/www.zhgdled.com\/fr\/wp-json\/wp\/v2\/product_cat?post=7919"},{"taxonomy":"product_tag","embeddable":true,"href":"https:\/\/www.zhgdled.com\/fr\/wp-json\/wp\/v2\/product_tag?post=7919"}],"curies":[{"name":"wp","href":"https:\/\/api.w.org\/{rel}","templated":true}]}}