{"id":12477,"date":"2022-06-20T16:56:58","date_gmt":"2022-06-20T08:56:58","guid":{"rendered":"https:\/\/www.zhgdled.com\/product\/rechargeable-led-work-light"},"modified":"2023-12-26T11:27:18","modified_gmt":"2023-12-26T03:27:18","slug":"akumulator-led-work-light","status":"publish","type":"product","link":"https:\/\/www.zhgdled.com\/pl\/akumulator-led-work-light.html","title":{"rendered":"Przeno\u015bna \u0142adowalna lampa robocza LED"},"content":{"rendered":"<div class=\"J_module\">\n<div class=\"icbu-pc-detailManyImage magic-1\" data-module-name=\"icbu-pc-detailManyImage\">\n<div class=\"magic-4\">Akumulator o du\u017cej pojemno\u015bci &#8211; Ledowe \u015bwiat\u0142o robocze wbudowane w 8-cz\u0119\u015bciowe akumulatory litowe, bardzo du\u017ca pojemno\u015b\u0107 akumulatora mo\u017ce zapewni\u0107 d\u0142ugi czas \u015bwiecenia bez pod\u0142\u0105czania do sieci.<\/div>\n<\/div>\n<\/div>\n<div>\u2022Moc: 30 W\/50 W<br \/>\n\u2022 Skuteczno\u015b\u0107 \u015bwietlna: 80Lm\/W\u00b110%<br \/>\n\u2022 \u0179r\u00f3d\u0142o \u015bwiat\u0142a: SMD<br \/>\n\u2022Ra:&gt;80\uff0c \u2022Napi\u0119cie: AC220V-240V<br \/>\n\u2022 CCT: 2700-6500 K<br \/>\n\u2022 Materia\u0142: korpus aluminiowy + PC<br \/>\n\u2022Wodoodporno\u015b\u0107: IP54<br \/>\n\u2022Twardo\u015b\u0107 szk\u0142a si\u0119ga IK07<br \/>\n\u2022 Certyfikacja: CE, ERP<br \/>\n\u2022 \u017bywotno\u015b\u0107: 30 000 godzin<br \/>\n\u2022 Indywidualny gumowy w\u0142\u0105cznik\/wy\u0142\u0105cznik<br \/>\n\u2022Gwarancja: 2 lata<br \/>\n\u20222M VDE H05RN-F 3*1,0M (przew\u00f3d gumowy)<br \/>\n\u2022 Tylny uchwyt mo\u017cna regulowa\u0107 o 180 \u00b0<br \/>\nZastosuj do fabryki, warsztatu, magazynu, samochodu!<br \/>\nnaprawa i impreza plenerowa<\/div>\n","protected":false},"excerpt":{"rendered":"<p>Akumulatorowa lampa robocza LED do warsztat\u00f3w, studi\u00f3w, domu i miejsca pracy.<\/p>\n<p>Moc: 30 W\/50 W<\/p>\n<p>\u2022 Skuteczno\u015b\u0107 \u015bwietlna: 80Lm\/W\u00b110%<br \/>\n\u2022 \u0179r\u00f3d\u0142o \u015bwiat\u0142a: SMD<br \/>\n\u2022Ra:&gt;80\uff0c \u2022Napi\u0119cie: AC220V-240V<br \/>\n\u2022 CCT: 2700-6500 K<br \/>\n\u2022 Materia\u0142: korpus aluminiowy + PC<br \/>\n\u2022Wodoodporno\u015b\u0107: IP54<br \/>\n\u2022Twardo\u015b\u0107 szk\u0142a si\u0119ga IK07<br \/>\n\u2022 Certyfikacja: CE, ERP<br \/>\n\u2022 \u017bywotno\u015b\u0107: 30 000 godzin<\/p>\n","protected":false},"featured_media":13369,"template":"","meta":[],"product_brand":[],"product_cat":[638],"product_tag":[],"class_list":{"0":"post-12477","1":"product","2":"type-product","3":"status-publish","4":"has-post-thumbnail","6":"product_cat-swiatla-robocze","8":"first","9":"instock","10":"shipping-taxable","11":"product-type-simple"},"yoast_head":"<!-- This site is optimized with the Yoast SEO plugin v27.4 - https:\/\/yoast.com\/product\/yoast-seo-wordpress\/ -->\n<title>Przeno\u015bna \u0142adowalna lampa robocza LED &#8211; Grupa O\u015bwietleniowa ZHL<\/title>\n<meta name=\"description\" content=\"Akumulatorowa lampa robocza LED do warsztat\u00f3w, studi\u00f3w, domu i miejsca pracy.\" \/>\n<meta name=\"robots\" content=\"index, follow, max-snippet:-1, max-image-preview:large, max-video-preview:-1\" \/>\n<link rel=\"canonical\" href=\"https:\/\/www.zhgdled.com\/pl\/akumulator-led-work-light.html\" \/>\n<meta property=\"og:locale\" content=\"pl_PL\" \/>\n<meta property=\"og:type\" content=\"article\" \/>\n<meta property=\"og:title\" content=\"Przeno\u015bna \u0142adowalna lampa robocza LED &#8211; Grupa O\u015bwietleniowa ZHL\" \/>\n<meta property=\"og:description\" content=\"Akumulatorowa lampa robocza LED do warsztat\u00f3w, studi\u00f3w, domu i miejsca pracy.\" \/>\n<meta property=\"og:url\" content=\"https:\/\/www.zhgdled.com\/pl\/akumulator-led-work-light.html\" \/>\n<meta property=\"og:site_name\" content=\"Grupa O\u015bwietleniowa ZHL\" \/>\n<meta property=\"article:publisher\" content=\"https:\/\/www.facebook.com\/zhllightinggroup\" \/>\n<meta property=\"article:modified_time\" content=\"2023-12-26T03:27:18+00:00\" \/>\n<meta property=\"og:image\" content=\"https:\/\/www.zhgdled.com\/wp-content\/uploads\/2022\/06\/10.png\" \/>\n\t<meta property=\"og:image:width\" content=\"1600\" \/>\n\t<meta property=\"og:image:height\" content=\"1600\" \/>\n\t<meta property=\"og:image:type\" content=\"image\/png\" \/>\n<meta name=\"twitter:card\" content=\"summary_large_image\" \/>\n<meta name=\"twitter:site\" content=\"@zhl_lighting\" \/>\n<meta name=\"twitter:label1\" content=\"Szacowany czas czytania\" \/>\n\t<meta name=\"twitter:data1\" content=\"1 minuta\" \/>\n<script type=\"application\/ld+json\" class=\"yoast-schema-graph\">{\"@context\":\"https:\\\/\\\/schema.org\",\"@graph\":[{\"@type\":\"WebPage\",\"@id\":\"https:\\\/\\\/www.zhgdled.com\\\/pl\\\/akumulator-led-work-light.html\",\"url\":\"https:\\\/\\\/www.zhgdled.com\\\/pl\\\/akumulator-led-work-light.html\",\"name\":\"Przeno\u015bna \u0142adowalna lampa robocza LED &#8211; Grupa O\u015bwietleniowa ZHL\",\"isPartOf\":{\"@id\":\"https:\\\/\\\/www.zhgdled.com\\\/pl\\\/#website\"},\"primaryImageOfPage\":{\"@id\":\"https:\\\/\\\/www.zhgdled.com\\\/pl\\\/akumulator-led-work-light.html#primaryimage\"},\"image\":{\"@id\":\"https:\\\/\\\/www.zhgdled.com\\\/pl\\\/akumulator-led-work-light.html#primaryimage\"},\"thumbnailUrl\":\"https:\\\/\\\/www.zhgdled.com\\\/wp-content\\\/uploads\\\/2022\\\/06\\\/10.png\",\"datePublished\":\"2022-06-20T08:56:58+00:00\",\"dateModified\":\"2023-12-26T03:27:18+00:00\",\"description\":\"Akumulatorowa lampa robocza LED do warsztat\u00f3w, studi\u00f3w, domu i miejsca pracy.\",\"breadcrumb\":{\"@id\":\"https:\\\/\\\/www.zhgdled.com\\\/pl\\\/akumulator-led-work-light.html#breadcrumb\"},\"inLanguage\":\"pl-PL\",\"potentialAction\":[{\"@type\":\"ReadAction\",\"target\":[\"https:\\\/\\\/www.zhgdled.com\\\/pl\\\/akumulator-led-work-light.html\"]}]},{\"@type\":\"ImageObject\",\"inLanguage\":\"pl-PL\",\"@id\":\"https:\\\/\\\/www.zhgdled.com\\\/pl\\\/akumulator-led-work-light.html#primaryimage\",\"url\":\"https:\\\/\\\/www.zhgdled.com\\\/wp-content\\\/uploads\\\/2022\\\/06\\\/10.png\",\"contentUrl\":\"https:\\\/\\\/www.zhgdled.com\\\/wp-content\\\/uploads\\\/2022\\\/06\\\/10.png\",\"width\":1600,\"height\":1600,\"caption\":\"Luz de trabalho LED recarreg\u00e1vel\"},{\"@type\":\"BreadcrumbList\",\"@id\":\"https:\\\/\\\/www.zhgdled.com\\\/pl\\\/akumulator-led-work-light.html#breadcrumb\",\"itemListElement\":[{\"@type\":\"ListItem\",\"position\":1,\"name\":\"Home\",\"item\":\"https:\\\/\\\/www.zhgdled.com\\\/pl\"},{\"@type\":\"ListItem\",\"position\":2,\"name\":\"PRODUCTS\",\"item\":\"https:\\\/\\\/www.zhgdled.com\\\/zhl-products.html\"},{\"@type\":\"ListItem\",\"position\":3,\"name\":\"Przeno\u015bna \u0142adowalna lampa robocza LED\"}]},{\"@type\":\"WebSite\",\"@id\":\"https:\\\/\\\/www.zhgdled.com\\\/pl\\\/#website\",\"url\":\"https:\\\/\\\/www.zhgdled.com\\\/pl\\\/\",\"name\":\"Grupa O\u015bwietleniowa ZHL\",\"description\":\"Top ranking industrial lighting manufacturer and exporter\",\"publisher\":{\"@id\":\"https:\\\/\\\/www.zhgdled.com\\\/pl\\\/#organization\"},\"potentialAction\":[{\"@type\":\"SearchAction\",\"target\":{\"@type\":\"EntryPoint\",\"urlTemplate\":\"https:\\\/\\\/www.zhgdled.com\\\/pl\\\/?s={search_term_string}\"},\"query-input\":{\"@type\":\"PropertyValueSpecification\",\"valueRequired\":true,\"valueName\":\"search_term_string\"}}],\"inLanguage\":\"pl-PL\"},{\"@type\":\"Organization\",\"@id\":\"https:\\\/\\\/www.zhgdled.com\\\/pl\\\/#organization\",\"name\":\"ZHL Lighting Group\",\"url\":\"https:\\\/\\\/www.zhgdled.com\\\/pl\\\/\",\"logo\":{\"@type\":\"ImageObject\",\"inLanguage\":\"pl-PL\",\"@id\":\"https:\\\/\\\/www.zhgdled.com\\\/pl\\\/#\\\/schema\\\/logo\\\/image\\\/\",\"url\":\"\",\"contentUrl\":\"\",\"caption\":\"ZHL Lighting Group\"},\"image\":{\"@id\":\"https:\\\/\\\/www.zhgdled.com\\\/pl\\\/#\\\/schema\\\/logo\\\/image\\\/\"},\"sameAs\":[\"https:\\\/\\\/www.facebook.com\\\/zhllightinggroup\",\"https:\\\/\\\/x.com\\\/zhl_lighting\"]}]}<\/script>\n<!-- \/ Yoast SEO plugin. -->","yoast_head_json":{"title":"Przeno\u015bna \u0142adowalna lampa robocza LED &#8211; Grupa O\u015bwietleniowa ZHL","description":"Akumulatorowa lampa robocza LED do warsztat\u00f3w, studi\u00f3w, domu i miejsca pracy.","robots":{"index":"index","follow":"follow","max-snippet":"max-snippet:-1","max-image-preview":"max-image-preview:large","max-video-preview":"max-video-preview:-1"},"canonical":"https:\/\/www.zhgdled.com\/pl\/akumulator-led-work-light.html","og_locale":"pl_PL","og_type":"article","og_title":"Przeno\u015bna \u0142adowalna lampa robocza LED &#8211; Grupa O\u015bwietleniowa ZHL","og_description":"Akumulatorowa lampa robocza LED do warsztat\u00f3w, studi\u00f3w, domu i miejsca pracy.","og_url":"https:\/\/www.zhgdled.com\/pl\/akumulator-led-work-light.html","og_site_name":"Grupa O\u015bwietleniowa ZHL","article_publisher":"https:\/\/www.facebook.com\/zhllightinggroup","article_modified_time":"2023-12-26T03:27:18+00:00","og_image":[{"width":1600,"height":1600,"url":"https:\/\/www.zhgdled.com\/wp-content\/uploads\/2022\/06\/10.png","type":"image\/png"}],"twitter_card":"summary_large_image","twitter_site":"@zhl_lighting","twitter_misc":{"Szacowany czas czytania":"1 minuta"},"schema":{"@context":"https:\/\/schema.org","@graph":[{"@type":"WebPage","@id":"https:\/\/www.zhgdled.com\/pl\/akumulator-led-work-light.html","url":"https:\/\/www.zhgdled.com\/pl\/akumulator-led-work-light.html","name":"Przeno\u015bna \u0142adowalna lampa robocza LED &#8211; Grupa O\u015bwietleniowa ZHL","isPartOf":{"@id":"https:\/\/www.zhgdled.com\/pl\/#website"},"primaryImageOfPage":{"@id":"https:\/\/www.zhgdled.com\/pl\/akumulator-led-work-light.html#primaryimage"},"image":{"@id":"https:\/\/www.zhgdled.com\/pl\/akumulator-led-work-light.html#primaryimage"},"thumbnailUrl":"https:\/\/www.zhgdled.com\/wp-content\/uploads\/2022\/06\/10.png","datePublished":"2022-06-20T08:56:58+00:00","dateModified":"2023-12-26T03:27:18+00:00","description":"Akumulatorowa lampa robocza LED do warsztat\u00f3w, studi\u00f3w, domu i miejsca pracy.","breadcrumb":{"@id":"https:\/\/www.zhgdled.com\/pl\/akumulator-led-work-light.html#breadcrumb"},"inLanguage":"pl-PL","potentialAction":[{"@type":"ReadAction","target":["https:\/\/www.zhgdled.com\/pl\/akumulator-led-work-light.html"]}]},{"@type":"ImageObject","inLanguage":"pl-PL","@id":"https:\/\/www.zhgdled.com\/pl\/akumulator-led-work-light.html#primaryimage","url":"https:\/\/www.zhgdled.com\/wp-content\/uploads\/2022\/06\/10.png","contentUrl":"https:\/\/www.zhgdled.com\/wp-content\/uploads\/2022\/06\/10.png","width":1600,"height":1600,"caption":"Luz de trabalho LED recarreg\u00e1vel"},{"@type":"BreadcrumbList","@id":"https:\/\/www.zhgdled.com\/pl\/akumulator-led-work-light.html#breadcrumb","itemListElement":[{"@type":"ListItem","position":1,"name":"Home","item":"https:\/\/www.zhgdled.com\/pl"},{"@type":"ListItem","position":2,"name":"PRODUCTS","item":"https:\/\/www.zhgdled.com\/zhl-products.html"},{"@type":"ListItem","position":3,"name":"Przeno\u015bna \u0142adowalna lampa robocza LED"}]},{"@type":"WebSite","@id":"https:\/\/www.zhgdled.com\/pl\/#website","url":"https:\/\/www.zhgdled.com\/pl\/","name":"Grupa O\u015bwietleniowa ZHL","description":"Top ranking industrial lighting manufacturer and exporter","publisher":{"@id":"https:\/\/www.zhgdled.com\/pl\/#organization"},"potentialAction":[{"@type":"SearchAction","target":{"@type":"EntryPoint","urlTemplate":"https:\/\/www.zhgdled.com\/pl\/?s={search_term_string}"},"query-input":{"@type":"PropertyValueSpecification","valueRequired":true,"valueName":"search_term_string"}}],"inLanguage":"pl-PL"},{"@type":"Organization","@id":"https:\/\/www.zhgdled.com\/pl\/#organization","name":"ZHL Lighting Group","url":"https:\/\/www.zhgdled.com\/pl\/","logo":{"@type":"ImageObject","inLanguage":"pl-PL","@id":"https:\/\/www.zhgdled.com\/pl\/#\/schema\/logo\/image\/","url":"","contentUrl":"","caption":"ZHL Lighting Group"},"image":{"@id":"https:\/\/www.zhgdled.com\/pl\/#\/schema\/logo\/image\/"},"sameAs":["https:\/\/www.facebook.com\/zhllightinggroup","https:\/\/x.com\/zhl_lighting"]}]}},"_links":{"self":[{"href":"https:\/\/www.zhgdled.com\/pl\/wp-json\/wp\/v2\/product\/12477","targetHints":{"allow":["GET"]}}],"collection":[{"href":"https:\/\/www.zhgdled.com\/pl\/wp-json\/wp\/v2\/product"}],"about":[{"href":"https:\/\/www.zhgdled.com\/pl\/wp-json\/wp\/v2\/types\/product"}],"wp:featuredmedia":[{"embeddable":true,"href":"https:\/\/www.zhgdled.com\/pl\/wp-json\/wp\/v2\/media\/13369"}],"wp:attachment":[{"href":"https:\/\/www.zhgdled.com\/pl\/wp-json\/wp\/v2\/media?parent=12477"}],"wp:term":[{"taxonomy":"product_brand","embeddable":true,"href":"https:\/\/www.zhgdled.com\/pl\/wp-json\/wp\/v2\/product_brand?post=12477"},{"taxonomy":"product_cat","embeddable":true,"href":"https:\/\/www.zhgdled.com\/pl\/wp-json\/wp\/v2\/product_cat?post=12477"},{"taxonomy":"product_tag","embeddable":true,"href":"https:\/\/www.zhgdled.com\/pl\/wp-json\/wp\/v2\/product_tag?post=12477"}],"curies":[{"name":"wp","href":"https:\/\/api.w.org\/{rel}","templated":true}]}}