{"id":12484,"date":"2023-08-21T09:25:02","date_gmt":"2022-07-01T03:38:02","guid":{"rendered":"https:\/\/www.zhgdled.com\/product\/z-plus-series-3rd-gen-led-flood-light"},"modified":"2022-07-16T14:26:21","modified_gmt":"2022-07-16T06:26:21","slug":"z-plus-series-3rd-gen-led-flood-light","status":"publish","type":"product","link":"https:\/\/www.zhgdled.com\/pl\/z-plus-series-3rd-gen-led-flood-light.html","title":{"rendered":"Reflektor LED generacji generacji Z-Plus"},"content":{"rendered":"<p>Op\u0142ywowy lekki korpus, prosty i nastrojowy wygl\u0105d, 10W-200W r\u00f3\u017cne opcje mocy.<br \/>\nWysokiej jako\u015bci odb\u0142y\u015bnik z nanomateria\u0142em o wysokim rozproszonym odbiciu, wy\u017cszym wsp\u00f3\u0142czynniku odbicia i lepszym efekcie przeciwodblaskowym.<br \/>\nDoskona\u0142e odlewane aluminium ADC12 w po\u0142\u0105czeniu z naukowym wzornictwem przemys\u0142owym dla lepszego rozpraszania ciep\u0142a. Luksus i konkurencyjne ceny to czynniki le\u017c\u0105ce u podstaw osi\u0105gania wysokich wolumen\u00f3w produkcji.<\/p>\n","protected":false},"excerpt":{"rendered":"<ul>\n<li>Op\u0142ywowy, lekki korpus, prosty i nastrojowy wygl\u0105d.<\/li>\n<li>10W-200W r\u00f3\u017cne opcje mocy.<\/li>\n<li>Wysokiej jako\u015bci odb\u0142y\u015bnik z nanomateria\u0142em o wysokim rozproszonym odbiciu, wy\u017cszym wsp\u00f3\u0142czynniku odbicia i<\/li>\n<li>lepszym efekcie przeciwodblaskowym.<\/li>\n<li>Doskona\u0142e odlewane aluminium ADC12 w po\u0142\u0105czeniu z naukowym wzornictwem przemys\u0142owym dla lepszego<\/li>\n<li>rozpraszania ciep\u0142a.<\/li>\n<li>Luksus i konkurencyjne ceny to czynniki le\u017c\u0105ce u podstaw osi\u0105gania wysokich wolumen\u00f3w produkcji.<\/li>\n<\/ul>\n","protected":false},"featured_media":21522,"template":"","meta":[],"product_brand":[],"product_cat":[613],"product_tag":[395,396],"class_list":{"0":"post-12484","1":"product","2":"type-product","3":"status-publish","4":"has-post-thumbnail","6":"product_cat-led-flood-light-pl-2","7":"product_tag-flood-light-pl","8":"product_tag-anti-glare-pl","10":"first","11":"instock","12":"featured","13":"shipping-taxable","14":"product-type-simple"},"yoast_head":"<!-- This site is optimized with the Yoast SEO plugin v27.4 - https:\/\/yoast.com\/product\/yoast-seo-wordpress\/ -->\n<title>Reflektor LED generacji generacji Z-Plus &#8211; Grupa O\u015bwietleniowa ZHL<\/title>\n<meta name=\"description\" content=\"Op\u0142ywowy korpus lekki, prosty i atmosferyczny wygl\u0105d, r\u00f3\u017cne opcje mocy 10 W-200 W. Wysokiej jako\u015bci odb\u0142y\u015bnik z nanomateria\u0142em o wysokim rozproszonym odbiciu, wy\u017cszym wsp\u00f3\u0142czynniku odbicia i lepszym efekcie przeciwodblaskowym. Doskona\u0142e odlewane aluminium ADC12 w po\u0142\u0105czeniu z naukowym wzornictwem przemys\u0142owym dla lepszego rozpraszania ciep\u0142a . Luksus i konkurencyjne ceny to czynniki le\u017c\u0105ce u podstaw osi\u0105gania wysokich wolumen\u00f3w produkcji.\" \/>\n<meta name=\"robots\" content=\"index, follow, max-snippet:-1, max-image-preview:large, max-video-preview:-1\" \/>\n<link rel=\"canonical\" href=\"https:\/\/www.zhgdled.com\/pl\/z-plus-series-3rd-gen-led-flood-light.html\" \/>\n<meta property=\"og:locale\" content=\"pl_PL\" \/>\n<meta property=\"og:type\" content=\"article\" \/>\n<meta property=\"og:title\" content=\"Reflektor LED generacji generacji Z-Plus &#8211; Grupa O\u015bwietleniowa ZHL\" \/>\n<meta property=\"og:description\" content=\"Op\u0142ywowy korpus lekki, prosty i atmosferyczny wygl\u0105d, r\u00f3\u017cne opcje mocy 10 W-200 W. Wysokiej jako\u015bci odb\u0142y\u015bnik z nanomateria\u0142em o wysokim rozproszonym odbiciu, wy\u017cszym wsp\u00f3\u0142czynniku odbicia i lepszym efekcie przeciwodblaskowym. Doskona\u0142e odlewane aluminium ADC12 w po\u0142\u0105czeniu z naukowym wzornictwem przemys\u0142owym dla lepszego rozpraszania ciep\u0142a . Luksus i konkurencyjne ceny to czynniki le\u017c\u0105ce u podstaw osi\u0105gania wysokich wolumen\u00f3w produkcji.\" \/>\n<meta property=\"og:url\" content=\"https:\/\/www.zhgdled.com\/pl\/z-plus-series-3rd-gen-led-flood-light.html\" \/>\n<meta property=\"og:site_name\" content=\"Grupa O\u015bwietleniowa ZHL\" \/>\n<meta property=\"article:publisher\" content=\"https:\/\/www.facebook.com\/zhllightinggroup\" \/>\n<meta property=\"article:modified_time\" content=\"2022-07-16T06:26:21+00:00\" \/>\n<meta property=\"og:image\" content=\"https:\/\/www.zhgdled.com\/wp-content\/uploads\/2022\/07\/3.png\" \/>\n\t<meta property=\"og:image:width\" content=\"1600\" \/>\n\t<meta property=\"og:image:height\" content=\"1600\" \/>\n\t<meta property=\"og:image:type\" content=\"image\/png\" \/>\n<meta name=\"twitter:card\" content=\"summary_large_image\" \/>\n<meta name=\"twitter:site\" content=\"@zhl_lighting\" \/>\n<meta name=\"twitter:label1\" content=\"Szacowany czas czytania\" \/>\n\t<meta name=\"twitter:data1\" content=\"1 minuta\" \/>\n<script type=\"application\/ld+json\" class=\"yoast-schema-graph\">{\"@context\":\"https:\\\/\\\/schema.org\",\"@graph\":[{\"@type\":\"WebPage\",\"@id\":\"https:\\\/\\\/www.zhgdled.com\\\/pl\\\/z-plus-series-3rd-gen-led-flood-light.html\",\"url\":\"https:\\\/\\\/www.zhgdled.com\\\/pl\\\/z-plus-series-3rd-gen-led-flood-light.html\",\"name\":\"Reflektor LED generacji generacji Z-Plus &#8211; Grupa O\u015bwietleniowa ZHL\",\"isPartOf\":{\"@id\":\"https:\\\/\\\/www.zhgdled.com\\\/pl\\\/#website\"},\"primaryImageOfPage\":{\"@id\":\"https:\\\/\\\/www.zhgdled.com\\\/pl\\\/z-plus-series-3rd-gen-led-flood-light.html#primaryimage\"},\"image\":{\"@id\":\"https:\\\/\\\/www.zhgdled.com\\\/pl\\\/z-plus-series-3rd-gen-led-flood-light.html#primaryimage\"},\"thumbnailUrl\":\"https:\\\/\\\/www.zhgdled.com\\\/wp-content\\\/uploads\\\/2023\\\/06\\\/Z-PLUS-3-MAIN.png\",\"datePublished\":\"2022-07-01T03:38:02+00:00\",\"dateModified\":\"2022-07-16T06:26:21+00:00\",\"description\":\"Op\u0142ywowy korpus lekki, prosty i atmosferyczny wygl\u0105d, r\u00f3\u017cne opcje mocy 10 W-200 W. Wysokiej jako\u015bci odb\u0142y\u015bnik z nanomateria\u0142em o wysokim rozproszonym odbiciu, wy\u017cszym wsp\u00f3\u0142czynniku odbicia i lepszym efekcie przeciwodblaskowym. Doskona\u0142e odlewane aluminium ADC12 w po\u0142\u0105czeniu z naukowym wzornictwem przemys\u0142owym dla lepszego rozpraszania ciep\u0142a . Luksus i konkurencyjne ceny to czynniki le\u017c\u0105ce u podstaw osi\u0105gania wysokich wolumen\u00f3w produkcji.\",\"breadcrumb\":{\"@id\":\"https:\\\/\\\/www.zhgdled.com\\\/pl\\\/z-plus-series-3rd-gen-led-flood-light.html#breadcrumb\"},\"inLanguage\":\"pl-PL\",\"potentialAction\":[{\"@type\":\"ReadAction\",\"target\":[\"https:\\\/\\\/www.zhgdled.com\\\/pl\\\/z-plus-series-3rd-gen-led-flood-light.html\"]}]},{\"@type\":\"ImageObject\",\"inLanguage\":\"pl-PL\",\"@id\":\"https:\\\/\\\/www.zhgdled.com\\\/pl\\\/z-plus-series-3rd-gen-led-flood-light.html#primaryimage\",\"url\":\"https:\\\/\\\/www.zhgdled.com\\\/wp-content\\\/uploads\\\/2023\\\/06\\\/Z-PLUS-3-MAIN.png\",\"contentUrl\":\"https:\\\/\\\/www.zhgdled.com\\\/wp-content\\\/uploads\\\/2023\\\/06\\\/Z-PLUS-3-MAIN.png\",\"width\":1600,\"height\":1600,\"caption\":\"Z-PLUS series floodlights by ZHL\"},{\"@type\":\"BreadcrumbList\",\"@id\":\"https:\\\/\\\/www.zhgdled.com\\\/pl\\\/z-plus-series-3rd-gen-led-flood-light.html#breadcrumb\",\"itemListElement\":[{\"@type\":\"ListItem\",\"position\":1,\"name\":\"Home\",\"item\":\"https:\\\/\\\/www.zhgdled.com\\\/pl\"},{\"@type\":\"ListItem\",\"position\":2,\"name\":\"PRODUCTS\",\"item\":\"https:\\\/\\\/www.zhgdled.com\\\/zhl-products.html\"},{\"@type\":\"ListItem\",\"position\":3,\"name\":\"Reflektor LED generacji generacji Z-Plus\"}]},{\"@type\":\"WebSite\",\"@id\":\"https:\\\/\\\/www.zhgdled.com\\\/pl\\\/#website\",\"url\":\"https:\\\/\\\/www.zhgdled.com\\\/pl\\\/\",\"name\":\"Grupa O\u015bwietleniowa ZHL\",\"description\":\"Top ranking industrial lighting manufacturer and exporter\",\"publisher\":{\"@id\":\"https:\\\/\\\/www.zhgdled.com\\\/pl\\\/#organization\"},\"potentialAction\":[{\"@type\":\"SearchAction\",\"target\":{\"@type\":\"EntryPoint\",\"urlTemplate\":\"https:\\\/\\\/www.zhgdled.com\\\/pl\\\/?s={search_term_string}\"},\"query-input\":{\"@type\":\"PropertyValueSpecification\",\"valueRequired\":true,\"valueName\":\"search_term_string\"}}],\"inLanguage\":\"pl-PL\"},{\"@type\":\"Organization\",\"@id\":\"https:\\\/\\\/www.zhgdled.com\\\/pl\\\/#organization\",\"name\":\"ZHL Lighting Group\",\"url\":\"https:\\\/\\\/www.zhgdled.com\\\/pl\\\/\",\"logo\":{\"@type\":\"ImageObject\",\"inLanguage\":\"pl-PL\",\"@id\":\"https:\\\/\\\/www.zhgdled.com\\\/pl\\\/#\\\/schema\\\/logo\\\/image\\\/\",\"url\":\"\",\"contentUrl\":\"\",\"caption\":\"ZHL Lighting Group\"},\"image\":{\"@id\":\"https:\\\/\\\/www.zhgdled.com\\\/pl\\\/#\\\/schema\\\/logo\\\/image\\\/\"},\"sameAs\":[\"https:\\\/\\\/www.facebook.com\\\/zhllightinggroup\",\"https:\\\/\\\/x.com\\\/zhl_lighting\"]}]}<\/script>\n<!-- \/ Yoast SEO plugin. -->","yoast_head_json":{"title":"Reflektor LED generacji generacji Z-Plus &#8211; Grupa O\u015bwietleniowa ZHL","description":"Op\u0142ywowy korpus lekki, prosty i atmosferyczny wygl\u0105d, r\u00f3\u017cne opcje mocy 10 W-200 W. Wysokiej jako\u015bci odb\u0142y\u015bnik z nanomateria\u0142em o wysokim rozproszonym odbiciu, wy\u017cszym wsp\u00f3\u0142czynniku odbicia i lepszym efekcie przeciwodblaskowym. Doskona\u0142e odlewane aluminium ADC12 w po\u0142\u0105czeniu z naukowym wzornictwem przemys\u0142owym dla lepszego rozpraszania ciep\u0142a . Luksus i konkurencyjne ceny to czynniki le\u017c\u0105ce u podstaw osi\u0105gania wysokich wolumen\u00f3w produkcji.","robots":{"index":"index","follow":"follow","max-snippet":"max-snippet:-1","max-image-preview":"max-image-preview:large","max-video-preview":"max-video-preview:-1"},"canonical":"https:\/\/www.zhgdled.com\/pl\/z-plus-series-3rd-gen-led-flood-light.html","og_locale":"pl_PL","og_type":"article","og_title":"Reflektor LED generacji generacji Z-Plus &#8211; Grupa O\u015bwietleniowa ZHL","og_description":"Op\u0142ywowy korpus lekki, prosty i atmosferyczny wygl\u0105d, r\u00f3\u017cne opcje mocy 10 W-200 W. Wysokiej jako\u015bci odb\u0142y\u015bnik z nanomateria\u0142em o wysokim rozproszonym odbiciu, wy\u017cszym wsp\u00f3\u0142czynniku odbicia i lepszym efekcie przeciwodblaskowym. Doskona\u0142e odlewane aluminium ADC12 w po\u0142\u0105czeniu z naukowym wzornictwem przemys\u0142owym dla lepszego rozpraszania ciep\u0142a . Luksus i konkurencyjne ceny to czynniki le\u017c\u0105ce u podstaw osi\u0105gania wysokich wolumen\u00f3w produkcji.","og_url":"https:\/\/www.zhgdled.com\/pl\/z-plus-series-3rd-gen-led-flood-light.html","og_site_name":"Grupa O\u015bwietleniowa ZHL","article_publisher":"https:\/\/www.facebook.com\/zhllightinggroup","article_modified_time":"2022-07-16T06:26:21+00:00","og_image":[{"width":1600,"height":1600,"url":"https:\/\/www.zhgdled.com\/wp-content\/uploads\/2022\/07\/3.png","type":"image\/png"}],"twitter_card":"summary_large_image","twitter_site":"@zhl_lighting","twitter_misc":{"Szacowany czas czytania":"1 minuta"},"schema":{"@context":"https:\/\/schema.org","@graph":[{"@type":"WebPage","@id":"https:\/\/www.zhgdled.com\/pl\/z-plus-series-3rd-gen-led-flood-light.html","url":"https:\/\/www.zhgdled.com\/pl\/z-plus-series-3rd-gen-led-flood-light.html","name":"Reflektor LED generacji generacji Z-Plus &#8211; Grupa O\u015bwietleniowa ZHL","isPartOf":{"@id":"https:\/\/www.zhgdled.com\/pl\/#website"},"primaryImageOfPage":{"@id":"https:\/\/www.zhgdled.com\/pl\/z-plus-series-3rd-gen-led-flood-light.html#primaryimage"},"image":{"@id":"https:\/\/www.zhgdled.com\/pl\/z-plus-series-3rd-gen-led-flood-light.html#primaryimage"},"thumbnailUrl":"https:\/\/www.zhgdled.com\/wp-content\/uploads\/2023\/06\/Z-PLUS-3-MAIN.png","datePublished":"2022-07-01T03:38:02+00:00","dateModified":"2022-07-16T06:26:21+00:00","description":"Op\u0142ywowy korpus lekki, prosty i atmosferyczny wygl\u0105d, r\u00f3\u017cne opcje mocy 10 W-200 W. Wysokiej jako\u015bci odb\u0142y\u015bnik z nanomateria\u0142em o wysokim rozproszonym odbiciu, wy\u017cszym wsp\u00f3\u0142czynniku odbicia i lepszym efekcie przeciwodblaskowym. Doskona\u0142e odlewane aluminium ADC12 w po\u0142\u0105czeniu z naukowym wzornictwem przemys\u0142owym dla lepszego rozpraszania ciep\u0142a . Luksus i konkurencyjne ceny to czynniki le\u017c\u0105ce u podstaw osi\u0105gania wysokich wolumen\u00f3w produkcji.","breadcrumb":{"@id":"https:\/\/www.zhgdled.com\/pl\/z-plus-series-3rd-gen-led-flood-light.html#breadcrumb"},"inLanguage":"pl-PL","potentialAction":[{"@type":"ReadAction","target":["https:\/\/www.zhgdled.com\/pl\/z-plus-series-3rd-gen-led-flood-light.html"]}]},{"@type":"ImageObject","inLanguage":"pl-PL","@id":"https:\/\/www.zhgdled.com\/pl\/z-plus-series-3rd-gen-led-flood-light.html#primaryimage","url":"https:\/\/www.zhgdled.com\/wp-content\/uploads\/2023\/06\/Z-PLUS-3-MAIN.png","contentUrl":"https:\/\/www.zhgdled.com\/wp-content\/uploads\/2023\/06\/Z-PLUS-3-MAIN.png","width":1600,"height":1600,"caption":"Z-PLUS series floodlights by ZHL"},{"@type":"BreadcrumbList","@id":"https:\/\/www.zhgdled.com\/pl\/z-plus-series-3rd-gen-led-flood-light.html#breadcrumb","itemListElement":[{"@type":"ListItem","position":1,"name":"Home","item":"https:\/\/www.zhgdled.com\/pl"},{"@type":"ListItem","position":2,"name":"PRODUCTS","item":"https:\/\/www.zhgdled.com\/zhl-products.html"},{"@type":"ListItem","position":3,"name":"Reflektor LED generacji generacji Z-Plus"}]},{"@type":"WebSite","@id":"https:\/\/www.zhgdled.com\/pl\/#website","url":"https:\/\/www.zhgdled.com\/pl\/","name":"Grupa O\u015bwietleniowa ZHL","description":"Top ranking industrial lighting manufacturer and exporter","publisher":{"@id":"https:\/\/www.zhgdled.com\/pl\/#organization"},"potentialAction":[{"@type":"SearchAction","target":{"@type":"EntryPoint","urlTemplate":"https:\/\/www.zhgdled.com\/pl\/?s={search_term_string}"},"query-input":{"@type":"PropertyValueSpecification","valueRequired":true,"valueName":"search_term_string"}}],"inLanguage":"pl-PL"},{"@type":"Organization","@id":"https:\/\/www.zhgdled.com\/pl\/#organization","name":"ZHL Lighting Group","url":"https:\/\/www.zhgdled.com\/pl\/","logo":{"@type":"ImageObject","inLanguage":"pl-PL","@id":"https:\/\/www.zhgdled.com\/pl\/#\/schema\/logo\/image\/","url":"","contentUrl":"","caption":"ZHL Lighting Group"},"image":{"@id":"https:\/\/www.zhgdled.com\/pl\/#\/schema\/logo\/image\/"},"sameAs":["https:\/\/www.facebook.com\/zhllightinggroup","https:\/\/x.com\/zhl_lighting"]}]}},"_links":{"self":[{"href":"https:\/\/www.zhgdled.com\/pl\/wp-json\/wp\/v2\/product\/12484","targetHints":{"allow":["GET"]}}],"collection":[{"href":"https:\/\/www.zhgdled.com\/pl\/wp-json\/wp\/v2\/product"}],"about":[{"href":"https:\/\/www.zhgdled.com\/pl\/wp-json\/wp\/v2\/types\/product"}],"wp:featuredmedia":[{"embeddable":true,"href":"https:\/\/www.zhgdled.com\/pl\/wp-json\/wp\/v2\/media\/21522"}],"wp:attachment":[{"href":"https:\/\/www.zhgdled.com\/pl\/wp-json\/wp\/v2\/media?parent=12484"}],"wp:term":[{"taxonomy":"product_brand","embeddable":true,"href":"https:\/\/www.zhgdled.com\/pl\/wp-json\/wp\/v2\/product_brand?post=12484"},{"taxonomy":"product_cat","embeddable":true,"href":"https:\/\/www.zhgdled.com\/pl\/wp-json\/wp\/v2\/product_cat?post=12484"},{"taxonomy":"product_tag","embeddable":true,"href":"https:\/\/www.zhgdled.com\/pl\/wp-json\/wp\/v2\/product_tag?post=12484"}],"curies":[{"name":"wp","href":"https:\/\/api.w.org\/{rel}","templated":true}]}}