{"id":12486,"date":"2024-04-19T09:25:57","date_gmt":"2022-06-23T01:25:57","guid":{"rendered":"https:\/\/www.zhgdled.com\/product\/eco-serries-flood-light"},"modified":"2022-09-01T09:09:48","modified_gmt":"2022-09-01T01:09:48","slug":"eco-serries-flood-light","status":"publish","type":"product","link":"https:\/\/www.zhgdled.com\/pl\/eco-serries-flood-light.html","title":{"rendered":"Reflektor LED serii ECO"},"content":{"rendered":"<h2>ROZPROSZONE ODBICIE, PE\u0141NY K\u0104T O\u015aWIETLENIA<\/h2>\n<p>Oprawa z serii ECO zapewnia wyj\u0105tkow\u0105 wydajno\u015b\u0107 w eleganckiej, niskoprofilowej konstrukcji z r\u00f3\u017cnymi opcjami rozsy\u0142u \u015bwiat\u0142a i rozsy\u0142u optycznego. Przeznaczenie tego produktu dotyczy obszar\u00f3w budowlanych, parking\u00f3w, salon\u00f3w samochodowych, jezdni, chodnik\u00f3w, \u015bcie\u017cek dla pieszych i o\u015bwietlenia bezpiecze\u0144stwa.<\/p>\n<p>Kliknij, aby pobra\u0107 specyfikacj\u0119 reflektora ECO:<\/p>\n<p>EKO-Reflektor.pdf<\/p>\n<p>&nbsp;<\/p>\n<h2>SPECYFIKACJA<\/h2>\n<table>\n<tbody>\n<tr>\n<td><strong>Power<\/strong><\/td>\n<td><strong>10W 20W 30W 50W<\/strong><\/td>\n<\/tr>\n<tr>\n<td><strong>LED<\/strong><\/td>\n<td><strong>SMD 2835<\/strong><\/td>\n<\/tr>\n<tr>\n<td><strong>Color Temperature(CCT)<\/strong><\/td>\n<td><strong>2700-7000K<\/strong><\/td>\n<\/tr>\n<tr>\n<td><strong>Luminous Efficiency(lm\/w)<\/strong><\/td>\n<td><strong>90lm\/w<\/strong><\/td>\n<\/tr>\n<tr>\n<td><strong>Input Voltage(V)<\/strong><\/td>\n<td width=\"470\"><strong>AC220-240V\/ AC100-240V<\/strong><\/td>\n<\/tr>\n<tr>\n<td><strong>PF<\/strong><\/td>\n<td><strong>&gt;0.9<\/strong><\/td>\n<\/tr>\n<tr>\n<td><strong>CRI (Ra&gt;)<\/strong><\/td>\n<td><strong>80<\/strong><\/td>\n<\/tr>\n<tr>\n<td><strong>Beam Angle(\u00b0)<\/strong><\/td>\n<td width=\"470\"><strong>60\/90\/120<\/strong><\/td>\n<\/tr>\n<tr>\n<td><strong>IP Grade<\/strong><\/td>\n<td><strong>IP65<\/strong><\/td>\n<\/tr>\n<tr>\n<td><strong>Material<\/strong><\/td>\n<td><strong>Aluminum Body + PC Lens + Tempered Glass Cover<\/strong><\/td>\n<\/tr>\n<tr>\n<td><strong>Working Temperature(\u2103)<\/strong><\/td>\n<td><strong>-20-50<\/strong><\/td>\n<\/tr>\n<tr>\n<td><strong>Warranty(Year)<\/strong><\/td>\n<td><strong>3 Years \/ 5 Years<\/strong><\/td>\n<\/tr>\n<tr>\n<td><strong>Certification<\/strong><\/td>\n<td><strong>CE,\u00a0ERP, RoHS<\/strong><\/td>\n<\/tr>\n<tr>\n<td><strong>Driver<\/strong><\/td>\n<td><strong>High Voltage Linear IC<\/strong><\/td>\n<\/tr>\n<\/tbody>\n<\/table>\n","protected":false},"excerpt":{"rendered":"<p>Oprawa z serii ECO zapewnia wyj\u0105tkow\u0105 wydajno\u015b\u0107 w eleganckiej, niskoprofilowej konstrukcji z r\u00f3\u017cnymi opcjami rozsy\u0142u \u015bwiat\u0142a i rozsy\u0142u optycznego. Przeznaczenie tego produktu dotyczy obszar\u00f3w budowlanych, parking\u00f3w, salon\u00f3w samochodowych, jezdni, chodnik\u00f3w, \u015bcie\u017cek dla pieszych i o\u015bwietlenia bezpiecze\u0144stwa.<\/p>\n","protected":false},"featured_media":13266,"template":"","meta":[],"product_brand":[],"product_cat":[613],"product_tag":[],"class_list":{"0":"post-12486","1":"product","2":"type-product","3":"status-publish","4":"has-post-thumbnail","6":"product_cat-led-flood-light-pl-2","8":"first","9":"instock","10":"shipping-taxable","11":"product-type-simple"},"yoast_head":"<!-- This site is optimized with the Yoast SEO plugin v27.4 - https:\/\/yoast.com\/product\/yoast-seo-wordpress\/ -->\n<title>Reflektor LED serii ECO &#8211; Grupa O\u015bwietleniowa ZHL<\/title>\n<meta name=\"description\" content=\"Oprawa z serii ECO zapewnia wyj\u0105tkow\u0105 wydajno\u015b\u0107 w eleganckiej, niskoprofilowej konstrukcji z r\u00f3\u017cnymi opcjami rozsy\u0142u \u015bwiat\u0142a i rozsy\u0142u optycznego. Przeznaczenie tego produktu dotyczy obszar\u00f3w budowlanych, parking\u00f3w, salon\u00f3w samochodowych, jezdni, chodnik\u00f3w, \u015bcie\u017cek dla pieszych i o\u015bwietlenia bezpiecze\u0144stwa.\" \/>\n<meta name=\"robots\" content=\"index, follow, max-snippet:-1, max-image-preview:large, max-video-preview:-1\" \/>\n<link rel=\"canonical\" href=\"https:\/\/www.zhgdled.com\/pl\/eco-serries-flood-light.html\" \/>\n<meta property=\"og:locale\" content=\"pl_PL\" \/>\n<meta property=\"og:type\" content=\"article\" \/>\n<meta property=\"og:title\" content=\"Reflektor LED serii ECO &#8211; Grupa O\u015bwietleniowa ZHL\" \/>\n<meta property=\"og:description\" content=\"Oprawa z serii ECO zapewnia wyj\u0105tkow\u0105 wydajno\u015b\u0107 w eleganckiej, niskoprofilowej konstrukcji z r\u00f3\u017cnymi opcjami rozsy\u0142u \u015bwiat\u0142a i rozsy\u0142u optycznego. Przeznaczenie tego produktu dotyczy obszar\u00f3w budowlanych, parking\u00f3w, salon\u00f3w samochodowych, jezdni, chodnik\u00f3w, \u015bcie\u017cek dla pieszych i o\u015bwietlenia bezpiecze\u0144stwa.\" \/>\n<meta property=\"og:url\" content=\"https:\/\/www.zhgdled.com\/pl\/eco-serries-flood-light.html\" \/>\n<meta property=\"og:site_name\" content=\"Grupa O\u015bwietleniowa ZHL\" \/>\n<meta property=\"article:publisher\" content=\"https:\/\/www.facebook.com\/zhllightinggroup\" \/>\n<meta property=\"article:modified_time\" content=\"2022-09-01T01:09:48+00:00\" \/>\n<meta property=\"og:image\" content=\"https:\/\/www.zhgdled.com\/wp-content\/uploads\/2022\/06\/5-1.png\" \/>\n\t<meta property=\"og:image:width\" content=\"1600\" \/>\n\t<meta property=\"og:image:height\" content=\"1600\" \/>\n\t<meta property=\"og:image:type\" content=\"image\/png\" \/>\n<meta name=\"twitter:card\" content=\"summary_large_image\" \/>\n<meta name=\"twitter:site\" content=\"@zhl_lighting\" \/>\n<meta name=\"twitter:label1\" content=\"Szacowany czas czytania\" \/>\n\t<meta name=\"twitter:data1\" content=\"1 minuta\" \/>\n<script type=\"application\/ld+json\" class=\"yoast-schema-graph\">{\"@context\":\"https:\\\/\\\/schema.org\",\"@graph\":[{\"@type\":\"WebPage\",\"@id\":\"https:\\\/\\\/www.zhgdled.com\\\/pl\\\/eco-serries-flood-light.html\",\"url\":\"https:\\\/\\\/www.zhgdled.com\\\/pl\\\/eco-serries-flood-light.html\",\"name\":\"Reflektor LED serii ECO &#8211; Grupa O\u015bwietleniowa ZHL\",\"isPartOf\":{\"@id\":\"https:\\\/\\\/www.zhgdled.com\\\/pl\\\/#website\"},\"primaryImageOfPage\":{\"@id\":\"https:\\\/\\\/www.zhgdled.com\\\/pl\\\/eco-serries-flood-light.html#primaryimage\"},\"image\":{\"@id\":\"https:\\\/\\\/www.zhgdled.com\\\/pl\\\/eco-serries-flood-light.html#primaryimage\"},\"thumbnailUrl\":\"https:\\\/\\\/www.zhgdled.com\\\/wp-content\\\/uploads\\\/2022\\\/06\\\/5-1.png\",\"datePublished\":\"2022-06-23T01:25:57+00:00\",\"dateModified\":\"2022-09-01T01:09:48+00:00\",\"description\":\"Oprawa z serii ECO zapewnia wyj\u0105tkow\u0105 wydajno\u015b\u0107 w eleganckiej, niskoprofilowej konstrukcji z r\u00f3\u017cnymi opcjami rozsy\u0142u \u015bwiat\u0142a i rozsy\u0142u optycznego. Przeznaczenie tego produktu dotyczy obszar\u00f3w budowlanych, parking\u00f3w, salon\u00f3w samochodowych, jezdni, chodnik\u00f3w, \u015bcie\u017cek dla pieszych i o\u015bwietlenia bezpiecze\u0144stwa.\",\"breadcrumb\":{\"@id\":\"https:\\\/\\\/www.zhgdled.com\\\/pl\\\/eco-serries-flood-light.html#breadcrumb\"},\"inLanguage\":\"pl-PL\",\"potentialAction\":[{\"@type\":\"ReadAction\",\"target\":[\"https:\\\/\\\/www.zhgdled.com\\\/pl\\\/eco-serries-flood-light.html\"]}]},{\"@type\":\"ImageObject\",\"inLanguage\":\"pl-PL\",\"@id\":\"https:\\\/\\\/www.zhgdled.com\\\/pl\\\/eco-serries-flood-light.html#primaryimage\",\"url\":\"https:\\\/\\\/www.zhgdled.com\\\/wp-content\\\/uploads\\\/2022\\\/06\\\/5-1.png\",\"contentUrl\":\"https:\\\/\\\/www.zhgdled.com\\\/wp-content\\\/uploads\\\/2022\\\/06\\\/5-1.png\",\"width\":1600,\"height\":1600,\"caption\":\"ECO Series LED FloodLight fixture\"},{\"@type\":\"BreadcrumbList\",\"@id\":\"https:\\\/\\\/www.zhgdled.com\\\/pl\\\/eco-serries-flood-light.html#breadcrumb\",\"itemListElement\":[{\"@type\":\"ListItem\",\"position\":1,\"name\":\"Home\",\"item\":\"https:\\\/\\\/www.zhgdled.com\\\/pl\"},{\"@type\":\"ListItem\",\"position\":2,\"name\":\"PRODUCTS\",\"item\":\"https:\\\/\\\/www.zhgdled.com\\\/zhl-products.html\"},{\"@type\":\"ListItem\",\"position\":3,\"name\":\"Reflektor LED serii ECO\"}]},{\"@type\":\"WebSite\",\"@id\":\"https:\\\/\\\/www.zhgdled.com\\\/pl\\\/#website\",\"url\":\"https:\\\/\\\/www.zhgdled.com\\\/pl\\\/\",\"name\":\"Grupa O\u015bwietleniowa ZHL\",\"description\":\"Top ranking industrial lighting manufacturer and exporter\",\"publisher\":{\"@id\":\"https:\\\/\\\/www.zhgdled.com\\\/pl\\\/#organization\"},\"potentialAction\":[{\"@type\":\"SearchAction\",\"target\":{\"@type\":\"EntryPoint\",\"urlTemplate\":\"https:\\\/\\\/www.zhgdled.com\\\/pl\\\/?s={search_term_string}\"},\"query-input\":{\"@type\":\"PropertyValueSpecification\",\"valueRequired\":true,\"valueName\":\"search_term_string\"}}],\"inLanguage\":\"pl-PL\"},{\"@type\":\"Organization\",\"@id\":\"https:\\\/\\\/www.zhgdled.com\\\/pl\\\/#organization\",\"name\":\"ZHL Lighting Group\",\"url\":\"https:\\\/\\\/www.zhgdled.com\\\/pl\\\/\",\"logo\":{\"@type\":\"ImageObject\",\"inLanguage\":\"pl-PL\",\"@id\":\"https:\\\/\\\/www.zhgdled.com\\\/pl\\\/#\\\/schema\\\/logo\\\/image\\\/\",\"url\":\"\",\"contentUrl\":\"\",\"caption\":\"ZHL Lighting Group\"},\"image\":{\"@id\":\"https:\\\/\\\/www.zhgdled.com\\\/pl\\\/#\\\/schema\\\/logo\\\/image\\\/\"},\"sameAs\":[\"https:\\\/\\\/www.facebook.com\\\/zhllightinggroup\",\"https:\\\/\\\/x.com\\\/zhl_lighting\"]}]}<\/script>\n<!-- \/ Yoast SEO plugin. -->","yoast_head_json":{"title":"Reflektor LED serii ECO &#8211; Grupa O\u015bwietleniowa ZHL","description":"Oprawa z serii ECO zapewnia wyj\u0105tkow\u0105 wydajno\u015b\u0107 w eleganckiej, niskoprofilowej konstrukcji z r\u00f3\u017cnymi opcjami rozsy\u0142u \u015bwiat\u0142a i rozsy\u0142u optycznego. Przeznaczenie tego produktu dotyczy obszar\u00f3w budowlanych, parking\u00f3w, salon\u00f3w samochodowych, jezdni, chodnik\u00f3w, \u015bcie\u017cek dla pieszych i o\u015bwietlenia bezpiecze\u0144stwa.","robots":{"index":"index","follow":"follow","max-snippet":"max-snippet:-1","max-image-preview":"max-image-preview:large","max-video-preview":"max-video-preview:-1"},"canonical":"https:\/\/www.zhgdled.com\/pl\/eco-serries-flood-light.html","og_locale":"pl_PL","og_type":"article","og_title":"Reflektor LED serii ECO &#8211; Grupa O\u015bwietleniowa ZHL","og_description":"Oprawa z serii ECO zapewnia wyj\u0105tkow\u0105 wydajno\u015b\u0107 w eleganckiej, niskoprofilowej konstrukcji z r\u00f3\u017cnymi opcjami rozsy\u0142u \u015bwiat\u0142a i rozsy\u0142u optycznego. Przeznaczenie tego produktu dotyczy obszar\u00f3w budowlanych, parking\u00f3w, salon\u00f3w samochodowych, jezdni, chodnik\u00f3w, \u015bcie\u017cek dla pieszych i o\u015bwietlenia bezpiecze\u0144stwa.","og_url":"https:\/\/www.zhgdled.com\/pl\/eco-serries-flood-light.html","og_site_name":"Grupa O\u015bwietleniowa ZHL","article_publisher":"https:\/\/www.facebook.com\/zhllightinggroup","article_modified_time":"2022-09-01T01:09:48+00:00","og_image":[{"width":1600,"height":1600,"url":"https:\/\/www.zhgdled.com\/wp-content\/uploads\/2022\/06\/5-1.png","type":"image\/png"}],"twitter_card":"summary_large_image","twitter_site":"@zhl_lighting","twitter_misc":{"Szacowany czas czytania":"1 minuta"},"schema":{"@context":"https:\/\/schema.org","@graph":[{"@type":"WebPage","@id":"https:\/\/www.zhgdled.com\/pl\/eco-serries-flood-light.html","url":"https:\/\/www.zhgdled.com\/pl\/eco-serries-flood-light.html","name":"Reflektor LED serii ECO &#8211; Grupa O\u015bwietleniowa ZHL","isPartOf":{"@id":"https:\/\/www.zhgdled.com\/pl\/#website"},"primaryImageOfPage":{"@id":"https:\/\/www.zhgdled.com\/pl\/eco-serries-flood-light.html#primaryimage"},"image":{"@id":"https:\/\/www.zhgdled.com\/pl\/eco-serries-flood-light.html#primaryimage"},"thumbnailUrl":"https:\/\/www.zhgdled.com\/wp-content\/uploads\/2022\/06\/5-1.png","datePublished":"2022-06-23T01:25:57+00:00","dateModified":"2022-09-01T01:09:48+00:00","description":"Oprawa z serii ECO zapewnia wyj\u0105tkow\u0105 wydajno\u015b\u0107 w eleganckiej, niskoprofilowej konstrukcji z r\u00f3\u017cnymi opcjami rozsy\u0142u \u015bwiat\u0142a i rozsy\u0142u optycznego. Przeznaczenie tego produktu dotyczy obszar\u00f3w budowlanych, parking\u00f3w, salon\u00f3w samochodowych, jezdni, chodnik\u00f3w, \u015bcie\u017cek dla pieszych i o\u015bwietlenia bezpiecze\u0144stwa.","breadcrumb":{"@id":"https:\/\/www.zhgdled.com\/pl\/eco-serries-flood-light.html#breadcrumb"},"inLanguage":"pl-PL","potentialAction":[{"@type":"ReadAction","target":["https:\/\/www.zhgdled.com\/pl\/eco-serries-flood-light.html"]}]},{"@type":"ImageObject","inLanguage":"pl-PL","@id":"https:\/\/www.zhgdled.com\/pl\/eco-serries-flood-light.html#primaryimage","url":"https:\/\/www.zhgdled.com\/wp-content\/uploads\/2022\/06\/5-1.png","contentUrl":"https:\/\/www.zhgdled.com\/wp-content\/uploads\/2022\/06\/5-1.png","width":1600,"height":1600,"caption":"ECO Series LED FloodLight fixture"},{"@type":"BreadcrumbList","@id":"https:\/\/www.zhgdled.com\/pl\/eco-serries-flood-light.html#breadcrumb","itemListElement":[{"@type":"ListItem","position":1,"name":"Home","item":"https:\/\/www.zhgdled.com\/pl"},{"@type":"ListItem","position":2,"name":"PRODUCTS","item":"https:\/\/www.zhgdled.com\/zhl-products.html"},{"@type":"ListItem","position":3,"name":"Reflektor LED serii ECO"}]},{"@type":"WebSite","@id":"https:\/\/www.zhgdled.com\/pl\/#website","url":"https:\/\/www.zhgdled.com\/pl\/","name":"Grupa O\u015bwietleniowa ZHL","description":"Top ranking industrial lighting manufacturer and exporter","publisher":{"@id":"https:\/\/www.zhgdled.com\/pl\/#organization"},"potentialAction":[{"@type":"SearchAction","target":{"@type":"EntryPoint","urlTemplate":"https:\/\/www.zhgdled.com\/pl\/?s={search_term_string}"},"query-input":{"@type":"PropertyValueSpecification","valueRequired":true,"valueName":"search_term_string"}}],"inLanguage":"pl-PL"},{"@type":"Organization","@id":"https:\/\/www.zhgdled.com\/pl\/#organization","name":"ZHL Lighting Group","url":"https:\/\/www.zhgdled.com\/pl\/","logo":{"@type":"ImageObject","inLanguage":"pl-PL","@id":"https:\/\/www.zhgdled.com\/pl\/#\/schema\/logo\/image\/","url":"","contentUrl":"","caption":"ZHL Lighting Group"},"image":{"@id":"https:\/\/www.zhgdled.com\/pl\/#\/schema\/logo\/image\/"},"sameAs":["https:\/\/www.facebook.com\/zhllightinggroup","https:\/\/x.com\/zhl_lighting"]}]}},"_links":{"self":[{"href":"https:\/\/www.zhgdled.com\/pl\/wp-json\/wp\/v2\/product\/12486","targetHints":{"allow":["GET"]}}],"collection":[{"href":"https:\/\/www.zhgdled.com\/pl\/wp-json\/wp\/v2\/product"}],"about":[{"href":"https:\/\/www.zhgdled.com\/pl\/wp-json\/wp\/v2\/types\/product"}],"wp:featuredmedia":[{"embeddable":true,"href":"https:\/\/www.zhgdled.com\/pl\/wp-json\/wp\/v2\/media\/13266"}],"wp:attachment":[{"href":"https:\/\/www.zhgdled.com\/pl\/wp-json\/wp\/v2\/media?parent=12486"}],"wp:term":[{"taxonomy":"product_brand","embeddable":true,"href":"https:\/\/www.zhgdled.com\/pl\/wp-json\/wp\/v2\/product_brand?post=12486"},{"taxonomy":"product_cat","embeddable":true,"href":"https:\/\/www.zhgdled.com\/pl\/wp-json\/wp\/v2\/product_cat?post=12486"},{"taxonomy":"product_tag","embeddable":true,"href":"https:\/\/www.zhgdled.com\/pl\/wp-json\/wp\/v2\/product_tag?post=12486"}],"curies":[{"name":"wp","href":"https:\/\/api.w.org\/{rel}","templated":true}]}}