{"id":12508,"date":"2023-08-21T09:00:39","date_gmt":"2023-08-21T01:00:39","guid":{"rendered":"https:\/\/www.zhgdled.com\/product\/10w-400w-star-series-led-floodlight"},"modified":"2023-08-31T09:33:54","modified_gmt":"2023-08-31T01:33:54","slug":"10w-400w-star-series-led-floodlight","status":"publish","type":"product","link":"https:\/\/www.zhgdled.com\/pl\/10w-400w-star-series-led-floodlight.html","title":{"rendered":"Lampa powodziowa LED serii Star 10W-400W"},"content":{"rendered":"<h2>NAJBARDZIEJ EKONOMICZNE O\u015aWIETLENIE LED W OFERCIE ZHL LIGHTING<\/h2>\n<ul>\n<li>Reflektor LED ZHL Star Series jest produkowany z kwalifikowanego materia\u0142u aluminiowego i zapewnia doskona\u0142e odprowadzanie ciep\u0142a, co sprawia, \u017ce reflektor LED jest trwalszy. Wytrzyma\u0142a obudowa z odlewanego aluminium i certyfikat FCC reflektora zwi\u0119kszaj\u0105 jego bezpiecze\u0144stwo.<\/li>\n<li>Reflektor LED o mocy 10 W\u2013400 W ma moc 1000 lumen\u00f3w w barwie ch\u0142odnej bieli 6000\u20136500 K, co pozwala zaoszcz\u0119dzi\u0107 ponad 70% energii. Brak cienia i odblask\u00f3w, k\u0105t \u015bwiecenia 120 \u00b0 zapewnia wi\u0119ksz\u0105 odleg\u0142o\u015b\u0107 napromieniowania i zapewnia lepsze wra\u017cenia z u\u017cytkowania.<\/li>\n<li>Stopie\u0144 wodoodporno\u015bci IP65 zapewnia, \u017ce zewn\u0119trzny reflektor LED mo\u017ce by\u0107 szeroko stosowany w projektach o\u015bwietlenia zewn\u0119trznego i wewn\u0119trznego. Niewa\u017cne, jak trudna jest pogoda, na\u015bwietlacz LED ZHL sobie z ni\u0105 poradzi. ALE NIE zanurzaj go w wodzie.<\/li>\n<li>Idealny do miejsc wewn\u0119trznych i zewn\u0119trznych, takich jak ogrody, podw\u00f3rza, wille, parki, billboardy, dachy, sale gimnastyczne, budynki, drogi, ulice, place, fabryki itp.<\/li>\n<\/ul>\n<p><a href=\"https:\/\/www.zhgdled.com\/download\/catalogue-of-star-series-flood-light\"><img decoding=\"async\" class=\"alignnone wp-image-17755\" src=\"https:\/\/www.zhgdled.com\/wp-content\/uploads\/2021\/10\/20221122105539.jpg\" alt=\"\" width=\"295\" height=\"80\" srcset=\"https:\/\/www.zhgdled.com\/wp-content\/uploads\/2021\/10\/20221122105539.jpg 406w, https:\/\/www.zhgdled.com\/wp-content\/uploads\/2021\/10\/20221122105539-300x81.jpg 300w, https:\/\/www.zhgdled.com\/wp-content\/uploads\/2021\/10\/20221122105539-150x41.jpg 150w\" sizes=\"(max-width: 295px) 100vw, 295px\" \/><\/a><\/p>\n<h2><\/h2>\n<h2>SPECYFIKACJA<\/h2>\n<table>\n<tbody>\n<tr>\n<td>Moc<\/td>\n<td>10W 20W 30W 50W 100W 150W 200W 300W 400W<\/td>\n<\/tr>\n<tr>\n<td>LED<\/td>\n<td>SMD 2835<\/td>\n<\/tr>\n<tr>\n<td>Temperatura barwowa (CCT)<\/td>\n<td>2700-6500K<\/td>\n<\/tr>\n<tr>\n<td>Skuteczno\u015b\u0107 \u015bwietlna (lm\/w)<\/td>\n<td>90Lm\/w-110Lm\/w<\/td>\n<\/tr>\n<tr>\n<td>Napi\u0119cie wej\u015bciowe (V)<\/td>\n<td>AC100-240V\/AC220-240V<\/td>\n<\/tr>\n<tr>\n<td>PF<\/td>\n<td>&gt;0.9<\/td>\n<\/tr>\n<tr>\n<td>CRI (Ra)<\/td>\n<td>&gt;80<\/td>\n<\/tr>\n<tr>\n<td>K\u0105t wi\u0105zki (\u00b0)<\/td>\n<td>120<\/td>\n<\/tr>\n<tr>\n<td>Stopie\u0144 IP<\/td>\n<td>IP65<\/td>\n<\/tr>\n<tr>\n<td>Materia\u0142<\/td>\n<td>Aluminum Body + Tempered Glass Cover<\/td>\n<\/tr>\n<tr>\n<td>Temperatura pracy (\u2103)<\/td>\n<td>-20-50<\/td>\n<\/tr>\n<tr>\n<td>Gwarancja (rok)<\/td>\n<td>2\/3\/5 Years<\/td>\n<\/tr>\n<tr>\n<td>Orzecznictwo<\/td>\n<td>CE,ERP,RoHS<\/td>\n<\/tr>\n<tr>\n<td>Driver<\/td>\n<td>\u00a0DOB\/ ZHL Brand\/ Meanwell<\/td>\n<\/tr>\n<\/tbody>\n<\/table>\n<h2><\/h2>\n<h2>ZOBACZ STANDARDY BRAN\u017bOWE RE. SZTUCZNE O\u015aWIETLENIE<\/h2>\n<table style=\"height: 62px;\" width=\"580\">\n<tbody>\n<tr>\n<td width=\"284\">UL<\/td>\n<td width=\"284\"><a href=\"https:\/\/www.ul.com\/industries\/products-and-components\/lighting\"><strong><b>UL Solutions\u2019 lighting services<\/b><\/strong><\/a><\/td>\n<\/tr>\n<tr>\n<td width=\"284\">CE<\/td>\n<td width=\"284\"><a href=\"https:\/\/eur-lex.europa.eu\/legal-content\/EN\/TXT\/PDF\/?uri=CELEX:32014L0035&amp;from=HU\"><strong><b>LVD Directive 2014\/35\/EU<\/b><\/strong><\/a><\/td>\n<\/tr>\n<tr>\n<td width=\"284\">ErP<\/td>\n<td width=\"284\"><a href=\"https:\/\/www.intertek.com\/lighting\/energy-efficiency-testing\/erp-directive\/\"><b>ErP directives for LED Lighting<\/b><\/a><\/td>\n<\/tr>\n<\/tbody>\n<\/table>\n<p>&nbsp;<\/p>\n<div id=\"attachment_21296\" style=\"width: 965px\" class=\"wp-caption alignnone\"><img decoding=\"async\" aria-describedby=\"caption-attachment-21296\" class=\"size-full wp-image-21296\" src=\"https:\/\/www.zhgdled.com\/wp-content\/uploads\/2023\/06\/20230811162000.jpg\" alt=\"\" width=\"955\" height=\"1275\" srcset=\"https:\/\/www.zhgdled.com\/wp-content\/uploads\/2023\/06\/20230811162000.jpg 955w, https:\/\/www.zhgdled.com\/wp-content\/uploads\/2023\/06\/20230811162000-225x300.jpg 225w, https:\/\/www.zhgdled.com\/wp-content\/uploads\/2023\/06\/20230811162000-767x1024.jpg 767w, https:\/\/www.zhgdled.com\/wp-content\/uploads\/2023\/06\/20230811162000-768x1025.jpg 768w, https:\/\/www.zhgdled.com\/wp-content\/uploads\/2023\/06\/20230811162000-600x801.jpg 600w, https:\/\/www.zhgdled.com\/wp-content\/uploads\/2023\/06\/20230811162000-150x200.jpg 150w\" sizes=\"(max-width: 955px) 100vw, 955px\" \/><p id=\"caption-attachment-21296\" class=\"wp-caption-text\">FLOOD LIGHT SPECIFICATION<\/p><\/div>\n<p><img decoding=\"async\" class=\"alignnone size-full wp-image-21307\" src=\"https:\/\/www.zhgdled.com\/wp-content\/uploads\/2023\/06\/20230811162101.jpg\" alt=\"FLOOD LIGHT SPECIFICATION\" width=\"867\" height=\"1422\" srcset=\"https:\/\/www.zhgdled.com\/wp-content\/uploads\/2023\/06\/20230811162101.jpg 867w, https:\/\/www.zhgdled.com\/wp-content\/uploads\/2023\/06\/20230811162101-183x300.jpg 183w, https:\/\/www.zhgdled.com\/wp-content\/uploads\/2023\/06\/20230811162101-624x1024.jpg 624w, https:\/\/www.zhgdled.com\/wp-content\/uploads\/2023\/06\/20230811162101-768x1260.jpg 768w, https:\/\/www.zhgdled.com\/wp-content\/uploads\/2023\/06\/20230811162101-600x984.jpg 600w, https:\/\/www.zhgdled.com\/wp-content\/uploads\/2023\/06\/20230811162101-150x246.jpg 150w\" sizes=\"(max-width: 867px) 100vw, 867px\" \/><\/p>\n<div id=\"attachment_21318\" style=\"width: 966px\" class=\"wp-caption alignnone\"><img decoding=\"async\" aria-describedby=\"caption-attachment-21318\" class=\"size-full wp-image-21318\" src=\"https:\/\/www.zhgdled.com\/wp-content\/uploads\/2023\/06\/20230811162124.jpg\" alt=\"FLOOD LIGHT IEC report\" width=\"956\" height=\"1280\" srcset=\"https:\/\/www.zhgdled.com\/wp-content\/uploads\/2023\/06\/20230811162124.jpg 956w, https:\/\/www.zhgdled.com\/wp-content\/uploads\/2023\/06\/20230811162124-224x300.jpg 224w, https:\/\/www.zhgdled.com\/wp-content\/uploads\/2023\/06\/20230811162124-765x1024.jpg 765w, https:\/\/www.zhgdled.com\/wp-content\/uploads\/2023\/06\/20230811162124-768x1028.jpg 768w, https:\/\/www.zhgdled.com\/wp-content\/uploads\/2023\/06\/20230811162124-600x803.jpg 600w, https:\/\/www.zhgdled.com\/wp-content\/uploads\/2023\/06\/20230811162124-150x201.jpg 150w\" sizes=\"(max-width: 956px) 100vw, 956px\" \/><p id=\"caption-attachment-21318\" class=\"wp-caption-text\">FLOOD LIGHT IEC report<\/p><\/div>\n","protected":false},"excerpt":{"rendered":"<p>Od 2008 roku reflektory LED serii STAR przesz\u0142y 6 wersji. Obecnie seria STAR sz\u00f3stej generacji jest szeroko stosowana w wielu scenariuszach przemys\u0142owych w 68 krajach. W Europie na\u015bwietlacze Star o du\u017cej mocy 100 lm\/w s\u0105 stosowane na stacjach kolejowych, placach pami\u0119ci, ko\u015bcio\u0142ach, szko\u0142ach, halach wystawowych itp. W rozleg\u0142ej Ameryce \u0141aci\u0144skiej na\u015bwietlacze serii STAR s\u0105 stosowane na targowiskach na \u015bwie\u017cym powietrzu, w parkach pi\u0142karskich, i o\u015bwietlenie uliczne w nocy.<\/p>\n<ul>\n<li>10 W\/20 W\/30 W\/50 W\/100 W\/150 W\/200 W\/300 W\/400 W<\/li>\n<li>CE\/LVD\/EMC\/ERP\/ROHS\/SAA\/ETL\/C-TICK<\/li>\n<li>SMD2835<\/li>\n<li>90 mb\/w-110 mb\/w<\/li>\n<li>PF&gt;0,9<\/li>\n<li>CRI: &gt;80<\/li>\n<li>K\u0105t \u015bwiecenia: 120\u00b0<\/li>\n<li>IP65<\/li>\n<li>Korpus z aluminium, soczewka ze szk\u0142a hartowanego<\/li>\n<\/ul>\n","protected":false},"featured_media":13350,"template":"","meta":[],"product_brand":[],"product_cat":[613],"product_tag":[455],"class_list":{"0":"post-12508","1":"product","2":"type-product","3":"status-publish","4":"has-post-thumbnail","6":"product_cat-led-flood-light-pl-2","7":"product_tag-led-flood-light-pl","9":"first","10":"instock","11":"featured","12":"shipping-taxable","13":"product-type-simple"},"yoast_head":"<!-- This site is optimized with the Yoast SEO plugin v27.4 - https:\/\/yoast.com\/product\/yoast-seo-wordpress\/ -->\n<title>Reflektor LED 10 wat\u00f3w do 400 wat\u00f3w &#8211; Grupa O\u015bwietleniowa ZHL<\/title>\n<meta name=\"description\" content=\"Reflektor LED o mocy 10 W\u2013400 W ma moc 10 000 lumen\u00f3w w barwie ch\u0142odnej bieli 6000\u20136500 K, co pozwala zaoszcz\u0119dzi\u0107 ponad 70% energii.\" \/>\n<meta name=\"robots\" content=\"index, follow, max-snippet:-1, max-image-preview:large, max-video-preview:-1\" \/>\n<link rel=\"canonical\" href=\"https:\/\/www.zhgdled.com\/pl\/10w-400w-star-series-led-floodlight.html\" \/>\n<meta property=\"og:locale\" content=\"pl_PL\" \/>\n<meta property=\"og:type\" content=\"article\" \/>\n<meta property=\"og:title\" content=\"Reflektor LED 10 wat\u00f3w do 400 wat\u00f3w &#8211; Grupa O\u015bwietleniowa ZHL\" \/>\n<meta property=\"og:description\" content=\"Reflektor LED o mocy 10 W\u2013400 W ma moc 10 000 lumen\u00f3w w barwie ch\u0142odnej bieli 6000\u20136500 K, co pozwala zaoszcz\u0119dzi\u0107 ponad 70% energii.\" \/>\n<meta property=\"og:url\" content=\"https:\/\/www.zhgdled.com\/pl\/10w-400w-star-series-led-floodlight.html\" \/>\n<meta property=\"og:site_name\" content=\"Grupa O\u015bwietleniowa ZHL\" \/>\n<meta property=\"article:publisher\" content=\"https:\/\/www.facebook.com\/zhllightinggroup\" \/>\n<meta property=\"article:modified_time\" content=\"2023-08-31T01:33:54+00:00\" \/>\n<meta property=\"og:image\" content=\"https:\/\/www.zhgdled.com\/wp-content\/uploads\/2021\/10\/8-1.png\" \/>\n\t<meta property=\"og:image:width\" content=\"1600\" \/>\n\t<meta property=\"og:image:height\" content=\"1600\" \/>\n\t<meta property=\"og:image:type\" content=\"image\/png\" \/>\n<meta name=\"twitter:card\" content=\"summary_large_image\" \/>\n<meta name=\"twitter:site\" content=\"@zhl_lighting\" \/>\n<meta name=\"twitter:label1\" content=\"Szacowany czas czytania\" \/>\n\t<meta name=\"twitter:data1\" content=\"3 minuty\" \/>\n<script type=\"application\/ld+json\" class=\"yoast-schema-graph\">{\"@context\":\"https:\\\/\\\/schema.org\",\"@graph\":[{\"@type\":\"WebPage\",\"@id\":\"https:\\\/\\\/www.zhgdled.com\\\/pl\\\/10w-400w-star-series-led-floodlight.html\",\"url\":\"https:\\\/\\\/www.zhgdled.com\\\/pl\\\/10w-400w-star-series-led-floodlight.html\",\"name\":\"Reflektor LED 10 wat\u00f3w do 400 wat\u00f3w &#8211; Grupa O\u015bwietleniowa ZHL\",\"isPartOf\":{\"@id\":\"https:\\\/\\\/www.zhgdled.com\\\/pl\\\/#website\"},\"primaryImageOfPage\":{\"@id\":\"https:\\\/\\\/www.zhgdled.com\\\/pl\\\/10w-400w-star-series-led-floodlight.html#primaryimage\"},\"image\":{\"@id\":\"https:\\\/\\\/www.zhgdled.com\\\/pl\\\/10w-400w-star-series-led-floodlight.html#primaryimage\"},\"thumbnailUrl\":\"https:\\\/\\\/www.zhgdled.com\\\/wp-content\\\/uploads\\\/2021\\\/10\\\/8-1.png\",\"datePublished\":\"2023-08-21T01:00:39+00:00\",\"dateModified\":\"2023-08-31T01:33:54+00:00\",\"description\":\"Reflektor LED o mocy 10 W\u2013400 W ma moc 10 000 lumen\u00f3w w barwie ch\u0142odnej bieli 6000\u20136500 K, co pozwala zaoszcz\u0119dzi\u0107 ponad 70% energii.\",\"breadcrumb\":{\"@id\":\"https:\\\/\\\/www.zhgdled.com\\\/pl\\\/10w-400w-star-series-led-floodlight.html#breadcrumb\"},\"inLanguage\":\"pl-PL\",\"potentialAction\":[{\"@type\":\"ReadAction\",\"target\":[\"https:\\\/\\\/www.zhgdled.com\\\/pl\\\/10w-400w-star-series-led-floodlight.html\"]}]},{\"@type\":\"ImageObject\",\"inLanguage\":\"pl-PL\",\"@id\":\"https:\\\/\\\/www.zhgdled.com\\\/pl\\\/10w-400w-star-series-led-floodlight.html#primaryimage\",\"url\":\"https:\\\/\\\/www.zhgdled.com\\\/wp-content\\\/uploads\\\/2021\\\/10\\\/8-1.png\",\"contentUrl\":\"https:\\\/\\\/www.zhgdled.com\\\/wp-content\\\/uploads\\\/2021\\\/10\\\/8-1.png\",\"width\":1600,\"height\":1600,\"caption\":\"Star series LED flood Light\"},{\"@type\":\"BreadcrumbList\",\"@id\":\"https:\\\/\\\/www.zhgdled.com\\\/pl\\\/10w-400w-star-series-led-floodlight.html#breadcrumb\",\"itemListElement\":[{\"@type\":\"ListItem\",\"position\":1,\"name\":\"Home\",\"item\":\"https:\\\/\\\/www.zhgdled.com\\\/pl\"},{\"@type\":\"ListItem\",\"position\":2,\"name\":\"PRODUCTS\",\"item\":\"https:\\\/\\\/www.zhgdled.com\\\/zhl-products.html\"},{\"@type\":\"ListItem\",\"position\":3,\"name\":\"Lampa powodziowa LED serii Star 10W-400W\"}]},{\"@type\":\"WebSite\",\"@id\":\"https:\\\/\\\/www.zhgdled.com\\\/pl\\\/#website\",\"url\":\"https:\\\/\\\/www.zhgdled.com\\\/pl\\\/\",\"name\":\"Grupa O\u015bwietleniowa ZHL\",\"description\":\"Top ranking industrial lighting manufacturer and exporter\",\"publisher\":{\"@id\":\"https:\\\/\\\/www.zhgdled.com\\\/pl\\\/#organization\"},\"potentialAction\":[{\"@type\":\"SearchAction\",\"target\":{\"@type\":\"EntryPoint\",\"urlTemplate\":\"https:\\\/\\\/www.zhgdled.com\\\/pl\\\/?s={search_term_string}\"},\"query-input\":{\"@type\":\"PropertyValueSpecification\",\"valueRequired\":true,\"valueName\":\"search_term_string\"}}],\"inLanguage\":\"pl-PL\"},{\"@type\":\"Organization\",\"@id\":\"https:\\\/\\\/www.zhgdled.com\\\/pl\\\/#organization\",\"name\":\"ZHL Lighting Group\",\"url\":\"https:\\\/\\\/www.zhgdled.com\\\/pl\\\/\",\"logo\":{\"@type\":\"ImageObject\",\"inLanguage\":\"pl-PL\",\"@id\":\"https:\\\/\\\/www.zhgdled.com\\\/pl\\\/#\\\/schema\\\/logo\\\/image\\\/\",\"url\":\"\",\"contentUrl\":\"\",\"caption\":\"ZHL Lighting Group\"},\"image\":{\"@id\":\"https:\\\/\\\/www.zhgdled.com\\\/pl\\\/#\\\/schema\\\/logo\\\/image\\\/\"},\"sameAs\":[\"https:\\\/\\\/www.facebook.com\\\/zhllightinggroup\",\"https:\\\/\\\/x.com\\\/zhl_lighting\"]}]}<\/script>\n<!-- \/ Yoast SEO plugin. -->","yoast_head_json":{"title":"Reflektor LED 10 wat\u00f3w do 400 wat\u00f3w &#8211; Grupa O\u015bwietleniowa ZHL","description":"Reflektor LED o mocy 10 W\u2013400 W ma moc 10 000 lumen\u00f3w w barwie ch\u0142odnej bieli 6000\u20136500 K, co pozwala zaoszcz\u0119dzi\u0107 ponad 70% energii.","robots":{"index":"index","follow":"follow","max-snippet":"max-snippet:-1","max-image-preview":"max-image-preview:large","max-video-preview":"max-video-preview:-1"},"canonical":"https:\/\/www.zhgdled.com\/pl\/10w-400w-star-series-led-floodlight.html","og_locale":"pl_PL","og_type":"article","og_title":"Reflektor LED 10 wat\u00f3w do 400 wat\u00f3w &#8211; Grupa O\u015bwietleniowa ZHL","og_description":"Reflektor LED o mocy 10 W\u2013400 W ma moc 10 000 lumen\u00f3w w barwie ch\u0142odnej bieli 6000\u20136500 K, co pozwala zaoszcz\u0119dzi\u0107 ponad 70% energii.","og_url":"https:\/\/www.zhgdled.com\/pl\/10w-400w-star-series-led-floodlight.html","og_site_name":"Grupa O\u015bwietleniowa ZHL","article_publisher":"https:\/\/www.facebook.com\/zhllightinggroup","article_modified_time":"2023-08-31T01:33:54+00:00","og_image":[{"width":1600,"height":1600,"url":"https:\/\/www.zhgdled.com\/wp-content\/uploads\/2021\/10\/8-1.png","type":"image\/png"}],"twitter_card":"summary_large_image","twitter_site":"@zhl_lighting","twitter_misc":{"Szacowany czas czytania":"3 minuty"},"schema":{"@context":"https:\/\/schema.org","@graph":[{"@type":"WebPage","@id":"https:\/\/www.zhgdled.com\/pl\/10w-400w-star-series-led-floodlight.html","url":"https:\/\/www.zhgdled.com\/pl\/10w-400w-star-series-led-floodlight.html","name":"Reflektor LED 10 wat\u00f3w do 400 wat\u00f3w &#8211; Grupa O\u015bwietleniowa ZHL","isPartOf":{"@id":"https:\/\/www.zhgdled.com\/pl\/#website"},"primaryImageOfPage":{"@id":"https:\/\/www.zhgdled.com\/pl\/10w-400w-star-series-led-floodlight.html#primaryimage"},"image":{"@id":"https:\/\/www.zhgdled.com\/pl\/10w-400w-star-series-led-floodlight.html#primaryimage"},"thumbnailUrl":"https:\/\/www.zhgdled.com\/wp-content\/uploads\/2021\/10\/8-1.png","datePublished":"2023-08-21T01:00:39+00:00","dateModified":"2023-08-31T01:33:54+00:00","description":"Reflektor LED o mocy 10 W\u2013400 W ma moc 10 000 lumen\u00f3w w barwie ch\u0142odnej bieli 6000\u20136500 K, co pozwala zaoszcz\u0119dzi\u0107 ponad 70% energii.","breadcrumb":{"@id":"https:\/\/www.zhgdled.com\/pl\/10w-400w-star-series-led-floodlight.html#breadcrumb"},"inLanguage":"pl-PL","potentialAction":[{"@type":"ReadAction","target":["https:\/\/www.zhgdled.com\/pl\/10w-400w-star-series-led-floodlight.html"]}]},{"@type":"ImageObject","inLanguage":"pl-PL","@id":"https:\/\/www.zhgdled.com\/pl\/10w-400w-star-series-led-floodlight.html#primaryimage","url":"https:\/\/www.zhgdled.com\/wp-content\/uploads\/2021\/10\/8-1.png","contentUrl":"https:\/\/www.zhgdled.com\/wp-content\/uploads\/2021\/10\/8-1.png","width":1600,"height":1600,"caption":"Star series LED flood Light"},{"@type":"BreadcrumbList","@id":"https:\/\/www.zhgdled.com\/pl\/10w-400w-star-series-led-floodlight.html#breadcrumb","itemListElement":[{"@type":"ListItem","position":1,"name":"Home","item":"https:\/\/www.zhgdled.com\/pl"},{"@type":"ListItem","position":2,"name":"PRODUCTS","item":"https:\/\/www.zhgdled.com\/zhl-products.html"},{"@type":"ListItem","position":3,"name":"Lampa powodziowa LED serii Star 10W-400W"}]},{"@type":"WebSite","@id":"https:\/\/www.zhgdled.com\/pl\/#website","url":"https:\/\/www.zhgdled.com\/pl\/","name":"Grupa O\u015bwietleniowa ZHL","description":"Top ranking industrial lighting manufacturer and exporter","publisher":{"@id":"https:\/\/www.zhgdled.com\/pl\/#organization"},"potentialAction":[{"@type":"SearchAction","target":{"@type":"EntryPoint","urlTemplate":"https:\/\/www.zhgdled.com\/pl\/?s={search_term_string}"},"query-input":{"@type":"PropertyValueSpecification","valueRequired":true,"valueName":"search_term_string"}}],"inLanguage":"pl-PL"},{"@type":"Organization","@id":"https:\/\/www.zhgdled.com\/pl\/#organization","name":"ZHL Lighting Group","url":"https:\/\/www.zhgdled.com\/pl\/","logo":{"@type":"ImageObject","inLanguage":"pl-PL","@id":"https:\/\/www.zhgdled.com\/pl\/#\/schema\/logo\/image\/","url":"","contentUrl":"","caption":"ZHL Lighting Group"},"image":{"@id":"https:\/\/www.zhgdled.com\/pl\/#\/schema\/logo\/image\/"},"sameAs":["https:\/\/www.facebook.com\/zhllightinggroup","https:\/\/x.com\/zhl_lighting"]}]}},"_links":{"self":[{"href":"https:\/\/www.zhgdled.com\/pl\/wp-json\/wp\/v2\/product\/12508","targetHints":{"allow":["GET"]}}],"collection":[{"href":"https:\/\/www.zhgdled.com\/pl\/wp-json\/wp\/v2\/product"}],"about":[{"href":"https:\/\/www.zhgdled.com\/pl\/wp-json\/wp\/v2\/types\/product"}],"wp:featuredmedia":[{"embeddable":true,"href":"https:\/\/www.zhgdled.com\/pl\/wp-json\/wp\/v2\/media\/13350"}],"wp:attachment":[{"href":"https:\/\/www.zhgdled.com\/pl\/wp-json\/wp\/v2\/media?parent=12508"}],"wp:term":[{"taxonomy":"product_brand","embeddable":true,"href":"https:\/\/www.zhgdled.com\/pl\/wp-json\/wp\/v2\/product_brand?post=12508"},{"taxonomy":"product_cat","embeddable":true,"href":"https:\/\/www.zhgdled.com\/pl\/wp-json\/wp\/v2\/product_cat?post=12508"},{"taxonomy":"product_tag","embeddable":true,"href":"https:\/\/www.zhgdled.com\/pl\/wp-json\/wp\/v2\/product_tag?post=12508"}],"curies":[{"name":"wp","href":"https:\/\/api.w.org\/{rel}","templated":true}]}}