{"id":12523,"date":"2023-08-07T11:36:49","date_gmt":"2022-07-15T03:36:49","guid":{"rendered":"https:\/\/www.zhgdled.com\/product\/zhl-o-series-led-high-bay-light"},"modified":"2023-12-26T11:47:10","modified_gmt":"2023-12-26T03:47:10","slug":"zhl-o-series-led-high-bay-light","status":"publish","type":"product","link":"https:\/\/www.zhgdled.com\/pl\/zhl-o-series-led-high-bay-light.html","title":{"rendered":"O\u015bwietlenie LED High Bay serii ZHL O"},"content":{"rendered":"<ul id=\"product_specification_list\" class=\"pr__spec-list\" tabindex=\"0\">\n<li id=\"product_specification_1\">IP65: do u\u017cytku wewn\u0105trz i na zewn\u0105trz<\/li>\n<li>\u015awiat\u0142o dzienne<\/li>\n<li>15 000lm<\/li>\n<li>Stop aluminium<\/li>\n<li>Dyfuzor ze szk\u0142a hartowanego<\/li>\n<li>\u017bywotno\u015b\u0107 do 50 000 godzin<\/li>\n<li>K\u0105t \u015bwiecenia: 120 \u00b0<\/li>\n<li>5-letnia gwarancja producenta<\/li>\n<\/ul>\n","protected":false},"excerpt":{"rendered":"<ul id=\"product_specification_list\" class=\"pr__spec-list\" tabindex=\"0\">\n<li id=\"product_specification_1\">IP65: do u\u017cytku wewn\u0105trz i na zewn\u0105trz<\/li>\n<li>\u015awiat\u0142o dzienne<\/li>\n<li>15 000lm<\/li>\n<li>Ze stopu magnezu<\/li>\n<li>Dyfuzor ze szk\u0142a hartowanego<\/li>\n<li>\u017bywotno\u015b\u0107 do 50 000 godzin<\/li>\n<li>K\u0105t \u015bwiecenia: 120 \u00b0<\/li>\n<li>5-letnia gwarancja producentaSolidna, \u015bciemniana lampa typu high bay z 3 r\u00f3\u017cnymi opcjami monta\u017cu: hakiem na garnek, \u0142a\u0144cuchem lub sztywnym s\u0142upem (w zale\u017cno\u015bci od instalacji). Mo\u017ce by\u0107 u\u017cywany w pomieszczeniach i na zewn\u0105trz oraz przeznaczony do najtrudniejszych warunk\u00f3w. Wysoka skuteczno\u015b\u0107 150lm\/W i niski koszt eksploatacji w okresie eksploatacji.<\/li>\n<\/ul>\n","protected":false},"featured_media":13181,"template":"","meta":[],"product_brand":[],"product_cat":[640],"product_tag":[409],"class_list":{"0":"post-12523","1":"product","2":"type-product","3":"status-publish","4":"has-post-thumbnail","6":"product_cat-swiatla-wysokiego-skladowania","7":"product_tag-high-bay-light-pl","9":"first","10":"instock","11":"featured","12":"shipping-taxable","13":"product-type-simple"},"yoast_head":"<!-- This site is optimized with the Yoast SEO plugin v27.4 - https:\/\/yoast.com\/product\/yoast-seo-wordpress\/ -->\n<title>O\u015bwietlenie LED High Bay serii ZHL O &#8211; Grupa O\u015bwietleniowa ZHL<\/title>\n<meta name=\"description\" content=\"Solidna, \u015bciemniana lampa typu high bay z 3 r\u00f3\u017cnymi opcjami monta\u017cu: hakiem na garnek, \u0142a\u0144cuchem lub sztywnym s\u0142upem (w zale\u017cno\u015bci od instalacji). Mo\u017ce by\u0107 u\u017cywany w pomieszczeniach i na zewn\u0105trz oraz przeznaczony do najtrudniejszych warunk\u00f3w. Wysoka skuteczno\u015b\u0107 150lm\/W i niski koszt eksploatacji w okresie eksploatacji.\" \/>\n<meta name=\"robots\" content=\"index, follow, max-snippet:-1, max-image-preview:large, max-video-preview:-1\" \/>\n<link rel=\"canonical\" href=\"https:\/\/www.zhgdled.com\/pl\/zhl-o-series-led-high-bay-light.html\" \/>\n<meta property=\"og:locale\" content=\"pl_PL\" \/>\n<meta property=\"og:type\" content=\"article\" \/>\n<meta property=\"og:title\" content=\"O\u015bwietlenie LED High Bay serii ZHL O &#8211; Grupa O\u015bwietleniowa ZHL\" \/>\n<meta property=\"og:description\" content=\"Solidna, \u015bciemniana lampa typu high bay z 3 r\u00f3\u017cnymi opcjami monta\u017cu: hakiem na garnek, \u0142a\u0144cuchem lub sztywnym s\u0142upem (w zale\u017cno\u015bci od instalacji). Mo\u017ce by\u0107 u\u017cywany w pomieszczeniach i na zewn\u0105trz oraz przeznaczony do najtrudniejszych warunk\u00f3w. Wysoka skuteczno\u015b\u0107 150lm\/W i niski koszt eksploatacji w okresie eksploatacji.\" \/>\n<meta property=\"og:url\" content=\"https:\/\/www.zhgdled.com\/pl\/zhl-o-series-led-high-bay-light.html\" \/>\n<meta property=\"og:site_name\" content=\"Grupa O\u015bwietleniowa ZHL\" \/>\n<meta property=\"article:publisher\" content=\"https:\/\/www.facebook.com\/zhllightinggroup\" \/>\n<meta property=\"article:modified_time\" content=\"2023-12-26T03:47:10+00:00\" \/>\n<meta property=\"og:image\" content=\"https:\/\/www.zhgdled.com\/wp-content\/uploads\/2022\/07\/2.png\" \/>\n\t<meta property=\"og:image:width\" content=\"1600\" \/>\n\t<meta property=\"og:image:height\" content=\"1600\" \/>\n\t<meta property=\"og:image:type\" content=\"image\/png\" \/>\n<meta name=\"twitter:card\" content=\"summary_large_image\" \/>\n<meta name=\"twitter:site\" content=\"@zhl_lighting\" \/>\n<meta name=\"twitter:label1\" content=\"Szacowany czas czytania\" \/>\n\t<meta name=\"twitter:data1\" content=\"1 minuta\" \/>\n<script type=\"application\/ld+json\" class=\"yoast-schema-graph\">{\"@context\":\"https:\\\/\\\/schema.org\",\"@graph\":[{\"@type\":\"WebPage\",\"@id\":\"https:\\\/\\\/www.zhgdled.com\\\/pl\\\/zhl-o-series-led-high-bay-light.html\",\"url\":\"https:\\\/\\\/www.zhgdled.com\\\/pl\\\/zhl-o-series-led-high-bay-light.html\",\"name\":\"O\u015bwietlenie LED High Bay serii ZHL O &#8211; Grupa O\u015bwietleniowa ZHL\",\"isPartOf\":{\"@id\":\"https:\\\/\\\/www.zhgdled.com\\\/pl\\\/#website\"},\"primaryImageOfPage\":{\"@id\":\"https:\\\/\\\/www.zhgdled.com\\\/pl\\\/zhl-o-series-led-high-bay-light.html#primaryimage\"},\"image\":{\"@id\":\"https:\\\/\\\/www.zhgdled.com\\\/pl\\\/zhl-o-series-led-high-bay-light.html#primaryimage\"},\"thumbnailUrl\":\"https:\\\/\\\/www.zhgdled.com\\\/wp-content\\\/uploads\\\/2022\\\/07\\\/2.png\",\"datePublished\":\"2022-07-15T03:36:49+00:00\",\"dateModified\":\"2023-12-26T03:47:10+00:00\",\"description\":\"Solidna, \u015bciemniana lampa typu high bay z 3 r\u00f3\u017cnymi opcjami monta\u017cu: hakiem na garnek, \u0142a\u0144cuchem lub sztywnym s\u0142upem (w zale\u017cno\u015bci od instalacji). Mo\u017ce by\u0107 u\u017cywany w pomieszczeniach i na zewn\u0105trz oraz przeznaczony do najtrudniejszych warunk\u00f3w. Wysoka skuteczno\u015b\u0107 150lm\\\/W i niski koszt eksploatacji w okresie eksploatacji.\",\"breadcrumb\":{\"@id\":\"https:\\\/\\\/www.zhgdled.com\\\/pl\\\/zhl-o-series-led-high-bay-light.html#breadcrumb\"},\"inLanguage\":\"pl-PL\",\"potentialAction\":[{\"@type\":\"ReadAction\",\"target\":[\"https:\\\/\\\/www.zhgdled.com\\\/pl\\\/zhl-o-series-led-high-bay-light.html\"]}]},{\"@type\":\"ImageObject\",\"inLanguage\":\"pl-PL\",\"@id\":\"https:\\\/\\\/www.zhgdled.com\\\/pl\\\/zhl-o-series-led-high-bay-light.html#primaryimage\",\"url\":\"https:\\\/\\\/www.zhgdled.com\\\/wp-content\\\/uploads\\\/2022\\\/07\\\/2.png\",\"contentUrl\":\"https:\\\/\\\/www.zhgdled.com\\\/wp-content\\\/uploads\\\/2022\\\/07\\\/2.png\",\"width\":1600,\"height\":1600,\"caption\":\"Lumi\u00e8re LED haute baie\"},{\"@type\":\"BreadcrumbList\",\"@id\":\"https:\\\/\\\/www.zhgdled.com\\\/pl\\\/zhl-o-series-led-high-bay-light.html#breadcrumb\",\"itemListElement\":[{\"@type\":\"ListItem\",\"position\":1,\"name\":\"Home\",\"item\":\"https:\\\/\\\/www.zhgdled.com\\\/pl\"},{\"@type\":\"ListItem\",\"position\":2,\"name\":\"PRODUCTS\",\"item\":\"https:\\\/\\\/www.zhgdled.com\\\/zhl-products.html\"},{\"@type\":\"ListItem\",\"position\":3,\"name\":\"O\u015bwietlenie LED High Bay serii ZHL O\"}]},{\"@type\":\"WebSite\",\"@id\":\"https:\\\/\\\/www.zhgdled.com\\\/pl\\\/#website\",\"url\":\"https:\\\/\\\/www.zhgdled.com\\\/pl\\\/\",\"name\":\"Grupa O\u015bwietleniowa ZHL\",\"description\":\"Top ranking industrial lighting manufacturer and exporter\",\"publisher\":{\"@id\":\"https:\\\/\\\/www.zhgdled.com\\\/pl\\\/#organization\"},\"potentialAction\":[{\"@type\":\"SearchAction\",\"target\":{\"@type\":\"EntryPoint\",\"urlTemplate\":\"https:\\\/\\\/www.zhgdled.com\\\/pl\\\/?s={search_term_string}\"},\"query-input\":{\"@type\":\"PropertyValueSpecification\",\"valueRequired\":true,\"valueName\":\"search_term_string\"}}],\"inLanguage\":\"pl-PL\"},{\"@type\":\"Organization\",\"@id\":\"https:\\\/\\\/www.zhgdled.com\\\/pl\\\/#organization\",\"name\":\"ZHL Lighting Group\",\"url\":\"https:\\\/\\\/www.zhgdled.com\\\/pl\\\/\",\"logo\":{\"@type\":\"ImageObject\",\"inLanguage\":\"pl-PL\",\"@id\":\"https:\\\/\\\/www.zhgdled.com\\\/pl\\\/#\\\/schema\\\/logo\\\/image\\\/\",\"url\":\"\",\"contentUrl\":\"\",\"caption\":\"ZHL Lighting Group\"},\"image\":{\"@id\":\"https:\\\/\\\/www.zhgdled.com\\\/pl\\\/#\\\/schema\\\/logo\\\/image\\\/\"},\"sameAs\":[\"https:\\\/\\\/www.facebook.com\\\/zhllightinggroup\",\"https:\\\/\\\/x.com\\\/zhl_lighting\"]}]}<\/script>\n<!-- \/ Yoast SEO plugin. -->","yoast_head_json":{"title":"O\u015bwietlenie LED High Bay serii ZHL O &#8211; Grupa O\u015bwietleniowa ZHL","description":"Solidna, \u015bciemniana lampa typu high bay z 3 r\u00f3\u017cnymi opcjami monta\u017cu: hakiem na garnek, \u0142a\u0144cuchem lub sztywnym s\u0142upem (w zale\u017cno\u015bci od instalacji). Mo\u017ce by\u0107 u\u017cywany w pomieszczeniach i na zewn\u0105trz oraz przeznaczony do najtrudniejszych warunk\u00f3w. Wysoka skuteczno\u015b\u0107 150lm\/W i niski koszt eksploatacji w okresie eksploatacji.","robots":{"index":"index","follow":"follow","max-snippet":"max-snippet:-1","max-image-preview":"max-image-preview:large","max-video-preview":"max-video-preview:-1"},"canonical":"https:\/\/www.zhgdled.com\/pl\/zhl-o-series-led-high-bay-light.html","og_locale":"pl_PL","og_type":"article","og_title":"O\u015bwietlenie LED High Bay serii ZHL O &#8211; Grupa O\u015bwietleniowa ZHL","og_description":"Solidna, \u015bciemniana lampa typu high bay z 3 r\u00f3\u017cnymi opcjami monta\u017cu: hakiem na garnek, \u0142a\u0144cuchem lub sztywnym s\u0142upem (w zale\u017cno\u015bci od instalacji). Mo\u017ce by\u0107 u\u017cywany w pomieszczeniach i na zewn\u0105trz oraz przeznaczony do najtrudniejszych warunk\u00f3w. Wysoka skuteczno\u015b\u0107 150lm\/W i niski koszt eksploatacji w okresie eksploatacji.","og_url":"https:\/\/www.zhgdled.com\/pl\/zhl-o-series-led-high-bay-light.html","og_site_name":"Grupa O\u015bwietleniowa ZHL","article_publisher":"https:\/\/www.facebook.com\/zhllightinggroup","article_modified_time":"2023-12-26T03:47:10+00:00","og_image":[{"width":1600,"height":1600,"url":"https:\/\/www.zhgdled.com\/wp-content\/uploads\/2022\/07\/2.png","type":"image\/png"}],"twitter_card":"summary_large_image","twitter_site":"@zhl_lighting","twitter_misc":{"Szacowany czas czytania":"1 minuta"},"schema":{"@context":"https:\/\/schema.org","@graph":[{"@type":"WebPage","@id":"https:\/\/www.zhgdled.com\/pl\/zhl-o-series-led-high-bay-light.html","url":"https:\/\/www.zhgdled.com\/pl\/zhl-o-series-led-high-bay-light.html","name":"O\u015bwietlenie LED High Bay serii ZHL O &#8211; Grupa O\u015bwietleniowa ZHL","isPartOf":{"@id":"https:\/\/www.zhgdled.com\/pl\/#website"},"primaryImageOfPage":{"@id":"https:\/\/www.zhgdled.com\/pl\/zhl-o-series-led-high-bay-light.html#primaryimage"},"image":{"@id":"https:\/\/www.zhgdled.com\/pl\/zhl-o-series-led-high-bay-light.html#primaryimage"},"thumbnailUrl":"https:\/\/www.zhgdled.com\/wp-content\/uploads\/2022\/07\/2.png","datePublished":"2022-07-15T03:36:49+00:00","dateModified":"2023-12-26T03:47:10+00:00","description":"Solidna, \u015bciemniana lampa typu high bay z 3 r\u00f3\u017cnymi opcjami monta\u017cu: hakiem na garnek, \u0142a\u0144cuchem lub sztywnym s\u0142upem (w zale\u017cno\u015bci od instalacji). Mo\u017ce by\u0107 u\u017cywany w pomieszczeniach i na zewn\u0105trz oraz przeznaczony do najtrudniejszych warunk\u00f3w. Wysoka skuteczno\u015b\u0107 150lm\/W i niski koszt eksploatacji w okresie eksploatacji.","breadcrumb":{"@id":"https:\/\/www.zhgdled.com\/pl\/zhl-o-series-led-high-bay-light.html#breadcrumb"},"inLanguage":"pl-PL","potentialAction":[{"@type":"ReadAction","target":["https:\/\/www.zhgdled.com\/pl\/zhl-o-series-led-high-bay-light.html"]}]},{"@type":"ImageObject","inLanguage":"pl-PL","@id":"https:\/\/www.zhgdled.com\/pl\/zhl-o-series-led-high-bay-light.html#primaryimage","url":"https:\/\/www.zhgdled.com\/wp-content\/uploads\/2022\/07\/2.png","contentUrl":"https:\/\/www.zhgdled.com\/wp-content\/uploads\/2022\/07\/2.png","width":1600,"height":1600,"caption":"Lumi\u00e8re LED haute baie"},{"@type":"BreadcrumbList","@id":"https:\/\/www.zhgdled.com\/pl\/zhl-o-series-led-high-bay-light.html#breadcrumb","itemListElement":[{"@type":"ListItem","position":1,"name":"Home","item":"https:\/\/www.zhgdled.com\/pl"},{"@type":"ListItem","position":2,"name":"PRODUCTS","item":"https:\/\/www.zhgdled.com\/zhl-products.html"},{"@type":"ListItem","position":3,"name":"O\u015bwietlenie LED High Bay serii ZHL O"}]},{"@type":"WebSite","@id":"https:\/\/www.zhgdled.com\/pl\/#website","url":"https:\/\/www.zhgdled.com\/pl\/","name":"Grupa O\u015bwietleniowa ZHL","description":"Top ranking industrial lighting manufacturer and exporter","publisher":{"@id":"https:\/\/www.zhgdled.com\/pl\/#organization"},"potentialAction":[{"@type":"SearchAction","target":{"@type":"EntryPoint","urlTemplate":"https:\/\/www.zhgdled.com\/pl\/?s={search_term_string}"},"query-input":{"@type":"PropertyValueSpecification","valueRequired":true,"valueName":"search_term_string"}}],"inLanguage":"pl-PL"},{"@type":"Organization","@id":"https:\/\/www.zhgdled.com\/pl\/#organization","name":"ZHL Lighting Group","url":"https:\/\/www.zhgdled.com\/pl\/","logo":{"@type":"ImageObject","inLanguage":"pl-PL","@id":"https:\/\/www.zhgdled.com\/pl\/#\/schema\/logo\/image\/","url":"","contentUrl":"","caption":"ZHL Lighting Group"},"image":{"@id":"https:\/\/www.zhgdled.com\/pl\/#\/schema\/logo\/image\/"},"sameAs":["https:\/\/www.facebook.com\/zhllightinggroup","https:\/\/x.com\/zhl_lighting"]}]}},"_links":{"self":[{"href":"https:\/\/www.zhgdled.com\/pl\/wp-json\/wp\/v2\/product\/12523","targetHints":{"allow":["GET"]}}],"collection":[{"href":"https:\/\/www.zhgdled.com\/pl\/wp-json\/wp\/v2\/product"}],"about":[{"href":"https:\/\/www.zhgdled.com\/pl\/wp-json\/wp\/v2\/types\/product"}],"wp:featuredmedia":[{"embeddable":true,"href":"https:\/\/www.zhgdled.com\/pl\/wp-json\/wp\/v2\/media\/13181"}],"wp:attachment":[{"href":"https:\/\/www.zhgdled.com\/pl\/wp-json\/wp\/v2\/media?parent=12523"}],"wp:term":[{"taxonomy":"product_brand","embeddable":true,"href":"https:\/\/www.zhgdled.com\/pl\/wp-json\/wp\/v2\/product_brand?post=12523"},{"taxonomy":"product_cat","embeddable":true,"href":"https:\/\/www.zhgdled.com\/pl\/wp-json\/wp\/v2\/product_cat?post=12523"},{"taxonomy":"product_tag","embeddable":true,"href":"https:\/\/www.zhgdled.com\/pl\/wp-json\/wp\/v2\/product_tag?post=12523"}],"curies":[{"name":"wp","href":"https:\/\/api.w.org\/{rel}","templated":true}]}}