{"id":12527,"date":"2023-10-24T15:02:14","date_gmt":"2022-06-30T07:02:14","guid":{"rendered":"https:\/\/www.zhgdled.com\/product\/hi-ufo-series-led-high-bay-light"},"modified":"2023-12-26T11:44:13","modified_gmt":"2023-12-26T03:44:13","slug":"hi-ufo-series-led-high-bay-light","status":"publish","type":"product","link":"https:\/\/www.zhgdled.com\/pl\/hi-ufo-series-led-high-bay-light.html","title":{"rendered":"O\u015bwietlenie LED High Bay serii Hi-UFO 200LM\/W"},"content":{"rendered":"<p>Seria Hi-UFO to oprawa o\u015bwietleniowa typu high bay o ci\u0119\u017ckiej konstrukcji, kt\u00f3ra jest zgodna z estetyk\u0105 kraj\u00f3w europejskich i ameryka\u0144skich. Projekt wygl\u0105du przyjmuje zasad\u0119 mechaniki p\u0142yn\u00f3w, z wysok\u0105 wydajno\u015bci\u0105 ciepln\u0105 i pi\u0119knym wygl\u0105dem.<\/p>\n<p>ZHL zwi\u0119kszy\u0142 wydajno\u015b\u0107 \u015bwietln\u0105 do 200lm\/w dzi\u0119ki najnowszej serii Hi-UFO, kt\u00f3ra spe\u0142ni\u0142a szersze potrzeby w bran\u017cy!<\/p>\n<p>Dost\u0119pnych jest wiele wygodnych metod instalacji, takich jak mocowanie rur, podnoszenie, po\u0142\u0105czenia gwintowe i k\u0105towniki. Zintegrowane odlewanie ci\u015bnieniowe z aluminium o du\u017cej g\u0119sto\u015bci, o wystarczaj\u0105cej wytrzyma\u0142o\u015bci i dobrych w\u0142a\u015bciwo\u015bciach przeciwwybuchowych. Wysoka przepuszczalno\u015b\u0107 \u015bwiat\u0142a, twardo\u015b\u0107 szk\u0142a osi\u0105ga IK07\/08, podw\u00f3jna ochrona za pomoc\u0105 kleju i mocowana za pomoc\u0105 klamry. Funkcja przyciemniania dost\u0119pna dzi\u0119ki inteligentnemu czujnikowi mikrofalowemu, kt\u00f3ry jest bardziej przyjazny dla u\u017cytkownika i bardziej energooszcz\u0119dny. Opcjonalny odb\u0142y\u015bnik z matowego srebra o wysokiej czysto\u015bci, prosty wygl\u0105d, mocna i niezawodna konstrukcja, z funkcj\u0105 przeciwodblaskow\u0105.<\/p>\n<p>Luxury and competitive pricing are the underlying factors in achieving high production volumes.<\/p>\n<p><img decoding=\"async\" class=\"alignnone size-full wp-image-12467\" src=\"https:\/\/www.zhgdled.com\/wp-content\/uploads\/2022\/06\/20220716085323HUFO.png\" alt=\"\" width=\"1384\" height=\"1843\" srcset=\"https:\/\/www.zhgdled.com\/wp-content\/uploads\/2022\/06\/20220716085323HUFO.png 1384w, https:\/\/www.zhgdled.com\/wp-content\/uploads\/2022\/06\/20220716085323HUFO-225x300.png 225w, https:\/\/www.zhgdled.com\/wp-content\/uploads\/2022\/06\/20220716085323HUFO-769x1024.png 769w, https:\/\/www.zhgdled.com\/wp-content\/uploads\/2022\/06\/20220716085323HUFO-768x1023.png 768w, https:\/\/www.zhgdled.com\/wp-content\/uploads\/2022\/06\/20220716085323HUFO-1153x1536.png 1153w, https:\/\/www.zhgdled.com\/wp-content\/uploads\/2022\/06\/20220716085323HUFO-600x799.png 600w, https:\/\/www.zhgdled.com\/wp-content\/uploads\/2022\/06\/20220716085323HUFO-150x200.png 150w\" sizes=\"(max-width: 1384px) 100vw, 1384px\" \/><\/p>\n","protected":false},"excerpt":{"rendered":"<p>Seria Hi-UFO to oprawa o\u015bwietleniowa typu high bay o ci\u0119\u017ckiej konstrukcji, kt\u00f3ra jest zgodna z estetyk\u0105 kraj\u00f3w europejskich i ameryka\u0144skich. Projekt wygl\u0105du przyjmuje zasad\u0119 mechaniki p\u0142yn\u00f3w, z wysok\u0105 wydajno\u015bci\u0105 ciepln\u0105 i pi\u0119knym wygl\u0105dem.<\/p>\n","protected":false},"featured_media":13245,"template":"","meta":[],"product_brand":[],"product_cat":[640],"product_tag":[414],"class_list":{"0":"post-12527","1":"product","2":"type-product","3":"status-publish","4":"has-post-thumbnail","6":"product_cat-swiatla-wysokiego-skladowania","7":"product_tag-highbay-light-pl","9":"first","10":"instock","11":"featured","12":"shipping-taxable","13":"product-type-simple"},"yoast_head":"<!-- This site is optimized with the Yoast SEO plugin v27.4 - https:\/\/yoast.com\/product\/yoast-seo-wordpress\/ -->\n<title>O\u015bwietlenie LED High Bay serii Hi-UFO 200LM\/W &#8211; Grupa O\u015bwietleniowa ZHL<\/title>\n<meta name=\"description\" content=\"Seria Hi-UFO to oprawa o\u015bwietleniowa typu high bay o ci\u0119\u017ckiej konstrukcji, kt\u00f3ra jest zgodna z estetyk\u0105 kraj\u00f3w europejskich i ameryka\u0144skich. Projekt wygl\u0105du przyjmuje zasad\u0119 mechaniki p\u0142yn\u00f3w, z wysok\u0105 wydajno\u015bci\u0105 ciepln\u0105 i pi\u0119knym wygl\u0105dem.\" \/>\n<meta name=\"robots\" content=\"index, follow, max-snippet:-1, max-image-preview:large, max-video-preview:-1\" \/>\n<link rel=\"canonical\" href=\"https:\/\/www.zhgdled.com\/pl\/hi-ufo-series-led-high-bay-light.html\" \/>\n<meta property=\"og:locale\" content=\"pl_PL\" \/>\n<meta property=\"og:type\" content=\"article\" \/>\n<meta property=\"og:title\" content=\"O\u015bwietlenie LED High Bay serii Hi-UFO 200LM\/W &#8211; Grupa O\u015bwietleniowa ZHL\" \/>\n<meta property=\"og:description\" content=\"Seria Hi-UFO to oprawa o\u015bwietleniowa typu high bay o ci\u0119\u017ckiej konstrukcji, kt\u00f3ra jest zgodna z estetyk\u0105 kraj\u00f3w europejskich i ameryka\u0144skich. Projekt wygl\u0105du przyjmuje zasad\u0119 mechaniki p\u0142yn\u00f3w, z wysok\u0105 wydajno\u015bci\u0105 ciepln\u0105 i pi\u0119knym wygl\u0105dem.\" \/>\n<meta property=\"og:url\" content=\"https:\/\/www.zhgdled.com\/pl\/hi-ufo-series-led-high-bay-light.html\" \/>\n<meta property=\"og:site_name\" content=\"Grupa O\u015bwietleniowa ZHL\" \/>\n<meta property=\"article:publisher\" content=\"https:\/\/www.facebook.com\/zhllightinggroup\" \/>\n<meta property=\"article:modified_time\" content=\"2023-12-26T03:44:13+00:00\" \/>\n<meta property=\"og:image\" content=\"https:\/\/www.zhgdled.com\/wp-content\/uploads\/2022\/06\/4-4.png\" \/>\n\t<meta property=\"og:image:width\" content=\"1600\" \/>\n\t<meta property=\"og:image:height\" content=\"1600\" \/>\n\t<meta property=\"og:image:type\" content=\"image\/png\" \/>\n<meta name=\"twitter:card\" content=\"summary_large_image\" \/>\n<meta name=\"twitter:site\" content=\"@zhl_lighting\" \/>\n<meta name=\"twitter:label1\" content=\"Szacowany czas czytania\" \/>\n\t<meta name=\"twitter:data1\" content=\"2 minuty\" \/>\n<script type=\"application\/ld+json\" class=\"yoast-schema-graph\">{\"@context\":\"https:\\\/\\\/schema.org\",\"@graph\":[{\"@type\":\"WebPage\",\"@id\":\"https:\\\/\\\/www.zhgdled.com\\\/pl\\\/hi-ufo-series-led-high-bay-light.html\",\"url\":\"https:\\\/\\\/www.zhgdled.com\\\/pl\\\/hi-ufo-series-led-high-bay-light.html\",\"name\":\"O\u015bwietlenie LED High Bay serii Hi-UFO 200LM\\\/W &#8211; Grupa O\u015bwietleniowa ZHL\",\"isPartOf\":{\"@id\":\"https:\\\/\\\/www.zhgdled.com\\\/pl\\\/#website\"},\"primaryImageOfPage\":{\"@id\":\"https:\\\/\\\/www.zhgdled.com\\\/pl\\\/hi-ufo-series-led-high-bay-light.html#primaryimage\"},\"image\":{\"@id\":\"https:\\\/\\\/www.zhgdled.com\\\/pl\\\/hi-ufo-series-led-high-bay-light.html#primaryimage\"},\"thumbnailUrl\":\"https:\\\/\\\/www.zhgdled.com\\\/wp-content\\\/uploads\\\/2022\\\/06\\\/4-4.png\",\"datePublished\":\"2022-06-30T07:02:14+00:00\",\"dateModified\":\"2023-12-26T03:44:13+00:00\",\"description\":\"Seria Hi-UFO to oprawa o\u015bwietleniowa typu high bay o ci\u0119\u017ckiej konstrukcji, kt\u00f3ra jest zgodna z estetyk\u0105 kraj\u00f3w europejskich i ameryka\u0144skich. Projekt wygl\u0105du przyjmuje zasad\u0119 mechaniki p\u0142yn\u00f3w, z wysok\u0105 wydajno\u015bci\u0105 ciepln\u0105 i pi\u0119knym wygl\u0105dem.\",\"breadcrumb\":{\"@id\":\"https:\\\/\\\/www.zhgdled.com\\\/pl\\\/hi-ufo-series-led-high-bay-light.html#breadcrumb\"},\"inLanguage\":\"pl-PL\",\"potentialAction\":[{\"@type\":\"ReadAction\",\"target\":[\"https:\\\/\\\/www.zhgdled.com\\\/pl\\\/hi-ufo-series-led-high-bay-light.html\"]}]},{\"@type\":\"ImageObject\",\"inLanguage\":\"pl-PL\",\"@id\":\"https:\\\/\\\/www.zhgdled.com\\\/pl\\\/hi-ufo-series-led-high-bay-light.html#primaryimage\",\"url\":\"https:\\\/\\\/www.zhgdled.com\\\/wp-content\\\/uploads\\\/2022\\\/06\\\/4-4.png\",\"contentUrl\":\"https:\\\/\\\/www.zhgdled.com\\\/wp-content\\\/uploads\\\/2022\\\/06\\\/4-4.png\",\"width\":1600,\"height\":1600,\"caption\":\"hi-ufo serisi y\u00fcksek tavan lambas\u0131\"},{\"@type\":\"BreadcrumbList\",\"@id\":\"https:\\\/\\\/www.zhgdled.com\\\/pl\\\/hi-ufo-series-led-high-bay-light.html#breadcrumb\",\"itemListElement\":[{\"@type\":\"ListItem\",\"position\":1,\"name\":\"Home\",\"item\":\"https:\\\/\\\/www.zhgdled.com\\\/pl\"},{\"@type\":\"ListItem\",\"position\":2,\"name\":\"PRODUCTS\",\"item\":\"https:\\\/\\\/www.zhgdled.com\\\/zhl-products.html\"},{\"@type\":\"ListItem\",\"position\":3,\"name\":\"O\u015bwietlenie LED High Bay serii Hi-UFO 200LM\\\/W\"}]},{\"@type\":\"WebSite\",\"@id\":\"https:\\\/\\\/www.zhgdled.com\\\/pl\\\/#website\",\"url\":\"https:\\\/\\\/www.zhgdled.com\\\/pl\\\/\",\"name\":\"Grupa O\u015bwietleniowa ZHL\",\"description\":\"Top ranking industrial lighting manufacturer and exporter\",\"publisher\":{\"@id\":\"https:\\\/\\\/www.zhgdled.com\\\/pl\\\/#organization\"},\"potentialAction\":[{\"@type\":\"SearchAction\",\"target\":{\"@type\":\"EntryPoint\",\"urlTemplate\":\"https:\\\/\\\/www.zhgdled.com\\\/pl\\\/?s={search_term_string}\"},\"query-input\":{\"@type\":\"PropertyValueSpecification\",\"valueRequired\":true,\"valueName\":\"search_term_string\"}}],\"inLanguage\":\"pl-PL\"},{\"@type\":\"Organization\",\"@id\":\"https:\\\/\\\/www.zhgdled.com\\\/pl\\\/#organization\",\"name\":\"ZHL Lighting Group\",\"url\":\"https:\\\/\\\/www.zhgdled.com\\\/pl\\\/\",\"logo\":{\"@type\":\"ImageObject\",\"inLanguage\":\"pl-PL\",\"@id\":\"https:\\\/\\\/www.zhgdled.com\\\/pl\\\/#\\\/schema\\\/logo\\\/image\\\/\",\"url\":\"\",\"contentUrl\":\"\",\"caption\":\"ZHL Lighting Group\"},\"image\":{\"@id\":\"https:\\\/\\\/www.zhgdled.com\\\/pl\\\/#\\\/schema\\\/logo\\\/image\\\/\"},\"sameAs\":[\"https:\\\/\\\/www.facebook.com\\\/zhllightinggroup\",\"https:\\\/\\\/x.com\\\/zhl_lighting\"]}]}<\/script>\n<!-- \/ Yoast SEO plugin. -->","yoast_head_json":{"title":"O\u015bwietlenie LED High Bay serii Hi-UFO 200LM\/W &#8211; Grupa O\u015bwietleniowa ZHL","description":"Seria Hi-UFO to oprawa o\u015bwietleniowa typu high bay o ci\u0119\u017ckiej konstrukcji, kt\u00f3ra jest zgodna z estetyk\u0105 kraj\u00f3w europejskich i ameryka\u0144skich. Projekt wygl\u0105du przyjmuje zasad\u0119 mechaniki p\u0142yn\u00f3w, z wysok\u0105 wydajno\u015bci\u0105 ciepln\u0105 i pi\u0119knym wygl\u0105dem.","robots":{"index":"index","follow":"follow","max-snippet":"max-snippet:-1","max-image-preview":"max-image-preview:large","max-video-preview":"max-video-preview:-1"},"canonical":"https:\/\/www.zhgdled.com\/pl\/hi-ufo-series-led-high-bay-light.html","og_locale":"pl_PL","og_type":"article","og_title":"O\u015bwietlenie LED High Bay serii Hi-UFO 200LM\/W &#8211; Grupa O\u015bwietleniowa ZHL","og_description":"Seria Hi-UFO to oprawa o\u015bwietleniowa typu high bay o ci\u0119\u017ckiej konstrukcji, kt\u00f3ra jest zgodna z estetyk\u0105 kraj\u00f3w europejskich i ameryka\u0144skich. Projekt wygl\u0105du przyjmuje zasad\u0119 mechaniki p\u0142yn\u00f3w, z wysok\u0105 wydajno\u015bci\u0105 ciepln\u0105 i pi\u0119knym wygl\u0105dem.","og_url":"https:\/\/www.zhgdled.com\/pl\/hi-ufo-series-led-high-bay-light.html","og_site_name":"Grupa O\u015bwietleniowa ZHL","article_publisher":"https:\/\/www.facebook.com\/zhllightinggroup","article_modified_time":"2023-12-26T03:44:13+00:00","og_image":[{"width":1600,"height":1600,"url":"https:\/\/www.zhgdled.com\/wp-content\/uploads\/2022\/06\/4-4.png","type":"image\/png"}],"twitter_card":"summary_large_image","twitter_site":"@zhl_lighting","twitter_misc":{"Szacowany czas czytania":"2 minuty"},"schema":{"@context":"https:\/\/schema.org","@graph":[{"@type":"WebPage","@id":"https:\/\/www.zhgdled.com\/pl\/hi-ufo-series-led-high-bay-light.html","url":"https:\/\/www.zhgdled.com\/pl\/hi-ufo-series-led-high-bay-light.html","name":"O\u015bwietlenie LED High Bay serii Hi-UFO 200LM\/W &#8211; Grupa O\u015bwietleniowa ZHL","isPartOf":{"@id":"https:\/\/www.zhgdled.com\/pl\/#website"},"primaryImageOfPage":{"@id":"https:\/\/www.zhgdled.com\/pl\/hi-ufo-series-led-high-bay-light.html#primaryimage"},"image":{"@id":"https:\/\/www.zhgdled.com\/pl\/hi-ufo-series-led-high-bay-light.html#primaryimage"},"thumbnailUrl":"https:\/\/www.zhgdled.com\/wp-content\/uploads\/2022\/06\/4-4.png","datePublished":"2022-06-30T07:02:14+00:00","dateModified":"2023-12-26T03:44:13+00:00","description":"Seria Hi-UFO to oprawa o\u015bwietleniowa typu high bay o ci\u0119\u017ckiej konstrukcji, kt\u00f3ra jest zgodna z estetyk\u0105 kraj\u00f3w europejskich i ameryka\u0144skich. Projekt wygl\u0105du przyjmuje zasad\u0119 mechaniki p\u0142yn\u00f3w, z wysok\u0105 wydajno\u015bci\u0105 ciepln\u0105 i pi\u0119knym wygl\u0105dem.","breadcrumb":{"@id":"https:\/\/www.zhgdled.com\/pl\/hi-ufo-series-led-high-bay-light.html#breadcrumb"},"inLanguage":"pl-PL","potentialAction":[{"@type":"ReadAction","target":["https:\/\/www.zhgdled.com\/pl\/hi-ufo-series-led-high-bay-light.html"]}]},{"@type":"ImageObject","inLanguage":"pl-PL","@id":"https:\/\/www.zhgdled.com\/pl\/hi-ufo-series-led-high-bay-light.html#primaryimage","url":"https:\/\/www.zhgdled.com\/wp-content\/uploads\/2022\/06\/4-4.png","contentUrl":"https:\/\/www.zhgdled.com\/wp-content\/uploads\/2022\/06\/4-4.png","width":1600,"height":1600,"caption":"hi-ufo serisi y\u00fcksek tavan lambas\u0131"},{"@type":"BreadcrumbList","@id":"https:\/\/www.zhgdled.com\/pl\/hi-ufo-series-led-high-bay-light.html#breadcrumb","itemListElement":[{"@type":"ListItem","position":1,"name":"Home","item":"https:\/\/www.zhgdled.com\/pl"},{"@type":"ListItem","position":2,"name":"PRODUCTS","item":"https:\/\/www.zhgdled.com\/zhl-products.html"},{"@type":"ListItem","position":3,"name":"O\u015bwietlenie LED High Bay serii Hi-UFO 200LM\/W"}]},{"@type":"WebSite","@id":"https:\/\/www.zhgdled.com\/pl\/#website","url":"https:\/\/www.zhgdled.com\/pl\/","name":"Grupa O\u015bwietleniowa ZHL","description":"Top ranking industrial lighting manufacturer and exporter","publisher":{"@id":"https:\/\/www.zhgdled.com\/pl\/#organization"},"potentialAction":[{"@type":"SearchAction","target":{"@type":"EntryPoint","urlTemplate":"https:\/\/www.zhgdled.com\/pl\/?s={search_term_string}"},"query-input":{"@type":"PropertyValueSpecification","valueRequired":true,"valueName":"search_term_string"}}],"inLanguage":"pl-PL"},{"@type":"Organization","@id":"https:\/\/www.zhgdled.com\/pl\/#organization","name":"ZHL Lighting Group","url":"https:\/\/www.zhgdled.com\/pl\/","logo":{"@type":"ImageObject","inLanguage":"pl-PL","@id":"https:\/\/www.zhgdled.com\/pl\/#\/schema\/logo\/image\/","url":"","contentUrl":"","caption":"ZHL Lighting Group"},"image":{"@id":"https:\/\/www.zhgdled.com\/pl\/#\/schema\/logo\/image\/"},"sameAs":["https:\/\/www.facebook.com\/zhllightinggroup","https:\/\/x.com\/zhl_lighting"]}]}},"_links":{"self":[{"href":"https:\/\/www.zhgdled.com\/pl\/wp-json\/wp\/v2\/product\/12527","targetHints":{"allow":["GET"]}}],"collection":[{"href":"https:\/\/www.zhgdled.com\/pl\/wp-json\/wp\/v2\/product"}],"about":[{"href":"https:\/\/www.zhgdled.com\/pl\/wp-json\/wp\/v2\/types\/product"}],"wp:featuredmedia":[{"embeddable":true,"href":"https:\/\/www.zhgdled.com\/pl\/wp-json\/wp\/v2\/media\/13245"}],"wp:attachment":[{"href":"https:\/\/www.zhgdled.com\/pl\/wp-json\/wp\/v2\/media?parent=12527"}],"wp:term":[{"taxonomy":"product_brand","embeddable":true,"href":"https:\/\/www.zhgdled.com\/pl\/wp-json\/wp\/v2\/product_brand?post=12527"},{"taxonomy":"product_cat","embeddable":true,"href":"https:\/\/www.zhgdled.com\/pl\/wp-json\/wp\/v2\/product_cat?post=12527"},{"taxonomy":"product_tag","embeddable":true,"href":"https:\/\/www.zhgdled.com\/pl\/wp-json\/wp\/v2\/product_tag?post=12527"}],"curies":[{"name":"wp","href":"https:\/\/api.w.org\/{rel}","templated":true}]}}