{"id":12704,"date":"2022-07-20T10:53:24","date_gmt":"2022-07-20T02:53:24","guid":{"rendered":"https:\/\/www.zhgdled.com\/product\/hi-ufo-high-bay-light-with-dip-switch"},"modified":"2023-12-26T11:55:04","modified_gmt":"2023-12-26T03:55:04","slug":"hi-ufo-high-bay-light-with-dip-switch","status":"publish","type":"product","link":"https:\/\/www.zhgdled.com\/pl\/hi-ufo-high-bay-light-with-dip-switch.html","title":{"rendered":"O\u015bwietlenie LED High Bay serii Hi-UFO z prze\u0142\u0105cznikiem DIP (kontrola mocy)"},"content":{"rendered":"<p>Cechy<\/p>\n<ul>\n<li>Moc regulowana prze\u0142\u0105cznikami DIP. Pomaga oszcz\u0119dza\u0107 energi\u0119.<\/li>\n<li>100W mo\u017cna dostosowa\u0107 do 100W, 80W, 50W.<\/li>\n<li>150W mo\u017cna dostosowa\u0107 do 150W, 120W, 80W.<\/li>\n<li>200W mo\u017cna dostosowa\u0107 do 200W, 150W, 100W.<\/li>\n<li>Inteligentny system plug &amp; play bez okablowania, wbudowany czujnik.<\/li>\n<li>Niskie ol\u015bnienie, UGR&lt;27.<\/li>\n<li>Trwa\u0142a i kompaktowa konstrukcja obudowy o niskim profilu.<\/li>\n<li>Wysoka wydajno\u015b\u0107 do 160 lm\/W.<\/li>\n<li>IP65 do zastosowa\u0144 wewn\u0119trznych i zewn\u0119trznych.<\/li>\n<li>5 lat gwarancji.<\/li>\n<\/ul>\n<p><img decoding=\"async\" class=\"alignnone size-full wp-image-12669\" src=\"https:\/\/www.zhgdled.com\/wp-content\/uploads\/2022\/07\/20220720104227.png\" alt=\"\" width=\"1384\" height=\"873\" srcset=\"https:\/\/www.zhgdled.com\/wp-content\/uploads\/2022\/07\/20220720104227.png 1384w, https:\/\/www.zhgdled.com\/wp-content\/uploads\/2022\/07\/20220720104227-300x189.png 300w, https:\/\/www.zhgdled.com\/wp-content\/uploads\/2022\/07\/20220720104227-1024x646.png 1024w, https:\/\/www.zhgdled.com\/wp-content\/uploads\/2022\/07\/20220720104227-768x484.png 768w, https:\/\/www.zhgdled.com\/wp-content\/uploads\/2022\/07\/20220720104227-600x378.png 600w, https:\/\/www.zhgdled.com\/wp-content\/uploads\/2022\/07\/20220720104227-150x95.png 150w\" sizes=\"(max-width: 1384px) 100vw, 1384px\" \/><img decoding=\"async\" class=\"alignnone size-full wp-image-12678\" src=\"https:\/\/www.zhgdled.com\/wp-content\/uploads\/2022\/07\/20220720104256.png\" alt=\"\" width=\"1369\" height=\"720\" srcset=\"https:\/\/www.zhgdled.com\/wp-content\/uploads\/2022\/07\/20220720104256.png 1369w, https:\/\/www.zhgdled.com\/wp-content\/uploads\/2022\/07\/20220720104256-300x158.png 300w, https:\/\/www.zhgdled.com\/wp-content\/uploads\/2022\/07\/20220720104256-1024x539.png 1024w, https:\/\/www.zhgdled.com\/wp-content\/uploads\/2022\/07\/20220720104256-768x404.png 768w, https:\/\/www.zhgdled.com\/wp-content\/uploads\/2022\/07\/20220720104256-600x316.png 600w, https:\/\/www.zhgdled.com\/wp-content\/uploads\/2022\/07\/20220720104256-150x79.png 150w\" sizes=\"(max-width: 1369px) 100vw, 1369px\" \/><img decoding=\"async\" class=\"alignnone size-full wp-image-12687\" src=\"https:\/\/www.zhgdled.com\/wp-content\/uploads\/2022\/07\/20220720104333.png\" alt=\"\" width=\"1378\" height=\"1153\" srcset=\"https:\/\/www.zhgdled.com\/wp-content\/uploads\/2022\/07\/20220720104333.png 1378w, https:\/\/www.zhgdled.com\/wp-content\/uploads\/2022\/07\/20220720104333-300x251.png 300w, https:\/\/www.zhgdled.com\/wp-content\/uploads\/2022\/07\/20220720104333-1024x857.png 1024w, https:\/\/www.zhgdled.com\/wp-content\/uploads\/2022\/07\/20220720104333-768x643.png 768w, https:\/\/www.zhgdled.com\/wp-content\/uploads\/2022\/07\/20220720104333-600x502.png 600w, https:\/\/www.zhgdled.com\/wp-content\/uploads\/2022\/07\/20220720104333-150x126.png 150w\" sizes=\"(max-width: 1378px) 100vw, 1378px\" \/><\/p>\n","protected":false},"excerpt":{"rendered":"<ul>\n<li>Moc regulowana prze\u0142\u0105cznikami DIP. Pomaga oszcz\u0119dza\u0107 energi\u0119.<\/li>\n<li>100W mo\u017cna dostosowa\u0107 do 100W, 80W, 50W.<\/li>\n<li>150W mo\u017cna dostosowa\u0107 do 150W, 120W, 80W.<\/li>\n<li>200W mo\u017cna dostosowa\u0107 do 200W, 150W, 100W.<\/li>\n<li>Inteligentny system plug &amp; play bez okablowania, wbudowany czujnik.<\/li>\n<li>Niskie ol\u015bnienie, UGR&lt;27.<\/li>\n<li>Trwa\u0142a i kompaktowa konstrukcja obudowy o niskim profilu.<\/li>\n<li>Wysoka wydajno\u015b\u0107 do 160 lm\/W.<\/li>\n<li>IP65 do zastosowa\u0144 wewn\u0119trznych i zewn\u0119trznych.<\/li>\n<li>5 lat gwarancji.<\/li>\n<\/ul>\n","protected":false},"featured_media":13171,"template":"","meta":[],"product_brand":[],"product_cat":[640],"product_tag":[],"class_list":{"0":"post-12704","1":"product","2":"type-product","3":"status-publish","4":"has-post-thumbnail","6":"product_cat-swiatla-wysokiego-skladowania","8":"first","9":"instock","10":"shipping-taxable","11":"product-type-simple"},"yoast_head":"<!-- This site is optimized with the Yoast SEO plugin v27.4 - https:\/\/yoast.com\/product\/yoast-seo-wordpress\/ -->\n<title>O\u015bwietlenie LED High Bay serii Hi-UFO z prze\u0142\u0105cznikiem DIP (kontrola mocy) &#8211; Grupa O\u015bwietleniowa ZHL<\/title>\n<meta name=\"description\" content=\"Moc regulowana prze\u0142\u0105cznikami DIP. Pomaga oszcz\u0119dza\u0107 energi\u0119.100W mo\u017cna dostosowa\u0107 do 100W, 80W, 50W.150W mo\u017cna dostosowa\u0107 do 150W, 120W, 80W.200W mo\u017cna dostosowa\u0107 do 200W, 150W, 100W.Inteligentny system plug &amp; play bez okablowania, wbudowany czujnik.Niskie ol\u015bnienie, UGR&lt;27.Trwa\u0142a i kompaktowa konstrukcja obudowy o niskim profilu.Wysoka wydajno\u015b\u0107 do 160 lm\/W.IP65 do zastosowa\u0144 wewn\u0119trznych i zewn\u0119trznych.5 lat gwarancji.\" \/>\n<meta name=\"robots\" content=\"index, follow, max-snippet:-1, max-image-preview:large, max-video-preview:-1\" \/>\n<link rel=\"canonical\" href=\"https:\/\/www.zhgdled.com\/pl\/hi-ufo-high-bay-light-with-dip-switch.html\" \/>\n<meta property=\"og:locale\" content=\"pl_PL\" \/>\n<meta property=\"og:type\" content=\"article\" \/>\n<meta property=\"og:title\" content=\"O\u015bwietlenie LED High Bay serii Hi-UFO z prze\u0142\u0105cznikiem DIP (kontrola mocy) &#8211; Grupa O\u015bwietleniowa ZHL\" \/>\n<meta property=\"og:description\" content=\"Moc regulowana prze\u0142\u0105cznikami DIP. Pomaga oszcz\u0119dza\u0107 energi\u0119.100W mo\u017cna dostosowa\u0107 do 100W, 80W, 50W.150W mo\u017cna dostosowa\u0107 do 150W, 120W, 80W.200W mo\u017cna dostosowa\u0107 do 200W, 150W, 100W.Inteligentny system plug &amp; play bez okablowania, wbudowany czujnik.Niskie ol\u015bnienie, UGR&lt;27.Trwa\u0142a i kompaktowa konstrukcja obudowy o niskim profilu.Wysoka wydajno\u015b\u0107 do 160 lm\/W.IP65 do zastosowa\u0144 wewn\u0119trznych i zewn\u0119trznych.5 lat gwarancji.\" \/>\n<meta property=\"og:url\" content=\"https:\/\/www.zhgdled.com\/pl\/hi-ufo-high-bay-light-with-dip-switch.html\" \/>\n<meta property=\"og:site_name\" content=\"Grupa O\u015bwietleniowa ZHL\" \/>\n<meta property=\"article:publisher\" content=\"https:\/\/www.facebook.com\/zhllightinggroup\" \/>\n<meta property=\"article:modified_time\" content=\"2023-12-26T03:55:04+00:00\" \/>\n<meta property=\"og:image\" content=\"https:\/\/www.zhgdled.com\/wp-content\/uploads\/2022\/07\/1-1.png\" \/>\n\t<meta property=\"og:image:width\" content=\"1600\" \/>\n\t<meta property=\"og:image:height\" content=\"1600\" \/>\n\t<meta property=\"og:image:type\" content=\"image\/png\" \/>\n<meta name=\"twitter:card\" content=\"summary_large_image\" \/>\n<meta name=\"twitter:site\" content=\"@zhl_lighting\" \/>\n<meta name=\"twitter:label1\" content=\"Szacowany czas czytania\" \/>\n\t<meta name=\"twitter:data1\" content=\"2 minuty\" \/>\n<script type=\"application\/ld+json\" class=\"yoast-schema-graph\">{\"@context\":\"https:\\\/\\\/schema.org\",\"@graph\":[{\"@type\":\"WebPage\",\"@id\":\"https:\\\/\\\/www.zhgdled.com\\\/pl\\\/hi-ufo-high-bay-light-with-dip-switch.html\",\"url\":\"https:\\\/\\\/www.zhgdled.com\\\/pl\\\/hi-ufo-high-bay-light-with-dip-switch.html\",\"name\":\"O\u015bwietlenie LED High Bay serii Hi-UFO z prze\u0142\u0105cznikiem DIP (kontrola mocy) &#8211; Grupa O\u015bwietleniowa ZHL\",\"isPartOf\":{\"@id\":\"https:\\\/\\\/www.zhgdled.com\\\/pl\\\/#website\"},\"primaryImageOfPage\":{\"@id\":\"https:\\\/\\\/www.zhgdled.com\\\/pl\\\/hi-ufo-high-bay-light-with-dip-switch.html#primaryimage\"},\"image\":{\"@id\":\"https:\\\/\\\/www.zhgdled.com\\\/pl\\\/hi-ufo-high-bay-light-with-dip-switch.html#primaryimage\"},\"thumbnailUrl\":\"https:\\\/\\\/www.zhgdled.com\\\/wp-content\\\/uploads\\\/2022\\\/07\\\/1-1.png\",\"datePublished\":\"2022-07-20T02:53:24+00:00\",\"dateModified\":\"2023-12-26T03:55:04+00:00\",\"description\":\"Moc regulowana prze\u0142\u0105cznikami DIP. Pomaga oszcz\u0119dza\u0107 energi\u0119.100W mo\u017cna dostosowa\u0107 do 100W, 80W, 50W.150W mo\u017cna dostosowa\u0107 do 150W, 120W, 80W.200W mo\u017cna dostosowa\u0107 do 200W, 150W, 100W.Inteligentny system plug & play bez okablowania, wbudowany czujnik.Niskie ol\u015bnienie, UGR&lt;27.Trwa\u0142a i kompaktowa konstrukcja obudowy o niskim profilu.Wysoka wydajno\u015b\u0107 do 160 lm\\\/W.IP65 do zastosowa\u0144 wewn\u0119trznych i zewn\u0119trznych.5 lat gwarancji.\",\"breadcrumb\":{\"@id\":\"https:\\\/\\\/www.zhgdled.com\\\/pl\\\/hi-ufo-high-bay-light-with-dip-switch.html#breadcrumb\"},\"inLanguage\":\"pl-PL\",\"potentialAction\":[{\"@type\":\"ReadAction\",\"target\":[\"https:\\\/\\\/www.zhgdled.com\\\/pl\\\/hi-ufo-high-bay-light-with-dip-switch.html\"]}]},{\"@type\":\"ImageObject\",\"inLanguage\":\"pl-PL\",\"@id\":\"https:\\\/\\\/www.zhgdled.com\\\/pl\\\/hi-ufo-high-bay-light-with-dip-switch.html#primaryimage\",\"url\":\"https:\\\/\\\/www.zhgdled.com\\\/wp-content\\\/uploads\\\/2022\\\/07\\\/1-1.png\",\"contentUrl\":\"https:\\\/\\\/www.zhgdled.com\\\/wp-content\\\/uploads\\\/2022\\\/07\\\/1-1.png\",\"width\":1600,\"height\":1600,\"caption\":\"Lumin\u00e1ria alta da s\u00e9rie Hi-UFO com interruptor DIP\"},{\"@type\":\"BreadcrumbList\",\"@id\":\"https:\\\/\\\/www.zhgdled.com\\\/pl\\\/hi-ufo-high-bay-light-with-dip-switch.html#breadcrumb\",\"itemListElement\":[{\"@type\":\"ListItem\",\"position\":1,\"name\":\"Home\",\"item\":\"https:\\\/\\\/www.zhgdled.com\\\/pl\"},{\"@type\":\"ListItem\",\"position\":2,\"name\":\"PRODUCTS\",\"item\":\"https:\\\/\\\/www.zhgdled.com\\\/zhl-products.html\"},{\"@type\":\"ListItem\",\"position\":3,\"name\":\"O\u015bwietlenie LED High Bay serii Hi-UFO z prze\u0142\u0105cznikiem DIP (kontrola mocy)\"}]},{\"@type\":\"WebSite\",\"@id\":\"https:\\\/\\\/www.zhgdled.com\\\/pl\\\/#website\",\"url\":\"https:\\\/\\\/www.zhgdled.com\\\/pl\\\/\",\"name\":\"Grupa O\u015bwietleniowa ZHL\",\"description\":\"Top ranking industrial lighting manufacturer and exporter\",\"publisher\":{\"@id\":\"https:\\\/\\\/www.zhgdled.com\\\/pl\\\/#organization\"},\"potentialAction\":[{\"@type\":\"SearchAction\",\"target\":{\"@type\":\"EntryPoint\",\"urlTemplate\":\"https:\\\/\\\/www.zhgdled.com\\\/pl\\\/?s={search_term_string}\"},\"query-input\":{\"@type\":\"PropertyValueSpecification\",\"valueRequired\":true,\"valueName\":\"search_term_string\"}}],\"inLanguage\":\"pl-PL\"},{\"@type\":\"Organization\",\"@id\":\"https:\\\/\\\/www.zhgdled.com\\\/pl\\\/#organization\",\"name\":\"ZHL Lighting Group\",\"url\":\"https:\\\/\\\/www.zhgdled.com\\\/pl\\\/\",\"logo\":{\"@type\":\"ImageObject\",\"inLanguage\":\"pl-PL\",\"@id\":\"https:\\\/\\\/www.zhgdled.com\\\/pl\\\/#\\\/schema\\\/logo\\\/image\\\/\",\"url\":\"\",\"contentUrl\":\"\",\"caption\":\"ZHL Lighting Group\"},\"image\":{\"@id\":\"https:\\\/\\\/www.zhgdled.com\\\/pl\\\/#\\\/schema\\\/logo\\\/image\\\/\"},\"sameAs\":[\"https:\\\/\\\/www.facebook.com\\\/zhllightinggroup\",\"https:\\\/\\\/x.com\\\/zhl_lighting\"]}]}<\/script>\n<!-- \/ Yoast SEO plugin. -->","yoast_head_json":{"title":"O\u015bwietlenie LED High Bay serii Hi-UFO z prze\u0142\u0105cznikiem DIP (kontrola mocy) &#8211; Grupa O\u015bwietleniowa ZHL","description":"Moc regulowana prze\u0142\u0105cznikami DIP. Pomaga oszcz\u0119dza\u0107 energi\u0119.100W mo\u017cna dostosowa\u0107 do 100W, 80W, 50W.150W mo\u017cna dostosowa\u0107 do 150W, 120W, 80W.200W mo\u017cna dostosowa\u0107 do 200W, 150W, 100W.Inteligentny system plug & play bez okablowania, wbudowany czujnik.Niskie ol\u015bnienie, UGR&lt;27.Trwa\u0142a i kompaktowa konstrukcja obudowy o niskim profilu.Wysoka wydajno\u015b\u0107 do 160 lm\/W.IP65 do zastosowa\u0144 wewn\u0119trznych i zewn\u0119trznych.5 lat gwarancji.","robots":{"index":"index","follow":"follow","max-snippet":"max-snippet:-1","max-image-preview":"max-image-preview:large","max-video-preview":"max-video-preview:-1"},"canonical":"https:\/\/www.zhgdled.com\/pl\/hi-ufo-high-bay-light-with-dip-switch.html","og_locale":"pl_PL","og_type":"article","og_title":"O\u015bwietlenie LED High Bay serii Hi-UFO z prze\u0142\u0105cznikiem DIP (kontrola mocy) &#8211; Grupa O\u015bwietleniowa ZHL","og_description":"Moc regulowana prze\u0142\u0105cznikami DIP. Pomaga oszcz\u0119dza\u0107 energi\u0119.100W mo\u017cna dostosowa\u0107 do 100W, 80W, 50W.150W mo\u017cna dostosowa\u0107 do 150W, 120W, 80W.200W mo\u017cna dostosowa\u0107 do 200W, 150W, 100W.Inteligentny system plug & play bez okablowania, wbudowany czujnik.Niskie ol\u015bnienie, UGR&lt;27.Trwa\u0142a i kompaktowa konstrukcja obudowy o niskim profilu.Wysoka wydajno\u015b\u0107 do 160 lm\/W.IP65 do zastosowa\u0144 wewn\u0119trznych i zewn\u0119trznych.5 lat gwarancji.","og_url":"https:\/\/www.zhgdled.com\/pl\/hi-ufo-high-bay-light-with-dip-switch.html","og_site_name":"Grupa O\u015bwietleniowa ZHL","article_publisher":"https:\/\/www.facebook.com\/zhllightinggroup","article_modified_time":"2023-12-26T03:55:04+00:00","og_image":[{"width":1600,"height":1600,"url":"https:\/\/www.zhgdled.com\/wp-content\/uploads\/2022\/07\/1-1.png","type":"image\/png"}],"twitter_card":"summary_large_image","twitter_site":"@zhl_lighting","twitter_misc":{"Szacowany czas czytania":"2 minuty"},"schema":{"@context":"https:\/\/schema.org","@graph":[{"@type":"WebPage","@id":"https:\/\/www.zhgdled.com\/pl\/hi-ufo-high-bay-light-with-dip-switch.html","url":"https:\/\/www.zhgdled.com\/pl\/hi-ufo-high-bay-light-with-dip-switch.html","name":"O\u015bwietlenie LED High Bay serii Hi-UFO z prze\u0142\u0105cznikiem DIP (kontrola mocy) &#8211; Grupa O\u015bwietleniowa ZHL","isPartOf":{"@id":"https:\/\/www.zhgdled.com\/pl\/#website"},"primaryImageOfPage":{"@id":"https:\/\/www.zhgdled.com\/pl\/hi-ufo-high-bay-light-with-dip-switch.html#primaryimage"},"image":{"@id":"https:\/\/www.zhgdled.com\/pl\/hi-ufo-high-bay-light-with-dip-switch.html#primaryimage"},"thumbnailUrl":"https:\/\/www.zhgdled.com\/wp-content\/uploads\/2022\/07\/1-1.png","datePublished":"2022-07-20T02:53:24+00:00","dateModified":"2023-12-26T03:55:04+00:00","description":"Moc regulowana prze\u0142\u0105cznikami DIP. Pomaga oszcz\u0119dza\u0107 energi\u0119.100W mo\u017cna dostosowa\u0107 do 100W, 80W, 50W.150W mo\u017cna dostosowa\u0107 do 150W, 120W, 80W.200W mo\u017cna dostosowa\u0107 do 200W, 150W, 100W.Inteligentny system plug & play bez okablowania, wbudowany czujnik.Niskie ol\u015bnienie, UGR&lt;27.Trwa\u0142a i kompaktowa konstrukcja obudowy o niskim profilu.Wysoka wydajno\u015b\u0107 do 160 lm\/W.IP65 do zastosowa\u0144 wewn\u0119trznych i zewn\u0119trznych.5 lat gwarancji.","breadcrumb":{"@id":"https:\/\/www.zhgdled.com\/pl\/hi-ufo-high-bay-light-with-dip-switch.html#breadcrumb"},"inLanguage":"pl-PL","potentialAction":[{"@type":"ReadAction","target":["https:\/\/www.zhgdled.com\/pl\/hi-ufo-high-bay-light-with-dip-switch.html"]}]},{"@type":"ImageObject","inLanguage":"pl-PL","@id":"https:\/\/www.zhgdled.com\/pl\/hi-ufo-high-bay-light-with-dip-switch.html#primaryimage","url":"https:\/\/www.zhgdled.com\/wp-content\/uploads\/2022\/07\/1-1.png","contentUrl":"https:\/\/www.zhgdled.com\/wp-content\/uploads\/2022\/07\/1-1.png","width":1600,"height":1600,"caption":"Lumin\u00e1ria alta da s\u00e9rie Hi-UFO com interruptor DIP"},{"@type":"BreadcrumbList","@id":"https:\/\/www.zhgdled.com\/pl\/hi-ufo-high-bay-light-with-dip-switch.html#breadcrumb","itemListElement":[{"@type":"ListItem","position":1,"name":"Home","item":"https:\/\/www.zhgdled.com\/pl"},{"@type":"ListItem","position":2,"name":"PRODUCTS","item":"https:\/\/www.zhgdled.com\/zhl-products.html"},{"@type":"ListItem","position":3,"name":"O\u015bwietlenie LED High Bay serii Hi-UFO z prze\u0142\u0105cznikiem DIP (kontrola mocy)"}]},{"@type":"WebSite","@id":"https:\/\/www.zhgdled.com\/pl\/#website","url":"https:\/\/www.zhgdled.com\/pl\/","name":"Grupa O\u015bwietleniowa ZHL","description":"Top ranking industrial lighting manufacturer and exporter","publisher":{"@id":"https:\/\/www.zhgdled.com\/pl\/#organization"},"potentialAction":[{"@type":"SearchAction","target":{"@type":"EntryPoint","urlTemplate":"https:\/\/www.zhgdled.com\/pl\/?s={search_term_string}"},"query-input":{"@type":"PropertyValueSpecification","valueRequired":true,"valueName":"search_term_string"}}],"inLanguage":"pl-PL"},{"@type":"Organization","@id":"https:\/\/www.zhgdled.com\/pl\/#organization","name":"ZHL Lighting Group","url":"https:\/\/www.zhgdled.com\/pl\/","logo":{"@type":"ImageObject","inLanguage":"pl-PL","@id":"https:\/\/www.zhgdled.com\/pl\/#\/schema\/logo\/image\/","url":"","contentUrl":"","caption":"ZHL Lighting Group"},"image":{"@id":"https:\/\/www.zhgdled.com\/pl\/#\/schema\/logo\/image\/"},"sameAs":["https:\/\/www.facebook.com\/zhllightinggroup","https:\/\/x.com\/zhl_lighting"]}]}},"_links":{"self":[{"href":"https:\/\/www.zhgdled.com\/pl\/wp-json\/wp\/v2\/product\/12704","targetHints":{"allow":["GET"]}}],"collection":[{"href":"https:\/\/www.zhgdled.com\/pl\/wp-json\/wp\/v2\/product"}],"about":[{"href":"https:\/\/www.zhgdled.com\/pl\/wp-json\/wp\/v2\/types\/product"}],"wp:featuredmedia":[{"embeddable":true,"href":"https:\/\/www.zhgdled.com\/pl\/wp-json\/wp\/v2\/media\/13171"}],"wp:attachment":[{"href":"https:\/\/www.zhgdled.com\/pl\/wp-json\/wp\/v2\/media?parent=12704"}],"wp:term":[{"taxonomy":"product_brand","embeddable":true,"href":"https:\/\/www.zhgdled.com\/pl\/wp-json\/wp\/v2\/product_brand?post=12704"},{"taxonomy":"product_cat","embeddable":true,"href":"https:\/\/www.zhgdled.com\/pl\/wp-json\/wp\/v2\/product_cat?post=12704"},{"taxonomy":"product_tag","embeddable":true,"href":"https:\/\/www.zhgdled.com\/pl\/wp-json\/wp\/v2\/product_tag?post=12704"}],"curies":[{"name":"wp","href":"https:\/\/api.w.org\/{rel}","templated":true}]}}