{"id":19068,"date":"2023-06-12T11:23:45","date_gmt":"2022-12-21T03:23:45","guid":{"rendered":"https:\/\/www.zhgdled.com\/product\/3-head-series-led-rechargeable-work-light"},"modified":"2023-12-26T11:24:55","modified_gmt":"2023-12-26T03:24:55","slug":"latarka-robocza-led-z-mozliwoscia-ladowania","status":"publish","type":"product","link":"https:\/\/www.zhgdled.com\/pl\/3-glowicowa-seria-led-ladowalna-lampa-robocza.html","title":{"rendered":"LAMPA ROBOCZA LED Z SERII 3-G\u0141OWICOWEJ"},"content":{"rendered":"<h2>Profesjonalna i trwa\u0142a latarka robocza LED z mo\u017cliwo\u015bci\u0105 \u0142adowania do pracy w trudnych warunkach<\/h2>\n<p>Latarka robocza LED z serii 3-Head z mo\u017cliwo\u015bci\u0105 \u0142adowania to profesjonalna lampa robocza typu plug-and-play na ka\u017cd\u0105 pogod\u0119. Jest wyposa\u017cony w alarmuj\u0105cy statyw w kolorze pomara\u0144czowym, kt\u00f3ry mo\u017cna regulowa\u0107 na wysoko\u015b\u0107 i k\u0105ty. Lewa lampa i prawa lampa s\u0105 \u0142adowalne, a \u015brodkowa lampa jest zasilana z sieci 220 V. Po pod\u0142\u0105czeniu lewa i prawa lampa \u0142aduj\u0105 si\u0119 automatycznie, a wska\u017anik jest w\u0142\u0105czony.<\/p>\n<p>Wszystkie 3 g\u0142owice lamp mo\u017cna od\u0142\u0105czy\u0107 i ustawi\u0107 pod r\u00f3\u017cnymi k\u0105tami. Stopie\u0144 ochrony IP54 &#8211; stopie\u0144 5 py\u0142oszczelno\u015bci (wnikanie kurzu nie wp\u0142ynie na normalne dzia\u0142anie lampy), stopie\u0144 4 wodoodporno\u015bci (zapobiega przedostawaniu si\u0119 bryzgaj\u0105cej wody).<\/p>\n<p>&nbsp;<\/p>\n<h2>SPECYFIKACJA<\/h2>\n<table style=\"border-collapse: collapse; width: 587px; height: 288px;\" border=\"0\" width=\"257\" cellspacing=\"0\" cellpadding=\"0\">\n<tbody>\n<tr style=\"height: 14.25pt;\">\n<td class=\"et2\" style=\"height: 14.25pt; width: 192.90pt;\" width=\"257\" height=\"19\">Moc: 30 W + 2*5 W, CA\u0141KOWITA 40 W<\/td>\n<\/tr>\n<tr style=\"height: 14.25pt;\">\n<td class=\"et2\" style=\"height: 14.25pt;\" height=\"19\">Wydajno\u015b\u0107 \u015bwietlna: 90lm\/w<\/td>\n<\/tr>\n<tr style=\"height: 14.25pt;\">\n<td class=\"et2\" style=\"height: 14.25pt;\" height=\"19\">\u0179r\u00f3d\u0142o \u015bwiat\u0142a: SMD<\/td>\n<\/tr>\n<tr style=\"height: 14.25pt;\">\n<td class=\"et2\" style=\"height: 14.25pt;\" height=\"19\">Ra&gt;80<\/td>\n<\/tr>\n<tr style=\"height: 14.25pt;\">\n<td class=\"et2\" style=\"height: 14.25pt;\" height=\"19\">K\u0105t \u015bwiecenia: 110\u00b0<\/td>\n<\/tr>\n<tr style=\"height: 14.25pt;\">\n<td class=\"et2\" style=\"height: 14.25pt;\" height=\"19\">Stopie\u0144 ochrony IP: IP54<\/td>\n<\/tr>\n<tr style=\"height: 14.25pt;\">\n<td class=\"et2\" style=\"height: 14.25pt;\" height=\"19\">Certyfikacja: CE ErP<\/td>\n<\/tr>\n<tr style=\"height: 14.25pt;\">\n<td class=\"et2\" style=\"height: 14.25pt;\" height=\"19\">\u017bywotno\u015b\u0107: 30 000 godzin<\/td>\n<\/tr>\n<tr style=\"height: 14.25pt;\">\n<td class=\"et2\" style=\"height: 14.25pt;\" height=\"19\">Akumulator litowy 18650<\/td>\n<\/tr>\n<tr style=\"height: 14.25pt;\">\n<td class=\"et2\" style=\"height: 14.25pt;\" height=\"19\">\u0141adowanie 4 godziny \/ roz\u0142adowanie 2 godziny<\/td>\n<\/tr>\n<tr style=\"height: 14.25pt;\">\n<td class=\"et2\" style=\"height: 14.25pt;\" height=\"19\">Gwarancja: 2 lata<\/td>\n<\/tr>\n<\/tbody>\n<\/table>\n<p><img decoding=\"async\" class=\"alignnone size-full wp-image-18049\" src=\"https:\/\/www.zhgdled.com\/wp-content\/uploads\/2022\/12\/20221221111704.jpg\" alt=\"\" width=\"1281\" height=\"807\" srcset=\"https:\/\/www.zhgdled.com\/wp-content\/uploads\/2022\/12\/20221221111704.jpg 1281w, https:\/\/www.zhgdled.com\/wp-content\/uploads\/2022\/12\/20221221111704-300x189.jpg 300w, https:\/\/www.zhgdled.com\/wp-content\/uploads\/2022\/12\/20221221111704-1024x645.jpg 1024w, https:\/\/www.zhgdled.com\/wp-content\/uploads\/2022\/12\/20221221111704-768x484.jpg 768w, https:\/\/www.zhgdled.com\/wp-content\/uploads\/2022\/12\/20221221111704-600x378.jpg 600w, https:\/\/www.zhgdled.com\/wp-content\/uploads\/2022\/12\/20221221111704-150x94.jpg 150w\" sizes=\"(max-width: 1281px) 100vw, 1281px\" \/><\/p>\n","protected":false},"excerpt":{"rendered":"<p>Latarka robocza LED z serii 3-Head z mo\u017cliwo\u015bci\u0105 \u0142adowania to profesjonalna lampa robocza typu plug-and-play na ka\u017cd\u0105 pogod\u0119. Jest wyposa\u017cony w alarmuj\u0105cy statyw w kolorze pomara\u0144czowym, kt\u00f3ry mo\u017cna regulowa\u0107 na wysoko\u015b\u0107 i k\u0105ty. Lewa lampa i prawa lampa s\u0105 \u0142adowalne, a \u015brodkowa lampa jest zasilana z sieci 220 V. Po pod\u0142\u0105czeniu lewa i prawa lampa \u0142aduj\u0105 si\u0119 automatycznie, a wska\u017anik jest w\u0142\u0105czony.<\/p>\n<p>Wszystkie 3 g\u0142owice lamp mo\u017cna od\u0142\u0105czy\u0107 i ustawi\u0107 pod r\u00f3\u017cnymi k\u0105tami.<\/p>\n","protected":false},"featured_media":18029,"template":"","meta":[],"product_brand":[],"product_cat":[638],"product_tag":[],"class_list":{"0":"post-19068","1":"product","2":"type-product","3":"status-publish","4":"has-post-thumbnail","6":"product_cat-swiatla-robocze","8":"first","9":"instock","10":"shipping-taxable","11":"product-type-simple"},"yoast_head":"<!-- This site is optimized with the Yoast SEO plugin v27.4 - https:\/\/yoast.com\/product\/yoast-seo-wordpress\/ -->\n<title>Latarka robocza LED z mo\u017cliwo\u015bci\u0105 \u0142adowania<\/title>\n<meta name=\"description\" content=\"Latarka robocza LED z serii 3-Head z mo\u017cliwo\u015bci\u0105 \u0142adowania to profesjonalna lampa robocza typu plug-and-play na ka\u017cd\u0105 pogod\u0119.\" \/>\n<meta name=\"robots\" content=\"index, follow, max-snippet:-1, max-image-preview:large, max-video-preview:-1\" \/>\n<link rel=\"canonical\" href=\"https:\/\/www.zhgdled.com\/pl\/3-glowicowa-seria-led-ladowalna-lampa-robocza.html\" \/>\n<meta property=\"og:locale\" content=\"pl_PL\" \/>\n<meta property=\"og:type\" content=\"article\" \/>\n<meta property=\"og:title\" content=\"Latarka robocza LED z mo\u017cliwo\u015bci\u0105 \u0142adowania\" \/>\n<meta property=\"og:description\" content=\"Latarka robocza LED z serii 3-Head z mo\u017cliwo\u015bci\u0105 \u0142adowania to profesjonalna lampa robocza typu plug-and-play na ka\u017cd\u0105 pogod\u0119.\" \/>\n<meta property=\"og:url\" content=\"https:\/\/www.zhgdled.com\/pl\/3-glowicowa-seria-led-ladowalna-lampa-robocza.html\" \/>\n<meta property=\"og:site_name\" content=\"Grupa O\u015bwietleniowa ZHL\" \/>\n<meta property=\"article:publisher\" content=\"https:\/\/www.facebook.com\/zhllightinggroup\" \/>\n<meta property=\"article:modified_time\" content=\"2023-12-26T03:24:55+00:00\" \/>\n<meta property=\"og:image\" content=\"https:\/\/www.zhgdled.com\/wp-content\/uploads\/2022\/12\/3-HEAD-SERIES-WORK-LIGHT.jpg\" \/>\n\t<meta property=\"og:image:width\" content=\"736\" \/>\n\t<meta property=\"og:image:height\" content=\"736\" \/>\n\t<meta property=\"og:image:type\" content=\"image\/jpeg\" \/>\n<meta name=\"twitter:card\" content=\"summary_large_image\" \/>\n<meta name=\"twitter:site\" content=\"@zhl_lighting\" \/>\n<meta name=\"twitter:label1\" content=\"Szacowany czas czytania\" \/>\n\t<meta name=\"twitter:data1\" content=\"2 minuty\" \/>\n<script type=\"application\/ld+json\" class=\"yoast-schema-graph\">{\"@context\":\"https:\\\/\\\/schema.org\",\"@graph\":[{\"@type\":\"WebPage\",\"@id\":\"https:\\\/\\\/www.zhgdled.com\\\/pl\\\/3-glowicowa-seria-led-ladowalna-lampa-robocza.html\",\"url\":\"https:\\\/\\\/www.zhgdled.com\\\/pl\\\/3-glowicowa-seria-led-ladowalna-lampa-robocza.html\",\"name\":\"Latarka robocza LED z mo\u017cliwo\u015bci\u0105 \u0142adowania\",\"isPartOf\":{\"@id\":\"https:\\\/\\\/www.zhgdled.com\\\/pl\\\/#website\"},\"primaryImageOfPage\":{\"@id\":\"https:\\\/\\\/www.zhgdled.com\\\/pl\\\/3-glowicowa-seria-led-ladowalna-lampa-robocza.html#primaryimage\"},\"image\":{\"@id\":\"https:\\\/\\\/www.zhgdled.com\\\/pl\\\/3-glowicowa-seria-led-ladowalna-lampa-robocza.html#primaryimage\"},\"thumbnailUrl\":\"https:\\\/\\\/www.zhgdled.com\\\/wp-content\\\/uploads\\\/2022\\\/12\\\/3-HEAD-SERIES-WORK-LIGHT.jpg\",\"datePublished\":\"2022-12-21T03:23:45+00:00\",\"dateModified\":\"2023-12-26T03:24:55+00:00\",\"description\":\"Latarka robocza LED z serii 3-Head z mo\u017cliwo\u015bci\u0105 \u0142adowania to profesjonalna lampa robocza typu plug-and-play na ka\u017cd\u0105 pogod\u0119.\",\"breadcrumb\":{\"@id\":\"https:\\\/\\\/www.zhgdled.com\\\/pl\\\/3-glowicowa-seria-led-ladowalna-lampa-robocza.html#breadcrumb\"},\"inLanguage\":\"pl-PL\",\"potentialAction\":[{\"@type\":\"ReadAction\",\"target\":[\"https:\\\/\\\/www.zhgdled.com\\\/pl\\\/3-glowicowa-seria-led-ladowalna-lampa-robocza.html\"]}]},{\"@type\":\"ImageObject\",\"inLanguage\":\"pl-PL\",\"@id\":\"https:\\\/\\\/www.zhgdled.com\\\/pl\\\/3-glowicowa-seria-led-ladowalna-lampa-robocza.html#primaryimage\",\"url\":\"https:\\\/\\\/www.zhgdled.com\\\/wp-content\\\/uploads\\\/2022\\\/12\\\/3-HEAD-SERIES-WORK-LIGHT.jpg\",\"contentUrl\":\"https:\\\/\\\/www.zhgdled.com\\\/wp-content\\\/uploads\\\/2022\\\/12\\\/3-HEAD-SERIES-WORK-LIGHT.jpg\",\"width\":736,\"height\":736,\"caption\":\"Latarka robocza LED z mo\u017cliwo\u015bci\u0105 \u0142adowania\"},{\"@type\":\"BreadcrumbList\",\"@id\":\"https:\\\/\\\/www.zhgdled.com\\\/pl\\\/3-glowicowa-seria-led-ladowalna-lampa-robocza.html#breadcrumb\",\"itemListElement\":[{\"@type\":\"ListItem\",\"position\":1,\"name\":\"Home\",\"item\":\"https:\\\/\\\/www.zhgdled.com\\\/pl\"},{\"@type\":\"ListItem\",\"position\":2,\"name\":\"PRODUCTS\",\"item\":\"https:\\\/\\\/www.zhgdled.com\\\/zhl-products.html\"},{\"@type\":\"ListItem\",\"position\":3,\"name\":\"LAMPA ROBOCZA LED Z SERII 3-G\u0141OWICOWEJ\"}]},{\"@type\":\"WebSite\",\"@id\":\"https:\\\/\\\/www.zhgdled.com\\\/pl\\\/#website\",\"url\":\"https:\\\/\\\/www.zhgdled.com\\\/pl\\\/\",\"name\":\"Grupa O\u015bwietleniowa ZHL\",\"description\":\"Top ranking industrial lighting manufacturer and exporter\",\"publisher\":{\"@id\":\"https:\\\/\\\/www.zhgdled.com\\\/pl\\\/#organization\"},\"potentialAction\":[{\"@type\":\"SearchAction\",\"target\":{\"@type\":\"EntryPoint\",\"urlTemplate\":\"https:\\\/\\\/www.zhgdled.com\\\/pl\\\/?s={search_term_string}\"},\"query-input\":{\"@type\":\"PropertyValueSpecification\",\"valueRequired\":true,\"valueName\":\"search_term_string\"}}],\"inLanguage\":\"pl-PL\"},{\"@type\":\"Organization\",\"@id\":\"https:\\\/\\\/www.zhgdled.com\\\/pl\\\/#organization\",\"name\":\"ZHL Lighting Group\",\"url\":\"https:\\\/\\\/www.zhgdled.com\\\/pl\\\/\",\"logo\":{\"@type\":\"ImageObject\",\"inLanguage\":\"pl-PL\",\"@id\":\"https:\\\/\\\/www.zhgdled.com\\\/pl\\\/#\\\/schema\\\/logo\\\/image\\\/\",\"url\":\"\",\"contentUrl\":\"\",\"caption\":\"ZHL Lighting Group\"},\"image\":{\"@id\":\"https:\\\/\\\/www.zhgdled.com\\\/pl\\\/#\\\/schema\\\/logo\\\/image\\\/\"},\"sameAs\":[\"https:\\\/\\\/www.facebook.com\\\/zhllightinggroup\",\"https:\\\/\\\/x.com\\\/zhl_lighting\"]}]}<\/script>\n<!-- \/ Yoast SEO plugin. -->","yoast_head_json":{"title":"Latarka robocza LED z mo\u017cliwo\u015bci\u0105 \u0142adowania","description":"Latarka robocza LED z serii 3-Head z mo\u017cliwo\u015bci\u0105 \u0142adowania to profesjonalna lampa robocza typu plug-and-play na ka\u017cd\u0105 pogod\u0119.","robots":{"index":"index","follow":"follow","max-snippet":"max-snippet:-1","max-image-preview":"max-image-preview:large","max-video-preview":"max-video-preview:-1"},"canonical":"https:\/\/www.zhgdled.com\/pl\/3-glowicowa-seria-led-ladowalna-lampa-robocza.html","og_locale":"pl_PL","og_type":"article","og_title":"Latarka robocza LED z mo\u017cliwo\u015bci\u0105 \u0142adowania","og_description":"Latarka robocza LED z serii 3-Head z mo\u017cliwo\u015bci\u0105 \u0142adowania to profesjonalna lampa robocza typu plug-and-play na ka\u017cd\u0105 pogod\u0119.","og_url":"https:\/\/www.zhgdled.com\/pl\/3-glowicowa-seria-led-ladowalna-lampa-robocza.html","og_site_name":"Grupa O\u015bwietleniowa ZHL","article_publisher":"https:\/\/www.facebook.com\/zhllightinggroup","article_modified_time":"2023-12-26T03:24:55+00:00","og_image":[{"width":736,"height":736,"url":"https:\/\/www.zhgdled.com\/wp-content\/uploads\/2022\/12\/3-HEAD-SERIES-WORK-LIGHT.jpg","type":"image\/jpeg"}],"twitter_card":"summary_large_image","twitter_site":"@zhl_lighting","twitter_misc":{"Szacowany czas czytania":"2 minuty"},"schema":{"@context":"https:\/\/schema.org","@graph":[{"@type":"WebPage","@id":"https:\/\/www.zhgdled.com\/pl\/3-glowicowa-seria-led-ladowalna-lampa-robocza.html","url":"https:\/\/www.zhgdled.com\/pl\/3-glowicowa-seria-led-ladowalna-lampa-robocza.html","name":"Latarka robocza LED z mo\u017cliwo\u015bci\u0105 \u0142adowania","isPartOf":{"@id":"https:\/\/www.zhgdled.com\/pl\/#website"},"primaryImageOfPage":{"@id":"https:\/\/www.zhgdled.com\/pl\/3-glowicowa-seria-led-ladowalna-lampa-robocza.html#primaryimage"},"image":{"@id":"https:\/\/www.zhgdled.com\/pl\/3-glowicowa-seria-led-ladowalna-lampa-robocza.html#primaryimage"},"thumbnailUrl":"https:\/\/www.zhgdled.com\/wp-content\/uploads\/2022\/12\/3-HEAD-SERIES-WORK-LIGHT.jpg","datePublished":"2022-12-21T03:23:45+00:00","dateModified":"2023-12-26T03:24:55+00:00","description":"Latarka robocza LED z serii 3-Head z mo\u017cliwo\u015bci\u0105 \u0142adowania to profesjonalna lampa robocza typu plug-and-play na ka\u017cd\u0105 pogod\u0119.","breadcrumb":{"@id":"https:\/\/www.zhgdled.com\/pl\/3-glowicowa-seria-led-ladowalna-lampa-robocza.html#breadcrumb"},"inLanguage":"pl-PL","potentialAction":[{"@type":"ReadAction","target":["https:\/\/www.zhgdled.com\/pl\/3-glowicowa-seria-led-ladowalna-lampa-robocza.html"]}]},{"@type":"ImageObject","inLanguage":"pl-PL","@id":"https:\/\/www.zhgdled.com\/pl\/3-glowicowa-seria-led-ladowalna-lampa-robocza.html#primaryimage","url":"https:\/\/www.zhgdled.com\/wp-content\/uploads\/2022\/12\/3-HEAD-SERIES-WORK-LIGHT.jpg","contentUrl":"https:\/\/www.zhgdled.com\/wp-content\/uploads\/2022\/12\/3-HEAD-SERIES-WORK-LIGHT.jpg","width":736,"height":736,"caption":"Latarka robocza LED z mo\u017cliwo\u015bci\u0105 \u0142adowania"},{"@type":"BreadcrumbList","@id":"https:\/\/www.zhgdled.com\/pl\/3-glowicowa-seria-led-ladowalna-lampa-robocza.html#breadcrumb","itemListElement":[{"@type":"ListItem","position":1,"name":"Home","item":"https:\/\/www.zhgdled.com\/pl"},{"@type":"ListItem","position":2,"name":"PRODUCTS","item":"https:\/\/www.zhgdled.com\/zhl-products.html"},{"@type":"ListItem","position":3,"name":"LAMPA ROBOCZA LED Z SERII 3-G\u0141OWICOWEJ"}]},{"@type":"WebSite","@id":"https:\/\/www.zhgdled.com\/pl\/#website","url":"https:\/\/www.zhgdled.com\/pl\/","name":"Grupa O\u015bwietleniowa ZHL","description":"Top ranking industrial lighting manufacturer and exporter","publisher":{"@id":"https:\/\/www.zhgdled.com\/pl\/#organization"},"potentialAction":[{"@type":"SearchAction","target":{"@type":"EntryPoint","urlTemplate":"https:\/\/www.zhgdled.com\/pl\/?s={search_term_string}"},"query-input":{"@type":"PropertyValueSpecification","valueRequired":true,"valueName":"search_term_string"}}],"inLanguage":"pl-PL"},{"@type":"Organization","@id":"https:\/\/www.zhgdled.com\/pl\/#organization","name":"ZHL Lighting Group","url":"https:\/\/www.zhgdled.com\/pl\/","logo":{"@type":"ImageObject","inLanguage":"pl-PL","@id":"https:\/\/www.zhgdled.com\/pl\/#\/schema\/logo\/image\/","url":"","contentUrl":"","caption":"ZHL Lighting Group"},"image":{"@id":"https:\/\/www.zhgdled.com\/pl\/#\/schema\/logo\/image\/"},"sameAs":["https:\/\/www.facebook.com\/zhllightinggroup","https:\/\/x.com\/zhl_lighting"]}]}},"_links":{"self":[{"href":"https:\/\/www.zhgdled.com\/pl\/wp-json\/wp\/v2\/product\/19068","targetHints":{"allow":["GET"]}}],"collection":[{"href":"https:\/\/www.zhgdled.com\/pl\/wp-json\/wp\/v2\/product"}],"about":[{"href":"https:\/\/www.zhgdled.com\/pl\/wp-json\/wp\/v2\/types\/product"}],"wp:featuredmedia":[{"embeddable":true,"href":"https:\/\/www.zhgdled.com\/pl\/wp-json\/wp\/v2\/media\/18029"}],"wp:attachment":[{"href":"https:\/\/www.zhgdled.com\/pl\/wp-json\/wp\/v2\/media?parent=19068"}],"wp:term":[{"taxonomy":"product_brand","embeddable":true,"href":"https:\/\/www.zhgdled.com\/pl\/wp-json\/wp\/v2\/product_brand?post=19068"},{"taxonomy":"product_cat","embeddable":true,"href":"https:\/\/www.zhgdled.com\/pl\/wp-json\/wp\/v2\/product_cat?post=19068"},{"taxonomy":"product_tag","embeddable":true,"href":"https:\/\/www.zhgdled.com\/pl\/wp-json\/wp\/v2\/product_tag?post=19068"}],"curies":[{"name":"wp","href":"https:\/\/api.w.org\/{rel}","templated":true}]}}