{"id":19070,"date":"2022-12-08T16:38:27","date_gmt":"2022-12-08T08:38:27","guid":{"rendered":"https:\/\/www.zhgdled.com\/product\/yoga-series-solar-led-wall-flood-light"},"modified":"2023-12-26T11:37:23","modified_gmt":"2023-12-26T03:37:23","slug":"solarna-lampa-scienna","status":"publish","type":"product","link":"https:\/\/www.zhgdled.com\/pl\/seria-joga-solane-led-reflektor-scienny.html","title":{"rendered":"SERIA YOGA SOLAR O\u015aWIETLENIE \u015aCIENNE LED"},"content":{"rendered":"<p>INTELIGENTNE LAMPY CA\u0141KOWICIE ZASILANE ENERGI\u0104 S\u0141ONECZN\u0104<\/p>\n<p>S\u0142oneczna lampa \u015bcienna YOGA SERIES to uniwersalne kinkiety solarne dla w\u0142a\u015bcicieli dom\u00f3w. Mo\u017cliwo\u015b\u0107 przyciemniania i czujnik PIR to kluczowa cecha, kt\u00f3ra czyni go inteligentniejszym.<\/p>\n<p>&nbsp;<\/p>\n<p>SPECYFIKACJA<\/p>\n<table style=\"border-collapse: collapse; width: 886.52pt;\" border=\"0\" width=\"1182\" cellspacing=\"0\" cellpadding=\"0\">\n<tbody>\n<tr style=\"height: 15.00pt;\">\n<td class=\"et2\" style=\"height: 15.00pt; width: 54.00pt;\" width=\"72\" height=\"20\">Moc (W)<\/td>\n<td class=\"et2\" style=\"width: 54.00pt;\" width=\"72\">CCT<\/td>\n<td class=\"et2\" style=\"width: 54.00pt;\" width=\"72\">CRI<\/td>\n<td class=\"et2\" style=\"width: 109.50pt;\" width=\"146\">Wydajno\u015b\u0107 (lm\/w)<\/td>\n<td class=\"et2\" style=\"width: 114.00pt;\" width=\"152\">Strumie\u0144 \u015bwietlny (lm)<\/td>\n<td class=\"et2\" style=\"width: 105.00pt;\" width=\"140\">Pozycja baterii<\/td>\n<td class=\"et2\" style=\"width: 54.00pt;\" width=\"72\">Gwarancja<\/td>\n<td class=\"et2\" style=\"width: 78.75pt;\" width=\"105\">Typ Baterii<\/td>\n<td class=\"et2\" style=\"width: 67.50pt;\" width=\"90\">Typ panelu<\/td>\n<td class=\"et2\" style=\"width: 72.75pt;\" width=\"97\">Tryb pracy<\/td>\n<td class=\"et2\" style=\"width: 123.00pt;\" width=\"164\">Temperatura otoczenia<\/td>\n<\/tr>\n<tr style=\"height: 15.00pt;\">\n<td class=\"et2\" style=\"height: 15.00pt;\" height=\"20\">3W<\/td>\n<td class=\"et2\">5700K<\/td>\n<td class=\"et2\">&gt;80<\/td>\n<td class=\"et2\">130LM\/W<\/td>\n<td class=\"et2\">390LM<\/td>\n<td class=\"et2\">Wbudowany<\/td>\n<td class=\"et2\">2 lata<\/td>\n<td class=\"et2\">Bateria litowa<\/td>\n<td class=\"et2\">Polikrystaliczny<\/td>\n<td class=\"et2\">Czujnik ruchu PIR<\/td>\n<td class=\"et2\">-10\u2103-45\u2103<\/td>\n<\/tr>\n<tr style=\"height: 15.00pt;\">\n<td class=\"et2\" style=\"height: 15.00pt;\" height=\"20\">12W<\/td>\n<td class=\"et2\">5700K<\/td>\n<td class=\"et2\">&gt;80<\/td>\n<td class=\"et2\">130LM\/W<\/td>\n<td class=\"et2\">1560LM<\/td>\n<td class=\"et2\">Wbudowany<\/td>\n<td class=\"et2\">2 lata<\/td>\n<td class=\"et2\">Bateria litowa<\/td>\n<td class=\"et2\">Polikrystaliczny<\/td>\n<td class=\"et2\">Czujnik ruchu PIR<\/td>\n<td class=\"et2\">-10\u2103-45\u2103<\/td>\n<\/tr>\n<\/tbody>\n<\/table>\n","protected":false},"excerpt":{"rendered":"<p>S\u0142oneczna lampa \u015bcienna YOGA SERIES to uniwersalne kinkiety solarne dla w\u0142a\u015bcicieli dom\u00f3w. Mo\u017cliwo\u015b\u0107 przyciemniania i czujnik PIR to kluczowa funkcja, kt\u00f3ra czyni go inteligentniejszym.<\/p>\n","protected":false},"featured_media":17965,"template":"","meta":[],"product_brand":[],"product_cat":[639],"product_tag":[],"class_list":{"0":"post-19070","1":"product","2":"type-product","3":"status-publish","4":"has-post-thumbnail","6":"product_cat-reflektory-sloneczne","8":"first","9":"instock","10":"featured","11":"shipping-taxable","12":"product-type-simple"},"yoast_head":"<!-- This site is optimized with the Yoast SEO plugin v27.4 - https:\/\/yoast.com\/product\/yoast-seo-wordpress\/ -->\n<title>Solarna lampa \u015bcienna Seria jogi<\/title>\n<meta name=\"description\" content=\"Kinkiet solarny YOGA SERIES to zmontowany kinkiet solarny typu \u201ewszystko w jednym\u201d dla w\u0142a\u015bcicieli dom\u00f3w. Mo\u017cliwo\u015b\u0107 przyciemniania i czujnik PIR to kluczowa funkcja, kt\u00f3ra czyni go inteligentniejszym.\" \/>\n<meta name=\"robots\" content=\"index, follow, max-snippet:-1, max-image-preview:large, max-video-preview:-1\" \/>\n<link rel=\"canonical\" href=\"https:\/\/www.zhgdled.com\/pl\/seria-joga-solane-led-reflektor-scienny.html\" \/>\n<meta property=\"og:locale\" content=\"pl_PL\" \/>\n<meta property=\"og:type\" content=\"article\" \/>\n<meta property=\"og:title\" content=\"Solarna lampa \u015bcienna Seria jogi\" \/>\n<meta property=\"og:description\" content=\"Kinkiet solarny YOGA SERIES to zmontowany kinkiet solarny typu \u201ewszystko w jednym\u201d dla w\u0142a\u015bcicieli dom\u00f3w. Mo\u017cliwo\u015b\u0107 przyciemniania i czujnik PIR to kluczowa funkcja, kt\u00f3ra czyni go inteligentniejszym.\" \/>\n<meta property=\"og:url\" content=\"https:\/\/www.zhgdled.com\/pl\/seria-joga-solane-led-reflektor-scienny.html\" \/>\n<meta property=\"og:site_name\" content=\"Grupa O\u015bwietleniowa ZHL\" \/>\n<meta property=\"article:publisher\" content=\"https:\/\/www.facebook.com\/zhllightinggroup\" \/>\n<meta property=\"article:modified_time\" content=\"2023-12-26T03:37:23+00:00\" \/>\n<meta property=\"og:image\" content=\"https:\/\/www.zhgdled.com\/wp-content\/uploads\/2022\/12\/yoga-series-solar-wall-lamp.jpg\" \/>\n\t<meta property=\"og:image:width\" content=\"750\" \/>\n\t<meta property=\"og:image:height\" content=\"750\" \/>\n\t<meta property=\"og:image:type\" content=\"image\/jpeg\" \/>\n<meta name=\"twitter:card\" content=\"summary_large_image\" \/>\n<meta name=\"twitter:site\" content=\"@zhl_lighting\" \/>\n<meta name=\"twitter:label1\" content=\"Szacowany czas czytania\" \/>\n\t<meta name=\"twitter:data1\" content=\"1 minuta\" \/>\n<script type=\"application\/ld+json\" class=\"yoast-schema-graph\">{\"@context\":\"https:\\\/\\\/schema.org\",\"@graph\":[{\"@type\":\"WebPage\",\"@id\":\"https:\\\/\\\/www.zhgdled.com\\\/pl\\\/seria-joga-solane-led-reflektor-scienny.html\",\"url\":\"https:\\\/\\\/www.zhgdled.com\\\/pl\\\/seria-joga-solane-led-reflektor-scienny.html\",\"name\":\"Solarna lampa \u015bcienna Seria jogi\",\"isPartOf\":{\"@id\":\"https:\\\/\\\/www.zhgdled.com\\\/pl\\\/#website\"},\"primaryImageOfPage\":{\"@id\":\"https:\\\/\\\/www.zhgdled.com\\\/pl\\\/seria-joga-solane-led-reflektor-scienny.html#primaryimage\"},\"image\":{\"@id\":\"https:\\\/\\\/www.zhgdled.com\\\/pl\\\/seria-joga-solane-led-reflektor-scienny.html#primaryimage\"},\"thumbnailUrl\":\"https:\\\/\\\/www.zhgdled.com\\\/wp-content\\\/uploads\\\/2022\\\/12\\\/yoga-series-solar-wall-lamp.jpg\",\"datePublished\":\"2022-12-08T08:38:27+00:00\",\"dateModified\":\"2023-12-26T03:37:23+00:00\",\"description\":\"Kinkiet solarny YOGA SERIES to zmontowany kinkiet solarny typu \u201ewszystko w jednym\u201d dla w\u0142a\u015bcicieli dom\u00f3w. Mo\u017cliwo\u015b\u0107 przyciemniania i czujnik PIR to kluczowa funkcja, kt\u00f3ra czyni go inteligentniejszym.\",\"breadcrumb\":{\"@id\":\"https:\\\/\\\/www.zhgdled.com\\\/pl\\\/seria-joga-solane-led-reflektor-scienny.html#breadcrumb\"},\"inLanguage\":\"pl-PL\",\"potentialAction\":[{\"@type\":\"ReadAction\",\"target\":[\"https:\\\/\\\/www.zhgdled.com\\\/pl\\\/seria-joga-solane-led-reflektor-scienny.html\"]}]},{\"@type\":\"ImageObject\",\"inLanguage\":\"pl-PL\",\"@id\":\"https:\\\/\\\/www.zhgdled.com\\\/pl\\\/seria-joga-solane-led-reflektor-scienny.html#primaryimage\",\"url\":\"https:\\\/\\\/www.zhgdled.com\\\/wp-content\\\/uploads\\\/2022\\\/12\\\/yoga-series-solar-wall-lamp.jpg\",\"contentUrl\":\"https:\\\/\\\/www.zhgdled.com\\\/wp-content\\\/uploads\\\/2022\\\/12\\\/yoga-series-solar-wall-lamp.jpg\",\"width\":750,\"height\":750,\"caption\":\"Solarna lampa \u015bcienna\"},{\"@type\":\"BreadcrumbList\",\"@id\":\"https:\\\/\\\/www.zhgdled.com\\\/pl\\\/seria-joga-solane-led-reflektor-scienny.html#breadcrumb\",\"itemListElement\":[{\"@type\":\"ListItem\",\"position\":1,\"name\":\"Home\",\"item\":\"https:\\\/\\\/www.zhgdled.com\\\/pl\"},{\"@type\":\"ListItem\",\"position\":2,\"name\":\"PRODUCTS\",\"item\":\"https:\\\/\\\/www.zhgdled.com\\\/zhl-products.html\"},{\"@type\":\"ListItem\",\"position\":3,\"name\":\"SERIA YOGA SOLAR O\u015aWIETLENIE \u015aCIENNE LED\"}]},{\"@type\":\"WebSite\",\"@id\":\"https:\\\/\\\/www.zhgdled.com\\\/pl\\\/#website\",\"url\":\"https:\\\/\\\/www.zhgdled.com\\\/pl\\\/\",\"name\":\"Grupa O\u015bwietleniowa ZHL\",\"description\":\"Top ranking industrial lighting manufacturer and exporter\",\"publisher\":{\"@id\":\"https:\\\/\\\/www.zhgdled.com\\\/pl\\\/#organization\"},\"potentialAction\":[{\"@type\":\"SearchAction\",\"target\":{\"@type\":\"EntryPoint\",\"urlTemplate\":\"https:\\\/\\\/www.zhgdled.com\\\/pl\\\/?s={search_term_string}\"},\"query-input\":{\"@type\":\"PropertyValueSpecification\",\"valueRequired\":true,\"valueName\":\"search_term_string\"}}],\"inLanguage\":\"pl-PL\"},{\"@type\":\"Organization\",\"@id\":\"https:\\\/\\\/www.zhgdled.com\\\/pl\\\/#organization\",\"name\":\"ZHL Lighting Group\",\"url\":\"https:\\\/\\\/www.zhgdled.com\\\/pl\\\/\",\"logo\":{\"@type\":\"ImageObject\",\"inLanguage\":\"pl-PL\",\"@id\":\"https:\\\/\\\/www.zhgdled.com\\\/pl\\\/#\\\/schema\\\/logo\\\/image\\\/\",\"url\":\"\",\"contentUrl\":\"\",\"caption\":\"ZHL Lighting Group\"},\"image\":{\"@id\":\"https:\\\/\\\/www.zhgdled.com\\\/pl\\\/#\\\/schema\\\/logo\\\/image\\\/\"},\"sameAs\":[\"https:\\\/\\\/www.facebook.com\\\/zhllightinggroup\",\"https:\\\/\\\/x.com\\\/zhl_lighting\"]}]}<\/script>\n<!-- \/ Yoast SEO plugin. -->","yoast_head_json":{"title":"Solarna lampa \u015bcienna Seria jogi","description":"Kinkiet solarny YOGA SERIES to zmontowany kinkiet solarny typu \u201ewszystko w jednym\u201d dla w\u0142a\u015bcicieli dom\u00f3w. Mo\u017cliwo\u015b\u0107 przyciemniania i czujnik PIR to kluczowa funkcja, kt\u00f3ra czyni go inteligentniejszym.","robots":{"index":"index","follow":"follow","max-snippet":"max-snippet:-1","max-image-preview":"max-image-preview:large","max-video-preview":"max-video-preview:-1"},"canonical":"https:\/\/www.zhgdled.com\/pl\/seria-joga-solane-led-reflektor-scienny.html","og_locale":"pl_PL","og_type":"article","og_title":"Solarna lampa \u015bcienna Seria jogi","og_description":"Kinkiet solarny YOGA SERIES to zmontowany kinkiet solarny typu \u201ewszystko w jednym\u201d dla w\u0142a\u015bcicieli dom\u00f3w. Mo\u017cliwo\u015b\u0107 przyciemniania i czujnik PIR to kluczowa funkcja, kt\u00f3ra czyni go inteligentniejszym.","og_url":"https:\/\/www.zhgdled.com\/pl\/seria-joga-solane-led-reflektor-scienny.html","og_site_name":"Grupa O\u015bwietleniowa ZHL","article_publisher":"https:\/\/www.facebook.com\/zhllightinggroup","article_modified_time":"2023-12-26T03:37:23+00:00","og_image":[{"width":750,"height":750,"url":"https:\/\/www.zhgdled.com\/wp-content\/uploads\/2022\/12\/yoga-series-solar-wall-lamp.jpg","type":"image\/jpeg"}],"twitter_card":"summary_large_image","twitter_site":"@zhl_lighting","twitter_misc":{"Szacowany czas czytania":"1 minuta"},"schema":{"@context":"https:\/\/schema.org","@graph":[{"@type":"WebPage","@id":"https:\/\/www.zhgdled.com\/pl\/seria-joga-solane-led-reflektor-scienny.html","url":"https:\/\/www.zhgdled.com\/pl\/seria-joga-solane-led-reflektor-scienny.html","name":"Solarna lampa \u015bcienna Seria jogi","isPartOf":{"@id":"https:\/\/www.zhgdled.com\/pl\/#website"},"primaryImageOfPage":{"@id":"https:\/\/www.zhgdled.com\/pl\/seria-joga-solane-led-reflektor-scienny.html#primaryimage"},"image":{"@id":"https:\/\/www.zhgdled.com\/pl\/seria-joga-solane-led-reflektor-scienny.html#primaryimage"},"thumbnailUrl":"https:\/\/www.zhgdled.com\/wp-content\/uploads\/2022\/12\/yoga-series-solar-wall-lamp.jpg","datePublished":"2022-12-08T08:38:27+00:00","dateModified":"2023-12-26T03:37:23+00:00","description":"Kinkiet solarny YOGA SERIES to zmontowany kinkiet solarny typu \u201ewszystko w jednym\u201d dla w\u0142a\u015bcicieli dom\u00f3w. Mo\u017cliwo\u015b\u0107 przyciemniania i czujnik PIR to kluczowa funkcja, kt\u00f3ra czyni go inteligentniejszym.","breadcrumb":{"@id":"https:\/\/www.zhgdled.com\/pl\/seria-joga-solane-led-reflektor-scienny.html#breadcrumb"},"inLanguage":"pl-PL","potentialAction":[{"@type":"ReadAction","target":["https:\/\/www.zhgdled.com\/pl\/seria-joga-solane-led-reflektor-scienny.html"]}]},{"@type":"ImageObject","inLanguage":"pl-PL","@id":"https:\/\/www.zhgdled.com\/pl\/seria-joga-solane-led-reflektor-scienny.html#primaryimage","url":"https:\/\/www.zhgdled.com\/wp-content\/uploads\/2022\/12\/yoga-series-solar-wall-lamp.jpg","contentUrl":"https:\/\/www.zhgdled.com\/wp-content\/uploads\/2022\/12\/yoga-series-solar-wall-lamp.jpg","width":750,"height":750,"caption":"Solarna lampa \u015bcienna"},{"@type":"BreadcrumbList","@id":"https:\/\/www.zhgdled.com\/pl\/seria-joga-solane-led-reflektor-scienny.html#breadcrumb","itemListElement":[{"@type":"ListItem","position":1,"name":"Home","item":"https:\/\/www.zhgdled.com\/pl"},{"@type":"ListItem","position":2,"name":"PRODUCTS","item":"https:\/\/www.zhgdled.com\/zhl-products.html"},{"@type":"ListItem","position":3,"name":"SERIA YOGA SOLAR O\u015aWIETLENIE \u015aCIENNE LED"}]},{"@type":"WebSite","@id":"https:\/\/www.zhgdled.com\/pl\/#website","url":"https:\/\/www.zhgdled.com\/pl\/","name":"Grupa O\u015bwietleniowa ZHL","description":"Top ranking industrial lighting manufacturer and exporter","publisher":{"@id":"https:\/\/www.zhgdled.com\/pl\/#organization"},"potentialAction":[{"@type":"SearchAction","target":{"@type":"EntryPoint","urlTemplate":"https:\/\/www.zhgdled.com\/pl\/?s={search_term_string}"},"query-input":{"@type":"PropertyValueSpecification","valueRequired":true,"valueName":"search_term_string"}}],"inLanguage":"pl-PL"},{"@type":"Organization","@id":"https:\/\/www.zhgdled.com\/pl\/#organization","name":"ZHL Lighting Group","url":"https:\/\/www.zhgdled.com\/pl\/","logo":{"@type":"ImageObject","inLanguage":"pl-PL","@id":"https:\/\/www.zhgdled.com\/pl\/#\/schema\/logo\/image\/","url":"","contentUrl":"","caption":"ZHL Lighting Group"},"image":{"@id":"https:\/\/www.zhgdled.com\/pl\/#\/schema\/logo\/image\/"},"sameAs":["https:\/\/www.facebook.com\/zhllightinggroup","https:\/\/x.com\/zhl_lighting"]}]}},"_links":{"self":[{"href":"https:\/\/www.zhgdled.com\/pl\/wp-json\/wp\/v2\/product\/19070","targetHints":{"allow":["GET"]}}],"collection":[{"href":"https:\/\/www.zhgdled.com\/pl\/wp-json\/wp\/v2\/product"}],"about":[{"href":"https:\/\/www.zhgdled.com\/pl\/wp-json\/wp\/v2\/types\/product"}],"wp:featuredmedia":[{"embeddable":true,"href":"https:\/\/www.zhgdled.com\/pl\/wp-json\/wp\/v2\/media\/17965"}],"wp:attachment":[{"href":"https:\/\/www.zhgdled.com\/pl\/wp-json\/wp\/v2\/media?parent=19070"}],"wp:term":[{"taxonomy":"product_brand","embeddable":true,"href":"https:\/\/www.zhgdled.com\/pl\/wp-json\/wp\/v2\/product_brand?post=19070"},{"taxonomy":"product_cat","embeddable":true,"href":"https:\/\/www.zhgdled.com\/pl\/wp-json\/wp\/v2\/product_cat?post=19070"},{"taxonomy":"product_tag","embeddable":true,"href":"https:\/\/www.zhgdled.com\/pl\/wp-json\/wp\/v2\/product_tag?post=19070"}],"curies":[{"name":"wp","href":"https:\/\/api.w.org\/{rel}","templated":true}]}}