{"id":19076,"date":"2023-06-12T14:16:18","date_gmt":"2022-10-13T06:16:18","guid":{"rendered":"https:\/\/www.zhgdled.com\/product\/cob-rechargeable-work-light-10w"},"modified":"2023-12-26T11:24:23","modified_gmt":"2023-12-26T03:24:23","slug":"swiatlo-robocze-led-10w","status":"publish","type":"product","link":"https:\/\/www.zhgdled.com\/pl\/cob-akumulator-roboczy-light-10w.html","title":{"rendered":"COB LAMPA ROBOCZA DO \u0141ADOWANIA 10W"},"content":{"rendered":"<h2>Do stosowania wewn\u0105trz i na zewn\u0105trz<\/h2>\n<p>W przypadku wszelkich zastosowa\u0144 profesjonalne i komfortowe warunki o\u015bwietleniowe s\u0105 niezb\u0119dne, aby m\u00f3c pracowa\u0107 szybciej, dok\u0142adniej i wydajniej o zmierzchu iw ciemno\u015bci. Pe\u0142nozakresowe reflektory robocze ZHL dbaj\u0105 o to dzi\u0119ki niezawodnej procedurze produkcyjnej. ZHL oferuje bezpiecze\u0144stwo niezawodnego markowego produktu. ZHL\u00a0jest globalnym producentem OEM dla wszystkich wiod\u0105cych mi\u0119dzynarodowych producent\u00f3w o\u015bwietlenia, poniewa\u017c k\u0142adziemy nacisk na najwy\u017csz\u0105 jako\u015b\u0107 we wszystkich obszarach. Na przyk\u0142ad wszystkie reflektory robocze poddawane s\u0105 ekstremalnym testom obci\u0105\u017ceniowym podczas projektowania i produkcji. Wi\u0119cej informacji na temat naszych test\u00f3w jako\u015bci mo\u017cna znale\u017a\u0107 na stronach \u201ePrzypadek\u201d i \u201eBadania\u201d.<\/p>\n<p>Technologia LED jest znacznie bardziej wymagaj\u0105ca ni\u017c konwencjonalne lampy halogenowe i ksenonowe. Dlatego r\u00f3\u017cnice w jako\u015bci s\u0105 szczeg\u00f3lnie widoczne w przypadku tych urz\u0105dze\u0144. ZHL od lat zajmuje si\u0119 rynkiem \u015bwiate\u0142 LED.<\/p>\n<blockquote><p>Potrzebujesz katalogu? <a href=\"https:\/\/www.zhgdled.com\/download\/cob-rechargeable-work-light\">Pobierz katalog lamp roboczych &#8211;<\/a>\u00a0<a href=\"https:\/\/www.zhgdled.com\/download\/2022-zhl-product-catalogue\">Pobierz katalog dla wszystkich produkt\u00f3w ZHL<\/a><\/p><\/blockquote>\n<h2>SPECYFIKACJA<\/h2>\n<table style=\"border-collapse: collapse; width: 370.52pt;\" border=\"0\" width=\"494\" cellspacing=\"0\" cellpadding=\"0\">\n<tbody>\n<tr style=\"height: 16.50pt;\">\n<td class=\"et2\" style=\"height: 16.50pt; width: 120.75pt;\" width=\"161\" height=\"22\">Moc:<\/td>\n<td class=\"et2\" style=\"width: 249.75pt;\" width=\"333\">10W<\/td>\n<\/tr>\n<tr style=\"height: 16.50pt;\">\n<td class=\"et2\" style=\"height: 16.50pt;\" height=\"22\">\u0179r\u00f3d\u0142o \u015bwiat\u0142a:<\/td>\n<td class=\"et2\">COB<\/td>\n<\/tr>\n<tr style=\"height: 16.50pt;\">\n<td class=\"et2\" style=\"height: 16.50pt;\" height=\"22\">Strumie\u0144 \u015bwietlny:<\/td>\n<td class=\"et2\">1000lm<\/td>\n<\/tr>\n<tr style=\"height: 16.50pt;\">\n<td class=\"et2\" style=\"height: 16.50pt;\" height=\"22\">CRI<\/td>\n<td class=\"et2\">&gt;80<\/td>\n<\/tr>\n<tr style=\"height: 16.50pt;\">\n<td class=\"et2\" style=\"height: 16.50pt;\" height=\"22\">Wsp\u00f3\u0142czynnik mocy<\/td>\n<td class=\"et2\">&gt;0.9<\/td>\n<\/tr>\n<tr style=\"height: 16.50pt;\">\n<td class=\"et2\" style=\"height: 16.50pt;\" height=\"22\">K\u0105t \u015bwiecenia:<\/td>\n<td class=\"et2\">110\u00b0<\/td>\n<\/tr>\n<tr style=\"height: 16.50pt;\">\n<td class=\"et2\" style=\"height: 16.50pt;\" height=\"22\">Napi\u0119cie:<\/td>\n<td class=\"et2\">4.5V DC<\/td>\n<\/tr>\n<tr style=\"height: 16.50pt;\">\n<td class=\"et2\" style=\"height: 16.50pt;\" height=\"22\">CCT:<\/td>\n<td class=\"et2\">2700K-3200K \/ 4000K-4500K \/ 6000K-6500K<\/td>\n<\/tr>\n<tr style=\"height: 16.50pt;\">\n<td class=\"et2\" style=\"height: 16.50pt;\" height=\"22\">Wodoodporno\u015b\u0107:<\/td>\n<td class=\"et2\">IP54<\/td>\n<\/tr>\n<tr style=\"height: 16.50pt;\">\n<td class=\"et2\" style=\"height: 16.50pt;\" height=\"22\">D\u0142ugo\u015b\u0107 \u017cycia:<\/td>\n<td class=\"et2\">30 000 godzin<\/td>\n<\/tr>\n<tr style=\"height: 16.50pt;\">\n<td class=\"et2\" style=\"height: 16.50pt;\" height=\"22\">Materia\u0142:<\/td>\n<td class=\"et2\">aluminium, moc nylonu<\/td>\n<\/tr>\n<tr style=\"height: 16.50pt;\">\n<td class=\"et2\" style=\"height: 16.50pt;\" height=\"22\">Tryb \u015bwiat\u0142a:<\/td>\n<td class=\"et2\">Jasno\u015b\u0107 100% \/ Jasno\u015b\u0107 50% \/ Wy\u0142<\/td>\n<\/tr>\n<tr style=\"height: 16.50pt;\">\n<td class=\"et2\" style=\"height: 16.50pt;\" height=\"22\">Czas \u0142adowania:<\/td>\n<td class=\"et2\">3 godziny<\/td>\n<\/tr>\n<tr style=\"height: 16.50pt;\">\n<td class=\"et2\" style=\"height: 16.50pt;\" height=\"22\">Czas roz\u0142adowania:<\/td>\n<td class=\"et2\">4 godziny<\/td>\n<\/tr>\n<tr style=\"height: 16.50pt;\">\n<td class=\"et2\" style=\"height: 16.50pt;\" height=\"22\">Pojemno\u015b\u0107 baterii:<\/td>\n<td class=\"et2\">4.4AH \/ 3.7V<\/td>\n<\/tr>\n<tr style=\"height: 16.50pt;\">\n<td class=\"et2\" style=\"height: 16.50pt;\" height=\"22\">Gwarancja:<\/td>\n<td class=\"et2\">2 lata<\/td>\n<\/tr>\n<\/tbody>\n<\/table>\n<p><img decoding=\"async\" class=\"size-full wp-image-17415\" src=\"https:\/\/www.zhgdled.com\/wp-content\/uploads\/2022\/10\/20221026093308.jpg\" alt=\"COB rechargeable work light\" width=\"1279\" height=\"850\" srcset=\"https:\/\/www.zhgdled.com\/wp-content\/uploads\/2022\/10\/20221026093308.jpg 1279w, https:\/\/www.zhgdled.com\/wp-content\/uploads\/2022\/10\/20221026093308-300x199.jpg 300w, https:\/\/www.zhgdled.com\/wp-content\/uploads\/2022\/10\/20221026093308-1024x681.jpg 1024w, https:\/\/www.zhgdled.com\/wp-content\/uploads\/2022\/10\/20221026093308-768x510.jpg 768w, https:\/\/www.zhgdled.com\/wp-content\/uploads\/2022\/10\/20221026093308-600x399.jpg 600w, https:\/\/www.zhgdled.com\/wp-content\/uploads\/2022\/10\/20221026093308-150x100.jpg 150w\" sizes=\"(max-width: 1279px) 100vw, 1279px\" \/><\/p>\n","protected":false},"excerpt":{"rendered":"<p>Pe\u0142nozakresowe reflektory robocze ZHL pomagaj\u0105 pracowa\u0107 szybciej, dok\u0142adniej i wydajniej o zmierzchu iw ciemno\u015bci dzi\u0119ki niezawodnej procedurze produkcyjnej.<\/p>\n<ul>\n<li>Moc: 10 W<\/li>\n<li>\u0179r\u00f3d\u0142o \u015bwiat\u0142a: COB<\/li>\n<li>Strumie\u0144 \u015bwietlny: 1000lm<\/li>\n<li>Ra&gt;80, PF&gt;0,9<\/li>\n<li>K\u0105t \u015bwiecenia: 110\u00b0<\/li>\n<li>Napi\u0119cie: 4,5 V pr\u0105du sta\u0142ego<\/li>\n<li>WTC: 2700K-3200K \/ 4000K-4500K \/ 6000K-6500K<\/li>\n<\/ul>\n","protected":false},"featured_media":14923,"template":"","meta":[],"product_brand":[],"product_cat":[638],"product_tag":[],"class_list":{"0":"post-19076","1":"product","2":"type-product","3":"status-publish","4":"has-post-thumbnail","6":"product_cat-swiatla-robocze","8":"first","9":"instock","10":"shipping-taxable","11":"product-type-simple"},"yoast_head":"<!-- This site is optimized with the Yoast SEO plugin v27.4 - https:\/\/yoast.com\/product\/yoast-seo-wordpress\/ -->\n<title>\u015aWIAT\u0141O ROBOCZE LED 10W<\/title>\n<meta name=\"description\" content=\"Pe\u0142nozakresowe reflektory robocze ZHL pomagaj\u0105 pracowa\u0107 szybciej, dok\u0142adniej i wydajniej o zmierzchu iw ciemno\u015bci dzi\u0119ki niezawodnej procedurze produkcyjnej.\" \/>\n<meta name=\"robots\" content=\"index, follow, max-snippet:-1, max-image-preview:large, max-video-preview:-1\" \/>\n<link rel=\"canonical\" href=\"https:\/\/www.zhgdled.com\/pl\/cob-akumulator-roboczy-light-10w.html\" \/>\n<meta property=\"og:locale\" content=\"pl_PL\" \/>\n<meta property=\"og:type\" content=\"article\" \/>\n<meta property=\"og:title\" content=\"\u015aWIAT\u0141O ROBOCZE LED 10W\" \/>\n<meta property=\"og:description\" content=\"Pe\u0142nozakresowe reflektory robocze ZHL pomagaj\u0105 pracowa\u0107 szybciej, dok\u0142adniej i wydajniej o zmierzchu iw ciemno\u015bci dzi\u0119ki niezawodnej procedurze produkcyjnej.\" \/>\n<meta property=\"og:url\" content=\"https:\/\/www.zhgdled.com\/pl\/cob-akumulator-roboczy-light-10w.html\" \/>\n<meta property=\"og:site_name\" content=\"Grupa O\u015bwietleniowa ZHL\" \/>\n<meta property=\"article:publisher\" content=\"https:\/\/www.facebook.com\/zhllightinggroup\" \/>\n<meta property=\"article:modified_time\" content=\"2023-12-26T03:24:23+00:00\" \/>\n<meta property=\"og:image\" content=\"https:\/\/www.zhgdled.com\/wp-content\/uploads\/2022\/10\/COB_RECHARGEABLE_WORK_LIGHT.png\" \/>\n\t<meta property=\"og:image:width\" content=\"1600\" \/>\n\t<meta property=\"og:image:height\" content=\"1600\" \/>\n\t<meta property=\"og:image:type\" content=\"image\/png\" \/>\n<meta name=\"twitter:card\" content=\"summary_large_image\" \/>\n<meta name=\"twitter:site\" content=\"@zhl_lighting\" \/>\n<meta name=\"twitter:label1\" content=\"Szacowany czas czytania\" \/>\n\t<meta name=\"twitter:data1\" content=\"2 minuty\" \/>\n<script type=\"application\/ld+json\" class=\"yoast-schema-graph\">{\"@context\":\"https:\\\/\\\/schema.org\",\"@graph\":[{\"@type\":\"WebPage\",\"@id\":\"https:\\\/\\\/www.zhgdled.com\\\/pl\\\/cob-akumulator-roboczy-light-10w.html\",\"url\":\"https:\\\/\\\/www.zhgdled.com\\\/pl\\\/cob-akumulator-roboczy-light-10w.html\",\"name\":\"\u015aWIAT\u0141O ROBOCZE LED 10W\",\"isPartOf\":{\"@id\":\"https:\\\/\\\/www.zhgdled.com\\\/pl\\\/#website\"},\"primaryImageOfPage\":{\"@id\":\"https:\\\/\\\/www.zhgdled.com\\\/pl\\\/cob-akumulator-roboczy-light-10w.html#primaryimage\"},\"image\":{\"@id\":\"https:\\\/\\\/www.zhgdled.com\\\/pl\\\/cob-akumulator-roboczy-light-10w.html#primaryimage\"},\"thumbnailUrl\":\"https:\\\/\\\/www.zhgdled.com\\\/wp-content\\\/uploads\\\/2022\\\/10\\\/COB_RECHARGEABLE_WORK_LIGHT.png\",\"datePublished\":\"2022-10-13T06:16:18+00:00\",\"dateModified\":\"2023-12-26T03:24:23+00:00\",\"description\":\"Pe\u0142nozakresowe reflektory robocze ZHL pomagaj\u0105 pracowa\u0107 szybciej, dok\u0142adniej i wydajniej o zmierzchu iw ciemno\u015bci dzi\u0119ki niezawodnej procedurze produkcyjnej.\",\"breadcrumb\":{\"@id\":\"https:\\\/\\\/www.zhgdled.com\\\/pl\\\/cob-akumulator-roboczy-light-10w.html#breadcrumb\"},\"inLanguage\":\"pl-PL\",\"potentialAction\":[{\"@type\":\"ReadAction\",\"target\":[\"https:\\\/\\\/www.zhgdled.com\\\/pl\\\/cob-akumulator-roboczy-light-10w.html\"]}]},{\"@type\":\"ImageObject\",\"inLanguage\":\"pl-PL\",\"@id\":\"https:\\\/\\\/www.zhgdled.com\\\/pl\\\/cob-akumulator-roboczy-light-10w.html#primaryimage\",\"url\":\"https:\\\/\\\/www.zhgdled.com\\\/wp-content\\\/uploads\\\/2022\\\/10\\\/COB_RECHARGEABLE_WORK_LIGHT.png\",\"contentUrl\":\"https:\\\/\\\/www.zhgdled.com\\\/wp-content\\\/uploads\\\/2022\\\/10\\\/COB_RECHARGEABLE_WORK_LIGHT.png\",\"width\":1600,\"height\":1600,\"caption\":\"\u015aWIAT\u0141O ROBOCZE LED 10W\"},{\"@type\":\"BreadcrumbList\",\"@id\":\"https:\\\/\\\/www.zhgdled.com\\\/pl\\\/cob-akumulator-roboczy-light-10w.html#breadcrumb\",\"itemListElement\":[{\"@type\":\"ListItem\",\"position\":1,\"name\":\"Home\",\"item\":\"https:\\\/\\\/www.zhgdled.com\\\/pl\"},{\"@type\":\"ListItem\",\"position\":2,\"name\":\"PRODUCTS\",\"item\":\"https:\\\/\\\/www.zhgdled.com\\\/zhl-products.html\"},{\"@type\":\"ListItem\",\"position\":3,\"name\":\"COB LAMPA ROBOCZA DO \u0141ADOWANIA 10W\"}]},{\"@type\":\"WebSite\",\"@id\":\"https:\\\/\\\/www.zhgdled.com\\\/pl\\\/#website\",\"url\":\"https:\\\/\\\/www.zhgdled.com\\\/pl\\\/\",\"name\":\"Grupa O\u015bwietleniowa ZHL\",\"description\":\"Top ranking industrial lighting manufacturer and exporter\",\"publisher\":{\"@id\":\"https:\\\/\\\/www.zhgdled.com\\\/pl\\\/#organization\"},\"potentialAction\":[{\"@type\":\"SearchAction\",\"target\":{\"@type\":\"EntryPoint\",\"urlTemplate\":\"https:\\\/\\\/www.zhgdled.com\\\/pl\\\/?s={search_term_string}\"},\"query-input\":{\"@type\":\"PropertyValueSpecification\",\"valueRequired\":true,\"valueName\":\"search_term_string\"}}],\"inLanguage\":\"pl-PL\"},{\"@type\":\"Organization\",\"@id\":\"https:\\\/\\\/www.zhgdled.com\\\/pl\\\/#organization\",\"name\":\"ZHL Lighting Group\",\"url\":\"https:\\\/\\\/www.zhgdled.com\\\/pl\\\/\",\"logo\":{\"@type\":\"ImageObject\",\"inLanguage\":\"pl-PL\",\"@id\":\"https:\\\/\\\/www.zhgdled.com\\\/pl\\\/#\\\/schema\\\/logo\\\/image\\\/\",\"url\":\"\",\"contentUrl\":\"\",\"caption\":\"ZHL Lighting Group\"},\"image\":{\"@id\":\"https:\\\/\\\/www.zhgdled.com\\\/pl\\\/#\\\/schema\\\/logo\\\/image\\\/\"},\"sameAs\":[\"https:\\\/\\\/www.facebook.com\\\/zhllightinggroup\",\"https:\\\/\\\/x.com\\\/zhl_lighting\"]}]}<\/script>\n<!-- \/ Yoast SEO plugin. -->","yoast_head_json":{"title":"\u015aWIAT\u0141O ROBOCZE LED 10W","description":"Pe\u0142nozakresowe reflektory robocze ZHL pomagaj\u0105 pracowa\u0107 szybciej, dok\u0142adniej i wydajniej o zmierzchu iw ciemno\u015bci dzi\u0119ki niezawodnej procedurze produkcyjnej.","robots":{"index":"index","follow":"follow","max-snippet":"max-snippet:-1","max-image-preview":"max-image-preview:large","max-video-preview":"max-video-preview:-1"},"canonical":"https:\/\/www.zhgdled.com\/pl\/cob-akumulator-roboczy-light-10w.html","og_locale":"pl_PL","og_type":"article","og_title":"\u015aWIAT\u0141O ROBOCZE LED 10W","og_description":"Pe\u0142nozakresowe reflektory robocze ZHL pomagaj\u0105 pracowa\u0107 szybciej, dok\u0142adniej i wydajniej o zmierzchu iw ciemno\u015bci dzi\u0119ki niezawodnej procedurze produkcyjnej.","og_url":"https:\/\/www.zhgdled.com\/pl\/cob-akumulator-roboczy-light-10w.html","og_site_name":"Grupa O\u015bwietleniowa ZHL","article_publisher":"https:\/\/www.facebook.com\/zhllightinggroup","article_modified_time":"2023-12-26T03:24:23+00:00","og_image":[{"width":1600,"height":1600,"url":"https:\/\/www.zhgdled.com\/wp-content\/uploads\/2022\/10\/COB_RECHARGEABLE_WORK_LIGHT.png","type":"image\/png"}],"twitter_card":"summary_large_image","twitter_site":"@zhl_lighting","twitter_misc":{"Szacowany czas czytania":"2 minuty"},"schema":{"@context":"https:\/\/schema.org","@graph":[{"@type":"WebPage","@id":"https:\/\/www.zhgdled.com\/pl\/cob-akumulator-roboczy-light-10w.html","url":"https:\/\/www.zhgdled.com\/pl\/cob-akumulator-roboczy-light-10w.html","name":"\u015aWIAT\u0141O ROBOCZE LED 10W","isPartOf":{"@id":"https:\/\/www.zhgdled.com\/pl\/#website"},"primaryImageOfPage":{"@id":"https:\/\/www.zhgdled.com\/pl\/cob-akumulator-roboczy-light-10w.html#primaryimage"},"image":{"@id":"https:\/\/www.zhgdled.com\/pl\/cob-akumulator-roboczy-light-10w.html#primaryimage"},"thumbnailUrl":"https:\/\/www.zhgdled.com\/wp-content\/uploads\/2022\/10\/COB_RECHARGEABLE_WORK_LIGHT.png","datePublished":"2022-10-13T06:16:18+00:00","dateModified":"2023-12-26T03:24:23+00:00","description":"Pe\u0142nozakresowe reflektory robocze ZHL pomagaj\u0105 pracowa\u0107 szybciej, dok\u0142adniej i wydajniej o zmierzchu iw ciemno\u015bci dzi\u0119ki niezawodnej procedurze produkcyjnej.","breadcrumb":{"@id":"https:\/\/www.zhgdled.com\/pl\/cob-akumulator-roboczy-light-10w.html#breadcrumb"},"inLanguage":"pl-PL","potentialAction":[{"@type":"ReadAction","target":["https:\/\/www.zhgdled.com\/pl\/cob-akumulator-roboczy-light-10w.html"]}]},{"@type":"ImageObject","inLanguage":"pl-PL","@id":"https:\/\/www.zhgdled.com\/pl\/cob-akumulator-roboczy-light-10w.html#primaryimage","url":"https:\/\/www.zhgdled.com\/wp-content\/uploads\/2022\/10\/COB_RECHARGEABLE_WORK_LIGHT.png","contentUrl":"https:\/\/www.zhgdled.com\/wp-content\/uploads\/2022\/10\/COB_RECHARGEABLE_WORK_LIGHT.png","width":1600,"height":1600,"caption":"\u015aWIAT\u0141O ROBOCZE LED 10W"},{"@type":"BreadcrumbList","@id":"https:\/\/www.zhgdled.com\/pl\/cob-akumulator-roboczy-light-10w.html#breadcrumb","itemListElement":[{"@type":"ListItem","position":1,"name":"Home","item":"https:\/\/www.zhgdled.com\/pl"},{"@type":"ListItem","position":2,"name":"PRODUCTS","item":"https:\/\/www.zhgdled.com\/zhl-products.html"},{"@type":"ListItem","position":3,"name":"COB LAMPA ROBOCZA DO \u0141ADOWANIA 10W"}]},{"@type":"WebSite","@id":"https:\/\/www.zhgdled.com\/pl\/#website","url":"https:\/\/www.zhgdled.com\/pl\/","name":"Grupa O\u015bwietleniowa ZHL","description":"Top ranking industrial lighting manufacturer and exporter","publisher":{"@id":"https:\/\/www.zhgdled.com\/pl\/#organization"},"potentialAction":[{"@type":"SearchAction","target":{"@type":"EntryPoint","urlTemplate":"https:\/\/www.zhgdled.com\/pl\/?s={search_term_string}"},"query-input":{"@type":"PropertyValueSpecification","valueRequired":true,"valueName":"search_term_string"}}],"inLanguage":"pl-PL"},{"@type":"Organization","@id":"https:\/\/www.zhgdled.com\/pl\/#organization","name":"ZHL Lighting Group","url":"https:\/\/www.zhgdled.com\/pl\/","logo":{"@type":"ImageObject","inLanguage":"pl-PL","@id":"https:\/\/www.zhgdled.com\/pl\/#\/schema\/logo\/image\/","url":"","contentUrl":"","caption":"ZHL Lighting Group"},"image":{"@id":"https:\/\/www.zhgdled.com\/pl\/#\/schema\/logo\/image\/"},"sameAs":["https:\/\/www.facebook.com\/zhllightinggroup","https:\/\/x.com\/zhl_lighting"]}]}},"_links":{"self":[{"href":"https:\/\/www.zhgdled.com\/pl\/wp-json\/wp\/v2\/product\/19076","targetHints":{"allow":["GET"]}}],"collection":[{"href":"https:\/\/www.zhgdled.com\/pl\/wp-json\/wp\/v2\/product"}],"about":[{"href":"https:\/\/www.zhgdled.com\/pl\/wp-json\/wp\/v2\/types\/product"}],"wp:featuredmedia":[{"embeddable":true,"href":"https:\/\/www.zhgdled.com\/pl\/wp-json\/wp\/v2\/media\/14923"}],"wp:attachment":[{"href":"https:\/\/www.zhgdled.com\/pl\/wp-json\/wp\/v2\/media?parent=19076"}],"wp:term":[{"taxonomy":"product_brand","embeddable":true,"href":"https:\/\/www.zhgdled.com\/pl\/wp-json\/wp\/v2\/product_brand?post=19076"},{"taxonomy":"product_cat","embeddable":true,"href":"https:\/\/www.zhgdled.com\/pl\/wp-json\/wp\/v2\/product_cat?post=19076"},{"taxonomy":"product_tag","embeddable":true,"href":"https:\/\/www.zhgdled.com\/pl\/wp-json\/wp\/v2\/product_tag?post=19076"}],"curies":[{"name":"wp","href":"https:\/\/api.w.org\/{rel}","templated":true}]}}