{"id":19083,"date":"2023-10-24T16:24:17","date_gmt":"2022-09-26T08:24:17","guid":{"rendered":"https:\/\/www.zhgdled.com\/product\/explorer-series-solar-street-light"},"modified":"2023-02-13T17:25:08","modified_gmt":"2023-02-13T09:25:08","slug":"solarne-lampy-uliczne-z-serii-explorer","status":"publish","type":"product","link":"https:\/\/www.zhgdled.com\/pl\/explorer-series-solar-street-light.html","title":{"rendered":"SOLARNE LAMPY ULICZNE Z SERII EXPLORER"},"content":{"rendered":"<h2>\u015aWIAT\u0141O DO TWOICH OBSZAR\u00d3W POZA SIECI\u0104, ZAINSTALUJ I RUSZ, NIE WYMAGAJ OKABLOWANIA<\/h2>\n<ul>\n<li>Wysoka skuteczno\u015b\u0107 \u015bwietlna &gt;180 lm\/w maksymalizuje wydajno\u015b\u0107 baterii.<\/li>\n<li>Kontroler \u0142adowania PWM dla maksymalnej wydajno\u015bci \u0142adowania. Inteligentna kontrola kr\u0119g\u00f3w \u0142adowania i roz\u0142adowywania (ponad 2000 razy).<\/li>\n<li>Bezproblemowo dzia\u0142a przez 2-3 deszczowe dni w trybie inteligentnym.<\/li>\n<li>Odlewana aluminiowa obudowa ZHL zapewnia stabilno\u015b\u0107 i doskona\u0142e odprowadzanie ciep\u0142a.<\/li>\n<\/ul>\n<h2>APLIKACJA<\/h2>\n<ul>\n<li>Droga ulica<\/li>\n<li>Centra handlowe<\/li>\n<li>Przemys\u0142, biuro i kampus szkolny<\/li>\n<li>Parki, \u015bcie\u017cki dla pieszych, \u015bcie\u017cki rowerowe<\/li>\n<li>Obszary podmiejskie<\/li>\n<\/ul>\n<h2>SPECYFIKACJE<\/h2>\n<table>\n<tbody>\n<tr>\n<td width=\"284\">Moc (W)<\/td>\n<td width=\"284\">20w\/30w<\/td>\n<\/tr>\n<tr>\n<td width=\"284\">CCT<\/td>\n<td width=\"284\">5700K<\/td>\n<\/tr>\n<tr>\n<td width=\"284\">CRI<\/td>\n<td width=\"284\">Ra70<\/td>\n<\/tr>\n<tr>\n<td width=\"284\">Wydajno\u015b\u0107 (lm\/w)<\/td>\n<td width=\"284\">180<\/td>\n<\/tr>\n<tr>\n<td width=\"284\">Strumie\u0144 \u015bwietlny (lm)<\/td>\n<td width=\"284\">3600\/5400<\/td>\n<\/tr>\n<tr>\n<td width=\"284\">Mo\u017cliwo\u015b\u0107 \u015bciemniania<\/td>\n<td width=\"284\">Yes<\/td>\n<\/tr>\n<tr>\n<td width=\"284\">Lokalizacja baterii<\/td>\n<td width=\"284\">Wbudowany<\/td>\n<\/tr>\n<tr>\n<td width=\"284\">Kr\u0119gi baterii<\/td>\n<td width=\"284\">2000 razy<\/td>\n<\/tr>\n<tr>\n<td width=\"284\">Typ Baterii<\/td>\n<td width=\"284\">LiFePO4<\/td>\n<\/tr>\n<tr>\n<td width=\"284\">Kontroler \u0142adowania<\/td>\n<td width=\"284\">PWM<\/td>\n<\/tr>\n<tr>\n<td width=\"284\">Panel s\u0142oneczny<\/td>\n<td width=\"284\">Monokrystaliczny<\/td>\n<\/tr>\n<tr>\n<td width=\"284\">Tryb pracy<\/td>\n<td width=\"284\">Kuchenka mikrofalowa, kontrola czasu, pilot zdalnego sterowania<\/td>\n<\/tr>\n<tr>\n<td width=\"284\">Zakres temperatur otoczenia<\/td>\n<td width=\"284\">-10\u2103-+45\u2103<\/td>\n<\/tr>\n<\/tbody>\n<\/table>\n","protected":false},"excerpt":{"rendered":"<p>Wysoka skuteczno\u015b\u0107 \u015bwietlna &gt;180 lm\/w maksymalizuje wydajno\u015b\u0107 baterii. Kontroler \u0142adowania PWM dla maksymalnej wydajno\u015bci \u0142adowania. Inteligentna kontrola kr\u0119g\u00f3w \u0142adowania i roz\u0142adowywania (ponad 2000 razy). Bezproblemowo dzia\u0142a przez 2-3 deszczowe dni w trybie inteligentnym. Odlewana aluminiowa obudowa ZHL zapewnia stabilno\u015b\u0107 i doskona\u0142e odprowadzanie ciep\u0142a.<\/p>\n<p><a href=\"https:\/\/www.zhgdled.com\/download\/explorer-series-solar-street-lights\">Kliknij tutaj<\/a> aby pobra\u0107 katalog<\/p>\n<ul>\n<li>Moc: 20w\/30w<\/li>\n<li>5700K<\/li>\n<li>180lm\/w<\/li>\n<li>Akumulator LiFePO4, &gt; 2000 cykli \u0142adowania<\/li>\n<li>Kuchenka mikrofalowa, kontrola czasu, pilot zdalnego sterowania<\/li>\n<\/ul>\n","protected":false},"featured_media":14568,"template":"","meta":[],"product_brand":[],"product_cat":[],"product_tag":[],"class_list":{"0":"post-19083","1":"product","2":"type-product","3":"status-publish","4":"has-post-thumbnail","7":"first","8":"instock","9":"shipping-taxable","10":"product-type-simple"},"yoast_head":"<!-- This site is optimized with the Yoast SEO plugin v27.4 - https:\/\/yoast.com\/product\/yoast-seo-wordpress\/ -->\n<title>SOLARNE LAMPY ULICZNE Z SERII EXPLORER<\/title>\n<meta name=\"description\" content=\"Wysoka skuteczno\u015b\u0107 \u015bwietlna &gt;180 lm\/w maksymalizuje wydajno\u015b\u0107 akumulatora. Kontroler \u0142adowania PWM zapewnia maksymaln\u0105 wydajno\u015b\u0107 \u0142adowania.\" \/>\n<meta name=\"robots\" content=\"index, follow, max-snippet:-1, max-image-preview:large, max-video-preview:-1\" \/>\n<link rel=\"canonical\" href=\"https:\/\/www.zhgdled.com\/pl\/explorer-series-solar-street-light.html\" \/>\n<meta property=\"og:locale\" content=\"pl_PL\" \/>\n<meta property=\"og:type\" content=\"article\" \/>\n<meta property=\"og:title\" content=\"SOLARNE LAMPY ULICZNE Z SERII EXPLORER\" \/>\n<meta property=\"og:description\" content=\"Wysoka skuteczno\u015b\u0107 \u015bwietlna &gt;180 lm\/w maksymalizuje wydajno\u015b\u0107 akumulatora. Kontroler \u0142adowania PWM zapewnia maksymaln\u0105 wydajno\u015b\u0107 \u0142adowania.\" \/>\n<meta property=\"og:url\" content=\"https:\/\/www.zhgdled.com\/pl\/explorer-series-solar-street-light.html\" \/>\n<meta property=\"og:site_name\" content=\"Grupa O\u015bwietleniowa ZHL\" \/>\n<meta property=\"article:publisher\" content=\"https:\/\/www.facebook.com\/zhllightinggroup\" \/>\n<meta property=\"article:modified_time\" content=\"2023-02-13T09:25:08+00:00\" \/>\n<meta property=\"og:image\" content=\"https:\/\/www.zhgdled.com\/wp-content\/uploads\/2022\/09\/1664173366336.jpg\" \/>\n\t<meta property=\"og:image:width\" content=\"1721\" \/>\n\t<meta property=\"og:image:height\" content=\"1721\" \/>\n\t<meta property=\"og:image:type\" content=\"image\/jpeg\" \/>\n<meta name=\"twitter:card\" content=\"summary_large_image\" \/>\n<meta name=\"twitter:site\" content=\"@zhl_lighting\" \/>\n<meta name=\"twitter:label1\" content=\"Szacowany czas czytania\" \/>\n\t<meta name=\"twitter:data1\" content=\"1 minuta\" \/>\n<script type=\"application\/ld+json\" class=\"yoast-schema-graph\">{\"@context\":\"https:\\\/\\\/schema.org\",\"@graph\":[{\"@type\":\"WebPage\",\"@id\":\"https:\\\/\\\/www.zhgdled.com\\\/pl\\\/explorer-series-solar-street-light.html\",\"url\":\"https:\\\/\\\/www.zhgdled.com\\\/pl\\\/explorer-series-solar-street-light.html\",\"name\":\"SOLARNE LAMPY ULICZNE Z SERII EXPLORER\",\"isPartOf\":{\"@id\":\"https:\\\/\\\/www.zhgdled.com\\\/pl\\\/#website\"},\"primaryImageOfPage\":{\"@id\":\"https:\\\/\\\/www.zhgdled.com\\\/pl\\\/explorer-series-solar-street-light.html#primaryimage\"},\"image\":{\"@id\":\"https:\\\/\\\/www.zhgdled.com\\\/pl\\\/explorer-series-solar-street-light.html#primaryimage\"},\"thumbnailUrl\":\"https:\\\/\\\/www.zhgdled.com\\\/wp-content\\\/uploads\\\/2022\\\/09\\\/1664173366336.jpg\",\"datePublished\":\"2022-09-26T08:24:17+00:00\",\"dateModified\":\"2023-02-13T09:25:08+00:00\",\"description\":\"Wysoka skuteczno\u015b\u0107 \u015bwietlna >180 lm\\\/w maksymalizuje wydajno\u015b\u0107 akumulatora. Kontroler \u0142adowania PWM zapewnia maksymaln\u0105 wydajno\u015b\u0107 \u0142adowania.\",\"breadcrumb\":{\"@id\":\"https:\\\/\\\/www.zhgdled.com\\\/pl\\\/explorer-series-solar-street-light.html#breadcrumb\"},\"inLanguage\":\"pl-PL\",\"potentialAction\":[{\"@type\":\"ReadAction\",\"target\":[\"https:\\\/\\\/www.zhgdled.com\\\/pl\\\/explorer-series-solar-street-light.html\"]}]},{\"@type\":\"ImageObject\",\"inLanguage\":\"pl-PL\",\"@id\":\"https:\\\/\\\/www.zhgdled.com\\\/pl\\\/explorer-series-solar-street-light.html#primaryimage\",\"url\":\"https:\\\/\\\/www.zhgdled.com\\\/wp-content\\\/uploads\\\/2022\\\/09\\\/1664173366336.jpg\",\"contentUrl\":\"https:\\\/\\\/www.zhgdled.com\\\/wp-content\\\/uploads\\\/2022\\\/09\\\/1664173366336.jpg\",\"width\":1721,\"height\":1721,\"caption\":\"SOLARNE LAMPY ULICZNE Z SERII EXPLORER\"},{\"@type\":\"BreadcrumbList\",\"@id\":\"https:\\\/\\\/www.zhgdled.com\\\/pl\\\/explorer-series-solar-street-light.html#breadcrumb\",\"itemListElement\":[{\"@type\":\"ListItem\",\"position\":1,\"name\":\"Home\",\"item\":\"https:\\\/\\\/www.zhgdled.com\\\/pl\"},{\"@type\":\"ListItem\",\"position\":2,\"name\":\"PRODUCTS\",\"item\":\"https:\\\/\\\/www.zhgdled.com\\\/zhl-products.html\"},{\"@type\":\"ListItem\",\"position\":3,\"name\":\"SOLARNE LAMPY ULICZNE Z SERII EXPLORER\"}]},{\"@type\":\"WebSite\",\"@id\":\"https:\\\/\\\/www.zhgdled.com\\\/pl\\\/#website\",\"url\":\"https:\\\/\\\/www.zhgdled.com\\\/pl\\\/\",\"name\":\"Grupa O\u015bwietleniowa ZHL\",\"description\":\"Top ranking industrial lighting manufacturer and exporter\",\"publisher\":{\"@id\":\"https:\\\/\\\/www.zhgdled.com\\\/pl\\\/#organization\"},\"potentialAction\":[{\"@type\":\"SearchAction\",\"target\":{\"@type\":\"EntryPoint\",\"urlTemplate\":\"https:\\\/\\\/www.zhgdled.com\\\/pl\\\/?s={search_term_string}\"},\"query-input\":{\"@type\":\"PropertyValueSpecification\",\"valueRequired\":true,\"valueName\":\"search_term_string\"}}],\"inLanguage\":\"pl-PL\"},{\"@type\":\"Organization\",\"@id\":\"https:\\\/\\\/www.zhgdled.com\\\/pl\\\/#organization\",\"name\":\"ZHL Lighting Group\",\"url\":\"https:\\\/\\\/www.zhgdled.com\\\/pl\\\/\",\"logo\":{\"@type\":\"ImageObject\",\"inLanguage\":\"pl-PL\",\"@id\":\"https:\\\/\\\/www.zhgdled.com\\\/pl\\\/#\\\/schema\\\/logo\\\/image\\\/\",\"url\":\"\",\"contentUrl\":\"\",\"caption\":\"ZHL Lighting Group\"},\"image\":{\"@id\":\"https:\\\/\\\/www.zhgdled.com\\\/pl\\\/#\\\/schema\\\/logo\\\/image\\\/\"},\"sameAs\":[\"https:\\\/\\\/www.facebook.com\\\/zhllightinggroup\",\"https:\\\/\\\/x.com\\\/zhl_lighting\"]}]}<\/script>\n<!-- \/ Yoast SEO plugin. -->","yoast_head_json":{"title":"SOLARNE LAMPY ULICZNE Z SERII EXPLORER","description":"Wysoka skuteczno\u015b\u0107 \u015bwietlna >180 lm\/w maksymalizuje wydajno\u015b\u0107 akumulatora. Kontroler \u0142adowania PWM zapewnia maksymaln\u0105 wydajno\u015b\u0107 \u0142adowania.","robots":{"index":"index","follow":"follow","max-snippet":"max-snippet:-1","max-image-preview":"max-image-preview:large","max-video-preview":"max-video-preview:-1"},"canonical":"https:\/\/www.zhgdled.com\/pl\/explorer-series-solar-street-light.html","og_locale":"pl_PL","og_type":"article","og_title":"SOLARNE LAMPY ULICZNE Z SERII EXPLORER","og_description":"Wysoka skuteczno\u015b\u0107 \u015bwietlna >180 lm\/w maksymalizuje wydajno\u015b\u0107 akumulatora. Kontroler \u0142adowania PWM zapewnia maksymaln\u0105 wydajno\u015b\u0107 \u0142adowania.","og_url":"https:\/\/www.zhgdled.com\/pl\/explorer-series-solar-street-light.html","og_site_name":"Grupa O\u015bwietleniowa ZHL","article_publisher":"https:\/\/www.facebook.com\/zhllightinggroup","article_modified_time":"2023-02-13T09:25:08+00:00","og_image":[{"width":1721,"height":1721,"url":"https:\/\/www.zhgdled.com\/wp-content\/uploads\/2022\/09\/1664173366336.jpg","type":"image\/jpeg"}],"twitter_card":"summary_large_image","twitter_site":"@zhl_lighting","twitter_misc":{"Szacowany czas czytania":"1 minuta"},"schema":{"@context":"https:\/\/schema.org","@graph":[{"@type":"WebPage","@id":"https:\/\/www.zhgdled.com\/pl\/explorer-series-solar-street-light.html","url":"https:\/\/www.zhgdled.com\/pl\/explorer-series-solar-street-light.html","name":"SOLARNE LAMPY ULICZNE Z SERII EXPLORER","isPartOf":{"@id":"https:\/\/www.zhgdled.com\/pl\/#website"},"primaryImageOfPage":{"@id":"https:\/\/www.zhgdled.com\/pl\/explorer-series-solar-street-light.html#primaryimage"},"image":{"@id":"https:\/\/www.zhgdled.com\/pl\/explorer-series-solar-street-light.html#primaryimage"},"thumbnailUrl":"https:\/\/www.zhgdled.com\/wp-content\/uploads\/2022\/09\/1664173366336.jpg","datePublished":"2022-09-26T08:24:17+00:00","dateModified":"2023-02-13T09:25:08+00:00","description":"Wysoka skuteczno\u015b\u0107 \u015bwietlna >180 lm\/w maksymalizuje wydajno\u015b\u0107 akumulatora. Kontroler \u0142adowania PWM zapewnia maksymaln\u0105 wydajno\u015b\u0107 \u0142adowania.","breadcrumb":{"@id":"https:\/\/www.zhgdled.com\/pl\/explorer-series-solar-street-light.html#breadcrumb"},"inLanguage":"pl-PL","potentialAction":[{"@type":"ReadAction","target":["https:\/\/www.zhgdled.com\/pl\/explorer-series-solar-street-light.html"]}]},{"@type":"ImageObject","inLanguage":"pl-PL","@id":"https:\/\/www.zhgdled.com\/pl\/explorer-series-solar-street-light.html#primaryimage","url":"https:\/\/www.zhgdled.com\/wp-content\/uploads\/2022\/09\/1664173366336.jpg","contentUrl":"https:\/\/www.zhgdled.com\/wp-content\/uploads\/2022\/09\/1664173366336.jpg","width":1721,"height":1721,"caption":"SOLARNE LAMPY ULICZNE Z SERII EXPLORER"},{"@type":"BreadcrumbList","@id":"https:\/\/www.zhgdled.com\/pl\/explorer-series-solar-street-light.html#breadcrumb","itemListElement":[{"@type":"ListItem","position":1,"name":"Home","item":"https:\/\/www.zhgdled.com\/pl"},{"@type":"ListItem","position":2,"name":"PRODUCTS","item":"https:\/\/www.zhgdled.com\/zhl-products.html"},{"@type":"ListItem","position":3,"name":"SOLARNE LAMPY ULICZNE Z SERII EXPLORER"}]},{"@type":"WebSite","@id":"https:\/\/www.zhgdled.com\/pl\/#website","url":"https:\/\/www.zhgdled.com\/pl\/","name":"Grupa O\u015bwietleniowa ZHL","description":"Top ranking industrial lighting manufacturer and exporter","publisher":{"@id":"https:\/\/www.zhgdled.com\/pl\/#organization"},"potentialAction":[{"@type":"SearchAction","target":{"@type":"EntryPoint","urlTemplate":"https:\/\/www.zhgdled.com\/pl\/?s={search_term_string}"},"query-input":{"@type":"PropertyValueSpecification","valueRequired":true,"valueName":"search_term_string"}}],"inLanguage":"pl-PL"},{"@type":"Organization","@id":"https:\/\/www.zhgdled.com\/pl\/#organization","name":"ZHL Lighting Group","url":"https:\/\/www.zhgdled.com\/pl\/","logo":{"@type":"ImageObject","inLanguage":"pl-PL","@id":"https:\/\/www.zhgdled.com\/pl\/#\/schema\/logo\/image\/","url":"","contentUrl":"","caption":"ZHL Lighting Group"},"image":{"@id":"https:\/\/www.zhgdled.com\/pl\/#\/schema\/logo\/image\/"},"sameAs":["https:\/\/www.facebook.com\/zhllightinggroup","https:\/\/x.com\/zhl_lighting"]}]}},"_links":{"self":[{"href":"https:\/\/www.zhgdled.com\/pl\/wp-json\/wp\/v2\/product\/19083","targetHints":{"allow":["GET"]}}],"collection":[{"href":"https:\/\/www.zhgdled.com\/pl\/wp-json\/wp\/v2\/product"}],"about":[{"href":"https:\/\/www.zhgdled.com\/pl\/wp-json\/wp\/v2\/types\/product"}],"wp:featuredmedia":[{"embeddable":true,"href":"https:\/\/www.zhgdled.com\/pl\/wp-json\/wp\/v2\/media\/14568"}],"wp:attachment":[{"href":"https:\/\/www.zhgdled.com\/pl\/wp-json\/wp\/v2\/media?parent=19083"}],"wp:term":[{"taxonomy":"product_brand","embeddable":true,"href":"https:\/\/www.zhgdled.com\/pl\/wp-json\/wp\/v2\/product_brand?post=19083"},{"taxonomy":"product_cat","embeddable":true,"href":"https:\/\/www.zhgdled.com\/pl\/wp-json\/wp\/v2\/product_cat?post=19083"},{"taxonomy":"product_tag","embeddable":true,"href":"https:\/\/www.zhgdled.com\/pl\/wp-json\/wp\/v2\/product_tag?post=19083"}],"curies":[{"name":"wp","href":"https:\/\/api.w.org\/{rel}","templated":true}]}}