{"id":19097,"date":"2023-10-25T08:09:09","date_gmt":"2022-09-08T09:09:09","guid":{"rendered":"https:\/\/www.zhgdled.com\/product\/14251"},"modified":"2023-12-26T13:56:12","modified_gmt":"2023-12-26T05:56:12","slug":"solarna-lampa-uliczna-z-czujnikiem","status":"publish","type":"product","link":"https:\/\/www.zhgdled.com\/pl\/sloneczne-oswietlenie-uliczne-serii-pro.html","title":{"rendered":"SOLARNE \u015aWIAT\u0141A ULICZNE SERII PRO"},"content":{"rendered":"<h2>180 lm\/W I INTELIGENTNE STEROWANIE TO KLUCZOWE KONSTRUKCJE TEJ NOWEJ SERII PRO<\/h2>\n<p>Zasilane energi\u0105 s\u0142oneczn\u0105 lampy uliczne serii PRO wykorzystuj\u0105 najnowsz\u0105 lamp\u0119 uliczn\u0105 LED ZHL\u00a0 o wysokiej skuteczno\u015bci, zapewniaj\u0105c\u0105 doskona\u0142y strumie\u0144 \u015bwietlny, d\u0142ugotrwa\u0142\u0105 stabilno\u015b\u0107 i wspania\u0142y widok. Solarne o\u015bwietlenie uliczne z serii PRO w po\u0142\u0105czeniu z bateri\u0105 litow\u0105 i mono panelami s\u0142onecznymi zapewnia d\u0142ug\u0105 \u017cywotno\u015b\u0107 i wysok\u0105 skuteczno\u015b\u0107 s\u0142onecznego systemu o\u015bwietlenia ulicznego. Zapewnij 3 lata gwarancji na ca\u0142y\u00a0system s\u0142onecznego o\u015bwietlenia ulicznego.<\/p>\n<p>&nbsp;<\/p>\n<h2>SPECYFIKACJE<\/h2>\n<p><img decoding=\"async\" class=\"alignnone size-full wp-image-14257\" src=\"https:\/\/www.zhgdled.com\/wp-content\/uploads\/2022\/09\/PROSERIESSPECIFICATION.png\" alt=\"\" width=\"945\" height=\"502\" srcset=\"https:\/\/www.zhgdled.com\/wp-content\/uploads\/2022\/09\/PROSERIESSPECIFICATION.png 945w, https:\/\/www.zhgdled.com\/wp-content\/uploads\/2022\/09\/PROSERIESSPECIFICATION-300x159.png 300w, https:\/\/www.zhgdled.com\/wp-content\/uploads\/2022\/09\/PROSERIESSPECIFICATION-768x408.png 768w, https:\/\/www.zhgdled.com\/wp-content\/uploads\/2022\/09\/PROSERIESSPECIFICATION-600x319.png 600w, https:\/\/www.zhgdled.com\/wp-content\/uploads\/2022\/09\/PROSERIESSPECIFICATION-150x80.png 150w\" sizes=\"(max-width: 945px) 100vw, 945px\" \/><\/p>\n<p><img decoding=\"async\" class=\"alignnone size-full wp-image-14266\" src=\"https:\/\/www.zhgdled.com\/wp-content\/uploads\/2022\/09\/Z-2.png\" alt=\"\" width=\"750\" height=\"610\" srcset=\"https:\/\/www.zhgdled.com\/wp-content\/uploads\/2022\/09\/Z-2.png 750w, https:\/\/www.zhgdled.com\/wp-content\/uploads\/2022\/09\/Z-2-300x244.png 300w, https:\/\/www.zhgdled.com\/wp-content\/uploads\/2022\/09\/Z-2-600x488.png 600w, https:\/\/www.zhgdled.com\/wp-content\/uploads\/2022\/09\/Z-2-150x122.png 150w\" sizes=\"(max-width: 750px) 100vw, 750px\" \/><img decoding=\"async\" class=\"alignnone size-full wp-image-14275\" src=\"https:\/\/www.zhgdled.com\/wp-content\/uploads\/2022\/09\/Z-3.png\" alt=\"\" width=\"750\" height=\"685\" srcset=\"https:\/\/www.zhgdled.com\/wp-content\/uploads\/2022\/09\/Z-3.png 750w, https:\/\/www.zhgdled.com\/wp-content\/uploads\/2022\/09\/Z-3-300x274.png 300w, https:\/\/www.zhgdled.com\/wp-content\/uploads\/2022\/09\/Z-3-600x548.png 600w, https:\/\/www.zhgdled.com\/wp-content\/uploads\/2022\/09\/Z-3-150x137.png 150w\" sizes=\"(max-width: 750px) 100vw, 750px\" \/><\/p>\n","protected":false},"excerpt":{"rendered":"<p>Zasilane energi\u0105 s\u0142oneczn\u0105 lampy uliczne serii PRO wykorzystuj\u0105 najnowsz\u0105 lamp\u0119 uliczn\u0105 LED ZHL\u00a0 o wysokiej skuteczno\u015bci, zapewniaj\u0105c\u0105 doskona\u0142y strumie\u0144 \u015bwietlny, d\u0142ugotrwa\u0142\u0105 stabilno\u015b\u0107 i wspania\u0142y widok. Solarne o\u015bwietlenie uliczne z serii PRO w po\u0142\u0105czeniu z bateri\u0105 litow\u0105 i mono panelami s\u0142onecznymi zapewnia d\u0142ug\u0105 \u017cywotno\u015b\u0107 i wysok\u0105 skuteczno\u015b\u0107 s\u0142onecznego systemu o\u015bwietlenia ulicznego. Zapewnij 3 lata gwarancji na ca\u0142y\u00a0system s\u0142onecznego o\u015bwietlenia ulicznego.<\/p>\n","protected":false},"featured_media":20783,"template":"","meta":[],"product_brand":[],"product_cat":[641],"product_tag":[],"class_list":{"0":"post-19097","1":"product","2":"type-product","3":"status-publish","4":"has-post-thumbnail","6":"product_cat-oswietlenie-uliczne","8":"first","9":"instock","10":"featured","11":"shipping-taxable","12":"product-type-simple"},"yoast_head":"<!-- This site is optimized with the Yoast SEO plugin v27.4 - https:\/\/yoast.com\/product\/yoast-seo-wordpress\/ -->\n<title>S\u0142oneczna lampa uliczna Led z czujnikiem<\/title>\n<meta name=\"description\" content=\"Solarne lampy uliczne LED z serii PRO z czujnikiem wykorzystuj\u0105 najnowsz\u0105 lamp\u0119 uliczn\u0105 LED ZHL o wysokiej skuteczno\u015bci, zapewniaj\u0105c\u0105 doskona\u0142y strumie\u0144\" \/>\n<meta name=\"robots\" content=\"index, follow, max-snippet:-1, max-image-preview:large, max-video-preview:-1\" \/>\n<link rel=\"canonical\" href=\"https:\/\/www.zhgdled.com\/pl\/sloneczne-oswietlenie-uliczne-serii-pro.html\" \/>\n<meta property=\"og:locale\" content=\"pl_PL\" \/>\n<meta property=\"og:type\" content=\"article\" \/>\n<meta property=\"og:title\" content=\"S\u0142oneczna lampa uliczna Led z czujnikiem\" \/>\n<meta property=\"og:description\" content=\"Solarne lampy uliczne LED z serii PRO z czujnikiem wykorzystuj\u0105 najnowsz\u0105 lamp\u0119 uliczn\u0105 LED ZHL o wysokiej skuteczno\u015bci, zapewniaj\u0105c\u0105 doskona\u0142y strumie\u0144\" \/>\n<meta property=\"og:url\" content=\"https:\/\/www.zhgdled.com\/pl\/sloneczne-oswietlenie-uliczne-serii-pro.html\" \/>\n<meta property=\"og:site_name\" content=\"Grupa O\u015bwietleniowa ZHL\" \/>\n<meta property=\"article:publisher\" content=\"https:\/\/www.facebook.com\/zhllightinggroup\" \/>\n<meta property=\"article:modified_time\" content=\"2023-12-26T05:56:12+00:00\" \/>\n<meta property=\"og:image\" content=\"https:\/\/www.zhgdled.com\/wp-content\/uploads\/2022\/09\/pro-series-street-lights.jpg\" \/>\n\t<meta property=\"og:image:width\" content=\"1600\" \/>\n\t<meta property=\"og:image:height\" content=\"1600\" \/>\n\t<meta property=\"og:image:type\" content=\"image\/jpeg\" \/>\n<meta name=\"twitter:card\" content=\"summary_large_image\" \/>\n<meta name=\"twitter:site\" content=\"@zhl_lighting\" \/>\n<meta name=\"twitter:label1\" content=\"Szacowany czas czytania\" \/>\n\t<meta name=\"twitter:data1\" content=\"2 minuty\" \/>\n<script type=\"application\/ld+json\" class=\"yoast-schema-graph\">{\"@context\":\"https:\\\/\\\/schema.org\",\"@graph\":[{\"@type\":\"WebPage\",\"@id\":\"https:\\\/\\\/www.zhgdled.com\\\/pl\\\/sloneczne-oswietlenie-uliczne-serii-pro.html\",\"url\":\"https:\\\/\\\/www.zhgdled.com\\\/pl\\\/sloneczne-oswietlenie-uliczne-serii-pro.html\",\"name\":\"S\u0142oneczna lampa uliczna Led z czujnikiem\",\"isPartOf\":{\"@id\":\"https:\\\/\\\/www.zhgdled.com\\\/pl\\\/#website\"},\"primaryImageOfPage\":{\"@id\":\"https:\\\/\\\/www.zhgdled.com\\\/pl\\\/sloneczne-oswietlenie-uliczne-serii-pro.html#primaryimage\"},\"image\":{\"@id\":\"https:\\\/\\\/www.zhgdled.com\\\/pl\\\/sloneczne-oswietlenie-uliczne-serii-pro.html#primaryimage\"},\"thumbnailUrl\":\"https:\\\/\\\/www.zhgdled.com\\\/wp-content\\\/uploads\\\/2022\\\/09\\\/pro-series-street-lights.jpg\",\"datePublished\":\"2022-09-08T09:09:09+00:00\",\"dateModified\":\"2023-12-26T05:56:12+00:00\",\"description\":\"Solarne lampy uliczne LED z serii PRO z czujnikiem wykorzystuj\u0105 najnowsz\u0105 lamp\u0119 uliczn\u0105 LED ZHL o wysokiej skuteczno\u015bci, zapewniaj\u0105c\u0105 doskona\u0142y strumie\u0144\",\"breadcrumb\":{\"@id\":\"https:\\\/\\\/www.zhgdled.com\\\/pl\\\/sloneczne-oswietlenie-uliczne-serii-pro.html#breadcrumb\"},\"inLanguage\":\"pl-PL\",\"potentialAction\":[{\"@type\":\"ReadAction\",\"target\":[\"https:\\\/\\\/www.zhgdled.com\\\/pl\\\/sloneczne-oswietlenie-uliczne-serii-pro.html\"]}]},{\"@type\":\"ImageObject\",\"inLanguage\":\"pl-PL\",\"@id\":\"https:\\\/\\\/www.zhgdled.com\\\/pl\\\/sloneczne-oswietlenie-uliczne-serii-pro.html#primaryimage\",\"url\":\"https:\\\/\\\/www.zhgdled.com\\\/wp-content\\\/uploads\\\/2022\\\/09\\\/pro-series-street-lights.jpg\",\"contentUrl\":\"https:\\\/\\\/www.zhgdled.com\\\/wp-content\\\/uploads\\\/2022\\\/09\\\/pro-series-street-lights.jpg\",\"width\":1600,\"height\":1600,\"caption\":\"Pro series street lights\"},{\"@type\":\"BreadcrumbList\",\"@id\":\"https:\\\/\\\/www.zhgdled.com\\\/pl\\\/sloneczne-oswietlenie-uliczne-serii-pro.html#breadcrumb\",\"itemListElement\":[{\"@type\":\"ListItem\",\"position\":1,\"name\":\"Home\",\"item\":\"https:\\\/\\\/www.zhgdled.com\\\/pl\"},{\"@type\":\"ListItem\",\"position\":2,\"name\":\"PRODUCTS\",\"item\":\"https:\\\/\\\/www.zhgdled.com\\\/zhl-products.html\"},{\"@type\":\"ListItem\",\"position\":3,\"name\":\"SOLARNE \u015aWIAT\u0141A ULICZNE SERII PRO\"}]},{\"@type\":\"WebSite\",\"@id\":\"https:\\\/\\\/www.zhgdled.com\\\/pl\\\/#website\",\"url\":\"https:\\\/\\\/www.zhgdled.com\\\/pl\\\/\",\"name\":\"Grupa O\u015bwietleniowa ZHL\",\"description\":\"Top ranking industrial lighting manufacturer and exporter\",\"publisher\":{\"@id\":\"https:\\\/\\\/www.zhgdled.com\\\/pl\\\/#organization\"},\"potentialAction\":[{\"@type\":\"SearchAction\",\"target\":{\"@type\":\"EntryPoint\",\"urlTemplate\":\"https:\\\/\\\/www.zhgdled.com\\\/pl\\\/?s={search_term_string}\"},\"query-input\":{\"@type\":\"PropertyValueSpecification\",\"valueRequired\":true,\"valueName\":\"search_term_string\"}}],\"inLanguage\":\"pl-PL\"},{\"@type\":\"Organization\",\"@id\":\"https:\\\/\\\/www.zhgdled.com\\\/pl\\\/#organization\",\"name\":\"ZHL Lighting Group\",\"url\":\"https:\\\/\\\/www.zhgdled.com\\\/pl\\\/\",\"logo\":{\"@type\":\"ImageObject\",\"inLanguage\":\"pl-PL\",\"@id\":\"https:\\\/\\\/www.zhgdled.com\\\/pl\\\/#\\\/schema\\\/logo\\\/image\\\/\",\"url\":\"\",\"contentUrl\":\"\",\"caption\":\"ZHL Lighting Group\"},\"image\":{\"@id\":\"https:\\\/\\\/www.zhgdled.com\\\/pl\\\/#\\\/schema\\\/logo\\\/image\\\/\"},\"sameAs\":[\"https:\\\/\\\/www.facebook.com\\\/zhllightinggroup\",\"https:\\\/\\\/x.com\\\/zhl_lighting\"]}]}<\/script>\n<!-- \/ Yoast SEO plugin. -->","yoast_head_json":{"title":"S\u0142oneczna lampa uliczna Led z czujnikiem","description":"Solarne lampy uliczne LED z serii PRO z czujnikiem wykorzystuj\u0105 najnowsz\u0105 lamp\u0119 uliczn\u0105 LED ZHL o wysokiej skuteczno\u015bci, zapewniaj\u0105c\u0105 doskona\u0142y strumie\u0144","robots":{"index":"index","follow":"follow","max-snippet":"max-snippet:-1","max-image-preview":"max-image-preview:large","max-video-preview":"max-video-preview:-1"},"canonical":"https:\/\/www.zhgdled.com\/pl\/sloneczne-oswietlenie-uliczne-serii-pro.html","og_locale":"pl_PL","og_type":"article","og_title":"S\u0142oneczna lampa uliczna Led z czujnikiem","og_description":"Solarne lampy uliczne LED z serii PRO z czujnikiem wykorzystuj\u0105 najnowsz\u0105 lamp\u0119 uliczn\u0105 LED ZHL o wysokiej skuteczno\u015bci, zapewniaj\u0105c\u0105 doskona\u0142y strumie\u0144","og_url":"https:\/\/www.zhgdled.com\/pl\/sloneczne-oswietlenie-uliczne-serii-pro.html","og_site_name":"Grupa O\u015bwietleniowa ZHL","article_publisher":"https:\/\/www.facebook.com\/zhllightinggroup","article_modified_time":"2023-12-26T05:56:12+00:00","og_image":[{"width":1600,"height":1600,"url":"https:\/\/www.zhgdled.com\/wp-content\/uploads\/2022\/09\/pro-series-street-lights.jpg","type":"image\/jpeg"}],"twitter_card":"summary_large_image","twitter_site":"@zhl_lighting","twitter_misc":{"Szacowany czas czytania":"2 minuty"},"schema":{"@context":"https:\/\/schema.org","@graph":[{"@type":"WebPage","@id":"https:\/\/www.zhgdled.com\/pl\/sloneczne-oswietlenie-uliczne-serii-pro.html","url":"https:\/\/www.zhgdled.com\/pl\/sloneczne-oswietlenie-uliczne-serii-pro.html","name":"S\u0142oneczna lampa uliczna Led z czujnikiem","isPartOf":{"@id":"https:\/\/www.zhgdled.com\/pl\/#website"},"primaryImageOfPage":{"@id":"https:\/\/www.zhgdled.com\/pl\/sloneczne-oswietlenie-uliczne-serii-pro.html#primaryimage"},"image":{"@id":"https:\/\/www.zhgdled.com\/pl\/sloneczne-oswietlenie-uliczne-serii-pro.html#primaryimage"},"thumbnailUrl":"https:\/\/www.zhgdled.com\/wp-content\/uploads\/2022\/09\/pro-series-street-lights.jpg","datePublished":"2022-09-08T09:09:09+00:00","dateModified":"2023-12-26T05:56:12+00:00","description":"Solarne lampy uliczne LED z serii PRO z czujnikiem wykorzystuj\u0105 najnowsz\u0105 lamp\u0119 uliczn\u0105 LED ZHL o wysokiej skuteczno\u015bci, zapewniaj\u0105c\u0105 doskona\u0142y strumie\u0144","breadcrumb":{"@id":"https:\/\/www.zhgdled.com\/pl\/sloneczne-oswietlenie-uliczne-serii-pro.html#breadcrumb"},"inLanguage":"pl-PL","potentialAction":[{"@type":"ReadAction","target":["https:\/\/www.zhgdled.com\/pl\/sloneczne-oswietlenie-uliczne-serii-pro.html"]}]},{"@type":"ImageObject","inLanguage":"pl-PL","@id":"https:\/\/www.zhgdled.com\/pl\/sloneczne-oswietlenie-uliczne-serii-pro.html#primaryimage","url":"https:\/\/www.zhgdled.com\/wp-content\/uploads\/2022\/09\/pro-series-street-lights.jpg","contentUrl":"https:\/\/www.zhgdled.com\/wp-content\/uploads\/2022\/09\/pro-series-street-lights.jpg","width":1600,"height":1600,"caption":"Pro series street lights"},{"@type":"BreadcrumbList","@id":"https:\/\/www.zhgdled.com\/pl\/sloneczne-oswietlenie-uliczne-serii-pro.html#breadcrumb","itemListElement":[{"@type":"ListItem","position":1,"name":"Home","item":"https:\/\/www.zhgdled.com\/pl"},{"@type":"ListItem","position":2,"name":"PRODUCTS","item":"https:\/\/www.zhgdled.com\/zhl-products.html"},{"@type":"ListItem","position":3,"name":"SOLARNE \u015aWIAT\u0141A ULICZNE SERII PRO"}]},{"@type":"WebSite","@id":"https:\/\/www.zhgdled.com\/pl\/#website","url":"https:\/\/www.zhgdled.com\/pl\/","name":"Grupa O\u015bwietleniowa ZHL","description":"Top ranking industrial lighting manufacturer and exporter","publisher":{"@id":"https:\/\/www.zhgdled.com\/pl\/#organization"},"potentialAction":[{"@type":"SearchAction","target":{"@type":"EntryPoint","urlTemplate":"https:\/\/www.zhgdled.com\/pl\/?s={search_term_string}"},"query-input":{"@type":"PropertyValueSpecification","valueRequired":true,"valueName":"search_term_string"}}],"inLanguage":"pl-PL"},{"@type":"Organization","@id":"https:\/\/www.zhgdled.com\/pl\/#organization","name":"ZHL Lighting Group","url":"https:\/\/www.zhgdled.com\/pl\/","logo":{"@type":"ImageObject","inLanguage":"pl-PL","@id":"https:\/\/www.zhgdled.com\/pl\/#\/schema\/logo\/image\/","url":"","contentUrl":"","caption":"ZHL Lighting Group"},"image":{"@id":"https:\/\/www.zhgdled.com\/pl\/#\/schema\/logo\/image\/"},"sameAs":["https:\/\/www.facebook.com\/zhllightinggroup","https:\/\/x.com\/zhl_lighting"]}]}},"_links":{"self":[{"href":"https:\/\/www.zhgdled.com\/pl\/wp-json\/wp\/v2\/product\/19097","targetHints":{"allow":["GET"]}}],"collection":[{"href":"https:\/\/www.zhgdled.com\/pl\/wp-json\/wp\/v2\/product"}],"about":[{"href":"https:\/\/www.zhgdled.com\/pl\/wp-json\/wp\/v2\/types\/product"}],"wp:featuredmedia":[{"embeddable":true,"href":"https:\/\/www.zhgdled.com\/pl\/wp-json\/wp\/v2\/media\/20783"}],"wp:attachment":[{"href":"https:\/\/www.zhgdled.com\/pl\/wp-json\/wp\/v2\/media?parent=19097"}],"wp:term":[{"taxonomy":"product_brand","embeddable":true,"href":"https:\/\/www.zhgdled.com\/pl\/wp-json\/wp\/v2\/product_brand?post=19097"},{"taxonomy":"product_cat","embeddable":true,"href":"https:\/\/www.zhgdled.com\/pl\/wp-json\/wp\/v2\/product_cat?post=19097"},{"taxonomy":"product_tag","embeddable":true,"href":"https:\/\/www.zhgdled.com\/pl\/wp-json\/wp\/v2\/product_tag?post=19097"}],"curies":[{"name":"wp","href":"https:\/\/api.w.org\/{rel}","templated":true}]}}