{"id":19098,"date":"2023-11-01T11:35:29","date_gmt":"2022-08-29T03:35:29","guid":{"rendered":"https:\/\/www.zhgdled.com\/product\/led-linear-high-bay-light"},"modified":"2023-12-26T11:42:19","modified_gmt":"2023-12-26T03:42:19","slug":"liniowe-swiatlo-wysokiego-skladowania","status":"publish","type":"product","link":"https:\/\/www.zhgdled.com\/pl\/led-liniowe-swiatlo-wysokiego-skladowania.html","title":{"rendered":"LINIOWE \u015aWIAT\u0141O HIGH BAY LED"},"content":{"rendered":"<h2>ZAPROJEKTOWANE DO WI\u0118KSZO\u015aCI ZASTOSOWA\u0143 KOMERCYJNYCH I PRZEMYS\u0141OWYCH<\/h2>\n<ul>\n<li>Ta liniowa lampa wysokiego sk\u0142adowania ma wi\u0119kszo\u015b\u0107 cech o\u015bwietlenia LED: natychmiastowe w\u0142\u0105czanie\/wy\u0142\u0105czanie, du\u017cy k\u0105t padania \u015bwiat\u0142a i d\u0142uga \u017cywotno\u015b\u0107.<\/li>\n<li>Kompatybilny z czujnikami PIR lub mikrofalowymi (opcjonalnie). Maksymalna odleg\u0142o\u015b\u0107 czujnika: 15m.<\/li>\n<li>Wodoodporno\u015b\u0107 IP65, normy IK08, doskonale pasuje do skomplikowanych i trudnych miejsc.<\/li>\n<li>Czujnik mikrofalowy (opcjonalnie) sprawia, \u017ce to urz\u0105dzenie jest bardziej inteligentne i przyjazne dla \u015brodowiska.<\/li>\n<\/ul>\n<h2>SPECYFIKACJE<\/h2>\n<table style=\"border-collapse: collapse; width: 260.27pt;\" border=\"0\" width=\"347\" cellspacing=\"0\" cellpadding=\"0\">\n<tbody>\n<tr style=\"height: 16.50pt;\">\n<td class=\"et2\" style=\"height: 16.50pt; width: 158.25pt;\" width=\"211\" height=\"22\"><a href=\"https:\/\/www.zhgdled.com\/download\/catalogue-of-linear-high-bay-light\"><img decoding=\"async\" class=\"alignnone alignleft\" src=\"https:\/\/www.zhgdled.com\/wp-content\/uploads\/2022\/07\/zhl_download-logo.png\" alt=\"\" width=\"29\" height=\"29\" \/><\/a><\/td>\n<td class=\"et2\" style=\"width: 102.35pt;\" width=\"136\"><a href=\"https:\/\/www.zhgdled.com\/download\/catalogue-of-linear-high-bay-light\">Pobierz katalog<\/a><\/td>\n<\/tr>\n<\/tbody>\n<\/table>\n<table width=\"649\">\n<tbody>\n<tr>\n<td><strong>Moc<\/strong><\/td>\n<td><strong>70W 100W 150W 200W\u00a0<\/strong><\/td>\n<\/tr>\n<tr>\n<td><strong>prowadzony<\/strong><\/td>\n<td><strong>SMD 140PCS(70W\/100W)\/280PCS (150W\/200W)<\/strong><\/td>\n<\/tr>\n<tr>\n<td><strong>Temperatura barwowa (CCT)<\/strong><\/td>\n<td><strong>2700-6500K<\/strong><\/td>\n<\/tr>\n<tr>\n<td><strong>Wydajno\u015b\u0107 \u015bwietlna (lm\/w)<\/strong><\/td>\n<td><strong>150lm\/w +-10%<\/strong><\/td>\n<\/tr>\n<tr>\n<td><strong>Napi\u0119cie wej\u015bciowe (V)<\/strong><\/td>\n<td width=\"463\"><strong>100-240VAC\/50-60Hz<\/strong><\/td>\n<\/tr>\n<tr>\n<td><strong>PF<\/strong><\/td>\n<td><strong>&gt;0.9<\/strong><\/td>\n<\/tr>\n<tr>\n<td><strong>CRI (Ra&gt;)<\/strong><\/td>\n<td><strong>80<\/strong><\/td>\n<\/tr>\n<tr>\n<td><strong>K\u0105t \u015bwiecenia (\u00b0)<\/strong><\/td>\n<td><strong>60\u00b0\/90\u00b0*120\u00b0<\/strong><\/td>\n<\/tr>\n<tr>\n<td><strong>Stopie\u0144 ochrony IP<\/strong><\/td>\n<td><strong>IP65<\/strong><\/td>\n<\/tr>\n<tr>\n<td><strong>Materia\u0142<\/strong><\/td>\n<td><strong>Aluminiowa obudowa + os\u0142ona ze szk\u0142a hartowanego<\/strong><\/td>\n<\/tr>\n<tr>\n<td><strong>Temperatura pracy (\u2103)<\/strong><\/td>\n<td><strong>-20-50<\/strong><\/td>\n<\/tr>\n<tr>\n<td><strong>Gwarancja (rok)<\/strong><\/td>\n<td><strong>5 lat<\/strong><\/td>\n<\/tr>\n<tr>\n<td><strong>Orzecznictwo<\/strong><\/td>\n<td><strong>CE,ERP<\/strong><\/td>\n<\/tr>\n<tr>\n<td><strong>Kierowca<\/strong><\/td>\n<td><strong>\u015aciemniacz MOSO<\/strong><\/td>\n<\/tr>\n<\/tbody>\n<\/table>\n<p><img decoding=\"async\" class=\"alignnone size-full wp-image-14188\" src=\"https:\/\/www.zhgdled.com\/wp-content\/uploads\/2022\/08\/1-1.png\" alt=\"\" width=\"750\" height=\"1302\" srcset=\"https:\/\/www.zhgdled.com\/wp-content\/uploads\/2022\/08\/1-1.png 750w, https:\/\/www.zhgdled.com\/wp-content\/uploads\/2022\/08\/1-1-173x300.png 173w, https:\/\/www.zhgdled.com\/wp-content\/uploads\/2022\/08\/1-1-590x1024.png 590w, https:\/\/www.zhgdled.com\/wp-content\/uploads\/2022\/08\/1-1-600x1042.png 600w, https:\/\/www.zhgdled.com\/wp-content\/uploads\/2022\/08\/1-1-150x260.png 150w\" sizes=\"(max-width: 750px) 100vw, 750px\" \/><img decoding=\"async\" class=\"alignnone size-full wp-image-14197\" src=\"https:\/\/www.zhgdled.com\/wp-content\/uploads\/2022\/08\/2-1.png\" alt=\"\" width=\"750\" height=\"570\" srcset=\"https:\/\/www.zhgdled.com\/wp-content\/uploads\/2022\/08\/2-1.png 750w, https:\/\/www.zhgdled.com\/wp-content\/uploads\/2022\/08\/2-1-300x228.png 300w, https:\/\/www.zhgdled.com\/wp-content\/uploads\/2022\/08\/2-1-600x456.png 600w, https:\/\/www.zhgdled.com\/wp-content\/uploads\/2022\/08\/2-1-150x114.png 150w\" sizes=\"(max-width: 750px) 100vw, 750px\" \/><\/p>\n","protected":false},"excerpt":{"rendered":"<p>ZHL Linear High Bay Light Series to profesjonalna oprawa o\u015bwietleniowa, kt\u00f3ra jest integralnie formowana ze stopu aluminium, zaprojektowana z jednolitym uk\u0142adem ch\u0142odzenia. Wydajno\u015b\u0107 150 lm\/w to wiod\u0105ce rozwi\u0105zanie bran\u017cowe dla u\u017cytkownik\u00f3w komercyjnych, podczas gdy jego moc zosta\u0142a utrzymana na poziomie oko\u0142o 70 i 200 w. Je\u015bli szukasz jasnej, ale energooszcz\u0119dnej oprawy o\u015bwietleniowej do zastosowa\u0144 komercyjnych, ta liniowa oprawa High Bay Light jest w\u0142a\u015bnie dla Ciebie!<\/p>\n<ul>\n<li><strong>Moc: 70W 100W 150W 200W<\/strong><\/li>\n<li><strong>Chipy LED: SMD 140 sztuk (70 W\/100 W)\/280 sztuk (150 W\/200 W)<\/strong><\/li>\n<li><strong>Temperatura barwowa (CCT) 2700-6500 K<\/strong><\/li>\n<li><strong>Wydajno\u015b\u0107 \u015bwietlna (lm\/w) 150lm\/w +-10%<\/strong><\/li>\n<li><strong>Napi\u0119cie wej\u015bciowe (V) 100-240VAC\/50-60Hz<\/strong><\/li>\n<li><strong>PF&gt;0,9<\/strong><\/li>\n<li><strong>CRI (Ra&gt;)80<\/strong><\/li>\n<li><strong>K\u0105t \u015bwiecenia (\u00b0)60\u00b0\/90\u00b0*120\u00b0<\/strong><\/li>\n<li><strong>Gwarancja (rok): gwarancja producenta 5 lat<\/strong><\/li>\n<li><strong>Sterownik MOSO \u015aciemnialny sterownik<\/strong><\/li>\n<\/ul>\n","protected":false},"featured_media":14152,"template":"","meta":[],"product_brand":[],"product_cat":[640],"product_tag":[555],"class_list":{"0":"post-19098","1":"product","2":"type-product","3":"status-publish","4":"has-post-thumbnail","6":"product_cat-swiatla-wysokiego-skladowania","7":"product_tag-linear-high-bay-light-pl","9":"first","10":"instock","11":"shipping-taxable","12":"product-type-simple"},"yoast_head":"<!-- This site is optimized with the Yoast SEO plugin v27.5 - https:\/\/yoast.com\/product\/yoast-seo-wordpress\/ -->\n<title>Liniowe \u015awiat\u0142o Wysokiego Sk\u0142adowania<\/title>\n<meta name=\"description\" content=\"High Bay Light to profesjonalna oprawa o\u015bwietleniowa, kt\u00f3ra jest integralnie formowana ze stopu aluminium, zaprojektowana z jednolitym uk\u0142adem ch\u0142odzenia.\" \/>\n<meta name=\"robots\" content=\"index, follow, max-snippet:-1, max-image-preview:large, max-video-preview:-1\" \/>\n<link rel=\"canonical\" href=\"https:\/\/www.zhgdled.com\/pl\/led-liniowe-swiatlo-wysokiego-skladowania.html\" \/>\n<meta property=\"og:locale\" content=\"pl_PL\" \/>\n<meta property=\"og:type\" content=\"article\" \/>\n<meta property=\"og:title\" content=\"Liniowe \u015awiat\u0142o Wysokiego Sk\u0142adowania\" \/>\n<meta property=\"og:description\" content=\"High Bay Light to profesjonalna oprawa o\u015bwietleniowa, kt\u00f3ra jest integralnie formowana ze stopu aluminium, zaprojektowana z jednolitym uk\u0142adem ch\u0142odzenia.\" \/>\n<meta property=\"og:url\" content=\"https:\/\/www.zhgdled.com\/pl\/led-liniowe-swiatlo-wysokiego-skladowania.html\" \/>\n<meta property=\"og:site_name\" content=\"Grupa O\u015bwietleniowa ZHL\" \/>\n<meta property=\"article:publisher\" content=\"https:\/\/www.facebook.com\/zhllightinggroup\" \/>\n<meta property=\"article:modified_time\" content=\"2023-12-26T03:42:19+00:00\" \/>\n<meta property=\"og:image\" content=\"https:\/\/www.zhgdled.com\/wp-content\/uploads\/2022\/08\/0-100W.png\" \/>\n\t<meta property=\"og:image:width\" content=\"1600\" \/>\n\t<meta property=\"og:image:height\" content=\"1600\" \/>\n\t<meta property=\"og:image:type\" content=\"image\/png\" \/>\n<meta name=\"twitter:card\" content=\"summary_large_image\" \/>\n<meta name=\"twitter:site\" content=\"@zhl_lighting\" \/>\n<meta name=\"twitter:label1\" content=\"Szacowany czas czytania\" \/>\n\t<meta name=\"twitter:data1\" content=\"2 minuty\" \/>\n<script type=\"application\/ld+json\" class=\"yoast-schema-graph\">{\"@context\":\"https:\\\/\\\/schema.org\",\"@graph\":[{\"@type\":\"WebPage\",\"@id\":\"https:\\\/\\\/www.zhgdled.com\\\/pl\\\/led-liniowe-swiatlo-wysokiego-skladowania.html\",\"url\":\"https:\\\/\\\/www.zhgdled.com\\\/pl\\\/led-liniowe-swiatlo-wysokiego-skladowania.html\",\"name\":\"Liniowe \u015awiat\u0142o Wysokiego Sk\u0142adowania\",\"isPartOf\":{\"@id\":\"https:\\\/\\\/www.zhgdled.com\\\/pl\\\/#website\"},\"primaryImageOfPage\":{\"@id\":\"https:\\\/\\\/www.zhgdled.com\\\/pl\\\/led-liniowe-swiatlo-wysokiego-skladowania.html#primaryimage\"},\"image\":{\"@id\":\"https:\\\/\\\/www.zhgdled.com\\\/pl\\\/led-liniowe-swiatlo-wysokiego-skladowania.html#primaryimage\"},\"thumbnailUrl\":\"https:\\\/\\\/www.zhgdled.com\\\/wp-content\\\/uploads\\\/2022\\\/08\\\/0-100W.png\",\"datePublished\":\"2022-08-29T03:35:29+00:00\",\"dateModified\":\"2023-12-26T03:42:19+00:00\",\"description\":\"High Bay Light to profesjonalna oprawa o\u015bwietleniowa, kt\u00f3ra jest integralnie formowana ze stopu aluminium, zaprojektowana z jednolitym uk\u0142adem ch\u0142odzenia.\",\"breadcrumb\":{\"@id\":\"https:\\\/\\\/www.zhgdled.com\\\/pl\\\/led-liniowe-swiatlo-wysokiego-skladowania.html#breadcrumb\"},\"inLanguage\":\"pl-PL\",\"potentialAction\":[{\"@type\":\"ReadAction\",\"target\":[\"https:\\\/\\\/www.zhgdled.com\\\/pl\\\/led-liniowe-swiatlo-wysokiego-skladowania.html\"]}]},{\"@type\":\"ImageObject\",\"inLanguage\":\"pl-PL\",\"@id\":\"https:\\\/\\\/www.zhgdled.com\\\/pl\\\/led-liniowe-swiatlo-wysokiego-skladowania.html#primaryimage\",\"url\":\"https:\\\/\\\/www.zhgdled.com\\\/wp-content\\\/uploads\\\/2022\\\/08\\\/0-100W.png\",\"contentUrl\":\"https:\\\/\\\/www.zhgdled.com\\\/wp-content\\\/uploads\\\/2022\\\/08\\\/0-100W.png\",\"width\":1600,\"height\":1600,\"caption\":\"liniowe \u015bwiat\u0142o wysokiego sk\u0142adowania\"},{\"@type\":\"BreadcrumbList\",\"@id\":\"https:\\\/\\\/www.zhgdled.com\\\/pl\\\/led-liniowe-swiatlo-wysokiego-skladowania.html#breadcrumb\",\"itemListElement\":[{\"@type\":\"ListItem\",\"position\":1,\"name\":\"Home\",\"item\":\"https:\\\/\\\/www.zhgdled.com\\\/pl\"},{\"@type\":\"ListItem\",\"position\":2,\"name\":\"PRODUCTS\",\"item\":\"https:\\\/\\\/www.zhgdled.com\\\/zhl-products.html\"},{\"@type\":\"ListItem\",\"position\":3,\"name\":\"LINIOWE \u015aWIAT\u0141O HIGH BAY LED\"}]},{\"@type\":\"WebSite\",\"@id\":\"https:\\\/\\\/www.zhgdled.com\\\/pl\\\/#website\",\"url\":\"https:\\\/\\\/www.zhgdled.com\\\/pl\\\/\",\"name\":\"Grupa O\u015bwietleniowa ZHL\",\"description\":\"Top ranking industrial lighting manufacturer and exporter\",\"publisher\":{\"@id\":\"https:\\\/\\\/www.zhgdled.com\\\/pl\\\/#organization\"},\"potentialAction\":[{\"@type\":\"SearchAction\",\"target\":{\"@type\":\"EntryPoint\",\"urlTemplate\":\"https:\\\/\\\/www.zhgdled.com\\\/pl\\\/?s={search_term_string}\"},\"query-input\":{\"@type\":\"PropertyValueSpecification\",\"valueRequired\":true,\"valueName\":\"search_term_string\"}}],\"inLanguage\":\"pl-PL\"},{\"@type\":\"Organization\",\"@id\":\"https:\\\/\\\/www.zhgdled.com\\\/pl\\\/#organization\",\"name\":\"ZHL Lighting Group\",\"url\":\"https:\\\/\\\/www.zhgdled.com\\\/pl\\\/\",\"logo\":{\"@type\":\"ImageObject\",\"inLanguage\":\"pl-PL\",\"@id\":\"https:\\\/\\\/www.zhgdled.com\\\/pl\\\/#\\\/schema\\\/logo\\\/image\\\/\",\"url\":\"\",\"contentUrl\":\"\",\"caption\":\"ZHL Lighting Group\"},\"image\":{\"@id\":\"https:\\\/\\\/www.zhgdled.com\\\/pl\\\/#\\\/schema\\\/logo\\\/image\\\/\"},\"sameAs\":[\"https:\\\/\\\/www.facebook.com\\\/zhllightinggroup\",\"https:\\\/\\\/x.com\\\/zhl_lighting\"]}]}<\/script>\n<!-- \/ Yoast SEO plugin. -->","yoast_head_json":{"title":"Liniowe \u015awiat\u0142o Wysokiego Sk\u0142adowania","description":"High Bay Light to profesjonalna oprawa o\u015bwietleniowa, kt\u00f3ra jest integralnie formowana ze stopu aluminium, zaprojektowana z jednolitym uk\u0142adem ch\u0142odzenia.","robots":{"index":"index","follow":"follow","max-snippet":"max-snippet:-1","max-image-preview":"max-image-preview:large","max-video-preview":"max-video-preview:-1"},"canonical":"https:\/\/www.zhgdled.com\/pl\/led-liniowe-swiatlo-wysokiego-skladowania.html","og_locale":"pl_PL","og_type":"article","og_title":"Liniowe \u015awiat\u0142o Wysokiego Sk\u0142adowania","og_description":"High Bay Light to profesjonalna oprawa o\u015bwietleniowa, kt\u00f3ra jest integralnie formowana ze stopu aluminium, zaprojektowana z jednolitym uk\u0142adem ch\u0142odzenia.","og_url":"https:\/\/www.zhgdled.com\/pl\/led-liniowe-swiatlo-wysokiego-skladowania.html","og_site_name":"Grupa O\u015bwietleniowa ZHL","article_publisher":"https:\/\/www.facebook.com\/zhllightinggroup","article_modified_time":"2023-12-26T03:42:19+00:00","og_image":[{"width":1600,"height":1600,"url":"https:\/\/www.zhgdled.com\/wp-content\/uploads\/2022\/08\/0-100W.png","type":"image\/png"}],"twitter_card":"summary_large_image","twitter_site":"@zhl_lighting","twitter_misc":{"Szacowany czas czytania":"2 minuty"},"schema":{"@context":"https:\/\/schema.org","@graph":[{"@type":"WebPage","@id":"https:\/\/www.zhgdled.com\/pl\/led-liniowe-swiatlo-wysokiego-skladowania.html","url":"https:\/\/www.zhgdled.com\/pl\/led-liniowe-swiatlo-wysokiego-skladowania.html","name":"Liniowe \u015awiat\u0142o Wysokiego Sk\u0142adowania","isPartOf":{"@id":"https:\/\/www.zhgdled.com\/pl\/#website"},"primaryImageOfPage":{"@id":"https:\/\/www.zhgdled.com\/pl\/led-liniowe-swiatlo-wysokiego-skladowania.html#primaryimage"},"image":{"@id":"https:\/\/www.zhgdled.com\/pl\/led-liniowe-swiatlo-wysokiego-skladowania.html#primaryimage"},"thumbnailUrl":"https:\/\/www.zhgdled.com\/wp-content\/uploads\/2022\/08\/0-100W.png","datePublished":"2022-08-29T03:35:29+00:00","dateModified":"2023-12-26T03:42:19+00:00","description":"High Bay Light to profesjonalna oprawa o\u015bwietleniowa, kt\u00f3ra jest integralnie formowana ze stopu aluminium, zaprojektowana z jednolitym uk\u0142adem ch\u0142odzenia.","breadcrumb":{"@id":"https:\/\/www.zhgdled.com\/pl\/led-liniowe-swiatlo-wysokiego-skladowania.html#breadcrumb"},"inLanguage":"pl-PL","potentialAction":[{"@type":"ReadAction","target":["https:\/\/www.zhgdled.com\/pl\/led-liniowe-swiatlo-wysokiego-skladowania.html"]}]},{"@type":"ImageObject","inLanguage":"pl-PL","@id":"https:\/\/www.zhgdled.com\/pl\/led-liniowe-swiatlo-wysokiego-skladowania.html#primaryimage","url":"https:\/\/www.zhgdled.com\/wp-content\/uploads\/2022\/08\/0-100W.png","contentUrl":"https:\/\/www.zhgdled.com\/wp-content\/uploads\/2022\/08\/0-100W.png","width":1600,"height":1600,"caption":"liniowe \u015bwiat\u0142o wysokiego sk\u0142adowania"},{"@type":"BreadcrumbList","@id":"https:\/\/www.zhgdled.com\/pl\/led-liniowe-swiatlo-wysokiego-skladowania.html#breadcrumb","itemListElement":[{"@type":"ListItem","position":1,"name":"Home","item":"https:\/\/www.zhgdled.com\/pl"},{"@type":"ListItem","position":2,"name":"PRODUCTS","item":"https:\/\/www.zhgdled.com\/zhl-products.html"},{"@type":"ListItem","position":3,"name":"LINIOWE \u015aWIAT\u0141O HIGH BAY LED"}]},{"@type":"WebSite","@id":"https:\/\/www.zhgdled.com\/pl\/#website","url":"https:\/\/www.zhgdled.com\/pl\/","name":"Grupa O\u015bwietleniowa ZHL","description":"Top ranking industrial lighting manufacturer and exporter","publisher":{"@id":"https:\/\/www.zhgdled.com\/pl\/#organization"},"potentialAction":[{"@type":"SearchAction","target":{"@type":"EntryPoint","urlTemplate":"https:\/\/www.zhgdled.com\/pl\/?s={search_term_string}"},"query-input":{"@type":"PropertyValueSpecification","valueRequired":true,"valueName":"search_term_string"}}],"inLanguage":"pl-PL"},{"@type":"Organization","@id":"https:\/\/www.zhgdled.com\/pl\/#organization","name":"ZHL Lighting Group","url":"https:\/\/www.zhgdled.com\/pl\/","logo":{"@type":"ImageObject","inLanguage":"pl-PL","@id":"https:\/\/www.zhgdled.com\/pl\/#\/schema\/logo\/image\/","url":"","contentUrl":"","caption":"ZHL Lighting Group"},"image":{"@id":"https:\/\/www.zhgdled.com\/pl\/#\/schema\/logo\/image\/"},"sameAs":["https:\/\/www.facebook.com\/zhllightinggroup","https:\/\/x.com\/zhl_lighting"]}]}},"_links":{"self":[{"href":"https:\/\/www.zhgdled.com\/pl\/wp-json\/wp\/v2\/product\/19098","targetHints":{"allow":["GET"]}}],"collection":[{"href":"https:\/\/www.zhgdled.com\/pl\/wp-json\/wp\/v2\/product"}],"about":[{"href":"https:\/\/www.zhgdled.com\/pl\/wp-json\/wp\/v2\/types\/product"}],"wp:featuredmedia":[{"embeddable":true,"href":"https:\/\/www.zhgdled.com\/pl\/wp-json\/wp\/v2\/media\/14152"}],"wp:attachment":[{"href":"https:\/\/www.zhgdled.com\/pl\/wp-json\/wp\/v2\/media?parent=19098"}],"wp:term":[{"taxonomy":"product_brand","embeddable":true,"href":"https:\/\/www.zhgdled.com\/pl\/wp-json\/wp\/v2\/product_brand?post=19098"},{"taxonomy":"product_cat","embeddable":true,"href":"https:\/\/www.zhgdled.com\/pl\/wp-json\/wp\/v2\/product_cat?post=19098"},{"taxonomy":"product_tag","embeddable":true,"href":"https:\/\/www.zhgdled.com\/pl\/wp-json\/wp\/v2\/product_tag?post=19098"}],"curies":[{"name":"wp","href":"https:\/\/api.w.org\/{rel}","templated":true}]}}