{"id":19100,"date":"2022-08-10T14:01:36","date_gmt":"2022-08-10T06:01:36","guid":{"rendered":"https:\/\/www.zhgdled.com\/product\/max-series-solar-flood-light"},"modified":"2023-12-26T11:39:06","modified_gmt":"2023-12-26T03:39:06","slug":"sloneczne-swiatlo-powodziowe-led","status":"publish","type":"product","link":"https:\/\/www.zhgdled.com\/pl\/lampa-solarna-z-serii-max.html","title":{"rendered":"SOLARNE \u015aWIAT\u0141O POWIETRZNE LED SERII MAX"},"content":{"rendered":"<h2>DZIELONA KONSTRUKCJA, NISKIE ZU\u017bYCIE ENERGII, MAKSYMALNY K\u0104T \u015aWIAT\u0141A NA R\u00d3\u017bNE OKAZJE<\/h2>\n<ul>\n<li>Regulacja wielu k\u0105t\u00f3w, odpowiednia do instalacji przy wielu okazjach<\/li>\n<li>Bateria litowa 18650, 3,7 V\/2 Ah<\/li>\n<li>Dost\u0119pne dla wymaga\u0144 instalacyjnych na r\u00f3\u017cnych szeroko\u015bciach geograficznych<\/li>\n<li>Profesjonalna wodoodporna konstrukcja<\/li>\n<li>Skonfiguruj czu\u0142y i stabilny czujnik PIR<\/li>\n<\/ul>\n<p>&nbsp;<\/p>\n<h2>SPECYFIKACJA<\/h2>\n<table style=\"border-collapse: collapse; width: 260.27pt;\" border=\"0\" width=\"347\" cellspacing=\"0\" cellpadding=\"0\">\n<tbody>\n<tr style=\"height: 16.50pt;\">\n<td class=\"et2\" style=\"height: 16.50pt; width: 16pt;\" width=\"211\" height=\"22\"><img decoding=\"async\" class=\"alignnone wp-image-17482\" src=\"https:\/\/www.zhgdled.com\/wp-content\/uploads\/2022\/07\/zhl_download-logo.png\" alt=\"\" width=\"31\" height=\"31\" srcset=\"https:\/\/www.zhgdled.com\/wp-content\/uploads\/2022\/07\/zhl_download-logo.png 368w, https:\/\/www.zhgdled.com\/wp-content\/uploads\/2022\/07\/zhl_download-logo-300x300.png 300w, https:\/\/www.zhgdled.com\/wp-content\/uploads\/2022\/07\/zhl_download-logo-150x150.png 150w\" sizes=\"(max-width: 31px) 100vw, 31px\" \/><\/td>\n<td class=\"et2\" style=\"width: 102.35pt;\" width=\"136\"><a href=\"https:\/\/www.zhgdled.com\/download\/catalogue-of-max-series-solar-flood-light\">Pobierz katalog<\/a><\/td>\n<\/tr>\n<\/tbody>\n<\/table>\n<table>\n<tbody>\n<tr>\n<td width=\"207\"><strong>Moc<\/strong><\/td>\n<td width=\"381\"><strong>3W<\/strong><\/td>\n<\/tr>\n<tr>\n<td width=\"207\"><strong>Temperatura barwowa (CCT)<\/strong><\/td>\n<td width=\"381\"><strong>3000K\/4000K\/6500K<\/strong><\/td>\n<\/tr>\n<tr>\n<td width=\"207\"><strong>Wydajno\u015b\u0107 \u015bwietlna (lm\/w)<\/strong><\/td>\n<td width=\"381\"><strong>125Lm\/W<\/strong><\/td>\n<\/tr>\n<tr>\n<td width=\"207\"><strong>Napi\u0119cie wej\u015bciowe (V)<\/strong><\/td>\n<td width=\"381\"><strong>DC3.7V<\/strong><\/td>\n<\/tr>\n<tr>\n<td width=\"207\"><strong>PF<\/strong><\/td>\n<td width=\"381\"><strong>&gt;0.9<\/strong><\/td>\n<\/tr>\n<tr>\n<td width=\"207\"><strong>CRI (Ra)<\/strong><\/td>\n<td width=\"381\"><strong>&gt;80<\/strong><\/td>\n<\/tr>\n<tr>\n<td width=\"207\"><strong>K\u0105t \u015bwiecenia (\u00b0)<\/strong><\/td>\n<td width=\"381\"><strong>120<\/strong><\/td>\n<\/tr>\n<tr>\n<td width=\"207\"><strong>Stopie\u0144 ochrony IP<\/strong><\/td>\n<td width=\"381\"><strong>IP44<\/strong><\/td>\n<\/tr>\n<tr>\n<td width=\"207\"><strong>Materia\u0142<\/strong><\/td>\n<td width=\"381\"><strong>Aluminiowa obudowa + obudowa komputera<\/strong><\/td>\n<\/tr>\n<tr>\n<td width=\"207\"><strong>Temperatura pracy (\u2103)<\/strong><\/td>\n<td width=\"381\"><strong>-20-+50<\/strong><\/td>\n<\/tr>\n<tr>\n<td width=\"207\"><strong>Maks. O\u015bwietlona odleg\u0142o\u015b\u0107:<\/strong><\/td>\n<td width=\"381\"><strong>8M<\/strong><\/td>\n<\/tr>\n<tr>\n<td width=\"207\"><strong>Orzecznictwo<\/strong><\/td>\n<td width=\"381\"><strong>ETL, DLC, FCC, CB<\/strong><\/td>\n<\/tr>\n<\/tbody>\n<\/table>\n<p>&nbsp;<\/p>\n<p><img decoding=\"async\" class=\"alignnone size-full wp-image-15092\" src=\"https:\/\/www.zhgdled.com\/wp-content\/uploads\/2022\/08\/20221018134433.jpg\" alt=\"\" width=\"897\" height=\"1156\" srcset=\"https:\/\/www.zhgdled.com\/wp-content\/uploads\/2022\/08\/20221018134433.jpg 897w, https:\/\/www.zhgdled.com\/wp-content\/uploads\/2022\/08\/20221018134433-233x300.jpg 233w, https:\/\/www.zhgdled.com\/wp-content\/uploads\/2022\/08\/20221018134433-795x1024.jpg 795w, https:\/\/www.zhgdled.com\/wp-content\/uploads\/2022\/08\/20221018134433-768x990.jpg 768w, https:\/\/www.zhgdled.com\/wp-content\/uploads\/2022\/08\/20221018134433-600x773.jpg 600w, https:\/\/www.zhgdled.com\/wp-content\/uploads\/2022\/08\/20221018134433-150x193.jpg 150w\" sizes=\"(max-width: 897px) 100vw, 897px\" \/><\/p>\n","protected":false},"excerpt":{"rendered":"<p>Reflektor s\u0142oneczny LED z serii Max to konstrukcja z dzielonym korpusem, oprawa o\u015bwietleniowa zewn\u0119trzna o niskim zu\u017cyciu energii. Charakteryzuje si\u0119 maksymalnym k\u0105tem \u015bwiecenia na r\u00f3\u017cne okazje. Zastosuj do domu. obiekty handlowe i przemys\u0142owe, takie jak bramy, parkingi, dekoracje \u015bcienne, szko\u0142y, centra handlowe itp.<\/p>\n<ul>\n<li>3 waty<\/li>\n<li>Temperatura barwowa: 3000K\/4000K\/6500K<\/li>\n<li>Wydajno\u015b\u0107: 125lm\/w<\/li>\n<li>Wej\u015bcie: zasilanie energi\u0105 s\u0142oneczn\u0105 DC3.7V<\/li>\n<li>PF: &gt;0,9<\/li>\n<li>CRI: &gt;80<\/li>\n<li>K\u0105t \u015bwiecenia: 120 stopni<\/li>\n<li>Materia\u0142: aluminiowy korpus, obudowa PC<\/li>\n<\/ul>\n","protected":false},"featured_media":13941,"template":"","meta":[],"product_brand":[],"product_cat":[639],"product_tag":[436],"class_list":{"0":"post-19100","1":"product","2":"type-product","3":"status-publish","4":"has-post-thumbnail","6":"product_cat-reflektory-sloneczne","7":"product_tag-solar-flood-light-pl","9":"first","10":"instock","11":"shipping-taxable","12":"product-type-simple"},"yoast_head":"<!-- This site is optimized with the Yoast SEO plugin v27.4 - https:\/\/yoast.com\/product\/yoast-seo-wordpress\/ -->\n<title>S\u0142oneczne \u015bwiat\u0142o powodziowe LED<\/title>\n<meta name=\"description\" content=\"Reflektor s\u0142oneczny LED z serii Max to konstrukcja z dzielonym korpusem, oprawa o\u015bwietleniowa zewn\u0119trzna o niskim zu\u017cyciu energii.\" \/>\n<meta name=\"robots\" content=\"index, follow, max-snippet:-1, max-image-preview:large, max-video-preview:-1\" \/>\n<link rel=\"canonical\" href=\"https:\/\/www.zhgdled.com\/pl\/lampa-solarna-z-serii-max.html\" \/>\n<meta property=\"og:locale\" content=\"pl_PL\" \/>\n<meta property=\"og:type\" content=\"article\" \/>\n<meta property=\"og:title\" content=\"S\u0142oneczne \u015bwiat\u0142o powodziowe LED\" \/>\n<meta property=\"og:description\" content=\"Reflektor s\u0142oneczny LED z serii Max to konstrukcja z dzielonym korpusem, oprawa o\u015bwietleniowa zewn\u0119trzna o niskim zu\u017cyciu energii.\" \/>\n<meta property=\"og:url\" content=\"https:\/\/www.zhgdled.com\/pl\/lampa-solarna-z-serii-max.html\" \/>\n<meta property=\"og:site_name\" content=\"Grupa O\u015bwietleniowa ZHL\" \/>\n<meta property=\"article:publisher\" content=\"https:\/\/www.facebook.com\/zhllightinggroup\" \/>\n<meta property=\"article:modified_time\" content=\"2023-12-26T03:39:06+00:00\" \/>\n<meta property=\"og:image\" content=\"https:\/\/www.zhgdled.com\/wp-content\/uploads\/2022\/08\/0.png\" \/>\n\t<meta property=\"og:image:width\" content=\"1600\" \/>\n\t<meta property=\"og:image:height\" content=\"1600\" \/>\n\t<meta property=\"og:image:type\" content=\"image\/png\" \/>\n<meta name=\"twitter:card\" content=\"summary_large_image\" \/>\n<meta name=\"twitter:site\" content=\"@zhl_lighting\" \/>\n<meta name=\"twitter:label1\" content=\"Szacowany czas czytania\" \/>\n\t<meta name=\"twitter:data1\" content=\"2 minuty\" \/>\n<script type=\"application\/ld+json\" class=\"yoast-schema-graph\">{\"@context\":\"https:\\\/\\\/schema.org\",\"@graph\":[{\"@type\":\"WebPage\",\"@id\":\"https:\\\/\\\/www.zhgdled.com\\\/pl\\\/lampa-solarna-z-serii-max.html\",\"url\":\"https:\\\/\\\/www.zhgdled.com\\\/pl\\\/lampa-solarna-z-serii-max.html\",\"name\":\"S\u0142oneczne \u015bwiat\u0142o powodziowe LED\",\"isPartOf\":{\"@id\":\"https:\\\/\\\/www.zhgdled.com\\\/pl\\\/#website\"},\"primaryImageOfPage\":{\"@id\":\"https:\\\/\\\/www.zhgdled.com\\\/pl\\\/lampa-solarna-z-serii-max.html#primaryimage\"},\"image\":{\"@id\":\"https:\\\/\\\/www.zhgdled.com\\\/pl\\\/lampa-solarna-z-serii-max.html#primaryimage\"},\"thumbnailUrl\":\"https:\\\/\\\/www.zhgdled.com\\\/wp-content\\\/uploads\\\/2022\\\/08\\\/0.png\",\"datePublished\":\"2022-08-10T06:01:36+00:00\",\"dateModified\":\"2023-12-26T03:39:06+00:00\",\"description\":\"Reflektor s\u0142oneczny LED z serii Max to konstrukcja z dzielonym korpusem, oprawa o\u015bwietleniowa zewn\u0119trzna o niskim zu\u017cyciu energii.\",\"breadcrumb\":{\"@id\":\"https:\\\/\\\/www.zhgdled.com\\\/pl\\\/lampa-solarna-z-serii-max.html#breadcrumb\"},\"inLanguage\":\"pl-PL\",\"potentialAction\":[{\"@type\":\"ReadAction\",\"target\":[\"https:\\\/\\\/www.zhgdled.com\\\/pl\\\/lampa-solarna-z-serii-max.html\"]}]},{\"@type\":\"ImageObject\",\"inLanguage\":\"pl-PL\",\"@id\":\"https:\\\/\\\/www.zhgdled.com\\\/pl\\\/lampa-solarna-z-serii-max.html#primaryimage\",\"url\":\"https:\\\/\\\/www.zhgdled.com\\\/wp-content\\\/uploads\\\/2022\\\/08\\\/0.png\",\"contentUrl\":\"https:\\\/\\\/www.zhgdled.com\\\/wp-content\\\/uploads\\\/2022\\\/08\\\/0.png\",\"width\":1600,\"height\":1600,\"caption\":\"S\u0142oneczne \u015bwiat\u0142o powodziowe LED\"},{\"@type\":\"BreadcrumbList\",\"@id\":\"https:\\\/\\\/www.zhgdled.com\\\/pl\\\/lampa-solarna-z-serii-max.html#breadcrumb\",\"itemListElement\":[{\"@type\":\"ListItem\",\"position\":1,\"name\":\"Home\",\"item\":\"https:\\\/\\\/www.zhgdled.com\\\/pl\"},{\"@type\":\"ListItem\",\"position\":2,\"name\":\"PRODUCTS\",\"item\":\"https:\\\/\\\/www.zhgdled.com\\\/zhl-products.html\"},{\"@type\":\"ListItem\",\"position\":3,\"name\":\"SOLARNE \u015aWIAT\u0141O POWIETRZNE LED SERII MAX\"}]},{\"@type\":\"WebSite\",\"@id\":\"https:\\\/\\\/www.zhgdled.com\\\/pl\\\/#website\",\"url\":\"https:\\\/\\\/www.zhgdled.com\\\/pl\\\/\",\"name\":\"Grupa O\u015bwietleniowa ZHL\",\"description\":\"Top ranking industrial lighting manufacturer and exporter\",\"publisher\":{\"@id\":\"https:\\\/\\\/www.zhgdled.com\\\/pl\\\/#organization\"},\"potentialAction\":[{\"@type\":\"SearchAction\",\"target\":{\"@type\":\"EntryPoint\",\"urlTemplate\":\"https:\\\/\\\/www.zhgdled.com\\\/pl\\\/?s={search_term_string}\"},\"query-input\":{\"@type\":\"PropertyValueSpecification\",\"valueRequired\":true,\"valueName\":\"search_term_string\"}}],\"inLanguage\":\"pl-PL\"},{\"@type\":\"Organization\",\"@id\":\"https:\\\/\\\/www.zhgdled.com\\\/pl\\\/#organization\",\"name\":\"ZHL Lighting Group\",\"url\":\"https:\\\/\\\/www.zhgdled.com\\\/pl\\\/\",\"logo\":{\"@type\":\"ImageObject\",\"inLanguage\":\"pl-PL\",\"@id\":\"https:\\\/\\\/www.zhgdled.com\\\/pl\\\/#\\\/schema\\\/logo\\\/image\\\/\",\"url\":\"\",\"contentUrl\":\"\",\"caption\":\"ZHL Lighting Group\"},\"image\":{\"@id\":\"https:\\\/\\\/www.zhgdled.com\\\/pl\\\/#\\\/schema\\\/logo\\\/image\\\/\"},\"sameAs\":[\"https:\\\/\\\/www.facebook.com\\\/zhllightinggroup\",\"https:\\\/\\\/x.com\\\/zhl_lighting\"]}]}<\/script>\n<!-- \/ Yoast SEO plugin. -->","yoast_head_json":{"title":"S\u0142oneczne \u015bwiat\u0142o powodziowe LED","description":"Reflektor s\u0142oneczny LED z serii Max to konstrukcja z dzielonym korpusem, oprawa o\u015bwietleniowa zewn\u0119trzna o niskim zu\u017cyciu energii.","robots":{"index":"index","follow":"follow","max-snippet":"max-snippet:-1","max-image-preview":"max-image-preview:large","max-video-preview":"max-video-preview:-1"},"canonical":"https:\/\/www.zhgdled.com\/pl\/lampa-solarna-z-serii-max.html","og_locale":"pl_PL","og_type":"article","og_title":"S\u0142oneczne \u015bwiat\u0142o powodziowe LED","og_description":"Reflektor s\u0142oneczny LED z serii Max to konstrukcja z dzielonym korpusem, oprawa o\u015bwietleniowa zewn\u0119trzna o niskim zu\u017cyciu energii.","og_url":"https:\/\/www.zhgdled.com\/pl\/lampa-solarna-z-serii-max.html","og_site_name":"Grupa O\u015bwietleniowa ZHL","article_publisher":"https:\/\/www.facebook.com\/zhllightinggroup","article_modified_time":"2023-12-26T03:39:06+00:00","og_image":[{"width":1600,"height":1600,"url":"https:\/\/www.zhgdled.com\/wp-content\/uploads\/2022\/08\/0.png","type":"image\/png"}],"twitter_card":"summary_large_image","twitter_site":"@zhl_lighting","twitter_misc":{"Szacowany czas czytania":"2 minuty"},"schema":{"@context":"https:\/\/schema.org","@graph":[{"@type":"WebPage","@id":"https:\/\/www.zhgdled.com\/pl\/lampa-solarna-z-serii-max.html","url":"https:\/\/www.zhgdled.com\/pl\/lampa-solarna-z-serii-max.html","name":"S\u0142oneczne \u015bwiat\u0142o powodziowe LED","isPartOf":{"@id":"https:\/\/www.zhgdled.com\/pl\/#website"},"primaryImageOfPage":{"@id":"https:\/\/www.zhgdled.com\/pl\/lampa-solarna-z-serii-max.html#primaryimage"},"image":{"@id":"https:\/\/www.zhgdled.com\/pl\/lampa-solarna-z-serii-max.html#primaryimage"},"thumbnailUrl":"https:\/\/www.zhgdled.com\/wp-content\/uploads\/2022\/08\/0.png","datePublished":"2022-08-10T06:01:36+00:00","dateModified":"2023-12-26T03:39:06+00:00","description":"Reflektor s\u0142oneczny LED z serii Max to konstrukcja z dzielonym korpusem, oprawa o\u015bwietleniowa zewn\u0119trzna o niskim zu\u017cyciu energii.","breadcrumb":{"@id":"https:\/\/www.zhgdled.com\/pl\/lampa-solarna-z-serii-max.html#breadcrumb"},"inLanguage":"pl-PL","potentialAction":[{"@type":"ReadAction","target":["https:\/\/www.zhgdled.com\/pl\/lampa-solarna-z-serii-max.html"]}]},{"@type":"ImageObject","inLanguage":"pl-PL","@id":"https:\/\/www.zhgdled.com\/pl\/lampa-solarna-z-serii-max.html#primaryimage","url":"https:\/\/www.zhgdled.com\/wp-content\/uploads\/2022\/08\/0.png","contentUrl":"https:\/\/www.zhgdled.com\/wp-content\/uploads\/2022\/08\/0.png","width":1600,"height":1600,"caption":"S\u0142oneczne \u015bwiat\u0142o powodziowe LED"},{"@type":"BreadcrumbList","@id":"https:\/\/www.zhgdled.com\/pl\/lampa-solarna-z-serii-max.html#breadcrumb","itemListElement":[{"@type":"ListItem","position":1,"name":"Home","item":"https:\/\/www.zhgdled.com\/pl"},{"@type":"ListItem","position":2,"name":"PRODUCTS","item":"https:\/\/www.zhgdled.com\/zhl-products.html"},{"@type":"ListItem","position":3,"name":"SOLARNE \u015aWIAT\u0141O POWIETRZNE LED SERII MAX"}]},{"@type":"WebSite","@id":"https:\/\/www.zhgdled.com\/pl\/#website","url":"https:\/\/www.zhgdled.com\/pl\/","name":"Grupa O\u015bwietleniowa ZHL","description":"Top ranking industrial lighting manufacturer and exporter","publisher":{"@id":"https:\/\/www.zhgdled.com\/pl\/#organization"},"potentialAction":[{"@type":"SearchAction","target":{"@type":"EntryPoint","urlTemplate":"https:\/\/www.zhgdled.com\/pl\/?s={search_term_string}"},"query-input":{"@type":"PropertyValueSpecification","valueRequired":true,"valueName":"search_term_string"}}],"inLanguage":"pl-PL"},{"@type":"Organization","@id":"https:\/\/www.zhgdled.com\/pl\/#organization","name":"ZHL Lighting Group","url":"https:\/\/www.zhgdled.com\/pl\/","logo":{"@type":"ImageObject","inLanguage":"pl-PL","@id":"https:\/\/www.zhgdled.com\/pl\/#\/schema\/logo\/image\/","url":"","contentUrl":"","caption":"ZHL Lighting Group"},"image":{"@id":"https:\/\/www.zhgdled.com\/pl\/#\/schema\/logo\/image\/"},"sameAs":["https:\/\/www.facebook.com\/zhllightinggroup","https:\/\/x.com\/zhl_lighting"]}]}},"_links":{"self":[{"href":"https:\/\/www.zhgdled.com\/pl\/wp-json\/wp\/v2\/product\/19100","targetHints":{"allow":["GET"]}}],"collection":[{"href":"https:\/\/www.zhgdled.com\/pl\/wp-json\/wp\/v2\/product"}],"about":[{"href":"https:\/\/www.zhgdled.com\/pl\/wp-json\/wp\/v2\/types\/product"}],"wp:featuredmedia":[{"embeddable":true,"href":"https:\/\/www.zhgdled.com\/pl\/wp-json\/wp\/v2\/media\/13941"}],"wp:attachment":[{"href":"https:\/\/www.zhgdled.com\/pl\/wp-json\/wp\/v2\/media?parent=19100"}],"wp:term":[{"taxonomy":"product_brand","embeddable":true,"href":"https:\/\/www.zhgdled.com\/pl\/wp-json\/wp\/v2\/product_brand?post=19100"},{"taxonomy":"product_cat","embeddable":true,"href":"https:\/\/www.zhgdled.com\/pl\/wp-json\/wp\/v2\/product_cat?post=19100"},{"taxonomy":"product_tag","embeddable":true,"href":"https:\/\/www.zhgdled.com\/pl\/wp-json\/wp\/v2\/product_tag?post=19100"}],"curies":[{"name":"wp","href":"https:\/\/api.w.org\/{rel}","templated":true}]}}