{"id":19110,"date":"2023-12-18T11:57:45","date_gmt":"2022-04-18T03:57:45","guid":{"rendered":"https:\/\/www.zhgdled.com\/product\/led-floodlight-shoebox-area-light"},"modified":"2023-02-15T11:59:50","modified_gmt":"2023-02-15T03:59:50","slug":"oswietlenie-pudelka-po-butach-100w-400w","status":"publish","type":"product","link":"https:\/\/www.zhgdled.com\/pl\/oswietlenie-reflektor-led-pudelko-po-butach-oswietlenie-obszarowe.html","title":{"rendered":"Reflektor LED Pude\u0142ko na buty Obszar \u015bwiat\u0142a 100W-400W"},"content":{"rendered":"<p>W Ameryce P\u00f3\u0142nocnej najpopularniejsze w\u015br\u00f3d in\u017cynier\u00f3w i wykonawc\u00f3w sta\u0142y si\u0119 reflektory do pude\u0142ek na buty o mocy 100\u2013400 W. Nowoczesna, ale tradycyjna oprawa o\u015bwietleniowa I&amp;C z dwucz\u0119\u015bciow\u0105 obudow\u0105 z odlewu aluminiowego i soczewk\u0105 ze szk\u0142a hartowanego sprawia, \u017ce jest to najtrwalsza oprawa o\u015bwietlenia zewn\u0119trznego.<\/p>\n<p><img decoding=\"async\" class=\"alignnone size-full wp-image-11943\" src=\"https:\/\/www.zhgdled.com\/wp-content\/uploads\/2022\/04\/Shoebox-1.png\" alt=\"\" width=\"1000\" height=\"500\" srcset=\"https:\/\/www.zhgdled.com\/wp-content\/uploads\/2022\/04\/Shoebox-1.png 1000w, https:\/\/www.zhgdled.com\/wp-content\/uploads\/2022\/04\/Shoebox-1-300x150.png 300w, https:\/\/www.zhgdled.com\/wp-content\/uploads\/2022\/04\/Shoebox-1-768x384.png 768w, https:\/\/www.zhgdled.com\/wp-content\/uploads\/2022\/04\/Shoebox-1-600x300.png 600w, https:\/\/www.zhgdled.com\/wp-content\/uploads\/2022\/04\/Shoebox-1-150x75.png 150w\" sizes=\"(max-width: 1000px) 100vw, 1000px\" \/><\/p>\n<p><img decoding=\"async\" class=\"alignnone size-full wp-image-11947\" src=\"https:\/\/www.zhgdled.com\/wp-content\/uploads\/2022\/04\/Shoebox-2.png\" alt=\"\" width=\"1000\" height=\"455\" srcset=\"https:\/\/www.zhgdled.com\/wp-content\/uploads\/2022\/04\/Shoebox-2.png 1000w, https:\/\/www.zhgdled.com\/wp-content\/uploads\/2022\/04\/Shoebox-2-300x137.png 300w, https:\/\/www.zhgdled.com\/wp-content\/uploads\/2022\/04\/Shoebox-2-768x349.png 768w, https:\/\/www.zhgdled.com\/wp-content\/uploads\/2022\/04\/Shoebox-2-600x273.png 600w, https:\/\/www.zhgdled.com\/wp-content\/uploads\/2022\/04\/Shoebox-2-150x68.png 150w\" sizes=\"(max-width: 1000px) 100vw, 1000px\" \/><\/p>\n","protected":false},"excerpt":{"rendered":"<p>W Ameryce P\u00f3\u0142nocnej reflektory z serii pude\u0142ek po butach sta\u0142y si\u0119 najbardziej popularne w\u015br\u00f3d in\u017cynier\u00f3w i wykonawc\u00f3w. Nowoczesna, ale tradycyjna oprawa o\u015bwietleniowa I&amp;C z dwucz\u0119\u015bciow\u0105 obudow\u0105 z odlewu aluminiowego i soczewk\u0105 ze szk\u0142a hartowanego sprawia, \u017ce jest to najtrwalsza oprawa o\u015bwietlenia zewn\u0119trznego.<\/p>\n<ul>\n<li>Napi\u0119cie: 100-277V 50\/60Hz<\/li>\n<li>CCT: 3000K\/4000K\/5000K<\/li>\n<li>Moc: 100 W\/150 W\/205 W\/240 W\/290 W\/330 W\/400 W<\/li>\n<li>\u017bywotno\u015b\u0107: 50 000 godzin<\/li>\n<li>Skuteczno\u015b\u0107 \u015bwietlna: 100lm\/w &#8211; 145lm\/w<\/li>\n<li>RA&gt;80, PF&gt;0,9<\/li>\n<li>0-10V \u015bciem<\/li>\n<li>Fotokom\u00f3rka od \u015bwitu do zmierzchu (opcjonalnie czujnik mikrofalowy)<\/li>\n<li>Dzia\u0142a trwale w wilgotnych miejscach.<\/li>\n<\/ul>\n","protected":false},"featured_media":13425,"template":"","meta":[],"product_brand":[],"product_cat":[613],"product_tag":[],"class_list":{"0":"post-19110","1":"product","2":"type-product","3":"status-publish","4":"has-post-thumbnail","6":"product_cat-led-flood-light-pl-2","8":"first","9":"instock","10":"shipping-taxable","11":"product-type-simple"},"yoast_head":"<!-- This site is optimized with the Yoast SEO plugin v27.5 - https:\/\/yoast.com\/product\/yoast-seo-wordpress\/ -->\n<title>o\u015bwietlenie pude\u0142ka po butach 100w-400w<\/title>\n<meta name=\"description\" content=\"W Ameryce P\u00f3\u0142nocnej najpopularniejsze w\u015br\u00f3d in\u017cynier\u00f3w i wykonawc\u00f3w sta\u0142y si\u0119 reflektory do pude\u0142ek na buty o mocy 100\u2013400 W.\" \/>\n<meta name=\"robots\" content=\"index, follow, max-snippet:-1, max-image-preview:large, max-video-preview:-1\" \/>\n<link rel=\"canonical\" href=\"https:\/\/www.zhgdled.com\/pl\/oswietlenie-reflektor-led-pudelko-po-butach-oswietlenie-obszarowe.html\" \/>\n<meta property=\"og:locale\" content=\"pl_PL\" \/>\n<meta property=\"og:type\" content=\"article\" \/>\n<meta property=\"og:title\" content=\"o\u015bwietlenie pude\u0142ka po butach 100w-400w\" \/>\n<meta property=\"og:description\" content=\"W Ameryce P\u00f3\u0142nocnej najpopularniejsze w\u015br\u00f3d in\u017cynier\u00f3w i wykonawc\u00f3w sta\u0142y si\u0119 reflektory do pude\u0142ek na buty o mocy 100\u2013400 W.\" \/>\n<meta property=\"og:url\" content=\"https:\/\/www.zhgdled.com\/pl\/oswietlenie-reflektor-led-pudelko-po-butach-oswietlenie-obszarowe.html\" \/>\n<meta property=\"og:site_name\" content=\"Grupa O\u015bwietleniowa ZHL\" \/>\n<meta property=\"article:publisher\" content=\"https:\/\/www.facebook.com\/zhllightinggroup\" \/>\n<meta property=\"article:modified_time\" content=\"2023-02-15T03:59:50+00:00\" \/>\n<meta property=\"og:image\" content=\"https:\/\/www.zhgdled.com\/wp-content\/uploads\/2022\/04\/14.png\" \/>\n\t<meta property=\"og:image:width\" content=\"1600\" \/>\n\t<meta property=\"og:image:height\" content=\"1600\" \/>\n\t<meta property=\"og:image:type\" content=\"image\/png\" \/>\n<meta name=\"twitter:card\" content=\"summary_large_image\" \/>\n<meta name=\"twitter:site\" content=\"@zhl_lighting\" \/>\n<meta name=\"twitter:label1\" content=\"Szacowany czas czytania\" \/>\n\t<meta name=\"twitter:data1\" content=\"1 minuta\" \/>\n<script type=\"application\/ld+json\" class=\"yoast-schema-graph\">{\"@context\":\"https:\\\/\\\/schema.org\",\"@graph\":[{\"@type\":\"WebPage\",\"@id\":\"https:\\\/\\\/www.zhgdled.com\\\/pl\\\/oswietlenie-reflektor-led-pudelko-po-butach-oswietlenie-obszarowe.html\",\"url\":\"https:\\\/\\\/www.zhgdled.com\\\/pl\\\/oswietlenie-reflektor-led-pudelko-po-butach-oswietlenie-obszarowe.html\",\"name\":\"o\u015bwietlenie pude\u0142ka po butach 100w-400w\",\"isPartOf\":{\"@id\":\"https:\\\/\\\/www.zhgdled.com\\\/pl\\\/#website\"},\"primaryImageOfPage\":{\"@id\":\"https:\\\/\\\/www.zhgdled.com\\\/pl\\\/oswietlenie-reflektor-led-pudelko-po-butach-oswietlenie-obszarowe.html#primaryimage\"},\"image\":{\"@id\":\"https:\\\/\\\/www.zhgdled.com\\\/pl\\\/oswietlenie-reflektor-led-pudelko-po-butach-oswietlenie-obszarowe.html#primaryimage\"},\"thumbnailUrl\":\"https:\\\/\\\/www.zhgdled.com\\\/wp-content\\\/uploads\\\/2022\\\/04\\\/14.png\",\"datePublished\":\"2022-04-18T03:57:45+00:00\",\"dateModified\":\"2023-02-15T03:59:50+00:00\",\"description\":\"W Ameryce P\u00f3\u0142nocnej najpopularniejsze w\u015br\u00f3d in\u017cynier\u00f3w i wykonawc\u00f3w sta\u0142y si\u0119 reflektory do pude\u0142ek na buty o mocy 100\u2013400 W.\",\"breadcrumb\":{\"@id\":\"https:\\\/\\\/www.zhgdled.com\\\/pl\\\/oswietlenie-reflektor-led-pudelko-po-butach-oswietlenie-obszarowe.html#breadcrumb\"},\"inLanguage\":\"pl-PL\",\"potentialAction\":[{\"@type\":\"ReadAction\",\"target\":[\"https:\\\/\\\/www.zhgdled.com\\\/pl\\\/oswietlenie-reflektor-led-pudelko-po-butach-oswietlenie-obszarowe.html\"]}]},{\"@type\":\"ImageObject\",\"inLanguage\":\"pl-PL\",\"@id\":\"https:\\\/\\\/www.zhgdled.com\\\/pl\\\/oswietlenie-reflektor-led-pudelko-po-butach-oswietlenie-obszarowe.html#primaryimage\",\"url\":\"https:\\\/\\\/www.zhgdled.com\\\/wp-content\\\/uploads\\\/2022\\\/04\\\/14.png\",\"contentUrl\":\"https:\\\/\\\/www.zhgdled.com\\\/wp-content\\\/uploads\\\/2022\\\/04\\\/14.png\",\"width\":1600,\"height\":1600,\"caption\":\"o\u015bwietlenie pude\u0142ka po butach 100w-400w\"},{\"@type\":\"BreadcrumbList\",\"@id\":\"https:\\\/\\\/www.zhgdled.com\\\/pl\\\/oswietlenie-reflektor-led-pudelko-po-butach-oswietlenie-obszarowe.html#breadcrumb\",\"itemListElement\":[{\"@type\":\"ListItem\",\"position\":1,\"name\":\"Home\",\"item\":\"https:\\\/\\\/www.zhgdled.com\\\/pl\"},{\"@type\":\"ListItem\",\"position\":2,\"name\":\"PRODUCTS\",\"item\":\"https:\\\/\\\/www.zhgdled.com\\\/zhl-products.html\"},{\"@type\":\"ListItem\",\"position\":3,\"name\":\"Reflektor LED Pude\u0142ko na buty Obszar \u015bwiat\u0142a 100W-400W\"}]},{\"@type\":\"WebSite\",\"@id\":\"https:\\\/\\\/www.zhgdled.com\\\/pl\\\/#website\",\"url\":\"https:\\\/\\\/www.zhgdled.com\\\/pl\\\/\",\"name\":\"Grupa O\u015bwietleniowa ZHL\",\"description\":\"Top ranking industrial lighting manufacturer and exporter\",\"publisher\":{\"@id\":\"https:\\\/\\\/www.zhgdled.com\\\/pl\\\/#organization\"},\"potentialAction\":[{\"@type\":\"SearchAction\",\"target\":{\"@type\":\"EntryPoint\",\"urlTemplate\":\"https:\\\/\\\/www.zhgdled.com\\\/pl\\\/?s={search_term_string}\"},\"query-input\":{\"@type\":\"PropertyValueSpecification\",\"valueRequired\":true,\"valueName\":\"search_term_string\"}}],\"inLanguage\":\"pl-PL\"},{\"@type\":\"Organization\",\"@id\":\"https:\\\/\\\/www.zhgdled.com\\\/pl\\\/#organization\",\"name\":\"ZHL Lighting Group\",\"url\":\"https:\\\/\\\/www.zhgdled.com\\\/pl\\\/\",\"logo\":{\"@type\":\"ImageObject\",\"inLanguage\":\"pl-PL\",\"@id\":\"https:\\\/\\\/www.zhgdled.com\\\/pl\\\/#\\\/schema\\\/logo\\\/image\\\/\",\"url\":\"\",\"contentUrl\":\"\",\"caption\":\"ZHL Lighting Group\"},\"image\":{\"@id\":\"https:\\\/\\\/www.zhgdled.com\\\/pl\\\/#\\\/schema\\\/logo\\\/image\\\/\"},\"sameAs\":[\"https:\\\/\\\/www.facebook.com\\\/zhllightinggroup\",\"https:\\\/\\\/x.com\\\/zhl_lighting\"]}]}<\/script>\n<!-- \/ Yoast SEO plugin. -->","yoast_head_json":{"title":"o\u015bwietlenie pude\u0142ka po butach 100w-400w","description":"W Ameryce P\u00f3\u0142nocnej najpopularniejsze w\u015br\u00f3d in\u017cynier\u00f3w i wykonawc\u00f3w sta\u0142y si\u0119 reflektory do pude\u0142ek na buty o mocy 100\u2013400 W.","robots":{"index":"index","follow":"follow","max-snippet":"max-snippet:-1","max-image-preview":"max-image-preview:large","max-video-preview":"max-video-preview:-1"},"canonical":"https:\/\/www.zhgdled.com\/pl\/oswietlenie-reflektor-led-pudelko-po-butach-oswietlenie-obszarowe.html","og_locale":"pl_PL","og_type":"article","og_title":"o\u015bwietlenie pude\u0142ka po butach 100w-400w","og_description":"W Ameryce P\u00f3\u0142nocnej najpopularniejsze w\u015br\u00f3d in\u017cynier\u00f3w i wykonawc\u00f3w sta\u0142y si\u0119 reflektory do pude\u0142ek na buty o mocy 100\u2013400 W.","og_url":"https:\/\/www.zhgdled.com\/pl\/oswietlenie-reflektor-led-pudelko-po-butach-oswietlenie-obszarowe.html","og_site_name":"Grupa O\u015bwietleniowa ZHL","article_publisher":"https:\/\/www.facebook.com\/zhllightinggroup","article_modified_time":"2023-02-15T03:59:50+00:00","og_image":[{"width":1600,"height":1600,"url":"https:\/\/www.zhgdled.com\/wp-content\/uploads\/2022\/04\/14.png","type":"image\/png"}],"twitter_card":"summary_large_image","twitter_site":"@zhl_lighting","twitter_misc":{"Szacowany czas czytania":"1 minuta"},"schema":{"@context":"https:\/\/schema.org","@graph":[{"@type":"WebPage","@id":"https:\/\/www.zhgdled.com\/pl\/oswietlenie-reflektor-led-pudelko-po-butach-oswietlenie-obszarowe.html","url":"https:\/\/www.zhgdled.com\/pl\/oswietlenie-reflektor-led-pudelko-po-butach-oswietlenie-obszarowe.html","name":"o\u015bwietlenie pude\u0142ka po butach 100w-400w","isPartOf":{"@id":"https:\/\/www.zhgdled.com\/pl\/#website"},"primaryImageOfPage":{"@id":"https:\/\/www.zhgdled.com\/pl\/oswietlenie-reflektor-led-pudelko-po-butach-oswietlenie-obszarowe.html#primaryimage"},"image":{"@id":"https:\/\/www.zhgdled.com\/pl\/oswietlenie-reflektor-led-pudelko-po-butach-oswietlenie-obszarowe.html#primaryimage"},"thumbnailUrl":"https:\/\/www.zhgdled.com\/wp-content\/uploads\/2022\/04\/14.png","datePublished":"2022-04-18T03:57:45+00:00","dateModified":"2023-02-15T03:59:50+00:00","description":"W Ameryce P\u00f3\u0142nocnej najpopularniejsze w\u015br\u00f3d in\u017cynier\u00f3w i wykonawc\u00f3w sta\u0142y si\u0119 reflektory do pude\u0142ek na buty o mocy 100\u2013400 W.","breadcrumb":{"@id":"https:\/\/www.zhgdled.com\/pl\/oswietlenie-reflektor-led-pudelko-po-butach-oswietlenie-obszarowe.html#breadcrumb"},"inLanguage":"pl-PL","potentialAction":[{"@type":"ReadAction","target":["https:\/\/www.zhgdled.com\/pl\/oswietlenie-reflektor-led-pudelko-po-butach-oswietlenie-obszarowe.html"]}]},{"@type":"ImageObject","inLanguage":"pl-PL","@id":"https:\/\/www.zhgdled.com\/pl\/oswietlenie-reflektor-led-pudelko-po-butach-oswietlenie-obszarowe.html#primaryimage","url":"https:\/\/www.zhgdled.com\/wp-content\/uploads\/2022\/04\/14.png","contentUrl":"https:\/\/www.zhgdled.com\/wp-content\/uploads\/2022\/04\/14.png","width":1600,"height":1600,"caption":"o\u015bwietlenie pude\u0142ka po butach 100w-400w"},{"@type":"BreadcrumbList","@id":"https:\/\/www.zhgdled.com\/pl\/oswietlenie-reflektor-led-pudelko-po-butach-oswietlenie-obszarowe.html#breadcrumb","itemListElement":[{"@type":"ListItem","position":1,"name":"Home","item":"https:\/\/www.zhgdled.com\/pl"},{"@type":"ListItem","position":2,"name":"PRODUCTS","item":"https:\/\/www.zhgdled.com\/zhl-products.html"},{"@type":"ListItem","position":3,"name":"Reflektor LED Pude\u0142ko na buty Obszar \u015bwiat\u0142a 100W-400W"}]},{"@type":"WebSite","@id":"https:\/\/www.zhgdled.com\/pl\/#website","url":"https:\/\/www.zhgdled.com\/pl\/","name":"Grupa O\u015bwietleniowa ZHL","description":"Top ranking industrial lighting manufacturer and exporter","publisher":{"@id":"https:\/\/www.zhgdled.com\/pl\/#organization"},"potentialAction":[{"@type":"SearchAction","target":{"@type":"EntryPoint","urlTemplate":"https:\/\/www.zhgdled.com\/pl\/?s={search_term_string}"},"query-input":{"@type":"PropertyValueSpecification","valueRequired":true,"valueName":"search_term_string"}}],"inLanguage":"pl-PL"},{"@type":"Organization","@id":"https:\/\/www.zhgdled.com\/pl\/#organization","name":"ZHL Lighting Group","url":"https:\/\/www.zhgdled.com\/pl\/","logo":{"@type":"ImageObject","inLanguage":"pl-PL","@id":"https:\/\/www.zhgdled.com\/pl\/#\/schema\/logo\/image\/","url":"","contentUrl":"","caption":"ZHL Lighting Group"},"image":{"@id":"https:\/\/www.zhgdled.com\/pl\/#\/schema\/logo\/image\/"},"sameAs":["https:\/\/www.facebook.com\/zhllightinggroup","https:\/\/x.com\/zhl_lighting"]}]}},"_links":{"self":[{"href":"https:\/\/www.zhgdled.com\/pl\/wp-json\/wp\/v2\/product\/19110","targetHints":{"allow":["GET"]}}],"collection":[{"href":"https:\/\/www.zhgdled.com\/pl\/wp-json\/wp\/v2\/product"}],"about":[{"href":"https:\/\/www.zhgdled.com\/pl\/wp-json\/wp\/v2\/types\/product"}],"wp:featuredmedia":[{"embeddable":true,"href":"https:\/\/www.zhgdled.com\/pl\/wp-json\/wp\/v2\/media\/13425"}],"wp:attachment":[{"href":"https:\/\/www.zhgdled.com\/pl\/wp-json\/wp\/v2\/media?parent=19110"}],"wp:term":[{"taxonomy":"product_brand","embeddable":true,"href":"https:\/\/www.zhgdled.com\/pl\/wp-json\/wp\/v2\/product_brand?post=19110"},{"taxonomy":"product_cat","embeddable":true,"href":"https:\/\/www.zhgdled.com\/pl\/wp-json\/wp\/v2\/product_cat?post=19110"},{"taxonomy":"product_tag","embeddable":true,"href":"https:\/\/www.zhgdled.com\/pl\/wp-json\/wp\/v2\/product_tag?post=19110"}],"curies":[{"name":"wp","href":"https:\/\/api.w.org\/{rel}","templated":true}]}}