{"id":19130,"date":"2023-12-22T19:46:12","date_gmt":"2021-10-26T11:46:12","guid":{"rendered":"https:\/\/www.zhgdled.com\/product\/star-rgb-series"},"modified":"2023-02-16T17:31:07","modified_gmt":"2023-02-16T09:31:07","slug":"reflektor-led-rgb","status":"publish","type":"product","link":"https:\/\/www.zhgdled.com\/pl\/seria-gwiezdnych-rgb.html","title":{"rendered":"O\u015aWIETLENIE RGB SERII STAR"},"content":{"rendered":"<h2>TW\u00d3RZ KOMBINACJE KOLOR\u00d3W Z SERII STAR O\u015aWIETLENIE LED RGB<\/h2>\n<p>Seria Star RGB LED FloodLight pozwala na zmian\u0119 barwy \u015bwiat\u0142a poprzez \u0142\u0105czenie kolor\u00f3w Czerwonego, Zielonego i Niebieskiego, co daje szerok\u0105 gam\u0119 barw.<\/p>\n<p>Obejmuje to pilota, kt\u00f3ry pozwala u\u017cytkownikowi kontrolowa\u0107 zar\u00f3wno kolor, jak i intensywno\u015b\u0107 \u015bwiat\u0142a, kt\u00f3re Flood Lights ma emitowa\u0107. Dodatkowo posiadaj\u0105 zaprogramowane sekwencje kolor\u00f3w.<\/p>\n<p>Na\u015bwietlacze LED RGB z serii Star posiadaj\u0105 r\u00f3wnie\u017c wszystkie cechy zwyk\u0142ych zewn\u0119trznych na\u015bwietlaczy LED, tj. stopie\u0144 ochrony IP65, aluminiow\u0105 konstrukcj\u0119 itp. Ponadto zapewniaj\u0105 r\u00f3wnie\u017c wszystkie zalety o\u015bwietlenia LED, takie jak poprawa wydajno\u015bci produkt\u00f3w , co przek\u0142ada si\u0119 na oszcz\u0119dno\u015bci w zu\u017cyciu energii.<\/p>\n<h2>SPECYFIKACJE<\/h2>\n<table width=\"583\">\n<tbody>\n<tr>\n<td width=\"257\">Szybkie Szczeg\u00f3\u0142y<\/td>\n<td width=\"326\"><\/td>\n<\/tr>\n<tr>\n<td>Moc<\/td>\n<td>10W 20W 30W 50W<\/td>\n<\/tr>\n<tr>\n<td>LED<\/td>\n<td>SMD 2835<\/td>\n<\/tr>\n<tr>\n<td>Temperatura barwowa (CCT)<\/td>\n<td>RGB<\/td>\n<\/tr>\n<tr>\n<td>Wydajno\u015b\u0107 \u015bwietlna (lm\/w)<\/td>\n<td>80lm\/w<\/td>\n<\/tr>\n<tr>\n<td>Napi\u0119cie wej\u015bciowe (V)<\/td>\n<td>AC100-240V\/AC220-240V<\/td>\n<\/tr>\n<tr>\n<td>PF<\/td>\n<td>&gt;0.9<\/td>\n<\/tr>\n<tr>\n<td>CRI (Ra&gt;)<\/td>\n<td>80<\/td>\n<\/tr>\n<tr>\n<td>K\u0105t \u015bwiecenia (\u00b0)<\/td>\n<td>120<\/td>\n<\/tr>\n<tr>\n<td>Stopie\u0144 ochrony IP<\/td>\n<td>IP65<\/td>\n<\/tr>\n<tr>\n<td>Materia\u0142<\/td>\n<td>Aluminiowa obudowa + os\u0142ona ze szk\u0142a hartowanego<\/td>\n<\/tr>\n<tr>\n<td>Temperatura pracy (\u2103)<\/td>\n<td>-20-50<\/td>\n<\/tr>\n<tr>\n<td>Gwarancja (rok)<\/td>\n<td>2 lata\/3 lata<\/td>\n<\/tr>\n<tr>\n<td>Orzecznictwo<\/td>\n<td>CE,ERP,RoHS<\/td>\n<\/tr>\n<tr>\n<td>Kierowca<\/td>\n<td>\u00a0DOB<\/td>\n<\/tr>\n<\/tbody>\n<\/table>\n","protected":false},"excerpt":{"rendered":"<table width=\"583\">\n<tbody>\n<tr>\n<td width=\"257\"><\/td>\n<td width=\"326\"><\/td>\n<\/tr>\n<tr>\n<td><strong>Moc<\/strong><\/td>\n<td><strong>10W 20W 30W 50W<\/strong><\/td>\n<\/tr>\n<tr>\n<td><strong>LED<\/strong><\/td>\n<td><strong>SMD 2835<\/strong><\/td>\n<\/tr>\n<tr>\n<td><strong>Temperatura barwowa (CCT)<\/strong><\/td>\n<td><strong>RGB<\/strong><\/td>\n<\/tr>\n<tr>\n<td><strong>Wydajno\u015b\u0107 \u015bwietlna (lm\/w)<\/strong><\/td>\n<td><strong>80lm\/w<\/strong><\/td>\n<\/tr>\n<tr>\n<td><strong>Napi\u0119cie wej\u015bciowe (V)<\/strong><\/td>\n<td><strong>AC100-240V\/AC220-240V<\/strong><\/td>\n<\/tr>\n<tr>\n<td><strong>PF<\/strong><\/td>\n<td><strong>&gt;0.9<\/strong><\/td>\n<\/tr>\n<tr>\n<td><strong>CRI (Ra&gt;)<\/strong><\/td>\n<td><strong>80<\/strong><\/td>\n<\/tr>\n<tr>\n<td><strong>K\u0105t \u015bwiecenia (\u00b0)<\/strong><\/td>\n<td><strong>120<\/strong><\/td>\n<\/tr>\n<tr>\n<td><strong>Stopie\u0144 ochrony IP<\/strong><\/td>\n<td><strong>IP65<\/strong><\/td>\n<\/tr>\n<tr>\n<td><strong>Materia\u0142<\/strong><\/td>\n<td><strong>Aluminiowa obudowa + os\u0142ona ze szk\u0142a hartowanego<\/strong><\/td>\n<\/tr>\n<tr>\n<td><strong>Temperatura pracy (\u2103)<\/strong><\/td>\n<td><strong>-20-50<\/strong><\/td>\n<\/tr>\n<tr>\n<td><strong>Gwarancja (rok)<\/strong><\/td>\n<td><strong>2 lata\/3 lata<\/strong><\/td>\n<\/tr>\n<tr>\n<td><strong>Orzecznictwo<\/strong><\/td>\n<td><strong>CE,ERP,RoHS<\/strong><\/td>\n<\/tr>\n<tr>\n<td><strong>Kierowca<\/strong><\/td>\n<td><strong>\u00a0DOB\u00a0<\/strong><\/td>\n<\/tr>\n<\/tbody>\n<\/table>\n","protected":false},"featured_media":19753,"template":"","meta":[],"product_brand":[],"product_cat":[613],"product_tag":[],"class_list":{"0":"post-19130","1":"product","2":"type-product","3":"status-publish","4":"has-post-thumbnail","6":"product_cat-led-flood-light-pl-2","8":"first","9":"instock","10":"shipping-taxable","11":"product-type-simple"},"yoast_head":"<!-- This site is optimized with the Yoast SEO plugin v27.4 - https:\/\/yoast.com\/product\/yoast-seo-wordpress\/ -->\n<title>reflektor LED rgb Seria gwiazd<\/title>\n<meta name=\"description\" content=\"Na\u015bwietlacz LED RGB z serii Star pozwala na zmian\u0119 barwy \u015bwiat\u0142a poprzez \u0142\u0105czenie kolor\u00f3w Czerwonego, Zielonego i Niebieskiego, co daje szerok\u0105 gam\u0119 barw.\" \/>\n<meta name=\"robots\" content=\"index, follow, max-snippet:-1, max-image-preview:large, max-video-preview:-1\" \/>\n<link rel=\"canonical\" href=\"https:\/\/www.zhgdled.com\/pl\/seria-gwiezdnych-rgb.html\" \/>\n<meta property=\"og:locale\" content=\"pl_PL\" \/>\n<meta property=\"og:type\" content=\"article\" \/>\n<meta property=\"og:title\" content=\"reflektor LED rgb Seria gwiazd\" \/>\n<meta property=\"og:description\" content=\"Na\u015bwietlacz LED RGB z serii Star pozwala na zmian\u0119 barwy \u015bwiat\u0142a poprzez \u0142\u0105czenie kolor\u00f3w Czerwonego, Zielonego i Niebieskiego, co daje szerok\u0105 gam\u0119 barw.\" \/>\n<meta property=\"og:url\" content=\"https:\/\/www.zhgdled.com\/pl\/seria-gwiezdnych-rgb.html\" \/>\n<meta property=\"og:site_name\" content=\"Grupa O\u015bwietleniowa ZHL\" \/>\n<meta property=\"article:publisher\" content=\"https:\/\/www.facebook.com\/zhllightinggroup\" \/>\n<meta property=\"article:modified_time\" content=\"2023-02-16T09:31:07+00:00\" \/>\n<meta property=\"og:image\" content=\"https:\/\/www.zhgdled.com\/wp-content\/uploads\/2021\/10\/STAR-SERIES-FLOODLIGHT-RGB.png\" \/>\n\t<meta property=\"og:image:width\" content=\"1600\" \/>\n\t<meta property=\"og:image:height\" content=\"1600\" \/>\n\t<meta property=\"og:image:type\" content=\"image\/png\" \/>\n<meta name=\"twitter:card\" content=\"summary_large_image\" \/>\n<meta name=\"twitter:site\" content=\"@zhl_lighting\" \/>\n<meta name=\"twitter:label1\" content=\"Szacowany czas czytania\" \/>\n\t<meta name=\"twitter:data1\" content=\"1 minuta\" \/>\n<script type=\"application\/ld+json\" class=\"yoast-schema-graph\">{\"@context\":\"https:\\\/\\\/schema.org\",\"@graph\":[{\"@type\":\"WebPage\",\"@id\":\"https:\\\/\\\/www.zhgdled.com\\\/pl\\\/seria-gwiezdnych-rgb.html\",\"url\":\"https:\\\/\\\/www.zhgdled.com\\\/pl\\\/seria-gwiezdnych-rgb.html\",\"name\":\"reflektor LED rgb Seria gwiazd\",\"isPartOf\":{\"@id\":\"https:\\\/\\\/www.zhgdled.com\\\/pl\\\/#website\"},\"primaryImageOfPage\":{\"@id\":\"https:\\\/\\\/www.zhgdled.com\\\/pl\\\/seria-gwiezdnych-rgb.html#primaryimage\"},\"image\":{\"@id\":\"https:\\\/\\\/www.zhgdled.com\\\/pl\\\/seria-gwiezdnych-rgb.html#primaryimage\"},\"thumbnailUrl\":\"https:\\\/\\\/www.zhgdled.com\\\/wp-content\\\/uploads\\\/2021\\\/10\\\/STAR-SERIES-FLOODLIGHT-RGB.png\",\"datePublished\":\"2021-10-26T11:46:12+00:00\",\"dateModified\":\"2023-02-16T09:31:07+00:00\",\"description\":\"Na\u015bwietlacz LED RGB z serii Star pozwala na zmian\u0119 barwy \u015bwiat\u0142a poprzez \u0142\u0105czenie kolor\u00f3w Czerwonego, Zielonego i Niebieskiego, co daje szerok\u0105 gam\u0119 barw.\",\"breadcrumb\":{\"@id\":\"https:\\\/\\\/www.zhgdled.com\\\/pl\\\/seria-gwiezdnych-rgb.html#breadcrumb\"},\"inLanguage\":\"pl-PL\",\"potentialAction\":[{\"@type\":\"ReadAction\",\"target\":[\"https:\\\/\\\/www.zhgdled.com\\\/pl\\\/seria-gwiezdnych-rgb.html\"]}]},{\"@type\":\"ImageObject\",\"inLanguage\":\"pl-PL\",\"@id\":\"https:\\\/\\\/www.zhgdled.com\\\/pl\\\/seria-gwiezdnych-rgb.html#primaryimage\",\"url\":\"https:\\\/\\\/www.zhgdled.com\\\/wp-content\\\/uploads\\\/2021\\\/10\\\/STAR-SERIES-FLOODLIGHT-RGB.png\",\"contentUrl\":\"https:\\\/\\\/www.zhgdled.com\\\/wp-content\\\/uploads\\\/2021\\\/10\\\/STAR-SERIES-FLOODLIGHT-RGB.png\",\"width\":1600,\"height\":1600,\"caption\":\"RGB floodlight\"},{\"@type\":\"BreadcrumbList\",\"@id\":\"https:\\\/\\\/www.zhgdled.com\\\/pl\\\/seria-gwiezdnych-rgb.html#breadcrumb\",\"itemListElement\":[{\"@type\":\"ListItem\",\"position\":1,\"name\":\"Home\",\"item\":\"https:\\\/\\\/www.zhgdled.com\\\/pl\"},{\"@type\":\"ListItem\",\"position\":2,\"name\":\"PRODUCTS\",\"item\":\"https:\\\/\\\/www.zhgdled.com\\\/zhl-products.html\"},{\"@type\":\"ListItem\",\"position\":3,\"name\":\"O\u015aWIETLENIE RGB SERII STAR\"}]},{\"@type\":\"WebSite\",\"@id\":\"https:\\\/\\\/www.zhgdled.com\\\/pl\\\/#website\",\"url\":\"https:\\\/\\\/www.zhgdled.com\\\/pl\\\/\",\"name\":\"Grupa O\u015bwietleniowa ZHL\",\"description\":\"Top ranking industrial lighting manufacturer and exporter\",\"publisher\":{\"@id\":\"https:\\\/\\\/www.zhgdled.com\\\/pl\\\/#organization\"},\"potentialAction\":[{\"@type\":\"SearchAction\",\"target\":{\"@type\":\"EntryPoint\",\"urlTemplate\":\"https:\\\/\\\/www.zhgdled.com\\\/pl\\\/?s={search_term_string}\"},\"query-input\":{\"@type\":\"PropertyValueSpecification\",\"valueRequired\":true,\"valueName\":\"search_term_string\"}}],\"inLanguage\":\"pl-PL\"},{\"@type\":\"Organization\",\"@id\":\"https:\\\/\\\/www.zhgdled.com\\\/pl\\\/#organization\",\"name\":\"ZHL Lighting Group\",\"url\":\"https:\\\/\\\/www.zhgdled.com\\\/pl\\\/\",\"logo\":{\"@type\":\"ImageObject\",\"inLanguage\":\"pl-PL\",\"@id\":\"https:\\\/\\\/www.zhgdled.com\\\/pl\\\/#\\\/schema\\\/logo\\\/image\\\/\",\"url\":\"\",\"contentUrl\":\"\",\"caption\":\"ZHL Lighting Group\"},\"image\":{\"@id\":\"https:\\\/\\\/www.zhgdled.com\\\/pl\\\/#\\\/schema\\\/logo\\\/image\\\/\"},\"sameAs\":[\"https:\\\/\\\/www.facebook.com\\\/zhllightinggroup\",\"https:\\\/\\\/x.com\\\/zhl_lighting\"]}]}<\/script>\n<!-- \/ Yoast SEO plugin. -->","yoast_head_json":{"title":"reflektor LED rgb Seria gwiazd","description":"Na\u015bwietlacz LED RGB z serii Star pozwala na zmian\u0119 barwy \u015bwiat\u0142a poprzez \u0142\u0105czenie kolor\u00f3w Czerwonego, Zielonego i Niebieskiego, co daje szerok\u0105 gam\u0119 barw.","robots":{"index":"index","follow":"follow","max-snippet":"max-snippet:-1","max-image-preview":"max-image-preview:large","max-video-preview":"max-video-preview:-1"},"canonical":"https:\/\/www.zhgdled.com\/pl\/seria-gwiezdnych-rgb.html","og_locale":"pl_PL","og_type":"article","og_title":"reflektor LED rgb Seria gwiazd","og_description":"Na\u015bwietlacz LED RGB z serii Star pozwala na zmian\u0119 barwy \u015bwiat\u0142a poprzez \u0142\u0105czenie kolor\u00f3w Czerwonego, Zielonego i Niebieskiego, co daje szerok\u0105 gam\u0119 barw.","og_url":"https:\/\/www.zhgdled.com\/pl\/seria-gwiezdnych-rgb.html","og_site_name":"Grupa O\u015bwietleniowa ZHL","article_publisher":"https:\/\/www.facebook.com\/zhllightinggroup","article_modified_time":"2023-02-16T09:31:07+00:00","og_image":[{"width":1600,"height":1600,"url":"https:\/\/www.zhgdled.com\/wp-content\/uploads\/2021\/10\/STAR-SERIES-FLOODLIGHT-RGB.png","type":"image\/png"}],"twitter_card":"summary_large_image","twitter_site":"@zhl_lighting","twitter_misc":{"Szacowany czas czytania":"1 minuta"},"schema":{"@context":"https:\/\/schema.org","@graph":[{"@type":"WebPage","@id":"https:\/\/www.zhgdled.com\/pl\/seria-gwiezdnych-rgb.html","url":"https:\/\/www.zhgdled.com\/pl\/seria-gwiezdnych-rgb.html","name":"reflektor LED rgb Seria gwiazd","isPartOf":{"@id":"https:\/\/www.zhgdled.com\/pl\/#website"},"primaryImageOfPage":{"@id":"https:\/\/www.zhgdled.com\/pl\/seria-gwiezdnych-rgb.html#primaryimage"},"image":{"@id":"https:\/\/www.zhgdled.com\/pl\/seria-gwiezdnych-rgb.html#primaryimage"},"thumbnailUrl":"https:\/\/www.zhgdled.com\/wp-content\/uploads\/2021\/10\/STAR-SERIES-FLOODLIGHT-RGB.png","datePublished":"2021-10-26T11:46:12+00:00","dateModified":"2023-02-16T09:31:07+00:00","description":"Na\u015bwietlacz LED RGB z serii Star pozwala na zmian\u0119 barwy \u015bwiat\u0142a poprzez \u0142\u0105czenie kolor\u00f3w Czerwonego, Zielonego i Niebieskiego, co daje szerok\u0105 gam\u0119 barw.","breadcrumb":{"@id":"https:\/\/www.zhgdled.com\/pl\/seria-gwiezdnych-rgb.html#breadcrumb"},"inLanguage":"pl-PL","potentialAction":[{"@type":"ReadAction","target":["https:\/\/www.zhgdled.com\/pl\/seria-gwiezdnych-rgb.html"]}]},{"@type":"ImageObject","inLanguage":"pl-PL","@id":"https:\/\/www.zhgdled.com\/pl\/seria-gwiezdnych-rgb.html#primaryimage","url":"https:\/\/www.zhgdled.com\/wp-content\/uploads\/2021\/10\/STAR-SERIES-FLOODLIGHT-RGB.png","contentUrl":"https:\/\/www.zhgdled.com\/wp-content\/uploads\/2021\/10\/STAR-SERIES-FLOODLIGHT-RGB.png","width":1600,"height":1600,"caption":"RGB floodlight"},{"@type":"BreadcrumbList","@id":"https:\/\/www.zhgdled.com\/pl\/seria-gwiezdnych-rgb.html#breadcrumb","itemListElement":[{"@type":"ListItem","position":1,"name":"Home","item":"https:\/\/www.zhgdled.com\/pl"},{"@type":"ListItem","position":2,"name":"PRODUCTS","item":"https:\/\/www.zhgdled.com\/zhl-products.html"},{"@type":"ListItem","position":3,"name":"O\u015aWIETLENIE RGB SERII STAR"}]},{"@type":"WebSite","@id":"https:\/\/www.zhgdled.com\/pl\/#website","url":"https:\/\/www.zhgdled.com\/pl\/","name":"Grupa O\u015bwietleniowa ZHL","description":"Top ranking industrial lighting manufacturer and exporter","publisher":{"@id":"https:\/\/www.zhgdled.com\/pl\/#organization"},"potentialAction":[{"@type":"SearchAction","target":{"@type":"EntryPoint","urlTemplate":"https:\/\/www.zhgdled.com\/pl\/?s={search_term_string}"},"query-input":{"@type":"PropertyValueSpecification","valueRequired":true,"valueName":"search_term_string"}}],"inLanguage":"pl-PL"},{"@type":"Organization","@id":"https:\/\/www.zhgdled.com\/pl\/#organization","name":"ZHL Lighting Group","url":"https:\/\/www.zhgdled.com\/pl\/","logo":{"@type":"ImageObject","inLanguage":"pl-PL","@id":"https:\/\/www.zhgdled.com\/pl\/#\/schema\/logo\/image\/","url":"","contentUrl":"","caption":"ZHL Lighting Group"},"image":{"@id":"https:\/\/www.zhgdled.com\/pl\/#\/schema\/logo\/image\/"},"sameAs":["https:\/\/www.facebook.com\/zhllightinggroup","https:\/\/x.com\/zhl_lighting"]}]}},"_links":{"self":[{"href":"https:\/\/www.zhgdled.com\/pl\/wp-json\/wp\/v2\/product\/19130","targetHints":{"allow":["GET"]}}],"collection":[{"href":"https:\/\/www.zhgdled.com\/pl\/wp-json\/wp\/v2\/product"}],"about":[{"href":"https:\/\/www.zhgdled.com\/pl\/wp-json\/wp\/v2\/types\/product"}],"wp:featuredmedia":[{"embeddable":true,"href":"https:\/\/www.zhgdled.com\/pl\/wp-json\/wp\/v2\/media\/19753"}],"wp:attachment":[{"href":"https:\/\/www.zhgdled.com\/pl\/wp-json\/wp\/v2\/media?parent=19130"}],"wp:term":[{"taxonomy":"product_brand","embeddable":true,"href":"https:\/\/www.zhgdled.com\/pl\/wp-json\/wp\/v2\/product_brand?post=19130"},{"taxonomy":"product_cat","embeddable":true,"href":"https:\/\/www.zhgdled.com\/pl\/wp-json\/wp\/v2\/product_cat?post=19130"},{"taxonomy":"product_tag","embeddable":true,"href":"https:\/\/www.zhgdled.com\/pl\/wp-json\/wp\/v2\/product_tag?post=19130"}],"curies":[{"name":"wp","href":"https:\/\/api.w.org\/{rel}","templated":true}]}}