{"id":19139,"date":"2023-04-26T19:58:11","date_gmt":"2021-10-20T11:58:11","guid":{"rendered":"https:\/\/www.zhgdled.com\/product\/10w-300w-wise-series-floodlight"},"modified":"2023-02-16T17:31:10","modified_gmt":"2023-02-16T09:31:10","slug":"swiatlo-cieklokrystaliczne","status":"publish","type":"product","link":"https:\/\/www.zhgdled.com\/pl\/reflektor-serii-10w-300w.html","title":{"rendered":"NA\u015aWIETLACZE LED 10W-300W &#8211; SERIA WISE"},"content":{"rendered":"<h2>W PE\u0141NI FUNKCJONALNA OPRAWA NA KA\u017bD\u0104 POGOD\u0118 DO OBIEKT\u00d3W MIESZKALNYCH I PRZEMYS\u0141OWYCH<\/h2>\n<ul>\n<li>Na\u015bwietlacz LED serii Wise jest wyposa\u017cony w konwekcyjne \u017cebro redykcyjne, kt\u00f3re zapewnia lepsze odprowadzanie ciep\u0142a.<\/li>\n<li>CRI&gt;80, to lepsze i bardziej naturalne \u017ar\u00f3d\u0142o \u015bwiat\u0142a w miejscu pracy przy wi\u0119kszej oszcz\u0119dno\u015bci energii (PF&gt;0,95)<\/li>\n<li>In\u017cynierowie zarezerwowali skrzynk\u0119 zaciskow\u0105 DIY z ty\u0142u, umo\u017cliwiaj\u0105c u\u017cytkownikom dodawanie kontroler\u00f3w lub czujnik\u00f3w do oprawy o\u015bwietleniowej.<\/li>\n<\/ul>\n<p>&nbsp;<\/p>\n<h2>\nSPECYFIKACJA<\/h2>\n<blockquote><p><img decoding=\"async\" class=\"alignnone wp-image-17482\" src=\"https:\/\/www.zhgdled.com\/wp-content\/uploads\/2022\/07\/zhl_download-logo.png\" alt=\"\" width=\"24\" height=\"24\" srcset=\"https:\/\/www.zhgdled.com\/wp-content\/uploads\/2022\/07\/zhl_download-logo.png 368w, https:\/\/www.zhgdled.com\/wp-content\/uploads\/2022\/07\/zhl_download-logo-300x300.png 300w, https:\/\/www.zhgdled.com\/wp-content\/uploads\/2022\/07\/zhl_download-logo-150x150.png 150w\" sizes=\"(max-width: 24px) 100vw, 24px\" \/><a href=\"https:\/\/www.zhgdled.com\/download\/download-catalog-of-wise-series-led-flood-light\">Pobierz Specyfikacje<\/a><\/p><\/blockquote>\n<table style=\"border-collapse: collapse; width: 486.77pt;\" border=\"0\" width=\"649\" cellspacing=\"0\" cellpadding=\"0\">\n<tbody>\n<tr style=\"height: 30.00pt;\">\n<td class=\"et2\" style=\"height: 30.00pt; width: 139.50pt;\" width=\"186\" height=\"40\"><\/td>\n<td style=\"width: 347.25pt;\" width=\"463\"><\/td>\n<\/tr>\n<tr style=\"height: 26.00pt;\">\n<td class=\"et3\" style=\"height: 26.00pt;\" height=\"34\">Moc<\/td>\n<td class=\"et3\">10W 20W 30W 50W 100W 150W 200W 300W<\/td>\n<\/tr>\n<tr style=\"height: 27.00pt;\">\n<td class=\"et3\" style=\"height: 27.00pt;\" height=\"36\">LED<\/td>\n<td class=\"et3\">SMD 2835<\/td>\n<\/tr>\n<tr style=\"height: 29.00pt;\">\n<td class=\"et3\" style=\"height: 29.00pt;\" height=\"38\">Temperatura barwowa (CCT)<\/td>\n<td class=\"et3\">2700-6500K<\/td>\n<\/tr>\n<tr style=\"height: 25.00pt;\">\n<td class=\"et3\" style=\"height: 25.00pt;\" height=\"33\">Wydajno\u015b\u0107 \u015bwietlna (lm\/w)<\/td>\n<td class=\"et3\">90lm\/w<\/td>\n<\/tr>\n<tr style=\"height: 27.00pt;\">\n<td class=\"et3\" style=\"height: 27.00pt;\" height=\"36\">Napi\u0119cie wej\u015bciowe (V)<\/td>\n<td class=\"et3\">AC220-240V<\/td>\n<\/tr>\n<tr style=\"height: 27.00pt;\">\n<td class=\"et3\" style=\"height: 27.00pt;\" height=\"36\">PF<\/td>\n<td class=\"et3\">&gt;0.95.<\/td>\n<\/tr>\n<tr style=\"height: 24.00pt;\">\n<td class=\"et3\" style=\"height: 24.00pt;\" height=\"32\">CRI (Ra&gt;)<\/td>\n<td class=\"et4\">80<\/td>\n<\/tr>\n<tr style=\"height: 24.00pt;\">\n<td class=\"et3\" style=\"height: 24.00pt;\" height=\"32\">K\u0105t \u015bwiecenia (\u00b0)<\/td>\n<td class=\"et4\">120<\/td>\n<\/tr>\n<tr style=\"height: 24.00pt;\">\n<td class=\"et3\" style=\"height: 24.00pt;\" height=\"32\">Stopie\u0144 ochrony IP<\/td>\n<td class=\"et4\">IP65<\/td>\n<\/tr>\n<tr style=\"height: 23.00pt;\">\n<td class=\"et3\" style=\"height: 23.00pt;\" height=\"30\">Materia\u0142<\/td>\n<td class=\"et4\">Aluminiowa obudowa + os\u0142ona ze szk\u0142a hartowanego<\/td>\n<\/tr>\n<tr style=\"height: 21.00pt;\">\n<td class=\"et3\" style=\"height: 21.00pt;\" height=\"28\">Temperatura pracy (\u2103)<\/td>\n<td class=\"et4\">-20-50<\/td>\n<\/tr>\n<tr style=\"height: 24.00pt;\">\n<td class=\"et3\" style=\"height: 24.00pt;\" height=\"32\">Gwarancja (rok)<\/td>\n<td class=\"et4\">2 lata<\/td>\n<\/tr>\n<tr style=\"height: 20.00pt;\">\n<td class=\"et3\" style=\"height: 20.00pt;\" height=\"26\">Orzecznictwo<\/td>\n<td class=\"et3\">CE,ERP, RoHS<\/td>\n<\/tr>\n<tr style=\"height: 24.00pt;\">\n<td class=\"et3\" style=\"height: 24.00pt;\" height=\"32\">Kierowca<\/td>\n<td class=\"et3\">DOB<\/td>\n<\/tr>\n<\/tbody>\n<\/table>\n","protected":false},"excerpt":{"rendered":"<table style=\"border-collapse: collapse; width: 486.77pt;\" border=\"0\" width=\"649\" cellspacing=\"0\" cellpadding=\"0\">\n<tbody>\n<tr style=\"height: 30.00pt;\">\n<td class=\"et2\" style=\"height: 30.00pt; width: 139.50pt;\" width=\"186\" height=\"40\"><\/td>\n<td style=\"width: 347.25pt;\" width=\"463\"><\/td>\n<\/tr>\n<tr style=\"height: 26.00pt;\">\n<td class=\"et3\" style=\"height: 26.00pt;\" height=\"34\"><strong>Moc<\/strong><\/td>\n<td class=\"et3\"><strong>10W 20W 30W 50W 100W 150W 200W 300W<\/strong><\/td>\n<\/tr>\n<tr style=\"height: 27.00pt;\">\n<td class=\"et3\" style=\"height: 27.00pt;\" height=\"36\"><strong>LED<\/strong><\/td>\n<td class=\"et3\"><strong>SMD 2835<\/strong><\/td>\n<\/tr>\n<tr style=\"height: 29.00pt;\">\n<td class=\"et3\" style=\"height: 29.00pt;\" height=\"38\"><strong>Temperatura barwowa (CCT)<\/strong><\/td>\n<td class=\"et3\"><strong>2700-6500K<\/strong><\/td>\n<\/tr>\n<tr style=\"height: 25.00pt;\">\n<td class=\"et3\" style=\"height: 25.00pt;\" height=\"33\"><strong>Wydajno\u015b\u0107 \u015bwietlna (lm\/w)<\/strong><\/td>\n<td class=\"et3\"><strong>90lm\/w<\/strong><\/td>\n<\/tr>\n<tr style=\"height: 27.00pt;\">\n<td class=\"et3\" style=\"height: 27.00pt;\" height=\"36\"><strong>Napi\u0119cie wej\u015bciowe (V)<\/strong><\/td>\n<td class=\"et3\"><strong>AC220-240V<\/strong><\/td>\n<\/tr>\n<tr style=\"height: 27.00pt;\">\n<td class=\"et3\" style=\"height: 27.00pt;\" height=\"36\"><strong>PF<\/strong><\/td>\n<td class=\"et3\"><strong>&gt;0.95.<\/strong><\/td>\n<\/tr>\n<tr style=\"height: 24.00pt;\">\n<td class=\"et3\" style=\"height: 24.00pt;\" height=\"32\"><strong>CRI (Ra&gt;)<\/strong><\/td>\n<td class=\"et4\"><strong>80<\/strong><\/td>\n<\/tr>\n<tr style=\"height: 24.00pt;\">\n<td class=\"et3\" style=\"height: 24.00pt;\" height=\"32\"><strong>K\u0105t \u015bwiecenia (\u00b0)<\/strong><\/td>\n<td class=\"et4\"><strong>120<\/strong><\/td>\n<\/tr>\n<tr style=\"height: 24.00pt;\">\n<td class=\"et3\" style=\"height: 24.00pt;\" height=\"32\"><strong>Stopie\u0144 ochrony IP<\/strong><\/td>\n<td class=\"et4\"><strong>IP65<\/strong><\/td>\n<\/tr>\n<tr style=\"height: 23.00pt;\">\n<td class=\"et3\" style=\"height: 23.00pt;\" height=\"30\"><strong>Materia\u0142<\/strong><\/td>\n<td class=\"et4\"><strong>Aluminiowa obudowa + os\u0142ona ze szk\u0142a hartowanego<\/strong><\/td>\n<\/tr>\n<tr style=\"height: 21.00pt;\">\n<td class=\"et3\" style=\"height: 21.00pt;\" height=\"28\"><strong>Temperatura pracy (\u2103)<\/strong><\/td>\n<td class=\"et4\"><strong>-20-50<\/strong><\/td>\n<\/tr>\n<tr style=\"height: 24.00pt;\">\n<td class=\"et3\" style=\"height: 24.00pt;\" height=\"32\"><strong>Gwarancja (rok)<\/strong><\/td>\n<td class=\"et4\"><strong>2 lata<\/strong><\/td>\n<\/tr>\n<tr style=\"height: 20.00pt;\">\n<td class=\"et3\" style=\"height: 20.00pt;\" height=\"26\"><strong>Orzecznictwo<\/strong><\/td>\n<td class=\"et3\"><strong>CE,ERP, RoHS<\/strong><\/td>\n<\/tr>\n<tr style=\"height: 24.00pt;\">\n<td class=\"et3\" style=\"height: 24.00pt;\" height=\"32\"><strong>Kierowca<\/strong><\/td>\n<td class=\"et3\"><strong>DOB<\/strong><\/td>\n<\/tr>\n<\/tbody>\n<\/table>\n","protected":false},"featured_media":22195,"template":"","meta":[],"product_brand":[],"product_cat":[613],"product_tag":[455],"class_list":{"0":"post-19139","1":"product","2":"type-product","3":"status-publish","4":"has-post-thumbnail","6":"product_cat-led-flood-light-pl-2","7":"product_tag-led-flood-light-pl","9":"first","10":"instock","11":"shipping-taxable","12":"product-type-simple"},"yoast_head":"<!-- This site is optimized with the Yoast SEO plugin v27.4 - https:\/\/yoast.com\/product\/yoast-seo-wordpress\/ -->\n<title>\u015awiat\u0142o ciek\u0142okrystaliczne M\u0105dra seria<\/title>\n<meta name=\"description\" content=\"Na\u015bwietlacz LED serii Wise jest wyposa\u017cony w konwekcyjne \u017cebro redykcyjne, kt\u00f3re zapewnia lepsze odprowadzanie ciep\u0142a. Jest to lepsze i bardziej naturalne \u017ar\u00f3d\u0142o \u015bwiat\u0142a w miejscu pracy, jednocze\u015bnie oszcz\u0119dzaj\u0105c wi\u0119cej energii.\" \/>\n<meta name=\"robots\" content=\"index, follow, max-snippet:-1, max-image-preview:large, max-video-preview:-1\" \/>\n<link rel=\"canonical\" href=\"https:\/\/www.zhgdled.com\/pl\/reflektor-serii-10w-300w.html\" \/>\n<meta property=\"og:locale\" content=\"pl_PL\" \/>\n<meta property=\"og:type\" content=\"article\" \/>\n<meta property=\"og:title\" content=\"\u015awiat\u0142o ciek\u0142okrystaliczne M\u0105dra seria\" \/>\n<meta property=\"og:description\" content=\"Na\u015bwietlacz LED serii Wise jest wyposa\u017cony w konwekcyjne \u017cebro redykcyjne, kt\u00f3re zapewnia lepsze odprowadzanie ciep\u0142a. Jest to lepsze i bardziej naturalne \u017ar\u00f3d\u0142o \u015bwiat\u0142a w miejscu pracy, jednocze\u015bnie oszcz\u0119dzaj\u0105c wi\u0119cej energii.\" \/>\n<meta property=\"og:url\" content=\"https:\/\/www.zhgdled.com\/pl\/reflektor-serii-10w-300w.html\" \/>\n<meta property=\"og:site_name\" content=\"Grupa O\u015bwietleniowa ZHL\" \/>\n<meta property=\"article:publisher\" content=\"https:\/\/www.facebook.com\/zhllightinggroup\" \/>\n<meta property=\"article:modified_time\" content=\"2023-02-16T09:31:10+00:00\" \/>\n<meta property=\"og:image\" content=\"https:\/\/www.zhgdled.com\/wp-content\/uploads\/2021\/10\/19.png\" \/>\n\t<meta property=\"og:image:width\" content=\"1600\" \/>\n\t<meta property=\"og:image:height\" content=\"1600\" \/>\n\t<meta property=\"og:image:type\" content=\"image\/png\" \/>\n<meta name=\"twitter:card\" content=\"summary_large_image\" \/>\n<meta name=\"twitter:site\" content=\"@zhl_lighting\" \/>\n<meta name=\"twitter:label1\" content=\"Szacowany czas czytania\" \/>\n\t<meta name=\"twitter:data1\" content=\"1 minuta\" \/>\n<script type=\"application\/ld+json\" class=\"yoast-schema-graph\">{\"@context\":\"https:\\\/\\\/schema.org\",\"@graph\":[{\"@type\":\"WebPage\",\"@id\":\"https:\\\/\\\/www.zhgdled.com\\\/pl\\\/reflektor-serii-10w-300w.html\",\"url\":\"https:\\\/\\\/www.zhgdled.com\\\/pl\\\/reflektor-serii-10w-300w.html\",\"name\":\"\u015awiat\u0142o ciek\u0142okrystaliczne M\u0105dra seria\",\"isPartOf\":{\"@id\":\"https:\\\/\\\/www.zhgdled.com\\\/pl\\\/#website\"},\"primaryImageOfPage\":{\"@id\":\"https:\\\/\\\/www.zhgdled.com\\\/pl\\\/reflektor-serii-10w-300w.html#primaryimage\"},\"image\":{\"@id\":\"https:\\\/\\\/www.zhgdled.com\\\/pl\\\/reflektor-serii-10w-300w.html#primaryimage\"},\"thumbnailUrl\":\"https:\\\/\\\/www.zhgdled.com\\\/wp-content\\\/uploads\\\/2023\\\/04\\\/wise-series-200W.png\",\"datePublished\":\"2021-10-20T11:58:11+00:00\",\"dateModified\":\"2023-02-16T09:31:10+00:00\",\"description\":\"Na\u015bwietlacz LED serii Wise jest wyposa\u017cony w konwekcyjne \u017cebro redykcyjne, kt\u00f3re zapewnia lepsze odprowadzanie ciep\u0142a. Jest to lepsze i bardziej naturalne \u017ar\u00f3d\u0142o \u015bwiat\u0142a w miejscu pracy, jednocze\u015bnie oszcz\u0119dzaj\u0105c wi\u0119cej energii.\",\"breadcrumb\":{\"@id\":\"https:\\\/\\\/www.zhgdled.com\\\/pl\\\/reflektor-serii-10w-300w.html#breadcrumb\"},\"inLanguage\":\"pl-PL\",\"potentialAction\":[{\"@type\":\"ReadAction\",\"target\":[\"https:\\\/\\\/www.zhgdled.com\\\/pl\\\/reflektor-serii-10w-300w.html\"]}]},{\"@type\":\"ImageObject\",\"inLanguage\":\"pl-PL\",\"@id\":\"https:\\\/\\\/www.zhgdled.com\\\/pl\\\/reflektor-serii-10w-300w.html#primaryimage\",\"url\":\"https:\\\/\\\/www.zhgdled.com\\\/wp-content\\\/uploads\\\/2023\\\/04\\\/wise-series-200W.png\",\"contentUrl\":\"https:\\\/\\\/www.zhgdled.com\\\/wp-content\\\/uploads\\\/2023\\\/04\\\/wise-series-200W.png\",\"width\":1600,\"height\":1600,\"caption\":\"wise series floodlights 200w\"},{\"@type\":\"BreadcrumbList\",\"@id\":\"https:\\\/\\\/www.zhgdled.com\\\/pl\\\/reflektor-serii-10w-300w.html#breadcrumb\",\"itemListElement\":[{\"@type\":\"ListItem\",\"position\":1,\"name\":\"Home\",\"item\":\"https:\\\/\\\/www.zhgdled.com\\\/pl\"},{\"@type\":\"ListItem\",\"position\":2,\"name\":\"PRODUCTS\",\"item\":\"https:\\\/\\\/www.zhgdled.com\\\/zhl-products.html\"},{\"@type\":\"ListItem\",\"position\":3,\"name\":\"NA\u015aWIETLACZE LED 10W-300W &#8211; SERIA WISE\"}]},{\"@type\":\"WebSite\",\"@id\":\"https:\\\/\\\/www.zhgdled.com\\\/pl\\\/#website\",\"url\":\"https:\\\/\\\/www.zhgdled.com\\\/pl\\\/\",\"name\":\"Grupa O\u015bwietleniowa ZHL\",\"description\":\"Top ranking industrial lighting manufacturer and exporter\",\"publisher\":{\"@id\":\"https:\\\/\\\/www.zhgdled.com\\\/pl\\\/#organization\"},\"potentialAction\":[{\"@type\":\"SearchAction\",\"target\":{\"@type\":\"EntryPoint\",\"urlTemplate\":\"https:\\\/\\\/www.zhgdled.com\\\/pl\\\/?s={search_term_string}\"},\"query-input\":{\"@type\":\"PropertyValueSpecification\",\"valueRequired\":true,\"valueName\":\"search_term_string\"}}],\"inLanguage\":\"pl-PL\"},{\"@type\":\"Organization\",\"@id\":\"https:\\\/\\\/www.zhgdled.com\\\/pl\\\/#organization\",\"name\":\"ZHL Lighting Group\",\"url\":\"https:\\\/\\\/www.zhgdled.com\\\/pl\\\/\",\"logo\":{\"@type\":\"ImageObject\",\"inLanguage\":\"pl-PL\",\"@id\":\"https:\\\/\\\/www.zhgdled.com\\\/pl\\\/#\\\/schema\\\/logo\\\/image\\\/\",\"url\":\"\",\"contentUrl\":\"\",\"caption\":\"ZHL Lighting Group\"},\"image\":{\"@id\":\"https:\\\/\\\/www.zhgdled.com\\\/pl\\\/#\\\/schema\\\/logo\\\/image\\\/\"},\"sameAs\":[\"https:\\\/\\\/www.facebook.com\\\/zhllightinggroup\",\"https:\\\/\\\/x.com\\\/zhl_lighting\"]}]}<\/script>\n<!-- \/ Yoast SEO plugin. -->","yoast_head_json":{"title":"\u015awiat\u0142o ciek\u0142okrystaliczne M\u0105dra seria","description":"Na\u015bwietlacz LED serii Wise jest wyposa\u017cony w konwekcyjne \u017cebro redykcyjne, kt\u00f3re zapewnia lepsze odprowadzanie ciep\u0142a. Jest to lepsze i bardziej naturalne \u017ar\u00f3d\u0142o \u015bwiat\u0142a w miejscu pracy, jednocze\u015bnie oszcz\u0119dzaj\u0105c wi\u0119cej energii.","robots":{"index":"index","follow":"follow","max-snippet":"max-snippet:-1","max-image-preview":"max-image-preview:large","max-video-preview":"max-video-preview:-1"},"canonical":"https:\/\/www.zhgdled.com\/pl\/reflektor-serii-10w-300w.html","og_locale":"pl_PL","og_type":"article","og_title":"\u015awiat\u0142o ciek\u0142okrystaliczne M\u0105dra seria","og_description":"Na\u015bwietlacz LED serii Wise jest wyposa\u017cony w konwekcyjne \u017cebro redykcyjne, kt\u00f3re zapewnia lepsze odprowadzanie ciep\u0142a. Jest to lepsze i bardziej naturalne \u017ar\u00f3d\u0142o \u015bwiat\u0142a w miejscu pracy, jednocze\u015bnie oszcz\u0119dzaj\u0105c wi\u0119cej energii.","og_url":"https:\/\/www.zhgdled.com\/pl\/reflektor-serii-10w-300w.html","og_site_name":"Grupa O\u015bwietleniowa ZHL","article_publisher":"https:\/\/www.facebook.com\/zhllightinggroup","article_modified_time":"2023-02-16T09:31:10+00:00","og_image":[{"width":1600,"height":1600,"url":"https:\/\/www.zhgdled.com\/wp-content\/uploads\/2021\/10\/19.png","type":"image\/png"}],"twitter_card":"summary_large_image","twitter_site":"@zhl_lighting","twitter_misc":{"Szacowany czas czytania":"1 minuta"},"schema":{"@context":"https:\/\/schema.org","@graph":[{"@type":"WebPage","@id":"https:\/\/www.zhgdled.com\/pl\/reflektor-serii-10w-300w.html","url":"https:\/\/www.zhgdled.com\/pl\/reflektor-serii-10w-300w.html","name":"\u015awiat\u0142o ciek\u0142okrystaliczne M\u0105dra seria","isPartOf":{"@id":"https:\/\/www.zhgdled.com\/pl\/#website"},"primaryImageOfPage":{"@id":"https:\/\/www.zhgdled.com\/pl\/reflektor-serii-10w-300w.html#primaryimage"},"image":{"@id":"https:\/\/www.zhgdled.com\/pl\/reflektor-serii-10w-300w.html#primaryimage"},"thumbnailUrl":"https:\/\/www.zhgdled.com\/wp-content\/uploads\/2023\/04\/wise-series-200W.png","datePublished":"2021-10-20T11:58:11+00:00","dateModified":"2023-02-16T09:31:10+00:00","description":"Na\u015bwietlacz LED serii Wise jest wyposa\u017cony w konwekcyjne \u017cebro redykcyjne, kt\u00f3re zapewnia lepsze odprowadzanie ciep\u0142a. Jest to lepsze i bardziej naturalne \u017ar\u00f3d\u0142o \u015bwiat\u0142a w miejscu pracy, jednocze\u015bnie oszcz\u0119dzaj\u0105c wi\u0119cej energii.","breadcrumb":{"@id":"https:\/\/www.zhgdled.com\/pl\/reflektor-serii-10w-300w.html#breadcrumb"},"inLanguage":"pl-PL","potentialAction":[{"@type":"ReadAction","target":["https:\/\/www.zhgdled.com\/pl\/reflektor-serii-10w-300w.html"]}]},{"@type":"ImageObject","inLanguage":"pl-PL","@id":"https:\/\/www.zhgdled.com\/pl\/reflektor-serii-10w-300w.html#primaryimage","url":"https:\/\/www.zhgdled.com\/wp-content\/uploads\/2023\/04\/wise-series-200W.png","contentUrl":"https:\/\/www.zhgdled.com\/wp-content\/uploads\/2023\/04\/wise-series-200W.png","width":1600,"height":1600,"caption":"wise series floodlights 200w"},{"@type":"BreadcrumbList","@id":"https:\/\/www.zhgdled.com\/pl\/reflektor-serii-10w-300w.html#breadcrumb","itemListElement":[{"@type":"ListItem","position":1,"name":"Home","item":"https:\/\/www.zhgdled.com\/pl"},{"@type":"ListItem","position":2,"name":"PRODUCTS","item":"https:\/\/www.zhgdled.com\/zhl-products.html"},{"@type":"ListItem","position":3,"name":"NA\u015aWIETLACZE LED 10W-300W &#8211; SERIA WISE"}]},{"@type":"WebSite","@id":"https:\/\/www.zhgdled.com\/pl\/#website","url":"https:\/\/www.zhgdled.com\/pl\/","name":"Grupa O\u015bwietleniowa ZHL","description":"Top ranking industrial lighting manufacturer and exporter","publisher":{"@id":"https:\/\/www.zhgdled.com\/pl\/#organization"},"potentialAction":[{"@type":"SearchAction","target":{"@type":"EntryPoint","urlTemplate":"https:\/\/www.zhgdled.com\/pl\/?s={search_term_string}"},"query-input":{"@type":"PropertyValueSpecification","valueRequired":true,"valueName":"search_term_string"}}],"inLanguage":"pl-PL"},{"@type":"Organization","@id":"https:\/\/www.zhgdled.com\/pl\/#organization","name":"ZHL Lighting Group","url":"https:\/\/www.zhgdled.com\/pl\/","logo":{"@type":"ImageObject","inLanguage":"pl-PL","@id":"https:\/\/www.zhgdled.com\/pl\/#\/schema\/logo\/image\/","url":"","contentUrl":"","caption":"ZHL Lighting Group"},"image":{"@id":"https:\/\/www.zhgdled.com\/pl\/#\/schema\/logo\/image\/"},"sameAs":["https:\/\/www.facebook.com\/zhllightinggroup","https:\/\/x.com\/zhl_lighting"]}]}},"_links":{"self":[{"href":"https:\/\/www.zhgdled.com\/pl\/wp-json\/wp\/v2\/product\/19139","targetHints":{"allow":["GET"]}}],"collection":[{"href":"https:\/\/www.zhgdled.com\/pl\/wp-json\/wp\/v2\/product"}],"about":[{"href":"https:\/\/www.zhgdled.com\/pl\/wp-json\/wp\/v2\/types\/product"}],"wp:featuredmedia":[{"embeddable":true,"href":"https:\/\/www.zhgdled.com\/pl\/wp-json\/wp\/v2\/media\/22195"}],"wp:attachment":[{"href":"https:\/\/www.zhgdled.com\/pl\/wp-json\/wp\/v2\/media?parent=19139"}],"wp:term":[{"taxonomy":"product_brand","embeddable":true,"href":"https:\/\/www.zhgdled.com\/pl\/wp-json\/wp\/v2\/product_brand?post=19139"},{"taxonomy":"product_cat","embeddable":true,"href":"https:\/\/www.zhgdled.com\/pl\/wp-json\/wp\/v2\/product_cat?post=19139"},{"taxonomy":"product_tag","embeddable":true,"href":"https:\/\/www.zhgdled.com\/pl\/wp-json\/wp\/v2\/product_tag?post=19139"}],"curies":[{"name":"wp","href":"https:\/\/api.w.org\/{rel}","templated":true}]}}