{"id":19141,"date":"2023-09-05T20:28:32","date_gmt":"2021-10-26T12:28:32","guid":{"rendered":"https:\/\/www.zhgdled.com\/product\/10w-200w-z-plus-series-floodlight"},"modified":"2023-02-16T17:31:11","modified_gmt":"2023-02-16T09:31:11","slug":"reflektory-ledowe","status":"publish","type":"product","link":"https:\/\/www.zhgdled.com\/pl\/10w-200w-seria-z-plus-reflektor.html","title":{"rendered":"NA\u015aWIETLACZE SERII Z-PLUS 10W-200W"},"content":{"rendered":"<h2>KLASYCZNY O\u015aWIETLENIE ZE STABILN\u0104 JAKO\u015aCI\u0104<\/h2>\n<p>Od 2008 roku ZHL dostarczy\u0142 \u0142\u0105cznie 2 miliony zestaw\u00f3w reflektor\u00f3w LED serii Z-PLUS na ca\u0142ym \u015bwiecie. Chocia\u017c in\u017cynierowie po\u015bwi\u0119cili du\u017co energii na aktualizacj\u0119 i iteracj\u0119 Z-PLUS do trzeciej generacji, klasyczne reflektory LED z serii Z-PLUS s\u0105 nadal czystym i ekonomicznym rozwi\u0105zaniem o\u015bwietleniowym wybieranym przez wi\u0119kszo\u015b\u0107 in\u017cynier\u00f3w, budowniczych i sprzedawc\u00f3w detalicznych. Powodem tego jest stabilna praca tej oprawy, niskie zanieczyszczenie \u015bwiat\u0142em oraz niskie koszty utrzymania.<\/p>\n<p>&nbsp;<\/p>\n<h2>\nSPECYFIKACJA<\/h2>\n<blockquote><p><img decoding=\"async\" class=\"alignnone wp-image-17482\" src=\"https:\/\/www.zhgdled.com\/wp-content\/uploads\/2022\/07\/zhl_download-logo.png\" alt=\"\" width=\"28\" height=\"28\" srcset=\"https:\/\/www.zhgdled.com\/wp-content\/uploads\/2022\/07\/zhl_download-logo.png 368w, https:\/\/www.zhgdled.com\/wp-content\/uploads\/2022\/07\/zhl_download-logo-300x300.png 300w, https:\/\/www.zhgdled.com\/wp-content\/uploads\/2022\/07\/zhl_download-logo-150x150.png 150w\" sizes=\"(max-width: 28px) 100vw, 28px\" \/> <a href=\"https:\/\/www.zhgdled.com\/download\/z-plus-series-3rd-gen-solar-flood-light\">Pobierz katalog<\/a><\/p><\/blockquote>\n<table style=\"border-collapse: collapse; width: 448.52pt;\" border=\"0\" width=\"598\" cellspacing=\"0\" cellpadding=\"0\">\n<tbody>\n<tr style=\"height: 20.00pt;\">\n<td class=\"et2\" style=\"height: 20.00pt; width: 132.00pt;\" width=\"176\" height=\"26\"><\/td>\n<td style=\"width: 316.50pt;\" width=\"422\"><\/td>\n<\/tr>\n<tr style=\"height: 20.00pt;\">\n<td class=\"et3\" style=\"height: 20.00pt;\" height=\"26\">Moc<\/td>\n<td class=\"et3\">10W 20W 30W 50W 100W 150W 200W<\/td>\n<\/tr>\n<tr style=\"height: 20.00pt;\">\n<td class=\"et3\" style=\"height: 20.00pt;\" height=\"26\">LED<\/td>\n<td class=\"et3\">SMD 2835<\/td>\n<\/tr>\n<tr style=\"height: 20.00pt;\">\n<td class=\"et3\" style=\"height: 20.00pt;\" height=\"26\">Temperatura barwowa (CCT)<\/td>\n<td class=\"et3\">2700-6500K<\/td>\n<\/tr>\n<tr style=\"height: 20.00pt;\">\n<td class=\"et3\" style=\"height: 20.00pt;\" height=\"26\">Wydajno\u015b\u0107 \u015bwietlna (lm\/w)<\/td>\n<td class=\"et3\">90lm\/w<\/td>\n<\/tr>\n<tr style=\"height: 20.00pt;\">\n<td class=\"et3\" style=\"height: 20.00pt;\" height=\"26\">Napi\u0119cie wej\u015bciowe (V)<\/td>\n<td class=\"et3\"><span class=\"font2\">AC110-130V&amp;AC220-265V<\/span><span class=\"font0\">\uff0c<\/span><span class=\"font2\">AC220-265V<\/span><\/td>\n<\/tr>\n<tr style=\"height: 20.00pt;\">\n<td class=\"et3\" style=\"height: 20.00pt;\" height=\"26\">PF<\/td>\n<td class=\"et3\">&gt;0.9<\/td>\n<\/tr>\n<tr style=\"height: 20.00pt;\">\n<td class=\"et3\" style=\"height: 20.00pt;\" height=\"26\">CRI (Ra&gt;)<\/td>\n<td class=\"et4\">80\/70<\/td>\n<\/tr>\n<tr style=\"height: 20.00pt;\">\n<td class=\"et3\" style=\"height: 20.00pt;\" height=\"26\">K\u0105t \u015bwiecenia (\u00b0)<\/td>\n<td class=\"et4\">120<\/td>\n<\/tr>\n<tr style=\"height: 20.00pt;\">\n<td class=\"et3\" style=\"height: 20.00pt;\" height=\"26\">Stopie\u0144 ochrony IP<\/td>\n<td class=\"et4\">IP65<\/td>\n<\/tr>\n<tr style=\"height: 20.00pt;\">\n<td class=\"et3\" style=\"height: 20.00pt;\" height=\"26\">Materia\u0142<\/td>\n<td class=\"et4\">Aluminiowa obudowa + os\u0142ona ze szk\u0142a hartowanego<\/td>\n<\/tr>\n<tr style=\"height: 20.00pt;\">\n<td class=\"et3\" style=\"height: 20.00pt;\" height=\"26\">Temperatura pracy (\u2103)<\/td>\n<td class=\"et4\">-20-50<\/td>\n<\/tr>\n<tr style=\"height: 20.00pt;\">\n<td class=\"et3\" style=\"height: 20.00pt;\" height=\"26\">Gwarancja (rok)<\/td>\n<td class=\"et4\">2 lata<\/td>\n<\/tr>\n<tr style=\"height: 20.00pt;\">\n<td class=\"et3\" style=\"height: 20.00pt;\" height=\"26\">Certification<\/td>\n<td class=\"et3\">CE<\/td>\n<\/tr>\n<tr style=\"height: 20.00pt;\">\n<td class=\"et3\" style=\"height: 20.00pt;\" height=\"26\">Kierowca<\/td>\n<td class=\"et3\">DOB<\/td>\n<\/tr>\n<\/tbody>\n<\/table>\n","protected":false},"excerpt":{"rendered":"<p>Od 2008 roku ZHL dostarczy\u0142 \u0142\u0105cznie 2 miliony zestaw\u00f3w reflektor\u00f3w z serii Z-PLUS na ca\u0142ym \u015bwiecie. Chocia\u017c in\u017cynierowie po\u015bwi\u0119cili du\u017co energii na aktualizacj\u0119 i iteracj\u0119 Z-PLUS do trzeciej generacji, klasyczne na\u015bwietlacze z serii Z-PLUS s\u0105 nadal czystym i ekonomicznym rozwi\u0105zaniem o\u015bwietleniowym wybieranym przez wi\u0119kszo\u015b\u0107 in\u017cynier\u00f3w, budowniczych i sprzedawc\u00f3w detalicznych. Powodem tego jest stabilna praca tej oprawy, niskie zanieczyszczenie \u015bwiat\u0142em oraz niskie koszty utrzymania.<\/p>\n<ul>\n<li>Odlewane aluminium. Os\u0142ona ze szk\u0142a hartowanego<\/li>\n<li>10 W &#8211; 200 W<\/li>\n<li>IP65<\/li>\n<li>rozwi\u0105zanie DOB<\/li>\n<li>AC110-130V i AC220-265V, AC220-265V<\/li>\n<\/ul>\n","protected":false},"featured_media":22456,"template":"","meta":[],"product_brand":[],"product_cat":[613],"product_tag":[],"class_list":{"0":"post-19141","1":"product","2":"type-product","3":"status-publish","4":"has-post-thumbnail","6":"product_cat-led-flood-light-pl-2","8":"first","9":"instock","10":"shipping-taxable","11":"product-type-simple"},"yoast_head":"<!-- This site is optimized with the Yoast SEO plugin v27.4 - https:\/\/yoast.com\/product\/yoast-seo-wordpress\/ -->\n<title>reflektory ledowe<\/title>\n<meta name=\"description\" content=\"ZHL dostarczy\u0142 w sumie 2 miliony zestaw\u00f3w reflektor\u00f3w LED serii Z-PLUS na ca\u0142ym \u015bwiecie. Klasyczne reflektory z serii Z-PLUS to czyste i ekonomiczne rozwi\u0105zania o\u015bwietleniowe dla wi\u0119kszo\u015bci in\u017cynier\u00f3w, budowniczych i sprzedawc\u00f3w detalicznych.\" \/>\n<meta name=\"robots\" content=\"index, follow, max-snippet:-1, max-image-preview:large, max-video-preview:-1\" \/>\n<link rel=\"canonical\" href=\"https:\/\/www.zhgdled.com\/pl\/10w-200w-seria-z-plus-reflektor.html\" \/>\n<meta property=\"og:locale\" content=\"pl_PL\" \/>\n<meta property=\"og:type\" content=\"article\" \/>\n<meta property=\"og:title\" content=\"reflektory ledowe\" \/>\n<meta property=\"og:description\" content=\"ZHL dostarczy\u0142 w sumie 2 miliony zestaw\u00f3w reflektor\u00f3w LED serii Z-PLUS na ca\u0142ym \u015bwiecie. Klasyczne reflektory z serii Z-PLUS to czyste i ekonomiczne rozwi\u0105zania o\u015bwietleniowe dla wi\u0119kszo\u015bci in\u017cynier\u00f3w, budowniczych i sprzedawc\u00f3w detalicznych.\" \/>\n<meta property=\"og:url\" content=\"https:\/\/www.zhgdled.com\/pl\/10w-200w-seria-z-plus-reflektor.html\" \/>\n<meta property=\"og:site_name\" content=\"Grupa O\u015bwietleniowa ZHL\" \/>\n<meta property=\"article:publisher\" content=\"https:\/\/www.facebook.com\/zhllightinggroup\" \/>\n<meta property=\"article:modified_time\" content=\"2023-02-16T09:31:11+00:00\" \/>\n<meta property=\"og:image\" content=\"https:\/\/www.zhgdled.com\/wp-content\/uploads\/2021\/10\/23.png\" \/>\n\t<meta property=\"og:image:width\" content=\"1600\" \/>\n\t<meta property=\"og:image:height\" content=\"1600\" \/>\n\t<meta property=\"og:image:type\" content=\"image\/png\" \/>\n<meta name=\"twitter:card\" content=\"summary_large_image\" \/>\n<meta name=\"twitter:site\" content=\"@zhl_lighting\" \/>\n<meta name=\"twitter:label1\" content=\"Szacowany czas czytania\" \/>\n\t<meta name=\"twitter:data1\" content=\"1 minuta\" \/>\n<script type=\"application\/ld+json\" class=\"yoast-schema-graph\">{\"@context\":\"https:\\\/\\\/schema.org\",\"@graph\":[{\"@type\":\"WebPage\",\"@id\":\"https:\\\/\\\/www.zhgdled.com\\\/pl\\\/10w-200w-seria-z-plus-reflektor.html\",\"url\":\"https:\\\/\\\/www.zhgdled.com\\\/pl\\\/10w-200w-seria-z-plus-reflektor.html\",\"name\":\"reflektory ledowe\",\"isPartOf\":{\"@id\":\"https:\\\/\\\/www.zhgdled.com\\\/pl\\\/#website\"},\"primaryImageOfPage\":{\"@id\":\"https:\\\/\\\/www.zhgdled.com\\\/pl\\\/10w-200w-seria-z-plus-reflektor.html#primaryimage\"},\"image\":{\"@id\":\"https:\\\/\\\/www.zhgdled.com\\\/pl\\\/10w-200w-seria-z-plus-reflektor.html#primaryimage\"},\"thumbnailUrl\":\"https:\\\/\\\/www.zhgdled.com\\\/wp-content\\\/uploads\\\/2021\\\/10\\\/ZHL-00-100W.png\",\"datePublished\":\"2021-10-26T12:28:32+00:00\",\"dateModified\":\"2023-02-16T09:31:11+00:00\",\"description\":\"ZHL dostarczy\u0142 w sumie 2 miliony zestaw\u00f3w reflektor\u00f3w LED serii Z-PLUS na ca\u0142ym \u015bwiecie. Klasyczne reflektory z serii Z-PLUS to czyste i ekonomiczne rozwi\u0105zania o\u015bwietleniowe dla wi\u0119kszo\u015bci in\u017cynier\u00f3w, budowniczych i sprzedawc\u00f3w detalicznych.\",\"breadcrumb\":{\"@id\":\"https:\\\/\\\/www.zhgdled.com\\\/pl\\\/10w-200w-seria-z-plus-reflektor.html#breadcrumb\"},\"inLanguage\":\"pl-PL\",\"potentialAction\":[{\"@type\":\"ReadAction\",\"target\":[\"https:\\\/\\\/www.zhgdled.com\\\/pl\\\/10w-200w-seria-z-plus-reflektor.html\"]}]},{\"@type\":\"ImageObject\",\"inLanguage\":\"pl-PL\",\"@id\":\"https:\\\/\\\/www.zhgdled.com\\\/pl\\\/10w-200w-seria-z-plus-reflektor.html#primaryimage\",\"url\":\"https:\\\/\\\/www.zhgdled.com\\\/wp-content\\\/uploads\\\/2021\\\/10\\\/ZHL-00-100W.png\",\"contentUrl\":\"https:\\\/\\\/www.zhgdled.com\\\/wp-content\\\/uploads\\\/2021\\\/10\\\/ZHL-00-100W.png\",\"width\":1600,\"height\":1600,\"caption\":\"Z-PLUS Series floodlight\"},{\"@type\":\"BreadcrumbList\",\"@id\":\"https:\\\/\\\/www.zhgdled.com\\\/pl\\\/10w-200w-seria-z-plus-reflektor.html#breadcrumb\",\"itemListElement\":[{\"@type\":\"ListItem\",\"position\":1,\"name\":\"Home\",\"item\":\"https:\\\/\\\/www.zhgdled.com\\\/pl\"},{\"@type\":\"ListItem\",\"position\":2,\"name\":\"PRODUCTS\",\"item\":\"https:\\\/\\\/www.zhgdled.com\\\/zhl-products.html\"},{\"@type\":\"ListItem\",\"position\":3,\"name\":\"NA\u015aWIETLACZE SERII Z-PLUS 10W-200W\"}]},{\"@type\":\"WebSite\",\"@id\":\"https:\\\/\\\/www.zhgdled.com\\\/pl\\\/#website\",\"url\":\"https:\\\/\\\/www.zhgdled.com\\\/pl\\\/\",\"name\":\"Grupa O\u015bwietleniowa ZHL\",\"description\":\"Top ranking industrial lighting manufacturer and exporter\",\"publisher\":{\"@id\":\"https:\\\/\\\/www.zhgdled.com\\\/pl\\\/#organization\"},\"potentialAction\":[{\"@type\":\"SearchAction\",\"target\":{\"@type\":\"EntryPoint\",\"urlTemplate\":\"https:\\\/\\\/www.zhgdled.com\\\/pl\\\/?s={search_term_string}\"},\"query-input\":{\"@type\":\"PropertyValueSpecification\",\"valueRequired\":true,\"valueName\":\"search_term_string\"}}],\"inLanguage\":\"pl-PL\"},{\"@type\":\"Organization\",\"@id\":\"https:\\\/\\\/www.zhgdled.com\\\/pl\\\/#organization\",\"name\":\"ZHL Lighting Group\",\"url\":\"https:\\\/\\\/www.zhgdled.com\\\/pl\\\/\",\"logo\":{\"@type\":\"ImageObject\",\"inLanguage\":\"pl-PL\",\"@id\":\"https:\\\/\\\/www.zhgdled.com\\\/pl\\\/#\\\/schema\\\/logo\\\/image\\\/\",\"url\":\"\",\"contentUrl\":\"\",\"caption\":\"ZHL Lighting Group\"},\"image\":{\"@id\":\"https:\\\/\\\/www.zhgdled.com\\\/pl\\\/#\\\/schema\\\/logo\\\/image\\\/\"},\"sameAs\":[\"https:\\\/\\\/www.facebook.com\\\/zhllightinggroup\",\"https:\\\/\\\/x.com\\\/zhl_lighting\"]}]}<\/script>\n<!-- \/ Yoast SEO plugin. -->","yoast_head_json":{"title":"reflektory ledowe","description":"ZHL dostarczy\u0142 w sumie 2 miliony zestaw\u00f3w reflektor\u00f3w LED serii Z-PLUS na ca\u0142ym \u015bwiecie. Klasyczne reflektory z serii Z-PLUS to czyste i ekonomiczne rozwi\u0105zania o\u015bwietleniowe dla wi\u0119kszo\u015bci in\u017cynier\u00f3w, budowniczych i sprzedawc\u00f3w detalicznych.","robots":{"index":"index","follow":"follow","max-snippet":"max-snippet:-1","max-image-preview":"max-image-preview:large","max-video-preview":"max-video-preview:-1"},"canonical":"https:\/\/www.zhgdled.com\/pl\/10w-200w-seria-z-plus-reflektor.html","og_locale":"pl_PL","og_type":"article","og_title":"reflektory ledowe","og_description":"ZHL dostarczy\u0142 w sumie 2 miliony zestaw\u00f3w reflektor\u00f3w LED serii Z-PLUS na ca\u0142ym \u015bwiecie. Klasyczne reflektory z serii Z-PLUS to czyste i ekonomiczne rozwi\u0105zania o\u015bwietleniowe dla wi\u0119kszo\u015bci in\u017cynier\u00f3w, budowniczych i sprzedawc\u00f3w detalicznych.","og_url":"https:\/\/www.zhgdled.com\/pl\/10w-200w-seria-z-plus-reflektor.html","og_site_name":"Grupa O\u015bwietleniowa ZHL","article_publisher":"https:\/\/www.facebook.com\/zhllightinggroup","article_modified_time":"2023-02-16T09:31:11+00:00","og_image":[{"width":1600,"height":1600,"url":"https:\/\/www.zhgdled.com\/wp-content\/uploads\/2021\/10\/23.png","type":"image\/png"}],"twitter_card":"summary_large_image","twitter_site":"@zhl_lighting","twitter_misc":{"Szacowany czas czytania":"1 minuta"},"schema":{"@context":"https:\/\/schema.org","@graph":[{"@type":"WebPage","@id":"https:\/\/www.zhgdled.com\/pl\/10w-200w-seria-z-plus-reflektor.html","url":"https:\/\/www.zhgdled.com\/pl\/10w-200w-seria-z-plus-reflektor.html","name":"reflektory ledowe","isPartOf":{"@id":"https:\/\/www.zhgdled.com\/pl\/#website"},"primaryImageOfPage":{"@id":"https:\/\/www.zhgdled.com\/pl\/10w-200w-seria-z-plus-reflektor.html#primaryimage"},"image":{"@id":"https:\/\/www.zhgdled.com\/pl\/10w-200w-seria-z-plus-reflektor.html#primaryimage"},"thumbnailUrl":"https:\/\/www.zhgdled.com\/wp-content\/uploads\/2021\/10\/ZHL-00-100W.png","datePublished":"2021-10-26T12:28:32+00:00","dateModified":"2023-02-16T09:31:11+00:00","description":"ZHL dostarczy\u0142 w sumie 2 miliony zestaw\u00f3w reflektor\u00f3w LED serii Z-PLUS na ca\u0142ym \u015bwiecie. Klasyczne reflektory z serii Z-PLUS to czyste i ekonomiczne rozwi\u0105zania o\u015bwietleniowe dla wi\u0119kszo\u015bci in\u017cynier\u00f3w, budowniczych i sprzedawc\u00f3w detalicznych.","breadcrumb":{"@id":"https:\/\/www.zhgdled.com\/pl\/10w-200w-seria-z-plus-reflektor.html#breadcrumb"},"inLanguage":"pl-PL","potentialAction":[{"@type":"ReadAction","target":["https:\/\/www.zhgdled.com\/pl\/10w-200w-seria-z-plus-reflektor.html"]}]},{"@type":"ImageObject","inLanguage":"pl-PL","@id":"https:\/\/www.zhgdled.com\/pl\/10w-200w-seria-z-plus-reflektor.html#primaryimage","url":"https:\/\/www.zhgdled.com\/wp-content\/uploads\/2021\/10\/ZHL-00-100W.png","contentUrl":"https:\/\/www.zhgdled.com\/wp-content\/uploads\/2021\/10\/ZHL-00-100W.png","width":1600,"height":1600,"caption":"Z-PLUS Series floodlight"},{"@type":"BreadcrumbList","@id":"https:\/\/www.zhgdled.com\/pl\/10w-200w-seria-z-plus-reflektor.html#breadcrumb","itemListElement":[{"@type":"ListItem","position":1,"name":"Home","item":"https:\/\/www.zhgdled.com\/pl"},{"@type":"ListItem","position":2,"name":"PRODUCTS","item":"https:\/\/www.zhgdled.com\/zhl-products.html"},{"@type":"ListItem","position":3,"name":"NA\u015aWIETLACZE SERII Z-PLUS 10W-200W"}]},{"@type":"WebSite","@id":"https:\/\/www.zhgdled.com\/pl\/#website","url":"https:\/\/www.zhgdled.com\/pl\/","name":"Grupa O\u015bwietleniowa ZHL","description":"Top ranking industrial lighting manufacturer and exporter","publisher":{"@id":"https:\/\/www.zhgdled.com\/pl\/#organization"},"potentialAction":[{"@type":"SearchAction","target":{"@type":"EntryPoint","urlTemplate":"https:\/\/www.zhgdled.com\/pl\/?s={search_term_string}"},"query-input":{"@type":"PropertyValueSpecification","valueRequired":true,"valueName":"search_term_string"}}],"inLanguage":"pl-PL"},{"@type":"Organization","@id":"https:\/\/www.zhgdled.com\/pl\/#organization","name":"ZHL Lighting Group","url":"https:\/\/www.zhgdled.com\/pl\/","logo":{"@type":"ImageObject","inLanguage":"pl-PL","@id":"https:\/\/www.zhgdled.com\/pl\/#\/schema\/logo\/image\/","url":"","contentUrl":"","caption":"ZHL Lighting Group"},"image":{"@id":"https:\/\/www.zhgdled.com\/pl\/#\/schema\/logo\/image\/"},"sameAs":["https:\/\/www.facebook.com\/zhllightinggroup","https:\/\/x.com\/zhl_lighting"]}]}},"_links":{"self":[{"href":"https:\/\/www.zhgdled.com\/pl\/wp-json\/wp\/v2\/product\/19141","targetHints":{"allow":["GET"]}}],"collection":[{"href":"https:\/\/www.zhgdled.com\/pl\/wp-json\/wp\/v2\/product"}],"about":[{"href":"https:\/\/www.zhgdled.com\/pl\/wp-json\/wp\/v2\/types\/product"}],"wp:featuredmedia":[{"embeddable":true,"href":"https:\/\/www.zhgdled.com\/pl\/wp-json\/wp\/v2\/media\/22456"}],"wp:attachment":[{"href":"https:\/\/www.zhgdled.com\/pl\/wp-json\/wp\/v2\/media?parent=19141"}],"wp:term":[{"taxonomy":"product_brand","embeddable":true,"href":"https:\/\/www.zhgdled.com\/pl\/wp-json\/wp\/v2\/product_brand?post=19141"},{"taxonomy":"product_cat","embeddable":true,"href":"https:\/\/www.zhgdled.com\/pl\/wp-json\/wp\/v2\/product_cat?post=19141"},{"taxonomy":"product_tag","embeddable":true,"href":"https:\/\/www.zhgdled.com\/pl\/wp-json\/wp\/v2\/product_tag?post=19141"}],"curies":[{"name":"wp","href":"https:\/\/api.w.org\/{rel}","templated":true}]}}