{"id":19142,"date":"2023-09-11T09:48:15","date_gmt":"2021-10-27T01:48:15","guid":{"rendered":"https:\/\/www.zhgdled.com\/product\/10w-50w-z-plus-serie-with-sensor-pir"},"modified":"2023-02-16T17:31:13","modified_gmt":"2023-02-16T09:31:13","slug":"seria-z-plus-z-czujnikiem-pir","status":"publish","type":"product","link":"https:\/\/www.zhgdled.com\/pl\/10w-50w-z-plus-serie-with-sensor-pir.html","title":{"rendered":"SERIA Z-PLUS REFLUENT z czujnikiem PIR"},"content":{"rendered":"<h2>WYKRYWANIE OBIEKT\u00d3W ODBLASK\u00d3W BEZPIECZE\u0143STWA<\/h2>\n<p>Czujnik PIR wbudowany w na\u015bwietlacz serii Z-PLUS przeznaczony jest do wykrywania ludzi, zwierz\u0105t domowych, samochod\u00f3w i innych ruchomych obiekt\u00f3w. Jest idealnym rozwi\u0105zaniem o\u015bwietlenia gara\u017cy, bram, podw\u00f3rek i innych scen.<\/p>\n<p>&nbsp;<\/p>\n<h2>\nSPECYFIKACJA<\/h2>\n<blockquote><p><img decoding=\"async\" class=\"alignnone wp-image-17482\" src=\"https:\/\/www.zhgdled.com\/wp-content\/uploads\/2022\/07\/zhl_download-logo.png\" alt=\"\" width=\"23\" height=\"23\" srcset=\"https:\/\/www.zhgdled.com\/wp-content\/uploads\/2022\/07\/zhl_download-logo.png 368w, https:\/\/www.zhgdled.com\/wp-content\/uploads\/2022\/07\/zhl_download-logo-300x300.png 300w, https:\/\/www.zhgdled.com\/wp-content\/uploads\/2022\/07\/zhl_download-logo-150x150.png 150w\" sizes=\"(max-width: 23px) 100vw, 23px\" \/><a href=\"https:\/\/www.zhgdled.com\/download-category\/e-catalogue\">Pobierz katalog<\/a><\/p><\/blockquote>\n<table style=\"border-collapse: collapse; width: 448.52pt;\" border=\"0\" width=\"598\" cellspacing=\"0\" cellpadding=\"0\">\n<tbody>\n<tr style=\"height: 20.00pt;\">\n<td class=\"et2\" style=\"height: 20.00pt; width: 132.00pt;\" width=\"176\" height=\"26\"><\/td>\n<td style=\"width: 316.50pt;\" width=\"422\"><\/td>\n<\/tr>\n<tr style=\"height: 20.00pt;\">\n<td class=\"et3\" style=\"height: 20.00pt;\" height=\"26\">Moc<\/td>\n<td class=\"et3\">10W 20W 30W 50W<\/td>\n<\/tr>\n<tr style=\"height: 20.00pt;\">\n<td class=\"et3\" style=\"height: 20.00pt;\" height=\"26\">LED<\/td>\n<td class=\"et3\">SMD 2835<\/td>\n<\/tr>\n<tr style=\"height: 20.00pt;\">\n<td class=\"et3\" style=\"height: 20.00pt;\" height=\"26\">Temperatura barwowa (CCT)<\/td>\n<td class=\"et3\">2700-6500K<\/td>\n<\/tr>\n<tr style=\"height: 20.00pt;\">\n<td class=\"et3\" style=\"height: 20.00pt;\" height=\"26\">Skuteczno\u015b\u0107 \u015bwietlna (lm\/w)<\/td>\n<td class=\"et3\">90lm\/w<\/td>\n<\/tr>\n<tr style=\"height: 20.00pt;\">\n<td class=\"et3\" style=\"height: 20.00pt;\" height=\"26\">Napi\u0119cie wej\u015bciowe (V)<\/td>\n<td class=\"et3\"><span class=\"font3\">AC110-130V&amp;AC220-265V<\/span><span class=\"font0\">\uff0c<\/span><span class=\"font3\">AC220-265V<\/span><\/td>\n<\/tr>\n<tr style=\"height: 20.00pt;\">\n<td class=\"et3\" style=\"height: 20.00pt;\" height=\"26\">PF<\/td>\n<td class=\"et3\">&gt;0.9<\/td>\n<\/tr>\n<tr style=\"height: 20.00pt;\">\n<td class=\"et3\" style=\"height: 20.00pt;\" height=\"26\">CRI (Ra&gt;)<\/td>\n<td class=\"et4\">80\/70<\/td>\n<\/tr>\n<tr style=\"height: 20.00pt;\">\n<td class=\"et3\" style=\"height: 20.00pt;\" height=\"26\">K\u0105t \u015bwiecenia (\u00b0)<\/td>\n<td class=\"et4\">120<\/td>\n<\/tr>\n<tr style=\"height: 20.00pt;\">\n<td class=\"et3\" style=\"height: 20.00pt;\" height=\"26\">Stopie\u0144 ochrony IP<\/td>\n<td class=\"et4\">IP65<\/td>\n<\/tr>\n<tr style=\"height: 20.00pt;\">\n<td class=\"et3\" style=\"height: 20.00pt;\" height=\"26\">Materia\u0142<\/td>\n<td class=\"et4\">Korpus aluminiowy + pokrywa ze szk\u0142a hartowanego<\/td>\n<\/tr>\n<tr style=\"height: 20.00pt;\">\n<td class=\"et3\" style=\"height: 20.00pt;\" height=\"26\">Temperatura pracy (\u2103)<\/td>\n<td class=\"et4\">-20-50<\/td>\n<\/tr>\n<tr style=\"height: 20.00pt;\">\n<td class=\"et3\" style=\"height: 20.00pt;\" height=\"26\">Gwarancja (rok)<\/td>\n<td class=\"et4\">2 lata<\/td>\n<\/tr>\n<tr style=\"height: 20.00pt;\">\n<td class=\"et3\" style=\"height: 20.00pt;\" height=\"26\">Orzecznictwo<\/td>\n<td class=\"et3\">CE<\/td>\n<\/tr>\n<tr style=\"height: 20.00pt;\">\n<td class=\"et3\" style=\"height: 20.00pt;\" height=\"26\">Kierowca<\/td>\n<td class=\"et3\">DOB<\/td>\n<\/tr>\n<\/tbody>\n<\/table>\n","protected":false},"excerpt":{"rendered":"<p>Czujnik PIR wbudowany w na\u015bwietlacz serii Z-PLUS przeznaczony jest do wykrywania ludzi, zwierz\u0105t domowych, samochod\u00f3w i innych ruchomych obiekt\u00f3w. Jest idealnym rozwi\u0105zaniem o\u015bwietlenia gara\u017cy, bram, podw\u00f3rek i innych scen.<\/p>\n","protected":false},"featured_media":13519,"template":"","meta":[],"product_brand":[],"product_cat":[613],"product_tag":[],"class_list":{"0":"post-19142","1":"product","2":"type-product","3":"status-publish","4":"has-post-thumbnail","6":"product_cat-led-flood-light-pl-2","8":"first","9":"instock","10":"shipping-taxable","11":"product-type-simple"},"yoast_head":"<!-- This site is optimized with the Yoast SEO plugin v27.4 - https:\/\/yoast.com\/product\/yoast-seo-wordpress\/ -->\n<title>Seria z-plus z czujnikiem pir<\/title>\n<meta name=\"description\" content=\"Czujnik PIR wbudowany w na\u015bwietlacz serii Z-PLUS przeznaczony jest do wykrywania ludzi, zwierz\u0105t domowych, samochod\u00f3w i innych ruchomych obiekt\u00f3w.\" \/>\n<meta name=\"robots\" content=\"index, follow, max-snippet:-1, max-image-preview:large, max-video-preview:-1\" \/>\n<link rel=\"canonical\" href=\"https:\/\/www.zhgdled.com\/pl\/10w-50w-z-plus-serie-with-sensor-pir.html\" \/>\n<meta property=\"og:locale\" content=\"pl_PL\" \/>\n<meta property=\"og:type\" content=\"article\" \/>\n<meta property=\"og:title\" content=\"Seria z-plus z czujnikiem pir\" \/>\n<meta property=\"og:description\" content=\"Czujnik PIR wbudowany w na\u015bwietlacz serii Z-PLUS przeznaczony jest do wykrywania ludzi, zwierz\u0105t domowych, samochod\u00f3w i innych ruchomych obiekt\u00f3w.\" \/>\n<meta property=\"og:url\" content=\"https:\/\/www.zhgdled.com\/pl\/10w-50w-z-plus-serie-with-sensor-pir.html\" \/>\n<meta property=\"og:site_name\" content=\"Grupa O\u015bwietleniowa ZHL\" \/>\n<meta property=\"article:publisher\" content=\"https:\/\/www.facebook.com\/zhllightinggroup\" \/>\n<meta property=\"article:modified_time\" content=\"2023-02-16T09:31:13+00:00\" \/>\n<meta property=\"og:image\" content=\"https:\/\/www.zhgdled.com\/wp-content\/uploads\/2021\/10\/25.png\" \/>\n\t<meta property=\"og:image:width\" content=\"1600\" \/>\n\t<meta property=\"og:image:height\" content=\"1600\" \/>\n\t<meta property=\"og:image:type\" content=\"image\/png\" \/>\n<meta name=\"twitter:card\" content=\"summary_large_image\" \/>\n<meta name=\"twitter:site\" content=\"@zhl_lighting\" \/>\n<meta name=\"twitter:label1\" content=\"Szacowany czas czytania\" \/>\n\t<meta name=\"twitter:data1\" content=\"1 minuta\" \/>\n<script type=\"application\/ld+json\" class=\"yoast-schema-graph\">{\"@context\":\"https:\\\/\\\/schema.org\",\"@graph\":[{\"@type\":\"WebPage\",\"@id\":\"https:\\\/\\\/www.zhgdled.com\\\/pl\\\/10w-50w-z-plus-serie-with-sensor-pir.html\",\"url\":\"https:\\\/\\\/www.zhgdled.com\\\/pl\\\/10w-50w-z-plus-serie-with-sensor-pir.html\",\"name\":\"Seria z-plus z czujnikiem pir\",\"isPartOf\":{\"@id\":\"https:\\\/\\\/www.zhgdled.com\\\/pl\\\/#website\"},\"primaryImageOfPage\":{\"@id\":\"https:\\\/\\\/www.zhgdled.com\\\/pl\\\/10w-50w-z-plus-serie-with-sensor-pir.html#primaryimage\"},\"image\":{\"@id\":\"https:\\\/\\\/www.zhgdled.com\\\/pl\\\/10w-50w-z-plus-serie-with-sensor-pir.html#primaryimage\"},\"thumbnailUrl\":\"https:\\\/\\\/www.zhgdled.com\\\/wp-content\\\/uploads\\\/2021\\\/10\\\/25.png\",\"datePublished\":\"2021-10-27T01:48:15+00:00\",\"dateModified\":\"2023-02-16T09:31:13+00:00\",\"description\":\"Czujnik PIR wbudowany w na\u015bwietlacz serii Z-PLUS przeznaczony jest do wykrywania ludzi, zwierz\u0105t domowych, samochod\u00f3w i innych ruchomych obiekt\u00f3w.\",\"breadcrumb\":{\"@id\":\"https:\\\/\\\/www.zhgdled.com\\\/pl\\\/10w-50w-z-plus-serie-with-sensor-pir.html#breadcrumb\"},\"inLanguage\":\"pl-PL\",\"potentialAction\":[{\"@type\":\"ReadAction\",\"target\":[\"https:\\\/\\\/www.zhgdled.com\\\/pl\\\/10w-50w-z-plus-serie-with-sensor-pir.html\"]}]},{\"@type\":\"ImageObject\",\"inLanguage\":\"pl-PL\",\"@id\":\"https:\\\/\\\/www.zhgdled.com\\\/pl\\\/10w-50w-z-plus-serie-with-sensor-pir.html#primaryimage\",\"url\":\"https:\\\/\\\/www.zhgdled.com\\\/wp-content\\\/uploads\\\/2021\\\/10\\\/25.png\",\"contentUrl\":\"https:\\\/\\\/www.zhgdled.com\\\/wp-content\\\/uploads\\\/2021\\\/10\\\/25.png\",\"width\":1600,\"height\":1600,\"caption\":\"Seria z-plus z czujnikiem pir\"},{\"@type\":\"BreadcrumbList\",\"@id\":\"https:\\\/\\\/www.zhgdled.com\\\/pl\\\/10w-50w-z-plus-serie-with-sensor-pir.html#breadcrumb\",\"itemListElement\":[{\"@type\":\"ListItem\",\"position\":1,\"name\":\"Home\",\"item\":\"https:\\\/\\\/www.zhgdled.com\\\/pl\"},{\"@type\":\"ListItem\",\"position\":2,\"name\":\"PRODUCTS\",\"item\":\"https:\\\/\\\/www.zhgdled.com\\\/zhl-products.html\"},{\"@type\":\"ListItem\",\"position\":3,\"name\":\"SERIA Z-PLUS REFLUENT z czujnikiem PIR\"}]},{\"@type\":\"WebSite\",\"@id\":\"https:\\\/\\\/www.zhgdled.com\\\/pl\\\/#website\",\"url\":\"https:\\\/\\\/www.zhgdled.com\\\/pl\\\/\",\"name\":\"Grupa O\u015bwietleniowa ZHL\",\"description\":\"Top ranking industrial lighting manufacturer and exporter\",\"publisher\":{\"@id\":\"https:\\\/\\\/www.zhgdled.com\\\/pl\\\/#organization\"},\"potentialAction\":[{\"@type\":\"SearchAction\",\"target\":{\"@type\":\"EntryPoint\",\"urlTemplate\":\"https:\\\/\\\/www.zhgdled.com\\\/pl\\\/?s={search_term_string}\"},\"query-input\":{\"@type\":\"PropertyValueSpecification\",\"valueRequired\":true,\"valueName\":\"search_term_string\"}}],\"inLanguage\":\"pl-PL\"},{\"@type\":\"Organization\",\"@id\":\"https:\\\/\\\/www.zhgdled.com\\\/pl\\\/#organization\",\"name\":\"ZHL Lighting Group\",\"url\":\"https:\\\/\\\/www.zhgdled.com\\\/pl\\\/\",\"logo\":{\"@type\":\"ImageObject\",\"inLanguage\":\"pl-PL\",\"@id\":\"https:\\\/\\\/www.zhgdled.com\\\/pl\\\/#\\\/schema\\\/logo\\\/image\\\/\",\"url\":\"\",\"contentUrl\":\"\",\"caption\":\"ZHL Lighting Group\"},\"image\":{\"@id\":\"https:\\\/\\\/www.zhgdled.com\\\/pl\\\/#\\\/schema\\\/logo\\\/image\\\/\"},\"sameAs\":[\"https:\\\/\\\/www.facebook.com\\\/zhllightinggroup\",\"https:\\\/\\\/x.com\\\/zhl_lighting\"]}]}<\/script>\n<!-- \/ Yoast SEO plugin. -->","yoast_head_json":{"title":"Seria z-plus z czujnikiem pir","description":"Czujnik PIR wbudowany w na\u015bwietlacz serii Z-PLUS przeznaczony jest do wykrywania ludzi, zwierz\u0105t domowych, samochod\u00f3w i innych ruchomych obiekt\u00f3w.","robots":{"index":"index","follow":"follow","max-snippet":"max-snippet:-1","max-image-preview":"max-image-preview:large","max-video-preview":"max-video-preview:-1"},"canonical":"https:\/\/www.zhgdled.com\/pl\/10w-50w-z-plus-serie-with-sensor-pir.html","og_locale":"pl_PL","og_type":"article","og_title":"Seria z-plus z czujnikiem pir","og_description":"Czujnik PIR wbudowany w na\u015bwietlacz serii Z-PLUS przeznaczony jest do wykrywania ludzi, zwierz\u0105t domowych, samochod\u00f3w i innych ruchomych obiekt\u00f3w.","og_url":"https:\/\/www.zhgdled.com\/pl\/10w-50w-z-plus-serie-with-sensor-pir.html","og_site_name":"Grupa O\u015bwietleniowa ZHL","article_publisher":"https:\/\/www.facebook.com\/zhllightinggroup","article_modified_time":"2023-02-16T09:31:13+00:00","og_image":[{"width":1600,"height":1600,"url":"https:\/\/www.zhgdled.com\/wp-content\/uploads\/2021\/10\/25.png","type":"image\/png"}],"twitter_card":"summary_large_image","twitter_site":"@zhl_lighting","twitter_misc":{"Szacowany czas czytania":"1 minuta"},"schema":{"@context":"https:\/\/schema.org","@graph":[{"@type":"WebPage","@id":"https:\/\/www.zhgdled.com\/pl\/10w-50w-z-plus-serie-with-sensor-pir.html","url":"https:\/\/www.zhgdled.com\/pl\/10w-50w-z-plus-serie-with-sensor-pir.html","name":"Seria z-plus z czujnikiem pir","isPartOf":{"@id":"https:\/\/www.zhgdled.com\/pl\/#website"},"primaryImageOfPage":{"@id":"https:\/\/www.zhgdled.com\/pl\/10w-50w-z-plus-serie-with-sensor-pir.html#primaryimage"},"image":{"@id":"https:\/\/www.zhgdled.com\/pl\/10w-50w-z-plus-serie-with-sensor-pir.html#primaryimage"},"thumbnailUrl":"https:\/\/www.zhgdled.com\/wp-content\/uploads\/2021\/10\/25.png","datePublished":"2021-10-27T01:48:15+00:00","dateModified":"2023-02-16T09:31:13+00:00","description":"Czujnik PIR wbudowany w na\u015bwietlacz serii Z-PLUS przeznaczony jest do wykrywania ludzi, zwierz\u0105t domowych, samochod\u00f3w i innych ruchomych obiekt\u00f3w.","breadcrumb":{"@id":"https:\/\/www.zhgdled.com\/pl\/10w-50w-z-plus-serie-with-sensor-pir.html#breadcrumb"},"inLanguage":"pl-PL","potentialAction":[{"@type":"ReadAction","target":["https:\/\/www.zhgdled.com\/pl\/10w-50w-z-plus-serie-with-sensor-pir.html"]}]},{"@type":"ImageObject","inLanguage":"pl-PL","@id":"https:\/\/www.zhgdled.com\/pl\/10w-50w-z-plus-serie-with-sensor-pir.html#primaryimage","url":"https:\/\/www.zhgdled.com\/wp-content\/uploads\/2021\/10\/25.png","contentUrl":"https:\/\/www.zhgdled.com\/wp-content\/uploads\/2021\/10\/25.png","width":1600,"height":1600,"caption":"Seria z-plus z czujnikiem pir"},{"@type":"BreadcrumbList","@id":"https:\/\/www.zhgdled.com\/pl\/10w-50w-z-plus-serie-with-sensor-pir.html#breadcrumb","itemListElement":[{"@type":"ListItem","position":1,"name":"Home","item":"https:\/\/www.zhgdled.com\/pl"},{"@type":"ListItem","position":2,"name":"PRODUCTS","item":"https:\/\/www.zhgdled.com\/zhl-products.html"},{"@type":"ListItem","position":3,"name":"SERIA Z-PLUS REFLUENT z czujnikiem PIR"}]},{"@type":"WebSite","@id":"https:\/\/www.zhgdled.com\/pl\/#website","url":"https:\/\/www.zhgdled.com\/pl\/","name":"Grupa O\u015bwietleniowa ZHL","description":"Top ranking industrial lighting manufacturer and exporter","publisher":{"@id":"https:\/\/www.zhgdled.com\/pl\/#organization"},"potentialAction":[{"@type":"SearchAction","target":{"@type":"EntryPoint","urlTemplate":"https:\/\/www.zhgdled.com\/pl\/?s={search_term_string}"},"query-input":{"@type":"PropertyValueSpecification","valueRequired":true,"valueName":"search_term_string"}}],"inLanguage":"pl-PL"},{"@type":"Organization","@id":"https:\/\/www.zhgdled.com\/pl\/#organization","name":"ZHL Lighting Group","url":"https:\/\/www.zhgdled.com\/pl\/","logo":{"@type":"ImageObject","inLanguage":"pl-PL","@id":"https:\/\/www.zhgdled.com\/pl\/#\/schema\/logo\/image\/","url":"","contentUrl":"","caption":"ZHL Lighting Group"},"image":{"@id":"https:\/\/www.zhgdled.com\/pl\/#\/schema\/logo\/image\/"},"sameAs":["https:\/\/www.facebook.com\/zhllightinggroup","https:\/\/x.com\/zhl_lighting"]}]}},"_links":{"self":[{"href":"https:\/\/www.zhgdled.com\/pl\/wp-json\/wp\/v2\/product\/19142","targetHints":{"allow":["GET"]}}],"collection":[{"href":"https:\/\/www.zhgdled.com\/pl\/wp-json\/wp\/v2\/product"}],"about":[{"href":"https:\/\/www.zhgdled.com\/pl\/wp-json\/wp\/v2\/types\/product"}],"wp:featuredmedia":[{"embeddable":true,"href":"https:\/\/www.zhgdled.com\/pl\/wp-json\/wp\/v2\/media\/13519"}],"wp:attachment":[{"href":"https:\/\/www.zhgdled.com\/pl\/wp-json\/wp\/v2\/media?parent=19142"}],"wp:term":[{"taxonomy":"product_brand","embeddable":true,"href":"https:\/\/www.zhgdled.com\/pl\/wp-json\/wp\/v2\/product_brand?post=19142"},{"taxonomy":"product_cat","embeddable":true,"href":"https:\/\/www.zhgdled.com\/pl\/wp-json\/wp\/v2\/product_cat?post=19142"},{"taxonomy":"product_tag","embeddable":true,"href":"https:\/\/www.zhgdled.com\/pl\/wp-json\/wp\/v2\/product_tag?post=19142"}],"curies":[{"name":"wp","href":"https:\/\/api.w.org\/{rel}","templated":true}]}}