{"id":19147,"date":"2023-06-13T01:56:54","date_gmt":"2021-10-14T05:56:54","guid":{"rendered":"https:\/\/www.zhgdled.com\/product\/post-top-light"},"modified":"2023-02-16T17:25:08","modified_gmt":"2023-02-16T09:25:08","slug":"gorne-swiatlo-slupa","status":"publish","type":"product","link":"https:\/\/www.zhgdled.com\/pl\/gorne-swiatlo-slupa.html","title":{"rendered":"O\u015bwietlenie na szczycie s\u0142upa do ogrodu i korytarza"},"content":{"rendered":"<div class=\"J_module\">\n<blockquote>\n<h2>Zaktualizowane podej\u015bcie do tradycyjnego stylu o\u015bwietlenia na szczycie s\u0142upka!<\/h2>\n<\/blockquote>\n<table style=\"border-collapse: collapse; width: 955px; height: 351px;\" border=\"0\" width=\"177\" cellspacing=\"0\" cellpadding=\"0\">\n<tbody>\n<tr style=\"height: 23.10pt;\">\n<td class=\"et4\" style=\"height: 23.10pt; width: 79.40pt;\" align=\"right\" width=\"105\" height=\"30\">\n<h2 style=\"text-align: left;\">Highlights<\/h2>\n<ul style=\"text-align: left;\">\n<li>Corrosion resistant heavy duty die-cast aluminum housing<\/li>\n<li>Pass 3 G vibration testing<\/li>\n<li>CRI of 80+<\/li>\n<li>2700K &#8211; 65000K color temperature<\/li>\n<li>UL and CUL Listed for Wet Locations<\/li>\n<li>50-80% energy savings<\/li>\n<li>5 Year Warranty<\/li>\n<li>Customizations and options available upon request<\/li>\n<\/ul>\n<\/td>\n<td style=\"width: 54pt; text-align: left;\" align=\"right\" width=\"72\">\n<h2>Housing<\/h2>\n<ul>\n<li>Heavy-duty die cast housing with integral heat sinking<\/li>\n<li>UV-resistant, multi-layer, architectural color, bronze powder coat finish<\/li>\n<li>Photocell adaptable<\/li>\n<li>Removable pole mount top for easy wire access<\/li>\n<li>Injection-molded UV polycarbonate lens<\/li>\n<li>Slipfits 2-3\/8&#8243; pole tops or tenons<\/li>\n<\/ul>\n<\/td>\n<\/tr>\n<\/tbody>\n<\/table>\n<div class=\"J_module\">\n<div class=\"grid__item one-third tab-one-half palm-one-whole\"><\/div>\n<\/div>\n<table width=\"580\">\n<tbody>\n<tr>\n<td width=\"284\">\n<h3>TECHNICAL SPECS<\/h3>\n<ul>\n<li id=\"ali-anchor-AliMagic-s5qei7\" class=\"magic-0\" data-section=\"AliMagic-s5qei7\" data-section-title=\"Product Description\" data-spm-anchor-id=\"a2700.details.0.i20.2d8a1a34X1y9Gb\">IP 65, CE ERC ETL CB certified.<\/li>\n<li data-section=\"AliMagic-s5qei7\" data-section-title=\"Product Description\" data-spm-anchor-id=\"a2700.details.0.i20.2d8a1a34X1y9Gb\">Power: 30W 50w 80w 100w<\/li>\n<li data-section=\"AliMagic-s5qei7\" data-section-title=\"Product Description\" data-spm-anchor-id=\"a2700.details.0.i20.2d8a1a34X1y9Gb\">Voltage: 100v-277v AC 50\/60Hz<\/li>\n<li data-section=\"AliMagic-s5qei7\" data-section-title=\"Product Description\" data-spm-anchor-id=\"a2700.details.0.i20.2d8a1a34X1y9Gb\">Luminous efficiency: 130Lm\/w<\/li>\n<li data-section=\"AliMagic-s5qei7\" data-section-title=\"Product Description\" data-spm-anchor-id=\"a2700.details.0.i20.2d8a1a34X1y9Gb\">Beam angle: 60\u00b0, 90\u00b0, 120\u00b0<\/li>\n<li data-section=\"AliMagic-s5qei7\" data-section-title=\"Product Description\" data-spm-anchor-id=\"a2700.details.0.i20.2d8a1a34X1y9Gb\">Life span: &gt;50000h<\/li>\n<li data-section=\"AliMagic-s5qei7\" data-section-title=\"Product Description\" data-spm-anchor-id=\"a2700.details.0.i20.2d8a1a34X1y9Gb\">Installation height: 3-6m<\/li>\n<li data-section=\"AliMagic-s5qei7\" data-section-title=\"Product Description\" data-spm-anchor-id=\"a2700.details.0.i20.2d8a1a34X1y9Gb\">Power factor: &gt;0.9<\/li>\n<\/ul>\n<\/td>\n<td width=\"284\"><img decoding=\"async\" class=\"alignnone size-full wp-image-14692\" src=\"https:\/\/www.zhgdled.com\/wp-content\/uploads\/2021\/10\/post_top_light11.jpg\" alt=\"\" width=\"622\" height=\"560\" srcset=\"https:\/\/www.zhgdled.com\/wp-content\/uploads\/2021\/10\/post_top_light11.jpg 622w, https:\/\/www.zhgdled.com\/wp-content\/uploads\/2021\/10\/post_top_light11-300x270.jpg 300w, https:\/\/www.zhgdled.com\/wp-content\/uploads\/2021\/10\/post_top_light11-600x540.jpg 600w, https:\/\/www.zhgdled.com\/wp-content\/uploads\/2021\/10\/post_top_light11-150x135.jpg 150w\" sizes=\"(max-width: 622px) 100vw, 622px\" \/><\/td>\n<\/tr>\n<tr>\n<td width=\"284\">\n<h3>FEATURES<\/h3>\n<ul>\n<li>Various forms, classic and elegant, convenient installation and maintenance;<\/li>\n<li>Reasonable structure, low operation and maintenance cost.<\/li>\n<li>Up to 130Lm\/w, comply with smart control system, suitable for residenitial areas, scenic spot, parks, urban squares, private gardens, courtyard, corridors and other public places.<\/li>\n<\/ul>\n<\/td>\n<td width=\"284\"><img decoding=\"async\" class=\"alignnone size-full wp-image-14701\" src=\"https:\/\/www.zhgdled.com\/wp-content\/uploads\/2021\/10\/20221011154725.jpg\" alt=\"\" width=\"680\" height=\"371\" srcset=\"https:\/\/www.zhgdled.com\/wp-content\/uploads\/2021\/10\/20221011154725.jpg 680w, https:\/\/www.zhgdled.com\/wp-content\/uploads\/2021\/10\/20221011154725-300x164.jpg 300w, https:\/\/www.zhgdled.com\/wp-content\/uploads\/2021\/10\/20221011154725-600x327.jpg 600w, https:\/\/www.zhgdled.com\/wp-content\/uploads\/2021\/10\/20221011154725-150x82.jpg 150w\" sizes=\"(max-width: 680px) 100vw, 680px\" \/><\/td>\n<\/tr>\n<\/tbody>\n<\/table>\n<h3>Pobierz specyfikacje<\/h3>\n<p><a href=\"https:\/\/www.zhgdled.com\/download\/garden-post-top-light\">\u015aWIAT\u0141O NA S\u0141UPIE 2022\/10\/11<\/a><\/p>\n<\/div>\n","protected":false},"excerpt":{"rendered":"<p>ZHL Post Top Light to nowoczesna, wyj\u0105tkowa oprawa o\u015bwietlenia zewn\u0119trznego domu, kt\u00f3ra pozwala na wszechstronne projektowanie krajobrazu i przestrzeni \u017cyciowej. To \u015bwietny spos\u00f3b na o\u015bwietlenie ogrodu, wej\u015b\u0107 lub \u015bcie\u017cek lub innych pomys\u0142\u00f3w na o\u015bwietlenie zewn\u0119trzne.<\/p>\n<ul>\n<li>Certyfikat IP 65, CE ERC ETL CB.<\/li>\n<li>Moc: 50w 80w 100w<\/li>\n<li>Napi\u0119cie: 100v-270v AC 50\/60Hz<\/li>\n<li>Skuteczno\u015b\u0107 \u015bwietlna: 130Lm\/w<\/li>\n<li>K\u0105t \u015bwiecenia: 60\u00b0, 90\u00b0, 120\u00b0<\/li>\n<li>\u017bywotno\u015b\u0107: &gt;50000h<\/li>\n<li>Wysoko\u015b\u0107 monta\u017cu: 3-6m<\/li>\n<li>Wsp\u00f3\u0142czynnik mocy: &gt;0,9<\/li>\n<\/ul>\n","protected":false},"featured_media":13645,"template":"","meta":[],"product_brand":[],"product_cat":[567],"product_tag":[568],"class_list":{"0":"post-19147","1":"product","2":"type-product","3":"status-publish","4":"has-post-thumbnail","6":"product_cat-garden-lights-pl","7":"product_tag-garden-light-pl","9":"first","10":"instock","11":"shipping-taxable","12":"product-type-simple"},"yoast_head":"<!-- This site is optimized with the Yoast SEO plugin v27.4 - https:\/\/yoast.com\/product\/yoast-seo-wordpress\/ -->\n<title>g\u00f3rne \u015bwiat\u0142o s\u0142upa<\/title>\n<meta name=\"description\" content=\"ZHL Post Top Light to nowoczesna, wyj\u0105tkowa oprawa o\u015bwietlenia zewn\u0119trznego domu, kt\u00f3ra pozwala na wszechstronny krajobraz\" \/>\n<meta name=\"robots\" content=\"index, follow, max-snippet:-1, max-image-preview:large, max-video-preview:-1\" \/>\n<link rel=\"canonical\" href=\"https:\/\/www.zhgdled.com\/pl\/gorne-swiatlo-slupa.html\" \/>\n<meta property=\"og:locale\" content=\"pl_PL\" \/>\n<meta property=\"og:type\" content=\"article\" \/>\n<meta property=\"og:title\" content=\"g\u00f3rne \u015bwiat\u0142o s\u0142upa\" \/>\n<meta property=\"og:description\" content=\"ZHL Post Top Light to nowoczesna, wyj\u0105tkowa oprawa o\u015bwietlenia zewn\u0119trznego domu, kt\u00f3ra pozwala na wszechstronny krajobraz\" \/>\n<meta property=\"og:url\" content=\"https:\/\/www.zhgdled.com\/pl\/gorne-swiatlo-slupa.html\" \/>\n<meta property=\"og:site_name\" content=\"Grupa O\u015bwietleniowa ZHL\" \/>\n<meta property=\"article:publisher\" content=\"https:\/\/www.facebook.com\/zhllightinggroup\" \/>\n<meta property=\"article:modified_time\" content=\"2023-02-16T09:25:08+00:00\" \/>\n<meta property=\"og:image\" content=\"https:\/\/www.zhgdled.com\/wp-content\/uploads\/2021\/10\/34.png\" \/>\n\t<meta property=\"og:image:width\" content=\"1600\" \/>\n\t<meta property=\"og:image:height\" content=\"1600\" \/>\n\t<meta property=\"og:image:type\" content=\"image\/png\" \/>\n<meta name=\"twitter:card\" content=\"summary_large_image\" \/>\n<meta name=\"twitter:site\" content=\"@zhl_lighting\" \/>\n<meta name=\"twitter:label1\" content=\"Szacowany czas czytania\" \/>\n\t<meta name=\"twitter:data1\" content=\"2 minuty\" \/>\n<script type=\"application\/ld+json\" class=\"yoast-schema-graph\">{\"@context\":\"https:\\\/\\\/schema.org\",\"@graph\":[{\"@type\":\"WebPage\",\"@id\":\"https:\\\/\\\/www.zhgdled.com\\\/pl\\\/gorne-swiatlo-slupa.html\",\"url\":\"https:\\\/\\\/www.zhgdled.com\\\/pl\\\/gorne-swiatlo-slupa.html\",\"name\":\"g\u00f3rne \u015bwiat\u0142o s\u0142upa\",\"isPartOf\":{\"@id\":\"https:\\\/\\\/www.zhgdled.com\\\/pl\\\/#website\"},\"primaryImageOfPage\":{\"@id\":\"https:\\\/\\\/www.zhgdled.com\\\/pl\\\/gorne-swiatlo-slupa.html#primaryimage\"},\"image\":{\"@id\":\"https:\\\/\\\/www.zhgdled.com\\\/pl\\\/gorne-swiatlo-slupa.html#primaryimage\"},\"thumbnailUrl\":\"https:\\\/\\\/www.zhgdled.com\\\/wp-content\\\/uploads\\\/2021\\\/10\\\/34.png\",\"datePublished\":\"2021-10-14T05:56:54+00:00\",\"dateModified\":\"2023-02-16T09:25:08+00:00\",\"description\":\"ZHL Post Top Light to nowoczesna, wyj\u0105tkowa oprawa o\u015bwietlenia zewn\u0119trznego domu, kt\u00f3ra pozwala na wszechstronny krajobraz\",\"breadcrumb\":{\"@id\":\"https:\\\/\\\/www.zhgdled.com\\\/pl\\\/gorne-swiatlo-slupa.html#breadcrumb\"},\"inLanguage\":\"pl-PL\",\"potentialAction\":[{\"@type\":\"ReadAction\",\"target\":[\"https:\\\/\\\/www.zhgdled.com\\\/pl\\\/gorne-swiatlo-slupa.html\"]}]},{\"@type\":\"ImageObject\",\"inLanguage\":\"pl-PL\",\"@id\":\"https:\\\/\\\/www.zhgdled.com\\\/pl\\\/gorne-swiatlo-slupa.html#primaryimage\",\"url\":\"https:\\\/\\\/www.zhgdled.com\\\/wp-content\\\/uploads\\\/2021\\\/10\\\/34.png\",\"contentUrl\":\"https:\\\/\\\/www.zhgdled.com\\\/wp-content\\\/uploads\\\/2021\\\/10\\\/34.png\",\"width\":1600,\"height\":1600,\"caption\":\"g\u00f3rne \u015bwiat\u0142o s\u0142upa\"},{\"@type\":\"BreadcrumbList\",\"@id\":\"https:\\\/\\\/www.zhgdled.com\\\/pl\\\/gorne-swiatlo-slupa.html#breadcrumb\",\"itemListElement\":[{\"@type\":\"ListItem\",\"position\":1,\"name\":\"Home\",\"item\":\"https:\\\/\\\/www.zhgdled.com\\\/pl\"},{\"@type\":\"ListItem\",\"position\":2,\"name\":\"PRODUCTS\",\"item\":\"https:\\\/\\\/www.zhgdled.com\\\/zhl-products.html\"},{\"@type\":\"ListItem\",\"position\":3,\"name\":\"O\u015bwietlenie na szczycie s\u0142upa do ogrodu i korytarza\"}]},{\"@type\":\"WebSite\",\"@id\":\"https:\\\/\\\/www.zhgdled.com\\\/pl\\\/#website\",\"url\":\"https:\\\/\\\/www.zhgdled.com\\\/pl\\\/\",\"name\":\"Grupa O\u015bwietleniowa ZHL\",\"description\":\"Top ranking industrial lighting manufacturer and exporter\",\"publisher\":{\"@id\":\"https:\\\/\\\/www.zhgdled.com\\\/pl\\\/#organization\"},\"potentialAction\":[{\"@type\":\"SearchAction\",\"target\":{\"@type\":\"EntryPoint\",\"urlTemplate\":\"https:\\\/\\\/www.zhgdled.com\\\/pl\\\/?s={search_term_string}\"},\"query-input\":{\"@type\":\"PropertyValueSpecification\",\"valueRequired\":true,\"valueName\":\"search_term_string\"}}],\"inLanguage\":\"pl-PL\"},{\"@type\":\"Organization\",\"@id\":\"https:\\\/\\\/www.zhgdled.com\\\/pl\\\/#organization\",\"name\":\"ZHL Lighting Group\",\"url\":\"https:\\\/\\\/www.zhgdled.com\\\/pl\\\/\",\"logo\":{\"@type\":\"ImageObject\",\"inLanguage\":\"pl-PL\",\"@id\":\"https:\\\/\\\/www.zhgdled.com\\\/pl\\\/#\\\/schema\\\/logo\\\/image\\\/\",\"url\":\"\",\"contentUrl\":\"\",\"caption\":\"ZHL Lighting Group\"},\"image\":{\"@id\":\"https:\\\/\\\/www.zhgdled.com\\\/pl\\\/#\\\/schema\\\/logo\\\/image\\\/\"},\"sameAs\":[\"https:\\\/\\\/www.facebook.com\\\/zhllightinggroup\",\"https:\\\/\\\/x.com\\\/zhl_lighting\"]}]}<\/script>\n<!-- \/ Yoast SEO plugin. -->","yoast_head_json":{"title":"g\u00f3rne \u015bwiat\u0142o s\u0142upa","description":"ZHL Post Top Light to nowoczesna, wyj\u0105tkowa oprawa o\u015bwietlenia zewn\u0119trznego domu, kt\u00f3ra pozwala na wszechstronny krajobraz","robots":{"index":"index","follow":"follow","max-snippet":"max-snippet:-1","max-image-preview":"max-image-preview:large","max-video-preview":"max-video-preview:-1"},"canonical":"https:\/\/www.zhgdled.com\/pl\/gorne-swiatlo-slupa.html","og_locale":"pl_PL","og_type":"article","og_title":"g\u00f3rne \u015bwiat\u0142o s\u0142upa","og_description":"ZHL Post Top Light to nowoczesna, wyj\u0105tkowa oprawa o\u015bwietlenia zewn\u0119trznego domu, kt\u00f3ra pozwala na wszechstronny krajobraz","og_url":"https:\/\/www.zhgdled.com\/pl\/gorne-swiatlo-slupa.html","og_site_name":"Grupa O\u015bwietleniowa ZHL","article_publisher":"https:\/\/www.facebook.com\/zhllightinggroup","article_modified_time":"2023-02-16T09:25:08+00:00","og_image":[{"width":1600,"height":1600,"url":"https:\/\/www.zhgdled.com\/wp-content\/uploads\/2021\/10\/34.png","type":"image\/png"}],"twitter_card":"summary_large_image","twitter_site":"@zhl_lighting","twitter_misc":{"Szacowany czas czytania":"2 minuty"},"schema":{"@context":"https:\/\/schema.org","@graph":[{"@type":"WebPage","@id":"https:\/\/www.zhgdled.com\/pl\/gorne-swiatlo-slupa.html","url":"https:\/\/www.zhgdled.com\/pl\/gorne-swiatlo-slupa.html","name":"g\u00f3rne \u015bwiat\u0142o s\u0142upa","isPartOf":{"@id":"https:\/\/www.zhgdled.com\/pl\/#website"},"primaryImageOfPage":{"@id":"https:\/\/www.zhgdled.com\/pl\/gorne-swiatlo-slupa.html#primaryimage"},"image":{"@id":"https:\/\/www.zhgdled.com\/pl\/gorne-swiatlo-slupa.html#primaryimage"},"thumbnailUrl":"https:\/\/www.zhgdled.com\/wp-content\/uploads\/2021\/10\/34.png","datePublished":"2021-10-14T05:56:54+00:00","dateModified":"2023-02-16T09:25:08+00:00","description":"ZHL Post Top Light to nowoczesna, wyj\u0105tkowa oprawa o\u015bwietlenia zewn\u0119trznego domu, kt\u00f3ra pozwala na wszechstronny krajobraz","breadcrumb":{"@id":"https:\/\/www.zhgdled.com\/pl\/gorne-swiatlo-slupa.html#breadcrumb"},"inLanguage":"pl-PL","potentialAction":[{"@type":"ReadAction","target":["https:\/\/www.zhgdled.com\/pl\/gorne-swiatlo-slupa.html"]}]},{"@type":"ImageObject","inLanguage":"pl-PL","@id":"https:\/\/www.zhgdled.com\/pl\/gorne-swiatlo-slupa.html#primaryimage","url":"https:\/\/www.zhgdled.com\/wp-content\/uploads\/2021\/10\/34.png","contentUrl":"https:\/\/www.zhgdled.com\/wp-content\/uploads\/2021\/10\/34.png","width":1600,"height":1600,"caption":"g\u00f3rne \u015bwiat\u0142o s\u0142upa"},{"@type":"BreadcrumbList","@id":"https:\/\/www.zhgdled.com\/pl\/gorne-swiatlo-slupa.html#breadcrumb","itemListElement":[{"@type":"ListItem","position":1,"name":"Home","item":"https:\/\/www.zhgdled.com\/pl"},{"@type":"ListItem","position":2,"name":"PRODUCTS","item":"https:\/\/www.zhgdled.com\/zhl-products.html"},{"@type":"ListItem","position":3,"name":"O\u015bwietlenie na szczycie s\u0142upa do ogrodu i korytarza"}]},{"@type":"WebSite","@id":"https:\/\/www.zhgdled.com\/pl\/#website","url":"https:\/\/www.zhgdled.com\/pl\/","name":"Grupa O\u015bwietleniowa ZHL","description":"Top ranking industrial lighting manufacturer and exporter","publisher":{"@id":"https:\/\/www.zhgdled.com\/pl\/#organization"},"potentialAction":[{"@type":"SearchAction","target":{"@type":"EntryPoint","urlTemplate":"https:\/\/www.zhgdled.com\/pl\/?s={search_term_string}"},"query-input":{"@type":"PropertyValueSpecification","valueRequired":true,"valueName":"search_term_string"}}],"inLanguage":"pl-PL"},{"@type":"Organization","@id":"https:\/\/www.zhgdled.com\/pl\/#organization","name":"ZHL Lighting Group","url":"https:\/\/www.zhgdled.com\/pl\/","logo":{"@type":"ImageObject","inLanguage":"pl-PL","@id":"https:\/\/www.zhgdled.com\/pl\/#\/schema\/logo\/image\/","url":"","contentUrl":"","caption":"ZHL Lighting Group"},"image":{"@id":"https:\/\/www.zhgdled.com\/pl\/#\/schema\/logo\/image\/"},"sameAs":["https:\/\/www.facebook.com\/zhllightinggroup","https:\/\/x.com\/zhl_lighting"]}]}},"_links":{"self":[{"href":"https:\/\/www.zhgdled.com\/pl\/wp-json\/wp\/v2\/product\/19147","targetHints":{"allow":["GET"]}}],"collection":[{"href":"https:\/\/www.zhgdled.com\/pl\/wp-json\/wp\/v2\/product"}],"about":[{"href":"https:\/\/www.zhgdled.com\/pl\/wp-json\/wp\/v2\/types\/product"}],"wp:featuredmedia":[{"embeddable":true,"href":"https:\/\/www.zhgdled.com\/pl\/wp-json\/wp\/v2\/media\/13645"}],"wp:attachment":[{"href":"https:\/\/www.zhgdled.com\/pl\/wp-json\/wp\/v2\/media?parent=19147"}],"wp:term":[{"taxonomy":"product_brand","embeddable":true,"href":"https:\/\/www.zhgdled.com\/pl\/wp-json\/wp\/v2\/product_brand?post=19147"},{"taxonomy":"product_cat","embeddable":true,"href":"https:\/\/www.zhgdled.com\/pl\/wp-json\/wp\/v2\/product_cat?post=19147"},{"taxonomy":"product_tag","embeddable":true,"href":"https:\/\/www.zhgdled.com\/pl\/wp-json\/wp\/v2\/product_tag?post=19147"}],"curies":[{"name":"wp","href":"https:\/\/api.w.org\/{rel}","templated":true}]}}