{"id":21039,"date":"2023-08-01T14:16:40","date_gmt":"2023-08-01T06:16:40","guid":{"rendered":"https:\/\/www.zhgdled.com\/product\/eagle-series-led-street-lights"},"modified":"2023-12-26T13:57:20","modified_gmt":"2023-12-26T05:57:20","slug":"eagle-series-led-street-lights","status":"publish","type":"product","link":"https:\/\/www.zhgdled.com\/pl\/eagle-series-led-street-lights.html","title":{"rendered":"O\u015bwietlenie uliczne LED serii EAGLE"},"content":{"rendered":"<h2>Cechy lamp ulicznych LED serii Eagle:<\/h2>\n<ul>\n<li>Bioniczny design, unikalny kszta\u0142t i charakterystyczny styl;<br \/>\nDzi\u0119ki funkcji samooczyszczania skorup\u0119 mo\u017cna czy\u015bci\u0107 za pomoc\u0105 wiatru i deszczu.<\/li>\n<li>Wn\u0119ka zasilacza i wn\u0119ka \u017ar\u00f3d\u0142a \u015bwiat\u0142a s\u0105 uszczelnione oddzielnie, aby zwi\u0119kszy\u0107 poziom ochrony ca\u0142ej lampy;<\/li>\n<li>Zastosuj soczewk\u0119 + konstrukcj\u0119 optyczn\u0105 ze szk\u0142a hartowanego o wysokiej przepuszczalno\u015bci, soczewk\u0119 bez uszkodze\u0144 spowodowanych zanieczyszczeniami, dystrybucj\u0119 \u015bwiat\u0142a i stabilno\u015b\u0107 jasno\u015bci; wbudowane odprowadzanie ciep\u0142a i idealne po\u0142\u0105czenie kszta\u0142t\u00f3w;<\/li>\n<li>Ochrona odgromowa 10KV, niezawodno\u015b\u0107 zewn\u0119trzna jest silniejsza, zgodna z instalacj\u0105 s\u0142up\u00f3w o\u015bwietleniowych 40 ~ 60 mm.<\/li>\n<li>Luksusowy i konkurencyjny cenowo, to ekonomiczne rozwi\u0105zanie dla kontrahent\u00f3w i dealer\u00f3w.<\/li>\n<\/ul>\n<blockquote><p><a href=\"https:\/\/www.zhgdled.com\/download\/eagle-series-led-street-lights\">Download catalog of EAGLE SERIES LED street light<\/a><\/p><\/blockquote>\n<h2>ZOBACZ STANDARDY BRAN\u017bOWE DOTYCZ\u0104CE S\u0141ONECZNYCH O\u015aWIETLE\u0143 ULICZNYCH<\/h2>\n<table width=\"720\">\n<tbody>\n<tr>\n<td width=\"284\">UL<\/td>\n<td width=\"284\"><a href=\"https:\/\/www.ul.com\/services\/roadway-lighting\">Importance of roadway lighting testing in the marketplace<\/a><b><\/b><\/td>\n<\/tr>\n<tr>\n<td width=\"284\">CE<\/td>\n<td width=\"284\"><a href=\"https:\/\/ec.europa.eu\/environment\/gpp\/pdf\/criteria\/street_lighting.pdf\">EU GPP Criteria for Street Lighting &amp; Traffic SignalsLVD Directive 2014\/35\/EU<\/a><\/td>\n<\/tr>\n<\/tbody>\n<\/table>\n<p><img decoding=\"async\" class=\"alignnone size-full wp-image-17587\" src=\"https:\/\/www.zhgdled.com\/wp-content\/uploads\/2021\/10\/20221031090902.jpg\" alt=\"\" width=\"1056\" height=\"477\" \/><img decoding=\"async\" class=\"alignnone size-full wp-image-17577\" src=\"https:\/\/www.zhgdled.com\/wp-content\/uploads\/2021\/10\/20221031090940.jpg\" alt=\"\" width=\"1036\" height=\"763\" \/><img decoding=\"async\" class=\"alignnone size-full wp-image-17567\" src=\"https:\/\/www.zhgdled.com\/wp-content\/uploads\/2021\/10\/20221031090957.jpg\" alt=\"\" width=\"962\" height=\"767\" \/><\/p>\n","protected":false},"excerpt":{"rendered":"<ul>\n<li>Bioniczny design, unikalny kszta\u0142t i charakterystyczny styl;<br \/>\nDzi\u0119ki funkcji samooczyszczania skorup\u0119 mo\u017cna czy\u015bci\u0107 za pomoc\u0105 wiatru i deszczu.<\/li>\n<li>Wn\u0119ka zasilacza i wn\u0119ka \u017ar\u00f3d\u0142a \u015bwiat\u0142a s\u0105 uszczelnione oddzielnie, aby zwi\u0119kszy\u0107 poziom ochrony ca\u0142ej lampy;<\/li>\n<li>Zastosuj soczewk\u0119 + konstrukcj\u0119 optyczn\u0105 ze szk\u0142a hartowanego o wysokiej przepuszczalno\u015bci, soczewk\u0119 bez uszkodze\u0144 spowodowanych zanieczyszczeniami, dystrybucj\u0119 \u015bwiat\u0142a i stabilno\u015b\u0107 jasno\u015bci; wbudowane odprowadzanie ciep\u0142a i idealne po\u0142\u0105czenie kszta\u0142t\u00f3w;<\/li>\n<li>Ochrona odgromowa 10KV, niezawodno\u015b\u0107 zewn\u0119trzna jest silniejsza, zgodna z instalacj\u0105 s\u0142up\u00f3w o\u015bwietleniowych 40 ~ 60 mm.<\/li>\n<li>Luksusowy i konkurencyjny cenowo, to ekonomiczne rozwi\u0105zanie dla kontrahent\u00f3w i dealer\u00f3w.<\/li>\n<\/ul>\n","protected":false},"featured_media":13665,"template":"","meta":[],"product_brand":[],"product_cat":[641],"product_tag":[],"class_list":{"0":"post-21039","1":"product","2":"type-product","3":"status-publish","4":"has-post-thumbnail","6":"product_cat-oswietlenie-uliczne","8":"first","9":"instock","10":"featured","11":"shipping-taxable","12":"product-type-simple"},"yoast_head":"<!-- This site is optimized with the Yoast SEO plugin v27.4 - https:\/\/yoast.com\/product\/yoast-seo-wordpress\/ -->\n<title>O\u015bwietlenie uliczne LED serii EAGLE &#8211; Grupa O\u015bwietleniowa ZHL<\/title>\n<meta name=\"description\" content=\"O\u015bwietlenie uliczne LED z serii Eagle to bioniczna lampa uliczna o unikalnym kszta\u0142cie, kt\u00f3ra dzia\u0142a w zakresie od 100 V do 240 V.\" \/>\n<meta name=\"robots\" content=\"index, follow, max-snippet:-1, max-image-preview:large, max-video-preview:-1\" \/>\n<link rel=\"canonical\" href=\"https:\/\/www.zhgdled.com\/pl\/eagle-series-led-street-lights.html\" \/>\n<meta property=\"og:locale\" content=\"pl_PL\" \/>\n<meta property=\"og:type\" content=\"article\" \/>\n<meta property=\"og:title\" content=\"O\u015bwietlenie uliczne LED serii EAGLE &#8211; Grupa O\u015bwietleniowa ZHL\" \/>\n<meta property=\"og:description\" content=\"O\u015bwietlenie uliczne LED z serii Eagle to bioniczna lampa uliczna o unikalnym kszta\u0142cie, kt\u00f3ra dzia\u0142a w zakresie od 100 V do 240 V.\" \/>\n<meta property=\"og:url\" content=\"https:\/\/www.zhgdled.com\/pl\/eagle-series-led-street-lights.html\" \/>\n<meta property=\"og:site_name\" content=\"Grupa O\u015bwietleniowa ZHL\" \/>\n<meta property=\"article:publisher\" content=\"https:\/\/www.facebook.com\/zhllightinggroup\" \/>\n<meta property=\"article:modified_time\" content=\"2023-12-26T05:57:20+00:00\" \/>\n<meta property=\"og:image\" content=\"https:\/\/www.zhgdled.com\/wp-content\/uploads\/2021\/10\/35-1.png\" \/>\n\t<meta property=\"og:image:width\" content=\"1600\" \/>\n\t<meta property=\"og:image:height\" content=\"1600\" \/>\n\t<meta property=\"og:image:type\" content=\"image\/png\" \/>\n<meta name=\"twitter:card\" content=\"summary_large_image\" \/>\n<meta name=\"twitter:site\" content=\"@zhl_lighting\" \/>\n<meta name=\"twitter:label1\" content=\"Szacowany czas czytania\" \/>\n\t<meta name=\"twitter:data1\" content=\"2 minuty\" \/>\n<script type=\"application\/ld+json\" class=\"yoast-schema-graph\">{\"@context\":\"https:\\\/\\\/schema.org\",\"@graph\":[{\"@type\":\"WebPage\",\"@id\":\"https:\\\/\\\/www.zhgdled.com\\\/pl\\\/eagle-series-led-street-lights.html\",\"url\":\"https:\\\/\\\/www.zhgdled.com\\\/pl\\\/eagle-series-led-street-lights.html\",\"name\":\"O\u015bwietlenie uliczne LED serii EAGLE &#8211; Grupa O\u015bwietleniowa ZHL\",\"isPartOf\":{\"@id\":\"https:\\\/\\\/www.zhgdled.com\\\/pl\\\/#website\"},\"primaryImageOfPage\":{\"@id\":\"https:\\\/\\\/www.zhgdled.com\\\/pl\\\/eagle-series-led-street-lights.html#primaryimage\"},\"image\":{\"@id\":\"https:\\\/\\\/www.zhgdled.com\\\/pl\\\/eagle-series-led-street-lights.html#primaryimage\"},\"thumbnailUrl\":\"https:\\\/\\\/www.zhgdled.com\\\/wp-content\\\/uploads\\\/2021\\\/10\\\/35-1.png\",\"datePublished\":\"2023-08-01T06:16:40+00:00\",\"dateModified\":\"2023-12-26T05:57:20+00:00\",\"description\":\"O\u015bwietlenie uliczne LED z serii Eagle to bioniczna lampa uliczna o unikalnym kszta\u0142cie, kt\u00f3ra dzia\u0142a w zakresie od 100 V do 240 V.\",\"breadcrumb\":{\"@id\":\"https:\\\/\\\/www.zhgdled.com\\\/pl\\\/eagle-series-led-street-lights.html#breadcrumb\"},\"inLanguage\":\"pl-PL\",\"potentialAction\":[{\"@type\":\"ReadAction\",\"target\":[\"https:\\\/\\\/www.zhgdled.com\\\/pl\\\/eagle-series-led-street-lights.html\"]}]},{\"@type\":\"ImageObject\",\"inLanguage\":\"pl-PL\",\"@id\":\"https:\\\/\\\/www.zhgdled.com\\\/pl\\\/eagle-series-led-street-lights.html#primaryimage\",\"url\":\"https:\\\/\\\/www.zhgdled.com\\\/wp-content\\\/uploads\\\/2021\\\/10\\\/35-1.png\",\"contentUrl\":\"https:\\\/\\\/www.zhgdled.com\\\/wp-content\\\/uploads\\\/2021\\\/10\\\/35-1.png\",\"width\":1600,\"height\":1600,\"caption\":\"Eagle Series LED street Light\"},{\"@type\":\"BreadcrumbList\",\"@id\":\"https:\\\/\\\/www.zhgdled.com\\\/pl\\\/eagle-series-led-street-lights.html#breadcrumb\",\"itemListElement\":[{\"@type\":\"ListItem\",\"position\":1,\"name\":\"Home\",\"item\":\"https:\\\/\\\/www.zhgdled.com\\\/pl\"},{\"@type\":\"ListItem\",\"position\":2,\"name\":\"PRODUCTS\",\"item\":\"https:\\\/\\\/www.zhgdled.com\\\/zhl-products.html\"},{\"@type\":\"ListItem\",\"position\":3,\"name\":\"O\u015bwietlenie uliczne LED serii EAGLE\"}]},{\"@type\":\"WebSite\",\"@id\":\"https:\\\/\\\/www.zhgdled.com\\\/pl\\\/#website\",\"url\":\"https:\\\/\\\/www.zhgdled.com\\\/pl\\\/\",\"name\":\"Grupa O\u015bwietleniowa ZHL\",\"description\":\"Top ranking industrial lighting manufacturer and exporter\",\"publisher\":{\"@id\":\"https:\\\/\\\/www.zhgdled.com\\\/pl\\\/#organization\"},\"potentialAction\":[{\"@type\":\"SearchAction\",\"target\":{\"@type\":\"EntryPoint\",\"urlTemplate\":\"https:\\\/\\\/www.zhgdled.com\\\/pl\\\/?s={search_term_string}\"},\"query-input\":{\"@type\":\"PropertyValueSpecification\",\"valueRequired\":true,\"valueName\":\"search_term_string\"}}],\"inLanguage\":\"pl-PL\"},{\"@type\":\"Organization\",\"@id\":\"https:\\\/\\\/www.zhgdled.com\\\/pl\\\/#organization\",\"name\":\"ZHL Lighting Group\",\"url\":\"https:\\\/\\\/www.zhgdled.com\\\/pl\\\/\",\"logo\":{\"@type\":\"ImageObject\",\"inLanguage\":\"pl-PL\",\"@id\":\"https:\\\/\\\/www.zhgdled.com\\\/pl\\\/#\\\/schema\\\/logo\\\/image\\\/\",\"url\":\"\",\"contentUrl\":\"\",\"caption\":\"ZHL Lighting Group\"},\"image\":{\"@id\":\"https:\\\/\\\/www.zhgdled.com\\\/pl\\\/#\\\/schema\\\/logo\\\/image\\\/\"},\"sameAs\":[\"https:\\\/\\\/www.facebook.com\\\/zhllightinggroup\",\"https:\\\/\\\/x.com\\\/zhl_lighting\"]}]}<\/script>\n<!-- \/ Yoast SEO plugin. -->","yoast_head_json":{"title":"O\u015bwietlenie uliczne LED serii EAGLE &#8211; Grupa O\u015bwietleniowa ZHL","description":"O\u015bwietlenie uliczne LED z serii Eagle to bioniczna lampa uliczna o unikalnym kszta\u0142cie, kt\u00f3ra dzia\u0142a w zakresie od 100 V do 240 V.","robots":{"index":"index","follow":"follow","max-snippet":"max-snippet:-1","max-image-preview":"max-image-preview:large","max-video-preview":"max-video-preview:-1"},"canonical":"https:\/\/www.zhgdled.com\/pl\/eagle-series-led-street-lights.html","og_locale":"pl_PL","og_type":"article","og_title":"O\u015bwietlenie uliczne LED serii EAGLE &#8211; Grupa O\u015bwietleniowa ZHL","og_description":"O\u015bwietlenie uliczne LED z serii Eagle to bioniczna lampa uliczna o unikalnym kszta\u0142cie, kt\u00f3ra dzia\u0142a w zakresie od 100 V do 240 V.","og_url":"https:\/\/www.zhgdled.com\/pl\/eagle-series-led-street-lights.html","og_site_name":"Grupa O\u015bwietleniowa ZHL","article_publisher":"https:\/\/www.facebook.com\/zhllightinggroup","article_modified_time":"2023-12-26T05:57:20+00:00","og_image":[{"width":1600,"height":1600,"url":"https:\/\/www.zhgdled.com\/wp-content\/uploads\/2021\/10\/35-1.png","type":"image\/png"}],"twitter_card":"summary_large_image","twitter_site":"@zhl_lighting","twitter_misc":{"Szacowany czas czytania":"2 minuty"},"schema":{"@context":"https:\/\/schema.org","@graph":[{"@type":"WebPage","@id":"https:\/\/www.zhgdled.com\/pl\/eagle-series-led-street-lights.html","url":"https:\/\/www.zhgdled.com\/pl\/eagle-series-led-street-lights.html","name":"O\u015bwietlenie uliczne LED serii EAGLE &#8211; Grupa O\u015bwietleniowa ZHL","isPartOf":{"@id":"https:\/\/www.zhgdled.com\/pl\/#website"},"primaryImageOfPage":{"@id":"https:\/\/www.zhgdled.com\/pl\/eagle-series-led-street-lights.html#primaryimage"},"image":{"@id":"https:\/\/www.zhgdled.com\/pl\/eagle-series-led-street-lights.html#primaryimage"},"thumbnailUrl":"https:\/\/www.zhgdled.com\/wp-content\/uploads\/2021\/10\/35-1.png","datePublished":"2023-08-01T06:16:40+00:00","dateModified":"2023-12-26T05:57:20+00:00","description":"O\u015bwietlenie uliczne LED z serii Eagle to bioniczna lampa uliczna o unikalnym kszta\u0142cie, kt\u00f3ra dzia\u0142a w zakresie od 100 V do 240 V.","breadcrumb":{"@id":"https:\/\/www.zhgdled.com\/pl\/eagle-series-led-street-lights.html#breadcrumb"},"inLanguage":"pl-PL","potentialAction":[{"@type":"ReadAction","target":["https:\/\/www.zhgdled.com\/pl\/eagle-series-led-street-lights.html"]}]},{"@type":"ImageObject","inLanguage":"pl-PL","@id":"https:\/\/www.zhgdled.com\/pl\/eagle-series-led-street-lights.html#primaryimage","url":"https:\/\/www.zhgdled.com\/wp-content\/uploads\/2021\/10\/35-1.png","contentUrl":"https:\/\/www.zhgdled.com\/wp-content\/uploads\/2021\/10\/35-1.png","width":1600,"height":1600,"caption":"Eagle Series LED street Light"},{"@type":"BreadcrumbList","@id":"https:\/\/www.zhgdled.com\/pl\/eagle-series-led-street-lights.html#breadcrumb","itemListElement":[{"@type":"ListItem","position":1,"name":"Home","item":"https:\/\/www.zhgdled.com\/pl"},{"@type":"ListItem","position":2,"name":"PRODUCTS","item":"https:\/\/www.zhgdled.com\/zhl-products.html"},{"@type":"ListItem","position":3,"name":"O\u015bwietlenie uliczne LED serii EAGLE"}]},{"@type":"WebSite","@id":"https:\/\/www.zhgdled.com\/pl\/#website","url":"https:\/\/www.zhgdled.com\/pl\/","name":"Grupa O\u015bwietleniowa ZHL","description":"Top ranking industrial lighting manufacturer and exporter","publisher":{"@id":"https:\/\/www.zhgdled.com\/pl\/#organization"},"potentialAction":[{"@type":"SearchAction","target":{"@type":"EntryPoint","urlTemplate":"https:\/\/www.zhgdled.com\/pl\/?s={search_term_string}"},"query-input":{"@type":"PropertyValueSpecification","valueRequired":true,"valueName":"search_term_string"}}],"inLanguage":"pl-PL"},{"@type":"Organization","@id":"https:\/\/www.zhgdled.com\/pl\/#organization","name":"ZHL Lighting Group","url":"https:\/\/www.zhgdled.com\/pl\/","logo":{"@type":"ImageObject","inLanguage":"pl-PL","@id":"https:\/\/www.zhgdled.com\/pl\/#\/schema\/logo\/image\/","url":"","contentUrl":"","caption":"ZHL Lighting Group"},"image":{"@id":"https:\/\/www.zhgdled.com\/pl\/#\/schema\/logo\/image\/"},"sameAs":["https:\/\/www.facebook.com\/zhllightinggroup","https:\/\/x.com\/zhl_lighting"]}]}},"_links":{"self":[{"href":"https:\/\/www.zhgdled.com\/pl\/wp-json\/wp\/v2\/product\/21039","targetHints":{"allow":["GET"]}}],"collection":[{"href":"https:\/\/www.zhgdled.com\/pl\/wp-json\/wp\/v2\/product"}],"about":[{"href":"https:\/\/www.zhgdled.com\/pl\/wp-json\/wp\/v2\/types\/product"}],"wp:featuredmedia":[{"embeddable":true,"href":"https:\/\/www.zhgdled.com\/pl\/wp-json\/wp\/v2\/media\/13665"}],"wp:attachment":[{"href":"https:\/\/www.zhgdled.com\/pl\/wp-json\/wp\/v2\/media?parent=21039"}],"wp:term":[{"taxonomy":"product_brand","embeddable":true,"href":"https:\/\/www.zhgdled.com\/pl\/wp-json\/wp\/v2\/product_brand?post=21039"},{"taxonomy":"product_cat","embeddable":true,"href":"https:\/\/www.zhgdled.com\/pl\/wp-json\/wp\/v2\/product_cat?post=21039"},{"taxonomy":"product_tag","embeddable":true,"href":"https:\/\/www.zhgdled.com\/pl\/wp-json\/wp\/v2\/product_tag?post=21039"}],"curies":[{"name":"wp","href":"https:\/\/api.w.org\/{rel}","templated":true}]}}