{"id":21512,"date":"2023-08-21T08:44:20","date_gmt":"2023-07-01T08:44:20","guid":{"rendered":"https:\/\/www.zhgdled.com\/product\/aurora-series-300w-1000w-stadium-sports-light-2"},"modified":"2023-08-21T08:45:05","modified_gmt":"2023-08-21T00:45:05","slug":"aurora-series-300w-1000w-stadium-sports-light","status":"publish","type":"product","link":"https:\/\/www.zhgdled.com\/pl\/aurora-series-300w-1000w-stadium-sports-light.html","title":{"rendered":"Stadionowe o\u015bwietlenie sportowe z serii AURORA 300 W-1000 W"},"content":{"rendered":"<h2>Cechy reflektor\u00f3w stadionowych LED<\/h2>\n<ul>\n<li>Bez rt\u0119ci, natychmiastowy start, bez migotania<\/li>\n<li>Super jasne, wysoka skuteczno\u015b\u0107 \u015bwietlna 140 lm\/w, oszcz\u0119dno\u015b\u0107 koszt\u00f3w o 60%-80%<\/li>\n<li>W\u0105ski k\u0105t wi\u0105zki \u015bwiat\u0142a, ekonomiczne rozwi\u0105zanie o\u015bwietleniowe z wysokim masztem<\/li>\n<li>Os\u0142ona przeciwodblaskowa, certyfikat ciemnego nieba bez powodowania zanieczyszczenia \u015bwiat\u0142em innych obszar\u00f3w<\/li>\n<li>Dost\u0119pne \u015bwiat\u0142o pozycyjne do dok\u0142adnego o\u015bwietlenia terenu sportowego<\/li>\n<li>Dost\u0119pne s\u0105 r\u00f3\u017cne wsporniki monta\u017cowe, takie jak monta\u017c wsuwany, wspornik obrotowy i wspornik jarzma.<\/li>\n<\/ul>\n<h2>Odpowiednik \u015bwiate\u0142 stadionowych LED<\/h2>\n<ul>\n<li>300W LED = 900W-1200W MH HPS<\/li>\n<li>400W LED = 1200W-1500W MH HPS<\/li>\n<li>500W LED = 1500W-2000W MH HPS<\/li>\n<li>600W LED = 2000W-2500W MH HPS<\/li>\n<li>700W LED = 2500W -2800W MH HPS<\/li>\n<li>1000W LED = 3500W- 4000W MH HPS<\/li>\n<\/ul>\n<h3 class=\"fusion-responsive-typography-calculated\" data-fontsize=\"16\" data-lineheight=\"24px\">Specyfikacja<\/h3>\n<p><img decoding=\"async\" class=\"alignnone wp-image-17482\" src=\"https:\/\/www.zhgdled.com\/wp-content\/uploads\/2022\/07\/zhl_download-logo.png\" alt=\"\" width=\"26\" height=\"26\" srcset=\"https:\/\/www.zhgdled.com\/wp-content\/uploads\/2022\/07\/zhl_download-logo.png 368w, https:\/\/www.zhgdled.com\/wp-content\/uploads\/2022\/07\/zhl_download-logo-300x300.png 300w, https:\/\/www.zhgdled.com\/wp-content\/uploads\/2022\/07\/zhl_download-logo-150x150.png 150w\" sizes=\"(max-width: 26px) 100vw, 26px\" \/><a href=\"https:\/\/www.zhgdled.com\/download\/download-catalogue-of-aurora-series-stadium-sports-light\">Download Specs<\/a><\/p>\n<table width=\"649\">\n<tbody>\n<tr>\n<td width=\"186\"><\/td>\n<td width=\"463\"><\/td>\n<\/tr>\n<tr>\n<td>Moc<\/td>\n<td>300W 600W 800W 1000W<\/td>\n<\/tr>\n<tr>\n<td>LED<\/td>\n<td>OSRAM5050<\/td>\n<\/tr>\n<tr>\n<td>Temperatura koloru(CCT)<\/td>\n<td>2700-6500K<\/td>\n<\/tr>\n<tr>\n<td>Wydajno\u015b\u0107 \u015bwietlna(lm\/w)<\/td>\n<td>140lm\/w<\/td>\n<\/tr>\n<tr>\n<td>Napi\u0119cie wej\u015bciowe(V)<\/td>\n<td width=\"463\">90-305VAC\/50-60Hz<\/td>\n<\/tr>\n<tr>\n<td>PF<\/td>\n<td>&gt;0.9<\/td>\n<\/tr>\n<tr>\n<td>CRI (Ra&gt;)<\/td>\n<td>70<\/td>\n<\/tr>\n<tr>\n<td>K\u0105t wi\u0105zki(\u00b0)<\/td>\n<td>25\u00b0\/40\u00b0*60\u00b0<\/td>\n<\/tr>\n<tr>\n<td>Stopie\u0144 ochrony IP<\/td>\n<td>IP65<\/td>\n<\/tr>\n<tr>\n<td>Materia\u0142<\/td>\n<td>Aluminiowa obudowa + os\u0142ona ze szk\u0142a hartowanego<\/td>\n<\/tr>\n<tr>\n<td>Temperatura otoczenia(\u2103)<\/td>\n<td>-20-50<\/td>\n<\/tr>\n<tr>\n<td>Gwarancja (rok)<\/td>\n<td>5 Years<\/td>\n<\/tr>\n<tr>\n<td>Orzecznictwo<\/td>\n<td>CE,ERP<\/td>\n<\/tr>\n<tr>\n<td>Driver<\/td>\n<td>SOSEN \/Mean well 0-10W Dimmable\u00a0\u00a0 driver<\/td>\n<\/tr>\n<\/tbody>\n<\/table>\n<p>&nbsp;<\/p>\n<div id=\"attachment_12808\" style=\"width: 934px\" class=\"wp-caption alignnone\"><img decoding=\"async\" aria-describedby=\"caption-attachment-12808\" class=\" wp-image-12808\" src=\"https:\/\/www.zhgdled.com\/wp-content\/uploads\/2021\/10\/1-1.png\" alt=\"\" width=\"924\" height=\"716\" srcset=\"https:\/\/www.zhgdled.com\/wp-content\/uploads\/2021\/10\/1-1.png 1127w, https:\/\/www.zhgdled.com\/wp-content\/uploads\/2021\/10\/1-1-300x232.png 300w, https:\/\/www.zhgdled.com\/wp-content\/uploads\/2021\/10\/1-1-1024x793.png 1024w, https:\/\/www.zhgdled.com\/wp-content\/uploads\/2021\/10\/1-1-768x595.png 768w, https:\/\/www.zhgdled.com\/wp-content\/uploads\/2021\/10\/1-1-600x465.png 600w, https:\/\/www.zhgdled.com\/wp-content\/uploads\/2021\/10\/1-1-150x116.png 150w\" sizes=\"(max-width: 924px) 100vw, 924px\" \/><p id=\"caption-attachment-12808\" class=\"wp-caption-text\">ZHL sports light range from 300W to 1000W.<\/p><\/div>\n","protected":false},"excerpt":{"rendered":"<p>Zaprojektowany do wy\u017cszych instalacji powy\u017cej 25 st\u00f3p (7,5 m) i maksymalnie 165 st\u00f3p (50 m). Dzi\u0119ki certyfikowanej podk\u0142adce \u015bwietlnej o mocy 140 lm\/w lampy stadionowe z serii Aurora kieruj\u0105 wi\u0119cej \u015bwiat\u0142a na ziemi\u0119. K\u0105t wi\u0105zki od 25 do 60 stopni dla r\u00f3\u017cnych wysoko\u015bci instalacji. Dost\u0119pne w wersjach od 300 W do 1000 W, zaprojektowane jako zamienniki metalohalogenk\u00f3w o mocy 2000 W i oszcz\u0119dno\u015b\u0107 energii do 60%. \u017bywotno\u015b\u0107 150 000 godzin, 5 lat gwarancji.<\/p>\n<table width=\"649\">\n<tbody>\n<tr>\n<td width=\"260\">Moc<\/td>\n<td>300W 600W 800W 1000W<\/td>\n<\/tr>\n<tr>\n<td width=\"260\">LED<\/td>\n<td>OSRAM5050<\/td>\n<\/tr>\n<tr>\n<td width=\"260\">Temperatura koloru(CCT)<\/td>\n<td>2700-6500K<\/td>\n<\/tr>\n<tr>\n<td width=\"260\">Wydajno\u015b\u0107 \u015bwietlna(lm\/w)<\/td>\n<td>140lm\/w<\/td>\n<\/tr>\n<tr>\n<td width=\"260\">Napi\u0119cie wej\u015bciowe(V)<\/td>\n<td width=\"463\">90-305VAC\/50-60Hz<\/td>\n<\/tr>\n<tr>\n<td width=\"260\">PF<\/td>\n<td>&gt;0.9<\/td>\n<\/tr>\n<tr>\n<td width=\"260\">CRI (Ra&gt;)<\/td>\n<td>70<\/td>\n<\/tr>\n<tr>\n<td width=\"260\">K\u0105t wi\u0105zki(\u00b0)<\/td>\n<td>25\u00b0\/40\u00b0*60\u00b0<\/td>\n<\/tr>\n<\/tbody>\n<\/table>\n","protected":false},"featured_media":21640,"template":"","meta":[],"product_brand":[],"product_cat":[613],"product_tag":[],"class_list":{"0":"post-21512","1":"product","2":"type-product","3":"status-publish","4":"has-post-thumbnail","6":"product_cat-led-flood-light-pl-2","8":"first","9":"instock","10":"featured","11":"shipping-taxable","12":"product-type-simple"},"yoast_head":"<!-- This site is optimized with the Yoast SEO plugin v27.4 - https:\/\/yoast.com\/product\/yoast-seo-wordpress\/ -->\n<title>Stadionowe o\u015bwietlenie sportowe z serii AURORA 300 W-1000 W &#8211; Grupa O\u015bwietleniowa ZHL<\/title>\n<meta name=\"description\" content=\"Zaprojektowany do wy\u017cszych instalacji powy\u017cej 25 st\u00f3p (7,5 m) i maksymalnie 165 st\u00f3p (50 m). Dzi\u0119ki certyfikowanej podk\u0142adce \u015bwietlnej o mocy 140 lm\/w lampy stadionowe z serii Aurora kieruj\u0105 wi\u0119cej \u015bwiat\u0142a na ziemi\u0119.\" \/>\n<meta name=\"robots\" content=\"index, follow, max-snippet:-1, max-image-preview:large, max-video-preview:-1\" \/>\n<link rel=\"canonical\" href=\"https:\/\/www.zhgdled.com\/pl\/aurora-series-300w-1000w-stadium-sports-light.html\" \/>\n<meta property=\"og:locale\" content=\"pl_PL\" \/>\n<meta property=\"og:type\" content=\"article\" \/>\n<meta property=\"og:title\" content=\"Stadionowe o\u015bwietlenie sportowe z serii AURORA 300 W-1000 W &#8211; Grupa O\u015bwietleniowa ZHL\" \/>\n<meta property=\"og:description\" content=\"Zaprojektowany do wy\u017cszych instalacji powy\u017cej 25 st\u00f3p (7,5 m) i maksymalnie 165 st\u00f3p (50 m). Dzi\u0119ki certyfikowanej podk\u0142adce \u015bwietlnej o mocy 140 lm\/w lampy stadionowe z serii Aurora kieruj\u0105 wi\u0119cej \u015bwiat\u0142a na ziemi\u0119.\" \/>\n<meta property=\"og:url\" content=\"https:\/\/www.zhgdled.com\/pl\/aurora-series-300w-1000w-stadium-sports-light.html\" \/>\n<meta property=\"og:site_name\" content=\"Grupa O\u015bwietleniowa ZHL\" \/>\n<meta property=\"article:publisher\" content=\"https:\/\/www.facebook.com\/zhllightinggroup\" \/>\n<meta property=\"article:modified_time\" content=\"2023-08-21T00:45:05+00:00\" \/>\n<meta property=\"og:image\" content=\"https:\/\/www.zhgdled.com\/wp-content\/uploads\/2021\/10\/29.png\" \/>\n\t<meta property=\"og:image:width\" content=\"1600\" \/>\n\t<meta property=\"og:image:height\" content=\"1600\" \/>\n\t<meta property=\"og:image:type\" content=\"image\/png\" \/>\n<meta name=\"twitter:card\" content=\"summary_large_image\" \/>\n<meta name=\"twitter:site\" content=\"@zhl_lighting\" \/>\n<meta name=\"twitter:label1\" content=\"Szacowany czas czytania\" \/>\n\t<meta name=\"twitter:data1\" content=\"2 minuty\" \/>\n<script type=\"application\/ld+json\" class=\"yoast-schema-graph\">{\"@context\":\"https:\\\/\\\/schema.org\",\"@graph\":[{\"@type\":\"WebPage\",\"@id\":\"https:\\\/\\\/www.zhgdled.com\\\/pl\\\/aurora-series-300w-1000w-stadium-sports-light.html\",\"url\":\"https:\\\/\\\/www.zhgdled.com\\\/pl\\\/aurora-series-300w-1000w-stadium-sports-light.html\",\"name\":\"Stadionowe o\u015bwietlenie sportowe z serii AURORA 300 W-1000 W &#8211; Grupa O\u015bwietleniowa ZHL\",\"isPartOf\":{\"@id\":\"https:\\\/\\\/www.zhgdled.com\\\/pl\\\/#website\"},\"primaryImageOfPage\":{\"@id\":\"https:\\\/\\\/www.zhgdled.com\\\/pl\\\/aurora-series-300w-1000w-stadium-sports-light.html#primaryimage\"},\"image\":{\"@id\":\"https:\\\/\\\/www.zhgdled.com\\\/pl\\\/aurora-series-300w-1000w-stadium-sports-light.html#primaryimage\"},\"thumbnailUrl\":\"https:\\\/\\\/www.zhgdled.com\\\/wp-content\\\/uploads\\\/2023\\\/08\\\/29.png\",\"datePublished\":\"2023-07-01T08:44:20+00:00\",\"dateModified\":\"2023-08-21T00:45:05+00:00\",\"description\":\"Zaprojektowany do wy\u017cszych instalacji powy\u017cej 25 st\u00f3p (7,5 m) i maksymalnie 165 st\u00f3p (50 m). Dzi\u0119ki certyfikowanej podk\u0142adce \u015bwietlnej o mocy 140 lm\\\/w lampy stadionowe z serii Aurora kieruj\u0105 wi\u0119cej \u015bwiat\u0142a na ziemi\u0119.\",\"breadcrumb\":{\"@id\":\"https:\\\/\\\/www.zhgdled.com\\\/pl\\\/aurora-series-300w-1000w-stadium-sports-light.html#breadcrumb\"},\"inLanguage\":\"pl-PL\",\"potentialAction\":[{\"@type\":\"ReadAction\",\"target\":[\"https:\\\/\\\/www.zhgdled.com\\\/pl\\\/aurora-series-300w-1000w-stadium-sports-light.html\"]}]},{\"@type\":\"ImageObject\",\"inLanguage\":\"pl-PL\",\"@id\":\"https:\\\/\\\/www.zhgdled.com\\\/pl\\\/aurora-series-300w-1000w-stadium-sports-light.html#primaryimage\",\"url\":\"https:\\\/\\\/www.zhgdled.com\\\/wp-content\\\/uploads\\\/2023\\\/08\\\/29.png\",\"contentUrl\":\"https:\\\/\\\/www.zhgdled.com\\\/wp-content\\\/uploads\\\/2023\\\/08\\\/29.png\",\"width\":1600,\"height\":1600,\"caption\":\"Aurora series sports stadium lights\"},{\"@type\":\"BreadcrumbList\",\"@id\":\"https:\\\/\\\/www.zhgdled.com\\\/pl\\\/aurora-series-300w-1000w-stadium-sports-light.html#breadcrumb\",\"itemListElement\":[{\"@type\":\"ListItem\",\"position\":1,\"name\":\"Home\",\"item\":\"https:\\\/\\\/www.zhgdled.com\\\/pl\"},{\"@type\":\"ListItem\",\"position\":2,\"name\":\"PRODUCTS\",\"item\":\"https:\\\/\\\/www.zhgdled.com\\\/zhl-products.html\"},{\"@type\":\"ListItem\",\"position\":3,\"name\":\"Stadionowe o\u015bwietlenie sportowe z serii AURORA 300 W-1000 W\"}]},{\"@type\":\"WebSite\",\"@id\":\"https:\\\/\\\/www.zhgdled.com\\\/pl\\\/#website\",\"url\":\"https:\\\/\\\/www.zhgdled.com\\\/pl\\\/\",\"name\":\"Grupa O\u015bwietleniowa ZHL\",\"description\":\"Top ranking industrial lighting manufacturer and exporter\",\"publisher\":{\"@id\":\"https:\\\/\\\/www.zhgdled.com\\\/pl\\\/#organization\"},\"potentialAction\":[{\"@type\":\"SearchAction\",\"target\":{\"@type\":\"EntryPoint\",\"urlTemplate\":\"https:\\\/\\\/www.zhgdled.com\\\/pl\\\/?s={search_term_string}\"},\"query-input\":{\"@type\":\"PropertyValueSpecification\",\"valueRequired\":true,\"valueName\":\"search_term_string\"}}],\"inLanguage\":\"pl-PL\"},{\"@type\":\"Organization\",\"@id\":\"https:\\\/\\\/www.zhgdled.com\\\/pl\\\/#organization\",\"name\":\"ZHL Lighting Group\",\"url\":\"https:\\\/\\\/www.zhgdled.com\\\/pl\\\/\",\"logo\":{\"@type\":\"ImageObject\",\"inLanguage\":\"pl-PL\",\"@id\":\"https:\\\/\\\/www.zhgdled.com\\\/pl\\\/#\\\/schema\\\/logo\\\/image\\\/\",\"url\":\"\",\"contentUrl\":\"\",\"caption\":\"ZHL Lighting Group\"},\"image\":{\"@id\":\"https:\\\/\\\/www.zhgdled.com\\\/pl\\\/#\\\/schema\\\/logo\\\/image\\\/\"},\"sameAs\":[\"https:\\\/\\\/www.facebook.com\\\/zhllightinggroup\",\"https:\\\/\\\/x.com\\\/zhl_lighting\"]}]}<\/script>\n<!-- \/ Yoast SEO plugin. -->","yoast_head_json":{"title":"Stadionowe o\u015bwietlenie sportowe z serii AURORA 300 W-1000 W &#8211; Grupa O\u015bwietleniowa ZHL","description":"Zaprojektowany do wy\u017cszych instalacji powy\u017cej 25 st\u00f3p (7,5 m) i maksymalnie 165 st\u00f3p (50 m). Dzi\u0119ki certyfikowanej podk\u0142adce \u015bwietlnej o mocy 140 lm\/w lampy stadionowe z serii Aurora kieruj\u0105 wi\u0119cej \u015bwiat\u0142a na ziemi\u0119.","robots":{"index":"index","follow":"follow","max-snippet":"max-snippet:-1","max-image-preview":"max-image-preview:large","max-video-preview":"max-video-preview:-1"},"canonical":"https:\/\/www.zhgdled.com\/pl\/aurora-series-300w-1000w-stadium-sports-light.html","og_locale":"pl_PL","og_type":"article","og_title":"Stadionowe o\u015bwietlenie sportowe z serii AURORA 300 W-1000 W &#8211; Grupa O\u015bwietleniowa ZHL","og_description":"Zaprojektowany do wy\u017cszych instalacji powy\u017cej 25 st\u00f3p (7,5 m) i maksymalnie 165 st\u00f3p (50 m). Dzi\u0119ki certyfikowanej podk\u0142adce \u015bwietlnej o mocy 140 lm\/w lampy stadionowe z serii Aurora kieruj\u0105 wi\u0119cej \u015bwiat\u0142a na ziemi\u0119.","og_url":"https:\/\/www.zhgdled.com\/pl\/aurora-series-300w-1000w-stadium-sports-light.html","og_site_name":"Grupa O\u015bwietleniowa ZHL","article_publisher":"https:\/\/www.facebook.com\/zhllightinggroup","article_modified_time":"2023-08-21T00:45:05+00:00","og_image":[{"width":1600,"height":1600,"url":"https:\/\/www.zhgdled.com\/wp-content\/uploads\/2021\/10\/29.png","type":"image\/png"}],"twitter_card":"summary_large_image","twitter_site":"@zhl_lighting","twitter_misc":{"Szacowany czas czytania":"2 minuty"},"schema":{"@context":"https:\/\/schema.org","@graph":[{"@type":"WebPage","@id":"https:\/\/www.zhgdled.com\/pl\/aurora-series-300w-1000w-stadium-sports-light.html","url":"https:\/\/www.zhgdled.com\/pl\/aurora-series-300w-1000w-stadium-sports-light.html","name":"Stadionowe o\u015bwietlenie sportowe z serii AURORA 300 W-1000 W &#8211; Grupa O\u015bwietleniowa ZHL","isPartOf":{"@id":"https:\/\/www.zhgdled.com\/pl\/#website"},"primaryImageOfPage":{"@id":"https:\/\/www.zhgdled.com\/pl\/aurora-series-300w-1000w-stadium-sports-light.html#primaryimage"},"image":{"@id":"https:\/\/www.zhgdled.com\/pl\/aurora-series-300w-1000w-stadium-sports-light.html#primaryimage"},"thumbnailUrl":"https:\/\/www.zhgdled.com\/wp-content\/uploads\/2023\/08\/29.png","datePublished":"2023-07-01T08:44:20+00:00","dateModified":"2023-08-21T00:45:05+00:00","description":"Zaprojektowany do wy\u017cszych instalacji powy\u017cej 25 st\u00f3p (7,5 m) i maksymalnie 165 st\u00f3p (50 m). Dzi\u0119ki certyfikowanej podk\u0142adce \u015bwietlnej o mocy 140 lm\/w lampy stadionowe z serii Aurora kieruj\u0105 wi\u0119cej \u015bwiat\u0142a na ziemi\u0119.","breadcrumb":{"@id":"https:\/\/www.zhgdled.com\/pl\/aurora-series-300w-1000w-stadium-sports-light.html#breadcrumb"},"inLanguage":"pl-PL","potentialAction":[{"@type":"ReadAction","target":["https:\/\/www.zhgdled.com\/pl\/aurora-series-300w-1000w-stadium-sports-light.html"]}]},{"@type":"ImageObject","inLanguage":"pl-PL","@id":"https:\/\/www.zhgdled.com\/pl\/aurora-series-300w-1000w-stadium-sports-light.html#primaryimage","url":"https:\/\/www.zhgdled.com\/wp-content\/uploads\/2023\/08\/29.png","contentUrl":"https:\/\/www.zhgdled.com\/wp-content\/uploads\/2023\/08\/29.png","width":1600,"height":1600,"caption":"Aurora series sports stadium lights"},{"@type":"BreadcrumbList","@id":"https:\/\/www.zhgdled.com\/pl\/aurora-series-300w-1000w-stadium-sports-light.html#breadcrumb","itemListElement":[{"@type":"ListItem","position":1,"name":"Home","item":"https:\/\/www.zhgdled.com\/pl"},{"@type":"ListItem","position":2,"name":"PRODUCTS","item":"https:\/\/www.zhgdled.com\/zhl-products.html"},{"@type":"ListItem","position":3,"name":"Stadionowe o\u015bwietlenie sportowe z serii AURORA 300 W-1000 W"}]},{"@type":"WebSite","@id":"https:\/\/www.zhgdled.com\/pl\/#website","url":"https:\/\/www.zhgdled.com\/pl\/","name":"Grupa O\u015bwietleniowa ZHL","description":"Top ranking industrial lighting manufacturer and exporter","publisher":{"@id":"https:\/\/www.zhgdled.com\/pl\/#organization"},"potentialAction":[{"@type":"SearchAction","target":{"@type":"EntryPoint","urlTemplate":"https:\/\/www.zhgdled.com\/pl\/?s={search_term_string}"},"query-input":{"@type":"PropertyValueSpecification","valueRequired":true,"valueName":"search_term_string"}}],"inLanguage":"pl-PL"},{"@type":"Organization","@id":"https:\/\/www.zhgdled.com\/pl\/#organization","name":"ZHL Lighting Group","url":"https:\/\/www.zhgdled.com\/pl\/","logo":{"@type":"ImageObject","inLanguage":"pl-PL","@id":"https:\/\/www.zhgdled.com\/pl\/#\/schema\/logo\/image\/","url":"","contentUrl":"","caption":"ZHL Lighting Group"},"image":{"@id":"https:\/\/www.zhgdled.com\/pl\/#\/schema\/logo\/image\/"},"sameAs":["https:\/\/www.facebook.com\/zhllightinggroup","https:\/\/x.com\/zhl_lighting"]}]}},"_links":{"self":[{"href":"https:\/\/www.zhgdled.com\/pl\/wp-json\/wp\/v2\/product\/21512","targetHints":{"allow":["GET"]}}],"collection":[{"href":"https:\/\/www.zhgdled.com\/pl\/wp-json\/wp\/v2\/product"}],"about":[{"href":"https:\/\/www.zhgdled.com\/pl\/wp-json\/wp\/v2\/types\/product"}],"wp:featuredmedia":[{"embeddable":true,"href":"https:\/\/www.zhgdled.com\/pl\/wp-json\/wp\/v2\/media\/21640"}],"wp:attachment":[{"href":"https:\/\/www.zhgdled.com\/pl\/wp-json\/wp\/v2\/media?parent=21512"}],"wp:term":[{"taxonomy":"product_brand","embeddable":true,"href":"https:\/\/www.zhgdled.com\/pl\/wp-json\/wp\/v2\/product_brand?post=21512"},{"taxonomy":"product_cat","embeddable":true,"href":"https:\/\/www.zhgdled.com\/pl\/wp-json\/wp\/v2\/product_cat?post=21512"},{"taxonomy":"product_tag","embeddable":true,"href":"https:\/\/www.zhgdled.com\/pl\/wp-json\/wp\/v2\/product_tag?post=21512"}],"curies":[{"name":"wp","href":"https:\/\/api.w.org\/{rel}","templated":true}]}}