{"id":21706,"date":"2024-03-26T09:52:15","date_gmt":"2023-08-21T01:52:15","guid":{"rendered":"https:\/\/www.zhgdled.com\/product\/spring-series-led-industrial-flood-light"},"modified":"2024-03-26T14:12:07","modified_gmt":"2024-03-26T06:12:07","slug":"spring-series-led-industrial-flood-light","status":"publish","type":"product","link":"https:\/\/www.zhgdled.com\/pl\/spring-series-led-industrial-flood-light.html","title":{"rendered":"Przemys\u0142owe reflektory LED z serii SPRING"},"content":{"rendered":"<h2><span style=\"color: #ff6600;\"><strong>O\u015bwietl swoj\u0105 przestrze\u0144 wszechstronnymi reflektorami z serii Spring<\/strong><\/span><\/h2>\n<p>Je\u015bli chodzi o o\u015bwietlanie przestrzeni zewn\u0119trznych w spos\u00f3b efektywny, trwa\u0142y i wszechstronny, reflektory z serii Spring wyr\u00f3\u017cniaj\u0105 si\u0119 jako doskona\u0142y przyk\u0142ad innowacyjno\u015bci. Zaprojektowane, aby sprosta\u0107 r\u00f3\u017cnorodnym potrzebom o\u015bwietleniowym w aplikacjach zewn\u0119trznych, te reflektory oferuj\u0105 r\u00f3\u017cne opcje mocy od 10 do 400 wat\u00f3w, zapewniaj\u0105c doskona\u0142e o\u015bwietlenie ka\u017cdego zak\u0105tka.<\/p>\n<h3>Moc i Wydajno\u015b\u0107<\/h3>\n<p>Reflektory z serii Spring wyst\u0119puj\u0105 w r\u00f3\u017cnych poziomach mocy, pocz\u0105wszy od skromnych 10 wat\u00f3w, a\u017c do pot\u0119\u017cnych 400 wat\u00f3w. Bez wzgl\u0119du na wariant mocy, ka\u017cda jednostka mo\u017ce pochwali\u0107 si\u0119 imponuj\u0105c\u0105 wydajno\u015bci\u0105 \u015bwietln\u0105 na poziomie 120 lumen\u00f3w na wat, co zapewnia jasne, energooszcz\u0119dne o\u015bwietlenie. Bez wzgl\u0119du na to, czy to niewielki ogr\u00f3d, czy rozleg\u0142a przestrze\u0144 zewn\u0119trzna, te reflektory s\u0105 przygotowane na ka\u017cd\u0105 okoliczno\u015b\u0107.<\/p>\n<h3>Najnowocze\u015bniejsza technologia LED<\/h3>\n<p>Nap\u0119dzane przez diody LED SMD 2835, reflektory z serii Spring zapewniaj\u0105 sta\u0142e i wysokiej jako\u015bci \u015bwiat\u0142o. Te diody LED s\u0105 znane z niezawodno\u015bci, d\u0142ugowieczno\u015bci i doskona\u0142ej wydajno\u015bci, co gwarantuje, \u017ce twoje przestrzenie zewn\u0119trzne b\u0119d\u0105 dobrze o\u015bwietlone przez wiele lat.<\/p>\n<h3>Regulowana Temperatura Barwowa i K\u0105t Rozproszenia \u015awiat\u0142a<\/h3>\n<p>Dzi\u0119ki zakresowi temperatury barwowej od 2700K do 6500K, te reflektory pozwalaj\u0105 dostosowa\u0107 atmosfer\u0119 w twoich przestrzeniach zewn\u0119trznych wed\u0142ug w\u0142asnych upodoba\u0144. Dodatkowo, wszechstronne opcje k\u0105ta rozproszenia \u015bwiat\u0142a od 60 do 160 stopni pozwalaj\u0105 precyzyjnie kontrolowa\u0107 rozproszenie i skupienie \u015bwiat\u0142a, \u0142atwo dostosowuj\u0105c si\u0119 do r\u00f3\u017cnych potrzeb o\u015bwietleniowych.<\/p>\n<h3>Solidna Konstrukcja<\/h3>\n<p>Wykonane z my\u015bl\u0105 o trwa\u0142o\u015bci, reflektory z serii Spring posiadaj\u0105 korpus z aluminium, soczewk\u0119 PC i pokryw\u0119 z hartowanego szk\u0142a. Ta solidna konstrukcja zapewnia ochron\u0119 przed trudnymi warunkami atmosferycznymi, korozj\u0105 i uderzeniami, co sprawia, \u017ce s\u0105 idealnym wyborem do \u015brodowisk zewn\u0119trznych, gdzie niezawodno\u015b\u0107 ma najwy\u017csze znaczenie.<\/p>\n<h3>Wysokie Standardy Wydajno\u015bci i Bezpiecze\u0144stwa<\/h3>\n<p>Dzi\u0119ki wsp\u00f3\u0142czynnikowi mocy wi\u0119kszemu ni\u017c 0,9 i wysokiemu wska\u017anikowi oddawania barw (CRI) na poziomie 80\/70, te reflektory nie tylko oferuj\u0105 wyj\u0105tkow\u0105 wydajno\u015b\u0107, ale tak\u017ce dok\u0142adne odwzorowanie kolor\u00f3w. Ponadto, z ocen\u0105 IP65, s\u0105 one szczelne przed kurzem i wodoodporne, co gwarantuje niezawodn\u0105 prac\u0119 nawet w trudnych warunkach zewn\u0119trznych.<\/p>\n<h3>\u0141atwa Instalacja i Konserwacja<\/h3>\n<p>Reflektory z serii Spring s\u0105 wyposa\u017cone w sterowniki ZHL lub Meanwell, znane z niezawodno\u015bci i efektywno\u015bci. W po\u0142\u0105czeniu z ich lekk\u0105 konstrukcj\u0105 i prostym procesem instalacji, stanowi\u0105 bezproblemowe rozwi\u0105zanie o\u015bwietleniowe. Ponadto, obj\u0119te s\u0105 gwarancj\u0105 nawet do 5 lat, co zapewnia spok\u00f3j ducha, \u017ce twoja inwestycja jest chroniona.<\/p>\n<h3>Przyjazne dla \u015arodowiska i Certyfikowane<\/h3>\n<p>Zobowi\u0105zani do zr\u00f3wnowa\u017conego rozwoju, reflektory z serii Spring posiadaj\u0105 certyfikaty CE, ERP i RoHS, spe\u0142niaj\u0105ce surowe standardy \u015brodowiskowe i bezpiecze\u0144stwa. Wybieraj\u0105c te reflektory, nie tylko zmniejszasz sw\u00f3j \u015blad w\u0119glowy, ale tak\u017ce przyczyniasz si\u0119 do bardziej ekologicznej przysz\u0142o\u015bci.<\/p>\n<p><img decoding=\"async\" class=\"alignnone size-full wp-image-14640\" style=\"color: #1b1919; font-size: 24px;\" src=\"https:\/\/www.zhgdled.com\/wp-content\/uploads\/2021\/10\/1665197698153.jpg\" alt=\"ZHL Spring Series flood light\" width=\"750\" height=\"806\" srcset=\"https:\/\/www.zhgdled.com\/wp-content\/uploads\/2021\/10\/1665197698153.jpg 750w, https:\/\/www.zhgdled.com\/wp-content\/uploads\/2021\/10\/1665197698153-279x300.jpg 279w, https:\/\/www.zhgdled.com\/wp-content\/uploads\/2021\/10\/1665197698153-600x645.jpg 600w, https:\/\/www.zhgdled.com\/wp-content\/uploads\/2021\/10\/1665197698153-150x161.jpg 150w\" sizes=\"(max-width: 750px) 100vw, 750px\" \/><\/p>\n<h2>SPECYFIKACJE<\/h2>\n<blockquote><p><img decoding=\"async\" class=\"alignnone wp-image-17482\" src=\"https:\/\/www.zhgdled.com\/wp-content\/uploads\/2022\/07\/zhl_download-logo.png\" alt=\"\" width=\"28\" height=\"28\" srcset=\"https:\/\/www.zhgdled.com\/wp-content\/uploads\/2022\/07\/zhl_download-logo.png 368w, https:\/\/www.zhgdled.com\/wp-content\/uploads\/2022\/07\/zhl_download-logo-300x300.png 300w, https:\/\/www.zhgdled.com\/wp-content\/uploads\/2022\/07\/zhl_download-logo-150x150.png 150w\" sizes=\"(max-width: 28px) 100vw, 28px\" \/><a href=\"https:\/\/www.zhgdled.com\/download\/spring-series-flood-light\">Pobierz katalog<\/a> do reflektor\u00f3w przemys\u0142owych serii Spring<\/p><\/blockquote>\n<table>\n<tbody>\n<tr>\n<td>Moc<\/td>\n<td>10W 20W 30W 50W 100W 150W 200W 240W 300W 400W<\/td>\n<\/tr>\n<tr>\n<td>LED<\/td>\n<td>SMD 2835<\/td>\n<\/tr>\n<tr>\n<td>Temperatura barwowa (CCT)<\/td>\n<td>2700-6500K<\/td>\n<\/tr>\n<tr>\n<td>Wydajno\u015b\u0107 \u015bwietlna (lm\/w)<\/td>\n<td>120lm\/w<\/td>\n<\/tr>\n<tr>\n<td>Napi\u0119cie wej\u015bciowe (V)<\/td>\n<td width=\"470\">AC220-240V\/ AC100-240V<\/td>\n<\/tr>\n<tr>\n<td>PF<\/td>\n<td>&gt;0.9<\/td>\n<\/tr>\n<tr>\n<td>CRI (Ra&gt;)<\/td>\n<td>80\/70<\/td>\n<\/tr>\n<tr>\n<td>K\u0105t \u015bwiecenia (\u00b0)<\/td>\n<td width=\"470\">60\/90\/120\/60*145\uff08T2-M\uff09\/80*145\uff08T2-L\uff09<br \/>\n90*155\uff08TYPE-1\uff0945*157\uff08T3-M\uff09100*160\uff08T3-M\uff09<br \/>\n160\uff08T5-M\uff09<\/td>\n<\/tr>\n<tr>\n<td>Stopie\u0144 ochrony IP<\/td>\n<td>IP65<\/td>\n<\/tr>\n<tr>\n<td>Materia\u0142<\/td>\n<td>Aluminiowy korpus + obiektyw PC + os\u0142ona ze szk\u0142a hartowanego<\/td>\n<\/tr>\n<tr>\n<td>Temperatura pracy (\u2103)<\/td>\n<td>-20-50<\/td>\n<\/tr>\n<tr>\n<td>Gwarancja (rok)<\/td>\n<td>3 lata \/ 5 lat<\/td>\n<\/tr>\n<tr>\n<td>Orzecznictwo<\/td>\n<td>CE,\u00a0ERP, RoHS<\/td>\n<\/tr>\n<tr>\n<td>Kierowca<\/td>\n<td>Marka ZHL \/ Meanwell<\/td>\n<\/tr>\n<\/tbody>\n<\/table>\n<h2><img decoding=\"async\" class=\"alignnone size-full wp-image-21529\" style=\"color: #333333; font-size: 16px;\" src=\"https:\/\/www.zhgdled.com\/wp-content\/uploads\/2023\/08\/IEC-report12.jpg\" alt=\"\" width=\"705\" height=\"684\" srcset=\"https:\/\/www.zhgdled.com\/wp-content\/uploads\/2023\/08\/IEC-report12.jpg 705w, https:\/\/www.zhgdled.com\/wp-content\/uploads\/2023\/08\/IEC-report12-300x291.jpg 300w, https:\/\/www.zhgdled.com\/wp-content\/uploads\/2023\/08\/IEC-report12-600x582.jpg 600w, https:\/\/www.zhgdled.com\/wp-content\/uploads\/2023\/08\/IEC-report12-150x146.jpg 150w\" sizes=\"(max-width: 705px) 100vw, 705px\" \/><\/h2>\n","protected":false},"excerpt":{"rendered":"<p>Reflektory z serii Spring \u0142\u0105cz\u0105 w sobie najnowocze\u015bniejsz\u0105 technologi\u0119, solidn\u0105 konstrukcj\u0119 i wszechstronne funkcje, aby o\u015bwietli\u0107 przestrzenie zewn\u0119trzne w spos\u00f3b niespotykany dot\u0105d pod wzgl\u0119dem wydajno\u015bci i niezawodno\u015bci. Czy to poprawa bezpiecze\u0144stwa twojej posesji, podkre\u015blenie element\u00f3w architektonicznych czy tworzenie przytulnych przestrzeni zewn\u0119trznych, te reflektory s\u0105 idealnym rozwi\u0105zaniem o\u015bwietleniowym do wszystkich zastosowa\u0144 zewn\u0119trznych.<\/p>\n<ul>\n<li>Moc: 10 W\/20 W\/30 W\/50 W\/100 W\/150 W\/200 W\/240 W\/300 W\/400 W<\/li>\n<li>SMD2835<\/li>\n<li>120lm\/w<\/li>\n<li>AC220-240V\/AC100-240V<\/li>\n<li>PF&gt;0,9<\/li>\n<li>CRI &gt;80<\/li>\n<li>K\u0105t \u015bwiecenia: 60\/90\/120\/60*145 (T2-M)\/80*145 (T2-L) 90*155 (TYP-1) 45*157 (T3-M) 100*160 (T3-M) 160 (T5-M)<\/li>\n<\/ul>\n","protected":false},"featured_media":13528,"template":"","meta":[],"product_brand":[],"product_cat":[613],"product_tag":[],"class_list":{"0":"post-21706","1":"product","2":"type-product","3":"status-publish","4":"has-post-thumbnail","6":"product_cat-led-flood-light-pl-2","8":"first","9":"instock","10":"featured","11":"shipping-taxable","12":"product-type-simple"},"yoast_head":"<!-- This site is optimized with the Yoast SEO plugin v27.4 - https:\/\/yoast.com\/product\/yoast-seo-wordpress\/ -->\n<title>Przemys\u0142owe reflektory LED z serii SPRING &#8211; Grupa O\u015bwietleniowa ZHL<\/title>\n<meta name=\"description\" content=\"Reflektory z serii Spring \u0142\u0105cz\u0105 w sobie najnowocze\u015bniejsz\u0105 technologi\u0119, solidn\u0105 konstrukcj\u0119 i wszechstronne funkcje, aby o\u015bwietli\u0107 przestrzenie zewn\u0119trzne w spos\u00f3b niespotykany dot\u0105d pod wzgl\u0119dem wydajno\u015bci i niezawodno\u015bci.\" \/>\n<meta name=\"robots\" content=\"index, follow, max-snippet:-1, max-image-preview:large, max-video-preview:-1\" \/>\n<link rel=\"canonical\" href=\"https:\/\/www.zhgdled.com\/pl\/spring-series-led-industrial-flood-light.html\" \/>\n<meta property=\"og:locale\" content=\"pl_PL\" \/>\n<meta property=\"og:type\" content=\"article\" \/>\n<meta property=\"og:title\" content=\"Przemys\u0142owe reflektory LED z serii SPRING &#8211; Grupa O\u015bwietleniowa ZHL\" \/>\n<meta property=\"og:description\" content=\"Reflektory z serii Spring \u0142\u0105cz\u0105 w sobie najnowocze\u015bniejsz\u0105 technologi\u0119, solidn\u0105 konstrukcj\u0119 i wszechstronne funkcje, aby o\u015bwietli\u0107 przestrzenie zewn\u0119trzne w spos\u00f3b niespotykany dot\u0105d pod wzgl\u0119dem wydajno\u015bci i niezawodno\u015bci.\" \/>\n<meta property=\"og:url\" content=\"https:\/\/www.zhgdled.com\/pl\/spring-series-led-industrial-flood-light.html\" \/>\n<meta property=\"og:site_name\" content=\"Grupa O\u015bwietleniowa ZHL\" \/>\n<meta property=\"article:publisher\" content=\"https:\/\/www.facebook.com\/zhllightinggroup\" \/>\n<meta property=\"article:modified_time\" content=\"2024-03-26T06:12:07+00:00\" \/>\n<meta property=\"og:image\" content=\"https:\/\/www.zhgdled.com\/wp-content\/uploads\/2021\/10\/26.png\" \/>\n\t<meta property=\"og:image:width\" content=\"1600\" \/>\n\t<meta property=\"og:image:height\" content=\"1600\" \/>\n\t<meta property=\"og:image:type\" content=\"image\/png\" \/>\n<meta name=\"twitter:card\" content=\"summary_large_image\" \/>\n<meta name=\"twitter:site\" content=\"@zhl_lighting\" \/>\n<meta name=\"twitter:label1\" content=\"Szacowany czas czytania\" \/>\n\t<meta name=\"twitter:data1\" content=\"4 minuty\" \/>\n<script type=\"application\/ld+json\" class=\"yoast-schema-graph\">{\"@context\":\"https:\\\/\\\/schema.org\",\"@graph\":[{\"@type\":\"WebPage\",\"@id\":\"https:\\\/\\\/www.zhgdled.com\\\/pl\\\/spring-series-led-industrial-flood-light.html\",\"url\":\"https:\\\/\\\/www.zhgdled.com\\\/pl\\\/spring-series-led-industrial-flood-light.html\",\"name\":\"Przemys\u0142owe reflektory LED z serii SPRING &#8211; Grupa O\u015bwietleniowa ZHL\",\"isPartOf\":{\"@id\":\"https:\\\/\\\/www.zhgdled.com\\\/pl\\\/#website\"},\"primaryImageOfPage\":{\"@id\":\"https:\\\/\\\/www.zhgdled.com\\\/pl\\\/spring-series-led-industrial-flood-light.html#primaryimage\"},\"image\":{\"@id\":\"https:\\\/\\\/www.zhgdled.com\\\/pl\\\/spring-series-led-industrial-flood-light.html#primaryimage\"},\"thumbnailUrl\":\"https:\\\/\\\/www.zhgdled.com\\\/wp-content\\\/uploads\\\/2021\\\/10\\\/26.png\",\"datePublished\":\"2023-08-21T01:52:15+00:00\",\"dateModified\":\"2024-03-26T06:12:07+00:00\",\"description\":\"Reflektory z serii Spring \u0142\u0105cz\u0105 w sobie najnowocze\u015bniejsz\u0105 technologi\u0119, solidn\u0105 konstrukcj\u0119 i wszechstronne funkcje, aby o\u015bwietli\u0107 przestrzenie zewn\u0119trzne w spos\u00f3b niespotykany dot\u0105d pod wzgl\u0119dem wydajno\u015bci i niezawodno\u015bci.\",\"breadcrumb\":{\"@id\":\"https:\\\/\\\/www.zhgdled.com\\\/pl\\\/spring-series-led-industrial-flood-light.html#breadcrumb\"},\"inLanguage\":\"pl-PL\",\"potentialAction\":[{\"@type\":\"ReadAction\",\"target\":[\"https:\\\/\\\/www.zhgdled.com\\\/pl\\\/spring-series-led-industrial-flood-light.html\"]}]},{\"@type\":\"ImageObject\",\"inLanguage\":\"pl-PL\",\"@id\":\"https:\\\/\\\/www.zhgdled.com\\\/pl\\\/spring-series-led-industrial-flood-light.html#primaryimage\",\"url\":\"https:\\\/\\\/www.zhgdled.com\\\/wp-content\\\/uploads\\\/2021\\\/10\\\/26.png\",\"contentUrl\":\"https:\\\/\\\/www.zhgdled.com\\\/wp-content\\\/uploads\\\/2021\\\/10\\\/26.png\",\"width\":1600,\"height\":1600,\"caption\":\"Reflektory przemys\u0142owe\"},{\"@type\":\"BreadcrumbList\",\"@id\":\"https:\\\/\\\/www.zhgdled.com\\\/pl\\\/spring-series-led-industrial-flood-light.html#breadcrumb\",\"itemListElement\":[{\"@type\":\"ListItem\",\"position\":1,\"name\":\"Home\",\"item\":\"https:\\\/\\\/www.zhgdled.com\\\/pl\"},{\"@type\":\"ListItem\",\"position\":2,\"name\":\"PRODUCTS\",\"item\":\"https:\\\/\\\/www.zhgdled.com\\\/zhl-products.html\"},{\"@type\":\"ListItem\",\"position\":3,\"name\":\"Przemys\u0142owe reflektory LED z serii SPRING\"}]},{\"@type\":\"WebSite\",\"@id\":\"https:\\\/\\\/www.zhgdled.com\\\/pl\\\/#website\",\"url\":\"https:\\\/\\\/www.zhgdled.com\\\/pl\\\/\",\"name\":\"Grupa O\u015bwietleniowa ZHL\",\"description\":\"Top ranking industrial lighting manufacturer and exporter\",\"publisher\":{\"@id\":\"https:\\\/\\\/www.zhgdled.com\\\/pl\\\/#organization\"},\"potentialAction\":[{\"@type\":\"SearchAction\",\"target\":{\"@type\":\"EntryPoint\",\"urlTemplate\":\"https:\\\/\\\/www.zhgdled.com\\\/pl\\\/?s={search_term_string}\"},\"query-input\":{\"@type\":\"PropertyValueSpecification\",\"valueRequired\":true,\"valueName\":\"search_term_string\"}}],\"inLanguage\":\"pl-PL\"},{\"@type\":\"Organization\",\"@id\":\"https:\\\/\\\/www.zhgdled.com\\\/pl\\\/#organization\",\"name\":\"ZHL Lighting Group\",\"url\":\"https:\\\/\\\/www.zhgdled.com\\\/pl\\\/\",\"logo\":{\"@type\":\"ImageObject\",\"inLanguage\":\"pl-PL\",\"@id\":\"https:\\\/\\\/www.zhgdled.com\\\/pl\\\/#\\\/schema\\\/logo\\\/image\\\/\",\"url\":\"\",\"contentUrl\":\"\",\"caption\":\"ZHL Lighting Group\"},\"image\":{\"@id\":\"https:\\\/\\\/www.zhgdled.com\\\/pl\\\/#\\\/schema\\\/logo\\\/image\\\/\"},\"sameAs\":[\"https:\\\/\\\/www.facebook.com\\\/zhllightinggroup\",\"https:\\\/\\\/x.com\\\/zhl_lighting\"]}]}<\/script>\n<!-- \/ Yoast SEO plugin. -->","yoast_head_json":{"title":"Przemys\u0142owe reflektory LED z serii SPRING &#8211; Grupa O\u015bwietleniowa ZHL","description":"Reflektory z serii Spring \u0142\u0105cz\u0105 w sobie najnowocze\u015bniejsz\u0105 technologi\u0119, solidn\u0105 konstrukcj\u0119 i wszechstronne funkcje, aby o\u015bwietli\u0107 przestrzenie zewn\u0119trzne w spos\u00f3b niespotykany dot\u0105d pod wzgl\u0119dem wydajno\u015bci i niezawodno\u015bci.","robots":{"index":"index","follow":"follow","max-snippet":"max-snippet:-1","max-image-preview":"max-image-preview:large","max-video-preview":"max-video-preview:-1"},"canonical":"https:\/\/www.zhgdled.com\/pl\/spring-series-led-industrial-flood-light.html","og_locale":"pl_PL","og_type":"article","og_title":"Przemys\u0142owe reflektory LED z serii SPRING &#8211; Grupa O\u015bwietleniowa ZHL","og_description":"Reflektory z serii Spring \u0142\u0105cz\u0105 w sobie najnowocze\u015bniejsz\u0105 technologi\u0119, solidn\u0105 konstrukcj\u0119 i wszechstronne funkcje, aby o\u015bwietli\u0107 przestrzenie zewn\u0119trzne w spos\u00f3b niespotykany dot\u0105d pod wzgl\u0119dem wydajno\u015bci i niezawodno\u015bci.","og_url":"https:\/\/www.zhgdled.com\/pl\/spring-series-led-industrial-flood-light.html","og_site_name":"Grupa O\u015bwietleniowa ZHL","article_publisher":"https:\/\/www.facebook.com\/zhllightinggroup","article_modified_time":"2024-03-26T06:12:07+00:00","og_image":[{"width":1600,"height":1600,"url":"https:\/\/www.zhgdled.com\/wp-content\/uploads\/2021\/10\/26.png","type":"image\/png"}],"twitter_card":"summary_large_image","twitter_site":"@zhl_lighting","twitter_misc":{"Szacowany czas czytania":"4 minuty"},"schema":{"@context":"https:\/\/schema.org","@graph":[{"@type":"WebPage","@id":"https:\/\/www.zhgdled.com\/pl\/spring-series-led-industrial-flood-light.html","url":"https:\/\/www.zhgdled.com\/pl\/spring-series-led-industrial-flood-light.html","name":"Przemys\u0142owe reflektory LED z serii SPRING &#8211; Grupa O\u015bwietleniowa ZHL","isPartOf":{"@id":"https:\/\/www.zhgdled.com\/pl\/#website"},"primaryImageOfPage":{"@id":"https:\/\/www.zhgdled.com\/pl\/spring-series-led-industrial-flood-light.html#primaryimage"},"image":{"@id":"https:\/\/www.zhgdled.com\/pl\/spring-series-led-industrial-flood-light.html#primaryimage"},"thumbnailUrl":"https:\/\/www.zhgdled.com\/wp-content\/uploads\/2021\/10\/26.png","datePublished":"2023-08-21T01:52:15+00:00","dateModified":"2024-03-26T06:12:07+00:00","description":"Reflektory z serii Spring \u0142\u0105cz\u0105 w sobie najnowocze\u015bniejsz\u0105 technologi\u0119, solidn\u0105 konstrukcj\u0119 i wszechstronne funkcje, aby o\u015bwietli\u0107 przestrzenie zewn\u0119trzne w spos\u00f3b niespotykany dot\u0105d pod wzgl\u0119dem wydajno\u015bci i niezawodno\u015bci.","breadcrumb":{"@id":"https:\/\/www.zhgdled.com\/pl\/spring-series-led-industrial-flood-light.html#breadcrumb"},"inLanguage":"pl-PL","potentialAction":[{"@type":"ReadAction","target":["https:\/\/www.zhgdled.com\/pl\/spring-series-led-industrial-flood-light.html"]}]},{"@type":"ImageObject","inLanguage":"pl-PL","@id":"https:\/\/www.zhgdled.com\/pl\/spring-series-led-industrial-flood-light.html#primaryimage","url":"https:\/\/www.zhgdled.com\/wp-content\/uploads\/2021\/10\/26.png","contentUrl":"https:\/\/www.zhgdled.com\/wp-content\/uploads\/2021\/10\/26.png","width":1600,"height":1600,"caption":"Reflektory przemys\u0142owe"},{"@type":"BreadcrumbList","@id":"https:\/\/www.zhgdled.com\/pl\/spring-series-led-industrial-flood-light.html#breadcrumb","itemListElement":[{"@type":"ListItem","position":1,"name":"Home","item":"https:\/\/www.zhgdled.com\/pl"},{"@type":"ListItem","position":2,"name":"PRODUCTS","item":"https:\/\/www.zhgdled.com\/zhl-products.html"},{"@type":"ListItem","position":3,"name":"Przemys\u0142owe reflektory LED z serii SPRING"}]},{"@type":"WebSite","@id":"https:\/\/www.zhgdled.com\/pl\/#website","url":"https:\/\/www.zhgdled.com\/pl\/","name":"Grupa O\u015bwietleniowa ZHL","description":"Top ranking industrial lighting manufacturer and exporter","publisher":{"@id":"https:\/\/www.zhgdled.com\/pl\/#organization"},"potentialAction":[{"@type":"SearchAction","target":{"@type":"EntryPoint","urlTemplate":"https:\/\/www.zhgdled.com\/pl\/?s={search_term_string}"},"query-input":{"@type":"PropertyValueSpecification","valueRequired":true,"valueName":"search_term_string"}}],"inLanguage":"pl-PL"},{"@type":"Organization","@id":"https:\/\/www.zhgdled.com\/pl\/#organization","name":"ZHL Lighting Group","url":"https:\/\/www.zhgdled.com\/pl\/","logo":{"@type":"ImageObject","inLanguage":"pl-PL","@id":"https:\/\/www.zhgdled.com\/pl\/#\/schema\/logo\/image\/","url":"","contentUrl":"","caption":"ZHL Lighting Group"},"image":{"@id":"https:\/\/www.zhgdled.com\/pl\/#\/schema\/logo\/image\/"},"sameAs":["https:\/\/www.facebook.com\/zhllightinggroup","https:\/\/x.com\/zhl_lighting"]}]}},"_links":{"self":[{"href":"https:\/\/www.zhgdled.com\/pl\/wp-json\/wp\/v2\/product\/21706","targetHints":{"allow":["GET"]}}],"collection":[{"href":"https:\/\/www.zhgdled.com\/pl\/wp-json\/wp\/v2\/product"}],"about":[{"href":"https:\/\/www.zhgdled.com\/pl\/wp-json\/wp\/v2\/types\/product"}],"wp:featuredmedia":[{"embeddable":true,"href":"https:\/\/www.zhgdled.com\/pl\/wp-json\/wp\/v2\/media\/13528"}],"wp:attachment":[{"href":"https:\/\/www.zhgdled.com\/pl\/wp-json\/wp\/v2\/media?parent=21706"}],"wp:term":[{"taxonomy":"product_brand","embeddable":true,"href":"https:\/\/www.zhgdled.com\/pl\/wp-json\/wp\/v2\/product_brand?post=21706"},{"taxonomy":"product_cat","embeddable":true,"href":"https:\/\/www.zhgdled.com\/pl\/wp-json\/wp\/v2\/product_cat?post=21706"},{"taxonomy":"product_tag","embeddable":true,"href":"https:\/\/www.zhgdled.com\/pl\/wp-json\/wp\/v2\/product_tag?post=21706"}],"curies":[{"name":"wp","href":"https:\/\/api.w.org\/{rel}","templated":true}]}}