{"id":22404,"date":"2023-10-24T07:21:44","date_gmt":"2023-08-27T23:21:44","guid":{"rendered":"https:\/\/www.zhgdled.com\/product\/superb-series-solar-flood-light"},"modified":"2023-12-26T11:34:28","modified_gmt":"2023-12-26T03:34:28","slug":"superb-series-solar-flood-light","status":"publish","type":"product","link":"https:\/\/www.zhgdled.com\/pl\/apollo-series-solar-flood-light.html","title":{"rendered":"S\u0142oneczna lampa powodziowa LED z serii APOLLO"},"content":{"rendered":"<h2><img decoding=\"async\" class=\"alignnone size-full wp-image-22363\" src=\"https:\/\/www.zhgdled.com\/wp-content\/uploads\/2023\/08\/20230829110548-1.jpg\" alt=\"\" width=\"1105\" height=\"511\" srcset=\"https:\/\/www.zhgdled.com\/wp-content\/uploads\/2023\/08\/20230829110548-1.jpg 1105w, https:\/\/www.zhgdled.com\/wp-content\/uploads\/2023\/08\/20230829110548-1-300x139.jpg 300w, https:\/\/www.zhgdled.com\/wp-content\/uploads\/2023\/08\/20230829110548-1-1024x474.jpg 1024w, https:\/\/www.zhgdled.com\/wp-content\/uploads\/2023\/08\/20230829110548-1-768x355.jpg 768w, https:\/\/www.zhgdled.com\/wp-content\/uploads\/2023\/08\/20230829110548-1-600x277.jpg 600w, https:\/\/www.zhgdled.com\/wp-content\/uploads\/2023\/08\/20230829110548-1-150x69.jpg 150w\" sizes=\"(max-width: 1105px) 100vw, 1105px\" \/><\/h2>\n<h2>SERIA APOLLO S\u0141ONECZNA LAMPA ZEWN\u0118TRZNA CECHY WYSOKIEJ SKUTECZNO\u015aCI \u015aWIETLNEJ I WY\u015aWIETLACZ STANU \u0141ADOWANIA<\/h2>\n<ul>\n<li class=\"a-spacing-mini\">Super jasne o\u015bwietlenie: Seria APOLLO jest wyposa\u017cona w wysokiej jako\u015bci diod\u0119 LED o mocy do 300 W, kt\u00f3ra zapewnia osza\u0142amiaj\u0105ce 2000 lumen\u00f3w bia\u0142ego \u015bwiat\u0142a dziennego o barwie 6500 tys., o\u015bwietlaj\u0105c powierzchni\u0119 ponad 250 metr\u00f3w kwadratowych, co czyni j\u0105 idealn\u0105 do du\u017cych przestrzeni zewn\u0119trznych.<\/li>\n<li class=\"a-spacing-mini\">Ekonomiczne i przyjazne dla \u015brodowiska: te reflektory s\u0142oneczne s\u0105 ca\u0142kowicie zasilane energi\u0105 s\u0142oneczn\u0105 i zapewniaj\u0105 bezprzewodow\u0105 instalacj\u0119, pomagaj\u0105c zaoszcz\u0119dzi\u0107 na kosztach energii, jednocze\u015bnie zmniejszaj\u0105c emisj\u0119 dwutlenku w\u0119gla.<\/li>\n<li class=\"a-spacing-mini\">Wykonane ze stopu aluminium i hartowanego szk\u0142a, zewn\u0119trzne reflektory solarne serii APOLLO s\u0105 trwa\u0142e w u\u017cyciu. Zewn\u0119trzne reflektory s\u0142oneczne s\u0105 wyposa\u017cone w panele fotowoltaiczne o mocy 5 V i mocy 12 W, 256 koralik\u00f3w LED z soczewk\u0105 optyczn\u0105 i bia\u0142ymi \u015bwiat\u0142ami o temperaturze 6500 K mog\u0105 o\u015bwietla\u0107 du\u017c\u0105 otwart\u0105 przestrze\u0144. W zestawie pilot umo\u017cliwiaj\u0105cy sterowanie jasno\u015bci\u0105 oraz w\u0142\u0105czanie\/wy\u0142\u0105czanie.<\/li>\n<\/ul>\n<h2>Uniwersalny reflektor solarny o du\u017cej mocy do u\u017cytku komercyjnego zapewnia jasne, d\u0142ugotrwa\u0142e i niezawodne o\u015bwietlenie i idealnie nadaje si\u0119 do utrzymywania o\u015bwietlenia codziennego lub awaryjnego wok\u00f3\u0142 obiekt\u00f3w mieszkalnych i komercyjnych.<\/h2>\n<ul>\n<li>Zastosowania mieszkaniowe obejmuj\u0105 dom, gara\u017c, ogr\u00f3d, werandy, tarasy, balkony i werandy, nawy boczne i przydomowe, podjazd, schody, przedpok\u00f3j, \u015bcie\u017ck\u0119, p\u0142ot itp.<\/li>\n<li>Zastosowanie komercyjne nie ogranicza si\u0119 do obiekt\u00f3w przemys\u0142owych i biznesowych, w tym magazyn\u00f3w, parking\u00f3w, kawiarni, hoteli, kopalni w\u0119gla i rudy \u017celaza, p\u00f3l uprawnych, plac\u00f3w budowy i budynk\u00f3w, rob\u00f3t drogowych itp.<\/li>\n<li>Ma zastosowanie do o\u015bwietlania obszar\u00f3w publicznych, w tym park\u00f3w, parking\u00f3w, dr\u00f3g, ulic, \u015bcie\u017cek, plac\u00f3w zabaw itp.<\/li>\n<\/ul>\n<h2>G\u0142\u00f3wne cechy<\/h2>\n<p>1. Dost\u0119pne r\u00f3\u017cne k\u0105ty \u015bwiecenia: 30\u00b0\/60\u00b0\/90\u00b0\/120\u00b0\/60\u00b0*145\u00b0 (T2-M)<br \/>\n2. G\u0142\u00f3wne elementy podlegaj\u0105ce szybkiej wymianie: bateria, PCBA, obiektyw<br \/>\n3. Sterowanie o\u015bwietleniem + kontrola czasu + funkcja automatycznego oszcz\u0119dzania energii<br \/>\n4. Wy\u015bwietlacz mo\u017ce pokazywa\u0107 wsp\u00f3\u0142czynnik \u0142adowania w czasie rzeczywistym<br \/>\n5. 13 godzin ci\u0105g\u0142ego o\u015bwietlenia, 1-2 deszczowe dni<br \/>\n6. Solidny odlewany radiator, soczewka i dwuwarstwowa konstrukcja ze szk\u0142a hartowanego, odporna na promieniowanie UV i wodoodporna.<\/p>\n<blockquote><p>&nbsp;<\/p><\/blockquote>\n<h2>SPECYFIKACJA<\/h2>\n<table width=\"768\">\n<tbody>\n<tr>\n<td width=\"164\">Moc<\/td>\n<td width=\"214\">50W 100W 200W 300W<\/td>\n<td width=\"145\"><\/td>\n<\/tr>\n<tr>\n<td width=\"164\">Strumie\u0144 \u015bwietlny<\/td>\n<td width=\"214\">600lm, 960lm, 1560lm, 2040lm<\/td>\n<td width=\"145\"><\/td>\n<\/tr>\n<tr>\n<td width=\"164\">Chipy LED<\/td>\n<td colspan=\"2\" width=\"360\">Osram 2835<\/td>\n<\/tr>\n<tr>\n<td width=\"164\">Temperatura barwowa (CCT)<\/td>\n<td colspan=\"2\" width=\"360\">2700-3200K 4000-4500K 6000-7000K<\/td>\n<\/tr>\n<tr>\n<td width=\"164\">CRI<\/td>\n<td colspan=\"2\" width=\"360\">\u226580<\/td>\n<\/tr>\n<tr>\n<td width=\"164\">Obszar o\u015bwietlenia<\/td>\n<td colspan=\"2\" width=\"360\">30\u33a1-250\u33a1<\/td>\n<\/tr>\n<tr>\n<td width=\"164\">Panel s\u0142oneczny<\/td>\n<td colspan=\"2\" width=\"360\">Polysilicon 6V\/6W-80W<\/td>\n<\/tr>\n<tr>\n<td width=\"164\">Bateria<\/td>\n<td colspan=\"2\" width=\"360\">32700 Lithium iron phosphate battery 5AH-25AH\/3.7V<\/td>\n<\/tr>\n<\/tbody>\n<\/table>\n<p><a href=\"https:\/\/solartown.com\/learning\/solar-lights-and-garden\/usage-tips-for-outdoor-solar-lights\/\" target=\"_blank\" rel=\"nofollow noopener\">Usage tips for outdoor solar lights &gt;&gt;<\/a><\/p>\n<p>&nbsp;<\/p>\n<p><img decoding=\"async\" class=\"alignnone size-full wp-image-22318\" src=\"https:\/\/www.zhgdled.com\/wp-content\/uploads\/2023\/08\/20230829110352.png\" alt=\"\" width=\"1305\" height=\"247\" srcset=\"https:\/\/www.zhgdled.com\/wp-content\/uploads\/2023\/08\/20230829110352.png 1305w, https:\/\/www.zhgdled.com\/wp-content\/uploads\/2023\/08\/20230829110352-300x57.png 300w, https:\/\/www.zhgdled.com\/wp-content\/uploads\/2023\/08\/20230829110352-1024x194.png 1024w, https:\/\/www.zhgdled.com\/wp-content\/uploads\/2023\/08\/20230829110352-768x145.png 768w, https:\/\/www.zhgdled.com\/wp-content\/uploads\/2023\/08\/20230829110352-600x114.png 600w, https:\/\/www.zhgdled.com\/wp-content\/uploads\/2023\/08\/20230829110352-150x28.png 150w\" sizes=\"(max-width: 1305px) 100vw, 1305px\" \/><\/p>\n","protected":false},"excerpt":{"rendered":"<p>Seria APOLLO wyposa\u017cona jest w wysokiej jako\u015bci diody LED o mocy do 300 W, kt\u00f3re zapewniaj\u0105 osza\u0142amiaj\u0105ce 2000 lumen\u00f3w bia\u0142ego \u015bwiat\u0142a dziennego o barwie 6500 tys., o\u015bwietlaj\u0105c obszar o powierzchni ponad 250 metr\u00f3w kwadratowych, dzi\u0119ki czemu idealnie nadaj\u0105 si\u0119 do du\u017cych przestrzeni zewn\u0119trznych. Ekonomiczne i przyjazne dla \u015brodowiska: te reflektory s\u0142oneczne s\u0105 ca\u0142kowicie zasilane energi\u0105 s\u0142oneczn\u0105 i zapewniaj\u0105 bezprzewodow\u0105 instalacj\u0119, pomagaj\u0105c zaoszcz\u0119dzi\u0107 na kosztach energii, jednocze\u015bnie zmniejszaj\u0105c emisj\u0119 dwutlenku w\u0119gla. Wykonane ze stopu aluminium i hartowanego szk\u0142a, zewn\u0119trzne reflektory solarne serii APOLLO s\u0105 trwa\u0142e w u\u017cyciu. Zewn\u0119trzne reflektory s\u0142oneczne s\u0105 wyposa\u017cone w panele fotowoltaiczne o mocy 5 V i mocy 12 W, 256 koralik\u00f3w LED z soczewk\u0105 optyczn\u0105 i bia\u0142ymi \u015bwiat\u0142ami 6500 K mog\u0105 o\u015bwietla\u0107 obszar do 3600 lumen\u00f3w.<\/p>\n<p>&nbsp;<\/p>\n<p>50 W\/100 W\/200 W\/300 W<br \/>\n600 mb &#8211; 2040 mb<br \/>\nOsrama 2835<br \/>\nCCT: 2700-3200 K 4000-4500 K 6000-7000 K<br \/>\nObszar o\u015bwietlenia: 30\u33a1-250\u33a1<\/p>\n","protected":false},"featured_media":24255,"template":"","meta":[],"product_brand":[],"product_cat":[639],"product_tag":[451],"class_list":{"0":"post-22404","1":"product","2":"type-product","3":"status-publish","4":"has-post-thumbnail","6":"product_cat-reflektory-sloneczne","7":"product_tag-led-solar-flood-light-pl","9":"first","10":"instock","11":"featured","12":"shipping-taxable","13":"product-type-simple"},"yoast_head":"<!-- This site is optimized with the Yoast SEO plugin v27.4 - https:\/\/yoast.com\/product\/yoast-seo-wordpress\/ -->\n<title>SOLAR FLOOD LIGHT OUTDOOR &#8211; Grupa O\u015bwietleniowa ZHL<\/title>\n<meta name=\"description\" content=\"Seria APOLLO wyposa\u017cona jest w wysokiej jako\u015bci diody LED o mocy do 300 W, kt\u00f3re zapewniaj\u0105 osza\u0142amiaj\u0105ce 3600 lumen\u00f3w bia\u0142ego \u015bwiat\u0142a dziennego o barwie 6500 tys., o\u015bwietlaj\u0105c obszar o powierzchni ponad 250 metr\u00f3w kwadratowych, dzi\u0119ki czemu idealnie nadaj\u0105 si\u0119 do du\u017cych przestrzeni zewn\u0119trznych.\" \/>\n<meta name=\"robots\" content=\"index, follow, max-snippet:-1, max-image-preview:large, max-video-preview:-1\" \/>\n<link rel=\"canonical\" href=\"https:\/\/www.zhgdled.com\/pl\/apollo-series-solar-flood-light.html\" \/>\n<meta property=\"og:locale\" content=\"pl_PL\" \/>\n<meta property=\"og:type\" content=\"article\" \/>\n<meta property=\"og:title\" content=\"SOLAR FLOOD LIGHT OUTDOOR &#8211; Grupa O\u015bwietleniowa ZHL\" \/>\n<meta property=\"og:description\" content=\"Seria APOLLO wyposa\u017cona jest w wysokiej jako\u015bci diody LED o mocy do 300 W, kt\u00f3re zapewniaj\u0105 osza\u0142amiaj\u0105ce 3600 lumen\u00f3w bia\u0142ego \u015bwiat\u0142a dziennego o barwie 6500 tys., o\u015bwietlaj\u0105c obszar o powierzchni ponad 250 metr\u00f3w kwadratowych, dzi\u0119ki czemu idealnie nadaj\u0105 si\u0119 do du\u017cych przestrzeni zewn\u0119trznych.\" \/>\n<meta property=\"og:url\" content=\"https:\/\/www.zhgdled.com\/pl\/apollo-series-solar-flood-light.html\" \/>\n<meta property=\"og:site_name\" content=\"Grupa O\u015bwietleniowa ZHL\" \/>\n<meta property=\"article:publisher\" content=\"https:\/\/www.facebook.com\/zhllightinggroup\" \/>\n<meta property=\"article:modified_time\" content=\"2023-12-26T03:34:28+00:00\" \/>\n<meta property=\"og:image\" content=\"https:\/\/www.zhgdled.com\/wp-content\/uploads\/2023\/08\/20230829092856_1.jpg\" \/>\n\t<meta property=\"og:image:width\" content=\"1600\" \/>\n\t<meta property=\"og:image:height\" content=\"1600\" \/>\n\t<meta property=\"og:image:type\" content=\"image\/jpeg\" \/>\n<meta name=\"twitter:card\" content=\"summary_large_image\" \/>\n<meta name=\"twitter:site\" content=\"@zhl_lighting\" \/>\n<meta name=\"twitter:label1\" content=\"Szacowany czas czytania\" \/>\n\t<meta name=\"twitter:data1\" content=\"3 minuty\" \/>\n<script type=\"application\/ld+json\" class=\"yoast-schema-graph\">{\"@context\":\"https:\\\/\\\/schema.org\",\"@graph\":[{\"@type\":\"WebPage\",\"@id\":\"https:\\\/\\\/www.zhgdled.com\\\/pl\\\/apollo-series-solar-flood-light.html\",\"url\":\"https:\\\/\\\/www.zhgdled.com\\\/pl\\\/apollo-series-solar-flood-light.html\",\"name\":\"SOLAR FLOOD LIGHT OUTDOOR &#8211; Grupa O\u015bwietleniowa ZHL\",\"isPartOf\":{\"@id\":\"https:\\\/\\\/www.zhgdled.com\\\/pl\\\/#website\"},\"primaryImageOfPage\":{\"@id\":\"https:\\\/\\\/www.zhgdled.com\\\/pl\\\/apollo-series-solar-flood-light.html#primaryimage\"},\"image\":{\"@id\":\"https:\\\/\\\/www.zhgdled.com\\\/pl\\\/apollo-series-solar-flood-light.html#primaryimage\"},\"thumbnailUrl\":\"https:\\\/\\\/www.zhgdled.com\\\/wp-content\\\/uploads\\\/2023\\\/10\\\/01.jpg\",\"datePublished\":\"2023-08-27T23:21:44+00:00\",\"dateModified\":\"2023-12-26T03:34:28+00:00\",\"description\":\"Seria APOLLO wyposa\u017cona jest w wysokiej jako\u015bci diody LED o mocy do 300 W, kt\u00f3re zapewniaj\u0105 osza\u0142amiaj\u0105ce 3600 lumen\u00f3w bia\u0142ego \u015bwiat\u0142a dziennego o barwie 6500 tys., o\u015bwietlaj\u0105c obszar o powierzchni ponad 250 metr\u00f3w kwadratowych, dzi\u0119ki czemu idealnie nadaj\u0105 si\u0119 do du\u017cych przestrzeni zewn\u0119trznych.\",\"breadcrumb\":{\"@id\":\"https:\\\/\\\/www.zhgdled.com\\\/pl\\\/apollo-series-solar-flood-light.html#breadcrumb\"},\"inLanguage\":\"pl-PL\",\"potentialAction\":[{\"@type\":\"ReadAction\",\"target\":[\"https:\\\/\\\/www.zhgdled.com\\\/pl\\\/apollo-series-solar-flood-light.html\"]}]},{\"@type\":\"ImageObject\",\"inLanguage\":\"pl-PL\",\"@id\":\"https:\\\/\\\/www.zhgdled.com\\\/pl\\\/apollo-series-solar-flood-light.html#primaryimage\",\"url\":\"https:\\\/\\\/www.zhgdled.com\\\/wp-content\\\/uploads\\\/2023\\\/10\\\/01.jpg\",\"contentUrl\":\"https:\\\/\\\/www.zhgdled.com\\\/wp-content\\\/uploads\\\/2023\\\/10\\\/01.jpg\",\"width\":1600,\"height\":1600,\"caption\":\"solar floodlight\"},{\"@type\":\"BreadcrumbList\",\"@id\":\"https:\\\/\\\/www.zhgdled.com\\\/pl\\\/apollo-series-solar-flood-light.html#breadcrumb\",\"itemListElement\":[{\"@type\":\"ListItem\",\"position\":1,\"name\":\"Home\",\"item\":\"https:\\\/\\\/www.zhgdled.com\\\/pl\"},{\"@type\":\"ListItem\",\"position\":2,\"name\":\"PRODUCTS\",\"item\":\"https:\\\/\\\/www.zhgdled.com\\\/zhl-products.html\"},{\"@type\":\"ListItem\",\"position\":3,\"name\":\"S\u0142oneczna lampa powodziowa LED z serii APOLLO\"}]},{\"@type\":\"WebSite\",\"@id\":\"https:\\\/\\\/www.zhgdled.com\\\/pl\\\/#website\",\"url\":\"https:\\\/\\\/www.zhgdled.com\\\/pl\\\/\",\"name\":\"Grupa O\u015bwietleniowa ZHL\",\"description\":\"Top ranking industrial lighting manufacturer and exporter\",\"publisher\":{\"@id\":\"https:\\\/\\\/www.zhgdled.com\\\/pl\\\/#organization\"},\"potentialAction\":[{\"@type\":\"SearchAction\",\"target\":{\"@type\":\"EntryPoint\",\"urlTemplate\":\"https:\\\/\\\/www.zhgdled.com\\\/pl\\\/?s={search_term_string}\"},\"query-input\":{\"@type\":\"PropertyValueSpecification\",\"valueRequired\":true,\"valueName\":\"search_term_string\"}}],\"inLanguage\":\"pl-PL\"},{\"@type\":\"Organization\",\"@id\":\"https:\\\/\\\/www.zhgdled.com\\\/pl\\\/#organization\",\"name\":\"ZHL Lighting Group\",\"url\":\"https:\\\/\\\/www.zhgdled.com\\\/pl\\\/\",\"logo\":{\"@type\":\"ImageObject\",\"inLanguage\":\"pl-PL\",\"@id\":\"https:\\\/\\\/www.zhgdled.com\\\/pl\\\/#\\\/schema\\\/logo\\\/image\\\/\",\"url\":\"\",\"contentUrl\":\"\",\"caption\":\"ZHL Lighting Group\"},\"image\":{\"@id\":\"https:\\\/\\\/www.zhgdled.com\\\/pl\\\/#\\\/schema\\\/logo\\\/image\\\/\"},\"sameAs\":[\"https:\\\/\\\/www.facebook.com\\\/zhllightinggroup\",\"https:\\\/\\\/x.com\\\/zhl_lighting\"]}]}<\/script>\n<!-- \/ Yoast SEO plugin. -->","yoast_head_json":{"title":"SOLAR FLOOD LIGHT OUTDOOR &#8211; Grupa O\u015bwietleniowa ZHL","description":"Seria APOLLO wyposa\u017cona jest w wysokiej jako\u015bci diody LED o mocy do 300 W, kt\u00f3re zapewniaj\u0105 osza\u0142amiaj\u0105ce 3600 lumen\u00f3w bia\u0142ego \u015bwiat\u0142a dziennego o barwie 6500 tys., o\u015bwietlaj\u0105c obszar o powierzchni ponad 250 metr\u00f3w kwadratowych, dzi\u0119ki czemu idealnie nadaj\u0105 si\u0119 do du\u017cych przestrzeni zewn\u0119trznych.","robots":{"index":"index","follow":"follow","max-snippet":"max-snippet:-1","max-image-preview":"max-image-preview:large","max-video-preview":"max-video-preview:-1"},"canonical":"https:\/\/www.zhgdled.com\/pl\/apollo-series-solar-flood-light.html","og_locale":"pl_PL","og_type":"article","og_title":"SOLAR FLOOD LIGHT OUTDOOR &#8211; Grupa O\u015bwietleniowa ZHL","og_description":"Seria APOLLO wyposa\u017cona jest w wysokiej jako\u015bci diody LED o mocy do 300 W, kt\u00f3re zapewniaj\u0105 osza\u0142amiaj\u0105ce 3600 lumen\u00f3w bia\u0142ego \u015bwiat\u0142a dziennego o barwie 6500 tys., o\u015bwietlaj\u0105c obszar o powierzchni ponad 250 metr\u00f3w kwadratowych, dzi\u0119ki czemu idealnie nadaj\u0105 si\u0119 do du\u017cych przestrzeni zewn\u0119trznych.","og_url":"https:\/\/www.zhgdled.com\/pl\/apollo-series-solar-flood-light.html","og_site_name":"Grupa O\u015bwietleniowa ZHL","article_publisher":"https:\/\/www.facebook.com\/zhllightinggroup","article_modified_time":"2023-12-26T03:34:28+00:00","og_image":[{"width":1600,"height":1600,"url":"https:\/\/www.zhgdled.com\/wp-content\/uploads\/2023\/08\/20230829092856_1.jpg","type":"image\/jpeg"}],"twitter_card":"summary_large_image","twitter_site":"@zhl_lighting","twitter_misc":{"Szacowany czas czytania":"3 minuty"},"schema":{"@context":"https:\/\/schema.org","@graph":[{"@type":"WebPage","@id":"https:\/\/www.zhgdled.com\/pl\/apollo-series-solar-flood-light.html","url":"https:\/\/www.zhgdled.com\/pl\/apollo-series-solar-flood-light.html","name":"SOLAR FLOOD LIGHT OUTDOOR &#8211; Grupa O\u015bwietleniowa ZHL","isPartOf":{"@id":"https:\/\/www.zhgdled.com\/pl\/#website"},"primaryImageOfPage":{"@id":"https:\/\/www.zhgdled.com\/pl\/apollo-series-solar-flood-light.html#primaryimage"},"image":{"@id":"https:\/\/www.zhgdled.com\/pl\/apollo-series-solar-flood-light.html#primaryimage"},"thumbnailUrl":"https:\/\/www.zhgdled.com\/wp-content\/uploads\/2023\/10\/01.jpg","datePublished":"2023-08-27T23:21:44+00:00","dateModified":"2023-12-26T03:34:28+00:00","description":"Seria APOLLO wyposa\u017cona jest w wysokiej jako\u015bci diody LED o mocy do 300 W, kt\u00f3re zapewniaj\u0105 osza\u0142amiaj\u0105ce 3600 lumen\u00f3w bia\u0142ego \u015bwiat\u0142a dziennego o barwie 6500 tys., o\u015bwietlaj\u0105c obszar o powierzchni ponad 250 metr\u00f3w kwadratowych, dzi\u0119ki czemu idealnie nadaj\u0105 si\u0119 do du\u017cych przestrzeni zewn\u0119trznych.","breadcrumb":{"@id":"https:\/\/www.zhgdled.com\/pl\/apollo-series-solar-flood-light.html#breadcrumb"},"inLanguage":"pl-PL","potentialAction":[{"@type":"ReadAction","target":["https:\/\/www.zhgdled.com\/pl\/apollo-series-solar-flood-light.html"]}]},{"@type":"ImageObject","inLanguage":"pl-PL","@id":"https:\/\/www.zhgdled.com\/pl\/apollo-series-solar-flood-light.html#primaryimage","url":"https:\/\/www.zhgdled.com\/wp-content\/uploads\/2023\/10\/01.jpg","contentUrl":"https:\/\/www.zhgdled.com\/wp-content\/uploads\/2023\/10\/01.jpg","width":1600,"height":1600,"caption":"solar floodlight"},{"@type":"BreadcrumbList","@id":"https:\/\/www.zhgdled.com\/pl\/apollo-series-solar-flood-light.html#breadcrumb","itemListElement":[{"@type":"ListItem","position":1,"name":"Home","item":"https:\/\/www.zhgdled.com\/pl"},{"@type":"ListItem","position":2,"name":"PRODUCTS","item":"https:\/\/www.zhgdled.com\/zhl-products.html"},{"@type":"ListItem","position":3,"name":"S\u0142oneczna lampa powodziowa LED z serii APOLLO"}]},{"@type":"WebSite","@id":"https:\/\/www.zhgdled.com\/pl\/#website","url":"https:\/\/www.zhgdled.com\/pl\/","name":"Grupa O\u015bwietleniowa ZHL","description":"Top ranking industrial lighting manufacturer and exporter","publisher":{"@id":"https:\/\/www.zhgdled.com\/pl\/#organization"},"potentialAction":[{"@type":"SearchAction","target":{"@type":"EntryPoint","urlTemplate":"https:\/\/www.zhgdled.com\/pl\/?s={search_term_string}"},"query-input":{"@type":"PropertyValueSpecification","valueRequired":true,"valueName":"search_term_string"}}],"inLanguage":"pl-PL"},{"@type":"Organization","@id":"https:\/\/www.zhgdled.com\/pl\/#organization","name":"ZHL Lighting Group","url":"https:\/\/www.zhgdled.com\/pl\/","logo":{"@type":"ImageObject","inLanguage":"pl-PL","@id":"https:\/\/www.zhgdled.com\/pl\/#\/schema\/logo\/image\/","url":"","contentUrl":"","caption":"ZHL Lighting Group"},"image":{"@id":"https:\/\/www.zhgdled.com\/pl\/#\/schema\/logo\/image\/"},"sameAs":["https:\/\/www.facebook.com\/zhllightinggroup","https:\/\/x.com\/zhl_lighting"]}]}},"_links":{"self":[{"href":"https:\/\/www.zhgdled.com\/pl\/wp-json\/wp\/v2\/product\/22404","targetHints":{"allow":["GET"]}}],"collection":[{"href":"https:\/\/www.zhgdled.com\/pl\/wp-json\/wp\/v2\/product"}],"about":[{"href":"https:\/\/www.zhgdled.com\/pl\/wp-json\/wp\/v2\/types\/product"}],"wp:featuredmedia":[{"embeddable":true,"href":"https:\/\/www.zhgdled.com\/pl\/wp-json\/wp\/v2\/media\/24255"}],"wp:attachment":[{"href":"https:\/\/www.zhgdled.com\/pl\/wp-json\/wp\/v2\/media?parent=22404"}],"wp:term":[{"taxonomy":"product_brand","embeddable":true,"href":"https:\/\/www.zhgdled.com\/pl\/wp-json\/wp\/v2\/product_brand?post=22404"},{"taxonomy":"product_cat","embeddable":true,"href":"https:\/\/www.zhgdled.com\/pl\/wp-json\/wp\/v2\/product_cat?post=22404"},{"taxonomy":"product_tag","embeddable":true,"href":"https:\/\/www.zhgdled.com\/pl\/wp-json\/wp\/v2\/product_tag?post=22404"}],"curies":[{"name":"wp","href":"https:\/\/api.w.org\/{rel}","templated":true}]}}