{"id":22413,"date":"2023-08-24T11:02:44","date_gmt":"2023-08-24T03:02:44","guid":{"rendered":"https:\/\/www.zhgdled.com\/product\/spring-solar-series-solar-flood-lights"},"modified":"2023-12-26T11:34:15","modified_gmt":"2023-12-26T03:34:15","slug":"spring-solar-series-solar-flood-lights","status":"publish","type":"product","link":"https:\/\/www.zhgdled.com\/pl\/spring-solar-series-solar-flood-lights.html","title":{"rendered":"Solarne reflektory powodziowe serii SPRING-SOLAR"},"content":{"rendered":"<h2>Inteligentniejsze lampy solarne do u\u017cytku domowego, komercyjnego i przemys\u0142owego<\/h2>\n<p>Reflektor LED Spring-Solar Series\u2122 firmy ZHL to nowy projekt w rodzinie lamp solarnych, kt\u00f3ry pozwala zaoszcz\u0119dzi\u0107 20% energii w por\u00f3wnaniu do konwencjonalnych lamp solarnych. Polikrzemowe panele s\u0142oneczne o mocy do 40 Wp\/12 V bezb\u0142\u0119dnie zasilaj\u0105 lamp\u0119. Seria Spring-Solar \u2122 sk\u0142ada si\u0119 z korpusu z odlewanego ci\u015bnieniowo aluminium i hartowanego szk\u0142a, co zapewnia trwa\u0142e zastosowanie w ka\u017cdych trudnych warunkach. Pe\u0142ny zakres mocy znamionowej od 20 W do 300 W. Pe\u0142ny pakiet zawiera lamp\u0119, 2-metrowy kabel ze z\u0142\u0105czami, panele s\u0142oneczne i stojaki.<\/p>\n<p>Wska\u017anik procentowy pozwala u\u017cytkownikowi na ci\u0105g\u0142e monitorowanie stanu \u0142adowania i roz\u0142adowania. Lampka kontrolna panelu s\u0142onecznego mo\u017ce pom\u00f3c u\u017cytkownikom monitorowa\u0107 stan pracy energii s\u0142onecznej i regulowa\u0107 jej pozycj\u0119 o\u015bwietlenia w dowolnym momencie, aby uzyska\u0107 wy\u017csz\u0105 wydajno\u015b\u0107 \u0142adowania.<\/p>\n<h2>Pobiera\u0107:<\/h2>\n<ul>\n<li><a href=\"https:\/\/www.zhgdled.com\/download\/spring-series-solar-led-flood-light\">Specs (en,cn)<\/a><\/li>\n<li><a href=\"https:\/\/www.zhgdled.com\/download\/sping-solar-flood-light\">Brochure (en)<\/a><\/li>\n<li><a href=\"https:\/\/www.zhgdled.com\/download-category\/certifications\">Certification (en)<\/a><\/li>\n<\/ul>\n<h2>Specyfikacja<\/h2>\n<table style=\"height: 281px;\" width=\"679\">\n<tbody>\n<tr>\n<td width=\"134\">Moc:<\/td>\n<td width=\"312\">20W 30W 50W 100W 200W 300W<\/td>\n<\/tr>\n<tr>\n<td>Obszar o\u015bwietlenia:<\/td>\n<td>30\u33a1\u00a040\u33a1\u00a060\u33a1\u00a0100\u33a1\u00a0200\u33a1\u00a0250\u33a1<\/td>\n<\/tr>\n<tr>\n<td>Panel s\u0142oneczny:<\/td>\n<td>6V\/6W 6V\/9W 6V20W 6V\/40W 6V\/60W 6V\/80W<\/td>\n<\/tr>\n<tr>\n<td>Pojemno\u015b\u0107 baterii:<\/td>\n<td>5AH\/3.7V 5AH\/3.7V 10AH\/3.7V 20AH\/3.7V 40AH\/3.7V 55AH\/3.7V<\/td>\n<\/tr>\n<tr>\n<td>Wymiar (mm):<\/td>\n<td>200*237*39 200*237*39 200*237*39 281*320*41 420*333*51 470*385*51<\/td>\n<\/tr>\n<tr>\n<td>CRI<\/td>\n<td>\u226580<\/td>\n<\/tr>\n<\/tbody>\n<\/table>\n<p><img decoding=\"async\" class=\"alignnone size-full wp-image-21889\" src=\"https:\/\/www.zhgdled.com\/wp-content\/uploads\/2023\/08\/SPRING-SOLAR-FLOOD-LIGHT-SPECS.jpg\" alt=\"\" width=\"1068\" height=\"1743\" srcset=\"https:\/\/www.zhgdled.com\/wp-content\/uploads\/2023\/08\/SPRING-SOLAR-FLOOD-LIGHT-SPECS.jpg 1068w, https:\/\/www.zhgdled.com\/wp-content\/uploads\/2023\/08\/SPRING-SOLAR-FLOOD-LIGHT-SPECS-184x300.jpg 184w, https:\/\/www.zhgdled.com\/wp-content\/uploads\/2023\/08\/SPRING-SOLAR-FLOOD-LIGHT-SPECS-627x1024.jpg 627w, https:\/\/www.zhgdled.com\/wp-content\/uploads\/2023\/08\/SPRING-SOLAR-FLOOD-LIGHT-SPECS-768x1253.jpg 768w, https:\/\/www.zhgdled.com\/wp-content\/uploads\/2023\/08\/SPRING-SOLAR-FLOOD-LIGHT-SPECS-941x1536.jpg 941w, https:\/\/www.zhgdled.com\/wp-content\/uploads\/2023\/08\/SPRING-SOLAR-FLOOD-LIGHT-SPECS-600x979.jpg 600w, https:\/\/www.zhgdled.com\/wp-content\/uploads\/2023\/08\/SPRING-SOLAR-FLOOD-LIGHT-SPECS-150x245.jpg 150w\" sizes=\"(max-width: 1068px) 100vw, 1068px\" \/><\/p>\n<p><img decoding=\"async\" class=\"alignnone size-full wp-image-21900\" src=\"https:\/\/www.zhgdled.com\/wp-content\/uploads\/2023\/08\/SPRING-SOLAR-FLOOD-LIGHT-SPECS-1.jpg\" alt=\"\" width=\"1091\" height=\"1586\" srcset=\"https:\/\/www.zhgdled.com\/wp-content\/uploads\/2023\/08\/SPRING-SOLAR-FLOOD-LIGHT-SPECS-1.jpg 1091w, https:\/\/www.zhgdled.com\/wp-content\/uploads\/2023\/08\/SPRING-SOLAR-FLOOD-LIGHT-SPECS-1-206x300.jpg 206w, https:\/\/www.zhgdled.com\/wp-content\/uploads\/2023\/08\/SPRING-SOLAR-FLOOD-LIGHT-SPECS-1-704x1024.jpg 704w, https:\/\/www.zhgdled.com\/wp-content\/uploads\/2023\/08\/SPRING-SOLAR-FLOOD-LIGHT-SPECS-1-768x1116.jpg 768w, https:\/\/www.zhgdled.com\/wp-content\/uploads\/2023\/08\/SPRING-SOLAR-FLOOD-LIGHT-SPECS-1-1057x1536.jpg 1057w, https:\/\/www.zhgdled.com\/wp-content\/uploads\/2023\/08\/SPRING-SOLAR-FLOOD-LIGHT-SPECS-1-600x872.jpg 600w, https:\/\/www.zhgdled.com\/wp-content\/uploads\/2023\/08\/SPRING-SOLAR-FLOOD-LIGHT-SPECS-1-150x218.jpg 150w\" sizes=\"(max-width: 1091px) 100vw, 1091px\" \/><img decoding=\"async\" class=\"alignnone size-full wp-image-21911\" src=\"https:\/\/www.zhgdled.com\/wp-content\/uploads\/2023\/08\/SPRING-SOLAR-FLOOD-LIGHT-SPECS-2.jpg\" alt=\"\" width=\"1136\" height=\"1662\" srcset=\"https:\/\/www.zhgdled.com\/wp-content\/uploads\/2023\/08\/SPRING-SOLAR-FLOOD-LIGHT-SPECS-2.jpg 1136w, https:\/\/www.zhgdled.com\/wp-content\/uploads\/2023\/08\/SPRING-SOLAR-FLOOD-LIGHT-SPECS-2-205x300.jpg 205w, https:\/\/www.zhgdled.com\/wp-content\/uploads\/2023\/08\/SPRING-SOLAR-FLOOD-LIGHT-SPECS-2-700x1024.jpg 700w, https:\/\/www.zhgdled.com\/wp-content\/uploads\/2023\/08\/SPRING-SOLAR-FLOOD-LIGHT-SPECS-2-768x1124.jpg 768w, https:\/\/www.zhgdled.com\/wp-content\/uploads\/2023\/08\/SPRING-SOLAR-FLOOD-LIGHT-SPECS-2-1050x1536.jpg 1050w, https:\/\/www.zhgdled.com\/wp-content\/uploads\/2023\/08\/SPRING-SOLAR-FLOOD-LIGHT-SPECS-2-600x878.jpg 600w, https:\/\/www.zhgdled.com\/wp-content\/uploads\/2023\/08\/SPRING-SOLAR-FLOOD-LIGHT-SPECS-2-150x219.jpg 150w\" sizes=\"(max-width: 1136px) 100vw, 1136px\" \/><img decoding=\"async\" class=\"alignnone size-full wp-image-21922\" src=\"https:\/\/www.zhgdled.com\/wp-content\/uploads\/2023\/08\/SPRING-SOLAR-FLOOD-LIGHT-SPECS-3.jpg\" alt=\"\" width=\"1145\" height=\"1641\" srcset=\"https:\/\/www.zhgdled.com\/wp-content\/uploads\/2023\/08\/SPRING-SOLAR-FLOOD-LIGHT-SPECS-3.jpg 1145w, https:\/\/www.zhgdled.com\/wp-content\/uploads\/2023\/08\/SPRING-SOLAR-FLOOD-LIGHT-SPECS-3-209x300.jpg 209w, https:\/\/www.zhgdled.com\/wp-content\/uploads\/2023\/08\/SPRING-SOLAR-FLOOD-LIGHT-SPECS-3-714x1024.jpg 714w, https:\/\/www.zhgdled.com\/wp-content\/uploads\/2023\/08\/SPRING-SOLAR-FLOOD-LIGHT-SPECS-3-768x1101.jpg 768w, https:\/\/www.zhgdled.com\/wp-content\/uploads\/2023\/08\/SPRING-SOLAR-FLOOD-LIGHT-SPECS-3-1072x1536.jpg 1072w, https:\/\/www.zhgdled.com\/wp-content\/uploads\/2023\/08\/SPRING-SOLAR-FLOOD-LIGHT-SPECS-3-600x860.jpg 600w, https:\/\/www.zhgdled.com\/wp-content\/uploads\/2023\/08\/SPRING-SOLAR-FLOOD-LIGHT-SPECS-3-150x215.jpg 150w\" sizes=\"(max-width: 1145px) 100vw, 1145px\" \/><\/p>\n","protected":false},"excerpt":{"rendered":"<p>Reflektor LED Spring-Solar Series\u2122 firmy ZHL to nowy projekt w rodzinie lamp solarnych, kt\u00f3ry pozwala zaoszcz\u0119dzi\u0107 20% energii w por\u00f3wnaniu do konwencjonalnych lamp solarnych. Polikrzemowe panele s\u0142oneczne o mocy do 40 Wp\/12 V bezb\u0142\u0119dnie zasilaj\u0105 lamp\u0119. Seria Spring-Solar \u2122 sk\u0142ada si\u0119 z korpusu z odlewanego ci\u015bnieniowo aluminium i hartowanego szk\u0142a, co zapewnia trwa\u0142e zastosowanie w ka\u017cdych trudnych warunkach. Pe\u0142ny zakres mocy znamionowej od 20 W do 300 W. Pe\u0142ny pakiet zawiera lamp\u0119, 2-metrowy kabel ze z\u0142\u0105czami, panele s\u0142oneczne i stojaki.<\/p>\n<table width=\"768\">\n<tbody>\n<tr>\n<td width=\"250\">Moc<\/td>\n<td width=\"214\">20W 30W 50W 100W 200W 300W<\/td>\n<td width=\"145\"><\/td>\n<\/tr>\n<tr>\n<td width=\"250\">Strumie\u0144 \u015bwietlny<\/td>\n<td width=\"214\">460LM-5700LM<\/td>\n<td width=\"145\"><\/td>\n<\/tr>\n<tr>\n<td width=\"250\">Chipy LED<\/td>\n<td colspan=\"2\" width=\"360\">Osram 2835<\/td>\n<\/tr>\n<tr>\n<td width=\"250\">Temperatura barwowa (CCT)<\/td>\n<td colspan=\"2\" width=\"360\">2700-3200K 4000-4500K 6000-7000K<\/td>\n<\/tr>\n<tr>\n<td width=\"250\">CRI<\/td>\n<td colspan=\"2\" width=\"360\">\u226580<\/td>\n<\/tr>\n<tr>\n<td width=\"250\">Obszar o\u015bwietlenia<\/td>\n<td colspan=\"2\" width=\"360\">30\u33a1-250\u33a1<\/td>\n<\/tr>\n<\/tbody>\n<\/table>\n","protected":false},"featured_media":21836,"template":"","meta":[],"product_brand":[],"product_cat":[639],"product_tag":[],"class_list":{"0":"post-22413","1":"product","2":"type-product","3":"status-publish","4":"has-post-thumbnail","6":"product_cat-reflektory-sloneczne","8":"first","9":"instock","10":"shipping-taxable","11":"product-type-simple"},"yoast_head":"<!-- This site is optimized with the Yoast SEO plugin v27.4 - https:\/\/yoast.com\/product\/yoast-seo-wordpress\/ -->\n<title>Solarne reflektory powodziowe serii SPRING-SOLAR &#8211; Grupa O\u015bwietleniowa ZHL<\/title>\n<meta name=\"description\" content=\"Reflektor LED Spring-Solar Series\u2122 firmy ZHL to nowa konstrukcja w rodzinie lamp solarnych, kt\u00f3ra pozwala zaoszcz\u0119dzi\u0107 20% energii w por\u00f3wnaniu do konwencjonalnych lamp solarnych.\" \/>\n<meta name=\"robots\" content=\"index, follow, max-snippet:-1, max-image-preview:large, max-video-preview:-1\" \/>\n<link rel=\"canonical\" href=\"https:\/\/www.zhgdled.com\/pl\/spring-solar-series-solar-flood-lights.html\" \/>\n<meta property=\"og:locale\" content=\"pl_PL\" \/>\n<meta property=\"og:type\" content=\"article\" \/>\n<meta property=\"og:title\" content=\"Solarne reflektory powodziowe serii SPRING-SOLAR &#8211; Grupa O\u015bwietleniowa ZHL\" \/>\n<meta property=\"og:description\" content=\"Reflektor LED Spring-Solar Series\u2122 firmy ZHL to nowa konstrukcja w rodzinie lamp solarnych, kt\u00f3ra pozwala zaoszcz\u0119dzi\u0107 20% energii w por\u00f3wnaniu do konwencjonalnych lamp solarnych.\" \/>\n<meta property=\"og:url\" content=\"https:\/\/www.zhgdled.com\/pl\/spring-solar-series-solar-flood-lights.html\" \/>\n<meta property=\"og:site_name\" content=\"Grupa O\u015bwietleniowa ZHL\" \/>\n<meta property=\"article:publisher\" content=\"https:\/\/www.facebook.com\/zhllightinggroup\" \/>\n<meta property=\"article:modified_time\" content=\"2023-12-26T03:34:15+00:00\" \/>\n<meta property=\"og:image\" content=\"https:\/\/www.zhgdled.com\/wp-content\/uploads\/2023\/08\/1-1.png\" \/>\n\t<meta property=\"og:image:width\" content=\"1000\" \/>\n\t<meta property=\"og:image:height\" content=\"1000\" \/>\n\t<meta property=\"og:image:type\" content=\"image\/png\" \/>\n<meta name=\"twitter:card\" content=\"summary_large_image\" \/>\n<meta name=\"twitter:site\" content=\"@zhl_lighting\" \/>\n<meta name=\"twitter:label1\" content=\"Szacowany czas czytania\" \/>\n\t<meta name=\"twitter:data1\" content=\"2 minuty\" \/>\n<script type=\"application\/ld+json\" class=\"yoast-schema-graph\">{\"@context\":\"https:\\\/\\\/schema.org\",\"@graph\":[{\"@type\":\"WebPage\",\"@id\":\"https:\\\/\\\/www.zhgdled.com\\\/pl\\\/spring-solar-series-solar-flood-lights.html\",\"url\":\"https:\\\/\\\/www.zhgdled.com\\\/pl\\\/spring-solar-series-solar-flood-lights.html\",\"name\":\"Solarne reflektory powodziowe serii SPRING-SOLAR &#8211; Grupa O\u015bwietleniowa ZHL\",\"isPartOf\":{\"@id\":\"https:\\\/\\\/www.zhgdled.com\\\/pl\\\/#website\"},\"primaryImageOfPage\":{\"@id\":\"https:\\\/\\\/www.zhgdled.com\\\/pl\\\/spring-solar-series-solar-flood-lights.html#primaryimage\"},\"image\":{\"@id\":\"https:\\\/\\\/www.zhgdled.com\\\/pl\\\/spring-solar-series-solar-flood-lights.html#primaryimage\"},\"thumbnailUrl\":\"https:\\\/\\\/www.zhgdled.com\\\/wp-content\\\/uploads\\\/2023\\\/08\\\/1-1.png\",\"datePublished\":\"2023-08-24T03:02:44+00:00\",\"dateModified\":\"2023-12-26T03:34:15+00:00\",\"description\":\"Reflektor LED Spring-Solar Series\u2122 firmy ZHL to nowa konstrukcja w rodzinie lamp solarnych, kt\u00f3ra pozwala zaoszcz\u0119dzi\u0107 20% energii w por\u00f3wnaniu do konwencjonalnych lamp solarnych.\",\"breadcrumb\":{\"@id\":\"https:\\\/\\\/www.zhgdled.com\\\/pl\\\/spring-solar-series-solar-flood-lights.html#breadcrumb\"},\"inLanguage\":\"pl-PL\",\"potentialAction\":[{\"@type\":\"ReadAction\",\"target\":[\"https:\\\/\\\/www.zhgdled.com\\\/pl\\\/spring-solar-series-solar-flood-lights.html\"]}]},{\"@type\":\"ImageObject\",\"inLanguage\":\"pl-PL\",\"@id\":\"https:\\\/\\\/www.zhgdled.com\\\/pl\\\/spring-solar-series-solar-flood-lights.html#primaryimage\",\"url\":\"https:\\\/\\\/www.zhgdled.com\\\/wp-content\\\/uploads\\\/2023\\\/08\\\/1-1.png\",\"contentUrl\":\"https:\\\/\\\/www.zhgdled.com\\\/wp-content\\\/uploads\\\/2023\\\/08\\\/1-1.png\",\"width\":1000,\"height\":1000,\"caption\":\"Spring-Solar Series \u2122 LED flood light\"},{\"@type\":\"BreadcrumbList\",\"@id\":\"https:\\\/\\\/www.zhgdled.com\\\/pl\\\/spring-solar-series-solar-flood-lights.html#breadcrumb\",\"itemListElement\":[{\"@type\":\"ListItem\",\"position\":1,\"name\":\"Home\",\"item\":\"https:\\\/\\\/www.zhgdled.com\\\/pl\"},{\"@type\":\"ListItem\",\"position\":2,\"name\":\"PRODUCTS\",\"item\":\"https:\\\/\\\/www.zhgdled.com\\\/zhl-products.html\"},{\"@type\":\"ListItem\",\"position\":3,\"name\":\"Solarne reflektory powodziowe serii SPRING-SOLAR\"}]},{\"@type\":\"WebSite\",\"@id\":\"https:\\\/\\\/www.zhgdled.com\\\/pl\\\/#website\",\"url\":\"https:\\\/\\\/www.zhgdled.com\\\/pl\\\/\",\"name\":\"Grupa O\u015bwietleniowa ZHL\",\"description\":\"Top ranking industrial lighting manufacturer and exporter\",\"publisher\":{\"@id\":\"https:\\\/\\\/www.zhgdled.com\\\/pl\\\/#organization\"},\"potentialAction\":[{\"@type\":\"SearchAction\",\"target\":{\"@type\":\"EntryPoint\",\"urlTemplate\":\"https:\\\/\\\/www.zhgdled.com\\\/pl\\\/?s={search_term_string}\"},\"query-input\":{\"@type\":\"PropertyValueSpecification\",\"valueRequired\":true,\"valueName\":\"search_term_string\"}}],\"inLanguage\":\"pl-PL\"},{\"@type\":\"Organization\",\"@id\":\"https:\\\/\\\/www.zhgdled.com\\\/pl\\\/#organization\",\"name\":\"ZHL Lighting Group\",\"url\":\"https:\\\/\\\/www.zhgdled.com\\\/pl\\\/\",\"logo\":{\"@type\":\"ImageObject\",\"inLanguage\":\"pl-PL\",\"@id\":\"https:\\\/\\\/www.zhgdled.com\\\/pl\\\/#\\\/schema\\\/logo\\\/image\\\/\",\"url\":\"\",\"contentUrl\":\"\",\"caption\":\"ZHL Lighting Group\"},\"image\":{\"@id\":\"https:\\\/\\\/www.zhgdled.com\\\/pl\\\/#\\\/schema\\\/logo\\\/image\\\/\"},\"sameAs\":[\"https:\\\/\\\/www.facebook.com\\\/zhllightinggroup\",\"https:\\\/\\\/x.com\\\/zhl_lighting\"]}]}<\/script>\n<!-- \/ Yoast SEO plugin. -->","yoast_head_json":{"title":"Solarne reflektory powodziowe serii SPRING-SOLAR &#8211; Grupa O\u015bwietleniowa ZHL","description":"Reflektor LED Spring-Solar Series\u2122 firmy ZHL to nowa konstrukcja w rodzinie lamp solarnych, kt\u00f3ra pozwala zaoszcz\u0119dzi\u0107 20% energii w por\u00f3wnaniu do konwencjonalnych lamp solarnych.","robots":{"index":"index","follow":"follow","max-snippet":"max-snippet:-1","max-image-preview":"max-image-preview:large","max-video-preview":"max-video-preview:-1"},"canonical":"https:\/\/www.zhgdled.com\/pl\/spring-solar-series-solar-flood-lights.html","og_locale":"pl_PL","og_type":"article","og_title":"Solarne reflektory powodziowe serii SPRING-SOLAR &#8211; Grupa O\u015bwietleniowa ZHL","og_description":"Reflektor LED Spring-Solar Series\u2122 firmy ZHL to nowa konstrukcja w rodzinie lamp solarnych, kt\u00f3ra pozwala zaoszcz\u0119dzi\u0107 20% energii w por\u00f3wnaniu do konwencjonalnych lamp solarnych.","og_url":"https:\/\/www.zhgdled.com\/pl\/spring-solar-series-solar-flood-lights.html","og_site_name":"Grupa O\u015bwietleniowa ZHL","article_publisher":"https:\/\/www.facebook.com\/zhllightinggroup","article_modified_time":"2023-12-26T03:34:15+00:00","og_image":[{"width":1000,"height":1000,"url":"https:\/\/www.zhgdled.com\/wp-content\/uploads\/2023\/08\/1-1.png","type":"image\/png"}],"twitter_card":"summary_large_image","twitter_site":"@zhl_lighting","twitter_misc":{"Szacowany czas czytania":"2 minuty"},"schema":{"@context":"https:\/\/schema.org","@graph":[{"@type":"WebPage","@id":"https:\/\/www.zhgdled.com\/pl\/spring-solar-series-solar-flood-lights.html","url":"https:\/\/www.zhgdled.com\/pl\/spring-solar-series-solar-flood-lights.html","name":"Solarne reflektory powodziowe serii SPRING-SOLAR &#8211; Grupa O\u015bwietleniowa ZHL","isPartOf":{"@id":"https:\/\/www.zhgdled.com\/pl\/#website"},"primaryImageOfPage":{"@id":"https:\/\/www.zhgdled.com\/pl\/spring-solar-series-solar-flood-lights.html#primaryimage"},"image":{"@id":"https:\/\/www.zhgdled.com\/pl\/spring-solar-series-solar-flood-lights.html#primaryimage"},"thumbnailUrl":"https:\/\/www.zhgdled.com\/wp-content\/uploads\/2023\/08\/1-1.png","datePublished":"2023-08-24T03:02:44+00:00","dateModified":"2023-12-26T03:34:15+00:00","description":"Reflektor LED Spring-Solar Series\u2122 firmy ZHL to nowa konstrukcja w rodzinie lamp solarnych, kt\u00f3ra pozwala zaoszcz\u0119dzi\u0107 20% energii w por\u00f3wnaniu do konwencjonalnych lamp solarnych.","breadcrumb":{"@id":"https:\/\/www.zhgdled.com\/pl\/spring-solar-series-solar-flood-lights.html#breadcrumb"},"inLanguage":"pl-PL","potentialAction":[{"@type":"ReadAction","target":["https:\/\/www.zhgdled.com\/pl\/spring-solar-series-solar-flood-lights.html"]}]},{"@type":"ImageObject","inLanguage":"pl-PL","@id":"https:\/\/www.zhgdled.com\/pl\/spring-solar-series-solar-flood-lights.html#primaryimage","url":"https:\/\/www.zhgdled.com\/wp-content\/uploads\/2023\/08\/1-1.png","contentUrl":"https:\/\/www.zhgdled.com\/wp-content\/uploads\/2023\/08\/1-1.png","width":1000,"height":1000,"caption":"Spring-Solar Series \u2122 LED flood light"},{"@type":"BreadcrumbList","@id":"https:\/\/www.zhgdled.com\/pl\/spring-solar-series-solar-flood-lights.html#breadcrumb","itemListElement":[{"@type":"ListItem","position":1,"name":"Home","item":"https:\/\/www.zhgdled.com\/pl"},{"@type":"ListItem","position":2,"name":"PRODUCTS","item":"https:\/\/www.zhgdled.com\/zhl-products.html"},{"@type":"ListItem","position":3,"name":"Solarne reflektory powodziowe serii SPRING-SOLAR"}]},{"@type":"WebSite","@id":"https:\/\/www.zhgdled.com\/pl\/#website","url":"https:\/\/www.zhgdled.com\/pl\/","name":"Grupa O\u015bwietleniowa ZHL","description":"Top ranking industrial lighting manufacturer and exporter","publisher":{"@id":"https:\/\/www.zhgdled.com\/pl\/#organization"},"potentialAction":[{"@type":"SearchAction","target":{"@type":"EntryPoint","urlTemplate":"https:\/\/www.zhgdled.com\/pl\/?s={search_term_string}"},"query-input":{"@type":"PropertyValueSpecification","valueRequired":true,"valueName":"search_term_string"}}],"inLanguage":"pl-PL"},{"@type":"Organization","@id":"https:\/\/www.zhgdled.com\/pl\/#organization","name":"ZHL Lighting Group","url":"https:\/\/www.zhgdled.com\/pl\/","logo":{"@type":"ImageObject","inLanguage":"pl-PL","@id":"https:\/\/www.zhgdled.com\/pl\/#\/schema\/logo\/image\/","url":"","contentUrl":"","caption":"ZHL Lighting Group"},"image":{"@id":"https:\/\/www.zhgdled.com\/pl\/#\/schema\/logo\/image\/"},"sameAs":["https:\/\/www.facebook.com\/zhllightinggroup","https:\/\/x.com\/zhl_lighting"]}]}},"_links":{"self":[{"href":"https:\/\/www.zhgdled.com\/pl\/wp-json\/wp\/v2\/product\/22413","targetHints":{"allow":["GET"]}}],"collection":[{"href":"https:\/\/www.zhgdled.com\/pl\/wp-json\/wp\/v2\/product"}],"about":[{"href":"https:\/\/www.zhgdled.com\/pl\/wp-json\/wp\/v2\/types\/product"}],"wp:featuredmedia":[{"embeddable":true,"href":"https:\/\/www.zhgdled.com\/pl\/wp-json\/wp\/v2\/media\/21836"}],"wp:attachment":[{"href":"https:\/\/www.zhgdled.com\/pl\/wp-json\/wp\/v2\/media?parent=22413"}],"wp:term":[{"taxonomy":"product_brand","embeddable":true,"href":"https:\/\/www.zhgdled.com\/pl\/wp-json\/wp\/v2\/product_brand?post=22413"},{"taxonomy":"product_cat","embeddable":true,"href":"https:\/\/www.zhgdled.com\/pl\/wp-json\/wp\/v2\/product_cat?post=22413"},{"taxonomy":"product_tag","embeddable":true,"href":"https:\/\/www.zhgdled.com\/pl\/wp-json\/wp\/v2\/product_tag?post=22413"}],"curies":[{"name":"wp","href":"https:\/\/api.w.org\/{rel}","templated":true}]}}