{"id":22655,"date":"2024-03-23T14:03:04","date_gmt":"2023-09-05T06:03:04","guid":{"rendered":"https:\/\/www.zhgdled.com\/product\/led-solar-garden-post-top-lights"},"modified":"2023-09-12T14:07:45","modified_gmt":"2023-09-12T06:07:45","slug":"led-solar-garden-post-top-lights","status":"publish","type":"product","link":"https:\/\/www.zhgdled.com\/pl\/led-solar-garden-post-top-lights.html","title":{"rendered":"G\u00f3rne \u015bwiat\u0142a LED na s\u0142upki ogrodowe na energi\u0119 s\u0142oneczn\u0105"},"content":{"rendered":"<blockquote>\n<h2>Krok dalej w zakresie zewn\u0119trznych lamp solarnych z inteligentnym sterowaniem!<\/h2>\n<\/blockquote>\n<table style=\"border-collapse: collapse; width: 955px; height: 351px;\" border=\"0\" width=\"177\" cellspacing=\"0\" cellpadding=\"0\">\n<tbody>\n<tr style=\"height: 23.10pt;\">\n<td class=\"et4\" style=\"height: 23.10pt; width: 79.40pt;\" align=\"right\" width=\"105\" height=\"30\">\n<h2 style=\"text-align: left;\">Przegl\u0105d najwa\u017cniejszych wydarze\u0144<\/h2>\n<ul style=\"text-align: left;\">\n<li>Odporna na korozj\u0119, wytrzyma\u0142a obudowa z odlewanego ci\u015bnieniowo aluminium<\/li>\n<li>Nowy panel s\u0142oneczny z krzemu polikrystalicznego jest osadzony w wodoodpornym korpusie lampy.<\/li>\n<li>CRI 80+<\/li>\n<li>Temperatura barwowa 2700K &#8211; 65000K<\/li>\n<li>Dopuszczenia UL i CUL dla lokalizacji wilgotnych<\/li>\n<li>Oszcz\u0119dno\u015b\u0107 energii 50-80%.<\/li>\n<li>5-letnia gwarancja<\/li>\n<li>Dost\u0119pne s\u0105 zar\u00f3wno czujniki, jak i pilot.<\/li>\n<\/ul>\n<\/td>\n<td style=\"width: 54pt; text-align: left;\" align=\"right\" width=\"72\">\n<h2>Pow\u0142oka<\/h2>\n<ul>\n<li>Wytrzyma\u0142a obudowa z odlewu ci\u015bnieniowego ze zintegrowanym radiatorem<\/li>\n<li>Odporny na promieniowanie UV, wielowarstwowy, kolor architektoniczny, wyko\u0144czenie proszkowe w kolorze br\u0105zu<\/li>\n<li>Mo\u017cliwo\u015b\u0107 dostosowania fotokom\u00f3rki<\/li>\n<li>Zdejmowana g\u00f3rna cz\u0119\u015b\u0107 do monta\u017cu na s\u0142upie dla \u0142atwego dost\u0119pu do przewod\u00f3w<\/li>\n<li>Formowana wtryskowo soczewka z poliw\u0119glanu UV<\/li>\n<li>Pasuje do szczyt\u00f3w s\u0142upk\u00f3w lub czop\u00f3w o \u015brednicy 2-3\/8 cala<\/li>\n<\/ul>\n<\/td>\n<\/tr>\n<\/tbody>\n<\/table>\n<div class=\"J_module\">\n<div class=\"grid__item one-third tab-one-half palm-one-whole\"><\/div>\n<\/div>\n<table style=\"height: 894px;\" width=\"949\">\n<tbody>\n<tr>\n<td width=\"284\">\n<h3>SPECYFIKACJA TECHNICZNA<\/h3>\n<ul>\n<li id=\"ali-anchor-AliMagic-s5qei7\" class=\"magic-0\" data-section=\"AliMagic-s5qei7\" data-section-title=\"Product Description\" data-spm-anchor-id=\"a2700.details.0.i20.2d8a1a34X1y9Gb\">Certyfikat IP 66, CE ERC ETL CB.<\/li>\n<li class=\"magic-0\" data-section=\"AliMagic-s5qei7\" data-section-title=\"Product Description\" data-spm-anchor-id=\"a2700.details.0.i20.2d8a1a34X1y9Gb\">Moc: 20 W<\/li>\n<li class=\"magic-0\" data-section=\"AliMagic-s5qei7\" data-section-title=\"Product Description\" data-spm-anchor-id=\"a2700.details.0.i20.2d8a1a34X1y9Gb\">\u0179r\u00f3d\u0142o \u015bwiat\u0142a: SMD2835 \/ SMD3030<\/li>\n<li class=\"magic-0\" data-section=\"AliMagic-s5qei7\" data-section-title=\"Product Description\" data-spm-anchor-id=\"a2700.details.0.i20.2d8a1a34X1y9Gb\">Skuteczno\u015b\u0107 \u015bwietlna: 170Lm\/w<\/li>\n<li class=\"magic-0\" data-section=\"AliMagic-s5qei7\" data-section-title=\"Product Description\" data-spm-anchor-id=\"a2700.details.0.i20.2d8a1a34X1y9Gb\">K\u0105t \u015bwiecenia: 60\u00b0, 90\u00b0, 120\u00b0<\/li>\n<li class=\"magic-0\" data-section=\"AliMagic-s5qei7\" data-section-title=\"Product Description\" data-spm-anchor-id=\"a2700.details.0.i20.2d8a1a34X1y9Gb\">\u017bywotno\u015b\u0107: &gt;50000h<\/li>\n<li class=\"magic-0\" data-section=\"AliMagic-s5qei7\" data-section-title=\"Product Description\" data-spm-anchor-id=\"a2700.details.0.i20.2d8a1a34X1y9Gb\">Wysoko\u015b\u0107 monta\u017cu: 3-6m<\/li>\n<li class=\"magic-0\" data-section=\"AliMagic-s5qei7\" data-section-title=\"Product Description\" data-spm-anchor-id=\"a2700.details.0.i20.2d8a1a34X1y9Gb\">CCT: 3000-5000K<\/li>\n<li class=\"magic-0\" data-section=\"AliMagic-s5qei7\" data-section-title=\"Product Description\" data-spm-anchor-id=\"a2700.details.0.i20.2d8a1a34X1y9Gb\">Materia\u0142: korpus aluminiowy, soczewka PC<\/li>\n<\/ul>\n<\/td>\n<td width=\"284\"><img decoding=\"async\" class=\" wp-image-20645\" src=\"https:\/\/www.zhgdled.com\/wp-content\/uploads\/2023\/06\/20230613134637.jpg\" alt=\"solar post top light 1\" width=\"529\" height=\"491\" srcset=\"https:\/\/www.zhgdled.com\/wp-content\/uploads\/2023\/06\/20230613134637.jpg 688w, https:\/\/www.zhgdled.com\/wp-content\/uploads\/2023\/06\/20230613134637-300x279.jpg 300w, https:\/\/www.zhgdled.com\/wp-content\/uploads\/2023\/06\/20230613134637-600x557.jpg 600w, https:\/\/www.zhgdled.com\/wp-content\/uploads\/2023\/06\/20230613134637-150x139.jpg 150w\" sizes=\"(max-width: 529px) 100vw, 529px\" \/><\/td>\n<\/tr>\n<tr>\n<td width=\"284\">\n<h3>CECHY<\/h3>\n<ul>\n<li>R\u00f3\u017cne formy, klasyczne i eleganckie, wygodny monta\u017c i konserwacja;<\/li>\n<li>Rozs\u0105dna konstrukcja, niskie koszty eksploatacji i konserwacji.<\/li>\n<li>Do 170 lm\/w, zgodny z inteligentnym systemem sterowania, odpowiedni do obszar\u00f3w mieszkalnych, miejsc widokowych, park\u00f3w, plac\u00f3w miejskich, prywatnych ogrod\u00f3w, dziedzi\u0144c\u00f3w, korytarzy i innych miejsc publicznych.<\/li>\n<\/ul>\n<\/td>\n<td width=\"284\"><img decoding=\"async\" class=\"alignnone size-full wp-image-20655\" src=\"https:\/\/www.zhgdled.com\/wp-content\/uploads\/2023\/06\/20230613135110.jpg\" alt=\"solar post top light 2\" width=\"715\" height=\"681\" srcset=\"https:\/\/www.zhgdled.com\/wp-content\/uploads\/2023\/06\/20230613135110.jpg 715w, https:\/\/www.zhgdled.com\/wp-content\/uploads\/2023\/06\/20230613135110-300x286.jpg 300w, https:\/\/www.zhgdled.com\/wp-content\/uploads\/2023\/06\/20230613135110-600x571.jpg 600w, https:\/\/www.zhgdled.com\/wp-content\/uploads\/2023\/06\/20230613135110-150x143.jpg 150w\" sizes=\"(max-width: 715px) 100vw, 715px\" \/><\/td>\n<\/tr>\n<\/tbody>\n<\/table>\n<h3>Download specs<\/h3>\n<p><a href=\"https:\/\/www.zhgdled.com\/download\/garden-post-top-light\">POST TOP LIGHT 2022\/10\/11<\/a><\/p>\n","protected":false},"excerpt":{"rendered":"<p>Kiedy\u015b zaprojektowali\u015bmy op\u0142ywowy, modernistyczny wygl\u0105d lampy ogrodowej pierwszej generacji, dzi\u0119ki czemu sta\u0142a si\u0119 ona wysoko cenionym produktem o\u015bwietlenia przemys\u0142owego na rynku. Dzi\u015b na bazie TOP LIGHT dodajemy urz\u0105dzenia energetyczne wielokrotnego u\u017cytku i inteligentne modu\u0142y AI, aby sprosta\u0107 wy\u017cszym standardom efektywno\u015bci energetycznej i inteligentnym wymaganiom.<\/p>\n<ul>\n<li>Certyfikat IP 66, CE ERC ETL CB.<\/li>\n<li>Moc: 20 W<\/li>\n<li>\u0179r\u00f3d\u0142o \u015bwiat\u0142a: SMD2835 \/ SMD3030<\/li>\n<li>Skuteczno\u015b\u0107 \u015bwietlna: 170Lm\/w<\/li>\n<li>K\u0105t \u015bwiecenia: 60\u00b0, 90\u00b0, 120\u00b0<\/li>\n<li>\u017bywotno\u015b\u0107: &gt;50000h<\/li>\n<li>Wysoko\u015b\u0107 monta\u017cu: 3-6m<\/li>\n<li>CCT: 3000-5000K<\/li>\n<li>Materia\u0142: korpus aluminiowy, soczewka PC<\/li>\n<\/ul>\n","protected":false},"featured_media":23924,"template":"","meta":[],"product_brand":[],"product_cat":[567],"product_tag":[],"class_list":{"0":"post-22655","1":"product","2":"type-product","3":"status-publish","4":"has-post-thumbnail","6":"product_cat-garden-lights-pl","8":"first","9":"instock","10":"featured","11":"shipping-taxable","12":"product-type-simple"},"yoast_head":"<!-- This site is optimized with the Yoast SEO plugin v27.4 - https:\/\/yoast.com\/product\/yoast-seo-wordpress\/ -->\n<title>G\u00f3rne \u015bwiat\u0142a LED na s\u0142upki ogrodowe na energi\u0119 s\u0142oneczn\u0105 &#8211; Grupa O\u015bwietleniowa ZHL<\/title>\n<meta name=\"description\" content=\"Solarna lampa ogrodowa na szczycie s\u0142upa wykorzystuje urz\u0105dzenia energetyczne wielokrotnego u\u017cytku i inteligentne modu\u0142y AI, aby spe\u0142ni\u0107 wy\u017csze standardy efektywno\u015bci energetycznej i inteligentne wymagania. Rozwi\u0105zanie zasilane energi\u0105 s\u0142oneczn\u0105 sprawia, \u017ce ta lampa jest naprawd\u0119 bezprzewodowa i inteligentna.\" \/>\n<meta name=\"robots\" content=\"index, follow, max-snippet:-1, max-image-preview:large, max-video-preview:-1\" \/>\n<link rel=\"canonical\" href=\"https:\/\/www.zhgdled.com\/pl\/led-solar-garden-post-top-lights.html\" \/>\n<meta property=\"og:locale\" content=\"pl_PL\" \/>\n<meta property=\"og:type\" content=\"article\" \/>\n<meta property=\"og:title\" content=\"G\u00f3rne \u015bwiat\u0142a LED na s\u0142upki ogrodowe na energi\u0119 s\u0142oneczn\u0105 &#8211; Grupa O\u015bwietleniowa ZHL\" \/>\n<meta property=\"og:description\" content=\"Solarna lampa ogrodowa na szczycie s\u0142upa wykorzystuje urz\u0105dzenia energetyczne wielokrotnego u\u017cytku i inteligentne modu\u0142y AI, aby spe\u0142ni\u0107 wy\u017csze standardy efektywno\u015bci energetycznej i inteligentne wymagania. Rozwi\u0105zanie zasilane energi\u0105 s\u0142oneczn\u0105 sprawia, \u017ce ta lampa jest naprawd\u0119 bezprzewodowa i inteligentna.\" \/>\n<meta property=\"og:url\" content=\"https:\/\/www.zhgdled.com\/pl\/led-solar-garden-post-top-lights.html\" \/>\n<meta property=\"og:site_name\" content=\"Grupa O\u015bwietleniowa ZHL\" \/>\n<meta property=\"article:publisher\" content=\"https:\/\/www.facebook.com\/zhllightinggroup\" \/>\n<meta property=\"article:modified_time\" content=\"2023-09-12T06:07:45+00:00\" \/>\n<meta property=\"og:image\" content=\"https:\/\/www.zhgdled.com\/wp-content\/uploads\/2023\/09\/04.png\" \/>\n\t<meta property=\"og:image:width\" content=\"1600\" \/>\n\t<meta property=\"og:image:height\" content=\"1600\" \/>\n\t<meta property=\"og:image:type\" content=\"image\/png\" \/>\n<meta name=\"twitter:card\" content=\"summary_large_image\" \/>\n<meta name=\"twitter:site\" content=\"@zhl_lighting\" \/>\n<meta name=\"twitter:label1\" content=\"Szacowany czas czytania\" \/>\n\t<meta name=\"twitter:data1\" content=\"2 minuty\" \/>\n<script type=\"application\/ld+json\" class=\"yoast-schema-graph\">{\"@context\":\"https:\\\/\\\/schema.org\",\"@graph\":[{\"@type\":\"WebPage\",\"@id\":\"https:\\\/\\\/www.zhgdled.com\\\/pl\\\/led-solar-garden-post-top-lights.html\",\"url\":\"https:\\\/\\\/www.zhgdled.com\\\/pl\\\/led-solar-garden-post-top-lights.html\",\"name\":\"G\u00f3rne \u015bwiat\u0142a LED na s\u0142upki ogrodowe na energi\u0119 s\u0142oneczn\u0105 &#8211; Grupa O\u015bwietleniowa ZHL\",\"isPartOf\":{\"@id\":\"https:\\\/\\\/www.zhgdled.com\\\/pl\\\/#website\"},\"primaryImageOfPage\":{\"@id\":\"https:\\\/\\\/www.zhgdled.com\\\/pl\\\/led-solar-garden-post-top-lights.html#primaryimage\"},\"image\":{\"@id\":\"https:\\\/\\\/www.zhgdled.com\\\/pl\\\/led-solar-garden-post-top-lights.html#primaryimage\"},\"thumbnailUrl\":\"https:\\\/\\\/www.zhgdled.com\\\/wp-content\\\/uploads\\\/2023\\\/09\\\/Luna-series-solar-garden-light-1.png\",\"datePublished\":\"2023-09-05T06:03:04+00:00\",\"dateModified\":\"2023-09-12T06:07:45+00:00\",\"description\":\"Solarna lampa ogrodowa na szczycie s\u0142upa wykorzystuje urz\u0105dzenia energetyczne wielokrotnego u\u017cytku i inteligentne modu\u0142y AI, aby spe\u0142ni\u0107 wy\u017csze standardy efektywno\u015bci energetycznej i inteligentne wymagania. Rozwi\u0105zanie zasilane energi\u0105 s\u0142oneczn\u0105 sprawia, \u017ce ta lampa jest naprawd\u0119 bezprzewodowa i inteligentna.\",\"breadcrumb\":{\"@id\":\"https:\\\/\\\/www.zhgdled.com\\\/pl\\\/led-solar-garden-post-top-lights.html#breadcrumb\"},\"inLanguage\":\"pl-PL\",\"potentialAction\":[{\"@type\":\"ReadAction\",\"target\":[\"https:\\\/\\\/www.zhgdled.com\\\/pl\\\/led-solar-garden-post-top-lights.html\"]}]},{\"@type\":\"ImageObject\",\"inLanguage\":\"pl-PL\",\"@id\":\"https:\\\/\\\/www.zhgdled.com\\\/pl\\\/led-solar-garden-post-top-lights.html#primaryimage\",\"url\":\"https:\\\/\\\/www.zhgdled.com\\\/wp-content\\\/uploads\\\/2023\\\/09\\\/Luna-series-solar-garden-light-1.png\",\"contentUrl\":\"https:\\\/\\\/www.zhgdled.com\\\/wp-content\\\/uploads\\\/2023\\\/09\\\/Luna-series-solar-garden-light-1.png\",\"width\":1500,\"height\":1500,\"caption\":\"Luna series solar garden light\"},{\"@type\":\"BreadcrumbList\",\"@id\":\"https:\\\/\\\/www.zhgdled.com\\\/pl\\\/led-solar-garden-post-top-lights.html#breadcrumb\",\"itemListElement\":[{\"@type\":\"ListItem\",\"position\":1,\"name\":\"Home\",\"item\":\"https:\\\/\\\/www.zhgdled.com\\\/pl\"},{\"@type\":\"ListItem\",\"position\":2,\"name\":\"PRODUCTS\",\"item\":\"https:\\\/\\\/www.zhgdled.com\\\/zhl-products.html\"},{\"@type\":\"ListItem\",\"position\":3,\"name\":\"G\u00f3rne \u015bwiat\u0142a LED na s\u0142upki ogrodowe na energi\u0119 s\u0142oneczn\u0105\"}]},{\"@type\":\"WebSite\",\"@id\":\"https:\\\/\\\/www.zhgdled.com\\\/pl\\\/#website\",\"url\":\"https:\\\/\\\/www.zhgdled.com\\\/pl\\\/\",\"name\":\"Grupa O\u015bwietleniowa ZHL\",\"description\":\"Top ranking industrial lighting manufacturer and exporter\",\"publisher\":{\"@id\":\"https:\\\/\\\/www.zhgdled.com\\\/pl\\\/#organization\"},\"potentialAction\":[{\"@type\":\"SearchAction\",\"target\":{\"@type\":\"EntryPoint\",\"urlTemplate\":\"https:\\\/\\\/www.zhgdled.com\\\/pl\\\/?s={search_term_string}\"},\"query-input\":{\"@type\":\"PropertyValueSpecification\",\"valueRequired\":true,\"valueName\":\"search_term_string\"}}],\"inLanguage\":\"pl-PL\"},{\"@type\":\"Organization\",\"@id\":\"https:\\\/\\\/www.zhgdled.com\\\/pl\\\/#organization\",\"name\":\"ZHL Lighting Group\",\"url\":\"https:\\\/\\\/www.zhgdled.com\\\/pl\\\/\",\"logo\":{\"@type\":\"ImageObject\",\"inLanguage\":\"pl-PL\",\"@id\":\"https:\\\/\\\/www.zhgdled.com\\\/pl\\\/#\\\/schema\\\/logo\\\/image\\\/\",\"url\":\"\",\"contentUrl\":\"\",\"caption\":\"ZHL Lighting Group\"},\"image\":{\"@id\":\"https:\\\/\\\/www.zhgdled.com\\\/pl\\\/#\\\/schema\\\/logo\\\/image\\\/\"},\"sameAs\":[\"https:\\\/\\\/www.facebook.com\\\/zhllightinggroup\",\"https:\\\/\\\/x.com\\\/zhl_lighting\"]}]}<\/script>\n<!-- \/ Yoast SEO plugin. -->","yoast_head_json":{"title":"G\u00f3rne \u015bwiat\u0142a LED na s\u0142upki ogrodowe na energi\u0119 s\u0142oneczn\u0105 &#8211; Grupa O\u015bwietleniowa ZHL","description":"Solarna lampa ogrodowa na szczycie s\u0142upa wykorzystuje urz\u0105dzenia energetyczne wielokrotnego u\u017cytku i inteligentne modu\u0142y AI, aby spe\u0142ni\u0107 wy\u017csze standardy efektywno\u015bci energetycznej i inteligentne wymagania. Rozwi\u0105zanie zasilane energi\u0105 s\u0142oneczn\u0105 sprawia, \u017ce ta lampa jest naprawd\u0119 bezprzewodowa i inteligentna.","robots":{"index":"index","follow":"follow","max-snippet":"max-snippet:-1","max-image-preview":"max-image-preview:large","max-video-preview":"max-video-preview:-1"},"canonical":"https:\/\/www.zhgdled.com\/pl\/led-solar-garden-post-top-lights.html","og_locale":"pl_PL","og_type":"article","og_title":"G\u00f3rne \u015bwiat\u0142a LED na s\u0142upki ogrodowe na energi\u0119 s\u0142oneczn\u0105 &#8211; Grupa O\u015bwietleniowa ZHL","og_description":"Solarna lampa ogrodowa na szczycie s\u0142upa wykorzystuje urz\u0105dzenia energetyczne wielokrotnego u\u017cytku i inteligentne modu\u0142y AI, aby spe\u0142ni\u0107 wy\u017csze standardy efektywno\u015bci energetycznej i inteligentne wymagania. Rozwi\u0105zanie zasilane energi\u0105 s\u0142oneczn\u0105 sprawia, \u017ce ta lampa jest naprawd\u0119 bezprzewodowa i inteligentna.","og_url":"https:\/\/www.zhgdled.com\/pl\/led-solar-garden-post-top-lights.html","og_site_name":"Grupa O\u015bwietleniowa ZHL","article_publisher":"https:\/\/www.facebook.com\/zhllightinggroup","article_modified_time":"2023-09-12T06:07:45+00:00","og_image":[{"width":1600,"height":1600,"url":"https:\/\/www.zhgdled.com\/wp-content\/uploads\/2023\/09\/04.png","type":"image\/png"}],"twitter_card":"summary_large_image","twitter_site":"@zhl_lighting","twitter_misc":{"Szacowany czas czytania":"2 minuty"},"schema":{"@context":"https:\/\/schema.org","@graph":[{"@type":"WebPage","@id":"https:\/\/www.zhgdled.com\/pl\/led-solar-garden-post-top-lights.html","url":"https:\/\/www.zhgdled.com\/pl\/led-solar-garden-post-top-lights.html","name":"G\u00f3rne \u015bwiat\u0142a LED na s\u0142upki ogrodowe na energi\u0119 s\u0142oneczn\u0105 &#8211; Grupa O\u015bwietleniowa ZHL","isPartOf":{"@id":"https:\/\/www.zhgdled.com\/pl\/#website"},"primaryImageOfPage":{"@id":"https:\/\/www.zhgdled.com\/pl\/led-solar-garden-post-top-lights.html#primaryimage"},"image":{"@id":"https:\/\/www.zhgdled.com\/pl\/led-solar-garden-post-top-lights.html#primaryimage"},"thumbnailUrl":"https:\/\/www.zhgdled.com\/wp-content\/uploads\/2023\/09\/Luna-series-solar-garden-light-1.png","datePublished":"2023-09-05T06:03:04+00:00","dateModified":"2023-09-12T06:07:45+00:00","description":"Solarna lampa ogrodowa na szczycie s\u0142upa wykorzystuje urz\u0105dzenia energetyczne wielokrotnego u\u017cytku i inteligentne modu\u0142y AI, aby spe\u0142ni\u0107 wy\u017csze standardy efektywno\u015bci energetycznej i inteligentne wymagania. Rozwi\u0105zanie zasilane energi\u0105 s\u0142oneczn\u0105 sprawia, \u017ce ta lampa jest naprawd\u0119 bezprzewodowa i inteligentna.","breadcrumb":{"@id":"https:\/\/www.zhgdled.com\/pl\/led-solar-garden-post-top-lights.html#breadcrumb"},"inLanguage":"pl-PL","potentialAction":[{"@type":"ReadAction","target":["https:\/\/www.zhgdled.com\/pl\/led-solar-garden-post-top-lights.html"]}]},{"@type":"ImageObject","inLanguage":"pl-PL","@id":"https:\/\/www.zhgdled.com\/pl\/led-solar-garden-post-top-lights.html#primaryimage","url":"https:\/\/www.zhgdled.com\/wp-content\/uploads\/2023\/09\/Luna-series-solar-garden-light-1.png","contentUrl":"https:\/\/www.zhgdled.com\/wp-content\/uploads\/2023\/09\/Luna-series-solar-garden-light-1.png","width":1500,"height":1500,"caption":"Luna series solar garden light"},{"@type":"BreadcrumbList","@id":"https:\/\/www.zhgdled.com\/pl\/led-solar-garden-post-top-lights.html#breadcrumb","itemListElement":[{"@type":"ListItem","position":1,"name":"Home","item":"https:\/\/www.zhgdled.com\/pl"},{"@type":"ListItem","position":2,"name":"PRODUCTS","item":"https:\/\/www.zhgdled.com\/zhl-products.html"},{"@type":"ListItem","position":3,"name":"G\u00f3rne \u015bwiat\u0142a LED na s\u0142upki ogrodowe na energi\u0119 s\u0142oneczn\u0105"}]},{"@type":"WebSite","@id":"https:\/\/www.zhgdled.com\/pl\/#website","url":"https:\/\/www.zhgdled.com\/pl\/","name":"Grupa O\u015bwietleniowa ZHL","description":"Top ranking industrial lighting manufacturer and exporter","publisher":{"@id":"https:\/\/www.zhgdled.com\/pl\/#organization"},"potentialAction":[{"@type":"SearchAction","target":{"@type":"EntryPoint","urlTemplate":"https:\/\/www.zhgdled.com\/pl\/?s={search_term_string}"},"query-input":{"@type":"PropertyValueSpecification","valueRequired":true,"valueName":"search_term_string"}}],"inLanguage":"pl-PL"},{"@type":"Organization","@id":"https:\/\/www.zhgdled.com\/pl\/#organization","name":"ZHL Lighting Group","url":"https:\/\/www.zhgdled.com\/pl\/","logo":{"@type":"ImageObject","inLanguage":"pl-PL","@id":"https:\/\/www.zhgdled.com\/pl\/#\/schema\/logo\/image\/","url":"","contentUrl":"","caption":"ZHL Lighting Group"},"image":{"@id":"https:\/\/www.zhgdled.com\/pl\/#\/schema\/logo\/image\/"},"sameAs":["https:\/\/www.facebook.com\/zhllightinggroup","https:\/\/x.com\/zhl_lighting"]}]}},"_links":{"self":[{"href":"https:\/\/www.zhgdled.com\/pl\/wp-json\/wp\/v2\/product\/22655","targetHints":{"allow":["GET"]}}],"collection":[{"href":"https:\/\/www.zhgdled.com\/pl\/wp-json\/wp\/v2\/product"}],"about":[{"href":"https:\/\/www.zhgdled.com\/pl\/wp-json\/wp\/v2\/types\/product"}],"wp:featuredmedia":[{"embeddable":true,"href":"https:\/\/www.zhgdled.com\/pl\/wp-json\/wp\/v2\/media\/23924"}],"wp:attachment":[{"href":"https:\/\/www.zhgdled.com\/pl\/wp-json\/wp\/v2\/media?parent=22655"}],"wp:term":[{"taxonomy":"product_brand","embeddable":true,"href":"https:\/\/www.zhgdled.com\/pl\/wp-json\/wp\/v2\/product_brand?post=22655"},{"taxonomy":"product_cat","embeddable":true,"href":"https:\/\/www.zhgdled.com\/pl\/wp-json\/wp\/v2\/product_cat?post=22655"},{"taxonomy":"product_tag","embeddable":true,"href":"https:\/\/www.zhgdled.com\/pl\/wp-json\/wp\/v2\/product_tag?post=22655"}],"curies":[{"name":"wp","href":"https:\/\/api.w.org\/{rel}","templated":true}]}}