{"id":17320,"date":"2023-08-21T09:00:39","date_gmt":"2022-10-20T07:06:16","guid":{"rendered":"https:\/\/www.zhgdled.com\/?post_type=product&#038;p=17320"},"modified":"2023-12-26T15:01:03","modified_gmt":"2023-12-26T07:01:03","slug":"holofote-led-serie-star-10w-400w","status":"publish","type":"product","link":"https:\/\/www.zhgdled.com\/pt-br\/holofote-led-serie-star-10w-400w.html","title":{"rendered":"Holofote LED S\u00e9rie Star 10W &#8211; 400W"},"content":{"rendered":"<p>&nbsp;<\/p>\n<div style=\"width: 626px;\" class=\"wp-video\"><video class=\"wp-video-shortcode\" id=\"video-17320-1\" width=\"626\" height=\"360\" poster=\"https:\/\/www.zhgdled.com\/wp-content\/uploads\/2022\/06\/1654864521171.jpg\" loop autoplay preload=\"metadata\" controls=\"controls\"><source type=\"video\/mp4\" src=\"https:\/\/www.zhgdled.com\/wp-content\/uploads\/2021\/10\/star_series.mp4?_=1\" \/><a href=\"https:\/\/www.zhgdled.com\/wp-content\/uploads\/2021\/10\/star_series.mp4\">https:\/\/www.zhgdled.com\/wp-content\/uploads\/2021\/10\/star_series.mp4<\/a><\/video><\/div>\n<h2><\/h2>\n<h2>O PROJETADOR MAIS ECON\u00d4MICO QUE A ZHL LIGHTING TEM A OFERECER<\/h2>\n<ul>\n<li>ZHL Star Series com material de alum\u00ednio qualificado e excelente dissipa\u00e7\u00e3o de calor, o que torna o projetor LED mais dur\u00e1vel. Carca\u00e7a de alum\u00ednio fundido para servi\u00e7o pesado e certifica\u00e7\u00e3o FCC do holofote ajudam a torn\u00e1-lo mais seguro.<\/li>\n<li>A luz de inunda\u00e7\u00e3o externa LED 10W-400W \u00e9 avaliada em 1000 l\u00famens de branco frio 6000k-6500K, o que pode ajud\u00e1-lo a economizar energia em mais de 70%. Sem sombra ou brilho, o \u00e2ngulo do feixe de inunda\u00e7\u00e3o de 120 \u00b0 obt\u00e9m maior dist\u00e2ncia de irradia\u00e7\u00e3o e oferece uma experi\u00eancia de uso melhor.<\/li>\n<li>A classifica\u00e7\u00e3o \u00e0 prova d&#8217;\u00e1gua IP65 garante que sua luz de inunda\u00e7\u00e3o externa possa ser amplamente utilizada em projetos de ilumina\u00e7\u00e3o externa e interna. N\u00e3o importa o qu\u00e3o dif\u00edcil esteja o tempo, o projetor LED Getseason pode lidar com isso. MAS N\u00c3O o mergulhe na \u00e1gua.<\/li>\n<li>Perfeito para locais internos e externos, como jardins, quintais, vilas, parques, outdoors, telhados, gin\u00e1sios, edif\u00edcios, estradas, ruas, pra\u00e7as, f\u00e1bricas etc.<\/li>\n<\/ul>\n<p>&nbsp;<\/p>\n<h2>ESPECIFICA\u00c7\u00c3O<\/h2>\n<table>\n<tbody>\n<tr>\n<td><strong>Power<\/strong><\/td>\n<td><strong>10W 20W 30W 50W 100W 150W 200W 300W 400W<\/strong><\/td>\n<\/tr>\n<tr>\n<td><strong>LED<\/strong><\/td>\n<td><strong>SMD 2835<\/strong><\/td>\n<\/tr>\n<tr>\n<td><strong>Color Temperature(CCT)<\/strong><\/td>\n<td><strong>2700-6500K<\/strong><\/td>\n<\/tr>\n<tr>\n<td><strong>Luminous Efficiency(lm\/w)<\/strong><\/td>\n<td><strong>90Lm\/w-110Lm\/w<\/strong><\/td>\n<\/tr>\n<tr>\n<td><strong>Input Voltage(V)<\/strong><\/td>\n<td><strong>AC100-240V\/AC220-240V<\/strong><\/td>\n<\/tr>\n<tr>\n<td><strong>PF<\/strong><\/td>\n<td><strong>&gt;0.9<\/strong><\/td>\n<\/tr>\n<tr>\n<td><strong>CRI (Ra)<\/strong><\/td>\n<td><strong>&gt;80<\/strong><\/td>\n<\/tr>\n<tr>\n<td><strong>Beam Angle(\u00b0)<\/strong><\/td>\n<td><strong>120<\/strong><\/td>\n<\/tr>\n<tr>\n<td><strong>IP Grade<\/strong><\/td>\n<td><strong>IP65<\/strong><\/td>\n<\/tr>\n<tr>\n<td><strong>Material<\/strong><\/td>\n<td><strong>Aluminum Body + Tempered Glass Cover<\/strong><\/td>\n<\/tr>\n<tr>\n<td><strong>Working Temperature(\u2103)<\/strong><\/td>\n<td><strong>-20-50<\/strong><\/td>\n<\/tr>\n<tr>\n<td><strong>Warranty(Year)<\/strong><\/td>\n<td><strong>2\/3\/5 Years<\/strong><\/td>\n<\/tr>\n<tr>\n<td><strong>Certification<\/strong><\/td>\n<td><strong>CE,ERP,RoHS<\/strong><\/td>\n<\/tr>\n<tr>\n<td><strong>Driver<\/strong><\/td>\n<td><strong>\u00a0DOB\/ ZHL Brand\/ Meanwell<\/strong><\/td>\n<\/tr>\n<\/tbody>\n<\/table>\n<h2>VER NORMAS DA IND\u00daSTRIA RE. LUZES DE INUNDA\u00c7\u00c3O<\/h2>\n<table style=\"height: 62px;\" width=\"580\">\n<tbody>\n<tr>\n<td width=\"284\">UL<\/td>\n<td width=\"284\"><a href=\"https:\/\/www.ul.com\/industries\/products-and-components\/lighting\"><span style=\"color: #333333;\">UL Solutions\u2019 lighting services<\/span><\/a><\/td>\n<\/tr>\n<tr>\n<td width=\"284\">CE<\/td>\n<td width=\"284\"><a href=\"https:\/\/eur-lex.europa.eu\/legal-content\/EN\/TXT\/PDF\/?uri=CELEX:32014L0035&amp;from=HU\"><span style=\"color: #333333;\">LVD Directive 2014\/35\/EU<\/span><\/a><\/td>\n<\/tr>\n<\/tbody>\n<\/table>\n","protected":false},"excerpt":{"rendered":"<p>Desde 2008, os holofotes da s\u00e9rie STAR passaram por 6 itera\u00e7\u00f5es. Hoje, a s\u00e9rie STAR de sexta gera\u00e7\u00e3o tem sido amplamente utilizada em v\u00e1rios cen\u00e1rios industriais em 68 pa\u00edses. Na Europa, os projetores Star de alta pot\u00eancia de 100lm\/w s\u00e3o usados em esta\u00e7\u00f5es ferrovi\u00e1rias, pra\u00e7as memoriais, igrejas, escolas, salas de exposi\u00e7\u00f5es, etc. Na vasta Am\u00e9rica Latina, os projetores da s\u00e9rie STAR s\u00e3o usados em mercados ao ar livre, parques de futebol, e ilumina\u00e7\u00e3o p\u00fablica \u00e0 noite.<\/p>\n<ul>\n<li>10W\/20W\/30W\/50W\/100W\/150W\/200W\/300W\/400W<\/li>\n<li>CE\/LVD\/EMC\/ERP\/ROHS\/SAA\/ETL\/C-TICK<\/li>\n<li>SMD2835<\/li>\n<li>90lm\/w-110lm\/w<\/li>\n<li>PF&gt;0,9<\/li>\n<li>CRI: &gt;80<\/li>\n<li>\u00c2ngulo do feixe: 120\u00b0<\/li>\n<li>IP65<\/li>\n<li>Corpo de alum\u00ednio, lente de vidro temperado<\/li>\n<\/ul>\n","protected":false},"featured_media":17128,"template":"","meta":[],"product_brand":[],"product_cat":[645],"product_tag":[520],"class_list":{"0":"post-17320","1":"product","2":"type-product","3":"status-publish","4":"has-post-thumbnail","6":"product_cat-refletor-led","7":"product_tag-led-flood-light-pt-br","9":"first","10":"instock","11":"featured","12":"shipping-taxable","13":"product-type-simple"},"yoast_head":"<!-- This site is optimized with the Yoast SEO plugin v27.4 - https:\/\/yoast.com\/product\/yoast-seo-wordpress\/ -->\n<title>Holofote LED S\u00e9rie Star 10W - 400W &#8211; ZHL ILUMINA\u00c7\u00c3O INDUSTRIAL<\/title>\n<meta name=\"description\" content=\"Desde 2008, os holofotes da s\u00e9rie STAR passaram por 6 itera\u00e7\u00f5es. Hoje, a s\u00e9rie STAR de sexta gera\u00e7\u00e3o tem sido amplamente utilizada em v\u00e1rios cen\u00e1rios industriais em 68 pa\u00edses. Na Europa, os projetores Star de alta pot\u00eancia de 100lm\/w s\u00e3o usados em esta\u00e7\u00f5es ferrovi\u00e1rias, pra\u00e7as memoriais, igrejas, escolas, salas de exposi\u00e7\u00f5es, etc. Na vasta Am\u00e9rica Latina, os projetores da s\u00e9rie STAR s\u00e3o usados em mercados ao ar livre, parques de futebol, e ilumina\u00e7\u00e3o p\u00fablica \u00e0 noite.\" \/>\n<meta name=\"robots\" content=\"index, follow, max-snippet:-1, max-image-preview:large, max-video-preview:-1\" \/>\n<link rel=\"canonical\" href=\"https:\/\/www.zhgdled.com\/pt-br\/holofote-led-serie-star-10w-400w.html\" \/>\n<meta property=\"og:locale\" content=\"pt_BR\" \/>\n<meta property=\"og:type\" content=\"article\" \/>\n<meta property=\"og:title\" content=\"Holofote LED S\u00e9rie Star 10W - 400W &#8211; ZHL ILUMINA\u00c7\u00c3O INDUSTRIAL\" \/>\n<meta property=\"og:description\" content=\"Desde 2008, os holofotes da s\u00e9rie STAR passaram por 6 itera\u00e7\u00f5es. Hoje, a s\u00e9rie STAR de sexta gera\u00e7\u00e3o tem sido amplamente utilizada em v\u00e1rios cen\u00e1rios industriais em 68 pa\u00edses. Na Europa, os projetores Star de alta pot\u00eancia de 100lm\/w s\u00e3o usados em esta\u00e7\u00f5es ferrovi\u00e1rias, pra\u00e7as memoriais, igrejas, escolas, salas de exposi\u00e7\u00f5es, etc. Na vasta Am\u00e9rica Latina, os projetores da s\u00e9rie STAR s\u00e3o usados em mercados ao ar livre, parques de futebol, e ilumina\u00e7\u00e3o p\u00fablica \u00e0 noite.\" \/>\n<meta property=\"og:url\" content=\"https:\/\/www.zhgdled.com\/pt-br\/holofote-led-serie-star-10w-400w.html\" \/>\n<meta property=\"og:site_name\" content=\"ZHL ILUMINA\u00c7\u00c3O INDUSTRIAL\" \/>\n<meta property=\"article:publisher\" content=\"https:\/\/www.facebook.com\/zhllightinggroup\" \/>\n<meta property=\"article:modified_time\" content=\"2023-12-26T07:01:03+00:00\" \/>\n<meta property=\"og:image\" content=\"https:\/\/www.zhgdled.com\/wp-content\/uploads\/2021\/10\/8-1.png\" \/>\n\t<meta property=\"og:image:width\" content=\"1600\" \/>\n\t<meta property=\"og:image:height\" content=\"1600\" \/>\n\t<meta property=\"og:image:type\" content=\"image\/png\" \/>\n<meta name=\"twitter:card\" content=\"summary_large_image\" \/>\n<meta name=\"twitter:site\" content=\"@zhl_lighting\" \/>\n<meta name=\"twitter:label1\" content=\"Est. tempo de leitura\" \/>\n\t<meta name=\"twitter:data1\" content=\"2 minutos\" \/>\n<script type=\"application\/ld+json\" class=\"yoast-schema-graph\">{\"@context\":\"https:\\\/\\\/schema.org\",\"@graph\":[{\"@type\":\"WebPage\",\"@id\":\"https:\\\/\\\/www.zhgdled.com\\\/pt-br\\\/holofote-led-serie-star-10w-400w.html\",\"url\":\"https:\\\/\\\/www.zhgdled.com\\\/pt-br\\\/holofote-led-serie-star-10w-400w.html\",\"name\":\"Holofote LED S\u00e9rie Star 10W - 400W &#8211; ZHL ILUMINA\u00c7\u00c3O INDUSTRIAL\",\"isPartOf\":{\"@id\":\"https:\\\/\\\/www.zhgdled.com\\\/pt-br\\\/#website\"},\"primaryImageOfPage\":{\"@id\":\"https:\\\/\\\/www.zhgdled.com\\\/pt-br\\\/holofote-led-serie-star-10w-400w.html#primaryimage\"},\"image\":{\"@id\":\"https:\\\/\\\/www.zhgdled.com\\\/pt-br\\\/holofote-led-serie-star-10w-400w.html#primaryimage\"},\"thumbnailUrl\":\"https:\\\/\\\/www.zhgdled.com\\\/wp-content\\\/uploads\\\/2021\\\/10\\\/8-1.png\",\"datePublished\":\"2022-10-20T07:06:16+00:00\",\"dateModified\":\"2023-12-26T07:01:03+00:00\",\"description\":\"Desde 2008, os holofotes da s\u00e9rie STAR passaram por 6 itera\u00e7\u00f5es. Hoje, a s\u00e9rie STAR de sexta gera\u00e7\u00e3o tem sido amplamente utilizada em v\u00e1rios cen\u00e1rios industriais em 68 pa\u00edses. Na Europa, os projetores Star de alta pot\u00eancia de 100lm\\\/w s\u00e3o usados em esta\u00e7\u00f5es ferrovi\u00e1rias, pra\u00e7as memoriais, igrejas, escolas, salas de exposi\u00e7\u00f5es, etc. Na vasta Am\u00e9rica Latina, os projetores da s\u00e9rie STAR s\u00e3o usados em mercados ao ar livre, parques de futebol, e ilumina\u00e7\u00e3o p\u00fablica \u00e0 noite.\",\"breadcrumb\":{\"@id\":\"https:\\\/\\\/www.zhgdled.com\\\/pt-br\\\/holofote-led-serie-star-10w-400w.html#breadcrumb\"},\"inLanguage\":\"pt-BR\",\"potentialAction\":[{\"@type\":\"ReadAction\",\"target\":[\"https:\\\/\\\/www.zhgdled.com\\\/pt-br\\\/holofote-led-serie-star-10w-400w.html\"]}]},{\"@type\":\"ImageObject\",\"inLanguage\":\"pt-BR\",\"@id\":\"https:\\\/\\\/www.zhgdled.com\\\/pt-br\\\/holofote-led-serie-star-10w-400w.html#primaryimage\",\"url\":\"https:\\\/\\\/www.zhgdled.com\\\/wp-content\\\/uploads\\\/2021\\\/10\\\/8-1.png\",\"contentUrl\":\"https:\\\/\\\/www.zhgdled.com\\\/wp-content\\\/uploads\\\/2021\\\/10\\\/8-1.png\",\"width\":1600,\"height\":1600,\"caption\":\"Star series LED flood Light\"},{\"@type\":\"BreadcrumbList\",\"@id\":\"https:\\\/\\\/www.zhgdled.com\\\/pt-br\\\/holofote-led-serie-star-10w-400w.html#breadcrumb\",\"itemListElement\":[{\"@type\":\"ListItem\",\"position\":1,\"name\":\"Home\",\"item\":\"https:\\\/\\\/www.zhgdled.com\\\/pt-br\"},{\"@type\":\"ListItem\",\"position\":2,\"name\":\"PRODUCTS\",\"item\":\"https:\\\/\\\/www.zhgdled.com\\\/zhl-products.html\"},{\"@type\":\"ListItem\",\"position\":3,\"name\":\"Holofote LED S\u00e9rie Star 10W &#8211; 400W\"}]},{\"@type\":\"WebSite\",\"@id\":\"https:\\\/\\\/www.zhgdled.com\\\/pt-br\\\/#website\",\"url\":\"https:\\\/\\\/www.zhgdled.com\\\/pt-br\\\/\",\"name\":\"ZHL ILUMINA\u00c7\u00c3O INDUSTRIAL\",\"description\":\"Top ranking industrial lighting manufacturer and exporter\",\"publisher\":{\"@id\":\"https:\\\/\\\/www.zhgdled.com\\\/pt-br\\\/#organization\"},\"potentialAction\":[{\"@type\":\"SearchAction\",\"target\":{\"@type\":\"EntryPoint\",\"urlTemplate\":\"https:\\\/\\\/www.zhgdled.com\\\/pt-br\\\/?s={search_term_string}\"},\"query-input\":{\"@type\":\"PropertyValueSpecification\",\"valueRequired\":true,\"valueName\":\"search_term_string\"}}],\"inLanguage\":\"pt-BR\"},{\"@type\":\"Organization\",\"@id\":\"https:\\\/\\\/www.zhgdled.com\\\/pt-br\\\/#organization\",\"name\":\"ZHL Lighting Group\",\"url\":\"https:\\\/\\\/www.zhgdled.com\\\/pt-br\\\/\",\"logo\":{\"@type\":\"ImageObject\",\"inLanguage\":\"pt-BR\",\"@id\":\"https:\\\/\\\/www.zhgdled.com\\\/pt-br\\\/#\\\/schema\\\/logo\\\/image\\\/\",\"url\":\"\",\"contentUrl\":\"\",\"caption\":\"ZHL Lighting Group\"},\"image\":{\"@id\":\"https:\\\/\\\/www.zhgdled.com\\\/pt-br\\\/#\\\/schema\\\/logo\\\/image\\\/\"},\"sameAs\":[\"https:\\\/\\\/www.facebook.com\\\/zhllightinggroup\",\"https:\\\/\\\/x.com\\\/zhl_lighting\"]}]}<\/script>\n<!-- \/ Yoast SEO plugin. -->","yoast_head_json":{"title":"Holofote LED S\u00e9rie Star 10W - 400W &#8211; ZHL ILUMINA\u00c7\u00c3O INDUSTRIAL","description":"Desde 2008, os holofotes da s\u00e9rie STAR passaram por 6 itera\u00e7\u00f5es. Hoje, a s\u00e9rie STAR de sexta gera\u00e7\u00e3o tem sido amplamente utilizada em v\u00e1rios cen\u00e1rios industriais em 68 pa\u00edses. Na Europa, os projetores Star de alta pot\u00eancia de 100lm\/w s\u00e3o usados em esta\u00e7\u00f5es ferrovi\u00e1rias, pra\u00e7as memoriais, igrejas, escolas, salas de exposi\u00e7\u00f5es, etc. Na vasta Am\u00e9rica Latina, os projetores da s\u00e9rie STAR s\u00e3o usados em mercados ao ar livre, parques de futebol, e ilumina\u00e7\u00e3o p\u00fablica \u00e0 noite.","robots":{"index":"index","follow":"follow","max-snippet":"max-snippet:-1","max-image-preview":"max-image-preview:large","max-video-preview":"max-video-preview:-1"},"canonical":"https:\/\/www.zhgdled.com\/pt-br\/holofote-led-serie-star-10w-400w.html","og_locale":"pt_BR","og_type":"article","og_title":"Holofote LED S\u00e9rie Star 10W - 400W &#8211; ZHL ILUMINA\u00c7\u00c3O INDUSTRIAL","og_description":"Desde 2008, os holofotes da s\u00e9rie STAR passaram por 6 itera\u00e7\u00f5es. Hoje, a s\u00e9rie STAR de sexta gera\u00e7\u00e3o tem sido amplamente utilizada em v\u00e1rios cen\u00e1rios industriais em 68 pa\u00edses. Na Europa, os projetores Star de alta pot\u00eancia de 100lm\/w s\u00e3o usados em esta\u00e7\u00f5es ferrovi\u00e1rias, pra\u00e7as memoriais, igrejas, escolas, salas de exposi\u00e7\u00f5es, etc. Na vasta Am\u00e9rica Latina, os projetores da s\u00e9rie STAR s\u00e3o usados em mercados ao ar livre, parques de futebol, e ilumina\u00e7\u00e3o p\u00fablica \u00e0 noite.","og_url":"https:\/\/www.zhgdled.com\/pt-br\/holofote-led-serie-star-10w-400w.html","og_site_name":"ZHL ILUMINA\u00c7\u00c3O INDUSTRIAL","article_publisher":"https:\/\/www.facebook.com\/zhllightinggroup","article_modified_time":"2023-12-26T07:01:03+00:00","og_image":[{"width":1600,"height":1600,"url":"https:\/\/www.zhgdled.com\/wp-content\/uploads\/2021\/10\/8-1.png","type":"image\/png"}],"twitter_card":"summary_large_image","twitter_site":"@zhl_lighting","twitter_misc":{"Est. tempo de leitura":"2 minutos"},"schema":{"@context":"https:\/\/schema.org","@graph":[{"@type":"WebPage","@id":"https:\/\/www.zhgdled.com\/pt-br\/holofote-led-serie-star-10w-400w.html","url":"https:\/\/www.zhgdled.com\/pt-br\/holofote-led-serie-star-10w-400w.html","name":"Holofote LED S\u00e9rie Star 10W - 400W &#8211; ZHL ILUMINA\u00c7\u00c3O INDUSTRIAL","isPartOf":{"@id":"https:\/\/www.zhgdled.com\/pt-br\/#website"},"primaryImageOfPage":{"@id":"https:\/\/www.zhgdled.com\/pt-br\/holofote-led-serie-star-10w-400w.html#primaryimage"},"image":{"@id":"https:\/\/www.zhgdled.com\/pt-br\/holofote-led-serie-star-10w-400w.html#primaryimage"},"thumbnailUrl":"https:\/\/www.zhgdled.com\/wp-content\/uploads\/2021\/10\/8-1.png","datePublished":"2022-10-20T07:06:16+00:00","dateModified":"2023-12-26T07:01:03+00:00","description":"Desde 2008, os holofotes da s\u00e9rie STAR passaram por 6 itera\u00e7\u00f5es. Hoje, a s\u00e9rie STAR de sexta gera\u00e7\u00e3o tem sido amplamente utilizada em v\u00e1rios cen\u00e1rios industriais em 68 pa\u00edses. Na Europa, os projetores Star de alta pot\u00eancia de 100lm\/w s\u00e3o usados em esta\u00e7\u00f5es ferrovi\u00e1rias, pra\u00e7as memoriais, igrejas, escolas, salas de exposi\u00e7\u00f5es, etc. Na vasta Am\u00e9rica Latina, os projetores da s\u00e9rie STAR s\u00e3o usados em mercados ao ar livre, parques de futebol, e ilumina\u00e7\u00e3o p\u00fablica \u00e0 noite.","breadcrumb":{"@id":"https:\/\/www.zhgdled.com\/pt-br\/holofote-led-serie-star-10w-400w.html#breadcrumb"},"inLanguage":"pt-BR","potentialAction":[{"@type":"ReadAction","target":["https:\/\/www.zhgdled.com\/pt-br\/holofote-led-serie-star-10w-400w.html"]}]},{"@type":"ImageObject","inLanguage":"pt-BR","@id":"https:\/\/www.zhgdled.com\/pt-br\/holofote-led-serie-star-10w-400w.html#primaryimage","url":"https:\/\/www.zhgdled.com\/wp-content\/uploads\/2021\/10\/8-1.png","contentUrl":"https:\/\/www.zhgdled.com\/wp-content\/uploads\/2021\/10\/8-1.png","width":1600,"height":1600,"caption":"Star series LED flood Light"},{"@type":"BreadcrumbList","@id":"https:\/\/www.zhgdled.com\/pt-br\/holofote-led-serie-star-10w-400w.html#breadcrumb","itemListElement":[{"@type":"ListItem","position":1,"name":"Home","item":"https:\/\/www.zhgdled.com\/pt-br"},{"@type":"ListItem","position":2,"name":"PRODUCTS","item":"https:\/\/www.zhgdled.com\/zhl-products.html"},{"@type":"ListItem","position":3,"name":"Holofote LED S\u00e9rie Star 10W &#8211; 400W"}]},{"@type":"WebSite","@id":"https:\/\/www.zhgdled.com\/pt-br\/#website","url":"https:\/\/www.zhgdled.com\/pt-br\/","name":"ZHL ILUMINA\u00c7\u00c3O INDUSTRIAL","description":"Top ranking industrial lighting manufacturer and exporter","publisher":{"@id":"https:\/\/www.zhgdled.com\/pt-br\/#organization"},"potentialAction":[{"@type":"SearchAction","target":{"@type":"EntryPoint","urlTemplate":"https:\/\/www.zhgdled.com\/pt-br\/?s={search_term_string}"},"query-input":{"@type":"PropertyValueSpecification","valueRequired":true,"valueName":"search_term_string"}}],"inLanguage":"pt-BR"},{"@type":"Organization","@id":"https:\/\/www.zhgdled.com\/pt-br\/#organization","name":"ZHL Lighting Group","url":"https:\/\/www.zhgdled.com\/pt-br\/","logo":{"@type":"ImageObject","inLanguage":"pt-BR","@id":"https:\/\/www.zhgdled.com\/pt-br\/#\/schema\/logo\/image\/","url":"","contentUrl":"","caption":"ZHL Lighting Group"},"image":{"@id":"https:\/\/www.zhgdled.com\/pt-br\/#\/schema\/logo\/image\/"},"sameAs":["https:\/\/www.facebook.com\/zhllightinggroup","https:\/\/x.com\/zhl_lighting"]}]}},"_links":{"self":[{"href":"https:\/\/www.zhgdled.com\/pt-br\/wp-json\/wp\/v2\/product\/17320","targetHints":{"allow":["GET"]}}],"collection":[{"href":"https:\/\/www.zhgdled.com\/pt-br\/wp-json\/wp\/v2\/product"}],"about":[{"href":"https:\/\/www.zhgdled.com\/pt-br\/wp-json\/wp\/v2\/types\/product"}],"wp:featuredmedia":[{"embeddable":true,"href":"https:\/\/www.zhgdled.com\/pt-br\/wp-json\/wp\/v2\/media\/17128"}],"wp:attachment":[{"href":"https:\/\/www.zhgdled.com\/pt-br\/wp-json\/wp\/v2\/media?parent=17320"}],"wp:term":[{"taxonomy":"product_brand","embeddable":true,"href":"https:\/\/www.zhgdled.com\/pt-br\/wp-json\/wp\/v2\/product_brand?post=17320"},{"taxonomy":"product_cat","embeddable":true,"href":"https:\/\/www.zhgdled.com\/pt-br\/wp-json\/wp\/v2\/product_cat?post=17320"},{"taxonomy":"product_tag","embeddable":true,"href":"https:\/\/www.zhgdled.com\/pt-br\/wp-json\/wp\/v2\/product_tag?post=17320"}],"curies":[{"name":"wp","href":"https:\/\/api.w.org\/{rel}","templated":true}]}}