{"id":17333,"date":"2023-08-21T09:25:02","date_gmt":"2022-07-01T03:38:02","guid":{"rendered":"https:\/\/www.zhgdled.com\/product\/z-plus-series-3rd-gen-led-flood-light"},"modified":"2023-12-26T15:01:02","modified_gmt":"2023-12-26T07:01:02","slug":"z-plus-series-3rd-gen-led-flood-light","status":"publish","type":"product","link":"https:\/\/www.zhgdled.com\/pt-br\/z-plus-series-3rd-gen-led-flood-light.html","title":{"rendered":"LUZ DE HOLOFOTE REFLETOR S\u00c9RIE Z-PLUS (Gera\u00e7\u00e3o 3.0)"},"content":{"rendered":"<h2>ESQUEMA DE ILUMINA\u00c7\u00c3O EXTERIOR CUIDADOSA PARA USU\u00c1RIOS RESIDENCIAIS, COMERCIAIS OU INDUSTRIAIS<\/h2>\n<ul>\n<li>Corpo leve aerodin\u00e2mico, apar\u00eancia simples e atmosf\u00e9rica.<\/li>\n<li>30W-200W v\u00e1rias op\u00e7\u00f5es de energia (<a href=\"https:\/\/www.zhgdled.com\/pt-br\/product-category\/luzes-de-inundacao.html\">luzes de inunda\u00e7\u00e3o semelhantes<\/a>).<\/li>\n<li>Refletor de alta qualidade com nano material de alta reflex\u00e3o difusa, maior refletividade e melhor efeito anti-reflexo.<\/li>\n<li>Excelente alum\u00ednio fundido ADC12 combinado com design industrial cient\u00edfico para melhor dissipa\u00e7\u00e3o de calor.<\/li>\n<li>Luxo e pre\u00e7os competitivos s\u00e3o os fatores subjacentes \u00e0 obten\u00e7\u00e3o de altos volumes de produ\u00e7\u00e3o.<\/li>\n<\/ul>\n<h2>VEJA OS PADR\u00d5ES DA IND\u00daSTRIA COM RELA\u00c7\u00c3O \u00c0S ILUMINA\u00c7\u00d5ES<\/h2>\n<table style=\"height: 89px;\" width=\"861\">\n<tbody>\n<tr>\n<td width=\"284\">UL<\/td>\n<td width=\"284\"><a href=\"https:\/\/www.ul.com\/industries\/products-and-components\/lighting\"><strong><b><img decoding=\"async\" class=\"alignnone  wp-image-17469\" src=\"https:\/\/www.zhgdled.com\/wp-content\/uploads\/2022\/07\/web-link-2.png\" alt=\"\" width=\"26\" height=\"26\" srcset=\"https:\/\/www.zhgdled.com\/wp-content\/uploads\/2022\/07\/web-link-2.png 200w, https:\/\/www.zhgdled.com\/wp-content\/uploads\/2022\/07\/web-link-2-150x150.png 150w\" sizes=\"(max-width: 26px) 100vw, 26px\" \/>UL Solutions\u2019 lighting services<\/b><\/strong><\/a><\/td>\n<\/tr>\n<tr>\n<td width=\"284\">CE<\/td>\n<td width=\"284\"><a href=\"https:\/\/eur-lex.europa.eu\/legal-content\/EN\/TXT\/PDF\/?uri=CELEX:32014L0035&amp;from=HU\"><strong><b><img decoding=\"async\" class=\"alignnone  wp-image-17469\" src=\"https:\/\/www.zhgdled.com\/wp-content\/uploads\/2022\/07\/web-link-2.png\" alt=\"\" width=\"26\" height=\"26\" srcset=\"https:\/\/www.zhgdled.com\/wp-content\/uploads\/2022\/07\/web-link-2.png 200w, https:\/\/www.zhgdled.com\/wp-content\/uploads\/2022\/07\/web-link-2-150x150.png 150w\" sizes=\"(max-width: 26px) 100vw, 26px\" \/>LVD Directive 2014\/35\/EU<\/b><\/strong><\/a><\/td>\n<\/tr>\n<\/tbody>\n<\/table>\n<h2>\nESPECIFICA\u00c7\u00c3O<\/h2>\n<table style=\"border-collapse: collapse; width: 158.28pt;\" border=\"0\" width=\"211\" cellspacing=\"0\" cellpadding=\"0\">\n<tbody>\n<tr style=\"height: 16.50pt;\">\n<td class=\"et2\" style=\"height: 16.50pt; width: 158.25pt;\" width=\"211\" height=\"22\"><img decoding=\"async\" class=\"alignnone  wp-image-17479\" src=\"https:\/\/www.zhgdled.com\/wp-content\/uploads\/2022\/07\/zhl_download-logo.png\" alt=\"\" width=\"26\" height=\"26\" srcset=\"https:\/\/www.zhgdled.com\/wp-content\/uploads\/2022\/07\/zhl_download-logo.png 368w, https:\/\/www.zhgdled.com\/wp-content\/uploads\/2022\/07\/zhl_download-logo-300x300.png 300w, https:\/\/www.zhgdled.com\/wp-content\/uploads\/2022\/07\/zhl_download-logo-150x150.png 150w\" sizes=\"(max-width: 26px) 100vw, 26px\" \/><a href=\"https:\/\/www.zhgdled.com\/pt-br\/download\/z-plus-series-3rd-gen-solar-flood-light\">Baixar cat\u00e1logo<\/a><\/td>\n<\/tr>\n<\/tbody>\n<\/table>\n<p>&nbsp;<\/p>\n<table width=\"862\">\n<tbody>\n<tr>\n<td width=\"161\">Pot\u00eancia<\/td>\n<td width=\"140\">30W<\/td>\n<td width=\"140\">50W<\/td>\n<td width=\"140\">100W<\/td>\n<td width=\"140\">150W<\/td>\n<td width=\"140\">200W<\/td>\n<\/tr>\n<tr>\n<td>Dimens\u00e3o<\/td>\n<td>221*165*27mm<\/td>\n<td>221*165*27mm<\/td>\n<td>279*221*28mm<\/td>\n<td>380*294*38mm<\/td>\n<td>380*294*38mm<\/td>\n<\/tr>\n<tr>\n<td>Efici\u00eancia Luminosa<\/td>\n<td colspan=\"5\">90LM\/W<\/td>\n<\/tr>\n<tr>\n<td>Fluxo luminoso<\/td>\n<td>3,000lm\u00b110%<\/td>\n<td>5,000lm\u00b110%<\/td>\n<td>10,000lm\u00b110%<\/td>\n<td>15,000lm\u00b110%<\/td>\n<td>20,000lm\u00b110%<\/td>\n<\/tr>\n<tr>\n<td>Chip<\/td>\n<td colspan=\"5\">Chinese brand SMD 2835\/or other brands<\/td>\n<\/tr>\n<tr>\n<td>PF<\/td>\n<td colspan=\"5\">\u22650.5<\/td>\n<\/tr>\n<tr>\n<td>CRI<\/td>\n<td colspan=\"5\">\u226580<\/td>\n<\/tr>\n<tr>\n<td>CCT<\/td>\n<td colspan=\"5\">2700-6500K<\/td>\n<\/tr>\n<tr>\n<td>\u00c2ngulo do feixe<\/td>\n<td colspan=\"5\">60\u00b0,90\u00b0, 120\u00b0<\/td>\n<\/tr>\n<tr>\n<td>Grau de IP<\/td>\n<td colspan=\"5\">IP66<\/td>\n<\/tr>\n<tr>\n<td>Driver<\/td>\n<td colspan=\"5\">DOB<\/td>\n<\/tr>\n<tr>\n<td>Prote\u00e7\u00e3o contra surtos<\/td>\n<td colspan=\"5\">1KV\/2KV<\/td>\n<\/tr>\n<tr>\n<td>Garantia<\/td>\n<td colspan=\"5\">2 Years<\/td>\n<\/tr>\n<tr>\n<td>Temperatura de trabalho<\/td>\n<td colspan=\"5\">-20\u00b0C ~ +50\u00b0C<\/td>\n<\/tr>\n<tr>\n<td>Vida \u00fatil<\/td>\n<td colspan=\"5\">35,000hrs\/50,000hrs<\/td>\n<\/tr>\n<tr>\n<td>Tens\u00e3o de entrada<\/td>\n<td colspan=\"5\">AC 220V-240V, 50\/60Hz<\/td>\n<\/tr>\n<tr>\n<td>Material<\/td>\n<td colspan=\"5\">Alum\u00ednio + Vidro \u00d3ptico<\/td>\n<\/tr>\n<\/tbody>\n<\/table>\n","protected":false},"excerpt":{"rendered":"<p>Em 2022, o holofote de 3\u00aa gera\u00e7\u00e3o da s\u00e9rie Z-Plus foi lan\u00e7ado no contexto da crise energ\u00e9tica europeia. Os holofotes Z-Plus est\u00e3o procurando substituir os iodetos met\u00e1licos de 250W, reduzindo o consumo de energia em 60% com um dos holofotes externos Z-Plus. Essas luzes t\u00eam uma sa\u00edda de 3.000 &#8211; 20.000 l\u00famens, fornecendo uma quantidade equivalente de ilumina\u00e7\u00e3o para alternativas de consumo de energia, ao mesmo tempo em que utilizam 100 lm\/w de baixo custo.<\/p>\n<ul>\n<li>Pot\u00eancia: 30W\/50W\/100W\/150W\/200W<\/li>\n<li>3000lm (30W), 5000lm (50W), 10000lm (100W), 15.000lm (150W), 20000lm (200W)<\/li>\n<li>Efici\u00eancia: 100lm\/w\u00b110%<\/li>\n<li>2700-6500K opcional<\/li>\n<li>60\u00b0,90\u00b0, \u00e2ngulo de feixe de 120\u00b0 opcional<\/li>\n<li>CA 220V-240V, 50\/60Hz \/ CA 100V-240V, 50\/60Hz<\/li>\n<\/ul>\n","protected":false},"featured_media":21523,"template":"","meta":[],"product_brand":[],"product_cat":[645],"product_tag":[478,479],"class_list":{"0":"post-17333","1":"product","2":"type-product","3":"status-publish","4":"has-post-thumbnail","6":"product_cat-refletor-led","7":"product_tag-flood-light-pt-br","8":"product_tag-anti-glare-pt-br","10":"first","11":"instock","12":"featured","13":"shipping-taxable","14":"product-type-simple"},"yoast_head":"<!-- This site is optimized with the Yoast SEO plugin v27.4 - https:\/\/yoast.com\/product\/yoast-seo-wordpress\/ -->\n<title>LUZ DE HOLOFOTE REFLETOR S\u00c9RIE Z-PLUS (Gera\u00e7\u00e3o 3.0) &#8211; ZHL ILUMINA\u00c7\u00c3O INDUSTRIAL<\/title>\n<meta name=\"description\" content=\"Em 2022, o holofote de 3\u00aa gera\u00e7\u00e3o da s\u00e9rie Z-Plus foi lan\u00e7ado no contexto da crise energ\u00e9tica da UE. Os Holofotes Z-Plus est\u00e3o procurando substituir os haletos met\u00e1licos de 250W, reduzindo o consumo de energia em 60%, enquanto utilizam 100 lm\/w econ\u00f4micos.\" \/>\n<meta name=\"robots\" content=\"index, follow, max-snippet:-1, max-image-preview:large, max-video-preview:-1\" \/>\n<link rel=\"canonical\" href=\"https:\/\/www.zhgdled.com\/pt-br\/z-plus-series-3rd-gen-led-flood-light.html\" \/>\n<meta property=\"og:locale\" content=\"pt_BR\" \/>\n<meta property=\"og:type\" content=\"article\" \/>\n<meta property=\"og:title\" content=\"LUZ DE HOLOFOTE REFLETOR S\u00c9RIE Z-PLUS (Gera\u00e7\u00e3o 3.0) &#8211; ZHL ILUMINA\u00c7\u00c3O INDUSTRIAL\" \/>\n<meta property=\"og:description\" content=\"Em 2022, o holofote de 3\u00aa gera\u00e7\u00e3o da s\u00e9rie Z-Plus foi lan\u00e7ado no contexto da crise energ\u00e9tica da UE. Os Holofotes Z-Plus est\u00e3o procurando substituir os haletos met\u00e1licos de 250W, reduzindo o consumo de energia em 60%, enquanto utilizam 100 lm\/w econ\u00f4micos.\" \/>\n<meta property=\"og:url\" content=\"https:\/\/www.zhgdled.com\/pt-br\/z-plus-series-3rd-gen-led-flood-light.html\" \/>\n<meta property=\"og:site_name\" content=\"ZHL ILUMINA\u00c7\u00c3O INDUSTRIAL\" \/>\n<meta property=\"article:publisher\" content=\"https:\/\/www.facebook.com\/zhllightinggroup\" \/>\n<meta property=\"article:modified_time\" content=\"2023-12-26T07:01:02+00:00\" \/>\n<meta property=\"og:image\" content=\"https:\/\/www.zhgdled.com\/wp-content\/uploads\/2023\/06\/Z-PLUS-3-MAIN.png\" \/>\n\t<meta property=\"og:image:width\" content=\"1600\" \/>\n\t<meta property=\"og:image:height\" content=\"1600\" \/>\n\t<meta property=\"og:image:type\" content=\"image\/png\" \/>\n<meta name=\"twitter:card\" content=\"summary_large_image\" \/>\n<meta name=\"twitter:site\" content=\"@zhl_lighting\" \/>\n<meta name=\"twitter:label1\" content=\"Est. tempo de leitura\" \/>\n\t<meta name=\"twitter:data1\" content=\"2 minutos\" \/>\n<script type=\"application\/ld+json\" class=\"yoast-schema-graph\">{\"@context\":\"https:\\\/\\\/schema.org\",\"@graph\":[{\"@type\":\"WebPage\",\"@id\":\"https:\\\/\\\/www.zhgdled.com\\\/pt-br\\\/z-plus-series-3rd-gen-led-flood-light.html\",\"url\":\"https:\\\/\\\/www.zhgdled.com\\\/pt-br\\\/z-plus-series-3rd-gen-led-flood-light.html\",\"name\":\"LUZ DE HOLOFOTE REFLETOR S\u00c9RIE Z-PLUS (Gera\u00e7\u00e3o 3.0) &#8211; ZHL ILUMINA\u00c7\u00c3O INDUSTRIAL\",\"isPartOf\":{\"@id\":\"https:\\\/\\\/www.zhgdled.com\\\/pt-br\\\/#website\"},\"primaryImageOfPage\":{\"@id\":\"https:\\\/\\\/www.zhgdled.com\\\/pt-br\\\/z-plus-series-3rd-gen-led-flood-light.html#primaryimage\"},\"image\":{\"@id\":\"https:\\\/\\\/www.zhgdled.com\\\/pt-br\\\/z-plus-series-3rd-gen-led-flood-light.html#primaryimage\"},\"thumbnailUrl\":\"https:\\\/\\\/www.zhgdled.com\\\/wp-content\\\/uploads\\\/2023\\\/06\\\/Z-PLUS-3-MAIN.png\",\"datePublished\":\"2022-07-01T03:38:02+00:00\",\"dateModified\":\"2023-12-26T07:01:02+00:00\",\"description\":\"Em 2022, o holofote de 3\u00aa gera\u00e7\u00e3o da s\u00e9rie Z-Plus foi lan\u00e7ado no contexto da crise energ\u00e9tica da UE. Os Holofotes Z-Plus est\u00e3o procurando substituir os haletos met\u00e1licos de 250W, reduzindo o consumo de energia em 60%, enquanto utilizam 100 lm\\\/w econ\u00f4micos.\",\"breadcrumb\":{\"@id\":\"https:\\\/\\\/www.zhgdled.com\\\/pt-br\\\/z-plus-series-3rd-gen-led-flood-light.html#breadcrumb\"},\"inLanguage\":\"pt-BR\",\"potentialAction\":[{\"@type\":\"ReadAction\",\"target\":[\"https:\\\/\\\/www.zhgdled.com\\\/pt-br\\\/z-plus-series-3rd-gen-led-flood-light.html\"]}]},{\"@type\":\"ImageObject\",\"inLanguage\":\"pt-BR\",\"@id\":\"https:\\\/\\\/www.zhgdled.com\\\/pt-br\\\/z-plus-series-3rd-gen-led-flood-light.html#primaryimage\",\"url\":\"https:\\\/\\\/www.zhgdled.com\\\/wp-content\\\/uploads\\\/2023\\\/06\\\/Z-PLUS-3-MAIN.png\",\"contentUrl\":\"https:\\\/\\\/www.zhgdled.com\\\/wp-content\\\/uploads\\\/2023\\\/06\\\/Z-PLUS-3-MAIN.png\",\"width\":1600,\"height\":1600,\"caption\":\"Z-PLUS series floodlights by ZHL\"},{\"@type\":\"BreadcrumbList\",\"@id\":\"https:\\\/\\\/www.zhgdled.com\\\/pt-br\\\/z-plus-series-3rd-gen-led-flood-light.html#breadcrumb\",\"itemListElement\":[{\"@type\":\"ListItem\",\"position\":1,\"name\":\"Home\",\"item\":\"https:\\\/\\\/www.zhgdled.com\\\/pt-br\"},{\"@type\":\"ListItem\",\"position\":2,\"name\":\"PRODUCTS\",\"item\":\"https:\\\/\\\/www.zhgdled.com\\\/zhl-products.html\"},{\"@type\":\"ListItem\",\"position\":3,\"name\":\"LUZ DE HOLOFOTE REFLETOR S\u00c9RIE Z-PLUS (Gera\u00e7\u00e3o 3.0)\"}]},{\"@type\":\"WebSite\",\"@id\":\"https:\\\/\\\/www.zhgdled.com\\\/pt-br\\\/#website\",\"url\":\"https:\\\/\\\/www.zhgdled.com\\\/pt-br\\\/\",\"name\":\"ZHL ILUMINA\u00c7\u00c3O INDUSTRIAL\",\"description\":\"Top ranking industrial lighting manufacturer and exporter\",\"publisher\":{\"@id\":\"https:\\\/\\\/www.zhgdled.com\\\/pt-br\\\/#organization\"},\"potentialAction\":[{\"@type\":\"SearchAction\",\"target\":{\"@type\":\"EntryPoint\",\"urlTemplate\":\"https:\\\/\\\/www.zhgdled.com\\\/pt-br\\\/?s={search_term_string}\"},\"query-input\":{\"@type\":\"PropertyValueSpecification\",\"valueRequired\":true,\"valueName\":\"search_term_string\"}}],\"inLanguage\":\"pt-BR\"},{\"@type\":\"Organization\",\"@id\":\"https:\\\/\\\/www.zhgdled.com\\\/pt-br\\\/#organization\",\"name\":\"ZHL Lighting Group\",\"url\":\"https:\\\/\\\/www.zhgdled.com\\\/pt-br\\\/\",\"logo\":{\"@type\":\"ImageObject\",\"inLanguage\":\"pt-BR\",\"@id\":\"https:\\\/\\\/www.zhgdled.com\\\/pt-br\\\/#\\\/schema\\\/logo\\\/image\\\/\",\"url\":\"\",\"contentUrl\":\"\",\"caption\":\"ZHL Lighting Group\"},\"image\":{\"@id\":\"https:\\\/\\\/www.zhgdled.com\\\/pt-br\\\/#\\\/schema\\\/logo\\\/image\\\/\"},\"sameAs\":[\"https:\\\/\\\/www.facebook.com\\\/zhllightinggroup\",\"https:\\\/\\\/x.com\\\/zhl_lighting\"]}]}<\/script>\n<!-- \/ Yoast SEO plugin. -->","yoast_head_json":{"title":"LUZ DE HOLOFOTE REFLETOR S\u00c9RIE Z-PLUS (Gera\u00e7\u00e3o 3.0) &#8211; ZHL ILUMINA\u00c7\u00c3O INDUSTRIAL","description":"Em 2022, o holofote de 3\u00aa gera\u00e7\u00e3o da s\u00e9rie Z-Plus foi lan\u00e7ado no contexto da crise energ\u00e9tica da UE. Os Holofotes Z-Plus est\u00e3o procurando substituir os haletos met\u00e1licos de 250W, reduzindo o consumo de energia em 60%, enquanto utilizam 100 lm\/w econ\u00f4micos.","robots":{"index":"index","follow":"follow","max-snippet":"max-snippet:-1","max-image-preview":"max-image-preview:large","max-video-preview":"max-video-preview:-1"},"canonical":"https:\/\/www.zhgdled.com\/pt-br\/z-plus-series-3rd-gen-led-flood-light.html","og_locale":"pt_BR","og_type":"article","og_title":"LUZ DE HOLOFOTE REFLETOR S\u00c9RIE Z-PLUS (Gera\u00e7\u00e3o 3.0) &#8211; ZHL ILUMINA\u00c7\u00c3O INDUSTRIAL","og_description":"Em 2022, o holofote de 3\u00aa gera\u00e7\u00e3o da s\u00e9rie Z-Plus foi lan\u00e7ado no contexto da crise energ\u00e9tica da UE. Os Holofotes Z-Plus est\u00e3o procurando substituir os haletos met\u00e1licos de 250W, reduzindo o consumo de energia em 60%, enquanto utilizam 100 lm\/w econ\u00f4micos.","og_url":"https:\/\/www.zhgdled.com\/pt-br\/z-plus-series-3rd-gen-led-flood-light.html","og_site_name":"ZHL ILUMINA\u00c7\u00c3O INDUSTRIAL","article_publisher":"https:\/\/www.facebook.com\/zhllightinggroup","article_modified_time":"2023-12-26T07:01:02+00:00","og_image":[{"width":1600,"height":1600,"url":"https:\/\/www.zhgdled.com\/wp-content\/uploads\/2023\/06\/Z-PLUS-3-MAIN.png","type":"image\/png"}],"twitter_card":"summary_large_image","twitter_site":"@zhl_lighting","twitter_misc":{"Est. tempo de leitura":"2 minutos"},"schema":{"@context":"https:\/\/schema.org","@graph":[{"@type":"WebPage","@id":"https:\/\/www.zhgdled.com\/pt-br\/z-plus-series-3rd-gen-led-flood-light.html","url":"https:\/\/www.zhgdled.com\/pt-br\/z-plus-series-3rd-gen-led-flood-light.html","name":"LUZ DE HOLOFOTE REFLETOR S\u00c9RIE Z-PLUS (Gera\u00e7\u00e3o 3.0) &#8211; ZHL ILUMINA\u00c7\u00c3O INDUSTRIAL","isPartOf":{"@id":"https:\/\/www.zhgdled.com\/pt-br\/#website"},"primaryImageOfPage":{"@id":"https:\/\/www.zhgdled.com\/pt-br\/z-plus-series-3rd-gen-led-flood-light.html#primaryimage"},"image":{"@id":"https:\/\/www.zhgdled.com\/pt-br\/z-plus-series-3rd-gen-led-flood-light.html#primaryimage"},"thumbnailUrl":"https:\/\/www.zhgdled.com\/wp-content\/uploads\/2023\/06\/Z-PLUS-3-MAIN.png","datePublished":"2022-07-01T03:38:02+00:00","dateModified":"2023-12-26T07:01:02+00:00","description":"Em 2022, o holofote de 3\u00aa gera\u00e7\u00e3o da s\u00e9rie Z-Plus foi lan\u00e7ado no contexto da crise energ\u00e9tica da UE. Os Holofotes Z-Plus est\u00e3o procurando substituir os haletos met\u00e1licos de 250W, reduzindo o consumo de energia em 60%, enquanto utilizam 100 lm\/w econ\u00f4micos.","breadcrumb":{"@id":"https:\/\/www.zhgdled.com\/pt-br\/z-plus-series-3rd-gen-led-flood-light.html#breadcrumb"},"inLanguage":"pt-BR","potentialAction":[{"@type":"ReadAction","target":["https:\/\/www.zhgdled.com\/pt-br\/z-plus-series-3rd-gen-led-flood-light.html"]}]},{"@type":"ImageObject","inLanguage":"pt-BR","@id":"https:\/\/www.zhgdled.com\/pt-br\/z-plus-series-3rd-gen-led-flood-light.html#primaryimage","url":"https:\/\/www.zhgdled.com\/wp-content\/uploads\/2023\/06\/Z-PLUS-3-MAIN.png","contentUrl":"https:\/\/www.zhgdled.com\/wp-content\/uploads\/2023\/06\/Z-PLUS-3-MAIN.png","width":1600,"height":1600,"caption":"Z-PLUS series floodlights by ZHL"},{"@type":"BreadcrumbList","@id":"https:\/\/www.zhgdled.com\/pt-br\/z-plus-series-3rd-gen-led-flood-light.html#breadcrumb","itemListElement":[{"@type":"ListItem","position":1,"name":"Home","item":"https:\/\/www.zhgdled.com\/pt-br"},{"@type":"ListItem","position":2,"name":"PRODUCTS","item":"https:\/\/www.zhgdled.com\/zhl-products.html"},{"@type":"ListItem","position":3,"name":"LUZ DE HOLOFOTE REFLETOR S\u00c9RIE Z-PLUS (Gera\u00e7\u00e3o 3.0)"}]},{"@type":"WebSite","@id":"https:\/\/www.zhgdled.com\/pt-br\/#website","url":"https:\/\/www.zhgdled.com\/pt-br\/","name":"ZHL ILUMINA\u00c7\u00c3O INDUSTRIAL","description":"Top ranking industrial lighting manufacturer and exporter","publisher":{"@id":"https:\/\/www.zhgdled.com\/pt-br\/#organization"},"potentialAction":[{"@type":"SearchAction","target":{"@type":"EntryPoint","urlTemplate":"https:\/\/www.zhgdled.com\/pt-br\/?s={search_term_string}"},"query-input":{"@type":"PropertyValueSpecification","valueRequired":true,"valueName":"search_term_string"}}],"inLanguage":"pt-BR"},{"@type":"Organization","@id":"https:\/\/www.zhgdled.com\/pt-br\/#organization","name":"ZHL Lighting Group","url":"https:\/\/www.zhgdled.com\/pt-br\/","logo":{"@type":"ImageObject","inLanguage":"pt-BR","@id":"https:\/\/www.zhgdled.com\/pt-br\/#\/schema\/logo\/image\/","url":"","contentUrl":"","caption":"ZHL Lighting Group"},"image":{"@id":"https:\/\/www.zhgdled.com\/pt-br\/#\/schema\/logo\/image\/"},"sameAs":["https:\/\/www.facebook.com\/zhllightinggroup","https:\/\/x.com\/zhl_lighting"]}]}},"_links":{"self":[{"href":"https:\/\/www.zhgdled.com\/pt-br\/wp-json\/wp\/v2\/product\/17333","targetHints":{"allow":["GET"]}}],"collection":[{"href":"https:\/\/www.zhgdled.com\/pt-br\/wp-json\/wp\/v2\/product"}],"about":[{"href":"https:\/\/www.zhgdled.com\/pt-br\/wp-json\/wp\/v2\/types\/product"}],"wp:featuredmedia":[{"embeddable":true,"href":"https:\/\/www.zhgdled.com\/pt-br\/wp-json\/wp\/v2\/media\/21523"}],"wp:attachment":[{"href":"https:\/\/www.zhgdled.com\/pt-br\/wp-json\/wp\/v2\/media?parent=17333"}],"wp:term":[{"taxonomy":"product_brand","embeddable":true,"href":"https:\/\/www.zhgdled.com\/pt-br\/wp-json\/wp\/v2\/product_brand?post=17333"},{"taxonomy":"product_cat","embeddable":true,"href":"https:\/\/www.zhgdled.com\/pt-br\/wp-json\/wp\/v2\/product_cat?post=17333"},{"taxonomy":"product_tag","embeddable":true,"href":"https:\/\/www.zhgdled.com\/pt-br\/wp-json\/wp\/v2\/product_tag?post=17333"}],"curies":[{"name":"wp","href":"https:\/\/api.w.org\/{rel}","templated":true}]}}