{"id":17363,"date":"2023-10-24T15:02:14","date_gmt":"2022-06-30T07:02:14","guid":{"rendered":"https:\/\/www.zhgdled.com\/product\/hi-ufo-series-led-high-bay-light"},"modified":"2023-12-26T15:07:37","modified_gmt":"2023-12-26T07:07:37","slug":"hi-ufo-series-led-high-bay-light","status":"publish","type":"product","link":"https:\/\/www.zhgdled.com\/pt-br\/hi-ufo-series-led-high-bay-light.html","title":{"rendered":"S\u00e9rie HI-UFO Luz de LED High Bay 200LM\/W"},"content":{"rendered":"<h2>ALTA POT\u00caNCIA, ILUMINA\u00c7\u00c3O COMERCIAL DE ALTA EFICI\u00caNCIA LUMINOSA &#8211; 200LM\/W<\/h2>\n<ul>\n<li>A s\u00e9rie Hi-UFO \u00e9 uma lumin\u00e1ria de alta luminosidade com um design pesado, que est\u00e1 de acordo com a est\u00e9tica dos pa\u00edses europeus e americanos. O design da apar\u00eancia adota o princ\u00edpio da mec\u00e2nica dos fluidos, com alta efici\u00eancia t\u00e9rmica e bela apar\u00eancia.<\/li>\n<li>A ZHL atualizou a efici\u00eancia luminosa para 200lm\/w com a \u00faltima s\u00e9rie Hi-UFO que atendeu a necessidades mais amplas da ind\u00fastria!<br \/>\nUma variedade de m\u00e9todos de instala\u00e7\u00e3o convenientes dispon\u00edveis como montagem de tubos, i\u00e7amento, juntas roscadas e suportes angulares, fundi\u00e7\u00e3o sob press\u00e3o integral por alum\u00ednio de alta densidade, com resist\u00eancia suficiente e bom desempenho anti-explos\u00e3o, alta transmit\u00e2ncia de luz, dureza do vidro atinge IK07\/08, prote\u00e7\u00e3o dupla com cola e fixa\u00e7\u00e3o com fivela, fun\u00e7\u00e3o de escurecimento dispon\u00edvel atrav\u00e9s de sensor de microondas inteligente, que \u00e9 mais f\u00e1cil de usar e melhor economia de energia. Refletor opcional de alum\u00ednio fosco prata de alta pureza, apar\u00eancia simples, estrutura forte e confi\u00e1vel, com fun\u00e7\u00e3o anti-ofuscante.<\/li>\n<li>Pre\u00e7os luxuosos e competitivos s\u00e3o os fatores subjacentes \u00e0 obten\u00e7\u00e3o de altos volumes de produ\u00e7\u00e3o.<\/li>\n<\/ul>\n<h2><\/h2>\n<h2>ESPECIFICA\u00c7\u00c3O<\/h2>\n<table width=\"649\">\n<tbody>\n<tr>\n<td><strong>Power<\/strong><\/td>\n<td><strong>100W 150W 200W\u00a0<\/strong><\/td>\n<\/tr>\n<tr>\n<td><strong>LED<\/strong><\/td>\n<td><strong>Samsung 2835<\/strong><\/td>\n<\/tr>\n<tr>\n<td><strong>Color Temperature(CCT)<\/strong><\/td>\n<td><strong>2700-6500K<\/strong><\/td>\n<\/tr>\n<tr>\n<td><strong>Luminous Efficiency(lm\/w)<\/strong><\/td>\n<td><strong>200lm\/w +-10%<\/strong><\/td>\n<\/tr>\n<tr>\n<td><strong>Input Voltage(V)<\/strong><\/td>\n<td width=\"463\"><strong>100-240VAC\/50-60Hz<\/strong><\/td>\n<\/tr>\n<tr>\n<td><strong>PF<\/strong><\/td>\n<td><strong>&gt;0.9<\/strong><\/td>\n<\/tr>\n<tr>\n<td><strong>CRI (Ra&gt;)<\/strong><\/td>\n<td><strong>80<\/strong><\/td>\n<\/tr>\n<tr>\n<td><strong>Beam Angle(\u00b0)<\/strong><\/td>\n<td><strong>60\u00b0\/90\u00b0*120\u00b0<\/strong><\/td>\n<\/tr>\n<tr>\n<td><strong>IP Grade<\/strong><\/td>\n<td><strong>IP65<\/strong><\/td>\n<\/tr>\n<tr>\n<td><strong>Material<\/strong><\/td>\n<td><strong>Aluminum Body + Tempered Glass Cover<\/strong><\/td>\n<\/tr>\n<tr>\n<td><strong>Working Temperature(\u2103)<\/strong><\/td>\n<td><strong>-20-50<\/strong><\/td>\n<\/tr>\n<tr>\n<td><strong>Warranty(Year)<\/strong><\/td>\n<td><strong>5 Years<\/strong><\/td>\n<\/tr>\n<tr>\n<td><strong>Certification<\/strong><\/td>\n<td><strong>CE,ERP<\/strong><\/td>\n<\/tr>\n<tr>\n<td><strong>Driver<\/strong><\/td>\n<td><strong>MOSO Dimmable driver( 0-10V Dimmable+12V Auxiliary source<\/strong><\/td>\n<\/tr>\n<\/tbody>\n<\/table>\n<p>&nbsp;<\/p>\n<h2>VER OS PADR\u00d5ES DA IND\u00daSTRIA RE. LUZES DE INUNDA\u00c7\u00c3O<\/h2>\n<table style=\"height: 62px;\" width=\"580\">\n<tbody>\n<tr>\n<td width=\"284\">UL<\/td>\n<td width=\"284\"><a href=\"https:\/\/www.ul.com\/industries\/products-and-components\/lighting\"><strong><b>UL Solutions\u2019 lighting services<\/b><\/strong><\/a><\/td>\n<\/tr>\n<tr>\n<td width=\"284\">CE<\/td>\n<td width=\"284\"><a href=\"https:\/\/eur-lex.europa.eu\/legal-content\/EN\/TXT\/PDF\/?uri=CELEX:32014L0035&amp;from=HU\"><strong><b>LVD Directive 2014\/35\/EU<\/b><\/strong><\/a><\/td>\n<\/tr>\n<\/tbody>\n<\/table>\n<p><img decoding=\"async\" class=\"alignnone size-full wp-image-17061\" src=\"https:\/\/www.zhgdled.com\/wp-content\/uploads\/2022\/06\/20220716085323HUFO.png\" alt=\"\" width=\"1384\" height=\"1843\" srcset=\"https:\/\/www.zhgdled.com\/wp-content\/uploads\/2022\/06\/20220716085323HUFO.png 1384w, https:\/\/www.zhgdled.com\/wp-content\/uploads\/2022\/06\/20220716085323HUFO-225x300.png 225w, https:\/\/www.zhgdled.com\/wp-content\/uploads\/2022\/06\/20220716085323HUFO-769x1024.png 769w, https:\/\/www.zhgdled.com\/wp-content\/uploads\/2022\/06\/20220716085323HUFO-768x1023.png 768w, https:\/\/www.zhgdled.com\/wp-content\/uploads\/2022\/06\/20220716085323HUFO-1153x1536.png 1153w, https:\/\/www.zhgdled.com\/wp-content\/uploads\/2022\/06\/20220716085323HUFO-600x799.png 600w, https:\/\/www.zhgdled.com\/wp-content\/uploads\/2022\/06\/20220716085323HUFO-150x200.png 150w\" sizes=\"(max-width: 1384px) 100vw, 1384px\" \/><\/p>\n","protected":false},"excerpt":{"rendered":"<p>A s\u00e9rie Hi-UFO \u00e9 uma lumin\u00e1ria de alta luminosidade com um design pesado, que est\u00e1 de acordo com a est\u00e9tica dos pa\u00edses europeus e americanos. O design da apar\u00eancia adota o princ\u00edpio da mec\u00e2nica dos fluidos, com alta efici\u00eancia t\u00e9rmica e bela apar\u00eancia.<\/p>\n<p>A ZHL atualizou a efici\u00eancia luminosa para 200lm\/w com a \u00faltima s\u00e9rie Hi-UFO que atendeu a necessidades mais amplas da ind\u00fastria! E, pela primeira vez, a s\u00e9rie Hi-UFO atinge o mesmo consumo de energia, mas ilumina uma luz mais brilhante e uma vida \u00fatil mais longa ap\u00f3s sua atualiza\u00e7\u00e3o em junho de 2022.<\/p>\n<p><a href=\"https:\/\/www.zhgdled.com\/download\/hi-ufo-high-bay-lights\">Clique aqui<\/a> para baixar o cat\u00e1logo das Luzes de Ba\u00eda Alta Hi-UFO<\/p>\n<ul>\n<li>Pot\u00eancia100W 150W 200W<\/li>\n<li>LEDSamsung 2835<\/li>\n<li>Color Temperature(CCT)2700-6500K<\/li>\n<li>Efici\u00eancia luminosa(lm\/w)200lm\/w +-10%<\/li>\n<li>Input Voltage(V)100-240VAC\/50-60Hz<\/li>\n<li>PF&gt;0,9<\/li>\n<li>CRI (Ra&gt;)80<\/li>\n<li>\u00c2ngulo de feixe(\u00b0)60\u00b0\/90\u00b0*120\u00b0<\/li>\n<li>IP GradeIP65<\/li>\n<li>Certifica\u00e7\u00e3oCE,ERP<\/li>\n<\/ul>\n","protected":false},"featured_media":17117,"template":"","meta":[],"product_brand":[],"product_cat":[646],"product_tag":[483],"class_list":{"0":"post-17363","1":"product","2":"type-product","3":"status-publish","4":"has-post-thumbnail","6":"product_cat-high-bay","7":"product_tag-highbay-light-pt-br","9":"first","10":"instock","11":"featured","12":"shipping-taxable","13":"product-type-simple"},"yoast_head":"<!-- This site is optimized with the Yoast SEO plugin v27.4 - https:\/\/yoast.com\/product\/yoast-seo-wordpress\/ -->\n<title>S\u00e9rie HI-UFO Luz de LED High Bay 200LM\/W &#8211; ZHL ILUMINA\u00c7\u00c3O INDUSTRIAL<\/title>\n<meta name=\"description\" content=\"A s\u00e9rie Hi-UFO \u00e9 uma lumin\u00e1ria de alto brilho com um design pesado, que est\u00e1 em linha com a est\u00e9tica dos pa\u00edses europeus e americanos. O design da apar\u00eancia adota o princ\u00edpio da mec\u00e2nica dos fluidos, com alta efici\u00eancia t\u00e9rmica e bela apar\u00eancia.\" \/>\n<meta name=\"robots\" content=\"index, follow, max-snippet:-1, max-image-preview:large, max-video-preview:-1\" \/>\n<link rel=\"canonical\" href=\"https:\/\/www.zhgdled.com\/pt-br\/hi-ufo-series-led-high-bay-light.html\" \/>\n<meta property=\"og:locale\" content=\"pt_BR\" \/>\n<meta property=\"og:type\" content=\"article\" \/>\n<meta property=\"og:title\" content=\"S\u00e9rie HI-UFO Luz de LED High Bay 200LM\/W &#8211; ZHL ILUMINA\u00c7\u00c3O INDUSTRIAL\" \/>\n<meta property=\"og:description\" content=\"A s\u00e9rie Hi-UFO \u00e9 uma lumin\u00e1ria de alto brilho com um design pesado, que est\u00e1 em linha com a est\u00e9tica dos pa\u00edses europeus e americanos. O design da apar\u00eancia adota o princ\u00edpio da mec\u00e2nica dos fluidos, com alta efici\u00eancia t\u00e9rmica e bela apar\u00eancia.\" \/>\n<meta property=\"og:url\" content=\"https:\/\/www.zhgdled.com\/pt-br\/hi-ufo-series-led-high-bay-light.html\" \/>\n<meta property=\"og:site_name\" content=\"ZHL ILUMINA\u00c7\u00c3O INDUSTRIAL\" \/>\n<meta property=\"article:publisher\" content=\"https:\/\/www.facebook.com\/zhllightinggroup\" \/>\n<meta property=\"article:modified_time\" content=\"2023-12-26T07:07:37+00:00\" \/>\n<meta property=\"og:image\" content=\"https:\/\/www.zhgdled.com\/wp-content\/uploads\/2022\/06\/4-4.png\" \/>\n\t<meta property=\"og:image:width\" content=\"1600\" \/>\n\t<meta property=\"og:image:height\" content=\"1600\" \/>\n\t<meta property=\"og:image:type\" content=\"image\/png\" \/>\n<meta name=\"twitter:card\" content=\"summary_large_image\" \/>\n<meta name=\"twitter:site\" content=\"@zhl_lighting\" \/>\n<meta name=\"twitter:label1\" content=\"Est. tempo de leitura\" \/>\n\t<meta name=\"twitter:data1\" content=\"2 minutos\" \/>\n<script type=\"application\/ld+json\" class=\"yoast-schema-graph\">{\"@context\":\"https:\\\/\\\/schema.org\",\"@graph\":[{\"@type\":\"WebPage\",\"@id\":\"https:\\\/\\\/www.zhgdled.com\\\/pt-br\\\/hi-ufo-series-led-high-bay-light.html\",\"url\":\"https:\\\/\\\/www.zhgdled.com\\\/pt-br\\\/hi-ufo-series-led-high-bay-light.html\",\"name\":\"S\u00e9rie HI-UFO Luz de LED High Bay 200LM\\\/W &#8211; ZHL ILUMINA\u00c7\u00c3O INDUSTRIAL\",\"isPartOf\":{\"@id\":\"https:\\\/\\\/www.zhgdled.com\\\/pt-br\\\/#website\"},\"primaryImageOfPage\":{\"@id\":\"https:\\\/\\\/www.zhgdled.com\\\/pt-br\\\/hi-ufo-series-led-high-bay-light.html#primaryimage\"},\"image\":{\"@id\":\"https:\\\/\\\/www.zhgdled.com\\\/pt-br\\\/hi-ufo-series-led-high-bay-light.html#primaryimage\"},\"thumbnailUrl\":\"https:\\\/\\\/www.zhgdled.com\\\/wp-content\\\/uploads\\\/2022\\\/06\\\/4-4.png\",\"datePublished\":\"2022-06-30T07:02:14+00:00\",\"dateModified\":\"2023-12-26T07:07:37+00:00\",\"description\":\"A s\u00e9rie Hi-UFO \u00e9 uma lumin\u00e1ria de alto brilho com um design pesado, que est\u00e1 em linha com a est\u00e9tica dos pa\u00edses europeus e americanos. O design da apar\u00eancia adota o princ\u00edpio da mec\u00e2nica dos fluidos, com alta efici\u00eancia t\u00e9rmica e bela apar\u00eancia.\",\"breadcrumb\":{\"@id\":\"https:\\\/\\\/www.zhgdled.com\\\/pt-br\\\/hi-ufo-series-led-high-bay-light.html#breadcrumb\"},\"inLanguage\":\"pt-BR\",\"potentialAction\":[{\"@type\":\"ReadAction\",\"target\":[\"https:\\\/\\\/www.zhgdled.com\\\/pt-br\\\/hi-ufo-series-led-high-bay-light.html\"]}]},{\"@type\":\"ImageObject\",\"inLanguage\":\"pt-BR\",\"@id\":\"https:\\\/\\\/www.zhgdled.com\\\/pt-br\\\/hi-ufo-series-led-high-bay-light.html#primaryimage\",\"url\":\"https:\\\/\\\/www.zhgdled.com\\\/wp-content\\\/uploads\\\/2022\\\/06\\\/4-4.png\",\"contentUrl\":\"https:\\\/\\\/www.zhgdled.com\\\/wp-content\\\/uploads\\\/2022\\\/06\\\/4-4.png\",\"width\":1600,\"height\":1600,\"caption\":\"hi-ufo serisi y\u00fcksek tavan lambas\u0131\"},{\"@type\":\"BreadcrumbList\",\"@id\":\"https:\\\/\\\/www.zhgdled.com\\\/pt-br\\\/hi-ufo-series-led-high-bay-light.html#breadcrumb\",\"itemListElement\":[{\"@type\":\"ListItem\",\"position\":1,\"name\":\"Home\",\"item\":\"https:\\\/\\\/www.zhgdled.com\\\/pt-br\"},{\"@type\":\"ListItem\",\"position\":2,\"name\":\"PRODUCTS\",\"item\":\"https:\\\/\\\/www.zhgdled.com\\\/zhl-products.html\"},{\"@type\":\"ListItem\",\"position\":3,\"name\":\"S\u00e9rie HI-UFO Luz de LED High Bay 200LM\\\/W\"}]},{\"@type\":\"WebSite\",\"@id\":\"https:\\\/\\\/www.zhgdled.com\\\/pt-br\\\/#website\",\"url\":\"https:\\\/\\\/www.zhgdled.com\\\/pt-br\\\/\",\"name\":\"ZHL ILUMINA\u00c7\u00c3O INDUSTRIAL\",\"description\":\"Top ranking industrial lighting manufacturer and exporter\",\"publisher\":{\"@id\":\"https:\\\/\\\/www.zhgdled.com\\\/pt-br\\\/#organization\"},\"potentialAction\":[{\"@type\":\"SearchAction\",\"target\":{\"@type\":\"EntryPoint\",\"urlTemplate\":\"https:\\\/\\\/www.zhgdled.com\\\/pt-br\\\/?s={search_term_string}\"},\"query-input\":{\"@type\":\"PropertyValueSpecification\",\"valueRequired\":true,\"valueName\":\"search_term_string\"}}],\"inLanguage\":\"pt-BR\"},{\"@type\":\"Organization\",\"@id\":\"https:\\\/\\\/www.zhgdled.com\\\/pt-br\\\/#organization\",\"name\":\"ZHL Lighting Group\",\"url\":\"https:\\\/\\\/www.zhgdled.com\\\/pt-br\\\/\",\"logo\":{\"@type\":\"ImageObject\",\"inLanguage\":\"pt-BR\",\"@id\":\"https:\\\/\\\/www.zhgdled.com\\\/pt-br\\\/#\\\/schema\\\/logo\\\/image\\\/\",\"url\":\"\",\"contentUrl\":\"\",\"caption\":\"ZHL Lighting Group\"},\"image\":{\"@id\":\"https:\\\/\\\/www.zhgdled.com\\\/pt-br\\\/#\\\/schema\\\/logo\\\/image\\\/\"},\"sameAs\":[\"https:\\\/\\\/www.facebook.com\\\/zhllightinggroup\",\"https:\\\/\\\/x.com\\\/zhl_lighting\"]}]}<\/script>\n<!-- \/ Yoast SEO plugin. -->","yoast_head_json":{"title":"S\u00e9rie HI-UFO Luz de LED High Bay 200LM\/W &#8211; ZHL ILUMINA\u00c7\u00c3O INDUSTRIAL","description":"A s\u00e9rie Hi-UFO \u00e9 uma lumin\u00e1ria de alto brilho com um design pesado, que est\u00e1 em linha com a est\u00e9tica dos pa\u00edses europeus e americanos. O design da apar\u00eancia adota o princ\u00edpio da mec\u00e2nica dos fluidos, com alta efici\u00eancia t\u00e9rmica e bela apar\u00eancia.","robots":{"index":"index","follow":"follow","max-snippet":"max-snippet:-1","max-image-preview":"max-image-preview:large","max-video-preview":"max-video-preview:-1"},"canonical":"https:\/\/www.zhgdled.com\/pt-br\/hi-ufo-series-led-high-bay-light.html","og_locale":"pt_BR","og_type":"article","og_title":"S\u00e9rie HI-UFO Luz de LED High Bay 200LM\/W &#8211; ZHL ILUMINA\u00c7\u00c3O INDUSTRIAL","og_description":"A s\u00e9rie Hi-UFO \u00e9 uma lumin\u00e1ria de alto brilho com um design pesado, que est\u00e1 em linha com a est\u00e9tica dos pa\u00edses europeus e americanos. O design da apar\u00eancia adota o princ\u00edpio da mec\u00e2nica dos fluidos, com alta efici\u00eancia t\u00e9rmica e bela apar\u00eancia.","og_url":"https:\/\/www.zhgdled.com\/pt-br\/hi-ufo-series-led-high-bay-light.html","og_site_name":"ZHL ILUMINA\u00c7\u00c3O INDUSTRIAL","article_publisher":"https:\/\/www.facebook.com\/zhllightinggroup","article_modified_time":"2023-12-26T07:07:37+00:00","og_image":[{"width":1600,"height":1600,"url":"https:\/\/www.zhgdled.com\/wp-content\/uploads\/2022\/06\/4-4.png","type":"image\/png"}],"twitter_card":"summary_large_image","twitter_site":"@zhl_lighting","twitter_misc":{"Est. tempo de leitura":"2 minutos"},"schema":{"@context":"https:\/\/schema.org","@graph":[{"@type":"WebPage","@id":"https:\/\/www.zhgdled.com\/pt-br\/hi-ufo-series-led-high-bay-light.html","url":"https:\/\/www.zhgdled.com\/pt-br\/hi-ufo-series-led-high-bay-light.html","name":"S\u00e9rie HI-UFO Luz de LED High Bay 200LM\/W &#8211; ZHL ILUMINA\u00c7\u00c3O INDUSTRIAL","isPartOf":{"@id":"https:\/\/www.zhgdled.com\/pt-br\/#website"},"primaryImageOfPage":{"@id":"https:\/\/www.zhgdled.com\/pt-br\/hi-ufo-series-led-high-bay-light.html#primaryimage"},"image":{"@id":"https:\/\/www.zhgdled.com\/pt-br\/hi-ufo-series-led-high-bay-light.html#primaryimage"},"thumbnailUrl":"https:\/\/www.zhgdled.com\/wp-content\/uploads\/2022\/06\/4-4.png","datePublished":"2022-06-30T07:02:14+00:00","dateModified":"2023-12-26T07:07:37+00:00","description":"A s\u00e9rie Hi-UFO \u00e9 uma lumin\u00e1ria de alto brilho com um design pesado, que est\u00e1 em linha com a est\u00e9tica dos pa\u00edses europeus e americanos. O design da apar\u00eancia adota o princ\u00edpio da mec\u00e2nica dos fluidos, com alta efici\u00eancia t\u00e9rmica e bela apar\u00eancia.","breadcrumb":{"@id":"https:\/\/www.zhgdled.com\/pt-br\/hi-ufo-series-led-high-bay-light.html#breadcrumb"},"inLanguage":"pt-BR","potentialAction":[{"@type":"ReadAction","target":["https:\/\/www.zhgdled.com\/pt-br\/hi-ufo-series-led-high-bay-light.html"]}]},{"@type":"ImageObject","inLanguage":"pt-BR","@id":"https:\/\/www.zhgdled.com\/pt-br\/hi-ufo-series-led-high-bay-light.html#primaryimage","url":"https:\/\/www.zhgdled.com\/wp-content\/uploads\/2022\/06\/4-4.png","contentUrl":"https:\/\/www.zhgdled.com\/wp-content\/uploads\/2022\/06\/4-4.png","width":1600,"height":1600,"caption":"hi-ufo serisi y\u00fcksek tavan lambas\u0131"},{"@type":"BreadcrumbList","@id":"https:\/\/www.zhgdled.com\/pt-br\/hi-ufo-series-led-high-bay-light.html#breadcrumb","itemListElement":[{"@type":"ListItem","position":1,"name":"Home","item":"https:\/\/www.zhgdled.com\/pt-br"},{"@type":"ListItem","position":2,"name":"PRODUCTS","item":"https:\/\/www.zhgdled.com\/zhl-products.html"},{"@type":"ListItem","position":3,"name":"S\u00e9rie HI-UFO Luz de LED High Bay 200LM\/W"}]},{"@type":"WebSite","@id":"https:\/\/www.zhgdled.com\/pt-br\/#website","url":"https:\/\/www.zhgdled.com\/pt-br\/","name":"ZHL ILUMINA\u00c7\u00c3O INDUSTRIAL","description":"Top ranking industrial lighting manufacturer and exporter","publisher":{"@id":"https:\/\/www.zhgdled.com\/pt-br\/#organization"},"potentialAction":[{"@type":"SearchAction","target":{"@type":"EntryPoint","urlTemplate":"https:\/\/www.zhgdled.com\/pt-br\/?s={search_term_string}"},"query-input":{"@type":"PropertyValueSpecification","valueRequired":true,"valueName":"search_term_string"}}],"inLanguage":"pt-BR"},{"@type":"Organization","@id":"https:\/\/www.zhgdled.com\/pt-br\/#organization","name":"ZHL Lighting Group","url":"https:\/\/www.zhgdled.com\/pt-br\/","logo":{"@type":"ImageObject","inLanguage":"pt-BR","@id":"https:\/\/www.zhgdled.com\/pt-br\/#\/schema\/logo\/image\/","url":"","contentUrl":"","caption":"ZHL Lighting Group"},"image":{"@id":"https:\/\/www.zhgdled.com\/pt-br\/#\/schema\/logo\/image\/"},"sameAs":["https:\/\/www.facebook.com\/zhllightinggroup","https:\/\/x.com\/zhl_lighting"]}]}},"_links":{"self":[{"href":"https:\/\/www.zhgdled.com\/pt-br\/wp-json\/wp\/v2\/product\/17363","targetHints":{"allow":["GET"]}}],"collection":[{"href":"https:\/\/www.zhgdled.com\/pt-br\/wp-json\/wp\/v2\/product"}],"about":[{"href":"https:\/\/www.zhgdled.com\/pt-br\/wp-json\/wp\/v2\/types\/product"}],"wp:featuredmedia":[{"embeddable":true,"href":"https:\/\/www.zhgdled.com\/pt-br\/wp-json\/wp\/v2\/media\/17117"}],"wp:attachment":[{"href":"https:\/\/www.zhgdled.com\/pt-br\/wp-json\/wp\/v2\/media?parent=17363"}],"wp:term":[{"taxonomy":"product_brand","embeddable":true,"href":"https:\/\/www.zhgdled.com\/pt-br\/wp-json\/wp\/v2\/product_brand?post=17363"},{"taxonomy":"product_cat","embeddable":true,"href":"https:\/\/www.zhgdled.com\/pt-br\/wp-json\/wp\/v2\/product_cat?post=17363"},{"taxonomy":"product_tag","embeddable":true,"href":"https:\/\/www.zhgdled.com\/pt-br\/wp-json\/wp\/v2\/product_tag?post=17363"}],"curies":[{"name":"wp","href":"https:\/\/api.w.org\/{rel}","templated":true}]}}